{"id":51199,"date":"2025-03-13T14:04:35","date_gmt":"2025-03-13T13:04:35","guid":{"rendered":"https:\/\/ethrat.ch\/?page_id=51199"},"modified":"2025-04-03T10:20:32","modified_gmt":"2025-04-03T08:20:32","slug":"newsletter-fit-for-the-future","status":"publish","type":"page","link":"https:\/\/ethrat.ch\/zh-hans\/eth-bereich\/newsletter-fit-for-the-future\/","title":{"rendered":"Newsletter FIT for the Future"},"content":{"rendered":"\t\t<div data-elementor-type=\"wp-page\" data-elementor-id=\"51199\" class=\"elementor elementor-51199\" data-elementor-post-type=\"page\">\n\t\t\t\t\t\t<section class=\"elementor-section elementor-top-section elementor-element elementor-element-9608200 elementor-section-boxed elementor-section-height-default elementor-section-height-default\" data-id=\"9608200\" data-element_type=\"section\" data-e-type=\"section\">\n\t\t\t\t\t\t<div class=\"elementor-container elementor-column-gap-default\">\n\t\t\t\t\t<div class=\"elementor-column elementor-col-100 elementor-top-column elementor-element elementor-element-03b7f3f\" data-id=\"03b7f3f\" data-element_type=\"column\" data-e-type=\"column\" data-settings=\"{&quot;background_background&quot;:&quot;classic&quot;}\">\n\t\t\t<div class=\"elementor-widget-wrap elementor-element-populated\">\n\t\t\t\t\t\t<div class=\"elementor-element elementor-element-8a9cdaf elementor-widget elementor-widget-image\" data-id=\"8a9cdaf\" data-element_type=\"widget\" data-e-type=\"widget\" data-widget_type=\"image.default\">\n\t\t\t\t<div class=\"elementor-widget-container\">\n\t\t\t\t\t\t\t\t\t\t\t\t\t\t\t<img decoding=\"async\" width=\"4821\" height=\"2712\" src=\"https:\/\/ethrat.ch\/wp-content\/uploads\/2025\/03\/02_FOAM-1_1307-scaled.png\" class=\"attachment-full size-full wp-image-51312\" alt=\"\" \/>\t\t\t\t\t\t\t\t\t\t\t\t\t\t\t<\/div>\n\t\t\t\t<\/div>\n\t\t\t\t\t<\/div>\n\t\t<\/div>\n\t\t\t\t\t<\/div>\n\t\t<\/section>\n\t\t\t\t<section class=\"elementor-section elementor-top-section elementor-element elementor-element-2d3b43f6 elementor-section-boxed elementor-section-height-default elementor-section-height-default\" data-id=\"2d3b43f6\" data-element_type=\"section\" data-e-type=\"section\">\n\t\t\t\t\t\t<div class=\"elementor-container elementor-column-gap-default\">\n\t\t\t\t\t<div class=\"elementor-column elementor-col-100 elementor-top-column elementor-element elementor-element-64c64c6d\" data-id=\"64c64c6d\" data-element_type=\"column\" data-e-type=\"column\">\n\t\t\t<div class=\"elementor-widget-wrap elementor-element-populated\">\n\t\t\t\t\t\t<div class=\"elementor-element elementor-element-49d50d47 elementor-widget__width-initial elementor-widget elementor-widget-heading\" data-id=\"49d50d47\" data-element_type=\"widget\" data-e-type=\"widget\" data-widget_type=\"heading.default\">\n\t\t\t\t<div class=\"elementor-widget-container\">\n\t\t\t\t\t<h1 class=\"elementor-heading-title elementor-size-default\">Newsletter FIT for the Future<\/h1>\t\t\t\t<\/div>\n\t\t\t\t<\/div>\n\t\t\t\t<div class=\"elementor-element elementor-element-7eb6a01c elementor-widget__width-initial elementor-widget elementor-widget-text-editor\" data-id=\"7eb6a01c\" data-element_type=\"widget\" data-e-type=\"widget\" data-widget_type=\"text-editor.default\">\n\t\t\t\t<div class=\"elementor-widget-container\">\n\t\t\t\t\t\t\t\t\t<p>Verbesserung der strategischen Koordination, F\u00f6rderung der Zusammenarbeit, Vereinfachung der administrativen Prozesse: Mit dem Projekt FIT for the Future will der ETH-Rat die Organisation des ETH-Bereichs weiterentwickeln.<\/p>\t\t\t\t\t\t\t\t<\/div>\n\t\t\t\t<\/div>\n\t\t\t\t<div class=\"elementor-element elementor-element-6e8b86e elementor-widget elementor-widget-text-editor\" data-id=\"6e8b86e\" data-element_type=\"widget\" data-e-type=\"widget\" data-widget_type=\"text-editor.default\">\n\t\t\t\t<div class=\"elementor-widget-container\">\n\t\t\t\t\t\t\t\t\t<p>Der ETH-Rat hat mit FIT for the Future ein\u00a0<a href=\"https:\/\/ethrat.ch\/de\/eth-bereich\/fit-for-the-future\/\">Organisationsentwicklungsprojekt<\/a> ins Leben gerufen, um die Struktur des ETH-Bereichs an die Herausforderungen von morgen anzupassen. Damit sollen die Zusammenarbeit zwischen den Institutionen des ETH-Bereichs gest\u00e4rkt, Synergien genutzt und administrative Hindernisse vermieden werden.<\/p><p>Abonnieren Sie unseren Newsletter und bleiben Sie \u00fcber die Fortschritte des Organisationsentwicklungsprojekts FIT for the Future auf dem Laufenden. Er erscheint vier- bis f\u00fcnfmal im Jahr und informiert \u00fcber wichtige Entwicklungen, laufende Prozesse und die n\u00e4chsten Schritte des Projekts. Er ist auf Deutsch, Franz\u00f6sisch und Englisch verf\u00fcgbar.<\/p><p><strong><img decoding=\"async\" src=\"https:\/\/ethrat.ch\/wp-content\/uploads\/2024\/01\/icon-internal-link-new.svg\" alt=\"Description de l'image\" width=\"8\" \/>\u00a0<a href=\"https:\/\/ethrat.ch\/de\/eth-bereich\/fit-for-the-future-newsletter-archiv\/\">Unsere Newsletter k\u00f6nnen Sie hier lesen<\/a><\/strong><\/p>\t\t\t\t\t\t\t\t<\/div>\n\t\t\t\t<\/div>\n\t\t\t\t\t<\/div>\n\t\t<\/div>\n\t\t\t\t\t<\/div>\n\t\t<\/section>\n\t\t\t\t<section class=\"elementor-section elementor-top-section elementor-element elementor-element-afe4703 elementor-section-boxed elementor-section-height-default elementor-section-height-default\" data-id=\"afe4703\" data-element_type=\"section\" data-e-type=\"section\">\n\t\t\t\t\t\t<div class=\"elementor-container elementor-column-gap-default\">\n\t\t\t\t\t<div class=\"elementor-column elementor-col-100 elementor-top-column elementor-element elementor-element-b1c2d9d\" data-id=\"b1c2d9d\" data-element_type=\"column\" data-e-type=\"column\">\n\t\t\t<div class=\"elementor-widget-wrap elementor-element-populated\">\n\t\t\t\t\t\t<div class=\"elementor-element elementor-element-28655e1 elementor-widget elementor-widget-html\" data-id=\"28655e1\" data-element_type=\"widget\" data-e-type=\"widget\" data-widget_type=\"html.default\">\n\t\t\t\t<div class=\"elementor-widget-container\">\n\t\t\t\t\t<div class=\"iframe-wrapper\">\n    <div class=\"iframe-inner\">\n      <iframe src=\"https:\/\/news.ethz.ch\/anmeldung_eth_rat_future_de.jsp\" \n        width=\"100%\"\n        height=\"100%\"\n        box-sizing=\"border-box\"\n        style=\"position: absolute; left: 0; top: 0; max-width: 600px;\"\n        ><\/iframe>  \n    <\/div>\n<\/div>\t\t\t\t<\/div>\n\t\t\t\t<\/div>\n\t\t\t\t\t<\/div>\n\t\t<\/div>\n\t\t\t\t\t<\/div>\n\t\t<\/section>\n\t\t\t\t<\/div>\n\t\t","protected":false},"excerpt":{"rendered":"<p>Newsletter FIT for the Future Verbesserung der strategi &#8230;<\/p>\n","protected":false},"author":11,"featured_media":0,"parent":629,"menu_order":0,"comment_status":"closed","ping_status":"closed","template":"","meta":{"_acf_changed":false,"footnotes":"","_links_to":"","_links_to_target":""},"search-tag":[],"class_list":["post-51199","page","type-page","status-publish","hentry"],"acf":[],"yoast_head":"<!-- This site is optimized with the Yoast SEO plugin v27.3 - https:\/\/yoast.com\/product\/yoast-seo-wordpress\/ -->\n<title>Newsletter FIT for the Future - ETH-Rat<\/title>\n<meta name=\"robots\" content=\"index, follow, max-snippet:-1, max-image-preview:large, max-video-preview:-1\" \/>\n<link rel=\"canonical\" href=\"https:\/\/ethrat.ch\/de\/eth-bereich\/newsletter-fit-for-the-future\/\" \/>\n<meta property=\"og:locale\" content=\"zh_CN\" \/>\n<meta property=\"og:type\" content=\"article\" \/>\n<meta property=\"og:title\" content=\"Newsletter FIT for the Future - ETH-Rat\" \/>\n<meta property=\"og:description\" content=\"Newsletter FIT for the Future Verbesserung der strategi ...\" \/>\n<meta property=\"og:url\" content=\"https:\/\/ethrat.ch\/de\/eth-bereich\/newsletter-fit-for-the-future\/\" \/>\n<meta property=\"og:site_name\" content=\"ETH-Rat\" \/>\n<meta property=\"article:modified_time\" content=\"2025-04-03T08:20:32+00:00\" \/>\n<meta property=\"og:image\" content=\"https:\/\/ethrat.ch\/wp-content\/uploads\/2025\/03\/02_FOAM-1_1307-scaled.png\" \/>\n\t<meta property=\"og:image:width\" content=\"2560\" \/>\n\t<meta property=\"og:image:height\" content=\"1440\" \/>\n\t<meta property=\"og:image:type\" content=\"image\/png\" \/>\n<meta name=\"twitter:card\" content=\"summary_large_image\" \/>\n<meta name=\"twitter:site\" content=\"@eth_rat\" \/>\n<meta name=\"twitter:label1\" content=\"\u9884\u8ba1\u9605\u8bfb\u65f6\u95f4\" \/>\n\t<meta name=\"twitter:data1\" content=\"2 \u5206\" \/>\n<script type=\"application\/ld+json\" class=\"yoast-schema-graph\">{\"@context\":\"https:\\\/\\\/schema.org\",\"@graph\":[{\"@type\":\"WebPage\",\"@id\":\"https:\\\/\\\/ethrat.ch\\\/de\\\/eth-bereich\\\/newsletter-fit-for-the-future\\\/\",\"url\":\"https:\\\/\\\/ethrat.ch\\\/de\\\/eth-bereich\\\/newsletter-fit-for-the-future\\\/\",\"name\":\"Newsletter FIT for the Future - ETH-Rat\",\"isPartOf\":{\"@id\":\"https:\\\/\\\/ethrat.ch\\\/de\\\/#website\"},\"primaryImageOfPage\":{\"@id\":\"https:\\\/\\\/ethrat.ch\\\/de\\\/eth-bereich\\\/newsletter-fit-for-the-future\\\/#primaryimage\"},\"image\":{\"@id\":\"https:\\\/\\\/ethrat.ch\\\/de\\\/eth-bereich\\\/newsletter-fit-for-the-future\\\/#primaryimage\"},\"thumbnailUrl\":\"https:\\\/\\\/ethrat.ch\\\/wp-content\\\/uploads\\\/2025\\\/03\\\/02_FOAM-1_1307.png\",\"datePublished\":\"2025-03-13T13:04:35+00:00\",\"dateModified\":\"2025-04-03T08:20:32+00:00\",\"breadcrumb\":{\"@id\":\"https:\\\/\\\/ethrat.ch\\\/de\\\/eth-bereich\\\/newsletter-fit-for-the-future\\\/#breadcrumb\"},\"inLanguage\":\"zh-Hans\",\"potentialAction\":[{\"@type\":\"ReadAction\",\"target\":[\"https:\\\/\\\/ethrat.ch\\\/de\\\/eth-bereich\\\/newsletter-fit-for-the-future\\\/\"]}]},{\"@type\":\"ImageObject\",\"inLanguage\":\"zh-Hans\",\"@id\":\"https:\\\/\\\/ethrat.ch\\\/de\\\/eth-bereich\\\/newsletter-fit-for-the-future\\\/#primaryimage\",\"url\":\"https:\\\/\\\/ethrat.ch\\\/wp-content\\\/uploads\\\/2025\\\/03\\\/02_FOAM-1_1307.png\",\"contentUrl\":\"https:\\\/\\\/ethrat.ch\\\/wp-content\\\/uploads\\\/2025\\\/03\\\/02_FOAM-1_1307.png\"},{\"@type\":\"BreadcrumbList\",\"@id\":\"https:\\\/\\\/ethrat.ch\\\/de\\\/eth-bereich\\\/newsletter-fit-for-the-future\\\/#breadcrumb\",\"itemListElement\":[{\"@type\":\"ListItem\",\"position\":1,\"name\":\"Home\",\"item\":\"https:\\\/\\\/ethrat.ch\\\/de\\\/\"},{\"@type\":\"ListItem\",\"position\":2,\"name\":\"ETH-BEREICH\",\"item\":\"https:\\\/\\\/ethrat.ch\\\/de\\\/eth-bereich\\\/\"},{\"@type\":\"ListItem\",\"position\":3,\"name\":\"Newsletter FIT for the Future\"}]},{\"@type\":\"WebSite\",\"@id\":\"https:\\\/\\\/ethrat.ch\\\/de\\\/#website\",\"url\":\"https:\\\/\\\/ethrat.ch\\\/de\\\/\",\"name\":\"ETH-Rat\",\"description\":\"\",\"publisher\":{\"@id\":\"https:\\\/\\\/ethrat.ch\\\/de\\\/#organization\"},\"potentialAction\":[{\"@type\":\"SearchAction\",\"target\":{\"@type\":\"EntryPoint\",\"urlTemplate\":\"https:\\\/\\\/ethrat.ch\\\/de\\\/?s={search_term_string}\"},\"query-input\":{\"@type\":\"PropertyValueSpecification\",\"valueRequired\":true,\"valueName\":\"search_term_string\"}}],\"inLanguage\":\"zh-Hans\"},{\"@type\":\"Organization\",\"@id\":\"https:\\\/\\\/ethrat.ch\\\/de\\\/#organization\",\"name\":\"ETH-Rat\",\"url\":\"https:\\\/\\\/ethrat.ch\\\/de\\\/\",\"logo\":{\"@type\":\"ImageObject\",\"inLanguage\":\"zh-Hans\",\"@id\":\"https:\\\/\\\/ethrat.ch\\\/de\\\/#\\\/schema\\\/logo\\\/image\\\/\",\"url\":\"https:\\\/\\\/ethrat.ch\\\/wp-content\\\/uploads\\\/2024\\\/04\\\/logo-white.svg\",\"contentUrl\":\"https:\\\/\\\/ethrat.ch\\\/wp-content\\\/uploads\\\/2024\\\/04\\\/logo-white.svg\",\"width\":283,\"height\":81,\"caption\":\"ETH-Rat\"},\"image\":{\"@id\":\"https:\\\/\\\/ethrat.ch\\\/de\\\/#\\\/schema\\\/logo\\\/image\\\/\"},\"sameAs\":[\"https:\\\/\\\/x.com\\\/eth_rat\",\"https:\\\/\\\/issuu.com\\\/ethrat\",\"https:\\\/\\\/www.linkedin.com\\\/company\\\/eth-rat\\\/\"]}]}<\/script>\n<!-- \/ Yoast SEO plugin. -->","yoast_head_json":{"title":"Newsletter FIT for the Future - ETH-Rat","robots":{"index":"index","follow":"follow","max-snippet":"max-snippet:-1","max-image-preview":"max-image-preview:large","max-video-preview":"max-video-preview:-1"},"canonical":"https:\/\/ethrat.ch\/de\/eth-bereich\/newsletter-fit-for-the-future\/","og_locale":"zh_CN","og_type":"article","og_title":"Newsletter FIT for the Future - ETH-Rat","og_description":"Newsletter FIT for the Future Verbesserung der strategi ...","og_url":"https:\/\/ethrat.ch\/de\/eth-bereich\/newsletter-fit-for-the-future\/","og_site_name":"ETH-Rat","article_modified_time":"2025-04-03T08:20:32+00:00","og_image":[{"width":2560,"height":1440,"url":"https:\/\/ethrat.ch\/wp-content\/uploads\/2025\/03\/02_FOAM-1_1307-scaled.png","type":"image\/png"}],"twitter_card":"summary_large_image","twitter_site":"@eth_rat","twitter_misc":{"\u9884\u8ba1\u9605\u8bfb\u65f6\u95f4":"2 \u5206"},"schema":{"@context":"https:\/\/schema.org","@graph":[{"@type":"WebPage","@id":"https:\/\/ethrat.ch\/de\/eth-bereich\/newsletter-fit-for-the-future\/","url":"https:\/\/ethrat.ch\/de\/eth-bereich\/newsletter-fit-for-the-future\/","name":"Newsletter FIT for the Future - ETH-Rat","isPartOf":{"@id":"https:\/\/ethrat.ch\/de\/#website"},"primaryImageOfPage":{"@id":"https:\/\/ethrat.ch\/de\/eth-bereich\/newsletter-fit-for-the-future\/#primaryimage"},"image":{"@id":"https:\/\/ethrat.ch\/de\/eth-bereich\/newsletter-fit-for-the-future\/#primaryimage"},"thumbnailUrl":"https:\/\/ethrat.ch\/wp-content\/uploads\/2025\/03\/02_FOAM-1_1307.png","datePublished":"2025-03-13T13:04:35+00:00","dateModified":"2025-04-03T08:20:32+00:00","breadcrumb":{"@id":"https:\/\/ethrat.ch\/de\/eth-bereich\/newsletter-fit-for-the-future\/#breadcrumb"},"inLanguage":"zh-Hans","potentialAction":[{"@type":"ReadAction","target":["https:\/\/ethrat.ch\/de\/eth-bereich\/newsletter-fit-for-the-future\/"]}]},{"@type":"ImageObject","inLanguage":"zh-Hans","@id":"https:\/\/ethrat.ch\/de\/eth-bereich\/newsletter-fit-for-the-future\/#primaryimage","url":"https:\/\/ethrat.ch\/wp-content\/uploads\/2025\/03\/02_FOAM-1_1307.png","contentUrl":"https:\/\/ethrat.ch\/wp-content\/uploads\/2025\/03\/02_FOAM-1_1307.png"},{"@type":"BreadcrumbList","@id":"https:\/\/ethrat.ch\/de\/eth-bereich\/newsletter-fit-for-the-future\/#breadcrumb","itemListElement":[{"@type":"ListItem","position":1,"name":"Home","item":"https:\/\/ethrat.ch\/de\/"},{"@type":"ListItem","position":2,"name":"ETH-BEREICH","item":"https:\/\/ethrat.ch\/de\/eth-bereich\/"},{"@type":"ListItem","position":3,"name":"Newsletter FIT for the Future"}]},{"@type":"WebSite","@id":"https:\/\/ethrat.ch\/de\/#website","url":"https:\/\/ethrat.ch\/de\/","name":"ETH-Rat","description":"","publisher":{"@id":"https:\/\/ethrat.ch\/de\/#organization"},"potentialAction":[{"@type":"SearchAction","target":{"@type":"EntryPoint","urlTemplate":"https:\/\/ethrat.ch\/de\/?s={search_term_string}"},"query-input":{"@type":"PropertyValueSpecification","valueRequired":true,"valueName":"search_term_string"}}],"inLanguage":"zh-Hans"},{"@type":"Organization","@id":"https:\/\/ethrat.ch\/de\/#organization","name":"ETH-Rat","url":"https:\/\/ethrat.ch\/de\/","logo":{"@type":"ImageObject","inLanguage":"zh-Hans","@id":"https:\/\/ethrat.ch\/de\/#\/schema\/logo\/image\/","url":"https:\/\/ethrat.ch\/wp-content\/uploads\/2024\/04\/logo-white.svg","contentUrl":"https:\/\/ethrat.ch\/wp-content\/uploads\/2024\/04\/logo-white.svg","width":283,"height":81,"caption":"ETH-Rat"},"image":{"@id":"https:\/\/ethrat.ch\/de\/#\/schema\/logo\/image\/"},"sameAs":["https:\/\/x.com\/eth_rat","https:\/\/issuu.com\/ethrat","https:\/\/www.linkedin.com\/company\/eth-rat\/"]}]}},"_links":{"self":[{"href":"https:\/\/ethrat.ch\/zh-hans\/wp-json\/wp\/v2\/pages\/51199","targetHints":{"allow":["GET"]}}],"collection":[{"href":"https:\/\/ethrat.ch\/zh-hans\/wp-json\/wp\/v2\/pages"}],"about":[{"href":"https:\/\/ethrat.ch\/zh-hans\/wp-json\/wp\/v2\/types\/page"}],"author":[{"embeddable":true,"href":"https:\/\/ethrat.ch\/zh-hans\/wp-json\/wp\/v2\/users\/11"}],"replies":[{"embeddable":true,"href":"https:\/\/ethrat.ch\/zh-hans\/wp-json\/wp\/v2\/comments?post=51199"}],"version-history":[{"count":0,"href":"https:\/\/ethrat.ch\/zh-hans\/wp-json\/wp\/v2\/pages\/51199\/revisions"}],"up":[{"embeddable":true,"href":"https:\/\/ethrat.ch\/zh-hans\/wp-json\/wp\/v2\/pages\/629"}],"wp:attachment":[{"href":"https:\/\/ethrat.ch\/zh-hans\/wp-json\/wp\/v2\/media?parent=51199"}],"wp:term":[{"taxonomy":"search-tag","embeddable":true,"href":"https:\/\/ethrat.ch\/zh-hans\/wp-json\/wp\/v2\/search-tag?post=51199"}],"curies":[{"name":"wp","href":"https:\/\/api.w.org\/{rel}","templated":true}]}}