{"id":14104,"date":"2021-10-07T16:59:59","date_gmt":"2021-10-07T14:59:59","guid":{"rendered":"https:\/\/ethrat.ch\/?page_id=9919"},"modified":"2025-05-07T10:16:06","modified_gmt":"2025-05-07T08:16:06","slug":"prasidium-stab-eth-rat","status":"publish","type":"page","link":"https:\/\/ethrat.ch\/zh-hans\/eth-rat\/prasidium-stab-eth-rat\/","title":{"rendered":"Pr\u00e4sidium &#038; Stab"},"content":{"rendered":"\t\t<div data-elementor-type=\"wp-page\" data-elementor-id=\"14104\" class=\"elementor elementor-14104\" data-elementor-post-type=\"page\">\n\t\t\t\t\t\t<section class=\"elementor-section elementor-top-section elementor-element elementor-element-1b7c30b elementor-section-boxed elementor-section-height-default elementor-section-height-default\" data-id=\"1b7c30b\" data-element_type=\"section\" data-e-type=\"section\">\n\t\t\t\t\t\t<div class=\"elementor-container elementor-column-gap-default\">\n\t\t\t\t\t<div class=\"elementor-column elementor-col-100 elementor-top-column elementor-element elementor-element-3b713ce\" data-id=\"3b713ce\" data-element_type=\"column\" data-e-type=\"column\">\n\t\t\t<div class=\"elementor-widget-wrap elementor-element-populated\">\n\t\t\t\t\t\t<div class=\"elementor-element elementor-element-6a9c500 elementor-widget elementor-widget-heading\" data-id=\"6a9c500\" data-element_type=\"widget\" data-e-type=\"widget\" data-widget_type=\"heading.default\">\n\t\t\t\t<div class=\"elementor-widget-container\">\n\t\t\t\t\t<h1 class=\"elementor-heading-title elementor-size-default\">Pr\u00e4sidium &#038; Stab<\/h1>\t\t\t\t<\/div>\n\t\t\t\t<\/div>\n\t\t\t\t\t<\/div>\n\t\t<\/div>\n\t\t\t\t\t<\/div>\n\t\t<\/section>\n\t\t\t\t<section class=\"elementor-section elementor-top-section elementor-element elementor-element-3c03b44 elementor-section-boxed elementor-section-height-default elementor-section-height-default\" data-id=\"3c03b44\" data-element_type=\"section\" data-e-type=\"section\">\n\t\t\t\t\t\t<div class=\"elementor-container elementor-column-gap-default\">\n\t\t\t\t\t<div class=\"elementor-column elementor-col-100 elementor-top-column elementor-element elementor-element-6acc44b\" data-id=\"6acc44b\" data-element_type=\"column\" data-e-type=\"column\">\n\t\t\t<div class=\"elementor-widget-wrap elementor-element-populated\">\n\t\t\t\t\t\t<div class=\"elementor-element elementor-element-80fc34e elementor-widget elementor-widget-text-editor\" data-id=\"80fc34e\" data-element_type=\"widget\" data-e-type=\"widget\" data-widget_type=\"text-editor.default\">\n\t\t\t\t<div class=\"elementor-widget-container\">\n\t\t\t\t\t\t\t\t\t<p>Das Pr\u00e4sidium des ETH-Rats ist f\u00fcr die Vor- und Nachbereitung der Gesch\u00e4fte des ETH-Rats verantwortlich und trifft die ihm durch die Gesch\u00e4ftsordnung \u00fcbertragenen Entscheide. Mit Unterst\u00fctzung des Stabs stellt das Pr\u00e4sidium sicher, dass der ETH-Rat seine strategische F\u00fchrungs- und Aufsichtsfunktion wahrnehmen kann.\u00a0<\/p><p>Der ETH-Rat beschliesst \u00fcber seine Gesch\u00e4fte nach dem Kollegialprinzip.Der Stab des ETH-Rats ist in verschiedene Stabsbereiche gegliedert\u00a0und arbeitet unter Leitung des Gesch\u00e4ftsf\u00fchrers eng mit den Institutionen des ETH-Bereichs sowie den Bundes\u00adbeh\u00f6rden zusammen.\u00a0<\/p>\t\t\t\t\t\t\t\t<\/div>\n\t\t\t\t<\/div>\n\t\t\t\t<div class=\"elementor-element elementor-element-86c9dc0 elementor-widget elementor-widget-spacer\" data-id=\"86c9dc0\" data-element_type=\"widget\" data-e-type=\"widget\" data-widget_type=\"spacer.default\">\n\t\t\t\t<div class=\"elementor-widget-container\">\n\t\t\t\t\t\t\t<div class=\"elementor-spacer\">\n\t\t\t<div class=\"elementor-spacer-inner\"><\/div>\n\t\t<\/div>\n\t\t\t\t\t\t<\/div>\n\t\t\t\t<\/div>\n\t\t\t\t\t<\/div>\n\t\t<\/div>\n\t\t\t\t\t<\/div>\n\t\t<\/section>\n\t\t\t\t<section class=\"elementor-section elementor-top-section elementor-element elementor-element-2ad9de0 elementor-section-boxed elementor-section-height-default elementor-section-height-default\" data-id=\"2ad9de0\" data-element_type=\"section\" data-e-type=\"section\">\n\t\t\t\t\t\t<div class=\"elementor-container elementor-column-gap-default\">\n\t\t\t\t\t<div class=\"elementor-column elementor-col-100 elementor-top-column elementor-element elementor-element-efc7c8a\" data-id=\"efc7c8a\" data-element_type=\"column\" data-e-type=\"column\">\n\t\t\t<div class=\"elementor-widget-wrap elementor-element-populated\">\n\t\t\t\t\t\t<div class=\"elementor-element elementor-element-d03020e elementor-widget__width-initial elementor-widget elementor-widget-image\" data-id=\"d03020e\" data-element_type=\"widget\" data-e-type=\"widget\" data-widget_type=\"image.default\">\n\t\t\t\t<div class=\"elementor-widget-container\">\n\t\t\t\t\t\t\t\t\t\t\t\t\t\t\t\t<a href=\"https:\/\/ethrat.ch\/wp-content\/uploads\/2025\/05\/Organigramm-Stab-ETH-Rat_Stand-6.5.2025-e1746604939957.png\">\n\t\t\t\t\t\t\t<img decoding=\"async\" width=\"1280\" height=\"602\" src=\"https:\/\/ethrat.ch\/wp-content\/uploads\/2025\/05\/Organigramm-Stab-ETH-Rat_Stand-6.5.2025-e1746604939957.png\" class=\"attachment-2048x2048 size-2048x2048 wp-image-52273\" alt=\"\" srcset=\"https:\/\/ethrat.ch\/wp-content\/uploads\/2025\/05\/Organigramm-Stab-ETH-Rat_Stand-6.5.2025-e1746604939957.png 1280w, https:\/\/ethrat.ch\/wp-content\/uploads\/2025\/05\/Organigramm-Stab-ETH-Rat_Stand-6.5.2025-e1746604939957-300x141.png 300w, https:\/\/ethrat.ch\/wp-content\/uploads\/2025\/05\/Organigramm-Stab-ETH-Rat_Stand-6.5.2025-e1746604939957-1024x482.png 1024w, https:\/\/ethrat.ch\/wp-content\/uploads\/2025\/05\/Organigramm-Stab-ETH-Rat_Stand-6.5.2025-e1746604939957-768x361.png 768w\" sizes=\"(max-width: 1280px) 100vw, 1280px\" \/>\t\t\t\t\t\t\t\t<\/a>\n\t\t\t\t\t\t\t\t\t\t\t\t\t\t\t<\/div>\n\t\t\t\t<\/div>\n\t\t\t\t\t<\/div>\n\t\t<\/div>\n\t\t\t\t\t<\/div>\n\t\t<\/section>\n\t\t\t\t<\/div>\n\t\t","protected":false},"excerpt":{"rendered":"<p>Das Pr\u00e4sidium des ETH-Rats ist f\u00fcr die Vor- und Nachber &#8230;<\/p>\n","protected":false},"author":11,"featured_media":0,"parent":627,"menu_order":0,"comment_status":"closed","ping_status":"closed","template":"","meta":{"_acf_changed":false,"footnotes":"","_links_to":"","_links_to_target":""},"search-tag":[],"class_list":["post-14104","page","type-page","status-publish","hentry"],"acf":[],"yoast_head":"<!-- This site is optimized with the Yoast SEO plugin v27.3 - https:\/\/yoast.com\/product\/yoast-seo-wordpress\/ -->\n<title>Pr\u00e4sidium &amp; Stab - ETH-Rat<\/title>\n<meta name=\"robots\" content=\"index, follow, max-snippet:-1, max-image-preview:large, max-video-preview:-1\" \/>\n<link rel=\"canonical\" href=\"https:\/\/ethrat.ch\/de\/eth-rat\/prasidium-stab-eth-rat\/\" \/>\n<meta property=\"og:locale\" content=\"zh_CN\" \/>\n<meta property=\"og:type\" content=\"article\" \/>\n<meta property=\"og:title\" content=\"Pr\u00e4sidium &amp; Stab - ETH-Rat\" \/>\n<meta property=\"og:description\" content=\"Das Pr\u00e4sidium des ETH-Rats ist f\u00fcr die Vor- und Nachber ...\" \/>\n<meta property=\"og:url\" content=\"https:\/\/ethrat.ch\/de\/eth-rat\/prasidium-stab-eth-rat\/\" \/>\n<meta property=\"og:site_name\" content=\"ETH-Rat\" \/>\n<meta property=\"article:modified_time\" content=\"2025-05-07T08:16:06+00:00\" \/>\n<meta property=\"og:image\" content=\"https:\/\/ethrat.ch\/wp-content\/uploads\/2025\/05\/Organigramm-Stab-ETH-Rat_Stand-6.5.2025-e1746604939957.png\" \/>\n<meta name=\"twitter:card\" content=\"summary_large_image\" \/>\n<meta name=\"twitter:site\" content=\"@eth_rat\" \/>\n<meta name=\"twitter:label1\" content=\"\u9884\u8ba1\u9605\u8bfb\u65f6\u95f4\" \/>\n\t<meta name=\"twitter:data1\" content=\"1 \u5206\" \/>\n<script type=\"application\/ld+json\" class=\"yoast-schema-graph\">{\"@context\":\"https:\\\/\\\/schema.org\",\"@graph\":[{\"@type\":\"WebPage\",\"@id\":\"https:\\\/\\\/ethrat.ch\\\/de\\\/eth-rat\\\/prasidium-stab-eth-rat\\\/\",\"url\":\"https:\\\/\\\/ethrat.ch\\\/de\\\/eth-rat\\\/prasidium-stab-eth-rat\\\/\",\"name\":\"Pr\u00e4sidium & Stab - ETH-Rat\",\"isPartOf\":{\"@id\":\"https:\\\/\\\/ethrat.ch\\\/de\\\/#website\"},\"primaryImageOfPage\":{\"@id\":\"https:\\\/\\\/ethrat.ch\\\/de\\\/eth-rat\\\/prasidium-stab-eth-rat\\\/#primaryimage\"},\"image\":{\"@id\":\"https:\\\/\\\/ethrat.ch\\\/de\\\/eth-rat\\\/prasidium-stab-eth-rat\\\/#primaryimage\"},\"thumbnailUrl\":\"https:\\\/\\\/ethrat.ch\\\/wp-content\\\/uploads\\\/2025\\\/05\\\/Organigramm-Stab-ETH-Rat_Stand-6.5.2025-e1746604939957.png\",\"datePublished\":\"2021-10-07T14:59:59+00:00\",\"dateModified\":\"2025-05-07T08:16:06+00:00\",\"breadcrumb\":{\"@id\":\"https:\\\/\\\/ethrat.ch\\\/de\\\/eth-rat\\\/prasidium-stab-eth-rat\\\/#breadcrumb\"},\"inLanguage\":\"zh-Hans\",\"potentialAction\":[{\"@type\":\"ReadAction\",\"target\":[\"https:\\\/\\\/ethrat.ch\\\/de\\\/eth-rat\\\/prasidium-stab-eth-rat\\\/\"]}]},{\"@type\":\"ImageObject\",\"inLanguage\":\"zh-Hans\",\"@id\":\"https:\\\/\\\/ethrat.ch\\\/de\\\/eth-rat\\\/prasidium-stab-eth-rat\\\/#primaryimage\",\"url\":\"https:\\\/\\\/ethrat.ch\\\/wp-content\\\/uploads\\\/2025\\\/05\\\/Organigramm-Stab-ETH-Rat_Stand-6.5.2025-e1746604939957.png\",\"contentUrl\":\"https:\\\/\\\/ethrat.ch\\\/wp-content\\\/uploads\\\/2025\\\/05\\\/Organigramm-Stab-ETH-Rat_Stand-6.5.2025-e1746604939957.png\"},{\"@type\":\"BreadcrumbList\",\"@id\":\"https:\\\/\\\/ethrat.ch\\\/de\\\/eth-rat\\\/prasidium-stab-eth-rat\\\/#breadcrumb\",\"itemListElement\":[{\"@type\":\"ListItem\",\"position\":1,\"name\":\"Home\",\"item\":\"https:\\\/\\\/ethrat.ch\\\/de\\\/\"},{\"@type\":\"ListItem\",\"position\":2,\"name\":\"ETH-RAT\",\"item\":\"https:\\\/\\\/ethrat.ch\\\/eth-rat\\\/portrat-eth-rat\\\/\"},{\"@type\":\"ListItem\",\"position\":3,\"name\":\"Pr\u00e4sidium &#038; Stab\"}]},{\"@type\":\"WebSite\",\"@id\":\"https:\\\/\\\/ethrat.ch\\\/de\\\/#website\",\"url\":\"https:\\\/\\\/ethrat.ch\\\/de\\\/\",\"name\":\"ETH-Rat\",\"description\":\"\",\"publisher\":{\"@id\":\"https:\\\/\\\/ethrat.ch\\\/de\\\/#organization\"},\"potentialAction\":[{\"@type\":\"SearchAction\",\"target\":{\"@type\":\"EntryPoint\",\"urlTemplate\":\"https:\\\/\\\/ethrat.ch\\\/de\\\/?s={search_term_string}\"},\"query-input\":{\"@type\":\"PropertyValueSpecification\",\"valueRequired\":true,\"valueName\":\"search_term_string\"}}],\"inLanguage\":\"zh-Hans\"},{\"@type\":\"Organization\",\"@id\":\"https:\\\/\\\/ethrat.ch\\\/de\\\/#organization\",\"name\":\"ETH-Rat\",\"url\":\"https:\\\/\\\/ethrat.ch\\\/de\\\/\",\"logo\":{\"@type\":\"ImageObject\",\"inLanguage\":\"zh-Hans\",\"@id\":\"https:\\\/\\\/ethrat.ch\\\/de\\\/#\\\/schema\\\/logo\\\/image\\\/\",\"url\":\"https:\\\/\\\/ethrat.ch\\\/wp-content\\\/uploads\\\/2024\\\/04\\\/logo-white.svg\",\"contentUrl\":\"https:\\\/\\\/ethrat.ch\\\/wp-content\\\/uploads\\\/2024\\\/04\\\/logo-white.svg\",\"width\":283,\"height\":81,\"caption\":\"ETH-Rat\"},\"image\":{\"@id\":\"https:\\\/\\\/ethrat.ch\\\/de\\\/#\\\/schema\\\/logo\\\/image\\\/\"},\"sameAs\":[\"https:\\\/\\\/x.com\\\/eth_rat\",\"https:\\\/\\\/issuu.com\\\/ethrat\",\"https:\\\/\\\/www.linkedin.com\\\/company\\\/eth-rat\\\/\"]}]}<\/script>\n<!-- \/ Yoast SEO plugin. -->","yoast_head_json":{"title":"Pr\u00e4sidium & Stab - ETH-Rat","robots":{"index":"index","follow":"follow","max-snippet":"max-snippet:-1","max-image-preview":"max-image-preview:large","max-video-preview":"max-video-preview:-1"},"canonical":"https:\/\/ethrat.ch\/de\/eth-rat\/prasidium-stab-eth-rat\/","og_locale":"zh_CN","og_type":"article","og_title":"Pr\u00e4sidium & Stab - ETH-Rat","og_description":"Das Pr\u00e4sidium des ETH-Rats ist f\u00fcr die Vor- und Nachber ...","og_url":"https:\/\/ethrat.ch\/de\/eth-rat\/prasidium-stab-eth-rat\/","og_site_name":"ETH-Rat","article_modified_time":"2025-05-07T08:16:06+00:00","og_image":[{"url":"https:\/\/ethrat.ch\/wp-content\/uploads\/2025\/05\/Organigramm-Stab-ETH-Rat_Stand-6.5.2025-e1746604939957.png","type":"","width":"","height":""}],"twitter_card":"summary_large_image","twitter_site":"@eth_rat","twitter_misc":{"\u9884\u8ba1\u9605\u8bfb\u65f6\u95f4":"1 \u5206"},"schema":{"@context":"https:\/\/schema.org","@graph":[{"@type":"WebPage","@id":"https:\/\/ethrat.ch\/de\/eth-rat\/prasidium-stab-eth-rat\/","url":"https:\/\/ethrat.ch\/de\/eth-rat\/prasidium-stab-eth-rat\/","name":"Pr\u00e4sidium & Stab - ETH-Rat","isPartOf":{"@id":"https:\/\/ethrat.ch\/de\/#website"},"primaryImageOfPage":{"@id":"https:\/\/ethrat.ch\/de\/eth-rat\/prasidium-stab-eth-rat\/#primaryimage"},"image":{"@id":"https:\/\/ethrat.ch\/de\/eth-rat\/prasidium-stab-eth-rat\/#primaryimage"},"thumbnailUrl":"https:\/\/ethrat.ch\/wp-content\/uploads\/2025\/05\/Organigramm-Stab-ETH-Rat_Stand-6.5.2025-e1746604939957.png","datePublished":"2021-10-07T14:59:59+00:00","dateModified":"2025-05-07T08:16:06+00:00","breadcrumb":{"@id":"https:\/\/ethrat.ch\/de\/eth-rat\/prasidium-stab-eth-rat\/#breadcrumb"},"inLanguage":"zh-Hans","potentialAction":[{"@type":"ReadAction","target":["https:\/\/ethrat.ch\/de\/eth-rat\/prasidium-stab-eth-rat\/"]}]},{"@type":"ImageObject","inLanguage":"zh-Hans","@id":"https:\/\/ethrat.ch\/de\/eth-rat\/prasidium-stab-eth-rat\/#primaryimage","url":"https:\/\/ethrat.ch\/wp-content\/uploads\/2025\/05\/Organigramm-Stab-ETH-Rat_Stand-6.5.2025-e1746604939957.png","contentUrl":"https:\/\/ethrat.ch\/wp-content\/uploads\/2025\/05\/Organigramm-Stab-ETH-Rat_Stand-6.5.2025-e1746604939957.png"},{"@type":"BreadcrumbList","@id":"https:\/\/ethrat.ch\/de\/eth-rat\/prasidium-stab-eth-rat\/#breadcrumb","itemListElement":[{"@type":"ListItem","position":1,"name":"Home","item":"https:\/\/ethrat.ch\/de\/"},{"@type":"ListItem","position":2,"name":"ETH-RAT","item":"https:\/\/ethrat.ch\/eth-rat\/portrat-eth-rat\/"},{"@type":"ListItem","position":3,"name":"Pr\u00e4sidium &#038; Stab"}]},{"@type":"WebSite","@id":"https:\/\/ethrat.ch\/de\/#website","url":"https:\/\/ethrat.ch\/de\/","name":"ETH-Rat","description":"","publisher":{"@id":"https:\/\/ethrat.ch\/de\/#organization"},"potentialAction":[{"@type":"SearchAction","target":{"@type":"EntryPoint","urlTemplate":"https:\/\/ethrat.ch\/de\/?s={search_term_string}"},"query-input":{"@type":"PropertyValueSpecification","valueRequired":true,"valueName":"search_term_string"}}],"inLanguage":"zh-Hans"},{"@type":"Organization","@id":"https:\/\/ethrat.ch\/de\/#organization","name":"ETH-Rat","url":"https:\/\/ethrat.ch\/de\/","logo":{"@type":"ImageObject","inLanguage":"zh-Hans","@id":"https:\/\/ethrat.ch\/de\/#\/schema\/logo\/image\/","url":"https:\/\/ethrat.ch\/wp-content\/uploads\/2024\/04\/logo-white.svg","contentUrl":"https:\/\/ethrat.ch\/wp-content\/uploads\/2024\/04\/logo-white.svg","width":283,"height":81,"caption":"ETH-Rat"},"image":{"@id":"https:\/\/ethrat.ch\/de\/#\/schema\/logo\/image\/"},"sameAs":["https:\/\/x.com\/eth_rat","https:\/\/issuu.com\/ethrat","https:\/\/www.linkedin.com\/company\/eth-rat\/"]}]}},"_links":{"self":[{"href":"https:\/\/ethrat.ch\/zh-hans\/wp-json\/wp\/v2\/pages\/14104","targetHints":{"allow":["GET"]}}],"collection":[{"href":"https:\/\/ethrat.ch\/zh-hans\/wp-json\/wp\/v2\/pages"}],"about":[{"href":"https:\/\/ethrat.ch\/zh-hans\/wp-json\/wp\/v2\/types\/page"}],"author":[{"embeddable":true,"href":"https:\/\/ethrat.ch\/zh-hans\/wp-json\/wp\/v2\/users\/11"}],"replies":[{"embeddable":true,"href":"https:\/\/ethrat.ch\/zh-hans\/wp-json\/wp\/v2\/comments?post=14104"}],"version-history":[{"count":0,"href":"https:\/\/ethrat.ch\/zh-hans\/wp-json\/wp\/v2\/pages\/14104\/revisions"}],"up":[{"embeddable":true,"href":"https:\/\/ethrat.ch\/zh-hans\/wp-json\/wp\/v2\/pages\/627"}],"wp:attachment":[{"href":"https:\/\/ethrat.ch\/zh-hans\/wp-json\/wp\/v2\/media?parent=14104"}],"wp:term":[{"taxonomy":"search-tag","embeddable":true,"href":"https:\/\/ethrat.ch\/zh-hans\/wp-json\/wp\/v2\/search-tag?post=14104"}],"curies":[{"name":"wp","href":"https:\/\/api.w.org\/{rel}","templated":true}]}}