{"id":14091,"date":"2021-10-07T16:31:59","date_gmt":"2021-10-07T14:31:59","guid":{"rendered":"https:\/\/ethrat.ch\/?page_id=9889"},"modified":"2025-06-02T11:59:12","modified_gmt":"2025-06-02T09:59:12","slug":"open-research-data","status":"publish","type":"page","link":"https:\/\/ethrat.ch\/zh-hans\/eth-bereich\/open-research-data\/","title":{"rendered":"Open Research Data"},"content":{"rendered":"\t\t<div data-elementor-type=\"wp-page\" data-elementor-id=\"14091\" class=\"elementor elementor-14091\" data-elementor-post-type=\"page\">\n\t\t\t\t\t\t<section class=\"elementor-section elementor-top-section elementor-element elementor-element-9608200 elementor-section-boxed elementor-section-height-default elementor-section-height-default\" data-id=\"9608200\" data-element_type=\"section\" data-e-type=\"section\">\n\t\t\t\t\t\t<div class=\"elementor-container elementor-column-gap-default\">\n\t\t\t\t\t<div class=\"elementor-column elementor-col-100 elementor-top-column elementor-element elementor-element-03b7f3f\" data-id=\"03b7f3f\" data-element_type=\"column\" data-e-type=\"column\" data-settings=\"{&quot;background_background&quot;:&quot;classic&quot;}\">\n\t\t\t<div class=\"elementor-widget-wrap elementor-element-populated\">\n\t\t\t\t\t\t<div class=\"elementor-element elementor-element-8a9cdaf elementor-widget elementor-widget-image\" data-id=\"8a9cdaf\" data-element_type=\"widget\" data-e-type=\"widget\" data-widget_type=\"image.default\">\n\t\t\t\t<div class=\"elementor-widget-container\">\n\t\t\t\t\t\t\t\t\t\t\t\t\t\t\t<img decoding=\"async\" width=\"1120\" height=\"580\" src=\"https:\/\/ethrat.ch\/wp-content\/uploads\/2021\/11\/Petrol_bernardo-lorena-ponte-XDvWSmAEqvw-unsplash.jpg\" class=\"attachment-full size-full wp-image-20028\" alt=\"\" srcset=\"https:\/\/ethrat.ch\/wp-content\/uploads\/2021\/11\/Petrol_bernardo-lorena-ponte-XDvWSmAEqvw-unsplash.jpg 1120w, https:\/\/ethrat.ch\/wp-content\/uploads\/2021\/11\/Petrol_bernardo-lorena-ponte-XDvWSmAEqvw-unsplash-300x155.jpg 300w, https:\/\/ethrat.ch\/wp-content\/uploads\/2021\/11\/Petrol_bernardo-lorena-ponte-XDvWSmAEqvw-unsplash-1024x530.jpg 1024w, https:\/\/ethrat.ch\/wp-content\/uploads\/2021\/11\/Petrol_bernardo-lorena-ponte-XDvWSmAEqvw-unsplash-768x398.jpg 768w\" sizes=\"(max-width: 1120px) 100vw, 1120px\" \/>\t\t\t\t\t\t\t\t\t\t\t\t\t\t\t<\/div>\n\t\t\t\t<\/div>\n\t\t\t\t\t<\/div>\n\t\t<\/div>\n\t\t\t\t\t<\/div>\n\t\t<\/section>\n\t\t\t\t<section class=\"elementor-section elementor-top-section elementor-element elementor-element-27877cc elementor-section-boxed elementor-section-height-default elementor-section-height-default\" data-id=\"27877cc\" data-element_type=\"section\" data-e-type=\"section\">\n\t\t\t\t\t\t<div class=\"elementor-container elementor-column-gap-default\">\n\t\t\t\t\t<div class=\"elementor-column elementor-col-100 elementor-top-column elementor-element elementor-element-1958dba\" data-id=\"1958dba\" data-element_type=\"column\" data-e-type=\"column\">\n\t\t\t<div class=\"elementor-widget-wrap elementor-element-populated\">\n\t\t\t\t\t\t<div class=\"elementor-element elementor-element-1a2e56d elementor-widget elementor-widget-heading\" data-id=\"1a2e56d\" data-element_type=\"widget\" data-e-type=\"widget\" data-widget_type=\"heading.default\">\n\t\t\t\t<div class=\"elementor-widget-container\">\n\t\t\t\t\t<h1 class=\"elementor-heading-title elementor-size-default\">Open Research Data<\/h1>\t\t\t\t<\/div>\n\t\t\t\t<\/div>\n\t\t\t\t<div class=\"elementor-element elementor-element-3037afa elementor-widget elementor-widget-text-editor\" data-id=\"3037afa\" data-element_type=\"widget\" data-e-type=\"widget\" data-widget_type=\"text-editor.default\">\n\t\t\t\t<div class=\"elementor-widget-container\">\n\t\t\t\t\t\t\t\t\t<div class=\"lead\"><p>Programm Offene Forschungsdaten (ORD) des ETH-Bereichs. 5 Massnahmen zur F\u00f6rderung und Verbesserung von ORD-Praktiken.<\/p><\/div>\t\t\t\t\t\t\t\t<\/div>\n\t\t\t\t<\/div>\n\t\t\t\t<div class=\"elementor-element elementor-element-42ed6ad elementor-widget elementor-widget-text-editor\" data-id=\"42ed6ad\" data-element_type=\"widget\" data-e-type=\"widget\" data-widget_type=\"text-editor.default\">\n\t\t\t\t<div class=\"elementor-widget-container\">\n\t\t\t\t\t\t\t\t\t<p>Open-Science-Praktiken werden in der akademischen Forschung weltweit zu einem vorherrschenden Paradigma. Der ETH-Bereich hat bereits eine f\u00fchrende Rolle bei der \u00dcbernahme der neuen Open-Science-Praktiken \u00fcbernommen, die es erm\u00f6glichen, wissenschaftliche Forschungsergebnisse &#8211; einschliesslich Publikationen, Daten, Software, Hardware und Protokolle &#8211; zu verbreiten und zug\u00e4nglich zu machen. Open Research Data (ORD) ist das Herzst\u00fcck der offenen Wissenschaft: Neue technologische Entwicklungen erleichtern die gemeinsame Nutzung von grossen und kleinen Datens\u00e4tzen. Mitte 2020 haben die Institutionen des ETH-Bereichs in einem <a href=\"https:\/\/ethrat.ch\/wp-content\/uploads\/2021\/09\/ORD_Position_ETH_Domain.pdf\" target=\"_blank\" rel=\"noopener\">Positionspapier<\/a> ihre Vision f\u00fcr ORD im ETH-Bereich dargelegt und einen pragmatischen Ansatz f\u00fcr offene Forschungsdaten in der Schweiz gef\u00f6rdert. Damit bekr\u00e4ftigen sie ihre Bereitschaft, bei der Umsetzung von ORD eine f\u00fchrende Rolle zu spielen.<\/p><p>Die Institutionen des ETH-Bereichs sind \u00fcberzeugt, dass ORD das Potenzial hat, die Sichtbarkeit und den Einfluss ihrer Forschung in der wissenschaftlichen Gemeinschaft, der Wirtschaft und der Gesellschaft insgesamt weiter zu erh\u00f6hen. Die Vision des ETH-Bereichs ist es, ein Forschungsumfeld zu f\u00f6rdern, das ORD in der Forschungspraxis unterst\u00fctzt und ein Umfeld schafft, das ORD wertsch\u00e4tzt.<\/p><p>F\u00fcr die Umsetzung dieser Massnahmen hat der ETH-Bereich insgesamt 15 Millionen Franken investiert.<\/p><p>Damit erf\u00fcllt der ETH-Bereich auch den Auftrag des Bundesrates, eine f\u00fchrende Rolle in Bezug auf den ORD im Rahmen der Datenpolitik in der Schweiz zu \u00fcbernehmen. Die Umsetzung der ORD-Massnahmen des ETH-Bereichs wird mit der nationalen Open-Research-Data-Strategie koordiniert, die unter der Federf\u00fchrung von swissuniversities und unter Beteiligung des ETH-Bereichs erarbeitet wird. Die <a href=\"https:\/\/www.swissuniversities.ch\/aktuell\/swissuniversities-verabschiedet-die-strategie-fuer-open-research-data\" target=\"_blank\" rel=\"noopener\">nationale Strategie<\/a> wurde am 1. Juli 2021 ver\u00f6ffentlicht und wurde durch einen\u00a0<a href=\"https:\/\/ethrat.ch\/die-schweizer-wissenschaftsinstitutionen-verabschieden-den-aktionsplan-der-strategie-fuer-open-research-data\/\" target=\"_blank\" rel=\"noopener\">Aktionsplan<\/a>\u00a0weiter konsolidiert.<\/p><p>Mit dem \u00fcbergeordneten Ziel, Open Science unter den Forschenden und Institutionen des ETH-Bereichs zu f\u00f6rdern, definiert das Programm f\u00fcnf Massnahmen mit den folgenden Zielen:<\/p><ul><li><strong>Massnahme 1<\/strong>:\u00a0Unterst\u00fctzung von Forschenden, die <strong>ORD-Praktiken<\/strong> mit und f\u00fcr ihre Gemeinschaft anwenden oder entwickeln. Diese Forschenden sollen dabei unterst\u00fctzt werden, in ihrem Bereich eine f\u00fchrende Rolle im <strong>Bereich Open Science<\/strong> einzunehmen. \u2192 <a href=\"https:\/\/ethrat.ch\/en\/measure-1-calls-for-field-specific-actions\/\" target=\"_blank\" rel=\"noopener\">Besuchen Sie unsere Seite zur Massnahme 1<\/a><\/li><li><strong>Massnahme 2<\/strong>: Verbesserung des <strong>\u00d6kosystems von Forschungsdatenmanagementdiensten<\/strong> <strong>und -infrastrukturen<\/strong>, die ORD-Praktiken unterst\u00fctzen, durch bereichsweite, koordinierte Massnahmen mit Schwerpunkt auf Interoperabilit\u00e4t und Zugang.<\/li><li><strong>Massnahme 3<\/strong>: Verbesserung der Verf\u00fcgbarkeit und <strong>Qualit\u00e4t von Schulungen zu RDM<\/strong> in Anwendung auf die ORD-Praktiken.<\/li><\/ul><div>\u00a0<\/div><p>Die letzten beiden Massnahmen zielen darauf ab, ein f\u00fcr Open Science f\u00f6rderliches Umfeld in den Institutionen des ETH-Bereichs zu schaffen, indem die folgenden Aspekte ber\u00fccksichtigt werden:<\/p><ul><li><strong>Massnahme 4<\/strong>: <strong>Rechtliche Aspekte<\/strong> von RDM und<\/li><li><strong>Massnahme 5<\/strong>: <strong>Karrierem\u00f6glichkeiten<\/strong> f\u00fcr Mitarbeitende, deren Aufgaben die Unterst\u00fctzung von ORD-Praktiken umfasst.<\/li><\/ul><div>\u00a0<\/div><div><em><a href=\"https:\/\/open-research-data-portal.ch\/\" target=\"_blank\" rel=\"noopener\">Klicken Sie hier, um die Webseite des Programms aufzurufen<\/a><\/em><\/div>\t\t\t\t\t\t\t\t<\/div>\n\t\t\t\t<\/div>\n\t\t\t\t<div class=\"elementor-element elementor-element-f0bd02d elementor-widget elementor-widget-spacer\" data-id=\"f0bd02d\" data-element_type=\"widget\" data-e-type=\"widget\" data-widget_type=\"spacer.default\">\n\t\t\t\t<div class=\"elementor-widget-container\">\n\t\t\t\t\t\t\t<div class=\"elementor-spacer\">\n\t\t\t<div class=\"elementor-spacer-inner\"><\/div>\n\t\t<\/div>\n\t\t\t\t\t\t<\/div>\n\t\t\t\t<\/div>\n\t\t\t\t\t<\/div>\n\t\t<\/div>\n\t\t\t\t\t<\/div>\n\t\t<\/section>\n\t\t\t\t<section class=\"elementor-section elementor-top-section elementor-element elementor-element-69e44fa8 elementor-hidden-desktop elementor-hidden-tablet hide-print elementor-section-boxed elementor-section-height-default elementor-section-height-default\" data-id=\"69e44fa8\" data-element_type=\"section\" data-e-type=\"section\">\n\t\t\t\t\t\t<div class=\"elementor-container elementor-column-gap-default\">\n\t\t\t\t\t<div class=\"elementor-column elementor-col-33 elementor-top-column elementor-element elementor-element-5e52e675 elementor-hidden-tablet elementor-hidden-mobile\" data-id=\"5e52e675\" data-element_type=\"column\" data-e-type=\"column\">\n\t\t\t<div class=\"elementor-widget-wrap elementor-element-populated\">\n\t\t\t\t\t\t<section class=\"elementor-section elementor-inner-section elementor-element elementor-element-552e1907 elementor-section-boxed elementor-section-height-default elementor-section-height-default\" data-id=\"552e1907\" data-element_type=\"section\" data-e-type=\"section\" data-settings=\"{&quot;sticky&quot;:&quot;top&quot;,&quot;sticky_offset&quot;:2,&quot;sticky_effects_offset&quot;:40,&quot;sticky_on&quot;:[&quot;desktop&quot;,&quot;tablet&quot;,&quot;mobile&quot;],&quot;sticky_anchor_link_offset&quot;:0}\">\n\t\t\t\t\t\t<div class=\"elementor-container elementor-column-gap-default\">\n\t\t\t\t\t<div class=\"elementor-column elementor-col-100 elementor-inner-column elementor-element elementor-element-36f7a444\" data-id=\"36f7a444\" data-element_type=\"column\" data-e-type=\"column\">\n\t\t\t<div class=\"elementor-widget-wrap\">\n\t\t\t\t\t\t\t<\/div>\n\t\t<\/div>\n\t\t\t\t\t<\/div>\n\t\t<\/section>\n\t\t\t\t\t<\/div>\n\t\t<\/div>\n\t\t\t\t<div class=\"elementor-column elementor-col-33 elementor-top-column elementor-element elementor-element-3ce1598e\" data-id=\"3ce1598e\" data-element_type=\"column\" data-e-type=\"column\">\n\t\t\t<div class=\"elementor-widget-wrap elementor-element-populated\">\n\t\t\t\t\t\t<div class=\"elementor-element elementor-element-347202b elementor-widget-mobile__width-auto elementor-view-default elementor-widget elementor-widget-icon\" data-id=\"347202b\" data-element_type=\"widget\" data-e-type=\"widget\" data-widget_type=\"icon.default\">\n\t\t\t\t<div class=\"elementor-widget-container\">\n\t\t\t\t\t\t\t<div class=\"elementor-icon-wrapper\">\n\t\t\t<div class=\"elementor-icon\">\n\t\t\t<svg xmlns=\"http:\/\/www.w3.org\/2000\/svg\" width=\"22\" height=\"20\" viewBox=\"0 0 22 20\" fill=\"none\"><path d=\"M20.153 4.62295H17.7268V0.655738C17.7268 0.295082 17.4317 0 17.071 0H4.61202C4.25137 0 3.95628 0.295082 3.95628 0.655738V4.62295H1.53005C0.688525 4.62295 0 5.31148 0 6.15301V14.5683C0 15.4098 0.688525 16.0984 1.53005 16.0984H3.95628V19.3443C3.95628 19.7049 4.25137 20 4.61202 20H17.071C17.4317 20 17.7268 19.7049 17.7268 19.3443V16.0874H20.153C20.9945 16.0874 21.6831 15.3989 21.6831 14.5574V6.14208C21.6831 5.31148 21.0055 4.62295 20.153 4.62295ZM5.26776 1.31148H16.4153V4.62295H5.26776V1.31148ZM16.4153 18.6885H5.26776V12.1858H16.4153V18.6885ZM20.3716 14.5683C20.3716 14.6885 20.2732 14.7869 20.153 14.7869H17.7268V11.5301C17.7268 11.1694 17.4317 10.8743 17.071 10.8743H4.61202C4.25137 10.8743 3.95628 11.1694 3.95628 11.5301V14.7869H1.53005C1.40984 14.7869 1.31148 14.6885 1.31148 14.5683V6.15301C1.31148 6.03279 1.40984 5.93443 1.53005 5.93443H20.153C20.2732 5.93443 20.3716 6.03279 20.3716 6.15301V14.5683Z\" fill=\"black\"><\/path><\/svg>\t\t\t<\/div>\n\t\t<\/div>\n\t\t\t\t\t\t<\/div>\n\t\t\t\t<\/div>\n\t\t\t\t<div class=\"elementor-element elementor-element-fbb6331 elementor-share-buttons--skin-minimal elementor-share-buttons--color-custom elementor-share-buttons--view-text elementor-widget-mobile__width-auto elementor-share-buttons--shape-square elementor-grid-0 elementor-widget elementor-widget-share-buttons\" data-id=\"fbb6331\" data-element_type=\"widget\" data-e-type=\"widget\" data-widget_type=\"share-buttons.default\">\n\t\t\t\t<div class=\"elementor-widget-container\">\n\t\t\t\t\t\t\t<div class=\"elementor-grid\">\n\t\t\t\t\t\t\t\t<div class=\"elementor-grid-item\">\n\t\t\t\t\t\t<div class=\"elementor-share-btn elementor-share-btn_print\" role=\"button\" tabindex=\"0\" aria-label=\"Share on print\">\n\t\t\t\t\t\t\t\t\t\t\t\t\t\t\t\t\t\t\t\t\t\t<div class=\"elementor-share-btn__text\">\n\t\t\t\t\t\t\t\t\t\t\t\t\t\t\t\t\t\t\t<span class=\"elementor-share-btn__title\">\n\t\t\t\t\t\t\t\t\t\tDrucken\t\t\t\t\t\t\t\t\t<\/span>\n\t\t\t\t\t\t\t\t\t\t\t\t\t\t\t\t\t<\/div>\n\t\t\t\t\t\t\t\t\t\t\t\t\t<\/div>\n\t\t\t\t\t<\/div>\n\t\t\t\t\t\t<\/div>\n\t\t\t\t\t\t<\/div>\n\t\t\t\t<\/div>\n\t\t\t\t\t<\/div>\n\t\t<\/div>\n\t\t\t\t<div class=\"elementor-column elementor-col-33 elementor-top-column elementor-element elementor-element-1da6852\" data-id=\"1da6852\" data-element_type=\"column\" data-e-type=\"column\">\n\t\t\t<div class=\"elementor-widget-wrap elementor-element-populated\">\n\t\t\t\t\t\t<div class=\"elementor-element elementor-element-c76d1f9 elementor-align-left elementor-widget elementor-widget-global elementor-global-7507 elementor-widget-button\" data-id=\"c76d1f9\" data-element_type=\"widget\" data-e-type=\"widget\" data-widget_type=\"button.default\">\n\t\t\t\t<div class=\"elementor-widget-container\">\n\t\t\t\t\t\t\t\t\t<div class=\"elementor-button-wrapper\">\n\t\t\t\t\t<a class=\"elementor-button elementor-button-link elementor-size-sm\" href=\"#elementor-action%3Aaction%3Dpopup%3Aopen%26settings%3DeyJpZCI6NTAxNywidG9nZ2xlIjpmYWxzZX0%3D\">\n\t\t\t\t\t\t<span class=\"elementor-button-content-wrapper\">\n\t\t\t\t\t\t<span class=\"elementor-button-icon\">\n\t\t\t\t<svg xmlns=\"http:\/\/www.w3.org\/2000\/svg\" width=\"22\" height=\"20\" viewBox=\"0 0 22 20\" fill=\"none\"><path d=\"M12.567 0.230218C12.3358 0.00708362 12.0011 -0.0646381 11.6983 0.0628672C11.4035 0.182403 11.2042 0.477259 11.2042 0.796022V5.03557C6.90891 5.20292 4.75726 6.988 4.43052 7.28285C2.26293 9.05996 0.780685 11.5383 0.246757 14.2877C-0.0241917 15.6185 -0.0720064 16.9812 0.103313 18.328V18.336C0.103313 18.3439 0.103314 18.3599 0.111283 18.3678L0.278633 19.3401C0.334416 19.6668 0.589427 19.9218 0.916159 19.9856C1.24289 20.0493 1.56962 19.8979 1.74494 19.611L2.25496 18.7663C3.80893 16.1763 5.74542 14.463 8.01661 13.6741C9.03665 13.3154 10.1204 13.1561 11.2042 13.2039V17.5948C11.2042 17.9136 11.3955 18.2085 11.6983 18.328C11.9932 18.4475 12.3358 18.3838 12.567 18.1527L20.9664 9.70545C21.2772 9.39466 21.2772 8.8926 20.9664 8.58181L12.567 0.230218ZM12.806 15.6743V12.4946C12.806 12.1041 12.5191 11.7694 12.1366 11.7137C11.4593 11.6021 9.6423 11.4268 7.49862 12.1838C5.21149 12.9887 3.23516 14.5586 1.6015 16.8776C1.59353 16.1126 1.66525 15.3555 1.81667 14.6064C2.30278 12.1599 3.53002 10.1119 5.4665 8.51009C5.48244 8.49415 5.49838 8.47821 5.51432 8.46227C5.5701 8.41446 7.58628 6.58954 12.0011 6.62142H12.0091C12.4474 6.62142 12.806 6.26281 12.806 5.82451V2.7086L19.2929 9.15559L12.806 15.6743Z\" fill=\"black\"><\/path><\/svg>\t\t\t<\/span>\n\t\t\t\t\t\t\t\t\t<span class=\"elementor-button-text\">Artikel teilen<\/span>\n\t\t\t\t\t<\/span>\n\t\t\t\t\t<\/a>\n\t\t\t\t<\/div>\n\t\t\t\t\t\t\t\t<\/div>\n\t\t\t\t<\/div>\n\t\t\t\t\t<\/div>\n\t\t<\/div>\n\t\t\t\t\t<\/div>\n\t\t<\/section>\n\t\t\t\t<\/div>\n\t\t","protected":false},"excerpt":{"rendered":"<p>Programm Offene Forschungsdaten (ORD) des ETH-Bereichs. &#8230;<\/p>\n","protected":false},"author":11,"featured_media":0,"parent":629,"menu_order":0,"comment_status":"closed","ping_status":"closed","template":"","meta":{"_acf_changed":false,"footnotes":"","_links_to":"","_links_to_target":""},"search-tag":[],"class_list":["post-14091","page","type-page","status-publish","hentry"],"acf":[],"yoast_head":"<!-- This site is optimized with the Yoast SEO plugin v27.3 - https:\/\/yoast.com\/product\/yoast-seo-wordpress\/ -->\n<title>Open Research Data - ETH-Rat<\/title>\n<meta name=\"robots\" content=\"index, follow, max-snippet:-1, max-image-preview:large, max-video-preview:-1\" \/>\n<link rel=\"canonical\" href=\"https:\/\/ethrat.ch\/de\/eth-bereich\/open-research-data\/\" \/>\n<meta property=\"og:locale\" content=\"zh_CN\" \/>\n<meta property=\"og:type\" content=\"article\" \/>\n<meta property=\"og:title\" content=\"Open Research Data - ETH-Rat\" \/>\n<meta property=\"og:description\" content=\"Programm Offene Forschungsdaten (ORD) des ETH-Bereichs. ...\" \/>\n<meta property=\"og:url\" content=\"https:\/\/ethrat.ch\/de\/eth-bereich\/open-research-data\/\" \/>\n<meta property=\"og:site_name\" content=\"ETH-Rat\" \/>\n<meta property=\"article:modified_time\" content=\"2025-06-02T09:59:12+00:00\" \/>\n<meta property=\"og:image\" content=\"https:\/\/ethrat.ch\/wp-content\/uploads\/2021\/11\/Petrol_bernardo-lorena-ponte-XDvWSmAEqvw-unsplash.jpg\" \/>\n\t<meta property=\"og:image:width\" content=\"1120\" \/>\n\t<meta property=\"og:image:height\" content=\"580\" \/>\n\t<meta property=\"og:image:type\" content=\"image\/jpeg\" \/>\n<meta name=\"twitter:card\" content=\"summary_large_image\" \/>\n<meta name=\"twitter:site\" content=\"@eth_rat\" \/>\n<meta name=\"twitter:label1\" content=\"\u9884\u8ba1\u9605\u8bfb\u65f6\u95f4\" \/>\n\t<meta name=\"twitter:data1\" content=\"3 \u5206\" \/>\n<script type=\"application\/ld+json\" class=\"yoast-schema-graph\">{\"@context\":\"https:\\\/\\\/schema.org\",\"@graph\":[{\"@type\":\"WebPage\",\"@id\":\"https:\\\/\\\/ethrat.ch\\\/de\\\/eth-bereich\\\/open-research-data\\\/\",\"url\":\"https:\\\/\\\/ethrat.ch\\\/de\\\/eth-bereich\\\/open-research-data\\\/\",\"name\":\"Open Research Data - ETH-Rat\",\"isPartOf\":{\"@id\":\"https:\\\/\\\/ethrat.ch\\\/de\\\/#website\"},\"primaryImageOfPage\":{\"@id\":\"https:\\\/\\\/ethrat.ch\\\/de\\\/eth-bereich\\\/open-research-data\\\/#primaryimage\"},\"image\":{\"@id\":\"https:\\\/\\\/ethrat.ch\\\/de\\\/eth-bereich\\\/open-research-data\\\/#primaryimage\"},\"thumbnailUrl\":\"https:\\\/\\\/ethrat.ch\\\/wp-content\\\/uploads\\\/2021\\\/11\\\/Petrol_bernardo-lorena-ponte-XDvWSmAEqvw-unsplash.jpg\",\"datePublished\":\"2021-10-07T14:31:59+00:00\",\"dateModified\":\"2025-06-02T09:59:12+00:00\",\"breadcrumb\":{\"@id\":\"https:\\\/\\\/ethrat.ch\\\/de\\\/eth-bereich\\\/open-research-data\\\/#breadcrumb\"},\"inLanguage\":\"zh-Hans\",\"potentialAction\":[{\"@type\":\"ReadAction\",\"target\":[\"https:\\\/\\\/ethrat.ch\\\/de\\\/eth-bereich\\\/open-research-data\\\/\"]}]},{\"@type\":\"ImageObject\",\"inLanguage\":\"zh-Hans\",\"@id\":\"https:\\\/\\\/ethrat.ch\\\/de\\\/eth-bereich\\\/open-research-data\\\/#primaryimage\",\"url\":\"https:\\\/\\\/ethrat.ch\\\/wp-content\\\/uploads\\\/2021\\\/11\\\/Petrol_bernardo-lorena-ponte-XDvWSmAEqvw-unsplash.jpg\",\"contentUrl\":\"https:\\\/\\\/ethrat.ch\\\/wp-content\\\/uploads\\\/2021\\\/11\\\/Petrol_bernardo-lorena-ponte-XDvWSmAEqvw-unsplash.jpg\"},{\"@type\":\"BreadcrumbList\",\"@id\":\"https:\\\/\\\/ethrat.ch\\\/de\\\/eth-bereich\\\/open-research-data\\\/#breadcrumb\",\"itemListElement\":[{\"@type\":\"ListItem\",\"position\":1,\"name\":\"Home\",\"item\":\"https:\\\/\\\/ethrat.ch\\\/de\\\/\"},{\"@type\":\"ListItem\",\"position\":2,\"name\":\"ETH-BEREICH\",\"item\":\"https:\\\/\\\/ethrat.ch\\\/de\\\/eth-bereich\\\/\"},{\"@type\":\"ListItem\",\"position\":3,\"name\":\"Open Research Data\"}]},{\"@type\":\"WebSite\",\"@id\":\"https:\\\/\\\/ethrat.ch\\\/de\\\/#website\",\"url\":\"https:\\\/\\\/ethrat.ch\\\/de\\\/\",\"name\":\"ETH-Rat\",\"description\":\"\",\"publisher\":{\"@id\":\"https:\\\/\\\/ethrat.ch\\\/de\\\/#organization\"},\"potentialAction\":[{\"@type\":\"SearchAction\",\"target\":{\"@type\":\"EntryPoint\",\"urlTemplate\":\"https:\\\/\\\/ethrat.ch\\\/de\\\/?s={search_term_string}\"},\"query-input\":{\"@type\":\"PropertyValueSpecification\",\"valueRequired\":true,\"valueName\":\"search_term_string\"}}],\"inLanguage\":\"zh-Hans\"},{\"@type\":\"Organization\",\"@id\":\"https:\\\/\\\/ethrat.ch\\\/de\\\/#organization\",\"name\":\"ETH-Rat\",\"url\":\"https:\\\/\\\/ethrat.ch\\\/de\\\/\",\"logo\":{\"@type\":\"ImageObject\",\"inLanguage\":\"zh-Hans\",\"@id\":\"https:\\\/\\\/ethrat.ch\\\/de\\\/#\\\/schema\\\/logo\\\/image\\\/\",\"url\":\"https:\\\/\\\/ethrat.ch\\\/wp-content\\\/uploads\\\/2024\\\/04\\\/logo-white.svg\",\"contentUrl\":\"https:\\\/\\\/ethrat.ch\\\/wp-content\\\/uploads\\\/2024\\\/04\\\/logo-white.svg\",\"width\":283,\"height\":81,\"caption\":\"ETH-Rat\"},\"image\":{\"@id\":\"https:\\\/\\\/ethrat.ch\\\/de\\\/#\\\/schema\\\/logo\\\/image\\\/\"},\"sameAs\":[\"https:\\\/\\\/x.com\\\/eth_rat\",\"https:\\\/\\\/issuu.com\\\/ethrat\",\"https:\\\/\\\/www.linkedin.com\\\/company\\\/eth-rat\\\/\"]}]}<\/script>\n<!-- \/ Yoast SEO plugin. -->","yoast_head_json":{"title":"Open Research Data - ETH-Rat","robots":{"index":"index","follow":"follow","max-snippet":"max-snippet:-1","max-image-preview":"max-image-preview:large","max-video-preview":"max-video-preview:-1"},"canonical":"https:\/\/ethrat.ch\/de\/eth-bereich\/open-research-data\/","og_locale":"zh_CN","og_type":"article","og_title":"Open Research Data - ETH-Rat","og_description":"Programm Offene Forschungsdaten (ORD) des ETH-Bereichs. ...","og_url":"https:\/\/ethrat.ch\/de\/eth-bereich\/open-research-data\/","og_site_name":"ETH-Rat","article_modified_time":"2025-06-02T09:59:12+00:00","og_image":[{"width":1120,"height":580,"url":"https:\/\/ethrat.ch\/wp-content\/uploads\/2021\/11\/Petrol_bernardo-lorena-ponte-XDvWSmAEqvw-unsplash.jpg","type":"image\/jpeg"}],"twitter_card":"summary_large_image","twitter_site":"@eth_rat","twitter_misc":{"\u9884\u8ba1\u9605\u8bfb\u65f6\u95f4":"3 \u5206"},"schema":{"@context":"https:\/\/schema.org","@graph":[{"@type":"WebPage","@id":"https:\/\/ethrat.ch\/de\/eth-bereich\/open-research-data\/","url":"https:\/\/ethrat.ch\/de\/eth-bereich\/open-research-data\/","name":"Open Research Data - ETH-Rat","isPartOf":{"@id":"https:\/\/ethrat.ch\/de\/#website"},"primaryImageOfPage":{"@id":"https:\/\/ethrat.ch\/de\/eth-bereich\/open-research-data\/#primaryimage"},"image":{"@id":"https:\/\/ethrat.ch\/de\/eth-bereich\/open-research-data\/#primaryimage"},"thumbnailUrl":"https:\/\/ethrat.ch\/wp-content\/uploads\/2021\/11\/Petrol_bernardo-lorena-ponte-XDvWSmAEqvw-unsplash.jpg","datePublished":"2021-10-07T14:31:59+00:00","dateModified":"2025-06-02T09:59:12+00:00","breadcrumb":{"@id":"https:\/\/ethrat.ch\/de\/eth-bereich\/open-research-data\/#breadcrumb"},"inLanguage":"zh-Hans","potentialAction":[{"@type":"ReadAction","target":["https:\/\/ethrat.ch\/de\/eth-bereich\/open-research-data\/"]}]},{"@type":"ImageObject","inLanguage":"zh-Hans","@id":"https:\/\/ethrat.ch\/de\/eth-bereich\/open-research-data\/#primaryimage","url":"https:\/\/ethrat.ch\/wp-content\/uploads\/2021\/11\/Petrol_bernardo-lorena-ponte-XDvWSmAEqvw-unsplash.jpg","contentUrl":"https:\/\/ethrat.ch\/wp-content\/uploads\/2021\/11\/Petrol_bernardo-lorena-ponte-XDvWSmAEqvw-unsplash.jpg"},{"@type":"BreadcrumbList","@id":"https:\/\/ethrat.ch\/de\/eth-bereich\/open-research-data\/#breadcrumb","itemListElement":[{"@type":"ListItem","position":1,"name":"Home","item":"https:\/\/ethrat.ch\/de\/"},{"@type":"ListItem","position":2,"name":"ETH-BEREICH","item":"https:\/\/ethrat.ch\/de\/eth-bereich\/"},{"@type":"ListItem","position":3,"name":"Open Research Data"}]},{"@type":"WebSite","@id":"https:\/\/ethrat.ch\/de\/#website","url":"https:\/\/ethrat.ch\/de\/","name":"ETH-Rat","description":"","publisher":{"@id":"https:\/\/ethrat.ch\/de\/#organization"},"potentialAction":[{"@type":"SearchAction","target":{"@type":"EntryPoint","urlTemplate":"https:\/\/ethrat.ch\/de\/?s={search_term_string}"},"query-input":{"@type":"PropertyValueSpecification","valueRequired":true,"valueName":"search_term_string"}}],"inLanguage":"zh-Hans"},{"@type":"Organization","@id":"https:\/\/ethrat.ch\/de\/#organization","name":"ETH-Rat","url":"https:\/\/ethrat.ch\/de\/","logo":{"@type":"ImageObject","inLanguage":"zh-Hans","@id":"https:\/\/ethrat.ch\/de\/#\/schema\/logo\/image\/","url":"https:\/\/ethrat.ch\/wp-content\/uploads\/2024\/04\/logo-white.svg","contentUrl":"https:\/\/ethrat.ch\/wp-content\/uploads\/2024\/04\/logo-white.svg","width":283,"height":81,"caption":"ETH-Rat"},"image":{"@id":"https:\/\/ethrat.ch\/de\/#\/schema\/logo\/image\/"},"sameAs":["https:\/\/x.com\/eth_rat","https:\/\/issuu.com\/ethrat","https:\/\/www.linkedin.com\/company\/eth-rat\/"]}]}},"_links":{"self":[{"href":"https:\/\/ethrat.ch\/zh-hans\/wp-json\/wp\/v2\/pages\/14091","targetHints":{"allow":["GET"]}}],"collection":[{"href":"https:\/\/ethrat.ch\/zh-hans\/wp-json\/wp\/v2\/pages"}],"about":[{"href":"https:\/\/ethrat.ch\/zh-hans\/wp-json\/wp\/v2\/types\/page"}],"author":[{"embeddable":true,"href":"https:\/\/ethrat.ch\/zh-hans\/wp-json\/wp\/v2\/users\/11"}],"replies":[{"embeddable":true,"href":"https:\/\/ethrat.ch\/zh-hans\/wp-json\/wp\/v2\/comments?post=14091"}],"version-history":[{"count":0,"href":"https:\/\/ethrat.ch\/zh-hans\/wp-json\/wp\/v2\/pages\/14091\/revisions"}],"up":[{"embeddable":true,"href":"https:\/\/ethrat.ch\/zh-hans\/wp-json\/wp\/v2\/pages\/629"}],"wp:attachment":[{"href":"https:\/\/ethrat.ch\/zh-hans\/wp-json\/wp\/v2\/media?parent=14091"}],"wp:term":[{"taxonomy":"search-tag","embeddable":true,"href":"https:\/\/ethrat.ch\/zh-hans\/wp-json\/wp\/v2\/search-tag?post=14091"}],"curies":[{"name":"wp","href":"https:\/\/api.w.org\/{rel}","templated":true}]}}