{"id":14030,"date":"2021-09-20T14:04:55","date_gmt":"2021-09-20T12:04:55","guid":{"rendered":"https:\/\/ethrat.ch\/?page_id=9183"},"modified":"2024-05-14T13:45:39","modified_gmt":"2024-05-14T11:45:39","slug":"schlichtungskommission","status":"publish","type":"page","link":"https:\/\/ethrat.ch\/zh-hans\/eth-rat\/schlichtungskommission\/","title":{"rendered":"Schlichtungskommission"},"content":{"rendered":"\t\t<div data-elementor-type=\"wp-page\" data-elementor-id=\"14030\" class=\"elementor elementor-14030\" data-elementor-post-type=\"page\">\n\t\t\t\t\t\t<section class=\"elementor-section elementor-top-section elementor-element elementor-element-5031f1c elementor-section-boxed elementor-section-height-default elementor-section-height-default\" data-id=\"5031f1c\" data-element_type=\"section\" data-e-type=\"section\">\n\t\t\t\t\t\t<div class=\"elementor-container elementor-column-gap-default\">\n\t\t\t\t\t<div class=\"elementor-column elementor-col-100 elementor-top-column elementor-element elementor-element-36f5d52\" data-id=\"36f5d52\" data-element_type=\"column\" data-e-type=\"column\" data-settings=\"{&quot;background_background&quot;:&quot;classic&quot;}\">\n\t\t\t<div class=\"elementor-widget-wrap elementor-element-populated\">\n\t\t\t\t\t\t<div class=\"elementor-element elementor-element-74299e4f elementor-widget elementor-widget-heading\" data-id=\"74299e4f\" data-element_type=\"widget\" data-e-type=\"widget\" data-widget_type=\"heading.default\">\n\t\t\t\t<div class=\"elementor-widget-container\">\n\t\t\t\t\t<h1 class=\"elementor-heading-title elementor-size-default\">Schlichtungskommission<\/h1>\t\t\t\t<\/div>\n\t\t\t\t<\/div>\n\t\t\t\t<div class=\"elementor-element elementor-element-533fc7b8 elementor-widget elementor-widget-spacer\" data-id=\"533fc7b8\" data-element_type=\"widget\" data-e-type=\"widget\" data-widget_type=\"spacer.default\">\n\t\t\t\t<div class=\"elementor-widget-container\">\n\t\t\t\t\t\t\t<div class=\"elementor-spacer\">\n\t\t\t<div class=\"elementor-spacer-inner\"><\/div>\n\t\t<\/div>\n\t\t\t\t\t\t<\/div>\n\t\t\t\t<\/div>\n\t\t\t\t<div class=\"elementor-element elementor-element-4baaad4c elementor-widget elementor-widget-text-editor\" data-id=\"4baaad4c\" data-element_type=\"widget\" data-e-type=\"widget\" data-widget_type=\"text-editor.default\">\n\t\t\t\t<div class=\"elementor-widget-container\">\n\t\t\t\t\t\t\t\t\t<p>Die Schlichtungskommission gem\u00e4ss Gleichstellungsgesetz f\u00fcr den ETH-Bereich (<a href=\"mailto:schlichtungskommission@ethrat.ch\">schlichtungskommission@ethrat.ch<\/a>) informiert und ber\u00e4t bei Streitigkeiten, die in den Bereich des Gleichstellungsgesetzes fallen und mit Arbeitsverh\u00e4ltnissen im ETH-Bereich zusammenh\u00e4ngen. Ziel des Schlichtungsverfahrens ist mit Hilfe der Parteien (Arbeitgeber und Arbeitnehmer\/in) in einer m\u00fcndlichen Verhandlung eine einvernehmliche Regelung des Streitfalls zu erzielen, damit ein Gerichtsverfahren vermieden werden kann. Die Schlichtungskommission f\u00e4llt kein Urteil. Sie behandelt F\u00e4lle vertraulich, aber nicht anonym.<\/p><p>Folgende Themen k\u00f6nnen vor der Schlichtungskommission verhandelt werden, sofern sie in den Bereich des Gleichstellungsgesetzes fallen:<\/p><ul><li>Lohn<\/li><li>Aufgabenzuteilung<\/li><li>Aus- und Weiterbildung<\/li><li>Bef\u00f6rderung<\/li><li>Gestaltung der Arbeitsbedingungen<\/li><li>Anstellung oder K\u00fcndigung<\/li><li>Sexuelle Bel\u00e4stigung<\/li><li>Geschlechtsbedingtes Mobbing oder Mobbing aufgrund Verlangen von Gleichstellung<\/li><\/ul><div>\u00a0<\/div>\t\t\t\t\t\t\t\t<\/div>\n\t\t\t\t<\/div>\n\t\t\t\t<div class=\"elementor-element elementor-element-848b812 elementor-widget elementor-widget-text-editor\" data-id=\"848b812\" data-element_type=\"widget\" data-e-type=\"widget\" data-widget_type=\"text-editor.default\">\n\t\t\t\t<div class=\"elementor-widget-container\">\n\t\t\t\t\t\t\t\t\t<h3 style=\"font-family: FagoOT, serif; color: #000000;\">Mitglieder und Ersatzmitglieder der Schlichtungskommission<\/h3>\t\t\t\t\t\t\t\t<\/div>\n\t\t\t\t<\/div>\n\t\t\t\t<div class=\"elementor-element elementor-element-91d452e elementor-widget elementor-widget-spacer\" data-id=\"91d452e\" data-element_type=\"widget\" data-e-type=\"widget\" data-widget_type=\"spacer.default\">\n\t\t\t\t<div class=\"elementor-widget-container\">\n\t\t\t\t\t\t\t<div class=\"elementor-spacer\">\n\t\t\t<div class=\"elementor-spacer-inner\"><\/div>\n\t\t<\/div>\n\t\t\t\t\t\t<\/div>\n\t\t\t\t<\/div>\n\t\t\t\t<div class=\"elementor-element elementor-element-09de8bc elementor-widget elementor-widget-text-editor\" data-id=\"09de8bc\" data-element_type=\"widget\" data-e-type=\"widget\" data-widget_type=\"text-editor.default\">\n\t\t\t\t<div class=\"elementor-widget-container\">\n\t\t\t\t\t\t\t\t\t<p><b>Pr\u00e4sidium<\/b><\/p>\n<ul>\n<li>Dr. Anne-Catherine Hahn, Pr\u00e4sidentin<\/li>\n<\/ul>\n<p><b><br>Arbeitgeberseite<\/b><\/p>\n<ul>\n<li>Dr. Patrick O. Dilger, ETH Z\u00fcrich (Mitglied)<\/li>\n<li>H\u00e9l\u00e8ne Fueger, EPFL (Mitglied)<\/li>\n<li>Beatrice Lamprecht, PSI\/ Eawag (Ersatzmitglied)<\/li>\n<li>David Heusser, Empa\/ WSL (Ersatzmitglied)&nbsp;<\/li>\n<\/ul>\n<div>&nbsp;<\/div>\n<p><b>Arbeitnehmendenseite<\/b><\/p>\n<ul>\n<li>Gregor Spuhler, ETH Z\u00fcrich (Mitglied)<\/li>\n<li>Sabine S\u00fcsstrunk, EPFL (Mitglied)<\/li>\n<li>Rowena Crockett, Empa\/ WSL (Ersatzmiglied)<\/li>\n<li>Dario Marty, PSI\/ Eawag (Ersatzmitglied)<\/li>\n<\/ul>\n<div>&nbsp;<\/div>\t\t\t\t\t\t\t\t<\/div>\n\t\t\t\t<\/div>\n\t\t\t\t<div class=\"elementor-element elementor-element-13967e3 elementor-widget elementor-widget-spacer\" data-id=\"13967e3\" data-element_type=\"widget\" data-e-type=\"widget\" data-widget_type=\"spacer.default\">\n\t\t\t\t<div class=\"elementor-widget-container\">\n\t\t\t\t\t\t\t<div class=\"elementor-spacer\">\n\t\t\t<div class=\"elementor-spacer-inner\"><\/div>\n\t\t<\/div>\n\t\t\t\t\t\t<\/div>\n\t\t\t\t<\/div>\n\t\t\t\t\t<\/div>\n\t\t<\/div>\n\t\t\t\t\t<\/div>\n\t\t<\/section>\n\t\t\t\t<section class=\"elementor-section elementor-top-section elementor-element elementor-element-5fc99d5 elementor-section-boxed elementor-section-height-default elementor-section-height-default\" data-id=\"5fc99d5\" data-element_type=\"section\" data-e-type=\"section\">\n\t\t\t\t\t\t<div class=\"elementor-container elementor-column-gap-default\">\n\t\t\t\t\t<div class=\"elementor-column elementor-col-50 elementor-top-column elementor-element elementor-element-9338b5b\" data-id=\"9338b5b\" data-element_type=\"column\" data-e-type=\"column\">\n\t\t\t<div class=\"elementor-widget-wrap elementor-element-populated\">\n\t\t\t\t\t\t<div class=\"elementor-element elementor-element-eb19760 elementor-widget elementor-widget-text-editor\" data-id=\"eb19760\" data-element_type=\"widget\" data-e-type=\"widget\" data-widget_type=\"text-editor.default\">\n\t\t\t\t<div class=\"elementor-widget-container\">\n\t\t\t\t\t\t\t\t\t<h3>Kontakt<\/h3>\n<p>Pr\u00e4sidentin der Schlichtungskommission GlG f\u00fcr den ETH-Bereich<br>Dr. iur. Anne-Catherine Hahn, LL. M.<br>Rechtsanw\u00e4ltin<br>+41 44 212 10 11<br>schlichtungskommission@ethrat.ch<\/p>\n<p>Wartmann Merker AG<br>Kirchgasse 48<br>Postfach<br>CH-8024 Z\u00fcrich<br><a href=\"http:\/\/www.wartmann-merker.ch\" target=\"_blank\" rel=\"noopener\" style=\"font-size: var( --e-global-typography-129859c-font-size ); font-style: var( --e-global-typography-129859c-font-style ); font-weight: var( --e-global-typography-129859c-font-weight ); letter-spacing: var( --e-global-typography-129859c-letter-spacing ); text-transform: var( --e-global-typography-129859c-text-transform ); word-spacing: var( --e-global-typography-129859c-word-spacing ); font-family: FagoOT, serif;\">www.wartmann-merker.ch<\/a><br><\/p>\t\t\t\t\t\t\t\t<\/div>\n\t\t\t\t<\/div>\n\t\t\t\t\t<\/div>\n\t\t<\/div>\n\t\t\t\t<div class=\"elementor-column elementor-col-50 elementor-top-column elementor-element elementor-element-4538e25\" data-id=\"4538e25\" data-element_type=\"column\" data-e-type=\"column\">\n\t\t\t<div class=\"elementor-widget-wrap\">\n\t\t\t\t\t\t\t<\/div>\n\t\t<\/div>\n\t\t\t\t\t<\/div>\n\t\t<\/section>\n\t\t\t\t<\/div>\n\t\t","protected":false},"excerpt":{"rendered":"<p>Die Schlichtungskommission gem\u00e4ss Gleichstellungsgesetz &#8230;<\/p>\n","protected":false},"author":20,"featured_media":0,"parent":627,"menu_order":0,"comment_status":"closed","ping_status":"closed","template":"","meta":{"_acf_changed":false,"footnotes":"","_links_to":"","_links_to_target":""},"search-tag":[],"class_list":["post-14030","page","type-page","status-publish","hentry"],"acf":[],"yoast_head":"<!-- This site is optimized with the Yoast SEO plugin v27.3 - https:\/\/yoast.com\/product\/yoast-seo-wordpress\/ -->\n<title>Schlichtungskommission - ETH-Rat<\/title>\n<meta name=\"robots\" content=\"index, follow, max-snippet:-1, max-image-preview:large, max-video-preview:-1\" \/>\n<link rel=\"canonical\" href=\"https:\/\/ethrat.ch\/de\/eth-rat\/schlichtungskommission\/\" \/>\n<meta property=\"og:locale\" content=\"zh_CN\" \/>\n<meta property=\"og:type\" content=\"article\" \/>\n<meta property=\"og:title\" content=\"Schlichtungskommission - ETH-Rat\" \/>\n<meta property=\"og:description\" content=\"Die Schlichtungskommission gem\u00e4ss Gleichstellungsgesetz ...\" \/>\n<meta property=\"og:url\" content=\"https:\/\/ethrat.ch\/de\/eth-rat\/schlichtungskommission\/\" \/>\n<meta property=\"og:site_name\" content=\"ETH-Rat\" \/>\n<meta property=\"article:modified_time\" content=\"2024-05-14T11:45:39+00:00\" \/>\n<meta name=\"twitter:card\" content=\"summary_large_image\" \/>\n<meta name=\"twitter:site\" content=\"@eth_rat\" \/>\n<meta name=\"twitter:label1\" content=\"\u9884\u8ba1\u9605\u8bfb\u65f6\u95f4\" \/>\n\t<meta name=\"twitter:data1\" content=\"1 \u5206\" \/>\n<script type=\"application\/ld+json\" class=\"yoast-schema-graph\">{\"@context\":\"https:\\\/\\\/schema.org\",\"@graph\":[{\"@type\":\"WebPage\",\"@id\":\"https:\\\/\\\/ethrat.ch\\\/de\\\/eth-rat\\\/schlichtungskommission\\\/\",\"url\":\"https:\\\/\\\/ethrat.ch\\\/de\\\/eth-rat\\\/schlichtungskommission\\\/\",\"name\":\"Schlichtungskommission - ETH-Rat\",\"isPartOf\":{\"@id\":\"https:\\\/\\\/ethrat.ch\\\/de\\\/#website\"},\"datePublished\":\"2021-09-20T12:04:55+00:00\",\"dateModified\":\"2024-05-14T11:45:39+00:00\",\"breadcrumb\":{\"@id\":\"https:\\\/\\\/ethrat.ch\\\/de\\\/eth-rat\\\/schlichtungskommission\\\/#breadcrumb\"},\"inLanguage\":\"zh-Hans\",\"potentialAction\":[{\"@type\":\"ReadAction\",\"target\":[\"https:\\\/\\\/ethrat.ch\\\/de\\\/eth-rat\\\/schlichtungskommission\\\/\"]}]},{\"@type\":\"BreadcrumbList\",\"@id\":\"https:\\\/\\\/ethrat.ch\\\/de\\\/eth-rat\\\/schlichtungskommission\\\/#breadcrumb\",\"itemListElement\":[{\"@type\":\"ListItem\",\"position\":1,\"name\":\"Home\",\"item\":\"https:\\\/\\\/ethrat.ch\\\/de\\\/\"},{\"@type\":\"ListItem\",\"position\":2,\"name\":\"ETH-RAT\",\"item\":\"https:\\\/\\\/ethrat.ch\\\/eth-rat\\\/portrat-eth-rat\\\/\"},{\"@type\":\"ListItem\",\"position\":3,\"name\":\"Schlichtungskommission\"}]},{\"@type\":\"WebSite\",\"@id\":\"https:\\\/\\\/ethrat.ch\\\/de\\\/#website\",\"url\":\"https:\\\/\\\/ethrat.ch\\\/de\\\/\",\"name\":\"ETH-Rat\",\"description\":\"\",\"publisher\":{\"@id\":\"https:\\\/\\\/ethrat.ch\\\/de\\\/#organization\"},\"potentialAction\":[{\"@type\":\"SearchAction\",\"target\":{\"@type\":\"EntryPoint\",\"urlTemplate\":\"https:\\\/\\\/ethrat.ch\\\/de\\\/?s={search_term_string}\"},\"query-input\":{\"@type\":\"PropertyValueSpecification\",\"valueRequired\":true,\"valueName\":\"search_term_string\"}}],\"inLanguage\":\"zh-Hans\"},{\"@type\":\"Organization\",\"@id\":\"https:\\\/\\\/ethrat.ch\\\/de\\\/#organization\",\"name\":\"ETH-Rat\",\"url\":\"https:\\\/\\\/ethrat.ch\\\/de\\\/\",\"logo\":{\"@type\":\"ImageObject\",\"inLanguage\":\"zh-Hans\",\"@id\":\"https:\\\/\\\/ethrat.ch\\\/de\\\/#\\\/schema\\\/logo\\\/image\\\/\",\"url\":\"https:\\\/\\\/ethrat.ch\\\/wp-content\\\/uploads\\\/2024\\\/04\\\/logo-white.svg\",\"contentUrl\":\"https:\\\/\\\/ethrat.ch\\\/wp-content\\\/uploads\\\/2024\\\/04\\\/logo-white.svg\",\"width\":283,\"height\":81,\"caption\":\"ETH-Rat\"},\"image\":{\"@id\":\"https:\\\/\\\/ethrat.ch\\\/de\\\/#\\\/schema\\\/logo\\\/image\\\/\"},\"sameAs\":[\"https:\\\/\\\/x.com\\\/eth_rat\",\"https:\\\/\\\/issuu.com\\\/ethrat\",\"https:\\\/\\\/www.linkedin.com\\\/company\\\/eth-rat\\\/\"]}]}<\/script>\n<!-- \/ Yoast SEO plugin. -->","yoast_head_json":{"title":"Schlichtungskommission - ETH-Rat","robots":{"index":"index","follow":"follow","max-snippet":"max-snippet:-1","max-image-preview":"max-image-preview:large","max-video-preview":"max-video-preview:-1"},"canonical":"https:\/\/ethrat.ch\/de\/eth-rat\/schlichtungskommission\/","og_locale":"zh_CN","og_type":"article","og_title":"Schlichtungskommission - ETH-Rat","og_description":"Die Schlichtungskommission gem\u00e4ss Gleichstellungsgesetz ...","og_url":"https:\/\/ethrat.ch\/de\/eth-rat\/schlichtungskommission\/","og_site_name":"ETH-Rat","article_modified_time":"2024-05-14T11:45:39+00:00","twitter_card":"summary_large_image","twitter_site":"@eth_rat","twitter_misc":{"\u9884\u8ba1\u9605\u8bfb\u65f6\u95f4":"1 \u5206"},"schema":{"@context":"https:\/\/schema.org","@graph":[{"@type":"WebPage","@id":"https:\/\/ethrat.ch\/de\/eth-rat\/schlichtungskommission\/","url":"https:\/\/ethrat.ch\/de\/eth-rat\/schlichtungskommission\/","name":"Schlichtungskommission - ETH-Rat","isPartOf":{"@id":"https:\/\/ethrat.ch\/de\/#website"},"datePublished":"2021-09-20T12:04:55+00:00","dateModified":"2024-05-14T11:45:39+00:00","breadcrumb":{"@id":"https:\/\/ethrat.ch\/de\/eth-rat\/schlichtungskommission\/#breadcrumb"},"inLanguage":"zh-Hans","potentialAction":[{"@type":"ReadAction","target":["https:\/\/ethrat.ch\/de\/eth-rat\/schlichtungskommission\/"]}]},{"@type":"BreadcrumbList","@id":"https:\/\/ethrat.ch\/de\/eth-rat\/schlichtungskommission\/#breadcrumb","itemListElement":[{"@type":"ListItem","position":1,"name":"Home","item":"https:\/\/ethrat.ch\/de\/"},{"@type":"ListItem","position":2,"name":"ETH-RAT","item":"https:\/\/ethrat.ch\/eth-rat\/portrat-eth-rat\/"},{"@type":"ListItem","position":3,"name":"Schlichtungskommission"}]},{"@type":"WebSite","@id":"https:\/\/ethrat.ch\/de\/#website","url":"https:\/\/ethrat.ch\/de\/","name":"ETH-Rat","description":"","publisher":{"@id":"https:\/\/ethrat.ch\/de\/#organization"},"potentialAction":[{"@type":"SearchAction","target":{"@type":"EntryPoint","urlTemplate":"https:\/\/ethrat.ch\/de\/?s={search_term_string}"},"query-input":{"@type":"PropertyValueSpecification","valueRequired":true,"valueName":"search_term_string"}}],"inLanguage":"zh-Hans"},{"@type":"Organization","@id":"https:\/\/ethrat.ch\/de\/#organization","name":"ETH-Rat","url":"https:\/\/ethrat.ch\/de\/","logo":{"@type":"ImageObject","inLanguage":"zh-Hans","@id":"https:\/\/ethrat.ch\/de\/#\/schema\/logo\/image\/","url":"https:\/\/ethrat.ch\/wp-content\/uploads\/2024\/04\/logo-white.svg","contentUrl":"https:\/\/ethrat.ch\/wp-content\/uploads\/2024\/04\/logo-white.svg","width":283,"height":81,"caption":"ETH-Rat"},"image":{"@id":"https:\/\/ethrat.ch\/de\/#\/schema\/logo\/image\/"},"sameAs":["https:\/\/x.com\/eth_rat","https:\/\/issuu.com\/ethrat","https:\/\/www.linkedin.com\/company\/eth-rat\/"]}]}},"_links":{"self":[{"href":"https:\/\/ethrat.ch\/zh-hans\/wp-json\/wp\/v2\/pages\/14030","targetHints":{"allow":["GET"]}}],"collection":[{"href":"https:\/\/ethrat.ch\/zh-hans\/wp-json\/wp\/v2\/pages"}],"about":[{"href":"https:\/\/ethrat.ch\/zh-hans\/wp-json\/wp\/v2\/types\/page"}],"author":[{"embeddable":true,"href":"https:\/\/ethrat.ch\/zh-hans\/wp-json\/wp\/v2\/users\/20"}],"replies":[{"embeddable":true,"href":"https:\/\/ethrat.ch\/zh-hans\/wp-json\/wp\/v2\/comments?post=14030"}],"version-history":[{"count":0,"href":"https:\/\/ethrat.ch\/zh-hans\/wp-json\/wp\/v2\/pages\/14030\/revisions"}],"up":[{"embeddable":true,"href":"https:\/\/ethrat.ch\/zh-hans\/wp-json\/wp\/v2\/pages\/627"}],"wp:attachment":[{"href":"https:\/\/ethrat.ch\/zh-hans\/wp-json\/wp\/v2\/media?parent=14030"}],"wp:term":[{"taxonomy":"search-tag","embeddable":true,"href":"https:\/\/ethrat.ch\/zh-hans\/wp-json\/wp\/v2\/search-tag?post=14030"}],"curies":[{"name":"wp","href":"https:\/\/api.w.org\/{rel}","templated":true}]}}