{"id":629,"date":"2021-07-28T09:06:06","date_gmt":"2021-07-28T07:06:06","guid":{"rendered":"https:\/\/ethrat.ch\/?page_id=629"},"modified":"2021-10-15T00:11:29","modified_gmt":"2021-10-14T22:11:29","slug":"eth-bereich","status":"publish","type":"page","link":"https:\/\/ethrat.ch\/ja\/eth-bereich\/","title":{"rendered":"ETH-BEREICH"},"content":{"rendered":"\t\t<div data-elementor-type=\"wp-page\" data-elementor-id=\"629\" class=\"elementor elementor-629\" data-elementor-post-type=\"page\">\n\t\t\t\t\t\t<section class=\"elementor-section elementor-top-section elementor-element elementor-element-4df6547 elementor-section-full_width elementor-section-height-default elementor-section-height-default\" data-id=\"4df6547\" data-element_type=\"section\" data-e-type=\"section\">\n\t\t\t\t\t\t<div class=\"elementor-container elementor-column-gap-default\">\n\t\t\t\t\t<div class=\"elementor-column elementor-col-100 elementor-top-column elementor-element elementor-element-ed82928\" data-id=\"ed82928\" data-element_type=\"column\" data-e-type=\"column\">\n\t\t\t<div class=\"elementor-widget-wrap elementor-element-populated\">\n\t\t\t\t\t\t<div class=\"elementor-element elementor-element-3e99531 elementor-widget elementor-widget-text-editor\" data-id=\"3e99531\" data-element_type=\"widget\" data-e-type=\"widget\" data-widget_type=\"text-editor.default\">\n\t\t\t\t<div class=\"elementor-widget-container\">\n\t\t\t\t\t\t\t\t\t<div class=\"lead\"><p>Der ETH-Bereich umfasst die beiden Eidgen\u00f6ssischen Technischen Hochschulen ETH Z\u00fcrich und EPFL, die vier Forschungsanstalten PSI, WSL, Empa und Eawag sowie unabh\u00e4ngige Beschwerdeorgane.<\/p><\/div><div class=\"content\"><div><p>Der ETH-Bereich umfasst die beiden Eidgen\u00f6ssischen Technischen Hochschulen in Z\u00fcrich (ETH Z\u00fcrich) und Lausanne (EPFL), die vier Forschungsanstalten Paul Scherrer Institut (PSI), die Eidgen\u00f6ssische Forschungsanstalt f\u00fcr Wald, Schnee und Landschaft (WSL), die Eidgen\u00f6ssische Materialpr\u00fcfungs- und Forschungsanstalt (Empa) sowie die Eidgen\u00f6ssische Anstalt f\u00fcr Wasserversorgung, Abwasserreinigung und Gew\u00e4sserschutz (Eawag). Mit seinen zahlreichen Standorten ist der ETH-Bereich in den Regionen verankert.<\/p><p>Weiter geh\u00f6ren der ETH-Rat als strategisches F\u00fchrungsorgan und die ETH-Beschwerdekommission als unabh\u00e4ngiges Beschwerdeorgan zum ETH-Bereich.<\/p><p>Der Bund bestimmt im ETH-Gesetz den Zweck der zwei Hochschulen und vier Forschungsanstalten, n\u00e4mlich<\/p><ul><li>Studierende und Fachkr\u00e4fte auf wissenschaftlichem und technischem Gebiet auszubilden und die permanente Weiterbildung zu sichern<\/li><li>durch Forschung die wissenschaftlichen Erkenntnisse zu erweitern<\/li><li>den wissenschaftlichen Nachwuchs zu f\u00f6rdern<\/li><li>wissenschaftliche und technische Dienstleistungen zu erbringen<\/li><li>\u00d6ffentlichkeitsarbeit zu leisten und Forschungsergebnisse zu verwerten.<\/li><\/ul><p>Im Rahmen der Botschaft zur F\u00f6rderung von Bildung, Forschung und Innovation (BFI-Botschaft) 2017\u22122020 konkretisieren Bundesrat und Parlament die strategischen Ziele (bis 2016: Leistungsauftrag) des Bundesrats f\u00fcr den ETH-Bereich. Der ETH-Rat bestimmt innerhalb dieser Ziele die Strategie f\u00fcr den ETH-Bereich und vertritt diesen gegen\u00fcber Politik sowie Beh\u00f6rden des Bundes. Er erstattet regelm\u00e4ssig Bericht \u00fcber den Stand der Zielerreichung. Die operative F\u00fchrung liegt im ETH-Bereich bei den beiden ETH und den vier Forschungsanstalten.<\/p><\/div><\/div>\t\t\t\t\t\t\t\t<\/div>\n\t\t\t\t<\/div>\n\t\t\t\t\t<\/div>\n\t\t<\/div>\n\t\t\t\t\t<\/div>\n\t\t<\/section>\n\t\t\t\t<\/div>\n\t\t","protected":false},"excerpt":{"rendered":"<p>Der ETH-Bereich umfasst die beiden Eidgen\u00f6ssischen Technischen Hochschulen ETH Z\u00fcrich und EPFL, die vier Forsc &#8230;<\/p>\n","protected":false},"author":20,"featured_media":0,"parent":0,"menu_order":0,"comment_status":"closed","ping_status":"closed","template":"","meta":{"_acf_changed":false,"footnotes":"","_links_to":"","_links_to_target":""},"search-tag":[],"class_list":["post-629","page","type-page","status-publish","hentry"],"acf":[],"yoast_head":"<!-- This site is optimized with the Yoast SEO plugin v27.3 - https:\/\/yoast.com\/product\/yoast-seo-wordpress\/ -->\n<title>ETH-BEREICH - ETH-Rat<\/title>\n<meta name=\"robots\" content=\"index, follow, max-snippet:-1, max-image-preview:large, max-video-preview:-1\" \/>\n<link rel=\"canonical\" href=\"https:\/\/ethrat.ch\/de\/eth-bereich\/\" \/>\n<meta property=\"og:locale\" content=\"ja_JP\" \/>\n<meta property=\"og:type\" content=\"article\" \/>\n<meta property=\"og:title\" content=\"ETH-BEREICH - ETH-Rat\" \/>\n<meta property=\"og:description\" content=\"Der ETH-Bereich umfasst die beiden Eidgen\u00f6ssischen Technischen Hochschulen ETH Z\u00fcrich und EPFL, die vier Forsc ...\" \/>\n<meta property=\"og:url\" content=\"https:\/\/ethrat.ch\/de\/eth-bereich\/\" \/>\n<meta property=\"og:site_name\" content=\"ETH-Rat\" \/>\n<meta property=\"article:modified_time\" content=\"2021-10-14T22:11:29+00:00\" \/>\n<meta name=\"twitter:card\" content=\"summary_large_image\" \/>\n<meta name=\"twitter:site\" content=\"@eth_rat\" \/>\n<meta name=\"twitter:label1\" content=\"\u63a8\u5b9a\u8aad\u307f\u53d6\u308a\u6642\u9593\" \/>\n\t<meta name=\"twitter:data1\" content=\"1\u5206\" \/>\n<script type=\"application\/ld+json\" class=\"yoast-schema-graph\">{\"@context\":\"https:\\\/\\\/schema.org\",\"@graph\":[{\"@type\":\"WebPage\",\"@id\":\"https:\\\/\\\/ethrat.ch\\\/de\\\/eth-bereich\\\/\",\"url\":\"https:\\\/\\\/ethrat.ch\\\/de\\\/eth-bereich\\\/\",\"name\":\"ETH-BEREICH - ETH-Rat\",\"isPartOf\":{\"@id\":\"https:\\\/\\\/ethrat.ch\\\/de\\\/#website\"},\"datePublished\":\"2021-07-28T07:06:06+00:00\",\"dateModified\":\"2021-10-14T22:11:29+00:00\",\"breadcrumb\":{\"@id\":\"https:\\\/\\\/ethrat.ch\\\/de\\\/eth-bereich\\\/#breadcrumb\"},\"inLanguage\":\"ja\",\"potentialAction\":[{\"@type\":\"ReadAction\",\"target\":[\"https:\\\/\\\/ethrat.ch\\\/de\\\/eth-bereich\\\/\"]}]},{\"@type\":\"BreadcrumbList\",\"@id\":\"https:\\\/\\\/ethrat.ch\\\/de\\\/eth-bereich\\\/#breadcrumb\",\"itemListElement\":[{\"@type\":\"ListItem\",\"position\":1,\"name\":\"Home\",\"item\":\"https:\\\/\\\/ethrat.ch\\\/de\\\/\"},{\"@type\":\"ListItem\",\"position\":2,\"name\":\"ETH-BEREICH\"}]},{\"@type\":\"WebSite\",\"@id\":\"https:\\\/\\\/ethrat.ch\\\/de\\\/#website\",\"url\":\"https:\\\/\\\/ethrat.ch\\\/de\\\/\",\"name\":\"ETH-Rat\",\"description\":\"\",\"publisher\":{\"@id\":\"https:\\\/\\\/ethrat.ch\\\/de\\\/#organization\"},\"potentialAction\":[{\"@type\":\"SearchAction\",\"target\":{\"@type\":\"EntryPoint\",\"urlTemplate\":\"https:\\\/\\\/ethrat.ch\\\/de\\\/?s={search_term_string}\"},\"query-input\":{\"@type\":\"PropertyValueSpecification\",\"valueRequired\":true,\"valueName\":\"search_term_string\"}}],\"inLanguage\":\"ja\"},{\"@type\":\"Organization\",\"@id\":\"https:\\\/\\\/ethrat.ch\\\/de\\\/#organization\",\"name\":\"ETH-Rat\",\"url\":\"https:\\\/\\\/ethrat.ch\\\/de\\\/\",\"logo\":{\"@type\":\"ImageObject\",\"inLanguage\":\"ja\",\"@id\":\"https:\\\/\\\/ethrat.ch\\\/de\\\/#\\\/schema\\\/logo\\\/image\\\/\",\"url\":\"https:\\\/\\\/ethrat.ch\\\/wp-content\\\/uploads\\\/2024\\\/04\\\/logo-white.svg\",\"contentUrl\":\"https:\\\/\\\/ethrat.ch\\\/wp-content\\\/uploads\\\/2024\\\/04\\\/logo-white.svg\",\"width\":283,\"height\":81,\"caption\":\"ETH-Rat\"},\"image\":{\"@id\":\"https:\\\/\\\/ethrat.ch\\\/de\\\/#\\\/schema\\\/logo\\\/image\\\/\"},\"sameAs\":[\"https:\\\/\\\/x.com\\\/eth_rat\",\"https:\\\/\\\/issuu.com\\\/ethrat\",\"https:\\\/\\\/www.linkedin.com\\\/company\\\/eth-rat\\\/\"]}]}<\/script>\n<!-- \/ Yoast SEO plugin. -->","yoast_head_json":{"title":"ETH-BEREICH - ETH-Rat","robots":{"index":"index","follow":"follow","max-snippet":"max-snippet:-1","max-image-preview":"max-image-preview:large","max-video-preview":"max-video-preview:-1"},"canonical":"https:\/\/ethrat.ch\/de\/eth-bereich\/","og_locale":"ja_JP","og_type":"article","og_title":"ETH-BEREICH - ETH-Rat","og_description":"Der ETH-Bereich umfasst die beiden Eidgen\u00f6ssischen Technischen Hochschulen ETH Z\u00fcrich und EPFL, die vier Forsc ...","og_url":"https:\/\/ethrat.ch\/de\/eth-bereich\/","og_site_name":"ETH-Rat","article_modified_time":"2021-10-14T22:11:29+00:00","twitter_card":"summary_large_image","twitter_site":"@eth_rat","twitter_misc":{"\u63a8\u5b9a\u8aad\u307f\u53d6\u308a\u6642\u9593":"1\u5206"},"schema":{"@context":"https:\/\/schema.org","@graph":[{"@type":"WebPage","@id":"https:\/\/ethrat.ch\/de\/eth-bereich\/","url":"https:\/\/ethrat.ch\/de\/eth-bereich\/","name":"ETH-BEREICH - ETH-Rat","isPartOf":{"@id":"https:\/\/ethrat.ch\/de\/#website"},"datePublished":"2021-07-28T07:06:06+00:00","dateModified":"2021-10-14T22:11:29+00:00","breadcrumb":{"@id":"https:\/\/ethrat.ch\/de\/eth-bereich\/#breadcrumb"},"inLanguage":"ja","potentialAction":[{"@type":"ReadAction","target":["https:\/\/ethrat.ch\/de\/eth-bereich\/"]}]},{"@type":"BreadcrumbList","@id":"https:\/\/ethrat.ch\/de\/eth-bereich\/#breadcrumb","itemListElement":[{"@type":"ListItem","position":1,"name":"Home","item":"https:\/\/ethrat.ch\/de\/"},{"@type":"ListItem","position":2,"name":"ETH-BEREICH"}]},{"@type":"WebSite","@id":"https:\/\/ethrat.ch\/de\/#website","url":"https:\/\/ethrat.ch\/de\/","name":"ETH-Rat","description":"","publisher":{"@id":"https:\/\/ethrat.ch\/de\/#organization"},"potentialAction":[{"@type":"SearchAction","target":{"@type":"EntryPoint","urlTemplate":"https:\/\/ethrat.ch\/de\/?s={search_term_string}"},"query-input":{"@type":"PropertyValueSpecification","valueRequired":true,"valueName":"search_term_string"}}],"inLanguage":"ja"},{"@type":"Organization","@id":"https:\/\/ethrat.ch\/de\/#organization","name":"ETH-Rat","url":"https:\/\/ethrat.ch\/de\/","logo":{"@type":"ImageObject","inLanguage":"ja","@id":"https:\/\/ethrat.ch\/de\/#\/schema\/logo\/image\/","url":"https:\/\/ethrat.ch\/wp-content\/uploads\/2024\/04\/logo-white.svg","contentUrl":"https:\/\/ethrat.ch\/wp-content\/uploads\/2024\/04\/logo-white.svg","width":283,"height":81,"caption":"ETH-Rat"},"image":{"@id":"https:\/\/ethrat.ch\/de\/#\/schema\/logo\/image\/"},"sameAs":["https:\/\/x.com\/eth_rat","https:\/\/issuu.com\/ethrat","https:\/\/www.linkedin.com\/company\/eth-rat\/"]}]}},"_links":{"self":[{"href":"https:\/\/ethrat.ch\/ja\/wp-json\/wp\/v2\/pages\/629","targetHints":{"allow":["GET"]}}],"collection":[{"href":"https:\/\/ethrat.ch\/ja\/wp-json\/wp\/v2\/pages"}],"about":[{"href":"https:\/\/ethrat.ch\/ja\/wp-json\/wp\/v2\/types\/page"}],"author":[{"embeddable":true,"href":"https:\/\/ethrat.ch\/ja\/wp-json\/wp\/v2\/users\/20"}],"replies":[{"embeddable":true,"href":"https:\/\/ethrat.ch\/ja\/wp-json\/wp\/v2\/comments?post=629"}],"version-history":[{"count":0,"href":"https:\/\/ethrat.ch\/ja\/wp-json\/wp\/v2\/pages\/629\/revisions"}],"wp:attachment":[{"href":"https:\/\/ethrat.ch\/ja\/wp-json\/wp\/v2\/media?parent=629"}],"wp:term":[{"taxonomy":"search-tag","embeddable":true,"href":"https:\/\/ethrat.ch\/ja\/wp-json\/wp\/v2\/search-tag?post=629"}],"curies":[{"name":"wp","href":"https:\/\/api.w.org\/{rel}","templated":true}]}}