{"id":58150,"date":"2026-03-25T13:42:16","date_gmt":"2026-03-25T12:42:16","guid":{"rendered":"https:\/\/ethrat.ch\/?page_id=58150"},"modified":"2026-03-25T13:48:44","modified_gmt":"2026-03-25T12:48:44","slug":"cfk-ultraleicht-extrem-stark-und-neu-wiederverwertbar","status":"publish","type":"page","link":"https:\/\/ethrat.ch\/ja\/cfk-ultraleicht-extrem-stark-und-neu-wiederverwertbar\/","title":{"rendered":"CFK: ultraleicht, extrem stark \u2013 und neu wiederverwertbar"},"content":{"rendered":"\t\t<div data-elementor-type=\"wp-page\" data-elementor-id=\"58150\" class=\"elementor elementor-58150\" data-elementor-post-type=\"page\">\n\t\t\t\t\t\t<section class=\"elementor-section elementor-top-section elementor-element elementor-element-b0317b2 elementor-section-boxed elementor-section-height-default elementor-section-height-default\" data-id=\"b0317b2\" data-element_type=\"section\" data-e-type=\"section\">\n\t\t\t\t\t\t<div class=\"elementor-container elementor-column-gap-default\">\n\t\t\t\t\t<div class=\"elementor-column elementor-col-100 elementor-top-column elementor-element elementor-element-51d0b6b\" data-id=\"51d0b6b\" data-element_type=\"column\" data-e-type=\"column\">\n\t\t\t<div class=\"elementor-widget-wrap elementor-element-populated\">\n\t\t\t\t\t\t<div class=\"elementor-element elementor-element-795c470 elementor-widget elementor-widget-image\" data-id=\"795c470\" data-element_type=\"widget\" data-e-type=\"widget\" data-widget_type=\"image.default\">\n\t\t\t\t<div class=\"elementor-widget-container\">\n\t\t\t\t\t\t\t\t\t\t\t\t<figure class=\"wp-caption\">\n\t\t\t\t\t\t\t\t\t\t<img decoding=\"async\" width=\"1000\" height=\"667\" src=\"https:\/\/ethrat.ch\/wp-content\/uploads\/2026\/03\/Oderbruecke_1000x600_150px.jpg\" class=\"attachment-full size-full wp-image-58157\" alt=\"\" srcset=\"https:\/\/ethrat.ch\/wp-content\/uploads\/2026\/03\/Oderbruecke_1000x600_150px.jpg 1000w, https:\/\/ethrat.ch\/wp-content\/uploads\/2026\/03\/Oderbruecke_1000x600_150px-300x200.jpg 300w, https:\/\/ethrat.ch\/wp-content\/uploads\/2026\/03\/Oderbruecke_1000x600_150px-768x512.jpg 768w\" sizes=\"(max-width: 1000px) 100vw, 1000px\" \/>\t\t\t\t\t\t\t\t\t\t\t<figcaption class=\"widget-image-caption wp-caption-text\">Im Bild: Die Oderbr\u00fccke mit ihrem Netzwerkbogen mit 130 Metern Spannweite und 88 Carbon-H\u00e4ngern. Volker Emersleben\/Deutsche Bahn AG<\/figcaption>\n\t\t\t\t\t\t\t\t\t\t<\/figure>\n\t\t\t\t\t\t\t\t\t<\/div>\n\t\t\t\t<\/div>\n\t\t\t\t\t<\/div>\n\t\t<\/div>\n\t\t\t\t\t<\/div>\n\t\t<\/section>\n\t\t\t\t<section class=\"elementor-section elementor-top-section elementor-element elementor-element-471962d elementor-section-boxed elementor-section-height-default elementor-section-height-default\" data-id=\"471962d\" data-element_type=\"section\" data-e-type=\"section\">\n\t\t\t\t\t\t<div class=\"elementor-container elementor-column-gap-default\">\n\t\t\t\t\t<div class=\"elementor-column elementor-col-100 elementor-top-column elementor-element elementor-element-1ba6655\" data-id=\"1ba6655\" data-element_type=\"column\" data-e-type=\"column\">\n\t\t\t<div class=\"elementor-widget-wrap elementor-element-populated\">\n\t\t\t\t\t\t<div class=\"elementor-element elementor-element-0c84dad elementor-widget elementor-widget-text-editor\" data-id=\"0c84dad\" data-element_type=\"widget\" data-e-type=\"widget\" data-widget_type=\"text-editor.default\">\n\t\t\t\t<div class=\"elementor-widget-container\">\n\t\t\t\t\t\t\t\t\t<p>Empa<\/p>\t\t\t\t\t\t\t\t<\/div>\n\t\t\t\t<\/div>\n\t\t\t\t\t<\/div>\n\t\t<\/div>\n\t\t\t\t\t<\/div>\n\t\t<\/section>\n\t\t\t\t<section class=\"elementor-section elementor-top-section elementor-element elementor-element-7beeb1f elementor-section-boxed elementor-section-height-default elementor-section-height-default\" data-id=\"7beeb1f\" data-element_type=\"section\" data-e-type=\"section\">\n\t\t\t\t\t\t<div class=\"elementor-container elementor-column-gap-default\">\n\t\t\t\t\t<div class=\"elementor-column elementor-col-100 elementor-top-column elementor-element elementor-element-fd6290c\" data-id=\"fd6290c\" data-element_type=\"column\" data-e-type=\"column\">\n\t\t\t<div class=\"elementor-widget-wrap elementor-element-populated\">\n\t\t\t\t\t\t<div class=\"elementor-element elementor-element-e561ca0 elementor-widget elementor-widget-text-editor\" data-id=\"e561ca0\" data-element_type=\"widget\" data-e-type=\"widget\" data-widget_type=\"text-editor.default\">\n\t\t\t\t<div class=\"elementor-widget-container\">\n\t\t\t\t\t\t\t\t\t<h1>CFK: ultraleicht, extrem stark \u2013 und neu wiederverwertbar<\/h1>\t\t\t\t\t\t\t\t<\/div>\n\t\t\t\t<\/div>\n\t\t\t\t\t<\/div>\n\t\t<\/div>\n\t\t\t\t\t<\/div>\n\t\t<\/section>\n\t\t\t\t<section class=\"elementor-section elementor-top-section elementor-element elementor-element-0feb1c5 elementor-section-boxed elementor-section-height-default elementor-section-height-default\" data-id=\"0feb1c5\" data-element_type=\"section\" data-e-type=\"section\">\n\t\t\t\t\t\t<div class=\"elementor-container elementor-column-gap-default\">\n\t\t\t\t\t<div class=\"elementor-column elementor-col-100 elementor-top-column elementor-element elementor-element-61587b6\" data-id=\"61587b6\" data-element_type=\"column\" data-e-type=\"column\">\n\t\t\t<div class=\"elementor-widget-wrap elementor-element-populated\">\n\t\t\t\t\t\t<div class=\"elementor-element elementor-element-920ee46 elementor-widget elementor-widget-text-editor\" data-id=\"920ee46\" data-element_type=\"widget\" data-e-type=\"widget\" data-widget_type=\"text-editor.default\">\n\t\t\t\t<div class=\"elementor-widget-container\">\n\t\t\t\t\t\t\t\t\t<p class=\"h1 hero__title\">Empa-Innovation im Br\u00fcckenbau: Ausgezeichnete Eisenbahnbr\u00fccke dank Schweizer Carbon-Seilen.<\/p>\t\t\t\t\t\t\t\t<\/div>\n\t\t\t\t<\/div>\n\t\t\t\t\t<\/div>\n\t\t<\/div>\n\t\t\t\t\t<\/div>\n\t\t<\/section>\n\t\t\t\t<section class=\"elementor-section elementor-top-section elementor-element elementor-element-6eece69 elementor-section-boxed elementor-section-height-default elementor-section-height-default\" data-id=\"6eece69\" data-element_type=\"section\" data-e-type=\"section\">\n\t\t\t\t\t\t<div class=\"elementor-container elementor-column-gap-default\">\n\t\t\t\t\t<div class=\"elementor-column elementor-col-100 elementor-top-column elementor-element elementor-element-79e7aef\" data-id=\"79e7aef\" data-element_type=\"column\" data-e-type=\"column\">\n\t\t\t<div class=\"elementor-widget-wrap elementor-element-populated\">\n\t\t\t\t\t\t<div class=\"elementor-element elementor-element-b23372b elementor-widget elementor-widget-text-editor\" data-id=\"b23372b\" data-element_type=\"widget\" data-e-type=\"widget\" data-widget_type=\"text-editor.default\">\n\t\t\t\t<div class=\"elementor-widget-container\">\n\t\t\t\t\t\t\t\t\t<p>Carbonfaserverst\u00e4rkte Kunststoffe (CFK) werden im Infrastrukturbau zunehmend zur Verst\u00e4rkung von Bauwerken eingesetzt. J\u00fcngstes Beispiel der an der Empa entwickelten Technologie: die 2025 mehrfach pr\u00e4mierte Oderbr\u00fccke bei K\u00fcstrin, die von einem Netzwerkbogen mit 88 Carbon-H\u00e4ngern getragen wird. Entwickelt und hergestellt wurden diese vom (ersten) Empa-Spin-off \u00abCarbo-Link\u00bb; \u00e4hnliche Seile kamen auch auf der Alinghi bei deren \u00abAmerica\u2019s Cup\u00bb-Siegen zum Einsatz. Doch was tun, wenn die Bauwerke in ferner Zukunft r\u00fcckgebaut werden m\u00fcssen? Innerhalb der \u00abDesign4reuse\u00bb-Initiative der Empa entwickeln Forschende hierf\u00fcr Technologien, um den wertvollen Carbonfasern ein zweites Leben zu verleihen.<\/p>\t\t\t\t\t\t\t\t<\/div>\n\t\t\t\t<\/div>\n\t\t\t\t\t<\/div>\n\t\t<\/div>\n\t\t\t\t\t<\/div>\n\t\t<\/section>\n\t\t\t\t<\/div>\n\t\t","protected":false},"excerpt":{"rendered":"<p>Im Bild: Die Oderbr\u00fccke mit ihrem Netzwerkbogen mit 130 Metern Spannweite und 88 Carbon-H\u00e4ngern. Volker Emersl &#8230;<\/p>\n","protected":false},"author":26,"featured_media":0,"parent":0,"menu_order":0,"comment_status":"closed","ping_status":"closed","template":"","meta":{"_acf_changed":false,"footnotes":"","_links_to":"","_links_to_target":""},"search-tag":[],"class_list":["post-58150","page","type-page","status-publish","hentry"],"acf":[],"yoast_head":"<!-- This site is optimized with the Yoast SEO plugin v27.3 - https:\/\/yoast.com\/product\/yoast-seo-wordpress\/ -->\n<title>CFK: ultraleicht, extrem stark \u2013 und neu wiederverwertbar - ETH-Rat<\/title>\n<meta name=\"robots\" content=\"index, follow, max-snippet:-1, max-image-preview:large, max-video-preview:-1\" \/>\n<link rel=\"canonical\" href=\"https:\/\/ethrat.ch\/de\/cfk-ultraleicht-extrem-stark-und-neu-wiederverwertbar\/\" \/>\n<meta property=\"og:locale\" content=\"ja_JP\" \/>\n<meta property=\"og:type\" content=\"article\" \/>\n<meta property=\"og:title\" content=\"CFK: ultraleicht, extrem stark \u2013 und neu wiederverwertbar - ETH-Rat\" \/>\n<meta property=\"og:description\" content=\"Im Bild: Die Oderbr\u00fccke mit ihrem Netzwerkbogen mit 130 Metern Spannweite und 88 Carbon-H\u00e4ngern. Volker Emersl ...\" \/>\n<meta property=\"og:url\" content=\"https:\/\/ethrat.ch\/de\/cfk-ultraleicht-extrem-stark-und-neu-wiederverwertbar\/\" \/>\n<meta property=\"og:site_name\" content=\"ETH-Rat\" \/>\n<meta property=\"article:modified_time\" content=\"2026-03-25T12:48:44+00:00\" \/>\n<meta property=\"og:image\" content=\"https:\/\/ethrat.ch\/wp-content\/uploads\/2026\/03\/Oderbruecke_1000x600_150px.jpg\" \/>\n\t<meta property=\"og:image:width\" content=\"1000\" \/>\n\t<meta property=\"og:image:height\" content=\"667\" \/>\n\t<meta property=\"og:image:type\" content=\"image\/jpeg\" \/>\n<meta name=\"twitter:card\" content=\"summary_large_image\" \/>\n<meta name=\"twitter:site\" content=\"@eth_rat\" \/>\n<meta name=\"twitter:label1\" content=\"\u63a8\u5b9a\u8aad\u307f\u53d6\u308a\u6642\u9593\" \/>\n\t<meta name=\"twitter:data1\" content=\"1\u5206\" \/>\n<script type=\"application\/ld+json\" class=\"yoast-schema-graph\">{\"@context\":\"https:\\\/\\\/schema.org\",\"@graph\":[{\"@type\":\"WebPage\",\"@id\":\"https:\\\/\\\/ethrat.ch\\\/de\\\/cfk-ultraleicht-extrem-stark-und-neu-wiederverwertbar\\\/\",\"url\":\"https:\\\/\\\/ethrat.ch\\\/de\\\/cfk-ultraleicht-extrem-stark-und-neu-wiederverwertbar\\\/\",\"name\":\"CFK: ultraleicht, extrem stark \u2013 und neu wiederverwertbar - ETH-Rat\",\"isPartOf\":{\"@id\":\"https:\\\/\\\/ethrat.ch\\\/de\\\/#website\"},\"primaryImageOfPage\":{\"@id\":\"https:\\\/\\\/ethrat.ch\\\/de\\\/cfk-ultraleicht-extrem-stark-und-neu-wiederverwertbar\\\/#primaryimage\"},\"image\":{\"@id\":\"https:\\\/\\\/ethrat.ch\\\/de\\\/cfk-ultraleicht-extrem-stark-und-neu-wiederverwertbar\\\/#primaryimage\"},\"thumbnailUrl\":\"https:\\\/\\\/ethrat.ch\\\/wp-content\\\/uploads\\\/2026\\\/03\\\/Oderbruecke_1000x600_150px.jpg\",\"datePublished\":\"2026-03-25T12:42:16+00:00\",\"dateModified\":\"2026-03-25T12:48:44+00:00\",\"breadcrumb\":{\"@id\":\"https:\\\/\\\/ethrat.ch\\\/de\\\/cfk-ultraleicht-extrem-stark-und-neu-wiederverwertbar\\\/#breadcrumb\"},\"inLanguage\":\"ja\",\"potentialAction\":[{\"@type\":\"ReadAction\",\"target\":[\"https:\\\/\\\/ethrat.ch\\\/de\\\/cfk-ultraleicht-extrem-stark-und-neu-wiederverwertbar\\\/\"]}]},{\"@type\":\"ImageObject\",\"inLanguage\":\"ja\",\"@id\":\"https:\\\/\\\/ethrat.ch\\\/de\\\/cfk-ultraleicht-extrem-stark-und-neu-wiederverwertbar\\\/#primaryimage\",\"url\":\"https:\\\/\\\/ethrat.ch\\\/wp-content\\\/uploads\\\/2026\\\/03\\\/Oderbruecke_1000x600_150px.jpg\",\"contentUrl\":\"https:\\\/\\\/ethrat.ch\\\/wp-content\\\/uploads\\\/2026\\\/03\\\/Oderbruecke_1000x600_150px.jpg\"},{\"@type\":\"BreadcrumbList\",\"@id\":\"https:\\\/\\\/ethrat.ch\\\/de\\\/cfk-ultraleicht-extrem-stark-und-neu-wiederverwertbar\\\/#breadcrumb\",\"itemListElement\":[{\"@type\":\"ListItem\",\"position\":1,\"name\":\"Home\",\"item\":\"https:\\\/\\\/ethrat.ch\\\/de\\\/\"},{\"@type\":\"ListItem\",\"position\":2,\"name\":\"CFK: ultraleicht, extrem stark \u2013 und neu wiederverwertbar\"}]},{\"@type\":\"WebSite\",\"@id\":\"https:\\\/\\\/ethrat.ch\\\/de\\\/#website\",\"url\":\"https:\\\/\\\/ethrat.ch\\\/de\\\/\",\"name\":\"ETH-Rat\",\"description\":\"\",\"publisher\":{\"@id\":\"https:\\\/\\\/ethrat.ch\\\/de\\\/#organization\"},\"potentialAction\":[{\"@type\":\"SearchAction\",\"target\":{\"@type\":\"EntryPoint\",\"urlTemplate\":\"https:\\\/\\\/ethrat.ch\\\/de\\\/?s={search_term_string}\"},\"query-input\":{\"@type\":\"PropertyValueSpecification\",\"valueRequired\":true,\"valueName\":\"search_term_string\"}}],\"inLanguage\":\"ja\"},{\"@type\":\"Organization\",\"@id\":\"https:\\\/\\\/ethrat.ch\\\/de\\\/#organization\",\"name\":\"ETH-Rat\",\"url\":\"https:\\\/\\\/ethrat.ch\\\/de\\\/\",\"logo\":{\"@type\":\"ImageObject\",\"inLanguage\":\"ja\",\"@id\":\"https:\\\/\\\/ethrat.ch\\\/de\\\/#\\\/schema\\\/logo\\\/image\\\/\",\"url\":\"https:\\\/\\\/ethrat.ch\\\/wp-content\\\/uploads\\\/2024\\\/04\\\/logo-white.svg\",\"contentUrl\":\"https:\\\/\\\/ethrat.ch\\\/wp-content\\\/uploads\\\/2024\\\/04\\\/logo-white.svg\",\"width\":283,\"height\":81,\"caption\":\"ETH-Rat\"},\"image\":{\"@id\":\"https:\\\/\\\/ethrat.ch\\\/de\\\/#\\\/schema\\\/logo\\\/image\\\/\"},\"sameAs\":[\"https:\\\/\\\/x.com\\\/eth_rat\",\"https:\\\/\\\/issuu.com\\\/ethrat\",\"https:\\\/\\\/www.linkedin.com\\\/company\\\/eth-rat\\\/\"]}]}<\/script>\n<!-- \/ Yoast SEO plugin. -->","yoast_head_json":{"title":"CFK: ultraleicht, extrem stark \u2013 und neu wiederverwertbar - ETH-Rat","robots":{"index":"index","follow":"follow","max-snippet":"max-snippet:-1","max-image-preview":"max-image-preview:large","max-video-preview":"max-video-preview:-1"},"canonical":"https:\/\/ethrat.ch\/de\/cfk-ultraleicht-extrem-stark-und-neu-wiederverwertbar\/","og_locale":"ja_JP","og_type":"article","og_title":"CFK: ultraleicht, extrem stark \u2013 und neu wiederverwertbar - ETH-Rat","og_description":"Im Bild: Die Oderbr\u00fccke mit ihrem Netzwerkbogen mit 130 Metern Spannweite und 88 Carbon-H\u00e4ngern. Volker Emersl ...","og_url":"https:\/\/ethrat.ch\/de\/cfk-ultraleicht-extrem-stark-und-neu-wiederverwertbar\/","og_site_name":"ETH-Rat","article_modified_time":"2026-03-25T12:48:44+00:00","og_image":[{"width":1000,"height":667,"url":"https:\/\/ethrat.ch\/wp-content\/uploads\/2026\/03\/Oderbruecke_1000x600_150px.jpg","type":"image\/jpeg"}],"twitter_card":"summary_large_image","twitter_site":"@eth_rat","twitter_misc":{"\u63a8\u5b9a\u8aad\u307f\u53d6\u308a\u6642\u9593":"1\u5206"},"schema":{"@context":"https:\/\/schema.org","@graph":[{"@type":"WebPage","@id":"https:\/\/ethrat.ch\/de\/cfk-ultraleicht-extrem-stark-und-neu-wiederverwertbar\/","url":"https:\/\/ethrat.ch\/de\/cfk-ultraleicht-extrem-stark-und-neu-wiederverwertbar\/","name":"CFK: ultraleicht, extrem stark \u2013 und neu wiederverwertbar - ETH-Rat","isPartOf":{"@id":"https:\/\/ethrat.ch\/de\/#website"},"primaryImageOfPage":{"@id":"https:\/\/ethrat.ch\/de\/cfk-ultraleicht-extrem-stark-und-neu-wiederverwertbar\/#primaryimage"},"image":{"@id":"https:\/\/ethrat.ch\/de\/cfk-ultraleicht-extrem-stark-und-neu-wiederverwertbar\/#primaryimage"},"thumbnailUrl":"https:\/\/ethrat.ch\/wp-content\/uploads\/2026\/03\/Oderbruecke_1000x600_150px.jpg","datePublished":"2026-03-25T12:42:16+00:00","dateModified":"2026-03-25T12:48:44+00:00","breadcrumb":{"@id":"https:\/\/ethrat.ch\/de\/cfk-ultraleicht-extrem-stark-und-neu-wiederverwertbar\/#breadcrumb"},"inLanguage":"ja","potentialAction":[{"@type":"ReadAction","target":["https:\/\/ethrat.ch\/de\/cfk-ultraleicht-extrem-stark-und-neu-wiederverwertbar\/"]}]},{"@type":"ImageObject","inLanguage":"ja","@id":"https:\/\/ethrat.ch\/de\/cfk-ultraleicht-extrem-stark-und-neu-wiederverwertbar\/#primaryimage","url":"https:\/\/ethrat.ch\/wp-content\/uploads\/2026\/03\/Oderbruecke_1000x600_150px.jpg","contentUrl":"https:\/\/ethrat.ch\/wp-content\/uploads\/2026\/03\/Oderbruecke_1000x600_150px.jpg"},{"@type":"BreadcrumbList","@id":"https:\/\/ethrat.ch\/de\/cfk-ultraleicht-extrem-stark-und-neu-wiederverwertbar\/#breadcrumb","itemListElement":[{"@type":"ListItem","position":1,"name":"Home","item":"https:\/\/ethrat.ch\/de\/"},{"@type":"ListItem","position":2,"name":"CFK: ultraleicht, extrem stark \u2013 und neu wiederverwertbar"}]},{"@type":"WebSite","@id":"https:\/\/ethrat.ch\/de\/#website","url":"https:\/\/ethrat.ch\/de\/","name":"ETH-Rat","description":"","publisher":{"@id":"https:\/\/ethrat.ch\/de\/#organization"},"potentialAction":[{"@type":"SearchAction","target":{"@type":"EntryPoint","urlTemplate":"https:\/\/ethrat.ch\/de\/?s={search_term_string}"},"query-input":{"@type":"PropertyValueSpecification","valueRequired":true,"valueName":"search_term_string"}}],"inLanguage":"ja"},{"@type":"Organization","@id":"https:\/\/ethrat.ch\/de\/#organization","name":"ETH-Rat","url":"https:\/\/ethrat.ch\/de\/","logo":{"@type":"ImageObject","inLanguage":"ja","@id":"https:\/\/ethrat.ch\/de\/#\/schema\/logo\/image\/","url":"https:\/\/ethrat.ch\/wp-content\/uploads\/2024\/04\/logo-white.svg","contentUrl":"https:\/\/ethrat.ch\/wp-content\/uploads\/2024\/04\/logo-white.svg","width":283,"height":81,"caption":"ETH-Rat"},"image":{"@id":"https:\/\/ethrat.ch\/de\/#\/schema\/logo\/image\/"},"sameAs":["https:\/\/x.com\/eth_rat","https:\/\/issuu.com\/ethrat","https:\/\/www.linkedin.com\/company\/eth-rat\/"]}]}},"_links":{"self":[{"href":"https:\/\/ethrat.ch\/ja\/wp-json\/wp\/v2\/pages\/58150","targetHints":{"allow":["GET"]}}],"collection":[{"href":"https:\/\/ethrat.ch\/ja\/wp-json\/wp\/v2\/pages"}],"about":[{"href":"https:\/\/ethrat.ch\/ja\/wp-json\/wp\/v2\/types\/page"}],"author":[{"embeddable":true,"href":"https:\/\/ethrat.ch\/ja\/wp-json\/wp\/v2\/users\/26"}],"replies":[{"embeddable":true,"href":"https:\/\/ethrat.ch\/ja\/wp-json\/wp\/v2\/comments?post=58150"}],"version-history":[{"count":26,"href":"https:\/\/ethrat.ch\/ja\/wp-json\/wp\/v2\/pages\/58150\/revisions"}],"predecessor-version":[{"id":58799,"href":"https:\/\/ethrat.ch\/ja\/wp-json\/wp\/v2\/pages\/58150\/revisions\/58799"}],"wp:attachment":[{"href":"https:\/\/ethrat.ch\/ja\/wp-json\/wp\/v2\/media?parent=58150"}],"wp:term":[{"taxonomy":"search-tag","embeddable":true,"href":"https:\/\/ethrat.ch\/ja\/wp-json\/wp\/v2\/search-tag?post=58150"}],"curies":[{"name":"wp","href":"https:\/\/api.w.org\/{rel}","templated":true}]}}