{"id":58015,"date":"2026-03-30T16:06:33","date_gmt":"2026-03-30T14:06:33","guid":{"rendered":"https:\/\/ethrat.ch\/?page_id=58015"},"modified":"2026-03-30T16:11:04","modified_gmt":"2026-03-30T14:11:04","slug":"gesundheit-frueherkennung-im-alltag","status":"publish","type":"page","link":"https:\/\/ethrat.ch\/ja\/eth-rat\/gesundheit-frueherkennung-im-alltag\/","title":{"rendered":"Gesundheit: Fr\u00fcherkennung im Alltag"},"content":{"rendered":"\t\t<div data-elementor-type=\"wp-page\" data-elementor-id=\"58015\" class=\"elementor elementor-58015\" data-elementor-post-type=\"page\">\n\t\t\t\t\t\t<section class=\"elementor-section elementor-top-section elementor-element elementor-element-1f733a1f elementor-section-boxed elementor-section-height-default elementor-section-height-default\" data-id=\"1f733a1f\" data-element_type=\"section\" data-e-type=\"section\">\n\t\t\t\t\t\t<div class=\"elementor-container elementor-column-gap-default\">\n\t\t\t\t\t<div class=\"elementor-column elementor-col-100 elementor-top-column elementor-element elementor-element-58e7104f\" data-id=\"58e7104f\" data-element_type=\"column\" data-e-type=\"column\" data-settings=\"{&quot;background_background&quot;:&quot;classic&quot;}\">\n\t\t\t<div class=\"elementor-widget-wrap elementor-element-populated\">\n\t\t\t\t\t\t<div class=\"elementor-element elementor-element-63b57e3e elementor-widget elementor-widget-image\" data-id=\"63b57e3e\" data-element_type=\"widget\" data-e-type=\"widget\" data-widget_type=\"image.default\">\n\t\t\t\t<div class=\"elementor-widget-container\">\n\t\t\t\t\t\t\t\t\t\t\t\t<figure class=\"wp-caption\">\n\t\t\t\t\t\t\t\t\t\t<img decoding=\"async\" width=\"2560\" height=\"1279\" src=\"https:\/\/ethrat.ch\/wp-content\/uploads\/2026\/03\/image.imageformat.carousel.1008394391-scaled.jpg\" class=\"attachment-full size-full wp-image-58020\" alt=\"\" srcset=\"https:\/\/ethrat.ch\/wp-content\/uploads\/2026\/03\/image.imageformat.carousel.1008394391-scaled.jpg 2560w, https:\/\/ethrat.ch\/wp-content\/uploads\/2026\/03\/image.imageformat.carousel.1008394391-300x150.jpg 300w, https:\/\/ethrat.ch\/wp-content\/uploads\/2026\/03\/image.imageformat.carousel.1008394391-1024x512.jpg 1024w, https:\/\/ethrat.ch\/wp-content\/uploads\/2026\/03\/image.imageformat.carousel.1008394391-768x384.jpg 768w, https:\/\/ethrat.ch\/wp-content\/uploads\/2026\/03\/image.imageformat.carousel.1008394391-1536x767.jpg 1536w, https:\/\/ethrat.ch\/wp-content\/uploads\/2026\/03\/image.imageformat.carousel.1008394391-2048x1023.jpg 2048w\" sizes=\"(max-width: 2560px) 100vw, 2560px\" \/>\t\t\t\t\t\t\t\t\t\t\t<figcaption class=\"widget-image-caption wp-caption-text\">Bild, KI-generiert: Lucas Dosnon und Josef Kuster\/ETH Z\u00fcrich<\/figcaption>\n\t\t\t\t\t\t\t\t\t\t<\/figure>\n\t\t\t\t\t\t\t\t\t<\/div>\n\t\t\t\t<\/div>\n\t\t\t\t\t<\/div>\n\t\t<\/div>\n\t\t\t\t\t<\/div>\n\t\t<\/section>\n\t\t\t\t<section class=\"elementor-section elementor-top-section elementor-element elementor-element-4fad40ec elementor-section-boxed elementor-section-height-default elementor-section-height-default\" data-id=\"4fad40ec\" data-element_type=\"section\" data-e-type=\"section\">\n\t\t\t\t\t\t<div class=\"elementor-container elementor-column-gap-default\">\n\t\t\t\t\t<div class=\"elementor-column elementor-col-100 elementor-top-column elementor-element elementor-element-d3102ee\" data-id=\"d3102ee\" data-element_type=\"column\" data-e-type=\"column\">\n\t\t\t<div class=\"elementor-widget-wrap elementor-element-populated\">\n\t\t\t\t\t\t<div class=\"elementor-element elementor-element-23e8146f elementor-widget elementor-widget-heading\" data-id=\"23e8146f\" data-element_type=\"widget\" data-e-type=\"widget\" data-widget_type=\"heading.default\">\n\t\t\t\t<div class=\"elementor-widget-container\">\n\t\t\t\t\t<h1 class=\"elementor-heading-title elementor-size-default\">Gesundheit: Fr\u00fcherkennung im Alltag<\/h1>\t\t\t\t<\/div>\n\t\t\t\t<\/div>\n\t\t\t\t\t<\/div>\n\t\t<\/div>\n\t\t\t\t\t<\/div>\n\t\t<\/section>\n\t\t\t\t<section class=\"elementor-section elementor-top-section elementor-element elementor-element-75e2770 elementor-section-boxed elementor-section-height-default elementor-section-height-default\" data-id=\"75e2770\" data-element_type=\"section\" data-e-type=\"section\">\n\t\t\t\t\t\t<div class=\"elementor-container elementor-column-gap-default\">\n\t\t\t\t\t<div class=\"elementor-column elementor-col-100 elementor-top-column elementor-element elementor-element-43571d5\" data-id=\"43571d5\" data-element_type=\"column\" data-e-type=\"column\">\n\t\t\t<div class=\"elementor-widget-wrap elementor-element-populated\">\n\t\t\t\t\t\t<div class=\"elementor-element elementor-element-85af08f elementor-widget elementor-widget-text-editor\" data-id=\"85af08f\" data-element_type=\"widget\" data-e-type=\"widget\" data-widget_type=\"text-editor.default\">\n\t\t\t\t<div class=\"elementor-widget-container\">\n\t\t\t\t\t\t\t\t\t<p>Wie eine Binde Krankheiten aufsp\u00fcrt.<\/p>\t\t\t\t\t\t\t\t<\/div>\n\t\t\t\t<\/div>\n\t\t\t\t\t<\/div>\n\t\t<\/div>\n\t\t\t\t\t<\/div>\n\t\t<\/section>\n\t\t\t\t<section class=\"elementor-section elementor-top-section elementor-element elementor-element-93cb5b9 elementor-section-boxed elementor-section-height-default elementor-section-height-default\" data-id=\"93cb5b9\" data-element_type=\"section\" data-e-type=\"section\">\n\t\t\t\t\t\t<div class=\"elementor-container elementor-column-gap-default\">\n\t\t\t\t\t<div class=\"elementor-column elementor-col-100 elementor-top-column elementor-element elementor-element-d6893b7\" data-id=\"d6893b7\" data-element_type=\"column\" data-e-type=\"column\">\n\t\t\t<div class=\"elementor-widget-wrap elementor-element-populated\">\n\t\t\t\t\t\t<div class=\"elementor-element elementor-element-2efe4f2 elementor-widget elementor-widget-text-editor\" data-id=\"2efe4f2\" data-element_type=\"widget\" data-e-type=\"widget\" data-widget_type=\"text-editor.default\">\n\t\t\t\t<div class=\"elementor-widget-container\">\n\t\t\t\t\t\t\t\t\t<p>Forschende der ETH Z\u00fcrich haben mit MenstruAI ein einfaches, nicht-invasives und kosteng\u00fcnstiges Ger\u00e4t entwickelt, das Biomarker im Menstruationsblut direkt in einer Binde erkennen kann. Die Sensortechnologie kommt ohne Elektronik und Labor aus und soll die Fr\u00fcherkennung von Krankheiten erleichtern \u2013 besonders in Regionen mit eingeschr\u00e4nkter Gesundheitsversorgung. Die Anwendung ist unkompliziert: Binde mit integriertem Sensor tragen, fotografieren und per App auswerten. Menstruationsblut enth\u00e4lt hunderte Proteine, vergleichbar mit ven\u00f6sem Blut. F\u00fcr den Prototyp werden drei Biomarker genutzt: CRP (Entz\u00fcndungen), CEA (Tumormarker) und CA-125 (Endometriose \/ Eierstockkrebs). Die Methode beruht auf papierbasierten Schnelltests, vergleichbar mit Covid-Selbsttests: Trifft ein Biomarker im Blut auf einen spezifischen Antik\u00f6rper auf dem Teststreifen, erscheint ein Farbstreifen. Je h\u00f6her die Proteinkonzentration, desto dunkler die Farbe. Nach einer ersten Machbarkeitsstudie ist nun eine gr\u00f6ssere Feldstudie geplant.<\/p>\t\t\t\t\t\t\t\t<\/div>\n\t\t\t\t<\/div>\n\t\t\t\t\t<\/div>\n\t\t<\/div>\n\t\t\t\t\t<\/div>\n\t\t<\/section>\n\t\t\t\t<\/div>\n\t\t","protected":false},"excerpt":{"rendered":"<p>Bild, KI-generiert: Lucas Dosnon und Josef Kuster\/ETH Z\u00fcrich Wie eine Binde Krankheiten aufsp\u00fcrt. Forschende d &#8230;<\/p>\n","protected":false},"author":26,"featured_media":0,"parent":627,"menu_order":0,"comment_status":"closed","ping_status":"closed","template":"","meta":{"_acf_changed":false,"footnotes":"","_links_to":"","_links_to_target":""},"search-tag":[],"class_list":["post-58015","page","type-page","status-publish","hentry"],"acf":[],"yoast_head":"<!-- This site is optimized with the Yoast SEO plugin v27.3 - https:\/\/yoast.com\/product\/yoast-seo-wordpress\/ -->\n<title>Gesundheit: Fr\u00fcherkennung im Alltag - ETH-Rat<\/title>\n<meta name=\"robots\" content=\"index, follow, max-snippet:-1, max-image-preview:large, max-video-preview:-1\" \/>\n<link rel=\"canonical\" href=\"https:\/\/ethrat.ch\/de\/eth-rat\/gesundheit-frueherkennung-im-alltag\/\" \/>\n<meta property=\"og:locale\" content=\"ja_JP\" \/>\n<meta property=\"og:type\" content=\"article\" \/>\n<meta property=\"og:title\" content=\"Gesundheit: Fr\u00fcherkennung im Alltag - ETH-Rat\" \/>\n<meta property=\"og:description\" content=\"Bild, KI-generiert: Lucas Dosnon und Josef Kuster\/ETH Z\u00fcrich Wie eine Binde Krankheiten aufsp\u00fcrt. Forschende d ...\" \/>\n<meta property=\"og:url\" content=\"https:\/\/ethrat.ch\/de\/eth-rat\/gesundheit-frueherkennung-im-alltag\/\" \/>\n<meta property=\"og:site_name\" content=\"ETH-Rat\" \/>\n<meta property=\"article:modified_time\" content=\"2026-03-30T14:11:04+00:00\" \/>\n<meta property=\"og:image\" content=\"https:\/\/ethrat.ch\/wp-content\/uploads\/2026\/03\/image.imageformat.carousel.1008394391-scaled.jpg\" \/>\n\t<meta property=\"og:image:width\" content=\"2560\" \/>\n\t<meta property=\"og:image:height\" content=\"1279\" \/>\n\t<meta property=\"og:image:type\" content=\"image\/jpeg\" \/>\n<meta name=\"twitter:card\" content=\"summary_large_image\" \/>\n<meta name=\"twitter:site\" content=\"@eth_rat\" \/>\n<meta name=\"twitter:label1\" content=\"\u63a8\u5b9a\u8aad\u307f\u53d6\u308a\u6642\u9593\" \/>\n\t<meta name=\"twitter:data1\" content=\"1\u5206\" \/>\n<script type=\"application\/ld+json\" class=\"yoast-schema-graph\">{\"@context\":\"https:\\\/\\\/schema.org\",\"@graph\":[{\"@type\":\"WebPage\",\"@id\":\"https:\\\/\\\/ethrat.ch\\\/de\\\/eth-rat\\\/gesundheit-frueherkennung-im-alltag\\\/\",\"url\":\"https:\\\/\\\/ethrat.ch\\\/de\\\/eth-rat\\\/gesundheit-frueherkennung-im-alltag\\\/\",\"name\":\"Gesundheit: Fr\u00fcherkennung im Alltag - ETH-Rat\",\"isPartOf\":{\"@id\":\"https:\\\/\\\/ethrat.ch\\\/de\\\/#website\"},\"primaryImageOfPage\":{\"@id\":\"https:\\\/\\\/ethrat.ch\\\/de\\\/eth-rat\\\/gesundheit-frueherkennung-im-alltag\\\/#primaryimage\"},\"image\":{\"@id\":\"https:\\\/\\\/ethrat.ch\\\/de\\\/eth-rat\\\/gesundheit-frueherkennung-im-alltag\\\/#primaryimage\"},\"thumbnailUrl\":\"https:\\\/\\\/ethrat.ch\\\/wp-content\\\/uploads\\\/2026\\\/03\\\/image.imageformat.carousel.1008394391-scaled.jpg\",\"datePublished\":\"2026-03-30T14:06:33+00:00\",\"dateModified\":\"2026-03-30T14:11:04+00:00\",\"breadcrumb\":{\"@id\":\"https:\\\/\\\/ethrat.ch\\\/de\\\/eth-rat\\\/gesundheit-frueherkennung-im-alltag\\\/#breadcrumb\"},\"inLanguage\":\"ja\",\"potentialAction\":[{\"@type\":\"ReadAction\",\"target\":[\"https:\\\/\\\/ethrat.ch\\\/de\\\/eth-rat\\\/gesundheit-frueherkennung-im-alltag\\\/\"]}]},{\"@type\":\"ImageObject\",\"inLanguage\":\"ja\",\"@id\":\"https:\\\/\\\/ethrat.ch\\\/de\\\/eth-rat\\\/gesundheit-frueherkennung-im-alltag\\\/#primaryimage\",\"url\":\"https:\\\/\\\/ethrat.ch\\\/wp-content\\\/uploads\\\/2026\\\/03\\\/image.imageformat.carousel.1008394391-scaled.jpg\",\"contentUrl\":\"https:\\\/\\\/ethrat.ch\\\/wp-content\\\/uploads\\\/2026\\\/03\\\/image.imageformat.carousel.1008394391-scaled.jpg\"},{\"@type\":\"BreadcrumbList\",\"@id\":\"https:\\\/\\\/ethrat.ch\\\/de\\\/eth-rat\\\/gesundheit-frueherkennung-im-alltag\\\/#breadcrumb\",\"itemListElement\":[{\"@type\":\"ListItem\",\"position\":1,\"name\":\"Home\",\"item\":\"https:\\\/\\\/ethrat.ch\\\/de\\\/\"},{\"@type\":\"ListItem\",\"position\":2,\"name\":\"ETH-RAT\",\"item\":\"https:\\\/\\\/ethrat.ch\\\/eth-rat\\\/portrat-eth-rat\\\/\"},{\"@type\":\"ListItem\",\"position\":3,\"name\":\"Gesundheit: Fr\u00fcherkennung im Alltag\"}]},{\"@type\":\"WebSite\",\"@id\":\"https:\\\/\\\/ethrat.ch\\\/de\\\/#website\",\"url\":\"https:\\\/\\\/ethrat.ch\\\/de\\\/\",\"name\":\"ETH-Rat\",\"description\":\"\",\"publisher\":{\"@id\":\"https:\\\/\\\/ethrat.ch\\\/de\\\/#organization\"},\"potentialAction\":[{\"@type\":\"SearchAction\",\"target\":{\"@type\":\"EntryPoint\",\"urlTemplate\":\"https:\\\/\\\/ethrat.ch\\\/de\\\/?s={search_term_string}\"},\"query-input\":{\"@type\":\"PropertyValueSpecification\",\"valueRequired\":true,\"valueName\":\"search_term_string\"}}],\"inLanguage\":\"ja\"},{\"@type\":\"Organization\",\"@id\":\"https:\\\/\\\/ethrat.ch\\\/de\\\/#organization\",\"name\":\"ETH-Rat\",\"url\":\"https:\\\/\\\/ethrat.ch\\\/de\\\/\",\"logo\":{\"@type\":\"ImageObject\",\"inLanguage\":\"ja\",\"@id\":\"https:\\\/\\\/ethrat.ch\\\/de\\\/#\\\/schema\\\/logo\\\/image\\\/\",\"url\":\"https:\\\/\\\/ethrat.ch\\\/wp-content\\\/uploads\\\/2024\\\/04\\\/logo-white.svg\",\"contentUrl\":\"https:\\\/\\\/ethrat.ch\\\/wp-content\\\/uploads\\\/2024\\\/04\\\/logo-white.svg\",\"width\":283,\"height\":81,\"caption\":\"ETH-Rat\"},\"image\":{\"@id\":\"https:\\\/\\\/ethrat.ch\\\/de\\\/#\\\/schema\\\/logo\\\/image\\\/\"},\"sameAs\":[\"https:\\\/\\\/x.com\\\/eth_rat\",\"https:\\\/\\\/issuu.com\\\/ethrat\",\"https:\\\/\\\/www.linkedin.com\\\/company\\\/eth-rat\\\/\"]}]}<\/script>\n<!-- \/ Yoast SEO plugin. -->","yoast_head_json":{"title":"Gesundheit: Fr\u00fcherkennung im Alltag - ETH-Rat","robots":{"index":"index","follow":"follow","max-snippet":"max-snippet:-1","max-image-preview":"max-image-preview:large","max-video-preview":"max-video-preview:-1"},"canonical":"https:\/\/ethrat.ch\/de\/eth-rat\/gesundheit-frueherkennung-im-alltag\/","og_locale":"ja_JP","og_type":"article","og_title":"Gesundheit: Fr\u00fcherkennung im Alltag - ETH-Rat","og_description":"Bild, KI-generiert: Lucas Dosnon und Josef Kuster\/ETH Z\u00fcrich Wie eine Binde Krankheiten aufsp\u00fcrt. Forschende d ...","og_url":"https:\/\/ethrat.ch\/de\/eth-rat\/gesundheit-frueherkennung-im-alltag\/","og_site_name":"ETH-Rat","article_modified_time":"2026-03-30T14:11:04+00:00","og_image":[{"width":2560,"height":1279,"url":"https:\/\/ethrat.ch\/wp-content\/uploads\/2026\/03\/image.imageformat.carousel.1008394391-scaled.jpg","type":"image\/jpeg"}],"twitter_card":"summary_large_image","twitter_site":"@eth_rat","twitter_misc":{"\u63a8\u5b9a\u8aad\u307f\u53d6\u308a\u6642\u9593":"1\u5206"},"schema":{"@context":"https:\/\/schema.org","@graph":[{"@type":"WebPage","@id":"https:\/\/ethrat.ch\/de\/eth-rat\/gesundheit-frueherkennung-im-alltag\/","url":"https:\/\/ethrat.ch\/de\/eth-rat\/gesundheit-frueherkennung-im-alltag\/","name":"Gesundheit: Fr\u00fcherkennung im Alltag - ETH-Rat","isPartOf":{"@id":"https:\/\/ethrat.ch\/de\/#website"},"primaryImageOfPage":{"@id":"https:\/\/ethrat.ch\/de\/eth-rat\/gesundheit-frueherkennung-im-alltag\/#primaryimage"},"image":{"@id":"https:\/\/ethrat.ch\/de\/eth-rat\/gesundheit-frueherkennung-im-alltag\/#primaryimage"},"thumbnailUrl":"https:\/\/ethrat.ch\/wp-content\/uploads\/2026\/03\/image.imageformat.carousel.1008394391-scaled.jpg","datePublished":"2026-03-30T14:06:33+00:00","dateModified":"2026-03-30T14:11:04+00:00","breadcrumb":{"@id":"https:\/\/ethrat.ch\/de\/eth-rat\/gesundheit-frueherkennung-im-alltag\/#breadcrumb"},"inLanguage":"ja","potentialAction":[{"@type":"ReadAction","target":["https:\/\/ethrat.ch\/de\/eth-rat\/gesundheit-frueherkennung-im-alltag\/"]}]},{"@type":"ImageObject","inLanguage":"ja","@id":"https:\/\/ethrat.ch\/de\/eth-rat\/gesundheit-frueherkennung-im-alltag\/#primaryimage","url":"https:\/\/ethrat.ch\/wp-content\/uploads\/2026\/03\/image.imageformat.carousel.1008394391-scaled.jpg","contentUrl":"https:\/\/ethrat.ch\/wp-content\/uploads\/2026\/03\/image.imageformat.carousel.1008394391-scaled.jpg"},{"@type":"BreadcrumbList","@id":"https:\/\/ethrat.ch\/de\/eth-rat\/gesundheit-frueherkennung-im-alltag\/#breadcrumb","itemListElement":[{"@type":"ListItem","position":1,"name":"Home","item":"https:\/\/ethrat.ch\/de\/"},{"@type":"ListItem","position":2,"name":"ETH-RAT","item":"https:\/\/ethrat.ch\/eth-rat\/portrat-eth-rat\/"},{"@type":"ListItem","position":3,"name":"Gesundheit: Fr\u00fcherkennung im Alltag"}]},{"@type":"WebSite","@id":"https:\/\/ethrat.ch\/de\/#website","url":"https:\/\/ethrat.ch\/de\/","name":"ETH-Rat","description":"","publisher":{"@id":"https:\/\/ethrat.ch\/de\/#organization"},"potentialAction":[{"@type":"SearchAction","target":{"@type":"EntryPoint","urlTemplate":"https:\/\/ethrat.ch\/de\/?s={search_term_string}"},"query-input":{"@type":"PropertyValueSpecification","valueRequired":true,"valueName":"search_term_string"}}],"inLanguage":"ja"},{"@type":"Organization","@id":"https:\/\/ethrat.ch\/de\/#organization","name":"ETH-Rat","url":"https:\/\/ethrat.ch\/de\/","logo":{"@type":"ImageObject","inLanguage":"ja","@id":"https:\/\/ethrat.ch\/de\/#\/schema\/logo\/image\/","url":"https:\/\/ethrat.ch\/wp-content\/uploads\/2024\/04\/logo-white.svg","contentUrl":"https:\/\/ethrat.ch\/wp-content\/uploads\/2024\/04\/logo-white.svg","width":283,"height":81,"caption":"ETH-Rat"},"image":{"@id":"https:\/\/ethrat.ch\/de\/#\/schema\/logo\/image\/"},"sameAs":["https:\/\/x.com\/eth_rat","https:\/\/issuu.com\/ethrat","https:\/\/www.linkedin.com\/company\/eth-rat\/"]}]}},"_links":{"self":[{"href":"https:\/\/ethrat.ch\/ja\/wp-json\/wp\/v2\/pages\/58015","targetHints":{"allow":["GET"]}}],"collection":[{"href":"https:\/\/ethrat.ch\/ja\/wp-json\/wp\/v2\/pages"}],"about":[{"href":"https:\/\/ethrat.ch\/ja\/wp-json\/wp\/v2\/types\/page"}],"author":[{"embeddable":true,"href":"https:\/\/ethrat.ch\/ja\/wp-json\/wp\/v2\/users\/26"}],"replies":[{"embeddable":true,"href":"https:\/\/ethrat.ch\/ja\/wp-json\/wp\/v2\/comments?post=58015"}],"version-history":[{"count":42,"href":"https:\/\/ethrat.ch\/ja\/wp-json\/wp\/v2\/pages\/58015\/revisions"}],"predecessor-version":[{"id":59434,"href":"https:\/\/ethrat.ch\/ja\/wp-json\/wp\/v2\/pages\/58015\/revisions\/59434"}],"up":[{"embeddable":true,"href":"https:\/\/ethrat.ch\/ja\/wp-json\/wp\/v2\/pages\/627"}],"wp:attachment":[{"href":"https:\/\/ethrat.ch\/ja\/wp-json\/wp\/v2\/media?parent=58015"}],"wp:term":[{"taxonomy":"search-tag","embeddable":true,"href":"https:\/\/ethrat.ch\/ja\/wp-json\/wp\/v2\/search-tag?post=58015"}],"curies":[{"name":"wp","href":"https:\/\/api.w.org\/{rel}","templated":true}]}}