{"id":53710,"date":"2025-09-05T10:17:06","date_gmt":"2025-09-05T08:17:06","guid":{"rendered":"https:\/\/ethrat.ch\/?page_id=53710"},"modified":"2025-09-05T13:39:28","modified_gmt":"2025-09-05T11:39:28","slug":"vision-des-eth-rats-fuer-den-eth-bereich-drei-starke-pfeiler","status":"publish","type":"page","link":"https:\/\/ethrat.ch\/ja\/eth-bereich\/vision-des-eth-rats-fuer-den-eth-bereich-drei-starke-pfeiler\/","title":{"rendered":"Vision des ETH-Rats f\u00fcr den ETH-Bereich: Drei starke Pfeiler"},"content":{"rendered":"\t\t<div data-elementor-type=\"wp-page\" data-elementor-id=\"53710\" class=\"elementor elementor-53710\" data-elementor-post-type=\"page\">\n\t\t\t\t\t\t<section class=\"elementor-section elementor-top-section elementor-element elementor-element-27877cc elementor-section-boxed elementor-section-height-default elementor-section-height-default\" data-id=\"27877cc\" data-element_type=\"section\" data-e-type=\"section\">\n\t\t\t\t\t\t<div class=\"elementor-container elementor-column-gap-default\">\n\t\t\t\t\t<div class=\"elementor-column elementor-col-100 elementor-top-column elementor-element elementor-element-1958dba\" data-id=\"1958dba\" data-element_type=\"column\" data-e-type=\"column\">\n\t\t\t<div class=\"elementor-widget-wrap elementor-element-populated\">\n\t\t\t\t\t\t<div class=\"elementor-element elementor-element-1a2e56d elementor-widget elementor-widget-heading\" data-id=\"1a2e56d\" data-element_type=\"widget\" data-e-type=\"widget\" data-widget_type=\"heading.default\">\n\t\t\t\t<div class=\"elementor-widget-container\">\n\t\t\t\t\t<h1 class=\"elementor-heading-title elementor-size-default\">Vision des ETH-Rats f\u00fcr den ETH-Bereich: Drei starke Pfeiler<\/h1>\t\t\t\t<\/div>\n\t\t\t\t<\/div>\n\t\t\t\t<div class=\"elementor-element elementor-element-10d39e8 elementor-widget elementor-widget-text-editor\" data-id=\"10d39e8\" data-element_type=\"widget\" data-e-type=\"widget\" data-widget_type=\"text-editor.default\">\n\t\t\t\t<div class=\"elementor-widget-container\">\n\t\t\t\t\t\t\t\t\t<p>Der ETH-Rat und die sechs Institutionen des ETH-Bereichs haben Anfang 2024 acht Ziele definiert, welche im Rahmen des Organisationsentwicklungsprojekts \u00abFIT for the Future\u00bb erreicht werden sollen. Dazu wurde bei den Institutionen des ETH-Bereichs von August bis Oktober 2024 eine interne Vorkonsultation durchgef\u00fchrt.<\/p><p>Der gemeinsame Nenner, wonach alle Institutionen eine intensivere Zusammenarbeit und eine verst\u00e4rkte strategische Koordination unterst\u00fctzen, bildete die Grundlage f\u00fcr den Richtungsentscheid des ETH-Rats. Im Rahmen der Strategie- und Strukturentwicklung des ETH-Bereichs m\u00f6chte der ETH-Rat die Forschungsanstalten im Verbund st\u00e4rken und als pr\u00e4genden dritten Pfeiler des ETH-Bereichs zu einem \u00abSwiss National Lab\u00bb (SNL, Arbeitstitel) weiterentwickeln. Die Brands der Forschungsanstalten, die von grossem Wert und bei den Stakeholdern sehr bekannt sind, sowie deren Standorte bleiben erhalten. Als neue Einheit unter dem gemeinsamen Dach soll die \u00abDigital Unit\u00bb entstehen mit Hauptsitz in der Romandie.<\/p>\t\t\t\t\t\t\t\t<\/div>\n\t\t\t\t<\/div>\n\t\t\t\t\t<\/div>\n\t\t<\/div>\n\t\t\t\t\t<\/div>\n\t\t<\/section>\n\t\t\t\t<section class=\"elementor-section elementor-top-section elementor-element elementor-element-fb76759 elementor-section-boxed elementor-section-height-default elementor-section-height-default\" data-id=\"fb76759\" data-element_type=\"section\" data-e-type=\"section\">\n\t\t\t\t\t\t<div class=\"elementor-container elementor-column-gap-default\">\n\t\t\t\t\t<div class=\"elementor-column elementor-col-100 elementor-top-column elementor-element elementor-element-c246cd5\" data-id=\"c246cd5\" data-element_type=\"column\" data-e-type=\"column\">\n\t\t\t<div class=\"elementor-widget-wrap elementor-element-populated\">\n\t\t\t\t\t\t<div class=\"elementor-element elementor-element-29469d7 elementor-widget elementor-widget-image\" data-id=\"29469d7\" data-element_type=\"widget\" data-e-type=\"widget\" data-widget_type=\"image.default\">\n\t\t\t\t<div class=\"elementor-widget-container\">\n\t\t\t\t\t\t\t\t\t\t\t\t\t\t\t<img decoding=\"async\" width=\"768\" height=\"645\" src=\"https:\/\/ethrat.ch\/wp-content\/uploads\/2025\/09\/fit_drei_pfeile-768x645.jpg\" class=\"attachment-medium_large size-medium_large wp-image-53715\" alt=\"\" srcset=\"https:\/\/ethrat.ch\/wp-content\/uploads\/2025\/09\/fit_drei_pfeile-768x645.jpg 768w, https:\/\/ethrat.ch\/wp-content\/uploads\/2025\/09\/fit_drei_pfeile-300x252.jpg 300w, https:\/\/ethrat.ch\/wp-content\/uploads\/2025\/09\/fit_drei_pfeile-1024x859.jpg 1024w, https:\/\/ethrat.ch\/wp-content\/uploads\/2025\/09\/fit_drei_pfeile.jpg 1120w\" sizes=\"(max-width: 768px) 100vw, 768px\" \/>\t\t\t\t\t\t\t\t\t\t\t\t\t\t\t<\/div>\n\t\t\t\t<\/div>\n\t\t\t\t\t<\/div>\n\t\t<\/div>\n\t\t\t\t\t<\/div>\n\t\t<\/section>\n\t\t\t\t<\/div>\n\t\t","protected":false},"excerpt":{"rendered":"<p>Der ETH-Rat und die sechs Institutionen des ETH-Bereichs haben Anfang 2024 acht Ziele definiert, welche im Rah &#8230;<\/p>\n","protected":false},"author":11,"featured_media":0,"parent":629,"menu_order":0,"comment_status":"closed","ping_status":"closed","template":"","meta":{"_acf_changed":false,"footnotes":"","_links_to":"","_links_to_target":""},"search-tag":[],"class_list":["post-53710","page","type-page","status-publish","hentry"],"acf":[],"yoast_head":"<!-- This site is optimized with the Yoast SEO plugin v27.3 - https:\/\/yoast.com\/product\/yoast-seo-wordpress\/ -->\n<title>Vision des ETH-Rats f\u00fcr den ETH-Bereich: Drei starke Pfeiler - ETH-Rat<\/title>\n<meta name=\"robots\" content=\"index, follow, max-snippet:-1, max-image-preview:large, max-video-preview:-1\" \/>\n<link rel=\"canonical\" href=\"https:\/\/ethrat.ch\/de\/eth-bereich\/vision-des-eth-rats-fuer-den-eth-bereich-drei-starke-pfeiler\/\" \/>\n<meta property=\"og:locale\" content=\"ja_JP\" \/>\n<meta property=\"og:type\" content=\"article\" \/>\n<meta property=\"og:title\" content=\"Vision des ETH-Rats f\u00fcr den ETH-Bereich: Drei starke Pfeiler - ETH-Rat\" \/>\n<meta property=\"og:description\" content=\"Der ETH-Rat und die sechs Institutionen des ETH-Bereichs haben Anfang 2024 acht Ziele definiert, welche im Rah ...\" \/>\n<meta property=\"og:url\" content=\"https:\/\/ethrat.ch\/de\/eth-bereich\/vision-des-eth-rats-fuer-den-eth-bereich-drei-starke-pfeiler\/\" \/>\n<meta property=\"og:site_name\" content=\"ETH-Rat\" \/>\n<meta property=\"article:modified_time\" content=\"2025-09-05T11:39:28+00:00\" \/>\n<meta property=\"og:image\" content=\"https:\/\/ethrat.ch\/wp-content\/uploads\/2025\/09\/fit_drei_pfeile.jpg\" \/>\n\t<meta property=\"og:image:width\" content=\"1120\" \/>\n\t<meta property=\"og:image:height\" content=\"940\" \/>\n\t<meta property=\"og:image:type\" content=\"image\/jpeg\" \/>\n<meta name=\"twitter:card\" content=\"summary_large_image\" \/>\n<meta name=\"twitter:site\" content=\"@eth_rat\" \/>\n<meta name=\"twitter:label1\" content=\"\u63a8\u5b9a\u8aad\u307f\u53d6\u308a\u6642\u9593\" \/>\n\t<meta name=\"twitter:data1\" content=\"1\u5206\" \/>\n<script type=\"application\/ld+json\" class=\"yoast-schema-graph\">{\"@context\":\"https:\\\/\\\/schema.org\",\"@graph\":[{\"@type\":\"WebPage\",\"@id\":\"https:\\\/\\\/ethrat.ch\\\/de\\\/eth-bereich\\\/vision-des-eth-rats-fuer-den-eth-bereich-drei-starke-pfeiler\\\/\",\"url\":\"https:\\\/\\\/ethrat.ch\\\/de\\\/eth-bereich\\\/vision-des-eth-rats-fuer-den-eth-bereich-drei-starke-pfeiler\\\/\",\"name\":\"Vision des ETH-Rats f\u00fcr den ETH-Bereich: Drei starke Pfeiler - ETH-Rat\",\"isPartOf\":{\"@id\":\"https:\\\/\\\/ethrat.ch\\\/de\\\/#website\"},\"primaryImageOfPage\":{\"@id\":\"https:\\\/\\\/ethrat.ch\\\/de\\\/eth-bereich\\\/vision-des-eth-rats-fuer-den-eth-bereich-drei-starke-pfeiler\\\/#primaryimage\"},\"image\":{\"@id\":\"https:\\\/\\\/ethrat.ch\\\/de\\\/eth-bereich\\\/vision-des-eth-rats-fuer-den-eth-bereich-drei-starke-pfeiler\\\/#primaryimage\"},\"thumbnailUrl\":\"https:\\\/\\\/ethrat.ch\\\/wp-content\\\/uploads\\\/2025\\\/09\\\/fit_drei_pfeile-768x645.jpg\",\"datePublished\":\"2025-09-05T08:17:06+00:00\",\"dateModified\":\"2025-09-05T11:39:28+00:00\",\"breadcrumb\":{\"@id\":\"https:\\\/\\\/ethrat.ch\\\/de\\\/eth-bereich\\\/vision-des-eth-rats-fuer-den-eth-bereich-drei-starke-pfeiler\\\/#breadcrumb\"},\"inLanguage\":\"ja\",\"potentialAction\":[{\"@type\":\"ReadAction\",\"target\":[\"https:\\\/\\\/ethrat.ch\\\/de\\\/eth-bereich\\\/vision-des-eth-rats-fuer-den-eth-bereich-drei-starke-pfeiler\\\/\"]}]},{\"@type\":\"ImageObject\",\"inLanguage\":\"ja\",\"@id\":\"https:\\\/\\\/ethrat.ch\\\/de\\\/eth-bereich\\\/vision-des-eth-rats-fuer-den-eth-bereich-drei-starke-pfeiler\\\/#primaryimage\",\"url\":\"https:\\\/\\\/ethrat.ch\\\/wp-content\\\/uploads\\\/2025\\\/09\\\/fit_drei_pfeile-768x645.jpg\",\"contentUrl\":\"https:\\\/\\\/ethrat.ch\\\/wp-content\\\/uploads\\\/2025\\\/09\\\/fit_drei_pfeile-768x645.jpg\"},{\"@type\":\"BreadcrumbList\",\"@id\":\"https:\\\/\\\/ethrat.ch\\\/de\\\/eth-bereich\\\/vision-des-eth-rats-fuer-den-eth-bereich-drei-starke-pfeiler\\\/#breadcrumb\",\"itemListElement\":[{\"@type\":\"ListItem\",\"position\":1,\"name\":\"Home\",\"item\":\"https:\\\/\\\/ethrat.ch\\\/de\\\/\"},{\"@type\":\"ListItem\",\"position\":2,\"name\":\"ETH-BEREICH\",\"item\":\"https:\\\/\\\/ethrat.ch\\\/de\\\/eth-bereich\\\/\"},{\"@type\":\"ListItem\",\"position\":3,\"name\":\"Vision des ETH-Rats f\u00fcr den ETH-Bereich: Drei starke Pfeiler\"}]},{\"@type\":\"WebSite\",\"@id\":\"https:\\\/\\\/ethrat.ch\\\/de\\\/#website\",\"url\":\"https:\\\/\\\/ethrat.ch\\\/de\\\/\",\"name\":\"ETH-Rat\",\"description\":\"\",\"publisher\":{\"@id\":\"https:\\\/\\\/ethrat.ch\\\/de\\\/#organization\"},\"potentialAction\":[{\"@type\":\"SearchAction\",\"target\":{\"@type\":\"EntryPoint\",\"urlTemplate\":\"https:\\\/\\\/ethrat.ch\\\/de\\\/?s={search_term_string}\"},\"query-input\":{\"@type\":\"PropertyValueSpecification\",\"valueRequired\":true,\"valueName\":\"search_term_string\"}}],\"inLanguage\":\"ja\"},{\"@type\":\"Organization\",\"@id\":\"https:\\\/\\\/ethrat.ch\\\/de\\\/#organization\",\"name\":\"ETH-Rat\",\"url\":\"https:\\\/\\\/ethrat.ch\\\/de\\\/\",\"logo\":{\"@type\":\"ImageObject\",\"inLanguage\":\"ja\",\"@id\":\"https:\\\/\\\/ethrat.ch\\\/de\\\/#\\\/schema\\\/logo\\\/image\\\/\",\"url\":\"https:\\\/\\\/ethrat.ch\\\/wp-content\\\/uploads\\\/2024\\\/04\\\/logo-white.svg\",\"contentUrl\":\"https:\\\/\\\/ethrat.ch\\\/wp-content\\\/uploads\\\/2024\\\/04\\\/logo-white.svg\",\"width\":283,\"height\":81,\"caption\":\"ETH-Rat\"},\"image\":{\"@id\":\"https:\\\/\\\/ethrat.ch\\\/de\\\/#\\\/schema\\\/logo\\\/image\\\/\"},\"sameAs\":[\"https:\\\/\\\/x.com\\\/eth_rat\",\"https:\\\/\\\/issuu.com\\\/ethrat\",\"https:\\\/\\\/www.linkedin.com\\\/company\\\/eth-rat\\\/\"]}]}<\/script>\n<!-- \/ Yoast SEO plugin. -->","yoast_head_json":{"title":"Vision des ETH-Rats f\u00fcr den ETH-Bereich: Drei starke Pfeiler - ETH-Rat","robots":{"index":"index","follow":"follow","max-snippet":"max-snippet:-1","max-image-preview":"max-image-preview:large","max-video-preview":"max-video-preview:-1"},"canonical":"https:\/\/ethrat.ch\/de\/eth-bereich\/vision-des-eth-rats-fuer-den-eth-bereich-drei-starke-pfeiler\/","og_locale":"ja_JP","og_type":"article","og_title":"Vision des ETH-Rats f\u00fcr den ETH-Bereich: Drei starke Pfeiler - ETH-Rat","og_description":"Der ETH-Rat und die sechs Institutionen des ETH-Bereichs haben Anfang 2024 acht Ziele definiert, welche im Rah ...","og_url":"https:\/\/ethrat.ch\/de\/eth-bereich\/vision-des-eth-rats-fuer-den-eth-bereich-drei-starke-pfeiler\/","og_site_name":"ETH-Rat","article_modified_time":"2025-09-05T11:39:28+00:00","og_image":[{"width":1120,"height":940,"url":"https:\/\/ethrat.ch\/wp-content\/uploads\/2025\/09\/fit_drei_pfeile.jpg","type":"image\/jpeg"}],"twitter_card":"summary_large_image","twitter_site":"@eth_rat","twitter_misc":{"\u63a8\u5b9a\u8aad\u307f\u53d6\u308a\u6642\u9593":"1\u5206"},"schema":{"@context":"https:\/\/schema.org","@graph":[{"@type":"WebPage","@id":"https:\/\/ethrat.ch\/de\/eth-bereich\/vision-des-eth-rats-fuer-den-eth-bereich-drei-starke-pfeiler\/","url":"https:\/\/ethrat.ch\/de\/eth-bereich\/vision-des-eth-rats-fuer-den-eth-bereich-drei-starke-pfeiler\/","name":"Vision des ETH-Rats f\u00fcr den ETH-Bereich: Drei starke Pfeiler - ETH-Rat","isPartOf":{"@id":"https:\/\/ethrat.ch\/de\/#website"},"primaryImageOfPage":{"@id":"https:\/\/ethrat.ch\/de\/eth-bereich\/vision-des-eth-rats-fuer-den-eth-bereich-drei-starke-pfeiler\/#primaryimage"},"image":{"@id":"https:\/\/ethrat.ch\/de\/eth-bereich\/vision-des-eth-rats-fuer-den-eth-bereich-drei-starke-pfeiler\/#primaryimage"},"thumbnailUrl":"https:\/\/ethrat.ch\/wp-content\/uploads\/2025\/09\/fit_drei_pfeile-768x645.jpg","datePublished":"2025-09-05T08:17:06+00:00","dateModified":"2025-09-05T11:39:28+00:00","breadcrumb":{"@id":"https:\/\/ethrat.ch\/de\/eth-bereich\/vision-des-eth-rats-fuer-den-eth-bereich-drei-starke-pfeiler\/#breadcrumb"},"inLanguage":"ja","potentialAction":[{"@type":"ReadAction","target":["https:\/\/ethrat.ch\/de\/eth-bereich\/vision-des-eth-rats-fuer-den-eth-bereich-drei-starke-pfeiler\/"]}]},{"@type":"ImageObject","inLanguage":"ja","@id":"https:\/\/ethrat.ch\/de\/eth-bereich\/vision-des-eth-rats-fuer-den-eth-bereich-drei-starke-pfeiler\/#primaryimage","url":"https:\/\/ethrat.ch\/wp-content\/uploads\/2025\/09\/fit_drei_pfeile-768x645.jpg","contentUrl":"https:\/\/ethrat.ch\/wp-content\/uploads\/2025\/09\/fit_drei_pfeile-768x645.jpg"},{"@type":"BreadcrumbList","@id":"https:\/\/ethrat.ch\/de\/eth-bereich\/vision-des-eth-rats-fuer-den-eth-bereich-drei-starke-pfeiler\/#breadcrumb","itemListElement":[{"@type":"ListItem","position":1,"name":"Home","item":"https:\/\/ethrat.ch\/de\/"},{"@type":"ListItem","position":2,"name":"ETH-BEREICH","item":"https:\/\/ethrat.ch\/de\/eth-bereich\/"},{"@type":"ListItem","position":3,"name":"Vision des ETH-Rats f\u00fcr den ETH-Bereich: Drei starke Pfeiler"}]},{"@type":"WebSite","@id":"https:\/\/ethrat.ch\/de\/#website","url":"https:\/\/ethrat.ch\/de\/","name":"ETH-Rat","description":"","publisher":{"@id":"https:\/\/ethrat.ch\/de\/#organization"},"potentialAction":[{"@type":"SearchAction","target":{"@type":"EntryPoint","urlTemplate":"https:\/\/ethrat.ch\/de\/?s={search_term_string}"},"query-input":{"@type":"PropertyValueSpecification","valueRequired":true,"valueName":"search_term_string"}}],"inLanguage":"ja"},{"@type":"Organization","@id":"https:\/\/ethrat.ch\/de\/#organization","name":"ETH-Rat","url":"https:\/\/ethrat.ch\/de\/","logo":{"@type":"ImageObject","inLanguage":"ja","@id":"https:\/\/ethrat.ch\/de\/#\/schema\/logo\/image\/","url":"https:\/\/ethrat.ch\/wp-content\/uploads\/2024\/04\/logo-white.svg","contentUrl":"https:\/\/ethrat.ch\/wp-content\/uploads\/2024\/04\/logo-white.svg","width":283,"height":81,"caption":"ETH-Rat"},"image":{"@id":"https:\/\/ethrat.ch\/de\/#\/schema\/logo\/image\/"},"sameAs":["https:\/\/x.com\/eth_rat","https:\/\/issuu.com\/ethrat","https:\/\/www.linkedin.com\/company\/eth-rat\/"]}]}},"_links":{"self":[{"href":"https:\/\/ethrat.ch\/ja\/wp-json\/wp\/v2\/pages\/53710","targetHints":{"allow":["GET"]}}],"collection":[{"href":"https:\/\/ethrat.ch\/ja\/wp-json\/wp\/v2\/pages"}],"about":[{"href":"https:\/\/ethrat.ch\/ja\/wp-json\/wp\/v2\/types\/page"}],"author":[{"embeddable":true,"href":"https:\/\/ethrat.ch\/ja\/wp-json\/wp\/v2\/users\/11"}],"replies":[{"embeddable":true,"href":"https:\/\/ethrat.ch\/ja\/wp-json\/wp\/v2\/comments?post=53710"}],"version-history":[{"count":0,"href":"https:\/\/ethrat.ch\/ja\/wp-json\/wp\/v2\/pages\/53710\/revisions"}],"up":[{"embeddable":true,"href":"https:\/\/ethrat.ch\/ja\/wp-json\/wp\/v2\/pages\/629"}],"wp:attachment":[{"href":"https:\/\/ethrat.ch\/ja\/wp-json\/wp\/v2\/media?parent=53710"}],"wp:term":[{"taxonomy":"search-tag","embeddable":true,"href":"https:\/\/ethrat.ch\/ja\/wp-json\/wp\/v2\/search-tag?post=53710"}],"curies":[{"name":"wp","href":"https:\/\/api.w.org\/{rel}","templated":true}]}}