{"id":53686,"date":"2025-09-05T10:11:53","date_gmt":"2025-09-05T08:11:53","guid":{"rendered":"https:\/\/ethrat.ch\/?page_id=53686"},"modified":"2025-09-05T14:23:40","modified_gmt":"2025-09-05T12:23:40","slug":"michael-o-hengartner-ueber-die-naechsten-schritte-im-projekt-fit-for-the-future","status":"publish","type":"page","link":"https:\/\/ethrat.ch\/ja\/eth-bereich\/michael-o-hengartner-ueber-die-naechsten-schritte-im-projekt-fit-for-the-future\/","title":{"rendered":"Michael O. Hengartner \u00fcber die n\u00e4chsten Schritte im Projekt FIT for the Future"},"content":{"rendered":"\t\t<div data-elementor-type=\"wp-page\" data-elementor-id=\"53686\" class=\"elementor elementor-53686\" data-elementor-post-type=\"page\">\n\t\t\t\t\t\t<section class=\"elementor-section elementor-top-section elementor-element elementor-element-9608200 elementor-section-boxed elementor-section-height-default elementor-section-height-default\" data-id=\"9608200\" data-element_type=\"section\" data-e-type=\"section\">\n\t\t\t\t\t\t<div class=\"elementor-container elementor-column-gap-default\">\n\t\t\t\t\t<div class=\"elementor-column elementor-col-100 elementor-top-column elementor-element elementor-element-03b7f3f\" data-id=\"03b7f3f\" data-element_type=\"column\" data-e-type=\"column\" data-settings=\"{&quot;background_background&quot;:&quot;classic&quot;}\">\n\t\t\t<div class=\"elementor-widget-wrap elementor-element-populated\">\n\t\t\t\t\t\t<div class=\"elementor-element elementor-element-8a9cdaf elementor-widget elementor-widget-image\" data-id=\"8a9cdaf\" data-element_type=\"widget\" data-e-type=\"widget\" data-widget_type=\"image.default\">\n\t\t\t\t<div class=\"elementor-widget-container\">\n\t\t\t\t\t\t\t\t\t\t\t\t\t\t\t<img decoding=\"async\" width=\"1120\" height=\"580\" src=\"https:\/\/ethrat.ch\/wp-content\/uploads\/2025\/03\/MOH_newsletter_FIT.jpg\" class=\"attachment-full size-full wp-image-51441\" alt=\"\" srcset=\"https:\/\/ethrat.ch\/wp-content\/uploads\/2025\/03\/MOH_newsletter_FIT.jpg 1120w, https:\/\/ethrat.ch\/wp-content\/uploads\/2025\/03\/MOH_newsletter_FIT-300x155.jpg 300w, https:\/\/ethrat.ch\/wp-content\/uploads\/2025\/03\/MOH_newsletter_FIT-1024x530.jpg 1024w, https:\/\/ethrat.ch\/wp-content\/uploads\/2025\/03\/MOH_newsletter_FIT-768x398.jpg 768w\" sizes=\"(max-width: 1120px) 100vw, 1120px\" \/>\t\t\t\t\t\t\t\t\t\t\t\t\t\t\t<\/div>\n\t\t\t\t<\/div>\n\t\t\t\t\t<\/div>\n\t\t<\/div>\n\t\t\t\t\t<\/div>\n\t\t<\/section>\n\t\t\t\t<section class=\"elementor-section elementor-top-section elementor-element elementor-element-27877cc elementor-section-boxed elementor-section-height-default elementor-section-height-default\" data-id=\"27877cc\" data-element_type=\"section\" data-e-type=\"section\">\n\t\t\t\t\t\t<div class=\"elementor-container elementor-column-gap-default\">\n\t\t\t\t\t<div class=\"elementor-column elementor-col-100 elementor-top-column elementor-element elementor-element-1958dba\" data-id=\"1958dba\" data-element_type=\"column\" data-e-type=\"column\">\n\t\t\t<div class=\"elementor-widget-wrap elementor-element-populated\">\n\t\t\t\t\t\t<div class=\"elementor-element elementor-element-1a2e56d elementor-widget elementor-widget-heading\" data-id=\"1a2e56d\" data-element_type=\"widget\" data-e-type=\"widget\" data-widget_type=\"heading.default\">\n\t\t\t\t<div class=\"elementor-widget-container\">\n\t\t\t\t\t<h1 class=\"elementor-heading-title elementor-size-default\">Michael O. Hengartner \u00fcber die n\u00e4chsten Schritte im Projekt FIT for the Future<\/h1>\t\t\t\t<\/div>\n\t\t\t\t<\/div>\n\t\t\t\t<div class=\"elementor-element elementor-element-42ed6ad elementor-widget elementor-widget-text-editor\" data-id=\"42ed6ad\" data-element_type=\"widget\" data-e-type=\"widget\" data-widget_type=\"text-editor.default\">\n\t\t\t\t<div class=\"elementor-widget-container\">\n\t\t\t\t\t\t\t\t\t<p data-start=\"61\" data-end=\"327\">Seit dem letzten Newsletter ist im Projekt FIT for the Future viel geschehen: In Workshops haben die Institutionen des ETH-Bereichs den geplanten dritten starken Pfeiler des ETH-Bereichs weiter konkretisiert. Der ETH-Rat l\u00e4sst Varianten mit unterschiedlichen Graden der Integration der Forschungsanstalten erarbeiten. Michael O. Hengartner beantwortet Fragen dazu.<\/p>\t\t\t\t\t\t\t\t<\/div>\n\t\t\t\t<\/div>\n\t\t\t\t<div class=\"elementor-element elementor-element-10d39e8 elementor-widget elementor-widget-text-editor\" data-id=\"10d39e8\" data-element_type=\"widget\" data-e-type=\"widget\" data-widget_type=\"text-editor.default\">\n\t\t\t\t<div class=\"elementor-widget-container\">\n\t\t\t\t\t\t\t\t\t<h3>Der letzte Newsletter liegt rund ein halbes Jahr zur\u00fcck. Was ist seither passiert beim Projekt FIT for the Future?<\/h3><p><strong>Michael O. Hengartner<\/strong>:\u00a0Der ETH-Rat strebt eine engere Zusammenarbeit und eine verst\u00e4rkte Koordination im ETH-Bereich an. Dieser soll insk\u00fcnftig aus drei starken strategischen Pfeilern bestehen: der ETH Z\u00fcrich, der EPFL und den vier Forschungsanstalten unter einem gemeinsamen Dach (Arbeitstitel Swiss National Lab, SNL).\u00a0<\/p><p>Seit M\u00e4rz 2025 haben f\u00fcnf Workshops mit den obersten Leitungspersonen der beiden ETH und der vier Forschungsanstalten stattgefunden. Dabei erarbeiteten sie gemeinsam die m\u00f6gliche Zusammensetzung und die Kompetenzen einer zuk\u00fcnftigen Gesch\u00e4ftsleitung des SNL, die Einbettung der Grossforschungsanlagen, die Finanzierung sowie den Aufbau gemeinsamer Supporteinheiten \u2013 also beispielsweise IT, Personal oder und Finanzen.<\/p>\t\t\t\t\t\t\t\t<\/div>\n\t\t\t\t<\/div>\n\t\t\t\t<div class=\"elementor-element elementor-element-7d59e37 elementor-widget elementor-widget-text-editor\" data-id=\"7d59e37\" data-element_type=\"widget\" data-e-type=\"widget\" data-widget_type=\"text-editor.default\">\n\t\t\t\t<div class=\"elementor-widget-container\">\n\t\t\t\t\t\t\t\t\t<h3>Aus dem Kreis der Forschungsanstalten sind Vorbehalte gegen\u00fcber der Zusammenf\u00fchrung unter eine Rechtspers\u00f6nlichkeit zu h\u00f6ren. Auch die Politik und weitere Stakeholder haben verschiedene Fragen und Anliegen. Wie reagiert der ETH-Rat darauf?<\/h3><p>Der ETH-Rat nimmt diese R\u00fcckmeldungen sehr ernst und ber\u00fccksichtigt sie in seinen strategischen \u00dcberlegungen und konzeptionellen Arbeiten. Um den Vorbehalten der Forschungsanstalten zu begegnen, l\u00e4sst der ETH-Rat aktuell Varianten mit unterschiedlichen Graden der Integration der Forschungsanstalten erarbeiten. Der ETH-Rat h\u00e4lt ausdr\u00fccklich fest, dass eine Zusammenf\u00fchrung unter einer Rechtspers\u00f6nlichkeit dabei nicht zwingend ist.\u00a0<\/p><p>Alle Institutionen des ETH-Bereichs sind sich indessen einig, dass wir enger zusammenarbeiten, uns besser koordinieren und neue Themen und Einheiten einfacher in den ETH-Bereich integrieren m\u00fcssen. Es besteht zudem auch Konsens, dass wir neben der ETH Z\u00fcrich und der EPFL einen dritten starken strategischen Pfeiler im ETH-Bereich schaffen wollen.\u00a0<\/p>\t\t\t\t\t\t\t\t<\/div>\n\t\t\t\t<\/div>\n\t\t\t\t<div class=\"elementor-element elementor-element-dbaf372 elementor-widget elementor-widget-text-editor\" data-id=\"dbaf372\" data-element_type=\"widget\" data-e-type=\"widget\" data-widget_type=\"text-editor.default\">\n\t\t\t\t<div class=\"elementor-widget-container\">\n\t\t\t\t\t\t\t\t\t<h3>Wie geht es nun weiter?<\/h3>\n<p>Die Direktorin und die Direktoren der Forschungsanstalten haben Ende August einen ersten Variantenvorschlag pr\u00e4sentiert. Dieser soll nun f\u00fcr die Sitzung des ETH-Rats von Mitte September weiter ausgearbeitet werden. Der ETH-Rat wird die verschiedenen Varianten diskutieren und voraussichtlich bis Ende Jahr entscheiden, mit welcher bzw. welchen Varianten er die Anh\u00f6rung im ETH-Bereich durchf\u00fchren m\u00f6chte.<\/p>\t\t\t\t\t\t\t\t<\/div>\n\t\t\t\t<\/div>\n\t\t\t\t\t<\/div>\n\t\t<\/div>\n\t\t\t\t\t<\/div>\n\t\t<\/section>\n\t\t\t\t<\/div>\n\t\t","protected":false},"excerpt":{"rendered":"<p>Seit dem letzten Newsletter ist im Projekt FIT for the Future viel geschehen: In Workshops haben die Instituti &#8230;<\/p>\n","protected":false},"author":11,"featured_media":0,"parent":629,"menu_order":0,"comment_status":"closed","ping_status":"closed","template":"","meta":{"_acf_changed":false,"footnotes":"","_links_to":"","_links_to_target":""},"search-tag":[],"class_list":["post-53686","page","type-page","status-publish","hentry"],"acf":[],"yoast_head":"<!-- This site is optimized with the Yoast SEO plugin v27.3 - https:\/\/yoast.com\/product\/yoast-seo-wordpress\/ -->\n<title>Michael O. Hengartner \u00fcber die n\u00e4chsten Schritte im Projekt FIT for the Future - ETH-Rat<\/title>\n<meta name=\"robots\" content=\"index, follow, max-snippet:-1, max-image-preview:large, max-video-preview:-1\" \/>\n<link rel=\"canonical\" href=\"https:\/\/ethrat.ch\/de\/eth-bereich\/michael-o-hengartner-ueber-die-naechsten-schritte-im-projekt-fit-for-the-future\/\" \/>\n<meta property=\"og:locale\" content=\"ja_JP\" \/>\n<meta property=\"og:type\" content=\"article\" \/>\n<meta property=\"og:title\" content=\"Michael O. Hengartner \u00fcber die n\u00e4chsten Schritte im Projekt FIT for the Future - ETH-Rat\" \/>\n<meta property=\"og:description\" content=\"Seit dem letzten Newsletter ist im Projekt FIT for the Future viel geschehen: In Workshops haben die Instituti ...\" \/>\n<meta property=\"og:url\" content=\"https:\/\/ethrat.ch\/de\/eth-bereich\/michael-o-hengartner-ueber-die-naechsten-schritte-im-projekt-fit-for-the-future\/\" \/>\n<meta property=\"og:site_name\" content=\"ETH-Rat\" \/>\n<meta property=\"article:modified_time\" content=\"2025-09-05T12:23:40+00:00\" \/>\n<meta property=\"og:image\" content=\"https:\/\/ethrat.ch\/wp-content\/uploads\/2025\/03\/MOH_newsletter_FIT.jpg\" \/>\n\t<meta property=\"og:image:width\" content=\"1120\" \/>\n\t<meta property=\"og:image:height\" content=\"580\" \/>\n\t<meta property=\"og:image:type\" content=\"image\/jpeg\" \/>\n<meta name=\"twitter:card\" content=\"summary_large_image\" \/>\n<meta name=\"twitter:site\" content=\"@eth_rat\" \/>\n<meta name=\"twitter:label1\" content=\"\u63a8\u5b9a\u8aad\u307f\u53d6\u308a\u6642\u9593\" \/>\n\t<meta name=\"twitter:data1\" content=\"3\u5206\" \/>\n<script type=\"application\/ld+json\" class=\"yoast-schema-graph\">{\"@context\":\"https:\\\/\\\/schema.org\",\"@graph\":[{\"@type\":\"WebPage\",\"@id\":\"https:\\\/\\\/ethrat.ch\\\/de\\\/eth-bereich\\\/michael-o-hengartner-ueber-die-naechsten-schritte-im-projekt-fit-for-the-future\\\/\",\"url\":\"https:\\\/\\\/ethrat.ch\\\/de\\\/eth-bereich\\\/michael-o-hengartner-ueber-die-naechsten-schritte-im-projekt-fit-for-the-future\\\/\",\"name\":\"Michael O. Hengartner \u00fcber die n\u00e4chsten Schritte im Projekt FIT for the Future - ETH-Rat\",\"isPartOf\":{\"@id\":\"https:\\\/\\\/ethrat.ch\\\/de\\\/#website\"},\"primaryImageOfPage\":{\"@id\":\"https:\\\/\\\/ethrat.ch\\\/de\\\/eth-bereich\\\/michael-o-hengartner-ueber-die-naechsten-schritte-im-projekt-fit-for-the-future\\\/#primaryimage\"},\"image\":{\"@id\":\"https:\\\/\\\/ethrat.ch\\\/de\\\/eth-bereich\\\/michael-o-hengartner-ueber-die-naechsten-schritte-im-projekt-fit-for-the-future\\\/#primaryimage\"},\"thumbnailUrl\":\"https:\\\/\\\/ethrat.ch\\\/wp-content\\\/uploads\\\/2025\\\/03\\\/MOH_newsletter_FIT.jpg\",\"datePublished\":\"2025-09-05T08:11:53+00:00\",\"dateModified\":\"2025-09-05T12:23:40+00:00\",\"breadcrumb\":{\"@id\":\"https:\\\/\\\/ethrat.ch\\\/de\\\/eth-bereich\\\/michael-o-hengartner-ueber-die-naechsten-schritte-im-projekt-fit-for-the-future\\\/#breadcrumb\"},\"inLanguage\":\"ja\",\"potentialAction\":[{\"@type\":\"ReadAction\",\"target\":[\"https:\\\/\\\/ethrat.ch\\\/de\\\/eth-bereich\\\/michael-o-hengartner-ueber-die-naechsten-schritte-im-projekt-fit-for-the-future\\\/\"]}]},{\"@type\":\"ImageObject\",\"inLanguage\":\"ja\",\"@id\":\"https:\\\/\\\/ethrat.ch\\\/de\\\/eth-bereich\\\/michael-o-hengartner-ueber-die-naechsten-schritte-im-projekt-fit-for-the-future\\\/#primaryimage\",\"url\":\"https:\\\/\\\/ethrat.ch\\\/wp-content\\\/uploads\\\/2025\\\/03\\\/MOH_newsletter_FIT.jpg\",\"contentUrl\":\"https:\\\/\\\/ethrat.ch\\\/wp-content\\\/uploads\\\/2025\\\/03\\\/MOH_newsletter_FIT.jpg\"},{\"@type\":\"BreadcrumbList\",\"@id\":\"https:\\\/\\\/ethrat.ch\\\/de\\\/eth-bereich\\\/michael-o-hengartner-ueber-die-naechsten-schritte-im-projekt-fit-for-the-future\\\/#breadcrumb\",\"itemListElement\":[{\"@type\":\"ListItem\",\"position\":1,\"name\":\"Home\",\"item\":\"https:\\\/\\\/ethrat.ch\\\/de\\\/\"},{\"@type\":\"ListItem\",\"position\":2,\"name\":\"ETH-BEREICH\",\"item\":\"https:\\\/\\\/ethrat.ch\\\/de\\\/eth-bereich\\\/\"},{\"@type\":\"ListItem\",\"position\":3,\"name\":\"Michael O. Hengartner \u00fcber die n\u00e4chsten Schritte im Projekt FIT for the Future\"}]},{\"@type\":\"WebSite\",\"@id\":\"https:\\\/\\\/ethrat.ch\\\/de\\\/#website\",\"url\":\"https:\\\/\\\/ethrat.ch\\\/de\\\/\",\"name\":\"ETH-Rat\",\"description\":\"\",\"publisher\":{\"@id\":\"https:\\\/\\\/ethrat.ch\\\/de\\\/#organization\"},\"potentialAction\":[{\"@type\":\"SearchAction\",\"target\":{\"@type\":\"EntryPoint\",\"urlTemplate\":\"https:\\\/\\\/ethrat.ch\\\/de\\\/?s={search_term_string}\"},\"query-input\":{\"@type\":\"PropertyValueSpecification\",\"valueRequired\":true,\"valueName\":\"search_term_string\"}}],\"inLanguage\":\"ja\"},{\"@type\":\"Organization\",\"@id\":\"https:\\\/\\\/ethrat.ch\\\/de\\\/#organization\",\"name\":\"ETH-Rat\",\"url\":\"https:\\\/\\\/ethrat.ch\\\/de\\\/\",\"logo\":{\"@type\":\"ImageObject\",\"inLanguage\":\"ja\",\"@id\":\"https:\\\/\\\/ethrat.ch\\\/de\\\/#\\\/schema\\\/logo\\\/image\\\/\",\"url\":\"https:\\\/\\\/ethrat.ch\\\/wp-content\\\/uploads\\\/2024\\\/04\\\/logo-white.svg\",\"contentUrl\":\"https:\\\/\\\/ethrat.ch\\\/wp-content\\\/uploads\\\/2024\\\/04\\\/logo-white.svg\",\"width\":283,\"height\":81,\"caption\":\"ETH-Rat\"},\"image\":{\"@id\":\"https:\\\/\\\/ethrat.ch\\\/de\\\/#\\\/schema\\\/logo\\\/image\\\/\"},\"sameAs\":[\"https:\\\/\\\/x.com\\\/eth_rat\",\"https:\\\/\\\/issuu.com\\\/ethrat\",\"https:\\\/\\\/www.linkedin.com\\\/company\\\/eth-rat\\\/\"]}]}<\/script>\n<!-- \/ Yoast SEO plugin. -->","yoast_head_json":{"title":"Michael O. Hengartner \u00fcber die n\u00e4chsten Schritte im Projekt FIT for the Future - ETH-Rat","robots":{"index":"index","follow":"follow","max-snippet":"max-snippet:-1","max-image-preview":"max-image-preview:large","max-video-preview":"max-video-preview:-1"},"canonical":"https:\/\/ethrat.ch\/de\/eth-bereich\/michael-o-hengartner-ueber-die-naechsten-schritte-im-projekt-fit-for-the-future\/","og_locale":"ja_JP","og_type":"article","og_title":"Michael O. Hengartner \u00fcber die n\u00e4chsten Schritte im Projekt FIT for the Future - ETH-Rat","og_description":"Seit dem letzten Newsletter ist im Projekt FIT for the Future viel geschehen: In Workshops haben die Instituti ...","og_url":"https:\/\/ethrat.ch\/de\/eth-bereich\/michael-o-hengartner-ueber-die-naechsten-schritte-im-projekt-fit-for-the-future\/","og_site_name":"ETH-Rat","article_modified_time":"2025-09-05T12:23:40+00:00","og_image":[{"width":1120,"height":580,"url":"https:\/\/ethrat.ch\/wp-content\/uploads\/2025\/03\/MOH_newsletter_FIT.jpg","type":"image\/jpeg"}],"twitter_card":"summary_large_image","twitter_site":"@eth_rat","twitter_misc":{"\u63a8\u5b9a\u8aad\u307f\u53d6\u308a\u6642\u9593":"3\u5206"},"schema":{"@context":"https:\/\/schema.org","@graph":[{"@type":"WebPage","@id":"https:\/\/ethrat.ch\/de\/eth-bereich\/michael-o-hengartner-ueber-die-naechsten-schritte-im-projekt-fit-for-the-future\/","url":"https:\/\/ethrat.ch\/de\/eth-bereich\/michael-o-hengartner-ueber-die-naechsten-schritte-im-projekt-fit-for-the-future\/","name":"Michael O. Hengartner \u00fcber die n\u00e4chsten Schritte im Projekt FIT for the Future - ETH-Rat","isPartOf":{"@id":"https:\/\/ethrat.ch\/de\/#website"},"primaryImageOfPage":{"@id":"https:\/\/ethrat.ch\/de\/eth-bereich\/michael-o-hengartner-ueber-die-naechsten-schritte-im-projekt-fit-for-the-future\/#primaryimage"},"image":{"@id":"https:\/\/ethrat.ch\/de\/eth-bereich\/michael-o-hengartner-ueber-die-naechsten-schritte-im-projekt-fit-for-the-future\/#primaryimage"},"thumbnailUrl":"https:\/\/ethrat.ch\/wp-content\/uploads\/2025\/03\/MOH_newsletter_FIT.jpg","datePublished":"2025-09-05T08:11:53+00:00","dateModified":"2025-09-05T12:23:40+00:00","breadcrumb":{"@id":"https:\/\/ethrat.ch\/de\/eth-bereich\/michael-o-hengartner-ueber-die-naechsten-schritte-im-projekt-fit-for-the-future\/#breadcrumb"},"inLanguage":"ja","potentialAction":[{"@type":"ReadAction","target":["https:\/\/ethrat.ch\/de\/eth-bereich\/michael-o-hengartner-ueber-die-naechsten-schritte-im-projekt-fit-for-the-future\/"]}]},{"@type":"ImageObject","inLanguage":"ja","@id":"https:\/\/ethrat.ch\/de\/eth-bereich\/michael-o-hengartner-ueber-die-naechsten-schritte-im-projekt-fit-for-the-future\/#primaryimage","url":"https:\/\/ethrat.ch\/wp-content\/uploads\/2025\/03\/MOH_newsletter_FIT.jpg","contentUrl":"https:\/\/ethrat.ch\/wp-content\/uploads\/2025\/03\/MOH_newsletter_FIT.jpg"},{"@type":"BreadcrumbList","@id":"https:\/\/ethrat.ch\/de\/eth-bereich\/michael-o-hengartner-ueber-die-naechsten-schritte-im-projekt-fit-for-the-future\/#breadcrumb","itemListElement":[{"@type":"ListItem","position":1,"name":"Home","item":"https:\/\/ethrat.ch\/de\/"},{"@type":"ListItem","position":2,"name":"ETH-BEREICH","item":"https:\/\/ethrat.ch\/de\/eth-bereich\/"},{"@type":"ListItem","position":3,"name":"Michael O. Hengartner \u00fcber die n\u00e4chsten Schritte im Projekt FIT for the Future"}]},{"@type":"WebSite","@id":"https:\/\/ethrat.ch\/de\/#website","url":"https:\/\/ethrat.ch\/de\/","name":"ETH-Rat","description":"","publisher":{"@id":"https:\/\/ethrat.ch\/de\/#organization"},"potentialAction":[{"@type":"SearchAction","target":{"@type":"EntryPoint","urlTemplate":"https:\/\/ethrat.ch\/de\/?s={search_term_string}"},"query-input":{"@type":"PropertyValueSpecification","valueRequired":true,"valueName":"search_term_string"}}],"inLanguage":"ja"},{"@type":"Organization","@id":"https:\/\/ethrat.ch\/de\/#organization","name":"ETH-Rat","url":"https:\/\/ethrat.ch\/de\/","logo":{"@type":"ImageObject","inLanguage":"ja","@id":"https:\/\/ethrat.ch\/de\/#\/schema\/logo\/image\/","url":"https:\/\/ethrat.ch\/wp-content\/uploads\/2024\/04\/logo-white.svg","contentUrl":"https:\/\/ethrat.ch\/wp-content\/uploads\/2024\/04\/logo-white.svg","width":283,"height":81,"caption":"ETH-Rat"},"image":{"@id":"https:\/\/ethrat.ch\/de\/#\/schema\/logo\/image\/"},"sameAs":["https:\/\/x.com\/eth_rat","https:\/\/issuu.com\/ethrat","https:\/\/www.linkedin.com\/company\/eth-rat\/"]}]}},"_links":{"self":[{"href":"https:\/\/ethrat.ch\/ja\/wp-json\/wp\/v2\/pages\/53686","targetHints":{"allow":["GET"]}}],"collection":[{"href":"https:\/\/ethrat.ch\/ja\/wp-json\/wp\/v2\/pages"}],"about":[{"href":"https:\/\/ethrat.ch\/ja\/wp-json\/wp\/v2\/types\/page"}],"author":[{"embeddable":true,"href":"https:\/\/ethrat.ch\/ja\/wp-json\/wp\/v2\/users\/11"}],"replies":[{"embeddable":true,"href":"https:\/\/ethrat.ch\/ja\/wp-json\/wp\/v2\/comments?post=53686"}],"version-history":[{"count":0,"href":"https:\/\/ethrat.ch\/ja\/wp-json\/wp\/v2\/pages\/53686\/revisions"}],"up":[{"embeddable":true,"href":"https:\/\/ethrat.ch\/ja\/wp-json\/wp\/v2\/pages\/629"}],"wp:attachment":[{"href":"https:\/\/ethrat.ch\/ja\/wp-json\/wp\/v2\/media?parent=53686"}],"wp:term":[{"taxonomy":"search-tag","embeddable":true,"href":"https:\/\/ethrat.ch\/ja\/wp-json\/wp\/v2\/search-tag?post=53686"}],"curies":[{"name":"wp","href":"https:\/\/api.w.org\/{rel}","templated":true}]}}