{"id":49527,"date":"2024-11-27T12:04:57","date_gmt":"2024-11-27T11:04:57","guid":{"rendered":"https:\/\/ethrat.ch\/?page_id=49527"},"modified":"2026-03-18T16:28:42","modified_gmt":"2026-03-18T15:28:42","slug":"fit-for-the-future","status":"publish","type":"page","link":"https:\/\/ethrat.ch\/ja\/eth-bereich\/fit-for-the-future\/","title":{"rendered":"Fit f\u00fcr die Zukunft: Organisationsentwicklung im ETH-Bereich"},"content":{"rendered":"\t\t<div data-elementor-type=\"wp-page\" data-elementor-id=\"49527\" class=\"elementor elementor-49527\" data-elementor-post-type=\"page\">\n\t\t\t\t\t\t<section class=\"elementor-section elementor-top-section elementor-element elementor-element-9608200 elementor-section-boxed elementor-section-height-default elementor-section-height-default\" data-id=\"9608200\" data-element_type=\"section\" data-e-type=\"section\">\n\t\t\t\t\t\t<div class=\"elementor-container elementor-column-gap-default\">\n\t\t\t\t\t<div class=\"elementor-column elementor-col-100 elementor-top-column elementor-element elementor-element-03b7f3f\" data-id=\"03b7f3f\" data-element_type=\"column\" data-e-type=\"column\" data-settings=\"{&quot;background_background&quot;:&quot;classic&quot;}\">\n\t\t\t<div class=\"elementor-widget-wrap elementor-element-populated\">\n\t\t\t\t\t\t<div class=\"elementor-element elementor-element-8a9cdaf elementor-widget elementor-widget-image\" data-id=\"8a9cdaf\" data-element_type=\"widget\" data-e-type=\"widget\" data-widget_type=\"image.default\">\n\t\t\t\t<div class=\"elementor-widget-container\">\n\t\t\t\t\t\t\t\t\t\t\t\t\t\t\t<img decoding=\"async\" width=\"1120\" height=\"580\" src=\"https:\/\/ethrat.ch\/wp-content\/uploads\/2025\/03\/fit_organisationsentwicklung_web.jpg\" class=\"attachment-full size-full wp-image-51742\" alt=\"\" srcset=\"https:\/\/ethrat.ch\/wp-content\/uploads\/2025\/03\/fit_organisationsentwicklung_web.jpg 1120w, https:\/\/ethrat.ch\/wp-content\/uploads\/2025\/03\/fit_organisationsentwicklung_web-300x155.jpg 300w, https:\/\/ethrat.ch\/wp-content\/uploads\/2025\/03\/fit_organisationsentwicklung_web-1024x530.jpg 1024w, https:\/\/ethrat.ch\/wp-content\/uploads\/2025\/03\/fit_organisationsentwicklung_web-768x398.jpg 768w\" sizes=\"(max-width: 1120px) 100vw, 1120px\" \/>\t\t\t\t\t\t\t\t\t\t\t\t\t\t\t<\/div>\n\t\t\t\t<\/div>\n\t\t\t\t\t<\/div>\n\t\t<\/div>\n\t\t\t\t\t<\/div>\n\t\t<\/section>\n\t\t\t\t<section class=\"elementor-section elementor-top-section elementor-element elementor-element-2d3b43f6 elementor-section-boxed elementor-section-height-default elementor-section-height-default\" data-id=\"2d3b43f6\" data-element_type=\"section\" data-e-type=\"section\">\n\t\t\t\t\t\t<div class=\"elementor-container elementor-column-gap-default\">\n\t\t\t\t\t<div class=\"elementor-column elementor-col-100 elementor-top-column elementor-element elementor-element-64c64c6d\" data-id=\"64c64c6d\" data-element_type=\"column\" data-e-type=\"column\">\n\t\t\t<div class=\"elementor-widget-wrap elementor-element-populated\">\n\t\t\t\t\t\t<div class=\"elementor-element elementor-element-49d50d47 elementor-widget__width-initial elementor-widget elementor-widget-heading\" data-id=\"49d50d47\" data-element_type=\"widget\" data-e-type=\"widget\" data-widget_type=\"heading.default\">\n\t\t\t\t<div class=\"elementor-widget-container\">\n\t\t\t\t\t<h1 class=\"elementor-heading-title elementor-size-default\">FIT for the Future: Organisationsentwicklung im ETH-Bereich<\/h1>\t\t\t\t<\/div>\n\t\t\t\t<\/div>\n\t\t\t\t<div class=\"elementor-element elementor-element-7eb6a01c elementor-widget__width-initial elementor-widget elementor-widget-text-editor\" data-id=\"7eb6a01c\" data-element_type=\"widget\" data-e-type=\"widget\" data-widget_type=\"text-editor.default\">\n\t\t\t\t<div class=\"elementor-widget-container\">\n\t\t\t\t\t\t\t\t\t<p>Der ETH-Rat arbeitet derzeit an der Organisationsentwicklung des ETH-Bereichs, um diesen fit f\u00fcr die Zukunft zu machen und eine optimale Organisation und Struktur zu finden. Der ETH-Bereich soll damit f\u00fcr aktuell dringliche und zuk\u00fcnftige Herausforderungen besser ger\u00fcstet zu sein. Das Ziel ist es, ein System zu schaffen, in dem die herausragenden Kapazit\u00e4ten der Institutionen des ETH-Bereichs genutzt werden k\u00f6nnen, um L\u00f6sungen f\u00fcr die grossen gesellschaftlichen Herausforderungen unserer Zeit zu finden.<\/p>\t\t\t\t\t\t\t\t<\/div>\n\t\t\t\t<\/div>\n\t\t\t\t<div class=\"elementor-element elementor-element-4d7d571 elementor-widget elementor-widget-text-editor\" data-id=\"4d7d571\" data-element_type=\"widget\" data-e-type=\"widget\" data-widget_type=\"text-editor.default\">\n\t\t\t\t<div class=\"elementor-widget-container\">\n\t\t\t\t\t\t\t\t\t<p>Aktualisiert am 6. M\u00e4rz 2026<\/p>\t\t\t\t\t\t\t\t<\/div>\n\t\t\t\t<\/div>\n\t\t\t\t<div class=\"elementor-element elementor-element-dd2b443 elementor-widget__width-initial elementor-widget elementor-widget-text-editor\" data-id=\"dd2b443\" data-element_type=\"widget\" data-e-type=\"widget\" data-widget_type=\"text-editor.default\">\n\t\t\t\t<div class=\"elementor-widget-container\">\n\t\t\t\t\t\t\t\t\t<p>Die Schweiz steht vor grossen Herausforderungen. Der ETH-Bereich muss sich deshalb organisatorisch so aufstellen, dass er m\u00f6glichst agil und flexibel agieren kann, um grosse neue Themen wie Digitalisierung, K\u00fcnstliche Intelligenz, Gesundheit oder auch Energie- und Umweltfragen rasch anzugehen. Durch eine zukunftsgerichtete Anpassung der Organisation und der Struktur des ETH-Bereichs sollen die Zusammenarbeit unter den Institutionen gest\u00e4rkt, Synergien genutzt und administrative Hindernisse vermieden werden. Dies erm\u00f6glicht Partnern aus Wirtschaft, Wissenschaft und Verwaltung einen einfacheren Zugang zu den Institutionen des ETH-Bereichs und st\u00e4rkt die Zusammenarbeit mit ihnen weiter.<\/p>\t\t\t\t\t\t\t\t<\/div>\n\t\t\t\t<\/div>\n\t\t\t\t<div class=\"elementor-element elementor-element-79ce552 elementor-widget elementor-widget-text-editor\" data-id=\"79ce552\" data-element_type=\"widget\" data-e-type=\"widget\" data-widget_type=\"text-editor.default\">\n\t\t\t\t<div class=\"elementor-widget-container\">\n\t\t\t\t\t\t\t\t\t<h4>Stand der Arbeiten und n\u00e4chste Schritte<\/h4>\t\t\t\t\t\t\t\t<\/div>\n\t\t\t\t<\/div>\n\t\t\t\t<div class=\"elementor-element elementor-element-629f04e elementor-widget elementor-widget-text-editor\" data-id=\"629f04e\" data-element_type=\"widget\" data-e-type=\"widget\" data-widget_type=\"text-editor.default\">\n\t\t\t\t<div class=\"elementor-widget-container\">\n\t\t\t\t\t\t\t\t\t<p>Das Projekt befindet sich aktuell <a href=\"https:\/\/ethrat.ch\/de\/eth-bereich\/fortschritte-bei-der-schaffung-eines-gemeinsamen-dachs-und-einer-digital-unit\/\" target=\"_blank\" rel=\"noopener\">in der zweiten Phase<\/a>, der sogenannten Design-Phase, die sich haupts\u00e4chlich um die konkrete Ausgestaltung des Projekts dreht. Der ETH-Rat strebt eine engere Zusammenarbeit und eine verst\u00e4rkte Koordination im ETH-Bereich an. Dieser soll zuk\u00fcnftig aus drei starken strategischen Pfeilern bestehen: der ETH Z\u00fcrich, der EPFL und den vier Forschungsanstalten unter einem gemeinsamen Dach.<\/p><p>Der ETH-Rat und die Institutionen des ETH-Bereichs hatten Anfang 2024 gemeinsam <a href=\"https:\/\/ethrat.ch\/de\/eth-bereich\/ziele-und-richtungsentscheid\/\" target=\"_blank\" rel=\"noopener\">Ziele f\u00fcr eine zukunftsf\u00e4hige Organisation und Struktur des ETH-Bereichs<\/a> definiert. Darauf basierend haben sie zwei Modellvarianten zur Umsetzung dieser Ziele entwickelt. Diese unterscheiden sich insbesondere hinsichtlich des Grads der Integration der vier Forschungsanstalten.<\/p><p>Im Vorschlag mit dem Arbeitstitel \u00abSwiss National Labs\u00bb behalten die Forschungsanstalten ihre Rechtspers\u00f6nlichkeiten. Dies im Unterschied zur Variante mit dem Arbeitstitel \u00abSwiss National Lab\u00bb, in der die vier Forschungsanstalten in eine Rechtspers\u00f6nlichkeit zusammengef\u00fchrt werden. Bei beiden Varianten erhalten die Forschungsanstalten einen neuen gemeinsamen Auftritt unter einem gemeinsamen Dach unter Beibehaltung ihrer Namen, ihrer Logos\/Brands und ihrer Standorte.<\/p><p>Der ETH-Rat hat die zwei Varianten an seiner Sitzung vom 4.\/5. M\u00e4rz 2026 diskutiert und entschieden, beide in die interne Konsultation im ETH-Bereich zu schicken. Diese beginnt nach der ETH-Ratssitzung und dauert bis Anfang Juni. Der ETH-Rat wird die R\u00fcckmeldungen auswerten und darauf gest\u00fctzt voraussichtlich in der zweiten Jahresh\u00e4lfte \u00fcber das weitere Verfahren entscheiden.<\/p><p>Weiterhin tauscht sich der ETH-Rat mit verschiedenen Stakeholdern aus. Dazu geh\u00f6ren neben der Politik auch Partnerorganisationen der Forschungsanstalten und Hochschulen, Wirtschaftsverb\u00e4nde, Standortkantone und Beh\u00f6rden. Bevor der ETH-Rat abschliessend strategisch entscheidet, welche Option er dem Bundesrat zur Umsetzung beantragen m\u00f6chte, wird er nebst einer Anh\u00f6rung im ETH-Bereich eine \u00c4mterkonsultation durchf\u00fchren. Falls es neben neuen Formen der Zusammenarbeit auch zu einer Strukturanpassung kommen sollte, wird der ETH-Rat dem Bundesrat einen Antrag zur Einleitung eines entsprechenden Rechtsetzungsverfahrens stellen, bei dem das Parlament das letzte Wort hat.<\/p><p>\u00a0<\/p>\t\t\t\t\t\t\t\t<\/div>\n\t\t\t\t<\/div>\n\t\t\t\t<section class=\"elementor-section elementor-inner-section elementor-element elementor-element-8b975b4 elementor-section-full_width elementor-section-height-default elementor-section-height-default\" data-id=\"8b975b4\" data-element_type=\"section\" data-e-type=\"section\">\n\t\t\t\t\t\t<div class=\"elementor-container elementor-column-gap-default\">\n\t\t\t\t\t<div class=\"elementor-column elementor-col-100 elementor-inner-column elementor-element elementor-element-3000e7f\" data-id=\"3000e7f\" data-element_type=\"column\" data-e-type=\"column\" data-settings=\"{&quot;background_background&quot;:&quot;classic&quot;}\">\n\t\t\t<div class=\"elementor-widget-wrap elementor-element-populated\">\n\t\t\t\t\t\t<div class=\"elementor-element elementor-element-b723397 elementor-widget elementor-widget-text-editor\" data-id=\"b723397\" data-element_type=\"widget\" data-e-type=\"widget\" data-widget_type=\"text-editor.default\">\n\t\t\t\t<div class=\"elementor-widget-container\">\n\t\t\t\t\t\t\t\t\t<h4>Zeitplan und Meilensteine<\/h4><p><strong>ab Herbst 2023<\/strong><\/p><ul><li>Ausarbeitung und weitere Konkretisierung der Optionen f\u00fcr die Zusammenarbeit<\/li><li>Austausch mit Stakeholdern aus Politik, Wirtschaft und Gesellschaft<\/li><\/ul><div>\u00a0<\/div><p><strong>2024<\/strong><\/p><ul><li>August bis Oktober: Vorkonsultation im ETH-Bereich (siehe\u00a0<a href=\"https:\/\/ethrat.ch\/wp-content\/uploads\/2024\/12\/241204_Interface_Struktur_ETH-Bereich.pdf\" target=\"_blank\" rel=\"noopener\">Zusammenfassung der Ergebnisse im Bericht der Firma Interface<\/a>)<\/li><li>Dezember: <a href=\"https:\/\/ethrat.ch\/de\/eth-bereich\/ziele-und-richtungsentscheid\/\" target=\"_blank\" rel=\"noopener\">Richtungsentscheid ETH-Rat<\/a>\u00a0<\/li><\/ul><div>\u00a0<\/div><p><strong>2025<\/strong><\/p><ul><li>Ausgestaltung der Struktur<\/li><\/ul><div>\u00a0<\/div><div><p><strong>2026<\/strong><\/p><ul><li>Konsultation im ETH-Bereich<\/li><li>Beschluss ETH-Rat<\/li><\/ul><div>\u00a0<\/div><\/div><p><strong>2026\/2027<\/strong><\/p><ul><li><span style=\"text-decoration: underline;\">Variante SNL<\/span>: Antrag an Eigner bzw. Bundesrat; bei Zustimmung durch Bundesrat Start Rechtsetzungsverfahren\u00a0<\/li><li><span style=\"text-decoration: underline;\">Variante SNLs<\/span>: Konsultation im ETH-Bereich sowie \u00c4mterkonsultation\u00a0<\/li><\/ul>\t\t\t\t\t\t\t\t<\/div>\n\t\t\t\t<\/div>\n\t\t\t\t<div class=\"elementor-element elementor-element-9baa4f5 elementor-widget elementor-widget-spacer\" data-id=\"9baa4f5\" data-element_type=\"widget\" data-e-type=\"widget\" data-widget_type=\"spacer.default\">\n\t\t\t\t<div class=\"elementor-widget-container\">\n\t\t\t\t\t\t\t<div class=\"elementor-spacer\">\n\t\t\t<div class=\"elementor-spacer-inner\"><\/div>\n\t\t<\/div>\n\t\t\t\t\t\t<\/div>\n\t\t\t\t<\/div>\n\t\t\t\t\t<\/div>\n\t\t<\/div>\n\t\t\t\t\t<\/div>\n\t\t<\/section>\n\t\t\t\t\t<\/div>\n\t\t<\/div>\n\t\t\t\t\t<\/div>\n\t\t<\/section>\n\t\t\t\t<\/div>\n\t\t","protected":false},"excerpt":{"rendered":"<p>FIT for the Future: Organisationsentwicklung im ETH-Bereich Der ETH-Rat arbeitet derzeit an der Organisationse &#8230;<\/p>\n","protected":false},"author":11,"featured_media":0,"parent":629,"menu_order":0,"comment_status":"closed","ping_status":"closed","template":"","meta":{"_acf_changed":false,"footnotes":"","_links_to":"","_links_to_target":""},"search-tag":[],"class_list":["post-49527","page","type-page","status-publish","hentry"],"acf":[],"yoast_head":"<!-- This site is optimized with the Yoast SEO plugin v27.3 - https:\/\/yoast.com\/product\/yoast-seo-wordpress\/ -->\n<title>Fit f\u00fcr die Zukunft: Organisationsentwicklung im ETH-Bereich - ETH-Rat<\/title>\n<meta name=\"robots\" content=\"index, follow, max-snippet:-1, max-image-preview:large, max-video-preview:-1\" \/>\n<link rel=\"canonical\" href=\"https:\/\/ethrat.ch\/de\/eth-bereich\/fit-for-the-future\/\" \/>\n<meta property=\"og:locale\" content=\"ja_JP\" \/>\n<meta property=\"og:type\" content=\"article\" \/>\n<meta property=\"og:title\" content=\"Fit f\u00fcr die Zukunft: Organisationsentwicklung im ETH-Bereich - ETH-Rat\" \/>\n<meta property=\"og:description\" content=\"FIT for the Future: Organisationsentwicklung im ETH-Bereich Der ETH-Rat arbeitet derzeit an der Organisationse ...\" \/>\n<meta property=\"og:url\" content=\"https:\/\/ethrat.ch\/de\/eth-bereich\/fit-for-the-future\/\" \/>\n<meta property=\"og:site_name\" content=\"ETH-Rat\" \/>\n<meta property=\"article:modified_time\" content=\"2026-03-18T15:28:42+00:00\" \/>\n<meta property=\"og:image\" content=\"https:\/\/ethrat.ch\/wp-content\/uploads\/2025\/03\/fit_organisationsentwicklung_web.jpg\" \/>\n\t<meta property=\"og:image:width\" content=\"1120\" \/>\n\t<meta property=\"og:image:height\" content=\"580\" \/>\n\t<meta property=\"og:image:type\" content=\"image\/jpeg\" \/>\n<meta name=\"twitter:card\" content=\"summary_large_image\" \/>\n<meta name=\"twitter:site\" content=\"@eth_rat\" \/>\n<meta name=\"twitter:label1\" content=\"\u63a8\u5b9a\u8aad\u307f\u53d6\u308a\u6642\u9593\" \/>\n\t<meta name=\"twitter:data1\" content=\"4\u5206\" \/>\n<script type=\"application\/ld+json\" class=\"yoast-schema-graph\">{\"@context\":\"https:\\\/\\\/schema.org\",\"@graph\":[{\"@type\":\"WebPage\",\"@id\":\"https:\\\/\\\/ethrat.ch\\\/de\\\/eth-bereich\\\/fit-for-the-future\\\/\",\"url\":\"https:\\\/\\\/ethrat.ch\\\/de\\\/eth-bereich\\\/fit-for-the-future\\\/\",\"name\":\"Fit f\u00fcr die Zukunft: Organisationsentwicklung im ETH-Bereich - ETH-Rat\",\"isPartOf\":{\"@id\":\"https:\\\/\\\/ethrat.ch\\\/de\\\/#website\"},\"primaryImageOfPage\":{\"@id\":\"https:\\\/\\\/ethrat.ch\\\/de\\\/eth-bereich\\\/fit-for-the-future\\\/#primaryimage\"},\"image\":{\"@id\":\"https:\\\/\\\/ethrat.ch\\\/de\\\/eth-bereich\\\/fit-for-the-future\\\/#primaryimage\"},\"thumbnailUrl\":\"https:\\\/\\\/ethrat.ch\\\/wp-content\\\/uploads\\\/2025\\\/03\\\/fit_organisationsentwicklung_web.jpg\",\"datePublished\":\"2024-11-27T11:04:57+00:00\",\"dateModified\":\"2026-03-18T15:28:42+00:00\",\"breadcrumb\":{\"@id\":\"https:\\\/\\\/ethrat.ch\\\/de\\\/eth-bereich\\\/fit-for-the-future\\\/#breadcrumb\"},\"inLanguage\":\"ja\",\"potentialAction\":[{\"@type\":\"ReadAction\",\"target\":[\"https:\\\/\\\/ethrat.ch\\\/de\\\/eth-bereich\\\/fit-for-the-future\\\/\"]}]},{\"@type\":\"ImageObject\",\"inLanguage\":\"ja\",\"@id\":\"https:\\\/\\\/ethrat.ch\\\/de\\\/eth-bereich\\\/fit-for-the-future\\\/#primaryimage\",\"url\":\"https:\\\/\\\/ethrat.ch\\\/wp-content\\\/uploads\\\/2025\\\/03\\\/fit_organisationsentwicklung_web.jpg\",\"contentUrl\":\"https:\\\/\\\/ethrat.ch\\\/wp-content\\\/uploads\\\/2025\\\/03\\\/fit_organisationsentwicklung_web.jpg\"},{\"@type\":\"BreadcrumbList\",\"@id\":\"https:\\\/\\\/ethrat.ch\\\/de\\\/eth-bereich\\\/fit-for-the-future\\\/#breadcrumb\",\"itemListElement\":[{\"@type\":\"ListItem\",\"position\":1,\"name\":\"Home\",\"item\":\"https:\\\/\\\/ethrat.ch\\\/de\\\/\"},{\"@type\":\"ListItem\",\"position\":2,\"name\":\"ETH-BEREICH\",\"item\":\"https:\\\/\\\/ethrat.ch\\\/de\\\/eth-bereich\\\/\"},{\"@type\":\"ListItem\",\"position\":3,\"name\":\"Fit f\u00fcr die Zukunft: Organisationsentwicklung im ETH-Bereich\"}]},{\"@type\":\"WebSite\",\"@id\":\"https:\\\/\\\/ethrat.ch\\\/de\\\/#website\",\"url\":\"https:\\\/\\\/ethrat.ch\\\/de\\\/\",\"name\":\"ETH-Rat\",\"description\":\"\",\"publisher\":{\"@id\":\"https:\\\/\\\/ethrat.ch\\\/de\\\/#organization\"},\"potentialAction\":[{\"@type\":\"SearchAction\",\"target\":{\"@type\":\"EntryPoint\",\"urlTemplate\":\"https:\\\/\\\/ethrat.ch\\\/de\\\/?s={search_term_string}\"},\"query-input\":{\"@type\":\"PropertyValueSpecification\",\"valueRequired\":true,\"valueName\":\"search_term_string\"}}],\"inLanguage\":\"ja\"},{\"@type\":\"Organization\",\"@id\":\"https:\\\/\\\/ethrat.ch\\\/de\\\/#organization\",\"name\":\"ETH-Rat\",\"url\":\"https:\\\/\\\/ethrat.ch\\\/de\\\/\",\"logo\":{\"@type\":\"ImageObject\",\"inLanguage\":\"ja\",\"@id\":\"https:\\\/\\\/ethrat.ch\\\/de\\\/#\\\/schema\\\/logo\\\/image\\\/\",\"url\":\"https:\\\/\\\/ethrat.ch\\\/wp-content\\\/uploads\\\/2024\\\/04\\\/logo-white.svg\",\"contentUrl\":\"https:\\\/\\\/ethrat.ch\\\/wp-content\\\/uploads\\\/2024\\\/04\\\/logo-white.svg\",\"width\":283,\"height\":81,\"caption\":\"ETH-Rat\"},\"image\":{\"@id\":\"https:\\\/\\\/ethrat.ch\\\/de\\\/#\\\/schema\\\/logo\\\/image\\\/\"},\"sameAs\":[\"https:\\\/\\\/x.com\\\/eth_rat\",\"https:\\\/\\\/issuu.com\\\/ethrat\",\"https:\\\/\\\/www.linkedin.com\\\/company\\\/eth-rat\\\/\"]}]}<\/script>\n<!-- \/ Yoast SEO plugin. -->","yoast_head_json":{"title":"Fit f\u00fcr die Zukunft: Organisationsentwicklung im ETH-Bereich - ETH-Rat","robots":{"index":"index","follow":"follow","max-snippet":"max-snippet:-1","max-image-preview":"max-image-preview:large","max-video-preview":"max-video-preview:-1"},"canonical":"https:\/\/ethrat.ch\/de\/eth-bereich\/fit-for-the-future\/","og_locale":"ja_JP","og_type":"article","og_title":"Fit f\u00fcr die Zukunft: Organisationsentwicklung im ETH-Bereich - ETH-Rat","og_description":"FIT for the Future: Organisationsentwicklung im ETH-Bereich Der ETH-Rat arbeitet derzeit an der Organisationse ...","og_url":"https:\/\/ethrat.ch\/de\/eth-bereich\/fit-for-the-future\/","og_site_name":"ETH-Rat","article_modified_time":"2026-03-18T15:28:42+00:00","og_image":[{"width":1120,"height":580,"url":"https:\/\/ethrat.ch\/wp-content\/uploads\/2025\/03\/fit_organisationsentwicklung_web.jpg","type":"image\/jpeg"}],"twitter_card":"summary_large_image","twitter_site":"@eth_rat","twitter_misc":{"\u63a8\u5b9a\u8aad\u307f\u53d6\u308a\u6642\u9593":"4\u5206"},"schema":{"@context":"https:\/\/schema.org","@graph":[{"@type":"WebPage","@id":"https:\/\/ethrat.ch\/de\/eth-bereich\/fit-for-the-future\/","url":"https:\/\/ethrat.ch\/de\/eth-bereich\/fit-for-the-future\/","name":"Fit f\u00fcr die Zukunft: Organisationsentwicklung im ETH-Bereich - ETH-Rat","isPartOf":{"@id":"https:\/\/ethrat.ch\/de\/#website"},"primaryImageOfPage":{"@id":"https:\/\/ethrat.ch\/de\/eth-bereich\/fit-for-the-future\/#primaryimage"},"image":{"@id":"https:\/\/ethrat.ch\/de\/eth-bereich\/fit-for-the-future\/#primaryimage"},"thumbnailUrl":"https:\/\/ethrat.ch\/wp-content\/uploads\/2025\/03\/fit_organisationsentwicklung_web.jpg","datePublished":"2024-11-27T11:04:57+00:00","dateModified":"2026-03-18T15:28:42+00:00","breadcrumb":{"@id":"https:\/\/ethrat.ch\/de\/eth-bereich\/fit-for-the-future\/#breadcrumb"},"inLanguage":"ja","potentialAction":[{"@type":"ReadAction","target":["https:\/\/ethrat.ch\/de\/eth-bereich\/fit-for-the-future\/"]}]},{"@type":"ImageObject","inLanguage":"ja","@id":"https:\/\/ethrat.ch\/de\/eth-bereich\/fit-for-the-future\/#primaryimage","url":"https:\/\/ethrat.ch\/wp-content\/uploads\/2025\/03\/fit_organisationsentwicklung_web.jpg","contentUrl":"https:\/\/ethrat.ch\/wp-content\/uploads\/2025\/03\/fit_organisationsentwicklung_web.jpg"},{"@type":"BreadcrumbList","@id":"https:\/\/ethrat.ch\/de\/eth-bereich\/fit-for-the-future\/#breadcrumb","itemListElement":[{"@type":"ListItem","position":1,"name":"Home","item":"https:\/\/ethrat.ch\/de\/"},{"@type":"ListItem","position":2,"name":"ETH-BEREICH","item":"https:\/\/ethrat.ch\/de\/eth-bereich\/"},{"@type":"ListItem","position":3,"name":"Fit f\u00fcr die Zukunft: Organisationsentwicklung im ETH-Bereich"}]},{"@type":"WebSite","@id":"https:\/\/ethrat.ch\/de\/#website","url":"https:\/\/ethrat.ch\/de\/","name":"ETH-Rat","description":"","publisher":{"@id":"https:\/\/ethrat.ch\/de\/#organization"},"potentialAction":[{"@type":"SearchAction","target":{"@type":"EntryPoint","urlTemplate":"https:\/\/ethrat.ch\/de\/?s={search_term_string}"},"query-input":{"@type":"PropertyValueSpecification","valueRequired":true,"valueName":"search_term_string"}}],"inLanguage":"ja"},{"@type":"Organization","@id":"https:\/\/ethrat.ch\/de\/#organization","name":"ETH-Rat","url":"https:\/\/ethrat.ch\/de\/","logo":{"@type":"ImageObject","inLanguage":"ja","@id":"https:\/\/ethrat.ch\/de\/#\/schema\/logo\/image\/","url":"https:\/\/ethrat.ch\/wp-content\/uploads\/2024\/04\/logo-white.svg","contentUrl":"https:\/\/ethrat.ch\/wp-content\/uploads\/2024\/04\/logo-white.svg","width":283,"height":81,"caption":"ETH-Rat"},"image":{"@id":"https:\/\/ethrat.ch\/de\/#\/schema\/logo\/image\/"},"sameAs":["https:\/\/x.com\/eth_rat","https:\/\/issuu.com\/ethrat","https:\/\/www.linkedin.com\/company\/eth-rat\/"]}]}},"_links":{"self":[{"href":"https:\/\/ethrat.ch\/ja\/wp-json\/wp\/v2\/pages\/49527","targetHints":{"allow":["GET"]}}],"collection":[{"href":"https:\/\/ethrat.ch\/ja\/wp-json\/wp\/v2\/pages"}],"about":[{"href":"https:\/\/ethrat.ch\/ja\/wp-json\/wp\/v2\/types\/page"}],"author":[{"embeddable":true,"href":"https:\/\/ethrat.ch\/ja\/wp-json\/wp\/v2\/users\/11"}],"replies":[{"embeddable":true,"href":"https:\/\/ethrat.ch\/ja\/wp-json\/wp\/v2\/comments?post=49527"}],"version-history":[{"count":27,"href":"https:\/\/ethrat.ch\/ja\/wp-json\/wp\/v2\/pages\/49527\/revisions"}],"predecessor-version":[{"id":58441,"href":"https:\/\/ethrat.ch\/ja\/wp-json\/wp\/v2\/pages\/49527\/revisions\/58441"}],"up":[{"embeddable":true,"href":"https:\/\/ethrat.ch\/ja\/wp-json\/wp\/v2\/pages\/629"}],"wp:attachment":[{"href":"https:\/\/ethrat.ch\/ja\/wp-json\/wp\/v2\/media?parent=49527"}],"wp:term":[{"taxonomy":"search-tag","embeddable":true,"href":"https:\/\/ethrat.ch\/ja\/wp-json\/wp\/v2\/search-tag?post=49527"}],"curies":[{"name":"wp","href":"https:\/\/api.w.org\/{rel}","templated":true}]}}