{"id":41423,"date":"2023-11-29T14:46:45","date_gmt":"2023-11-29T13:46:45","guid":{"rendered":"https:\/\/ethrat.ch\/?page_id=41423"},"modified":"2025-01-24T11:42:56","modified_gmt":"2025-01-24T10:42:56","slug":"umwelt-energie","status":"publish","type":"page","link":"https:\/\/ethrat.ch\/ja\/eth-bereich\/umwelt-energie\/","title":{"rendered":"Umwelt &#038; Energie"},"content":{"rendered":"\t\t<div data-elementor-type=\"wp-page\" data-elementor-id=\"41423\" class=\"elementor elementor-41423\" data-elementor-post-type=\"page\">\n\t\t\t\t\t\t<section class=\"elementor-section elementor-top-section elementor-element elementor-element-6b50d1b6 elementor-section-boxed elementor-section-height-default elementor-section-height-default\" data-id=\"6b50d1b6\" data-element_type=\"section\" data-e-type=\"section\">\n\t\t\t\t\t\t<div class=\"elementor-container elementor-column-gap-default\">\n\t\t\t\t\t<div class=\"elementor-column elementor-col-100 elementor-top-column elementor-element elementor-element-38ffd7f\" data-id=\"38ffd7f\" data-element_type=\"column\" data-e-type=\"column\" data-settings=\"{&quot;background_background&quot;:&quot;classic&quot;}\">\n\t\t\t<div class=\"elementor-widget-wrap elementor-element-populated\">\n\t\t\t\t\t\t<div class=\"elementor-element elementor-element-4bf372c2 elementor-widget elementor-widget-image\" data-id=\"4bf372c2\" data-element_type=\"widget\" data-e-type=\"widget\" data-widget_type=\"image.default\">\n\t\t\t\t<div class=\"elementor-widget-container\">\n\t\t\t\t\t\t\t\t\t\t\t\t\t\t\t<img decoding=\"async\" width=\"1121\" height=\"580\" src=\"https:\/\/ethrat.ch\/wp-content\/uploads\/2024\/02\/ethrat_umwelt_energie.jpg\" class=\"attachment-full size-full wp-image-44982\" alt=\"\" srcset=\"https:\/\/ethrat.ch\/wp-content\/uploads\/2024\/02\/ethrat_umwelt_energie.jpg 1121w, https:\/\/ethrat.ch\/wp-content\/uploads\/2024\/02\/ethrat_umwelt_energie-300x155.jpg 300w, https:\/\/ethrat.ch\/wp-content\/uploads\/2024\/02\/ethrat_umwelt_energie-1024x530.jpg 1024w, https:\/\/ethrat.ch\/wp-content\/uploads\/2024\/02\/ethrat_umwelt_energie-768x397.jpg 768w\" sizes=\"(max-width: 1121px) 100vw, 1121px\" \/>\t\t\t\t\t\t\t\t\t\t\t\t\t\t\t<\/div>\n\t\t\t\t<\/div>\n\t\t\t\t<div class=\"elementor-element elementor-element-f653a54 elementor-widget elementor-widget-heading\" data-id=\"f653a54\" data-element_type=\"widget\" data-e-type=\"widget\" data-widget_type=\"heading.default\">\n\t\t\t\t<div class=\"elementor-widget-container\">\n\t\t\t\t\t<h1 class=\"elementor-heading-title elementor-size-default\">Umwelt &#038; Energie<\/h1>\t\t\t\t<\/div>\n\t\t\t\t<\/div>\n\t\t\t\t<div class=\"elementor-element elementor-element-3650871 elementor-widget elementor-widget-text-editor\" data-id=\"3650871\" data-element_type=\"widget\" data-e-type=\"widget\" data-widget_type=\"text-editor.default\">\n\t\t\t\t<div class=\"elementor-widget-container\">\n\t\t\t\t\t\t\t\t\t<div class=\"lead\"><p>Der ETH-Bereich will beim Klimaschutz eine Vorreiterrolle spielen. Die beiden Eidgen\u00f6ssischen Technischen Hochschulen sowie die vier Forschungsanstalten setzen sich gemeinsame Ziele im Bereich des Umweltschutzes und erbringen ihre Leistungen mit einem optimalen Einsatz der Ressourcen, die sie f\u00fcr ihren Betrieb ben\u00f6tigen.<\/p><\/div>\t\t\t\t\t\t\t\t<\/div>\n\t\t\t\t<\/div>\n\t\t\t\t<div class=\"elementor-element elementor-element-1bb16f98 elementor-widget elementor-widget-text-editor\" data-id=\"1bb16f98\" data-element_type=\"widget\" data-e-type=\"widget\" data-widget_type=\"text-editor.default\">\n\t\t\t\t<div class=\"elementor-widget-container\">\n\t\t\t\t\t\t\t\t\t<p>Das 2019 beschlossene \u00abKlimapaket Bundesverwaltung\u00bb (s. unten) hat f\u00fcr den ETH-Bereich ambitionierte Zielsetzungen, u.a. in Bezug auf die CO2-Emissionen, erlassen. Dar\u00fcber hinaus m\u00f6chte der ETH-Bereich eine gesellschaftliche Vorreiterrolle im Klimaschutz einnehmen. Zahlreiche Projekte, Massnahmen und weiterf\u00fchrende Ideen sollen die CO2-Emissionen im Geb\u00e4udebereich, in den Forschungsprozessen und in der Beschaffung schnellstm\u00f6glich reduzieren.<\/p>\t\t\t\t\t\t\t\t<\/div>\n\t\t\t\t<\/div>\n\t\t\t\t<div class=\"elementor-element elementor-element-ef37314 elementor-widget elementor-widget-text-editor\" data-id=\"ef37314\" data-element_type=\"widget\" data-e-type=\"widget\" data-widget_type=\"text-editor.default\">\n\t\t\t\t<div class=\"elementor-widget-container\">\n\t\t\t\t\t\t\t\t\t<h4>Klimapaket Bundesverwaltung<\/h4><p>Der Bundesrat hat an seiner Sitzung vom 3. Juli 2019 beschlossen, ankn\u00fcpfend an die Energiestrategie 2050 die Treibhausgasemissionen der Bundesverwaltung st\u00e4rker zu senken. Er hat dazu das \u00abKlimapaket Bundesverwaltung\u00bb verabschiedet. Dieses gibt die Stossrichtung f\u00fcr weitere Massnahmen zum Flugverkehr, zur Fahrzeugflotte und zum Geb\u00e4udebereich vor. Der Bundesrat will, dass die Bundesverwaltung ihre Treibhausgasemissionen im Inland bis 2030 um 50% gegen\u00fcber dem Ausgangsjahr 2006 reduziert.<\/p><p><img decoding=\"async\" class=\"alignnone  wp-image-25140\" src=\"https:\/\/ethrat.ch\/wp-content\/uploads\/2021\/11\/link.svg\" alt=\"\" width=\"21\" height=\"17\" \/>\u00a0<a href=\"https:\/\/www.admin.ch\/gov\/de\/start\/dokumentation\/medienmitteilungen.msg-id-75697.html\" target=\"_blank\" rel=\"noopener\">Mehr Informationen auf der Webseite des Bundes<\/a><\/p>\t\t\t\t\t\t\t\t<\/div>\n\t\t\t\t<\/div>\n\t\t\t\t<div class=\"elementor-element elementor-element-aa46eee elementor-widget elementor-widget-spacer\" data-id=\"aa46eee\" data-element_type=\"widget\" data-e-type=\"widget\" data-widget_type=\"spacer.default\">\n\t\t\t\t<div class=\"elementor-widget-container\">\n\t\t\t\t\t\t\t<div class=\"elementor-spacer\">\n\t\t\t<div class=\"elementor-spacer-inner\"><\/div>\n\t\t<\/div>\n\t\t\t\t\t\t<\/div>\n\t\t\t\t<\/div>\n\t\t\t\t<div class=\"elementor-element elementor-element-6b53c5a9 elementor-widget elementor-widget-text-editor\" data-id=\"6b53c5a9\" data-element_type=\"widget\" data-e-type=\"widget\" data-widget_type=\"text-editor.default\">\n\t\t\t\t<div class=\"elementor-widget-container\">\n\t\t\t\t\t\t\t\t\t<p>Die Ergebnisse der Massnahmen im Bereich Umwelt und Energie sowie konkrete Beispiele werden j\u00e4hrlich im <a href=\"https:\/\/ethrat.ch\/news-berichte\/geschaeftsbericht\/\" target=\"_blank\" rel=\"noopener\">Gesch\u00e4ftsbericht des ETH-Rats \u00fcber den ETH-Bereich<\/a>\u00a0berichtet.\u00a0<\/p>\t\t\t\t\t\t\t\t<\/div>\n\t\t\t\t<\/div>\n\t\t\t\t<div class=\"elementor-element elementor-element-3722dd50 elementor-widget elementor-widget-text-editor\" data-id=\"3722dd50\" data-element_type=\"widget\" data-e-type=\"widget\" data-widget_type=\"text-editor.default\">\n\t\t\t\t<div class=\"elementor-widget-container\">\n\t\t\t\t\t\t\t\t\t<h4>Umweltleitbild<\/h4><p>Das Umweltleitbild und die Umweltziele sind Teil des Umweltmanagementsystems des ETH-Bereichs. Dieses erm\u00f6glicht es, eine gesamtheitliche Sicht zum Thema \u00abUmwelt und Energie\u00bb zu erhalten und damit den Herausforderungen der Energiestrategie 2050 f\u00fcr den Betrieb des ETH-Bereichs noch besser begegnen zu k\u00f6nnen. Das Umweltleitbild des ETH-Bereichs wurde vom ETH-Rat gemeinsam mit den Eidgen\u00f6ssischen Technischen Hochschulen ETH Z\u00fcrich und EPFL sowie den vier Forschungsanstalten PSI, WSL, Empa und Eawag erarbeitet und orientiert sich an den \u00fcbergeordneten Vorgaben des Bundes.<\/p>\t\t\t\t\t\t\t\t<\/div>\n\t\t\t\t<\/div>\n\t\t\t\t<div class=\"elementor-element elementor-element-209dac67 elementor-widget elementor-widget-toggle\" data-id=\"209dac67\" data-element_type=\"widget\" data-e-type=\"widget\" data-widget_type=\"toggle.default\">\n\t\t\t\t<div class=\"elementor-widget-container\">\n\t\t\t\t\t\t\t<div class=\"elementor-toggle\">\n\t\t\t\t\t\t\t<div class=\"elementor-toggle-item\">\n\t\t\t\t\t<div id=\"elementor-tab-title-5471\" class=\"elementor-tab-title\" data-tab=\"1\" role=\"button\" aria-controls=\"elementor-tab-content-5471\" aria-expanded=\"false\">\n\t\t\t\t\t\t\t\t\t\t\t\t<span class=\"elementor-toggle-icon elementor-toggle-icon-right\" aria-hidden=\"true\">\n\t\t\t\t\t\t\t\t\t\t\t\t\t\t\t<span class=\"elementor-toggle-icon-closed\"><i class=\"fas fa-chevron-down\"><\/i><\/span>\n\t\t\t\t\t\t\t\t<span class=\"elementor-toggle-icon-opened\"><i class=\"elementor-toggle-icon-opened fas fa-chevron-up\"><\/i><\/span>\n\t\t\t\t\t\t\t\t\t\t\t\t\t<\/span>\n\t\t\t\t\t\t\t\t\t\t\t\t<a class=\"elementor-toggle-title\" tabindex=\"0\">Umweltleitbild des ETH-Bereichs<\/a>\n\t\t\t\t\t<\/div>\n\n\t\t\t\t\t<div id=\"elementor-tab-content-5471\" class=\"elementor-tab-content elementor-clearfix\" data-tab=\"1\" role=\"region\" aria-labelledby=\"elementor-tab-title-5471\"><p>Der ETH-Bereich bekennt sich in einem umfassenden und nachhaltigen Sinn zu seiner Verantwortung gegen\u00fcber der Umwelt. Die Institutionen des ETH-Bereichs streben dabei in Lehre und Forschung eine weltweite Spitzenrolle an. Sie erbringen ihre Leistungen auf allen Gebieten m\u00f6glichst ressourcen- und umweltschonend und \u00fcbernehmen im Bau und Betrieb ihrer Anlagen eine Vorbildfunktion.<\/p><p>Folgende\u00a0<strong>Grunds\u00e4tze\u00a0<\/strong>und\u00a0<strong>Handlungsfelder\u00a0<\/strong>werden durch das Umweltmanagement im ETH-Bereich definiert:<\/p><ul><li>Die Institutionen des ETH-Bereichs erf\u00fcllen s\u00e4mtliche gesetzlichen Anforderungen im Umweltbereich (Legal Compliance).<\/li><li>Die Institutionen des ETH-Bereichs messen ihren Ressourceneinsatz und optimieren diesen bzgl. der Umweltauswirkungen.<\/li><li>Die Institutionen des ETH-Bereichs bauen und betreiben ihre Geb\u00e4ude, Infrastrukturen und Gr\u00fcnfl\u00e4chen basierend auf Grunds\u00e4tzen der nachhaltigen Entwicklung.<\/li><li>Die Institutionen des ETH-Bereichs f\u00f6rdern eine nachhaltige Mobilit\u00e4t.<\/li><li>Die Institutionen des ETH-Bereichs beziehen Umweltaspekte bei Lieferanten und Partnern in die Entscheidung mit ein.<\/li><li>Mitarbeitende und Studierende der Institutionen des ETH-Bereichs verhalten sich vorausschauend und umweltgerecht.<\/li><li>Die Institutionen des ETH-Bereichs und der ETH-Rat erstatten umfassend und transparent j\u00e4hrlich Bericht \u00fcber die Messungen, Massnahmen und Zielerreichung. Diese Berichterstattung ist \u00f6ffentlich.<\/li><\/ul><p>\u00a0<\/p><p>Die kontinuierlichen Entwicklungen in der Umweltleistung im ETH-Bereich werden namentlich anhand folgender Indikatoren beurteilt:<\/p><ul><li>Effizienter Energieeinsatz in Infrastruktur, Lehre und Forschung<\/li><li>Reduktion der direkt und indirekt verursachten Emissionen (quantitative und qualitative Indikatoren)<\/li><li>Effizienter Ressourceneinsatz (Wasser, Papier, Chemikalien etc.)<\/li><li>Fortschrittliches Abfallmanagement mit hohem Anteil an Wertstoffrecycling<\/li><\/ul><p>\u00a0<\/p><\/div>\n\t\t\t\t<\/div>\n\t\t\t\t\t\t\t\t\t\t<script type=\"application\/ld+json\">{\"@context\":\"https:\\\/\\\/schema.org\",\"@type\":\"FAQPage\",\"mainEntity\":[{\"@type\":\"Question\",\"name\":\"Umweltleitbild des ETH-Bereichs\",\"acceptedAnswer\":{\"@type\":\"Answer\",\"text\":\"<p>Der ETH-Bereich bekennt sich in einem umfassenden und nachhaltigen Sinn zu seiner Verantwortung gegen\\u00fcber der Umwelt. Die Institutionen des ETH-Bereichs streben dabei in Lehre und Forschung eine weltweite Spitzenrolle an. Sie erbringen ihre Leistungen auf allen Gebieten m\\u00f6glichst ressourcen- und umweltschonend und \\u00fcbernehmen im Bau und Betrieb ihrer Anlagen eine Vorbildfunktion.<\\\/p><p>Folgende\\u00a0<strong>Grunds\\u00e4tze\\u00a0<\\\/strong>und\\u00a0<strong>Handlungsfelder\\u00a0<\\\/strong>werden durch das Umweltmanagement im ETH-Bereich definiert:<\\\/p><ul><li>Die Institutionen des ETH-Bereichs erf\\u00fcllen s\\u00e4mtliche gesetzlichen Anforderungen im Umweltbereich (Legal Compliance).<\\\/li><li>Die Institutionen des ETH-Bereichs messen ihren Ressourceneinsatz und optimieren diesen bzgl. der Umweltauswirkungen.<\\\/li><li>Die Institutionen des ETH-Bereichs bauen und betreiben ihre Geb\\u00e4ude, Infrastrukturen und Gr\\u00fcnfl\\u00e4chen basierend auf Grunds\\u00e4tzen der nachhaltigen Entwicklung.<\\\/li><li>Die Institutionen des ETH-Bereichs f\\u00f6rdern eine nachhaltige Mobilit\\u00e4t.<\\\/li><li>Die Institutionen des ETH-Bereichs beziehen Umweltaspekte bei Lieferanten und Partnern in die Entscheidung mit ein.<\\\/li><li>Mitarbeitende und Studierende der Institutionen des ETH-Bereichs verhalten sich vorausschauend und umweltgerecht.<\\\/li><li>Die Institutionen des ETH-Bereichs und der ETH-Rat erstatten umfassend und transparent j\\u00e4hrlich Bericht \\u00fcber die Messungen, Massnahmen und Zielerreichung. Diese Berichterstattung ist \\u00f6ffentlich.<\\\/li><\\\/ul><p>\\u00a0<\\\/p><p>Die kontinuierlichen Entwicklungen in der Umweltleistung im ETH-Bereich werden namentlich anhand folgender Indikatoren beurteilt:<\\\/p><ul><li>Effizienter Energieeinsatz in Infrastruktur, Lehre und Forschung<\\\/li><li>Reduktion der direkt und indirekt verursachten Emissionen (quantitative und qualitative Indikatoren)<\\\/li><li>Effizienter Ressourceneinsatz (Wasser, Papier, Chemikalien etc.)<\\\/li><li>Fortschrittliches Abfallmanagement mit hohem Anteil an Wertstoffrecycling<\\\/li><\\\/ul><p>\\u00a0<\\\/p>\"}}]}<\/script>\n\t\t\t\t\t<\/div>\n\t\t\t\t\t\t<\/div>\n\t\t\t\t<\/div>\n\t\t\t\t<div class=\"elementor-element elementor-element-4ae2b26b elementor-widget elementor-widget-spacer\" data-id=\"4ae2b26b\" data-element_type=\"widget\" data-e-type=\"widget\" data-widget_type=\"spacer.default\">\n\t\t\t\t<div class=\"elementor-widget-container\">\n\t\t\t\t\t\t\t<div class=\"elementor-spacer\">\n\t\t\t<div class=\"elementor-spacer-inner\"><\/div>\n\t\t<\/div>\n\t\t\t\t\t\t<\/div>\n\t\t\t\t<\/div>\n\t\t\t\t<div class=\"elementor-element elementor-element-1ce134e4 elementor-widget elementor-widget-text-editor\" data-id=\"1ce134e4\" data-element_type=\"widget\" data-e-type=\"widget\" data-widget_type=\"text-editor.default\">\n\t\t\t\t<div class=\"elementor-widget-container\">\n\t\t\t\t\t\t\t\t\t<h4>Vorbild Energie und Klima<\/h4>\t\t\t\t\t\t\t\t<\/div>\n\t\t\t\t<\/div>\n\t\t\t\t<div class=\"elementor-element elementor-element-4ab99fd3 elementor-widget elementor-widget-text-editor\" data-id=\"4ab99fd3\" data-element_type=\"widget\" data-e-type=\"widget\" data-widget_type=\"text-editor.default\">\n\t\t\t\t<div class=\"elementor-widget-container\">\n\t\t\t\t\t\t\t\t\t<p>Mit der aktiven Teilnahme an der Initiative des Bundes \u00abEnergie-Vorbild\u00bb (VBE) unterstreicht der ETH-Bereich seit 2014 sein Engagement zur Umsetzung der Energiestrategie 2050.<\/p><p>Der ETH-Bereich strebt eine Reduktion der CO2-Emissionen aus Geb\u00e4uden bis 2030 um 50 Prozent gegen\u00fcber 2006 an. Konkret steigert der ETH-Bereich die Energieeffizienz, setzt verst\u00e4rkt Photovoltaik ein, reduziert die CO2-Emissionen auch mit Massnahmen in den Bereichen Food und Mobilit\u00e4t und hat einen Sonderfonds zur Finanzierung von baulichtechnischen Klimaschutzmassnahmen eingerichtet.\u00a0<\/p><p><a href=\"https:\/\/www.vorbild-energie-klima.admin.ch\/vbe\/de\/home.html\" target=\"_blank\" rel=\"noopener\">Alle Informationen finden Sie im Jahresbericht von Vorbild Ernergie und Klima.<\/a><\/p>\t\t\t\t\t\t\t\t<\/div>\n\t\t\t\t<\/div>\n\t\t\t\t<div class=\"elementor-element elementor-element-370a915 elementor-widget elementor-widget-text-editor\" data-id=\"370a915\" data-element_type=\"widget\" data-e-type=\"widget\" data-widget_type=\"text-editor.default\">\n\t\t\t\t<div class=\"elementor-widget-container\">\n\t\t\t\t\t\t\t\t\t<h4>Photovoltaik<\/h4><p>Der Bundesrat hat den ETH-Bereich aufgefordert, sein Potenzial f\u00fcr die photovoltaische Stromerzeugung von 15,7 GWh\/a bis 2034 voll auszusch\u00f6pfen. Um dieses Ziel zu erreichen und die M\u00f6glichkeiten f\u00fcr die einzelnen Institutionen des ETH-Bereichs zu definieren, wurde eine Arbeitsgruppe aus Vertretern der Institutionen eingerichtet, die die wichtigsten Schritte festlegte.<\/p><p>Die nachstehende, j\u00e4hrlich aktualisierte \u00dcberwachung liefert Informationen \u00fcber die Erreichung der Ziele.<\/p><p>\u00a0<\/p>\t\t\t\t\t\t\t\t<\/div>\n\t\t\t\t<\/div>\n\t\t\t\t<div class=\"elementor-element elementor-element-5538ec3a elementor-widget elementor-widget-image\" data-id=\"5538ec3a\" data-element_type=\"widget\" data-e-type=\"widget\" data-widget_type=\"image.default\">\n\t\t\t\t<div class=\"elementor-widget-container\">\n\t\t\t\t\t\t\t\t\t\t\t\t\t\t\t<img decoding=\"async\" width=\"2409\" height=\"814\" src=\"https:\/\/ethrat.ch\/wp-content\/uploads\/2024\/12\/photovoltaique_2023.jpg\" class=\"attachment-full size-full wp-image-50109\" alt=\"\" srcset=\"https:\/\/ethrat.ch\/wp-content\/uploads\/2024\/12\/photovoltaique_2023.jpg 2409w, https:\/\/ethrat.ch\/wp-content\/uploads\/2024\/12\/photovoltaique_2023-300x101.jpg 300w, https:\/\/ethrat.ch\/wp-content\/uploads\/2024\/12\/photovoltaique_2023-1024x346.jpg 1024w, https:\/\/ethrat.ch\/wp-content\/uploads\/2024\/12\/photovoltaique_2023-768x260.jpg 768w, https:\/\/ethrat.ch\/wp-content\/uploads\/2024\/12\/photovoltaique_2023-1536x519.jpg 1536w, https:\/\/ethrat.ch\/wp-content\/uploads\/2024\/12\/photovoltaique_2023-2048x692.jpg 2048w\" sizes=\"(max-width: 2409px) 100vw, 2409px\" \/>\t\t\t\t\t\t\t\t\t\t\t\t\t\t\t<\/div>\n\t\t\t\t<\/div>\n\t\t\t\t\t<\/div>\n\t\t<\/div>\n\t\t\t\t\t<\/div>\n\t\t<\/section>\n\t\t\t\t<\/div>\n\t\t","protected":false},"excerpt":{"rendered":"<p>Der ETH-Bereich will beim Klimaschutz eine Vorreiterrolle spielen. Die beiden Eidgen\u00f6ssischen Technischen Hoch &#8230;<\/p>\n","protected":false},"author":11,"featured_media":0,"parent":629,"menu_order":0,"comment_status":"closed","ping_status":"closed","template":"","meta":{"_acf_changed":false,"footnotes":"","_links_to":"","_links_to_target":""},"search-tag":[],"class_list":["post-41423","page","type-page","status-publish","hentry"],"acf":[],"yoast_head":"<!-- This site is optimized with the Yoast SEO plugin v27.3 - https:\/\/yoast.com\/product\/yoast-seo-wordpress\/ -->\n<title>Umwelt &amp; Energie - ETH-Rat<\/title>\n<meta name=\"robots\" content=\"index, follow, max-snippet:-1, max-image-preview:large, max-video-preview:-1\" \/>\n<link rel=\"canonical\" href=\"https:\/\/ethrat.ch\/de\/eth-bereich\/umwelt-energie\/\" \/>\n<meta property=\"og:locale\" content=\"ja_JP\" \/>\n<meta property=\"og:type\" content=\"article\" \/>\n<meta property=\"og:title\" content=\"Umwelt &amp; Energie - ETH-Rat\" \/>\n<meta property=\"og:description\" content=\"Der ETH-Bereich will beim Klimaschutz eine Vorreiterrolle spielen. Die beiden Eidgen\u00f6ssischen Technischen Hoch ...\" \/>\n<meta property=\"og:url\" content=\"https:\/\/ethrat.ch\/de\/eth-bereich\/umwelt-energie\/\" \/>\n<meta property=\"og:site_name\" content=\"ETH-Rat\" \/>\n<meta property=\"article:modified_time\" content=\"2025-01-24T10:42:56+00:00\" \/>\n<meta property=\"og:image\" content=\"https:\/\/ethrat.ch\/wp-content\/uploads\/2024\/02\/ethrat_umwelt_energie.jpg\" \/>\n\t<meta property=\"og:image:width\" content=\"1121\" \/>\n\t<meta property=\"og:image:height\" content=\"580\" \/>\n\t<meta property=\"og:image:type\" content=\"image\/jpeg\" \/>\n<meta name=\"twitter:card\" content=\"summary_large_image\" \/>\n<meta name=\"twitter:site\" content=\"@eth_rat\" \/>\n<meta name=\"twitter:label1\" content=\"\u63a8\u5b9a\u8aad\u307f\u53d6\u308a\u6642\u9593\" \/>\n\t<meta name=\"twitter:data1\" content=\"3\u5206\" \/>\n<script type=\"application\/ld+json\" class=\"yoast-schema-graph\">{\"@context\":\"https:\\\/\\\/schema.org\",\"@graph\":[{\"@type\":\"WebPage\",\"@id\":\"https:\\\/\\\/ethrat.ch\\\/de\\\/eth-bereich\\\/umwelt-energie\\\/\",\"url\":\"https:\\\/\\\/ethrat.ch\\\/de\\\/eth-bereich\\\/umwelt-energie\\\/\",\"name\":\"Umwelt & Energie - ETH-Rat\",\"isPartOf\":{\"@id\":\"https:\\\/\\\/ethrat.ch\\\/de\\\/#website\"},\"primaryImageOfPage\":{\"@id\":\"https:\\\/\\\/ethrat.ch\\\/de\\\/eth-bereich\\\/umwelt-energie\\\/#primaryimage\"},\"image\":{\"@id\":\"https:\\\/\\\/ethrat.ch\\\/de\\\/eth-bereich\\\/umwelt-energie\\\/#primaryimage\"},\"thumbnailUrl\":\"https:\\\/\\\/ethrat.ch\\\/wp-content\\\/uploads\\\/2024\\\/02\\\/ethrat_umwelt_energie.jpg\",\"datePublished\":\"2023-11-29T13:46:45+00:00\",\"dateModified\":\"2025-01-24T10:42:56+00:00\",\"breadcrumb\":{\"@id\":\"https:\\\/\\\/ethrat.ch\\\/de\\\/eth-bereich\\\/umwelt-energie\\\/#breadcrumb\"},\"inLanguage\":\"ja\",\"potentialAction\":[{\"@type\":\"ReadAction\",\"target\":[\"https:\\\/\\\/ethrat.ch\\\/de\\\/eth-bereich\\\/umwelt-energie\\\/\"]}]},{\"@type\":\"ImageObject\",\"inLanguage\":\"ja\",\"@id\":\"https:\\\/\\\/ethrat.ch\\\/de\\\/eth-bereich\\\/umwelt-energie\\\/#primaryimage\",\"url\":\"https:\\\/\\\/ethrat.ch\\\/wp-content\\\/uploads\\\/2024\\\/02\\\/ethrat_umwelt_energie.jpg\",\"contentUrl\":\"https:\\\/\\\/ethrat.ch\\\/wp-content\\\/uploads\\\/2024\\\/02\\\/ethrat_umwelt_energie.jpg\"},{\"@type\":\"BreadcrumbList\",\"@id\":\"https:\\\/\\\/ethrat.ch\\\/de\\\/eth-bereich\\\/umwelt-energie\\\/#breadcrumb\",\"itemListElement\":[{\"@type\":\"ListItem\",\"position\":1,\"name\":\"Home\",\"item\":\"https:\\\/\\\/ethrat.ch\\\/de\\\/\"},{\"@type\":\"ListItem\",\"position\":2,\"name\":\"ETH-BEREICH\",\"item\":\"https:\\\/\\\/ethrat.ch\\\/de\\\/eth-bereich\\\/\"},{\"@type\":\"ListItem\",\"position\":3,\"name\":\"Umwelt &#038; Energie\"}]},{\"@type\":\"WebSite\",\"@id\":\"https:\\\/\\\/ethrat.ch\\\/de\\\/#website\",\"url\":\"https:\\\/\\\/ethrat.ch\\\/de\\\/\",\"name\":\"ETH-Rat\",\"description\":\"\",\"publisher\":{\"@id\":\"https:\\\/\\\/ethrat.ch\\\/de\\\/#organization\"},\"potentialAction\":[{\"@type\":\"SearchAction\",\"target\":{\"@type\":\"EntryPoint\",\"urlTemplate\":\"https:\\\/\\\/ethrat.ch\\\/de\\\/?s={search_term_string}\"},\"query-input\":{\"@type\":\"PropertyValueSpecification\",\"valueRequired\":true,\"valueName\":\"search_term_string\"}}],\"inLanguage\":\"ja\"},{\"@type\":\"Organization\",\"@id\":\"https:\\\/\\\/ethrat.ch\\\/de\\\/#organization\",\"name\":\"ETH-Rat\",\"url\":\"https:\\\/\\\/ethrat.ch\\\/de\\\/\",\"logo\":{\"@type\":\"ImageObject\",\"inLanguage\":\"ja\",\"@id\":\"https:\\\/\\\/ethrat.ch\\\/de\\\/#\\\/schema\\\/logo\\\/image\\\/\",\"url\":\"https:\\\/\\\/ethrat.ch\\\/wp-content\\\/uploads\\\/2024\\\/04\\\/logo-white.svg\",\"contentUrl\":\"https:\\\/\\\/ethrat.ch\\\/wp-content\\\/uploads\\\/2024\\\/04\\\/logo-white.svg\",\"width\":283,\"height\":81,\"caption\":\"ETH-Rat\"},\"image\":{\"@id\":\"https:\\\/\\\/ethrat.ch\\\/de\\\/#\\\/schema\\\/logo\\\/image\\\/\"},\"sameAs\":[\"https:\\\/\\\/x.com\\\/eth_rat\",\"https:\\\/\\\/issuu.com\\\/ethrat\",\"https:\\\/\\\/www.linkedin.com\\\/company\\\/eth-rat\\\/\"]}]}<\/script>\n<!-- \/ Yoast SEO plugin. -->","yoast_head_json":{"title":"Umwelt & Energie - ETH-Rat","robots":{"index":"index","follow":"follow","max-snippet":"max-snippet:-1","max-image-preview":"max-image-preview:large","max-video-preview":"max-video-preview:-1"},"canonical":"https:\/\/ethrat.ch\/de\/eth-bereich\/umwelt-energie\/","og_locale":"ja_JP","og_type":"article","og_title":"Umwelt & Energie - ETH-Rat","og_description":"Der ETH-Bereich will beim Klimaschutz eine Vorreiterrolle spielen. Die beiden Eidgen\u00f6ssischen Technischen Hoch ...","og_url":"https:\/\/ethrat.ch\/de\/eth-bereich\/umwelt-energie\/","og_site_name":"ETH-Rat","article_modified_time":"2025-01-24T10:42:56+00:00","og_image":[{"width":1121,"height":580,"url":"https:\/\/ethrat.ch\/wp-content\/uploads\/2024\/02\/ethrat_umwelt_energie.jpg","type":"image\/jpeg"}],"twitter_card":"summary_large_image","twitter_site":"@eth_rat","twitter_misc":{"\u63a8\u5b9a\u8aad\u307f\u53d6\u308a\u6642\u9593":"3\u5206"},"schema":{"@context":"https:\/\/schema.org","@graph":[{"@type":"WebPage","@id":"https:\/\/ethrat.ch\/de\/eth-bereich\/umwelt-energie\/","url":"https:\/\/ethrat.ch\/de\/eth-bereich\/umwelt-energie\/","name":"Umwelt & Energie - ETH-Rat","isPartOf":{"@id":"https:\/\/ethrat.ch\/de\/#website"},"primaryImageOfPage":{"@id":"https:\/\/ethrat.ch\/de\/eth-bereich\/umwelt-energie\/#primaryimage"},"image":{"@id":"https:\/\/ethrat.ch\/de\/eth-bereich\/umwelt-energie\/#primaryimage"},"thumbnailUrl":"https:\/\/ethrat.ch\/wp-content\/uploads\/2024\/02\/ethrat_umwelt_energie.jpg","datePublished":"2023-11-29T13:46:45+00:00","dateModified":"2025-01-24T10:42:56+00:00","breadcrumb":{"@id":"https:\/\/ethrat.ch\/de\/eth-bereich\/umwelt-energie\/#breadcrumb"},"inLanguage":"ja","potentialAction":[{"@type":"ReadAction","target":["https:\/\/ethrat.ch\/de\/eth-bereich\/umwelt-energie\/"]}]},{"@type":"ImageObject","inLanguage":"ja","@id":"https:\/\/ethrat.ch\/de\/eth-bereich\/umwelt-energie\/#primaryimage","url":"https:\/\/ethrat.ch\/wp-content\/uploads\/2024\/02\/ethrat_umwelt_energie.jpg","contentUrl":"https:\/\/ethrat.ch\/wp-content\/uploads\/2024\/02\/ethrat_umwelt_energie.jpg"},{"@type":"BreadcrumbList","@id":"https:\/\/ethrat.ch\/de\/eth-bereich\/umwelt-energie\/#breadcrumb","itemListElement":[{"@type":"ListItem","position":1,"name":"Home","item":"https:\/\/ethrat.ch\/de\/"},{"@type":"ListItem","position":2,"name":"ETH-BEREICH","item":"https:\/\/ethrat.ch\/de\/eth-bereich\/"},{"@type":"ListItem","position":3,"name":"Umwelt &#038; Energie"}]},{"@type":"WebSite","@id":"https:\/\/ethrat.ch\/de\/#website","url":"https:\/\/ethrat.ch\/de\/","name":"ETH-Rat","description":"","publisher":{"@id":"https:\/\/ethrat.ch\/de\/#organization"},"potentialAction":[{"@type":"SearchAction","target":{"@type":"EntryPoint","urlTemplate":"https:\/\/ethrat.ch\/de\/?s={search_term_string}"},"query-input":{"@type":"PropertyValueSpecification","valueRequired":true,"valueName":"search_term_string"}}],"inLanguage":"ja"},{"@type":"Organization","@id":"https:\/\/ethrat.ch\/de\/#organization","name":"ETH-Rat","url":"https:\/\/ethrat.ch\/de\/","logo":{"@type":"ImageObject","inLanguage":"ja","@id":"https:\/\/ethrat.ch\/de\/#\/schema\/logo\/image\/","url":"https:\/\/ethrat.ch\/wp-content\/uploads\/2024\/04\/logo-white.svg","contentUrl":"https:\/\/ethrat.ch\/wp-content\/uploads\/2024\/04\/logo-white.svg","width":283,"height":81,"caption":"ETH-Rat"},"image":{"@id":"https:\/\/ethrat.ch\/de\/#\/schema\/logo\/image\/"},"sameAs":["https:\/\/x.com\/eth_rat","https:\/\/issuu.com\/ethrat","https:\/\/www.linkedin.com\/company\/eth-rat\/"]}]}},"_links":{"self":[{"href":"https:\/\/ethrat.ch\/ja\/wp-json\/wp\/v2\/pages\/41423","targetHints":{"allow":["GET"]}}],"collection":[{"href":"https:\/\/ethrat.ch\/ja\/wp-json\/wp\/v2\/pages"}],"about":[{"href":"https:\/\/ethrat.ch\/ja\/wp-json\/wp\/v2\/types\/page"}],"author":[{"embeddable":true,"href":"https:\/\/ethrat.ch\/ja\/wp-json\/wp\/v2\/users\/11"}],"replies":[{"embeddable":true,"href":"https:\/\/ethrat.ch\/ja\/wp-json\/wp\/v2\/comments?post=41423"}],"version-history":[{"count":0,"href":"https:\/\/ethrat.ch\/ja\/wp-json\/wp\/v2\/pages\/41423\/revisions"}],"up":[{"embeddable":true,"href":"https:\/\/ethrat.ch\/ja\/wp-json\/wp\/v2\/pages\/629"}],"wp:attachment":[{"href":"https:\/\/ethrat.ch\/ja\/wp-json\/wp\/v2\/media?parent=41423"}],"wp:term":[{"taxonomy":"search-tag","embeddable":true,"href":"https:\/\/ethrat.ch\/ja\/wp-json\/wp\/v2\/search-tag?post=41423"}],"curies":[{"name":"wp","href":"https:\/\/api.w.org\/{rel}","templated":true}]}}