{"id":30235,"date":"2022-02-11T15:49:27","date_gmt":"2022-02-11T14:49:27","guid":{"rendered":"https:\/\/ethrat.ch\/?page_id=30235"},"modified":"2024-04-24T13:38:38","modified_gmt":"2024-04-24T11:38:38","slug":"informationen-fuer-reservation","status":"publish","type":"page","link":"https:\/\/ethrat.ch\/ja\/informationen-fuer-reservation\/","title":{"rendered":"Informationen f\u00fcr die Reservierung von Konferenzr\u00e4umen"},"content":{"rendered":"\t\t<div data-elementor-type=\"wp-page\" data-elementor-id=\"30235\" class=\"elementor elementor-30235\" data-elementor-post-type=\"page\">\n\t\t\t\t\t\t<section class=\"elementor-section elementor-top-section elementor-element elementor-element-a010f65 elementor-section-boxed elementor-section-height-default elementor-section-height-default\" data-id=\"a010f65\" data-element_type=\"section\" data-e-type=\"section\">\n\t\t\t\t\t\t<div class=\"elementor-container elementor-column-gap-default\">\n\t\t\t\t\t<div class=\"elementor-column elementor-col-100 elementor-top-column elementor-element elementor-element-58b606b\" data-id=\"58b606b\" data-element_type=\"column\" data-e-type=\"column\">\n\t\t\t<div class=\"elementor-widget-wrap elementor-element-populated\">\n\t\t\t\t\t\t<div class=\"elementor-element elementor-element-2c9b34fc elementor-widget elementor-widget-heading\" data-id=\"2c9b34fc\" data-element_type=\"widget\" data-e-type=\"widget\" data-widget_type=\"heading.default\">\n\t\t\t\t<div class=\"elementor-widget-container\">\n\t\t\t\t\t<h1 class=\"elementor-heading-title elementor-size-default\">Informationen f\u00fcr die Reservierung von Konferenzr\u00e4umen<\/h1>\t\t\t\t<\/div>\n\t\t\t\t<\/div>\n\t\t\t\t\t<\/div>\n\t\t<\/div>\n\t\t\t\t\t<\/div>\n\t\t<\/section>\n\t\t\t\t<section class=\"elementor-section elementor-top-section elementor-element elementor-element-15d399e7 elementor-section-boxed elementor-section-height-default elementor-section-height-default\" data-id=\"15d399e7\" data-element_type=\"section\" data-e-type=\"section\">\n\t\t\t\t\t\t<div class=\"elementor-container elementor-column-gap-default\">\n\t\t\t\t\t<div class=\"elementor-column elementor-col-100 elementor-top-column elementor-element elementor-element-7bb1bd9d\" data-id=\"7bb1bd9d\" data-element_type=\"column\" data-e-type=\"column\" data-settings=\"{&quot;background_background&quot;:&quot;classic&quot;}\">\n\t\t\t<div class=\"elementor-widget-wrap elementor-element-populated\">\n\t\t\t\t\t\t<div class=\"elementor-element elementor-element-18c78f5 elementor-widget__width-initial elementor-widget elementor-widget-text-editor\" data-id=\"18c78f5\" data-element_type=\"widget\" data-e-type=\"widget\" data-widget_type=\"text-editor.default\">\n\t\t\t\t<div class=\"elementor-widget-container\">\n\t\t\t\t\t\t\t\t\t<p>Mitarbeitende des ETH-Bereichs k\u00f6nnen Konferenzr\u00e4ume im Geb\u00e4ude des ETH-Rats in Bern buchen. Bitte um Reservation per\u00a0<a href=\"mailto:bern@ethrat.ch\" target=\"_blank\" rel=\"noopener\">E-Mail<\/a>.<\/p><p>Hierf\u00fcr stehen zwei R\u00e4ume zur Verf\u00fcgung:<\/p><ul><li><strong>Konferenzraum f\u00fcr 24 Personen<br \/><\/strong><\/li><\/ul><ul><li><strong>Sitzungszimmer f\u00fcr 14 Personen<br \/><\/strong><\/li><\/ul><div>\u00a0<\/div><p>Montags bis freitags von 8.00 \u2013 17.00.<br \/>Betreut durch Sitzungsteam Bern Hirschengraben.<br \/>Mindestpersonenanzahl f\u00fcr Reservation: 4 Personen.<br \/><em>Eine Reservation muss zwingend zwei Arbeitstage im Voraus get\u00e4tigt werden.<\/em><\/p><h4>Auf Anfrage<\/h4><p>bieten wir nach M\u00f6glichkeit auch\u00a0<span style=\"color: var( --e-global-color-secondary ); font-size: var( --e-global-typography-129859c-font-size ); font-style: var( --e-global-typography-129859c-font-style ); letter-spacing: var( --e-global-typography-129859c-letter-spacing ); text-transform: var( --e-global-typography-129859c-text-transform );\">B<\/span><span style=\"color: var( --e-global-color-secondary ); font-size: var( --e-global-typography-129859c-font-size ); font-style: var( --e-global-typography-129859c-font-style ); letter-spacing: var( --e-global-typography-129859c-letter-spacing ); text-transform: var( --e-global-typography-129859c-text-transform );\">\u00fcror\u00e4ume und Arbeitspl\u00e4tze f\u00fcr Einzelpersonen oder Treffen mit weniger als 4 Personen an.<\/span><\/p><p><em>Die R\u00e4umlichkeiten bleiben Arbeitsgruppen vorbehalten, deren T\u00e4tigkeit in einem direkten Zusammenhang mit dem ETH-Bereich steht. Reservationen sind zwingend im Namen von Personen vorzunehmen, die einer Institution des ETH-Bereichs angeh\u00f6ren und an der betreffenden Sitzung teilnehmen.<\/em><\/p><h4>Technik &amp; Ausstattung<\/h4><ul><li>WLAN<\/li><li>Videokonferenzanlage (auch f\u00fcr hybride Meetings geeignet)<\/li><li>Beamer<\/li><li>Leinwand<\/li><li>Flipchart<\/li><li>Clickshare<\/li><li>Sitzungscomputer<\/li><li>Logitech Presentation (Pointer)<\/li><\/ul><div>\u00a0<\/div><p>Es stehen Mineralwasser, Tee und Kaffee zur Verf\u00fcgung. S\u00e4mtliche weiteren Dienstleistungen (z.B. Catering) m\u00fcssen selber organisiert und bezahlt werden.<\/p>\t\t\t\t\t\t\t\t<\/div>\n\t\t\t\t<\/div>\n\t\t\t\t<div class=\"elementor-element elementor-element-ff42dda elementor-widget elementor-widget-text-editor\" data-id=\"ff42dda\" data-element_type=\"widget\" data-e-type=\"widget\" data-widget_type=\"text-editor.default\">\n\t\t\t\t<div class=\"elementor-widget-container\">\n\t\t\t\t\t\t\t\t\t<h4>Kontakt<\/h4>\t\t\t\t\t\t\t\t<\/div>\n\t\t\t\t<\/div>\n\t\t\t\t<div class=\"elementor-element elementor-element-799db75 elementor-widget elementor-widget-text-editor\" data-id=\"799db75\" data-element_type=\"widget\" data-e-type=\"widget\" data-widget_type=\"text-editor.default\">\n\t\t\t\t<div class=\"elementor-widget-container\">\n\t\t\t\t\t\t\t\t\t<p><b>Maria von Gunten<br \/><\/b>+41 58 856 87 25<br \/><a href=\"mailto:bern@ethrat.ch\">E-Mail<\/a><\/p><p>ETH-Rat<br \/>Hirschengraben 3<br \/>3011 Bern<\/p><p>Anwesend: <br \/>Montag, Dienstag, Donnerstag 09.00 \u2013 12.00<\/p>\t\t\t\t\t\t\t\t<\/div>\n\t\t\t\t<\/div>\n\t\t\t\t\t<\/div>\n\t\t<\/div>\n\t\t\t\t\t<\/div>\n\t\t<\/section>\n\t\t\t\t<\/div>\n\t\t","protected":false},"excerpt":{"rendered":"<p>Mitarbeitende des ETH-Bereichs k\u00f6nnen Konferenzr\u00e4ume im Geb\u00e4ude des ETH-Rats in Bern buchen. Bitte um Reservat &#8230;<\/p>\n","protected":false},"author":11,"featured_media":0,"parent":0,"menu_order":0,"comment_status":"closed","ping_status":"closed","template":"","meta":{"_acf_changed":false,"footnotes":"","_links_to":"","_links_to_target":""},"search-tag":[],"class_list":["post-30235","page","type-page","status-publish","hentry"],"acf":[],"yoast_head":"<!-- This site is optimized with the Yoast SEO plugin v27.3 - https:\/\/yoast.com\/product\/yoast-seo-wordpress\/ -->\n<title>Informationen f\u00fcr die Reservierung von Konferenzr\u00e4umen - ETH-Rat<\/title>\n<meta name=\"robots\" content=\"index, follow, max-snippet:-1, max-image-preview:large, max-video-preview:-1\" \/>\n<link rel=\"canonical\" href=\"https:\/\/ethrat.ch\/de\/informationen-fuer-reservation\/\" \/>\n<meta property=\"og:locale\" content=\"ja_JP\" \/>\n<meta property=\"og:type\" content=\"article\" \/>\n<meta property=\"og:title\" content=\"Informationen f\u00fcr die Reservierung von Konferenzr\u00e4umen - ETH-Rat\" \/>\n<meta property=\"og:description\" content=\"Mitarbeitende des ETH-Bereichs k\u00f6nnen Konferenzr\u00e4ume im Geb\u00e4ude des ETH-Rats in Bern buchen. Bitte um Reservat ...\" \/>\n<meta property=\"og:url\" content=\"https:\/\/ethrat.ch\/de\/informationen-fuer-reservation\/\" \/>\n<meta property=\"og:site_name\" content=\"ETH-Rat\" \/>\n<meta property=\"article:modified_time\" content=\"2024-04-24T11:38:38+00:00\" \/>\n<meta name=\"twitter:card\" content=\"summary_large_image\" \/>\n<meta name=\"twitter:site\" content=\"@eth_rat\" \/>\n<meta name=\"twitter:label1\" content=\"\u63a8\u5b9a\u8aad\u307f\u53d6\u308a\u6642\u9593\" \/>\n\t<meta name=\"twitter:data1\" content=\"1\u5206\" \/>\n<script type=\"application\/ld+json\" class=\"yoast-schema-graph\">{\"@context\":\"https:\\\/\\\/schema.org\",\"@graph\":[{\"@type\":\"WebPage\",\"@id\":\"https:\\\/\\\/ethrat.ch\\\/de\\\/informationen-fuer-reservation\\\/\",\"url\":\"https:\\\/\\\/ethrat.ch\\\/de\\\/informationen-fuer-reservation\\\/\",\"name\":\"Informationen f\u00fcr die Reservierung von Konferenzr\u00e4umen - ETH-Rat\",\"isPartOf\":{\"@id\":\"https:\\\/\\\/ethrat.ch\\\/de\\\/#website\"},\"datePublished\":\"2022-02-11T14:49:27+00:00\",\"dateModified\":\"2024-04-24T11:38:38+00:00\",\"breadcrumb\":{\"@id\":\"https:\\\/\\\/ethrat.ch\\\/de\\\/informationen-fuer-reservation\\\/#breadcrumb\"},\"inLanguage\":\"ja\",\"potentialAction\":[{\"@type\":\"ReadAction\",\"target\":[\"https:\\\/\\\/ethrat.ch\\\/de\\\/informationen-fuer-reservation\\\/\"]}]},{\"@type\":\"BreadcrumbList\",\"@id\":\"https:\\\/\\\/ethrat.ch\\\/de\\\/informationen-fuer-reservation\\\/#breadcrumb\",\"itemListElement\":[{\"@type\":\"ListItem\",\"position\":1,\"name\":\"Home\",\"item\":\"https:\\\/\\\/ethrat.ch\\\/de\\\/\"},{\"@type\":\"ListItem\",\"position\":2,\"name\":\"Informationen f\u00fcr die Reservierung von Konferenzr\u00e4umen\"}]},{\"@type\":\"WebSite\",\"@id\":\"https:\\\/\\\/ethrat.ch\\\/de\\\/#website\",\"url\":\"https:\\\/\\\/ethrat.ch\\\/de\\\/\",\"name\":\"ETH-Rat\",\"description\":\"\",\"publisher\":{\"@id\":\"https:\\\/\\\/ethrat.ch\\\/de\\\/#organization\"},\"potentialAction\":[{\"@type\":\"SearchAction\",\"target\":{\"@type\":\"EntryPoint\",\"urlTemplate\":\"https:\\\/\\\/ethrat.ch\\\/de\\\/?s={search_term_string}\"},\"query-input\":{\"@type\":\"PropertyValueSpecification\",\"valueRequired\":true,\"valueName\":\"search_term_string\"}}],\"inLanguage\":\"ja\"},{\"@type\":\"Organization\",\"@id\":\"https:\\\/\\\/ethrat.ch\\\/de\\\/#organization\",\"name\":\"ETH-Rat\",\"url\":\"https:\\\/\\\/ethrat.ch\\\/de\\\/\",\"logo\":{\"@type\":\"ImageObject\",\"inLanguage\":\"ja\",\"@id\":\"https:\\\/\\\/ethrat.ch\\\/de\\\/#\\\/schema\\\/logo\\\/image\\\/\",\"url\":\"https:\\\/\\\/ethrat.ch\\\/wp-content\\\/uploads\\\/2024\\\/04\\\/logo-white.svg\",\"contentUrl\":\"https:\\\/\\\/ethrat.ch\\\/wp-content\\\/uploads\\\/2024\\\/04\\\/logo-white.svg\",\"width\":283,\"height\":81,\"caption\":\"ETH-Rat\"},\"image\":{\"@id\":\"https:\\\/\\\/ethrat.ch\\\/de\\\/#\\\/schema\\\/logo\\\/image\\\/\"},\"sameAs\":[\"https:\\\/\\\/x.com\\\/eth_rat\",\"https:\\\/\\\/issuu.com\\\/ethrat\",\"https:\\\/\\\/www.linkedin.com\\\/company\\\/eth-rat\\\/\"]}]}<\/script>\n<!-- \/ Yoast SEO plugin. -->","yoast_head_json":{"title":"Informationen f\u00fcr die Reservierung von Konferenzr\u00e4umen - ETH-Rat","robots":{"index":"index","follow":"follow","max-snippet":"max-snippet:-1","max-image-preview":"max-image-preview:large","max-video-preview":"max-video-preview:-1"},"canonical":"https:\/\/ethrat.ch\/de\/informationen-fuer-reservation\/","og_locale":"ja_JP","og_type":"article","og_title":"Informationen f\u00fcr die Reservierung von Konferenzr\u00e4umen - ETH-Rat","og_description":"Mitarbeitende des ETH-Bereichs k\u00f6nnen Konferenzr\u00e4ume im Geb\u00e4ude des ETH-Rats in Bern buchen. Bitte um Reservat ...","og_url":"https:\/\/ethrat.ch\/de\/informationen-fuer-reservation\/","og_site_name":"ETH-Rat","article_modified_time":"2024-04-24T11:38:38+00:00","twitter_card":"summary_large_image","twitter_site":"@eth_rat","twitter_misc":{"\u63a8\u5b9a\u8aad\u307f\u53d6\u308a\u6642\u9593":"1\u5206"},"schema":{"@context":"https:\/\/schema.org","@graph":[{"@type":"WebPage","@id":"https:\/\/ethrat.ch\/de\/informationen-fuer-reservation\/","url":"https:\/\/ethrat.ch\/de\/informationen-fuer-reservation\/","name":"Informationen f\u00fcr die Reservierung von Konferenzr\u00e4umen - ETH-Rat","isPartOf":{"@id":"https:\/\/ethrat.ch\/de\/#website"},"datePublished":"2022-02-11T14:49:27+00:00","dateModified":"2024-04-24T11:38:38+00:00","breadcrumb":{"@id":"https:\/\/ethrat.ch\/de\/informationen-fuer-reservation\/#breadcrumb"},"inLanguage":"ja","potentialAction":[{"@type":"ReadAction","target":["https:\/\/ethrat.ch\/de\/informationen-fuer-reservation\/"]}]},{"@type":"BreadcrumbList","@id":"https:\/\/ethrat.ch\/de\/informationen-fuer-reservation\/#breadcrumb","itemListElement":[{"@type":"ListItem","position":1,"name":"Home","item":"https:\/\/ethrat.ch\/de\/"},{"@type":"ListItem","position":2,"name":"Informationen f\u00fcr die Reservierung von Konferenzr\u00e4umen"}]},{"@type":"WebSite","@id":"https:\/\/ethrat.ch\/de\/#website","url":"https:\/\/ethrat.ch\/de\/","name":"ETH-Rat","description":"","publisher":{"@id":"https:\/\/ethrat.ch\/de\/#organization"},"potentialAction":[{"@type":"SearchAction","target":{"@type":"EntryPoint","urlTemplate":"https:\/\/ethrat.ch\/de\/?s={search_term_string}"},"query-input":{"@type":"PropertyValueSpecification","valueRequired":true,"valueName":"search_term_string"}}],"inLanguage":"ja"},{"@type":"Organization","@id":"https:\/\/ethrat.ch\/de\/#organization","name":"ETH-Rat","url":"https:\/\/ethrat.ch\/de\/","logo":{"@type":"ImageObject","inLanguage":"ja","@id":"https:\/\/ethrat.ch\/de\/#\/schema\/logo\/image\/","url":"https:\/\/ethrat.ch\/wp-content\/uploads\/2024\/04\/logo-white.svg","contentUrl":"https:\/\/ethrat.ch\/wp-content\/uploads\/2024\/04\/logo-white.svg","width":283,"height":81,"caption":"ETH-Rat"},"image":{"@id":"https:\/\/ethrat.ch\/de\/#\/schema\/logo\/image\/"},"sameAs":["https:\/\/x.com\/eth_rat","https:\/\/issuu.com\/ethrat","https:\/\/www.linkedin.com\/company\/eth-rat\/"]}]}},"_links":{"self":[{"href":"https:\/\/ethrat.ch\/ja\/wp-json\/wp\/v2\/pages\/30235","targetHints":{"allow":["GET"]}}],"collection":[{"href":"https:\/\/ethrat.ch\/ja\/wp-json\/wp\/v2\/pages"}],"about":[{"href":"https:\/\/ethrat.ch\/ja\/wp-json\/wp\/v2\/types\/page"}],"author":[{"embeddable":true,"href":"https:\/\/ethrat.ch\/ja\/wp-json\/wp\/v2\/users\/11"}],"replies":[{"embeddable":true,"href":"https:\/\/ethrat.ch\/ja\/wp-json\/wp\/v2\/comments?post=30235"}],"version-history":[{"count":0,"href":"https:\/\/ethrat.ch\/ja\/wp-json\/wp\/v2\/pages\/30235\/revisions"}],"wp:attachment":[{"href":"https:\/\/ethrat.ch\/ja\/wp-json\/wp\/v2\/media?parent=30235"}],"wp:term":[{"taxonomy":"search-tag","embeddable":true,"href":"https:\/\/ethrat.ch\/ja\/wp-json\/wp\/v2\/search-tag?post=30235"}],"curies":[{"name":"wp","href":"https:\/\/api.w.org\/{rel}","templated":true}]}}