{"id":14081,"date":"2021-10-07T14:37:14","date_gmt":"2021-10-07T12:37:14","guid":{"rendered":"https:\/\/ethrat.ch\/?page_id=9773"},"modified":"2024-03-23T11:24:07","modified_gmt":"2024-03-23T10:24:07","slug":"zwischenevaluation-2019","status":"publish","type":"page","link":"https:\/\/ethrat.ch\/ja\/news-publikationen\/zwischenevaluation-2019\/","title":{"rendered":"Zwischenevaluation 2019 des ETH-Bereichs"},"content":{"rendered":"\t\t<div data-elementor-type=\"wp-page\" data-elementor-id=\"14081\" class=\"elementor elementor-14081\" data-elementor-post-type=\"page\">\n\t\t\t\t\t\t<section class=\"elementor-section elementor-top-section elementor-element elementor-element-9608200 elementor-section-boxed elementor-section-height-default elementor-section-height-default\" data-id=\"9608200\" data-element_type=\"section\" data-e-type=\"section\">\n\t\t\t\t\t\t<div class=\"elementor-container elementor-column-gap-default\">\n\t\t\t\t\t<div class=\"elementor-column elementor-col-100 elementor-top-column elementor-element elementor-element-03b7f3f\" data-id=\"03b7f3f\" data-element_type=\"column\" data-e-type=\"column\" data-settings=\"{&quot;background_background&quot;:&quot;classic&quot;}\">\n\t\t\t<div class=\"elementor-widget-wrap elementor-element-populated\">\n\t\t\t\t\t\t<div class=\"elementor-element elementor-element-8a9cdaf elementor-widget elementor-widget-image\" data-id=\"8a9cdaf\" data-element_type=\"widget\" data-e-type=\"widget\" data-widget_type=\"image.default\">\n\t\t\t\t<div class=\"elementor-widget-container\">\n\t\t\t\t\t\t\t\t\t\t\t\t\t\t\t<img decoding=\"async\" width=\"1120\" height=\"580\" src=\"https:\/\/ethrat.ch\/wp-content\/uploads\/2021\/11\/Petrol_francesco-ungaro-_yJWGhKaO8k-unsplash-1.jpg\" class=\"attachment-full size-full wp-image-19486\" alt=\"\" srcset=\"https:\/\/ethrat.ch\/wp-content\/uploads\/2021\/11\/Petrol_francesco-ungaro-_yJWGhKaO8k-unsplash-1.jpg 1120w, https:\/\/ethrat.ch\/wp-content\/uploads\/2021\/11\/Petrol_francesco-ungaro-_yJWGhKaO8k-unsplash-1-300x155.jpg 300w, https:\/\/ethrat.ch\/wp-content\/uploads\/2021\/11\/Petrol_francesco-ungaro-_yJWGhKaO8k-unsplash-1-1024x530.jpg 1024w, https:\/\/ethrat.ch\/wp-content\/uploads\/2021\/11\/Petrol_francesco-ungaro-_yJWGhKaO8k-unsplash-1-768x398.jpg 768w\" sizes=\"(max-width: 1120px) 100vw, 1120px\" \/>\t\t\t\t\t\t\t\t\t\t\t\t\t\t\t<\/div>\n\t\t\t\t<\/div>\n\t\t\t\t\t<\/div>\n\t\t<\/div>\n\t\t\t\t\t<\/div>\n\t\t<\/section>\n\t\t\t\t<section class=\"elementor-section elementor-top-section elementor-element elementor-element-27877cc elementor-section-boxed elementor-section-height-default elementor-section-height-default\" data-id=\"27877cc\" data-element_type=\"section\" data-e-type=\"section\">\n\t\t\t\t\t\t<div class=\"elementor-container elementor-column-gap-default\">\n\t\t\t\t\t<div class=\"elementor-column elementor-col-100 elementor-top-column elementor-element elementor-element-1958dba\" data-id=\"1958dba\" data-element_type=\"column\" data-e-type=\"column\">\n\t\t\t<div class=\"elementor-widget-wrap elementor-element-populated\">\n\t\t\t\t\t\t<div class=\"elementor-element elementor-element-1a2e56d elementor-widget elementor-widget-heading\" data-id=\"1a2e56d\" data-element_type=\"widget\" data-e-type=\"widget\" data-widget_type=\"heading.default\">\n\t\t\t\t<div class=\"elementor-widget-container\">\n\t\t\t\t\t<h1 class=\"elementor-heading-title elementor-size-default\">Zwischenevaluation 2019 des ETH-Bereichs<\/h1>\t\t\t\t<\/div>\n\t\t\t\t<\/div>\n\t\t\t\t<div class=\"elementor-element elementor-element-42ed6ad elementor-widget elementor-widget-text-editor\" data-id=\"42ed6ad\" data-element_type=\"widget\" data-e-type=\"widget\" data-widget_type=\"text-editor.default\">\n\t\t\t\t<div class=\"elementor-widget-container\">\n\t\t\t\t\t\t\t\t\t<p>Alle vier Jahre wird der ETH-Bereich in der Mitte der Budgetperiode im Auftrag des Bundesrates des zust\u00e4ndigen Departements durch eine internationale Expertenkommission eingehend evaluiert.<\/p>\n<p>Mit grossem Interesse erwartete der ETH-Rat die Ergebnisse der Zwischenevaluation 2019, um zu erfahren, wie die Expertinnen und Experten die Positionierung und die Rolle des ETH-Bereichs innerhalb des Schweizerischen Hochschul- und Forschungssystems einstufen und welche Empfehlungen zur Weiterentwicklung sie erteilen, um seine internationale Wettbewerbsf\u00e4higkeit zu erhalten und gleichzeitig die Bed\u00fcrfnisse der Schweiz abzudecken. Der ETH-Rat weiss die zukunftsweisenden Empfehlungen sehr zu sch\u00e4tzen, da diese eine Grundlage f\u00fcr die zuk\u00fcnftige Entwicklung des ETH-Bereichs im Interesse von Wirtschaft und Gesellschaft darstellen.<\/p>\n<p>Basierend auf den strategischen \u00dcberlegungen des ETH-Rats zu den Empfehlungen der Expertenkommis-sion misst dieser den folgenden Massnahmen&nbsp;<strong>h\u00f6chste Priorit\u00e4t<\/strong>&nbsp;bei:<\/p>\n<p><span style=\"background-color: transparent; color: var( --e-global-color-secondary ); font-style: var( --e-global-typography-33c4b5f-font-style ); font-weight: var( --e-global-typography-33c4b5f-font-weight ); letter-spacing: var( --e-global-typography-33c4b5f-letter-spacing ); text-transform: var( --e-global-typography-33c4b5f-text-transform );\">Der weltweit zunehmende Wettbewerb sowie grosse wissenschaftliche und gesellschaftliche Herausforderungen erfordern eine eingehende&nbsp;<\/span><strong style=\"background-color: transparent; color: var( --e-global-color-secondary ); font-style: var( --e-global-typography-33c4b5f-font-style ); letter-spacing: var( --e-global-typography-33c4b5f-letter-spacing ); text-transform: var( --e-global-typography-33c4b5f-text-transform );\">\u00dcberpr\u00fcfung der Organisationsstruktur des ETH-Bereichs<\/strong><span style=\"background-color: transparent; color: var( --e-global-color-secondary ); font-style: var( --e-global-typography-33c4b5f-font-style ); font-weight: var( --e-global-typography-33c4b5f-font-weight ); letter-spacing: var( --e-global-typography-33c4b5f-letter-spacing ); text-transform: var( --e-global-typography-33c4b5f-text-transform );\">. Die Agilit\u00e4t und Flexibilit\u00e4t des ETH-Bereichs in der Festlegung thematischer Ziele in Bezug auf die Erarbeitung von Antworten auf dringende gesellschaftliche, humanit\u00e4re und wirtschaftliche Bed\u00fcrfnisse sowie seine F\u00e4higkeit zur F\u00f6rderung multidisziplin\u00e4rer Forschungsprogramme zur Erarbeitung innovativer L\u00f6sungen f\u00fcr eine nachhaltige Entwicklung, z\u00e4hlen zu den massgeblichen Kriterien dieser \u00dcberpr\u00fcfung. Die \u00dcberpr\u00fcfung setzt bei der Struktur des ETH-Bereichs und der Zusammenarbeit innerhalb dieser Struktur an, anschliessend werden externe Partner (wie Universit\u00e4ten, Fachhochschulen und Bundes\u00e4mter) einbezogen.<\/span><\/p>\n<ul>\n<li>Die laufende Teilrevision des ETH-Gesetzes wird die&nbsp;<strong>Governance&nbsp;<\/strong>innerhalb des ETH-Bereichs weiter verbessern und dabei die Besonderheiten im Zusammenhang mit der Leitung von Bildungs- und Forschungsinstitutionen sowie mit der Aufsicht dar\u00fcber geb\u00fchrend ber\u00fccksichtigen.<br><br><\/li>\n<li>Die globale Wettbewerbsf\u00e4higkeit und Positionierung des ETH-Bereichs h\u00e4ngen wesentlich von seiner&nbsp;<strong>internationalen Offenheit<\/strong>&nbsp;und multilateralen Zusammenarbeit ab. Der Zugang zu internationalen Netzwerken und die Beteiligung an internationalen Forschungsrahmenprogrammen (namentlich Horizon Europe) sind von gr\u00f6sster Bedeutung f\u00fcr den Erhalt der internationalen Wettbewerbsf\u00e4higkeit, die Entwicklung des schweizerischen akademischen Nachwuchses und die F\u00e4higkeit der Schweiz, mit gesellschaftlichen Herausforderungen umzugehen.<br><br><\/li>\n<li>Die Institutionen des ETH-Bereichs werden ihr&nbsp;<strong>Weiterbildungsangebot&nbsp;<\/strong>st\u00e4rken und ausbauen. Besondere Aufmerksamkeit gilt in diesem Zusammenhang den digitalen Kompetenzen der fr\u00fcheren Absolventinnen und Absolventen der ETH Z\u00fcrich und der EPFL sowie von Personen mit unterschiedlichem Bildungshintergrund, um sie mit den F\u00e4higkeiten auszustatten, die sie in ihren heutigen F\u00fchrungspositionen f\u00fcr den Umgang mit den digitalen Herausforderungen ben\u00f6tigen.<br><br><\/li>\n<li>Mitarbeitende sind ein Schl\u00fcsselfaktor f\u00fcr die erfolgreiche zuk\u00fcnftige Entwicklung des ETH-Bereichs. Der ETH-Rat unterstreicht die Bedeutung eines hohen&nbsp;<strong>F\u00fchrungs- und Managementstandards<\/strong>; er wird sicherstellen, dass in s\u00e4mtlichen Institutionen des ETH-Bereichs angemessene Prozesse eingef\u00fchrt sind.<br><br><\/li>\n<li><strong>Reserven&nbsp;<\/strong>z\u00e4hlen zu den erfolgskritischen Faktoren: Jede Institution des ETH-Bereichs wird ihre Reserven zur F\u00f6rderung der eigenen strategischen Entwicklung und zur Erschliessung neuer wissenschaftlicher Forschungsgebiete und Initiativen bewirtschaften.<br><br><\/li>\n<li>Der&nbsp;<strong>Kommunikation&nbsp;<\/strong>mit der \u00d6ffentlichkeit und den einzelnen Anspruchsgruppen kommt eine zentrale Bedeutung zu. Der ETH-Rat hat die Notwendigkeit erkannt, dass die Kommunikation des ETH-Bereichs einer Erweiterung bedarf mit Betonung der Wirkungen der Forschungsarbeiten der einzelnen Institutionen, ihres Engagements im Dienste der Gesellschaft und ihrer Beitr\u00e4ge zur Gestaltung der Transformationsprozesse in der Gesellschaft.<\/li>\n<\/ul>\n<div>&nbsp;<\/div>\n<p>Die Empfehlungen aus der Zwischenevaluation 2019 identifizieren oder best\u00e4tigen bedeutende strategische Handlungsfelder und helfen, die Prozesse zur Umsetzung entsprechender und angemessener Massnahmen zu beschleunigen. Die Festlegung und Umsetzung dieser Massnahmen auf Stufe des ETH-Bereichs und der einzelnen Institutionen erfordert den gemeinsamen Einsatz des ETH-Rats und der Institutionen sowie einen entsprechenden Zeitrahmen. Der ETH-Rat ist \u00fcberzeugt, dass die Umsetzung der dargestellten Massnahmen den ETH-Bereich darin unterst\u00fctzen wird, zuk\u00fcnftige Herausforderungen kompetent anzugehen.<\/p>\t\t\t\t\t\t\t\t<\/div>\n\t\t\t\t<\/div>\n\t\t\t\t\t<\/div>\n\t\t<\/div>\n\t\t\t\t\t<\/div>\n\t\t<\/section>\n\t\t\t\t<section class=\"elementor-section elementor-top-section elementor-element elementor-element-e602b1a elementor-section-boxed elementor-section-height-default elementor-section-height-default\" data-id=\"e602b1a\" data-element_type=\"section\" data-e-type=\"section\">\n\t\t\t\t\t\t<div class=\"elementor-container elementor-column-gap-default\">\n\t\t\t\t\t<div class=\"elementor-column elementor-col-100 elementor-top-column elementor-element elementor-element-cfb90cb\" data-id=\"cfb90cb\" data-element_type=\"column\" data-e-type=\"column\">\n\t\t\t<div class=\"elementor-widget-wrap\">\n\t\t\t\t\t\t\t<\/div>\n\t\t<\/div>\n\t\t\t\t\t<\/div>\n\t\t<\/section>\n\t\t\t\t<\/div>\n\t\t","protected":false},"excerpt":{"rendered":"<p>Alle vier Jahre wird der ETH-Bereich in der Mitte der Budgetperiode im Auftrag des Bundesrates des zust\u00e4ndigen &#8230;<\/p>\n","protected":false},"author":11,"featured_media":0,"parent":625,"menu_order":0,"comment_status":"closed","ping_status":"closed","template":"","meta":{"_acf_changed":false,"footnotes":"","_links_to":"","_links_to_target":""},"search-tag":[],"class_list":["post-14081","page","type-page","status-publish","hentry"],"acf":[],"yoast_head":"<!-- This site is optimized with the Yoast SEO plugin v27.3 - https:\/\/yoast.com\/product\/yoast-seo-wordpress\/ -->\n<title>Zwischenevaluation 2019 des ETH-Bereichs - ETH-Rat<\/title>\n<meta name=\"robots\" content=\"index, follow, max-snippet:-1, max-image-preview:large, max-video-preview:-1\" \/>\n<link rel=\"canonical\" href=\"https:\/\/ethrat.ch\/de\/news-publikationen\/zwischenevaluation-2019\/\" \/>\n<meta property=\"og:locale\" content=\"ja_JP\" \/>\n<meta property=\"og:type\" content=\"article\" \/>\n<meta property=\"og:title\" content=\"Zwischenevaluation 2019 des ETH-Bereichs - ETH-Rat\" \/>\n<meta property=\"og:description\" content=\"Alle vier Jahre wird der ETH-Bereich in der Mitte der Budgetperiode im Auftrag des Bundesrates des zust\u00e4ndigen ...\" \/>\n<meta property=\"og:url\" content=\"https:\/\/ethrat.ch\/de\/news-publikationen\/zwischenevaluation-2019\/\" \/>\n<meta property=\"og:site_name\" content=\"ETH-Rat\" \/>\n<meta property=\"article:modified_time\" content=\"2024-03-23T10:24:07+00:00\" \/>\n<meta property=\"og:image\" content=\"https:\/\/ethrat.ch\/wp-content\/uploads\/2021\/11\/Petrol_francesco-ungaro-_yJWGhKaO8k-unsplash-1.jpg\" \/>\n\t<meta property=\"og:image:width\" content=\"1120\" \/>\n\t<meta property=\"og:image:height\" content=\"580\" \/>\n\t<meta property=\"og:image:type\" content=\"image\/jpeg\" \/>\n<meta name=\"twitter:card\" content=\"summary_large_image\" \/>\n<meta name=\"twitter:site\" content=\"@eth_rat\" \/>\n<meta name=\"twitter:label1\" content=\"\u63a8\u5b9a\u8aad\u307f\u53d6\u308a\u6642\u9593\" \/>\n\t<meta name=\"twitter:data1\" content=\"3\u5206\" \/>\n<script type=\"application\/ld+json\" class=\"yoast-schema-graph\">{\"@context\":\"https:\\\/\\\/schema.org\",\"@graph\":[{\"@type\":\"WebPage\",\"@id\":\"https:\\\/\\\/ethrat.ch\\\/de\\\/news-publikationen\\\/zwischenevaluation-2019\\\/\",\"url\":\"https:\\\/\\\/ethrat.ch\\\/de\\\/news-publikationen\\\/zwischenevaluation-2019\\\/\",\"name\":\"Zwischenevaluation 2019 des ETH-Bereichs - ETH-Rat\",\"isPartOf\":{\"@id\":\"https:\\\/\\\/ethrat.ch\\\/de\\\/#website\"},\"primaryImageOfPage\":{\"@id\":\"https:\\\/\\\/ethrat.ch\\\/de\\\/news-publikationen\\\/zwischenevaluation-2019\\\/#primaryimage\"},\"image\":{\"@id\":\"https:\\\/\\\/ethrat.ch\\\/de\\\/news-publikationen\\\/zwischenevaluation-2019\\\/#primaryimage\"},\"thumbnailUrl\":\"https:\\\/\\\/ethrat.ch\\\/wp-content\\\/uploads\\\/2021\\\/11\\\/Petrol_francesco-ungaro-_yJWGhKaO8k-unsplash-1.jpg\",\"datePublished\":\"2021-10-07T12:37:14+00:00\",\"dateModified\":\"2024-03-23T10:24:07+00:00\",\"breadcrumb\":{\"@id\":\"https:\\\/\\\/ethrat.ch\\\/de\\\/news-publikationen\\\/zwischenevaluation-2019\\\/#breadcrumb\"},\"inLanguage\":\"ja\",\"potentialAction\":[{\"@type\":\"ReadAction\",\"target\":[\"https:\\\/\\\/ethrat.ch\\\/de\\\/news-publikationen\\\/zwischenevaluation-2019\\\/\"]}]},{\"@type\":\"ImageObject\",\"inLanguage\":\"ja\",\"@id\":\"https:\\\/\\\/ethrat.ch\\\/de\\\/news-publikationen\\\/zwischenevaluation-2019\\\/#primaryimage\",\"url\":\"https:\\\/\\\/ethrat.ch\\\/wp-content\\\/uploads\\\/2021\\\/11\\\/Petrol_francesco-ungaro-_yJWGhKaO8k-unsplash-1.jpg\",\"contentUrl\":\"https:\\\/\\\/ethrat.ch\\\/wp-content\\\/uploads\\\/2021\\\/11\\\/Petrol_francesco-ungaro-_yJWGhKaO8k-unsplash-1.jpg\"},{\"@type\":\"BreadcrumbList\",\"@id\":\"https:\\\/\\\/ethrat.ch\\\/de\\\/news-publikationen\\\/zwischenevaluation-2019\\\/#breadcrumb\",\"itemListElement\":[{\"@type\":\"ListItem\",\"position\":1,\"name\":\"Home\",\"item\":\"https:\\\/\\\/ethrat.ch\\\/de\\\/\"},{\"@type\":\"ListItem\",\"position\":2,\"name\":\"News &#038; Publikationen\",\"item\":\"https:\\\/\\\/ethrat.ch\\\/de\\\/news-publikationen\\\/\"},{\"@type\":\"ListItem\",\"position\":3,\"name\":\"Zwischenevaluation 2019 des ETH-Bereichs\"}]},{\"@type\":\"WebSite\",\"@id\":\"https:\\\/\\\/ethrat.ch\\\/de\\\/#website\",\"url\":\"https:\\\/\\\/ethrat.ch\\\/de\\\/\",\"name\":\"ETH-Rat\",\"description\":\"\",\"publisher\":{\"@id\":\"https:\\\/\\\/ethrat.ch\\\/de\\\/#organization\"},\"potentialAction\":[{\"@type\":\"SearchAction\",\"target\":{\"@type\":\"EntryPoint\",\"urlTemplate\":\"https:\\\/\\\/ethrat.ch\\\/de\\\/?s={search_term_string}\"},\"query-input\":{\"@type\":\"PropertyValueSpecification\",\"valueRequired\":true,\"valueName\":\"search_term_string\"}}],\"inLanguage\":\"ja\"},{\"@type\":\"Organization\",\"@id\":\"https:\\\/\\\/ethrat.ch\\\/de\\\/#organization\",\"name\":\"ETH-Rat\",\"url\":\"https:\\\/\\\/ethrat.ch\\\/de\\\/\",\"logo\":{\"@type\":\"ImageObject\",\"inLanguage\":\"ja\",\"@id\":\"https:\\\/\\\/ethrat.ch\\\/de\\\/#\\\/schema\\\/logo\\\/image\\\/\",\"url\":\"https:\\\/\\\/ethrat.ch\\\/wp-content\\\/uploads\\\/2024\\\/04\\\/logo-white.svg\",\"contentUrl\":\"https:\\\/\\\/ethrat.ch\\\/wp-content\\\/uploads\\\/2024\\\/04\\\/logo-white.svg\",\"width\":283,\"height\":81,\"caption\":\"ETH-Rat\"},\"image\":{\"@id\":\"https:\\\/\\\/ethrat.ch\\\/de\\\/#\\\/schema\\\/logo\\\/image\\\/\"},\"sameAs\":[\"https:\\\/\\\/x.com\\\/eth_rat\",\"https:\\\/\\\/issuu.com\\\/ethrat\",\"https:\\\/\\\/www.linkedin.com\\\/company\\\/eth-rat\\\/\"]}]}<\/script>\n<!-- \/ Yoast SEO plugin. -->","yoast_head_json":{"title":"Zwischenevaluation 2019 des ETH-Bereichs - ETH-Rat","robots":{"index":"index","follow":"follow","max-snippet":"max-snippet:-1","max-image-preview":"max-image-preview:large","max-video-preview":"max-video-preview:-1"},"canonical":"https:\/\/ethrat.ch\/de\/news-publikationen\/zwischenevaluation-2019\/","og_locale":"ja_JP","og_type":"article","og_title":"Zwischenevaluation 2019 des ETH-Bereichs - ETH-Rat","og_description":"Alle vier Jahre wird der ETH-Bereich in der Mitte der Budgetperiode im Auftrag des Bundesrates des zust\u00e4ndigen ...","og_url":"https:\/\/ethrat.ch\/de\/news-publikationen\/zwischenevaluation-2019\/","og_site_name":"ETH-Rat","article_modified_time":"2024-03-23T10:24:07+00:00","og_image":[{"width":1120,"height":580,"url":"https:\/\/ethrat.ch\/wp-content\/uploads\/2021\/11\/Petrol_francesco-ungaro-_yJWGhKaO8k-unsplash-1.jpg","type":"image\/jpeg"}],"twitter_card":"summary_large_image","twitter_site":"@eth_rat","twitter_misc":{"\u63a8\u5b9a\u8aad\u307f\u53d6\u308a\u6642\u9593":"3\u5206"},"schema":{"@context":"https:\/\/schema.org","@graph":[{"@type":"WebPage","@id":"https:\/\/ethrat.ch\/de\/news-publikationen\/zwischenevaluation-2019\/","url":"https:\/\/ethrat.ch\/de\/news-publikationen\/zwischenevaluation-2019\/","name":"Zwischenevaluation 2019 des ETH-Bereichs - ETH-Rat","isPartOf":{"@id":"https:\/\/ethrat.ch\/de\/#website"},"primaryImageOfPage":{"@id":"https:\/\/ethrat.ch\/de\/news-publikationen\/zwischenevaluation-2019\/#primaryimage"},"image":{"@id":"https:\/\/ethrat.ch\/de\/news-publikationen\/zwischenevaluation-2019\/#primaryimage"},"thumbnailUrl":"https:\/\/ethrat.ch\/wp-content\/uploads\/2021\/11\/Petrol_francesco-ungaro-_yJWGhKaO8k-unsplash-1.jpg","datePublished":"2021-10-07T12:37:14+00:00","dateModified":"2024-03-23T10:24:07+00:00","breadcrumb":{"@id":"https:\/\/ethrat.ch\/de\/news-publikationen\/zwischenevaluation-2019\/#breadcrumb"},"inLanguage":"ja","potentialAction":[{"@type":"ReadAction","target":["https:\/\/ethrat.ch\/de\/news-publikationen\/zwischenevaluation-2019\/"]}]},{"@type":"ImageObject","inLanguage":"ja","@id":"https:\/\/ethrat.ch\/de\/news-publikationen\/zwischenevaluation-2019\/#primaryimage","url":"https:\/\/ethrat.ch\/wp-content\/uploads\/2021\/11\/Petrol_francesco-ungaro-_yJWGhKaO8k-unsplash-1.jpg","contentUrl":"https:\/\/ethrat.ch\/wp-content\/uploads\/2021\/11\/Petrol_francesco-ungaro-_yJWGhKaO8k-unsplash-1.jpg"},{"@type":"BreadcrumbList","@id":"https:\/\/ethrat.ch\/de\/news-publikationen\/zwischenevaluation-2019\/#breadcrumb","itemListElement":[{"@type":"ListItem","position":1,"name":"Home","item":"https:\/\/ethrat.ch\/de\/"},{"@type":"ListItem","position":2,"name":"News &#038; Publikationen","item":"https:\/\/ethrat.ch\/de\/news-publikationen\/"},{"@type":"ListItem","position":3,"name":"Zwischenevaluation 2019 des ETH-Bereichs"}]},{"@type":"WebSite","@id":"https:\/\/ethrat.ch\/de\/#website","url":"https:\/\/ethrat.ch\/de\/","name":"ETH-Rat","description":"","publisher":{"@id":"https:\/\/ethrat.ch\/de\/#organization"},"potentialAction":[{"@type":"SearchAction","target":{"@type":"EntryPoint","urlTemplate":"https:\/\/ethrat.ch\/de\/?s={search_term_string}"},"query-input":{"@type":"PropertyValueSpecification","valueRequired":true,"valueName":"search_term_string"}}],"inLanguage":"ja"},{"@type":"Organization","@id":"https:\/\/ethrat.ch\/de\/#organization","name":"ETH-Rat","url":"https:\/\/ethrat.ch\/de\/","logo":{"@type":"ImageObject","inLanguage":"ja","@id":"https:\/\/ethrat.ch\/de\/#\/schema\/logo\/image\/","url":"https:\/\/ethrat.ch\/wp-content\/uploads\/2024\/04\/logo-white.svg","contentUrl":"https:\/\/ethrat.ch\/wp-content\/uploads\/2024\/04\/logo-white.svg","width":283,"height":81,"caption":"ETH-Rat"},"image":{"@id":"https:\/\/ethrat.ch\/de\/#\/schema\/logo\/image\/"},"sameAs":["https:\/\/x.com\/eth_rat","https:\/\/issuu.com\/ethrat","https:\/\/www.linkedin.com\/company\/eth-rat\/"]}]}},"_links":{"self":[{"href":"https:\/\/ethrat.ch\/ja\/wp-json\/wp\/v2\/pages\/14081","targetHints":{"allow":["GET"]}}],"collection":[{"href":"https:\/\/ethrat.ch\/ja\/wp-json\/wp\/v2\/pages"}],"about":[{"href":"https:\/\/ethrat.ch\/ja\/wp-json\/wp\/v2\/types\/page"}],"author":[{"embeddable":true,"href":"https:\/\/ethrat.ch\/ja\/wp-json\/wp\/v2\/users\/11"}],"replies":[{"embeddable":true,"href":"https:\/\/ethrat.ch\/ja\/wp-json\/wp\/v2\/comments?post=14081"}],"version-history":[{"count":0,"href":"https:\/\/ethrat.ch\/ja\/wp-json\/wp\/v2\/pages\/14081\/revisions"}],"up":[{"embeddable":true,"href":"https:\/\/ethrat.ch\/ja\/wp-json\/wp\/v2\/pages\/625"}],"wp:attachment":[{"href":"https:\/\/ethrat.ch\/ja\/wp-json\/wp\/v2\/media?parent=14081"}],"wp:term":[{"taxonomy":"search-tag","embeddable":true,"href":"https:\/\/ethrat.ch\/ja\/wp-json\/wp\/v2\/search-tag?post=14081"}],"curies":[{"name":"wp","href":"https:\/\/api.w.org\/{rel}","templated":true}]}}