{"id":14060,"date":"2021-09-24T10:23:38","date_gmt":"2021-09-24T08:23:38","guid":{"rendered":"https:\/\/ethrat.ch\/?page_id=9426"},"modified":"2021-12-01T13:05:52","modified_gmt":"2021-12-01T12:05:52","slug":"umweltleitbild-des-eth-bereichs","status":"publish","type":"page","link":"https:\/\/ethrat.ch\/ja\/umweltleitbild-des-eth-bereichs\/","title":{"rendered":"Umweltleitbild des ETH-Bereichs"},"content":{"rendered":"\t\t<div data-elementor-type=\"wp-page\" data-elementor-id=\"14060\" class=\"elementor elementor-14060\" data-elementor-post-type=\"page\">\n\t\t\t\t\t\t<section class=\"elementor-section elementor-top-section elementor-element elementor-element-6e39f0e5 elementor-section-boxed elementor-section-height-default elementor-section-height-default\" data-id=\"6e39f0e5\" data-element_type=\"section\" data-e-type=\"section\">\n\t\t\t\t\t\t<div class=\"elementor-container elementor-column-gap-default\">\n\t\t\t\t\t<div class=\"elementor-column elementor-col-33 elementor-top-column elementor-element elementor-element-79f64b94\" data-id=\"79f64b94\" data-element_type=\"column\" data-e-type=\"column\">\n\t\t\t<div class=\"elementor-widget-wrap\">\n\t\t\t\t\t\t\t<\/div>\n\t\t<\/div>\n\t\t\t\t<div class=\"elementor-column elementor-col-33 elementor-top-column elementor-element elementor-element-60c77f5\" data-id=\"60c77f5\" data-element_type=\"column\" data-e-type=\"column\">\n\t\t\t<div class=\"elementor-widget-wrap elementor-element-populated\">\n\t\t\t\t\t\t<div class=\"elementor-element elementor-element-df04cb3 elementor-widget elementor-widget-mxm-breadcrumb\" data-id=\"df04cb3\" data-element_type=\"widget\" data-e-type=\"widget\" data-widget_type=\"mxm-breadcrumb.default\">\n\t\t\t\t<div class=\"elementor-widget-container\">\n\t\t\t\t\t<ul id=\"ah-breadcrumb\" class=\"ah-breadcrumb\"><li class=\"item\"><a href=\"https:\/\/ethrat.ch\/ja\/\">Home<\/a><\/li><li class=\"seperator\">|<\/li><\/ul>\t\t\t\t<\/div>\n\t\t\t\t<\/div>\n\t\t\t\t\t<\/div>\n\t\t<\/div>\n\t\t\t\t<div class=\"elementor-column elementor-col-33 elementor-top-column elementor-element elementor-element-161fd037 elementor-hidden-mobile\" data-id=\"161fd037\" data-element_type=\"column\" data-e-type=\"column\">\n\t\t\t<div class=\"elementor-widget-wrap elementor-element-populated\">\n\t\t\t\t\t\t<div class=\"elementor-element elementor-element-88cc5f3 elementor-widget__width-auto elementor-widget elementor-widget-image\" data-id=\"88cc5f3\" data-element_type=\"widget\" data-e-type=\"widget\" data-widget_type=\"image.default\">\n\t\t\t\t<div class=\"elementor-widget-container\">\n\t\t\t\t\t\t\t\t\t\t\t\t\t\t\t<img decoding=\"async\" src=\"https:\/\/ethrat.ch\/wp-content\/uploads\/2021\/08\/printer_icon.png\" title=\"\" alt=\"\" loading=\"lazy\" \/>\t\t\t\t\t\t\t\t\t\t\t\t\t\t\t<\/div>\n\t\t\t\t<\/div>\n\t\t\t\t<div class=\"elementor-element elementor-element-3390337b elementor-share-buttons--view-text elementor-share-buttons--skin-minimal elementor-grid-1 elementor-widget__width-auto elementor-share-buttons--shape-square elementor-share-buttons--color-official elementor-widget elementor-widget-share-buttons\" data-id=\"3390337b\" data-element_type=\"widget\" data-e-type=\"widget\" data-widget_type=\"share-buttons.default\">\n\t\t\t\t<div class=\"elementor-widget-container\">\n\t\t\t\t\t\t\t<div class=\"elementor-grid\">\n\t\t\t\t\t\t\t\t<div class=\"elementor-grid-item\">\n\t\t\t\t\t\t<div class=\"elementor-share-btn elementor-share-btn_print\" role=\"button\" tabindex=\"0\" aria-label=\"Partager sur print\">\n\t\t\t\t\t\t\t\t\t\t\t\t\t\t\t\t\t\t\t\t\t\t<div class=\"elementor-share-btn__text\">\n\t\t\t\t\t\t\t\t\t\t\t\t\t\t\t\t\t\t\t<span class=\"elementor-share-btn__title\">\n\t\t\t\t\t\t\t\t\t\tDrucken\t\t\t\t\t\t\t\t\t<\/span>\n\t\t\t\t\t\t\t\t\t\t\t\t\t\t\t\t\t<\/div>\n\t\t\t\t\t\t\t\t\t\t\t\t\t<\/div>\n\t\t\t\t\t<\/div>\n\t\t\t\t\t\t<\/div>\n\t\t\t\t\t\t<\/div>\n\t\t\t\t<\/div>\n\t\t\t\t\t<\/div>\n\t\t<\/div>\n\t\t\t\t\t<\/div>\n\t\t<\/section>\n\t\t\t\t<section class=\"elementor-section elementor-top-section elementor-element elementor-element-15d399e7 elementor-section-boxed elementor-section-height-default elementor-section-height-default\" data-id=\"15d399e7\" data-element_type=\"section\" data-e-type=\"section\">\n\t\t\t\t\t\t<div class=\"elementor-container elementor-column-gap-default\">\n\t\t\t\t\t<div class=\"elementor-column elementor-col-33 elementor-top-column elementor-element elementor-element-2b3d06bf elementor-hidden-mobile\" data-id=\"2b3d06bf\" data-element_type=\"column\" data-e-type=\"column\">\n\t\t\t<div class=\"elementor-widget-wrap elementor-element-populated\">\n\t\t\t\t\t\t<div class=\"elementor-element elementor-element-77a2ba22 elementor-widget elementor-widget-spacer\" data-id=\"77a2ba22\" data-element_type=\"widget\" data-e-type=\"widget\" data-widget_type=\"spacer.default\">\n\t\t\t\t<div class=\"elementor-widget-container\">\n\t\t\t\t\t\t\t<div class=\"elementor-spacer\">\n\t\t\t<div class=\"elementor-spacer-inner\"><\/div>\n\t\t<\/div>\n\t\t\t\t\t\t<\/div>\n\t\t\t\t<\/div>\n\t\t\t\t\t<\/div>\n\t\t<\/div>\n\t\t\t\t<div class=\"elementor-column elementor-col-33 elementor-top-column elementor-element elementor-element-7bb1bd9d\" data-id=\"7bb1bd9d\" data-element_type=\"column\" data-e-type=\"column\" data-settings=\"{&quot;background_background&quot;:&quot;classic&quot;}\">\n\t\t\t<div class=\"elementor-widget-wrap elementor-element-populated\">\n\t\t\t\t\t\t<div class=\"elementor-element elementor-element-2c9b34fc elementor-widget elementor-widget-heading\" data-id=\"2c9b34fc\" data-element_type=\"widget\" data-e-type=\"widget\" data-widget_type=\"heading.default\">\n\t\t\t\t<div class=\"elementor-widget-container\">\n\t\t\t\t\t<h1 class=\"elementor-heading-title elementor-size-default\">Umweltleitbild des ETH-Bereichs<\/h1>\t\t\t\t<\/div>\n\t\t\t\t<\/div>\n\t\t\t\t<div class=\"elementor-element elementor-element-67e70620 elementor-widget elementor-widget-spacer\" data-id=\"67e70620\" data-element_type=\"widget\" data-e-type=\"widget\" data-widget_type=\"spacer.default\">\n\t\t\t\t<div class=\"elementor-widget-container\">\n\t\t\t\t\t\t\t<div class=\"elementor-spacer\">\n\t\t\t<div class=\"elementor-spacer-inner\"><\/div>\n\t\t<\/div>\n\t\t\t\t\t\t<\/div>\n\t\t\t\t<\/div>\n\t\t\t\t<div class=\"elementor-element elementor-element-18c78f5 elementor-widget elementor-widget-text-editor\" data-id=\"18c78f5\" data-element_type=\"widget\" data-e-type=\"widget\" data-widget_type=\"text-editor.default\">\n\t\t\t\t<div class=\"elementor-widget-container\">\n\t\t\t\t\t\t\t\t\t<p>Der ETH-Bereich bekennt sich im Umweltleitbild zu seiner Verantwortung gegen\u00fcber der Umwelt. Die beiden Eidgen\u00f6ssischen Technischen Hochschulen ETH Z\u00fcrich und EPFL sowie die vier Forschungsanstalten PSI, WSL, Empa und Eawag setzen sich gemeinsame, umweltbezogene Ziele und erbringen ihre Leistungen ressourcen- und umweltschonend, wobei sie ihre Massnahmen laufend optimieren.<\/p><p>Das Umweltleitbild und die Umweltziele sind Teil des Umweltmanagementsystems des ETH-Bereichs. Dieses erm\u00f6glicht es, eine gesamtheitliche Sicht zum Thema \u00abUmwelt und Energie\u00bb zu erhalten und damit den Herausforderungen der Energiestrategie 2050 f\u00fcr den Betrieb des ETH-Bereichs noch besser begegnen zu k\u00f6nnen. Das Umweltleitbild des ETH-Bereichs wurde vom ETH-Rat gemeinsam mit den Eidgen\u00f6ssischen Technischen Hochschulen ETH Z\u00fcrich und EPFL sowie den vier Forschungsanstalten PSI, WSL, Empa und Eawag erarbeitet und orientiert sich an den \u00fcbergeordneten Vorgaben des Bundes.<\/p>\t\t\t\t\t\t\t\t<\/div>\n\t\t\t\t<\/div>\n\t\t\t\t<div class=\"elementor-element elementor-element-b6038b6 elementor-widget elementor-widget-heading\" data-id=\"b6038b6\" data-element_type=\"widget\" data-e-type=\"widget\" data-widget_type=\"heading.default\">\n\t\t\t\t<div class=\"elementor-widget-container\">\n\t\t\t\t\t<h2 class=\"elementor-heading-title elementor-size-default\">Leitlinie<\/h2>\t\t\t\t<\/div>\n\t\t\t\t<\/div>\n\t\t\t\t<div class=\"elementor-element elementor-element-d1549bb elementor-widget elementor-widget-text-editor\" data-id=\"d1549bb\" data-element_type=\"widget\" data-e-type=\"widget\" data-widget_type=\"text-editor.default\">\n\t\t\t\t<div class=\"elementor-widget-container\">\n\t\t\t\t\t\t\t\t\t<p>Der ETH-Bereich bekennt sich in einem umfassenden und nachhaltigen Sinn zu seiner Verantwortung gegen\u00fcber der Umwelt. Die Institutionen des ETH-Bereichs streben dabei in Lehre und Forschung eine weltweite Spitzenrolle an. Sie erbringen ihre Leistungen auf allen Gebieten m\u00f6glichst ressourcen- und umweltschonend und \u00fcbernehmen im Bau und Betrieb ihrer Anlagen eine Vorbildfunktion.<\/p><p>Folgende\u00a0<strong>Grunds\u00e4tze\u00a0<\/strong>und\u00a0<strong>Handlungsfelder\u00a0<\/strong>werden durch das Umweltmanagement im ETH-Bereich definiert:<\/p><ul><li>Die Institutionen des ETH-Bereichs erf\u00fcllen s\u00e4mtliche gesetzlichen Anforderungen im Umweltbereich (Legal Compliance).<\/li><li>Die Institutionen des ETH-Bereichs messen ihren Ressourceneinsatz und optimieren diesen bzgl. der Umweltauswirkungen.<\/li><li>Die Institutionen des ETH-Bereichs bauen und betreiben ihre Geb\u00e4ude, Infrastrukturen und Gr\u00fcnfl\u00e4chen basierend auf Grunds\u00e4tzen der nachhaltigen Entwicklung.<\/li><li>Die Institutionen des ETH-Bereichs f\u00f6rdern eine nachhaltige Mobilit\u00e4t.<\/li><li>Die Institutionen des ETH-Bereichs beziehen Umweltaspekte bei Lieferanten und Partnern in die Entscheidung mit ein.<\/li><li>Mitarbeitende und Studierende der Institutionen des ETH-Bereichs verhalten sich vorausschauend und umweltgerecht.<\/li><li>Die Institutionen des ETH-Bereichs und der ETH-Rat erstatten umfassend und transparent j\u00e4hrlich Bericht \u00fcber die Messungen, Massnahmen und Zielerreichung. Diese Berichterstattung ist \u00f6ffentlich.<\/li><\/ul><p>Die kontinuierlichen Entwicklungen in der Umweltleistung im ETH-Bereich werden namentlich anhand folgender Indikatoren beurteilt:<\/p><ul><li>Effizienter Energieeinsatz in Infrastruktur, Lehre und Forschung<\/li><li>Reduktion der direkt und indirekt verursachten Emissionen (quantitative und qualitative Indikatoren)<\/li><li>Effizienter Ressourceneinsatz (Wasser, Papier, Chemikalien etc.)<\/li><li>Fortschrittliches Abfallmanagement mit hohem Anteil an Wertstoffrecycling\u00a0<\/li><\/ul>\t\t\t\t\t\t\t\t<\/div>\n\t\t\t\t<\/div>\n\t\t\t\t\t<\/div>\n\t\t<\/div>\n\t\t\t\t<div class=\"elementor-column elementor-col-33 elementor-top-column elementor-element elementor-element-673846a5 elementor-hidden-mobile\" data-id=\"673846a5\" data-element_type=\"column\" data-e-type=\"column\">\n\t\t\t<div class=\"elementor-widget-wrap elementor-element-populated\">\n\t\t\t\t\t\t<div class=\"elementor-element elementor-element-1152575b elementor-widget elementor-widget-spacer\" data-id=\"1152575b\" data-element_type=\"widget\" data-e-type=\"widget\" data-widget_type=\"spacer.default\">\n\t\t\t\t<div class=\"elementor-widget-container\">\n\t\t\t\t\t\t\t<div class=\"elementor-spacer\">\n\t\t\t<div class=\"elementor-spacer-inner\"><\/div>\n\t\t<\/div>\n\t\t\t\t\t\t<\/div>\n\t\t\t\t<\/div>\n\t\t\t\t<div class=\"elementor-element elementor-element-42bd661 elementor-widget elementor-widget-spacer\" data-id=\"42bd661\" data-element_type=\"widget\" data-e-type=\"widget\" data-widget_type=\"spacer.default\">\n\t\t\t\t<div class=\"elementor-widget-container\">\n\t\t\t\t\t\t\t<div class=\"elementor-spacer\">\n\t\t\t<div class=\"elementor-spacer-inner\"><\/div>\n\t\t<\/div>\n\t\t\t\t\t\t<\/div>\n\t\t\t\t<\/div>\n\t\t\t\t<div class=\"elementor-element elementor-element-30371e13 elementor-align-left elementor-widget elementor-widget-button\" data-id=\"30371e13\" data-element_type=\"widget\" data-e-type=\"widget\" data-widget_type=\"button.default\">\n\t\t\t\t<div class=\"elementor-widget-container\">\n\t\t\t\t\t\t\t\t\t<div class=\"elementor-button-wrapper\">\n\t\t\t\t\t<a class=\"elementor-button elementor-button-link elementor-size-sm\" href=\"#elementor-action%3Aaction%3Dpopup%3Aopen%26settings%3DeyJpZCI6NTAxNywidG9nZ2xlIjpmYWxzZX0%3D\">\n\t\t\t\t\t\t<span class=\"elementor-button-content-wrapper\">\n\t\t\t\t\t\t<span class=\"elementor-button-icon\">\n\t\t\t\t\t\t\t<\/span>\n\t\t\t\t\t\t\t\t\t<span class=\"elementor-button-text\">Artikel teilen<\/span>\n\t\t\t\t\t<\/span>\n\t\t\t\t\t<\/a>\n\t\t\t\t<\/div>\n\t\t\t\t\t\t\t\t<\/div>\n\t\t\t\t<\/div>\n\t\t\t\t\t<\/div>\n\t\t<\/div>\n\t\t\t\t\t<\/div>\n\t\t<\/section>\n\t\t\t\t<\/div>\n\t\t","protected":false},"excerpt":{"rendered":"<p>Home Drucken Der ETH-Bereich bekennt sich im Umweltleitbild zu seiner Verantwortung gegen\u00fcber der Umwelt. Die  &#8230;<\/p>\n","protected":false},"author":11,"featured_media":0,"parent":0,"menu_order":0,"comment_status":"closed","ping_status":"closed","template":"","meta":{"_acf_changed":false,"footnotes":"","_links_to":"","_links_to_target":""},"search-tag":[],"class_list":["post-14060","page","type-page","status-publish","hentry"],"acf":[],"yoast_head":"<!-- This site is optimized with the Yoast SEO plugin v27.3 - https:\/\/yoast.com\/product\/yoast-seo-wordpress\/ -->\n<title>Umweltleitbild des ETH-Bereichs - ETH-Rat<\/title>\n<meta name=\"robots\" content=\"index, follow, max-snippet:-1, max-image-preview:large, max-video-preview:-1\" \/>\n<link rel=\"canonical\" href=\"https:\/\/ethrat.ch\/de\/umweltleitbild-des-eth-bereichs\/\" \/>\n<meta property=\"og:locale\" content=\"ja_JP\" \/>\n<meta property=\"og:type\" content=\"article\" \/>\n<meta property=\"og:title\" content=\"Umweltleitbild des ETH-Bereichs - ETH-Rat\" \/>\n<meta property=\"og:description\" content=\"Home Drucken Der ETH-Bereich bekennt sich im Umweltleitbild zu seiner Verantwortung gegen\u00fcber der Umwelt. Die ...\" \/>\n<meta property=\"og:url\" content=\"https:\/\/ethrat.ch\/de\/umweltleitbild-des-eth-bereichs\/\" \/>\n<meta property=\"og:site_name\" content=\"ETH-Rat\" \/>\n<meta property=\"article:modified_time\" content=\"2021-12-01T12:05:52+00:00\" \/>\n<meta property=\"og:image\" content=\"https:\/\/ethrat.ch\/wp-content\/uploads\/2021\/08\/printer_icon.png\" \/>\n<meta name=\"twitter:card\" content=\"summary_large_image\" \/>\n<meta name=\"twitter:site\" content=\"@eth_rat\" \/>\n<meta name=\"twitter:label1\" content=\"\u63a8\u5b9a\u8aad\u307f\u53d6\u308a\u6642\u9593\" \/>\n\t<meta name=\"twitter:data1\" content=\"2\u5206\" \/>\n<script type=\"application\/ld+json\" class=\"yoast-schema-graph\">{\"@context\":\"https:\\\/\\\/schema.org\",\"@graph\":[{\"@type\":\"WebPage\",\"@id\":\"https:\\\/\\\/ethrat.ch\\\/de\\\/umweltleitbild-des-eth-bereichs\\\/\",\"url\":\"https:\\\/\\\/ethrat.ch\\\/de\\\/umweltleitbild-des-eth-bereichs\\\/\",\"name\":\"Umweltleitbild des ETH-Bereichs - ETH-Rat\",\"isPartOf\":{\"@id\":\"https:\\\/\\\/ethrat.ch\\\/de\\\/#website\"},\"primaryImageOfPage\":{\"@id\":\"https:\\\/\\\/ethrat.ch\\\/de\\\/umweltleitbild-des-eth-bereichs\\\/#primaryimage\"},\"image\":{\"@id\":\"https:\\\/\\\/ethrat.ch\\\/de\\\/umweltleitbild-des-eth-bereichs\\\/#primaryimage\"},\"thumbnailUrl\":\"https:\\\/\\\/ethrat.ch\\\/wp-content\\\/uploads\\\/2021\\\/08\\\/printer_icon.png\",\"datePublished\":\"2021-09-24T08:23:38+00:00\",\"dateModified\":\"2021-12-01T12:05:52+00:00\",\"breadcrumb\":{\"@id\":\"https:\\\/\\\/ethrat.ch\\\/de\\\/umweltleitbild-des-eth-bereichs\\\/#breadcrumb\"},\"inLanguage\":\"ja\",\"potentialAction\":[{\"@type\":\"ReadAction\",\"target\":[\"https:\\\/\\\/ethrat.ch\\\/de\\\/umweltleitbild-des-eth-bereichs\\\/\"]}]},{\"@type\":\"ImageObject\",\"inLanguage\":\"ja\",\"@id\":\"https:\\\/\\\/ethrat.ch\\\/de\\\/umweltleitbild-des-eth-bereichs\\\/#primaryimage\",\"url\":\"https:\\\/\\\/ethrat.ch\\\/wp-content\\\/uploads\\\/2021\\\/08\\\/printer_icon.png\",\"contentUrl\":\"https:\\\/\\\/ethrat.ch\\\/wp-content\\\/uploads\\\/2021\\\/08\\\/printer_icon.png\"},{\"@type\":\"BreadcrumbList\",\"@id\":\"https:\\\/\\\/ethrat.ch\\\/de\\\/umweltleitbild-des-eth-bereichs\\\/#breadcrumb\",\"itemListElement\":[{\"@type\":\"ListItem\",\"position\":1,\"name\":\"Home\",\"item\":\"https:\\\/\\\/ethrat.ch\\\/de\\\/\"},{\"@type\":\"ListItem\",\"position\":2,\"name\":\"Umweltleitbild des ETH-Bereichs\"}]},{\"@type\":\"WebSite\",\"@id\":\"https:\\\/\\\/ethrat.ch\\\/de\\\/#website\",\"url\":\"https:\\\/\\\/ethrat.ch\\\/de\\\/\",\"name\":\"ETH-Rat\",\"description\":\"\",\"publisher\":{\"@id\":\"https:\\\/\\\/ethrat.ch\\\/de\\\/#organization\"},\"potentialAction\":[{\"@type\":\"SearchAction\",\"target\":{\"@type\":\"EntryPoint\",\"urlTemplate\":\"https:\\\/\\\/ethrat.ch\\\/de\\\/?s={search_term_string}\"},\"query-input\":{\"@type\":\"PropertyValueSpecification\",\"valueRequired\":true,\"valueName\":\"search_term_string\"}}],\"inLanguage\":\"ja\"},{\"@type\":\"Organization\",\"@id\":\"https:\\\/\\\/ethrat.ch\\\/de\\\/#organization\",\"name\":\"ETH-Rat\",\"url\":\"https:\\\/\\\/ethrat.ch\\\/de\\\/\",\"logo\":{\"@type\":\"ImageObject\",\"inLanguage\":\"ja\",\"@id\":\"https:\\\/\\\/ethrat.ch\\\/de\\\/#\\\/schema\\\/logo\\\/image\\\/\",\"url\":\"https:\\\/\\\/ethrat.ch\\\/wp-content\\\/uploads\\\/2024\\\/04\\\/logo-white.svg\",\"contentUrl\":\"https:\\\/\\\/ethrat.ch\\\/wp-content\\\/uploads\\\/2024\\\/04\\\/logo-white.svg\",\"width\":283,\"height\":81,\"caption\":\"ETH-Rat\"},\"image\":{\"@id\":\"https:\\\/\\\/ethrat.ch\\\/de\\\/#\\\/schema\\\/logo\\\/image\\\/\"},\"sameAs\":[\"https:\\\/\\\/x.com\\\/eth_rat\",\"https:\\\/\\\/issuu.com\\\/ethrat\",\"https:\\\/\\\/www.linkedin.com\\\/company\\\/eth-rat\\\/\"]}]}<\/script>\n<!-- \/ Yoast SEO plugin. -->","yoast_head_json":{"title":"Umweltleitbild des ETH-Bereichs - ETH-Rat","robots":{"index":"index","follow":"follow","max-snippet":"max-snippet:-1","max-image-preview":"max-image-preview:large","max-video-preview":"max-video-preview:-1"},"canonical":"https:\/\/ethrat.ch\/de\/umweltleitbild-des-eth-bereichs\/","og_locale":"ja_JP","og_type":"article","og_title":"Umweltleitbild des ETH-Bereichs - ETH-Rat","og_description":"Home Drucken Der ETH-Bereich bekennt sich im Umweltleitbild zu seiner Verantwortung gegen\u00fcber der Umwelt. Die ...","og_url":"https:\/\/ethrat.ch\/de\/umweltleitbild-des-eth-bereichs\/","og_site_name":"ETH-Rat","article_modified_time":"2021-12-01T12:05:52+00:00","og_image":[{"url":"https:\/\/ethrat.ch\/wp-content\/uploads\/2021\/08\/printer_icon.png","type":"","width":"","height":""}],"twitter_card":"summary_large_image","twitter_site":"@eth_rat","twitter_misc":{"\u63a8\u5b9a\u8aad\u307f\u53d6\u308a\u6642\u9593":"2\u5206"},"schema":{"@context":"https:\/\/schema.org","@graph":[{"@type":"WebPage","@id":"https:\/\/ethrat.ch\/de\/umweltleitbild-des-eth-bereichs\/","url":"https:\/\/ethrat.ch\/de\/umweltleitbild-des-eth-bereichs\/","name":"Umweltleitbild des ETH-Bereichs - ETH-Rat","isPartOf":{"@id":"https:\/\/ethrat.ch\/de\/#website"},"primaryImageOfPage":{"@id":"https:\/\/ethrat.ch\/de\/umweltleitbild-des-eth-bereichs\/#primaryimage"},"image":{"@id":"https:\/\/ethrat.ch\/de\/umweltleitbild-des-eth-bereichs\/#primaryimage"},"thumbnailUrl":"https:\/\/ethrat.ch\/wp-content\/uploads\/2021\/08\/printer_icon.png","datePublished":"2021-09-24T08:23:38+00:00","dateModified":"2021-12-01T12:05:52+00:00","breadcrumb":{"@id":"https:\/\/ethrat.ch\/de\/umweltleitbild-des-eth-bereichs\/#breadcrumb"},"inLanguage":"ja","potentialAction":[{"@type":"ReadAction","target":["https:\/\/ethrat.ch\/de\/umweltleitbild-des-eth-bereichs\/"]}]},{"@type":"ImageObject","inLanguage":"ja","@id":"https:\/\/ethrat.ch\/de\/umweltleitbild-des-eth-bereichs\/#primaryimage","url":"https:\/\/ethrat.ch\/wp-content\/uploads\/2021\/08\/printer_icon.png","contentUrl":"https:\/\/ethrat.ch\/wp-content\/uploads\/2021\/08\/printer_icon.png"},{"@type":"BreadcrumbList","@id":"https:\/\/ethrat.ch\/de\/umweltleitbild-des-eth-bereichs\/#breadcrumb","itemListElement":[{"@type":"ListItem","position":1,"name":"Home","item":"https:\/\/ethrat.ch\/de\/"},{"@type":"ListItem","position":2,"name":"Umweltleitbild des ETH-Bereichs"}]},{"@type":"WebSite","@id":"https:\/\/ethrat.ch\/de\/#website","url":"https:\/\/ethrat.ch\/de\/","name":"ETH-Rat","description":"","publisher":{"@id":"https:\/\/ethrat.ch\/de\/#organization"},"potentialAction":[{"@type":"SearchAction","target":{"@type":"EntryPoint","urlTemplate":"https:\/\/ethrat.ch\/de\/?s={search_term_string}"},"query-input":{"@type":"PropertyValueSpecification","valueRequired":true,"valueName":"search_term_string"}}],"inLanguage":"ja"},{"@type":"Organization","@id":"https:\/\/ethrat.ch\/de\/#organization","name":"ETH-Rat","url":"https:\/\/ethrat.ch\/de\/","logo":{"@type":"ImageObject","inLanguage":"ja","@id":"https:\/\/ethrat.ch\/de\/#\/schema\/logo\/image\/","url":"https:\/\/ethrat.ch\/wp-content\/uploads\/2024\/04\/logo-white.svg","contentUrl":"https:\/\/ethrat.ch\/wp-content\/uploads\/2024\/04\/logo-white.svg","width":283,"height":81,"caption":"ETH-Rat"},"image":{"@id":"https:\/\/ethrat.ch\/de\/#\/schema\/logo\/image\/"},"sameAs":["https:\/\/x.com\/eth_rat","https:\/\/issuu.com\/ethrat","https:\/\/www.linkedin.com\/company\/eth-rat\/"]}]}},"_links":{"self":[{"href":"https:\/\/ethrat.ch\/ja\/wp-json\/wp\/v2\/pages\/14060","targetHints":{"allow":["GET"]}}],"collection":[{"href":"https:\/\/ethrat.ch\/ja\/wp-json\/wp\/v2\/pages"}],"about":[{"href":"https:\/\/ethrat.ch\/ja\/wp-json\/wp\/v2\/types\/page"}],"author":[{"embeddable":true,"href":"https:\/\/ethrat.ch\/ja\/wp-json\/wp\/v2\/users\/11"}],"replies":[{"embeddable":true,"href":"https:\/\/ethrat.ch\/ja\/wp-json\/wp\/v2\/comments?post=14060"}],"version-history":[{"count":0,"href":"https:\/\/ethrat.ch\/ja\/wp-json\/wp\/v2\/pages\/14060\/revisions"}],"wp:attachment":[{"href":"https:\/\/ethrat.ch\/ja\/wp-json\/wp\/v2\/media?parent=14060"}],"wp:term":[{"taxonomy":"search-tag","embeddable":true,"href":"https:\/\/ethrat.ch\/ja\/wp-json\/wp\/v2\/search-tag?post=14060"}],"curies":[{"name":"wp","href":"https:\/\/api.w.org\/{rel}","templated":true}]}}