{"id":14045,"date":"2021-09-20T15:19:38","date_gmt":"2021-09-20T13:19:38","guid":{"rendered":"https:\/\/ethrat.ch\/?page_id=9293"},"modified":"2024-04-18T12:12:31","modified_gmt":"2024-04-18T10:12:31","slug":"strategisches-immobilienmanagement","status":"publish","type":"page","link":"https:\/\/ethrat.ch\/ja\/eth-rat\/strategisches-immobilienmanagement\/","title":{"rendered":"Strategisches Immobilienmanagement"},"content":{"rendered":"\t\t<div data-elementor-type=\"wp-page\" data-elementor-id=\"14045\" class=\"elementor elementor-14045\" data-elementor-post-type=\"page\">\n\t\t\t\t\t\t<section class=\"elementor-section elementor-top-section elementor-element elementor-element-1f733a1f elementor-section-boxed elementor-section-height-default elementor-section-height-default\" data-id=\"1f733a1f\" data-element_type=\"section\" data-e-type=\"section\">\n\t\t\t\t\t\t<div class=\"elementor-container elementor-column-gap-default\">\n\t\t\t\t\t<div class=\"elementor-column elementor-col-100 elementor-top-column elementor-element elementor-element-58e7104f\" data-id=\"58e7104f\" data-element_type=\"column\" data-e-type=\"column\" data-settings=\"{&quot;background_background&quot;:&quot;classic&quot;}\">\n\t\t\t<div class=\"elementor-widget-wrap elementor-element-populated\">\n\t\t\t\t\t\t<div class=\"elementor-element elementor-element-63b57e3e elementor-widget elementor-widget-image\" data-id=\"63b57e3e\" data-element_type=\"widget\" data-e-type=\"widget\" data-widget_type=\"image.default\">\n\t\t\t\t<div class=\"elementor-widget-container\">\n\t\t\t\t\t\t\t\t\t\t\t\t\t\t\t<img decoding=\"async\" width=\"1120\" height=\"580\" src=\"https:\/\/ethrat.ch\/wp-content\/uploads\/2021\/11\/Nachtviolett_juan-rojas-K7in_Hut_90-unsplash.jpg\" class=\"attachment-full size-full wp-image-19672\" alt=\"\" srcset=\"https:\/\/ethrat.ch\/wp-content\/uploads\/2021\/11\/Nachtviolett_juan-rojas-K7in_Hut_90-unsplash.jpg 1120w, https:\/\/ethrat.ch\/wp-content\/uploads\/2021\/11\/Nachtviolett_juan-rojas-K7in_Hut_90-unsplash-300x155.jpg 300w, https:\/\/ethrat.ch\/wp-content\/uploads\/2021\/11\/Nachtviolett_juan-rojas-K7in_Hut_90-unsplash-1024x530.jpg 1024w, https:\/\/ethrat.ch\/wp-content\/uploads\/2021\/11\/Nachtviolett_juan-rojas-K7in_Hut_90-unsplash-768x398.jpg 768w\" sizes=\"(max-width: 1120px) 100vw, 1120px\" \/>\t\t\t\t\t\t\t\t\t\t\t\t\t\t\t<\/div>\n\t\t\t\t<\/div>\n\t\t\t\t\t<\/div>\n\t\t<\/div>\n\t\t\t\t\t<\/div>\n\t\t<\/section>\n\t\t\t\t<section class=\"elementor-section elementor-top-section elementor-element elementor-element-4fad40ec elementor-section-boxed elementor-section-height-default elementor-section-height-default\" data-id=\"4fad40ec\" data-element_type=\"section\" data-e-type=\"section\">\n\t\t\t\t\t\t<div class=\"elementor-container elementor-column-gap-default\">\n\t\t\t\t\t<div class=\"elementor-column elementor-col-100 elementor-top-column elementor-element elementor-element-d3102ee\" data-id=\"d3102ee\" data-element_type=\"column\" data-e-type=\"column\">\n\t\t\t<div class=\"elementor-widget-wrap elementor-element-populated\">\n\t\t\t\t\t\t<div class=\"elementor-element elementor-element-23e8146f elementor-widget elementor-widget-heading\" data-id=\"23e8146f\" data-element_type=\"widget\" data-e-type=\"widget\" data-widget_type=\"heading.default\">\n\t\t\t\t<div class=\"elementor-widget-container\">\n\t\t\t\t\t<h1 class=\"elementor-heading-title elementor-size-default\">Strategisches Immobilienmanagement<\/h1>\t\t\t\t<\/div>\n\t\t\t\t<\/div>\n\t\t\t\t<div class=\"elementor-element elementor-element-9f7149c elementor-widget elementor-widget-text-editor\" data-id=\"9f7149c\" data-element_type=\"widget\" data-e-type=\"widget\" data-widget_type=\"text-editor.default\">\n\t\t\t\t<div class=\"elementor-widget-container\">\n\t\t\t\t\t\t\t\t\t<p>Der ETH-Rat als Bau- und Liegenschaftsorgan des Bundes ist in dessen Auftrag verantwortlich f\u00fcr das strategische Immobilienmanagement im ETH-Bereich.<\/p>\t\t\t\t\t\t\t\t<\/div>\n\t\t\t\t<\/div>\n\t\t\t\t<div class=\"elementor-element elementor-element-10bc32be elementor-widget elementor-widget-text-editor\" data-id=\"10bc32be\" data-element_type=\"widget\" data-e-type=\"widget\" data-widget_type=\"text-editor.default\">\n\t\t\t\t<div class=\"elementor-widget-container\">\n\t\t\t\t\t\t\t\t\t<p>Eine leistungsf\u00e4hige Immobilien- und Anlageninfrastruktur ist eine zentrale Voraussetzung daf\u00fcr, dass die beiden Hochschulen und die vier Forschungsanstalten ihre Ziele in Lehre, Forschung und Wissens- und Technologietransfer erreichen und die geforderten Qualit\u00e4tsanspr\u00fcche einhalten k\u00f6nnen. Hierzu verf\u00fcgt der ETH-Bereich \u00fcber ein ausserordentlich heterogenes Immobilienportfolio, das \u00fcber die ganze Schweiz verteilt ist. Dieses befindet sich mit einem Bilanzwert von ca. 4,3 Milliarden CHF im Eigentum der Schweizerischen Eidgenossenschaft und wird vom ETH-Rat und den Institutionen des ETH-Bereichs strategieorientiert bewirtschaftet.<br \/><br \/><\/p><h3>Bau- und Liegenschaftsorgan des Bundes<\/h3><p>Der ETH-Rat ist das vom Bundesrat f\u00fcr den ETH-Bereich bestimmte Bau- und Liegenschaftsorgan des Bundes; gleichgestellt dem Bundesamt f\u00fcr Bauten und Logistik (zivile Bauten) und der armasuisse (milit\u00e4rische Bauten). In dieser Funktion ist er verantwortlich f\u00fcr die Erf\u00fcllung der strategischen Ziele des Immobilienmanagements des Bundes und die Einhaltung der Grunds\u00e4tze zur Aufgabenerf\u00fcllung. Zudem koordiniert der ETH-Rat die Bewirtschaftung der Immobilien und sorgt f\u00fcr deren Wert- und Funktionserhaltung.<\/p><p>Zur strategischen Steuerung sowie zur Aus\u00fcbung seiner Aufsichtsfunktion bedient sich der ETH-Rat eines systematischen Controllings. Er beauftragt in einer weitgehenden Delegation die Institutionen zur operativen Umsetzung des Immobilienmanagements und legt die entsprechenden Zust\u00e4ndig\u00adkeiten und das Steuerungsmodell in einer Immobilienweisung fest.<br \/><br \/><\/p><h3>Bedarfs- und Finanzplanung<\/h3><p>Die Ergebnisse der Aufgaben im Strategischen Immobilienmanagement sind r\u00e4umliche und finan\u00adzielle Gesamtkonzepte, die die langfristige Bedarfs- und Finanzplanung der Institutionen und des Gesamtportfolios (rollend; 12-Jahreshorizont) abbilden. Diese Planungen und deren Umsetzung sind auch Teil der Finanz-\/Investitionsplanung des ETH-Bereichs, des Strategischen Controllings im ETH-Bereich sowie der konsolidierten Berichterstattung des Rats \u00fcber den ETH-Bereich an den Bund.<\/p>\t\t\t\t\t\t\t\t<\/div>\n\t\t\t\t<\/div>\n\t\t\t\t\t<\/div>\n\t\t<\/div>\n\t\t\t\t\t<\/div>\n\t\t<\/section>\n\t\t\t\t<section class=\"elementor-section elementor-top-section elementor-element elementor-element-25955502 elementor-hidden-desktop elementor-hidden-tablet hide-print elementor-section-boxed elementor-section-height-default elementor-section-height-default\" data-id=\"25955502\" data-element_type=\"section\" data-e-type=\"section\">\n\t\t\t\t\t\t<div class=\"elementor-container elementor-column-gap-default\">\n\t\t\t\t\t<div class=\"elementor-column elementor-col-33 elementor-top-column elementor-element elementor-element-589a6ba0 elementor-hidden-tablet elementor-hidden-mobile\" data-id=\"589a6ba0\" data-element_type=\"column\" data-e-type=\"column\">\n\t\t\t<div class=\"elementor-widget-wrap elementor-element-populated\">\n\t\t\t\t\t\t<section class=\"elementor-section elementor-inner-section elementor-element elementor-element-70f3d8d5 elementor-section-boxed elementor-section-height-default elementor-section-height-default\" data-id=\"70f3d8d5\" data-element_type=\"section\" data-e-type=\"section\" data-settings=\"{&quot;sticky&quot;:&quot;top&quot;,&quot;sticky_offset&quot;:2,&quot;sticky_effects_offset&quot;:40,&quot;sticky_on&quot;:[&quot;desktop&quot;,&quot;tablet&quot;,&quot;mobile&quot;],&quot;sticky_anchor_link_offset&quot;:0}\">\n\t\t\t\t\t\t<div class=\"elementor-container elementor-column-gap-default\">\n\t\t\t\t\t<div class=\"elementor-column elementor-col-100 elementor-inner-column elementor-element elementor-element-4ca76923\" data-id=\"4ca76923\" data-element_type=\"column\" data-e-type=\"column\">\n\t\t\t<div class=\"elementor-widget-wrap\">\n\t\t\t\t\t\t\t<\/div>\n\t\t<\/div>\n\t\t\t\t\t<\/div>\n\t\t<\/section>\n\t\t\t\t\t<\/div>\n\t\t<\/div>\n\t\t\t\t<div class=\"elementor-column elementor-col-33 elementor-top-column elementor-element elementor-element-26851d4\" data-id=\"26851d4\" data-element_type=\"column\" data-e-type=\"column\">\n\t\t\t<div class=\"elementor-widget-wrap elementor-element-populated\">\n\t\t\t\t\t\t<div class=\"elementor-element elementor-element-75ee0316 elementor-widget-mobile__width-auto elementor-view-default elementor-widget elementor-widget-icon\" data-id=\"75ee0316\" data-element_type=\"widget\" data-e-type=\"widget\" data-widget_type=\"icon.default\">\n\t\t\t\t<div class=\"elementor-widget-container\">\n\t\t\t\t\t\t\t<div class=\"elementor-icon-wrapper\">\n\t\t\t<div class=\"elementor-icon\">\n\t\t\t<svg xmlns=\"http:\/\/www.w3.org\/2000\/svg\" width=\"22\" height=\"20\" viewBox=\"0 0 22 20\" fill=\"none\"><path d=\"M20.153 4.62295H17.7268V0.655738C17.7268 0.295082 17.4317 0 17.071 0H4.61202C4.25137 0 3.95628 0.295082 3.95628 0.655738V4.62295H1.53005C0.688525 4.62295 0 5.31148 0 6.15301V14.5683C0 15.4098 0.688525 16.0984 1.53005 16.0984H3.95628V19.3443C3.95628 19.7049 4.25137 20 4.61202 20H17.071C17.4317 20 17.7268 19.7049 17.7268 19.3443V16.0874H20.153C20.9945 16.0874 21.6831 15.3989 21.6831 14.5574V6.14208C21.6831 5.31148 21.0055 4.62295 20.153 4.62295ZM5.26776 1.31148H16.4153V4.62295H5.26776V1.31148ZM16.4153 18.6885H5.26776V12.1858H16.4153V18.6885ZM20.3716 14.5683C20.3716 14.6885 20.2732 14.7869 20.153 14.7869H17.7268V11.5301C17.7268 11.1694 17.4317 10.8743 17.071 10.8743H4.61202C4.25137 10.8743 3.95628 11.1694 3.95628 11.5301V14.7869H1.53005C1.40984 14.7869 1.31148 14.6885 1.31148 14.5683V6.15301C1.31148 6.03279 1.40984 5.93443 1.53005 5.93443H20.153C20.2732 5.93443 20.3716 6.03279 20.3716 6.15301V14.5683Z\" fill=\"black\"><\/path><\/svg>\t\t\t<\/div>\n\t\t<\/div>\n\t\t\t\t\t\t<\/div>\n\t\t\t\t<\/div>\n\t\t\t\t<div class=\"elementor-element elementor-element-386650d2 elementor-share-buttons--skin-minimal elementor-share-buttons--color-custom elementor-share-buttons--view-text elementor-widget-mobile__width-auto elementor-share-buttons--shape-square elementor-grid-0 elementor-widget elementor-widget-share-buttons\" data-id=\"386650d2\" data-element_type=\"widget\" data-e-type=\"widget\" data-widget_type=\"share-buttons.default\">\n\t\t\t\t<div class=\"elementor-widget-container\">\n\t\t\t\t\t\t\t<div class=\"elementor-grid\">\n\t\t\t\t\t\t\t\t<div class=\"elementor-grid-item\">\n\t\t\t\t\t\t<div class=\"elementor-share-btn elementor-share-btn_print\" role=\"button\" tabindex=\"0\" aria-label=\"Teilen auf print\">\n\t\t\t\t\t\t\t\t\t\t\t\t\t\t\t\t\t\t\t\t\t\t<div class=\"elementor-share-btn__text\">\n\t\t\t\t\t\t\t\t\t\t\t\t\t\t\t\t\t\t\t<span class=\"elementor-share-btn__title\">\n\t\t\t\t\t\t\t\t\t\tDrucken\t\t\t\t\t\t\t\t\t<\/span>\n\t\t\t\t\t\t\t\t\t\t\t\t\t\t\t\t\t<\/div>\n\t\t\t\t\t\t\t\t\t\t\t\t\t<\/div>\n\t\t\t\t\t<\/div>\n\t\t\t\t\t\t<\/div>\n\t\t\t\t\t\t<\/div>\n\t\t\t\t<\/div>\n\t\t\t\t\t<\/div>\n\t\t<\/div>\n\t\t\t\t<div class=\"elementor-column elementor-col-33 elementor-top-column elementor-element elementor-element-4e65cafb\" data-id=\"4e65cafb\" data-element_type=\"column\" data-e-type=\"column\">\n\t\t\t<div class=\"elementor-widget-wrap elementor-element-populated\">\n\t\t\t\t\t\t<div class=\"elementor-element elementor-element-342fff96 elementor-align-left elementor-widget elementor-widget-global elementor-global-7507 elementor-widget-button\" data-id=\"342fff96\" data-element_type=\"widget\" data-e-type=\"widget\" data-widget_type=\"button.default\">\n\t\t\t\t<div class=\"elementor-widget-container\">\n\t\t\t\t\t\t\t\t\t<div class=\"elementor-button-wrapper\">\n\t\t\t\t\t<a class=\"elementor-button elementor-button-link elementor-size-sm\" href=\"#elementor-action%3Aaction%3Dpopup%3Aopen%26settings%3DeyJpZCI6NTAxNywidG9nZ2xlIjpmYWxzZX0%3D\">\n\t\t\t\t\t\t<span class=\"elementor-button-content-wrapper\">\n\t\t\t\t\t\t<span class=\"elementor-button-icon\">\n\t\t\t\t<svg xmlns=\"http:\/\/www.w3.org\/2000\/svg\" width=\"22\" height=\"20\" viewBox=\"0 0 22 20\" fill=\"none\"><path d=\"M12.567 0.230218C12.3358 0.00708362 12.0011 -0.0646381 11.6983 0.0628672C11.4035 0.182403 11.2042 0.477259 11.2042 0.796022V5.03557C6.90891 5.20292 4.75726 6.988 4.43052 7.28285C2.26293 9.05996 0.780685 11.5383 0.246757 14.2877C-0.0241917 15.6185 -0.0720064 16.9812 0.103313 18.328V18.336C0.103313 18.3439 0.103314 18.3599 0.111283 18.3678L0.278633 19.3401C0.334416 19.6668 0.589427 19.9218 0.916159 19.9856C1.24289 20.0493 1.56962 19.8979 1.74494 19.611L2.25496 18.7663C3.80893 16.1763 5.74542 14.463 8.01661 13.6741C9.03665 13.3154 10.1204 13.1561 11.2042 13.2039V17.5948C11.2042 17.9136 11.3955 18.2085 11.6983 18.328C11.9932 18.4475 12.3358 18.3838 12.567 18.1527L20.9664 9.70545C21.2772 9.39466 21.2772 8.8926 20.9664 8.58181L12.567 0.230218ZM12.806 15.6743V12.4946C12.806 12.1041 12.5191 11.7694 12.1366 11.7137C11.4593 11.6021 9.6423 11.4268 7.49862 12.1838C5.21149 12.9887 3.23516 14.5586 1.6015 16.8776C1.59353 16.1126 1.66525 15.3555 1.81667 14.6064C2.30278 12.1599 3.53002 10.1119 5.4665 8.51009C5.48244 8.49415 5.49838 8.47821 5.51432 8.46227C5.5701 8.41446 7.58628 6.58954 12.0011 6.62142H12.0091C12.4474 6.62142 12.806 6.26281 12.806 5.82451V2.7086L19.2929 9.15559L12.806 15.6743Z\" fill=\"black\"><\/path><\/svg>\t\t\t<\/span>\n\t\t\t\t\t\t\t\t\t<span class=\"elementor-button-text\">Artikel teilen<\/span>\n\t\t\t\t\t<\/span>\n\t\t\t\t\t<\/a>\n\t\t\t\t<\/div>\n\t\t\t\t\t\t\t\t<\/div>\n\t\t\t\t<\/div>\n\t\t\t\t\t<\/div>\n\t\t<\/div>\n\t\t\t\t\t<\/div>\n\t\t<\/section>\n\t\t\t\t<\/div>\n\t\t","protected":false},"excerpt":{"rendered":"<p>Der ETH-Rat als Bau- und Liegenschaftsorgan des Bundes ist in dessen Auftrag verantwortlich f\u00fcr das strategisc &#8230;<\/p>\n","protected":false},"author":20,"featured_media":0,"parent":627,"menu_order":0,"comment_status":"closed","ping_status":"closed","template":"","meta":{"_acf_changed":false,"footnotes":"","_links_to":"","_links_to_target":""},"search-tag":[],"class_list":["post-14045","page","type-page","status-publish","hentry"],"acf":[],"yoast_head":"<!-- This site is optimized with the Yoast SEO plugin v27.3 - https:\/\/yoast.com\/product\/yoast-seo-wordpress\/ -->\n<title>Strategisches Immobilienmanagement - ETH-Rat<\/title>\n<meta name=\"robots\" content=\"index, follow, max-snippet:-1, max-image-preview:large, max-video-preview:-1\" \/>\n<link rel=\"canonical\" href=\"https:\/\/ethrat.ch\/de\/eth-rat\/strategisches-immobilienmanagement\/\" \/>\n<meta property=\"og:locale\" content=\"ja_JP\" \/>\n<meta property=\"og:type\" content=\"article\" \/>\n<meta property=\"og:title\" content=\"Strategisches Immobilienmanagement - ETH-Rat\" \/>\n<meta property=\"og:description\" content=\"Der ETH-Rat als Bau- und Liegenschaftsorgan des Bundes ist in dessen Auftrag verantwortlich f\u00fcr das strategisc ...\" \/>\n<meta property=\"og:url\" content=\"https:\/\/ethrat.ch\/de\/eth-rat\/strategisches-immobilienmanagement\/\" \/>\n<meta property=\"og:site_name\" content=\"ETH-Rat\" \/>\n<meta property=\"article:modified_time\" content=\"2024-04-18T10:12:31+00:00\" \/>\n<meta property=\"og:image\" content=\"https:\/\/ethrat.ch\/wp-content\/uploads\/2021\/11\/Nachtviolett_juan-rojas-K7in_Hut_90-unsplash.jpg\" \/>\n\t<meta property=\"og:image:width\" content=\"1120\" \/>\n\t<meta property=\"og:image:height\" content=\"580\" \/>\n\t<meta property=\"og:image:type\" content=\"image\/jpeg\" \/>\n<meta name=\"twitter:card\" content=\"summary_large_image\" \/>\n<meta name=\"twitter:site\" content=\"@eth_rat\" \/>\n<meta name=\"twitter:label1\" content=\"\u63a8\u5b9a\u8aad\u307f\u53d6\u308a\u6642\u9593\" \/>\n\t<meta name=\"twitter:data1\" content=\"2\u5206\" \/>\n<script type=\"application\/ld+json\" class=\"yoast-schema-graph\">{\"@context\":\"https:\\\/\\\/schema.org\",\"@graph\":[{\"@type\":\"WebPage\",\"@id\":\"https:\\\/\\\/ethrat.ch\\\/de\\\/eth-rat\\\/strategisches-immobilienmanagement\\\/\",\"url\":\"https:\\\/\\\/ethrat.ch\\\/de\\\/eth-rat\\\/strategisches-immobilienmanagement\\\/\",\"name\":\"Strategisches Immobilienmanagement - ETH-Rat\",\"isPartOf\":{\"@id\":\"https:\\\/\\\/ethrat.ch\\\/de\\\/#website\"},\"primaryImageOfPage\":{\"@id\":\"https:\\\/\\\/ethrat.ch\\\/de\\\/eth-rat\\\/strategisches-immobilienmanagement\\\/#primaryimage\"},\"image\":{\"@id\":\"https:\\\/\\\/ethrat.ch\\\/de\\\/eth-rat\\\/strategisches-immobilienmanagement\\\/#primaryimage\"},\"thumbnailUrl\":\"https:\\\/\\\/ethrat.ch\\\/wp-content\\\/uploads\\\/2021\\\/11\\\/Nachtviolett_juan-rojas-K7in_Hut_90-unsplash.jpg\",\"datePublished\":\"2021-09-20T13:19:38+00:00\",\"dateModified\":\"2024-04-18T10:12:31+00:00\",\"breadcrumb\":{\"@id\":\"https:\\\/\\\/ethrat.ch\\\/de\\\/eth-rat\\\/strategisches-immobilienmanagement\\\/#breadcrumb\"},\"inLanguage\":\"ja\",\"potentialAction\":[{\"@type\":\"ReadAction\",\"target\":[\"https:\\\/\\\/ethrat.ch\\\/de\\\/eth-rat\\\/strategisches-immobilienmanagement\\\/\"]}]},{\"@type\":\"ImageObject\",\"inLanguage\":\"ja\",\"@id\":\"https:\\\/\\\/ethrat.ch\\\/de\\\/eth-rat\\\/strategisches-immobilienmanagement\\\/#primaryimage\",\"url\":\"https:\\\/\\\/ethrat.ch\\\/wp-content\\\/uploads\\\/2021\\\/11\\\/Nachtviolett_juan-rojas-K7in_Hut_90-unsplash.jpg\",\"contentUrl\":\"https:\\\/\\\/ethrat.ch\\\/wp-content\\\/uploads\\\/2021\\\/11\\\/Nachtviolett_juan-rojas-K7in_Hut_90-unsplash.jpg\"},{\"@type\":\"BreadcrumbList\",\"@id\":\"https:\\\/\\\/ethrat.ch\\\/de\\\/eth-rat\\\/strategisches-immobilienmanagement\\\/#breadcrumb\",\"itemListElement\":[{\"@type\":\"ListItem\",\"position\":1,\"name\":\"Home\",\"item\":\"https:\\\/\\\/ethrat.ch\\\/de\\\/\"},{\"@type\":\"ListItem\",\"position\":2,\"name\":\"ETH-RAT\",\"item\":\"https:\\\/\\\/ethrat.ch\\\/eth-rat\\\/portrat-eth-rat\\\/\"},{\"@type\":\"ListItem\",\"position\":3,\"name\":\"Strategisches Immobilienmanagement\"}]},{\"@type\":\"WebSite\",\"@id\":\"https:\\\/\\\/ethrat.ch\\\/de\\\/#website\",\"url\":\"https:\\\/\\\/ethrat.ch\\\/de\\\/\",\"name\":\"ETH-Rat\",\"description\":\"\",\"publisher\":{\"@id\":\"https:\\\/\\\/ethrat.ch\\\/de\\\/#organization\"},\"potentialAction\":[{\"@type\":\"SearchAction\",\"target\":{\"@type\":\"EntryPoint\",\"urlTemplate\":\"https:\\\/\\\/ethrat.ch\\\/de\\\/?s={search_term_string}\"},\"query-input\":{\"@type\":\"PropertyValueSpecification\",\"valueRequired\":true,\"valueName\":\"search_term_string\"}}],\"inLanguage\":\"ja\"},{\"@type\":\"Organization\",\"@id\":\"https:\\\/\\\/ethrat.ch\\\/de\\\/#organization\",\"name\":\"ETH-Rat\",\"url\":\"https:\\\/\\\/ethrat.ch\\\/de\\\/\",\"logo\":{\"@type\":\"ImageObject\",\"inLanguage\":\"ja\",\"@id\":\"https:\\\/\\\/ethrat.ch\\\/de\\\/#\\\/schema\\\/logo\\\/image\\\/\",\"url\":\"https:\\\/\\\/ethrat.ch\\\/wp-content\\\/uploads\\\/2024\\\/04\\\/logo-white.svg\",\"contentUrl\":\"https:\\\/\\\/ethrat.ch\\\/wp-content\\\/uploads\\\/2024\\\/04\\\/logo-white.svg\",\"width\":283,\"height\":81,\"caption\":\"ETH-Rat\"},\"image\":{\"@id\":\"https:\\\/\\\/ethrat.ch\\\/de\\\/#\\\/schema\\\/logo\\\/image\\\/\"},\"sameAs\":[\"https:\\\/\\\/x.com\\\/eth_rat\",\"https:\\\/\\\/issuu.com\\\/ethrat\",\"https:\\\/\\\/www.linkedin.com\\\/company\\\/eth-rat\\\/\"]}]}<\/script>\n<!-- \/ Yoast SEO plugin. -->","yoast_head_json":{"title":"Strategisches Immobilienmanagement - ETH-Rat","robots":{"index":"index","follow":"follow","max-snippet":"max-snippet:-1","max-image-preview":"max-image-preview:large","max-video-preview":"max-video-preview:-1"},"canonical":"https:\/\/ethrat.ch\/de\/eth-rat\/strategisches-immobilienmanagement\/","og_locale":"ja_JP","og_type":"article","og_title":"Strategisches Immobilienmanagement - ETH-Rat","og_description":"Der ETH-Rat als Bau- und Liegenschaftsorgan des Bundes ist in dessen Auftrag verantwortlich f\u00fcr das strategisc ...","og_url":"https:\/\/ethrat.ch\/de\/eth-rat\/strategisches-immobilienmanagement\/","og_site_name":"ETH-Rat","article_modified_time":"2024-04-18T10:12:31+00:00","og_image":[{"width":1120,"height":580,"url":"https:\/\/ethrat.ch\/wp-content\/uploads\/2021\/11\/Nachtviolett_juan-rojas-K7in_Hut_90-unsplash.jpg","type":"image\/jpeg"}],"twitter_card":"summary_large_image","twitter_site":"@eth_rat","twitter_misc":{"\u63a8\u5b9a\u8aad\u307f\u53d6\u308a\u6642\u9593":"2\u5206"},"schema":{"@context":"https:\/\/schema.org","@graph":[{"@type":"WebPage","@id":"https:\/\/ethrat.ch\/de\/eth-rat\/strategisches-immobilienmanagement\/","url":"https:\/\/ethrat.ch\/de\/eth-rat\/strategisches-immobilienmanagement\/","name":"Strategisches Immobilienmanagement - ETH-Rat","isPartOf":{"@id":"https:\/\/ethrat.ch\/de\/#website"},"primaryImageOfPage":{"@id":"https:\/\/ethrat.ch\/de\/eth-rat\/strategisches-immobilienmanagement\/#primaryimage"},"image":{"@id":"https:\/\/ethrat.ch\/de\/eth-rat\/strategisches-immobilienmanagement\/#primaryimage"},"thumbnailUrl":"https:\/\/ethrat.ch\/wp-content\/uploads\/2021\/11\/Nachtviolett_juan-rojas-K7in_Hut_90-unsplash.jpg","datePublished":"2021-09-20T13:19:38+00:00","dateModified":"2024-04-18T10:12:31+00:00","breadcrumb":{"@id":"https:\/\/ethrat.ch\/de\/eth-rat\/strategisches-immobilienmanagement\/#breadcrumb"},"inLanguage":"ja","potentialAction":[{"@type":"ReadAction","target":["https:\/\/ethrat.ch\/de\/eth-rat\/strategisches-immobilienmanagement\/"]}]},{"@type":"ImageObject","inLanguage":"ja","@id":"https:\/\/ethrat.ch\/de\/eth-rat\/strategisches-immobilienmanagement\/#primaryimage","url":"https:\/\/ethrat.ch\/wp-content\/uploads\/2021\/11\/Nachtviolett_juan-rojas-K7in_Hut_90-unsplash.jpg","contentUrl":"https:\/\/ethrat.ch\/wp-content\/uploads\/2021\/11\/Nachtviolett_juan-rojas-K7in_Hut_90-unsplash.jpg"},{"@type":"BreadcrumbList","@id":"https:\/\/ethrat.ch\/de\/eth-rat\/strategisches-immobilienmanagement\/#breadcrumb","itemListElement":[{"@type":"ListItem","position":1,"name":"Home","item":"https:\/\/ethrat.ch\/de\/"},{"@type":"ListItem","position":2,"name":"ETH-RAT","item":"https:\/\/ethrat.ch\/eth-rat\/portrat-eth-rat\/"},{"@type":"ListItem","position":3,"name":"Strategisches Immobilienmanagement"}]},{"@type":"WebSite","@id":"https:\/\/ethrat.ch\/de\/#website","url":"https:\/\/ethrat.ch\/de\/","name":"ETH-Rat","description":"","publisher":{"@id":"https:\/\/ethrat.ch\/de\/#organization"},"potentialAction":[{"@type":"SearchAction","target":{"@type":"EntryPoint","urlTemplate":"https:\/\/ethrat.ch\/de\/?s={search_term_string}"},"query-input":{"@type":"PropertyValueSpecification","valueRequired":true,"valueName":"search_term_string"}}],"inLanguage":"ja"},{"@type":"Organization","@id":"https:\/\/ethrat.ch\/de\/#organization","name":"ETH-Rat","url":"https:\/\/ethrat.ch\/de\/","logo":{"@type":"ImageObject","inLanguage":"ja","@id":"https:\/\/ethrat.ch\/de\/#\/schema\/logo\/image\/","url":"https:\/\/ethrat.ch\/wp-content\/uploads\/2024\/04\/logo-white.svg","contentUrl":"https:\/\/ethrat.ch\/wp-content\/uploads\/2024\/04\/logo-white.svg","width":283,"height":81,"caption":"ETH-Rat"},"image":{"@id":"https:\/\/ethrat.ch\/de\/#\/schema\/logo\/image\/"},"sameAs":["https:\/\/x.com\/eth_rat","https:\/\/issuu.com\/ethrat","https:\/\/www.linkedin.com\/company\/eth-rat\/"]}]}},"_links":{"self":[{"href":"https:\/\/ethrat.ch\/ja\/wp-json\/wp\/v2\/pages\/14045","targetHints":{"allow":["GET"]}}],"collection":[{"href":"https:\/\/ethrat.ch\/ja\/wp-json\/wp\/v2\/pages"}],"about":[{"href":"https:\/\/ethrat.ch\/ja\/wp-json\/wp\/v2\/types\/page"}],"author":[{"embeddable":true,"href":"https:\/\/ethrat.ch\/ja\/wp-json\/wp\/v2\/users\/20"}],"replies":[{"embeddable":true,"href":"https:\/\/ethrat.ch\/ja\/wp-json\/wp\/v2\/comments?post=14045"}],"version-history":[{"count":0,"href":"https:\/\/ethrat.ch\/ja\/wp-json\/wp\/v2\/pages\/14045\/revisions"}],"up":[{"embeddable":true,"href":"https:\/\/ethrat.ch\/ja\/wp-json\/wp\/v2\/pages\/627"}],"wp:attachment":[{"href":"https:\/\/ethrat.ch\/ja\/wp-json\/wp\/v2\/media?parent=14045"}],"wp:term":[{"taxonomy":"search-tag","embeddable":true,"href":"https:\/\/ethrat.ch\/ja\/wp-json\/wp\/v2\/search-tag?post=14045"}],"curies":[{"name":"wp","href":"https:\/\/api.w.org\/{rel}","templated":true}]}}