{"id":51485,"date":"2025-03-26T13:36:08","date_gmt":"2025-03-26T12:36:08","guid":{"rendered":"https:\/\/ethrat.ch\/?page_id=51485"},"modified":"2025-03-27T14:47:00","modified_gmt":"2025-03-27T13:47:00","slug":"fortschritte-bei-der-schaffung-eines-gemeinsamen-dachs-und-einer-digital-unit","status":"publish","type":"page","link":"https:\/\/ethrat.ch\/it\/eth-bereich\/fortschritte-bei-der-schaffung-eines-gemeinsamen-dachs-und-einer-digital-unit\/","title":{"rendered":"Fortschritte bei der Schaffung eines gemeinsamen Dachs und einer Digital Unit"},"content":{"rendered":"\t\t<div data-elementor-type=\"wp-page\" data-elementor-id=\"51485\" class=\"elementor elementor-51485\" data-elementor-post-type=\"page\">\n\t\t\t\t\t\t<section class=\"elementor-section elementor-top-section elementor-element elementor-element-9608200 elementor-section-boxed elementor-section-height-default elementor-section-height-default\" data-id=\"9608200\" data-element_type=\"section\" data-e-type=\"section\">\n\t\t\t\t\t\t<div class=\"elementor-container elementor-column-gap-default\">\n\t\t\t\t\t<div class=\"elementor-column elementor-col-100 elementor-top-column elementor-element elementor-element-03b7f3f\" data-id=\"03b7f3f\" data-element_type=\"column\" data-e-type=\"column\" data-settings=\"{&quot;background_background&quot;:&quot;classic&quot;}\">\n\t\t\t<div class=\"elementor-widget-wrap elementor-element-populated\">\n\t\t\t\t\t\t<div class=\"elementor-element elementor-element-8a9cdaf elementor-widget elementor-widget-image\" data-id=\"8a9cdaf\" data-element_type=\"widget\" data-e-type=\"widget\" data-widget_type=\"image.default\">\n\t\t\t\t<div class=\"elementor-widget-container\">\n\t\t\t\t\t\t\t\t\t\t\t\t\t\t\t<img decoding=\"async\" width=\"1120\" height=\"580\" src=\"https:\/\/ethrat.ch\/wp-content\/uploads\/2025\/03\/FIT_projektstand_web.jpg\" class=\"attachment-full size-full wp-image-51490\" alt=\"\" srcset=\"https:\/\/ethrat.ch\/wp-content\/uploads\/2025\/03\/FIT_projektstand_web.jpg 1120w, https:\/\/ethrat.ch\/wp-content\/uploads\/2025\/03\/FIT_projektstand_web-300x155.jpg 300w, https:\/\/ethrat.ch\/wp-content\/uploads\/2025\/03\/FIT_projektstand_web-1024x530.jpg 1024w, https:\/\/ethrat.ch\/wp-content\/uploads\/2025\/03\/FIT_projektstand_web-768x398.jpg 768w\" sizes=\"(max-width: 1120px) 100vw, 1120px\" \/>\t\t\t\t\t\t\t\t\t\t\t\t\t\t\t<\/div>\n\t\t\t\t<\/div>\n\t\t\t\t\t<\/div>\n\t\t<\/div>\n\t\t\t\t\t<\/div>\n\t\t<\/section>\n\t\t\t\t<section class=\"elementor-section elementor-top-section elementor-element elementor-element-27877cc elementor-section-boxed elementor-section-height-default elementor-section-height-default\" data-id=\"27877cc\" data-element_type=\"section\" data-e-type=\"section\">\n\t\t\t\t\t\t<div class=\"elementor-container elementor-column-gap-default\">\n\t\t\t\t\t<div class=\"elementor-column elementor-col-100 elementor-top-column elementor-element elementor-element-1958dba\" data-id=\"1958dba\" data-element_type=\"column\" data-e-type=\"column\">\n\t\t\t<div class=\"elementor-widget-wrap elementor-element-populated\">\n\t\t\t\t\t\t<div class=\"elementor-element elementor-element-1a2e56d elementor-widget elementor-widget-heading\" data-id=\"1a2e56d\" data-element_type=\"widget\" data-e-type=\"widget\" data-widget_type=\"heading.default\">\n\t\t\t\t<div class=\"elementor-widget-container\">\n\t\t\t\t\t<h1 class=\"elementor-heading-title elementor-size-default\">Fortschritte bei der Schaffung eines gemeinsamen Dachs und einer Digital Unit<\/h1>\t\t\t\t<\/div>\n\t\t\t\t<\/div>\n\t\t\t\t<div class=\"elementor-element elementor-element-42ed6ad elementor-widget elementor-widget-text-editor\" data-id=\"42ed6ad\" data-element_type=\"widget\" data-e-type=\"widget\" data-widget_type=\"text-editor.default\">\n\t\t\t\t<div class=\"elementor-widget-container\">\n\t\t\t\t\t\t\t\t\t<p>Das Projekt FIT for the Future befindet sich aktuell in der zweiten Phase, der sogenannten Design-Phase, nachdem der ETH-Rat im Dezember 2024 einen Richtungsentscheid gef\u00e4llt hat.<\/p>\t\t\t\t\t\t\t\t<\/div>\n\t\t\t\t<\/div>\n\t\t\t\t\t<\/div>\n\t\t<\/div>\n\t\t\t\t\t<\/div>\n\t\t<\/section>\n\t\t\t\t<section class=\"elementor-section elementor-top-section elementor-element elementor-element-0e9ad8c elementor-section-boxed elementor-section-height-default elementor-section-height-default\" data-id=\"0e9ad8c\" data-element_type=\"section\" data-e-type=\"section\">\n\t\t\t\t\t\t<div class=\"elementor-container elementor-column-gap-default\">\n\t\t\t\t\t<div class=\"elementor-column elementor-col-100 elementor-top-column elementor-element elementor-element-a861804\" data-id=\"a861804\" data-element_type=\"column\" data-e-type=\"column\">\n\t\t\t<div class=\"elementor-widget-wrap elementor-element-populated\">\n\t\t\t\t\t\t<div class=\"elementor-element elementor-element-551cdb1 elementor-widget elementor-widget-text-editor\" data-id=\"551cdb1\" data-element_type=\"widget\" data-e-type=\"widget\" data-widget_type=\"text-editor.default\">\n\t\t\t\t<div class=\"elementor-widget-container\">\n\t\t\t\t\t\t\t\t\t<p>Die Design-Phase startete im Januar 2025 und dreht sich haupts\u00e4chlich um die konkrete Ausgestaltung des Projekts. An seiner Sitzung vom 5.\/6. M\u00e4rz hat der ETH-Rat \u00fcber die Vision des Projekts FIT for the Future diskutiert sowie \u00fcber die Mission des Swiss National Lab (SNL, Arbeitstitel), des gemeinsamen Dachs \u00fcber die Forschungsanstalten und allf\u00e4llige neue Einheiten. Es handelte sich dabei um eine erste Lesung. Verabschiedet werden die Vision und Mission voraussichtlich Mitte Jahr.<\/p><p>Zudem hat der ETH-Rat Kenntnis genommen von der Projektorganisation, dem Kulturentwicklungskonzept sowie den Gestaltungsgrunds\u00e4tzen f\u00fcr die Governance des SNL. Die Mitarbeitenden der Institutionen des ETH-Bereichs haben im Rahmen der Design-Phase die M\u00f6glichkeit, sich im Rahmen von geplanten Workshops, Townhalls und via Konsultationen einzubringen.<\/p>\t\t\t\t\t\t\t\t<\/div>\n\t\t\t\t<\/div>\n\t\t\t\t\t<\/div>\n\t\t<\/div>\n\t\t\t\t\t<\/div>\n\t\t<\/section>\n\t\t\t\t<section class=\"elementor-section elementor-top-section elementor-element elementor-element-c11a963 elementor-section-boxed elementor-section-height-default elementor-section-height-default\" data-id=\"c11a963\" data-element_type=\"section\" data-e-type=\"section\">\n\t\t\t\t\t\t<div class=\"elementor-container elementor-column-gap-default\">\n\t\t\t\t\t<div class=\"elementor-column elementor-col-100 elementor-top-column elementor-element elementor-element-25eaf7f\" data-id=\"25eaf7f\" data-element_type=\"column\" data-e-type=\"column\">\n\t\t\t<div class=\"elementor-widget-wrap elementor-element-populated\">\n\t\t\t\t\t\t<div class=\"elementor-element elementor-element-7a7a6af elementor-widget elementor-widget-text-editor\" data-id=\"7a7a6af\" data-element_type=\"widget\" data-e-type=\"widget\" data-widget_type=\"text-editor.default\">\n\t\t\t\t<div class=\"elementor-widget-container\">\n\t\t\t\t\t\t\t\t\t<h3>Richtungsentscheid: gemeinsames Dach und Digital Unit<\/h3>\n<p>Nach Vorkonsultation der Institutionen des ETH-Bereichs hat der ETH-Rat an seiner Sitzung im Dezember 2024 einen Richtungsentscheid getroffen: Mit einem gemeinsamen \u00abDach\u00bb \u00fcber den Forschungsanstalten und allf\u00e4lliger neuer Einheiten soll, neben der ETH Z\u00fcrich und der EPFL, ein dritter starker Pfeiler des ETH-Bereichs mit eigener Rechtspers\u00f6nlichkeit gebildet werden. Die Brands der Forschungsanstalten und deren Standorte sollen erhalten bleiben.<\/p>\n<p>Als neue Einheit unter dem gemeinsamen Dach soll die \u00abDigital Unit\u00bb entstehen, die ihren Hauptsitz in der Romandie haben wird. Der ETH-Rat hat ausserdem die Forschungsanstalten beauftragt, ihre Zusammenarbeit mit der EPFL und den Stakeholdern der Romandie sowie ihre Visibilit\u00e4t in der Romandie zu verst\u00e4rken. Die ausf\u00fchrlichen Inhalte zum Richtungsentscheid befinden sich hier: <a href=\"https:\/\/ethrat.ch\/de\/eth-bereich\/ziele-und-richtungsentscheid\/\">https:\/\/ethrat.ch\/de\/eth-bereich\/ziele-und-richtungsentscheid\/<\/a><\/p>\t\t\t\t\t\t\t\t<\/div>\n\t\t\t\t<\/div>\n\t\t\t\t\t<\/div>\n\t\t<\/div>\n\t\t\t\t\t<\/div>\n\t\t<\/section>\n\t\t\t\t<section class=\"elementor-section elementor-top-section elementor-element elementor-element-50935c0 elementor-section-boxed elementor-section-height-default elementor-section-height-default\" data-id=\"50935c0\" data-element_type=\"section\" data-e-type=\"section\">\n\t\t\t\t\t\t<div class=\"elementor-container elementor-column-gap-default\">\n\t\t\t\t\t<div class=\"elementor-column elementor-col-100 elementor-top-column elementor-element elementor-element-61aca50\" data-id=\"61aca50\" data-element_type=\"column\" data-e-type=\"column\">\n\t\t\t<div class=\"elementor-widget-wrap elementor-element-populated\">\n\t\t\t\t\t\t<div class=\"elementor-element elementor-element-d24536a elementor-widget-divider--view-line elementor-widget elementor-widget-divider\" data-id=\"d24536a\" data-element_type=\"widget\" data-e-type=\"widget\" data-widget_type=\"divider.default\">\n\t\t\t\t<div class=\"elementor-widget-container\">\n\t\t\t\t\t\t\t<div class=\"elementor-divider\">\n\t\t\t<span class=\"elementor-divider-separator\">\n\t\t\t\t\t\t<\/span>\n\t\t<\/div>\n\t\t\t\t\t\t<\/div>\n\t\t\t\t<\/div>\n\t\t\t\t<div class=\"elementor-element elementor-element-7c6f65e elementor-widget elementor-widget-image\" data-id=\"7c6f65e\" data-element_type=\"widget\" data-e-type=\"widget\" data-widget_type=\"image.default\">\n\t\t\t\t<div class=\"elementor-widget-container\">\n\t\t\t\t\t\t\t\t\t\t\t\t\t\t\t<img decoding=\"async\" width=\"1920\" height=\"1080\" src=\"https:\/\/ethrat.ch\/wp-content\/uploads\/2025\/03\/ethr_timeline_250305_DE.jpg\" class=\"attachment-full size-full wp-image-51501\" alt=\"\" srcset=\"https:\/\/ethrat.ch\/wp-content\/uploads\/2025\/03\/ethr_timeline_250305_DE.jpg 1920w, https:\/\/ethrat.ch\/wp-content\/uploads\/2025\/03\/ethr_timeline_250305_DE-300x169.jpg 300w, https:\/\/ethrat.ch\/wp-content\/uploads\/2025\/03\/ethr_timeline_250305_DE-1024x576.jpg 1024w, https:\/\/ethrat.ch\/wp-content\/uploads\/2025\/03\/ethr_timeline_250305_DE-768x432.jpg 768w, https:\/\/ethrat.ch\/wp-content\/uploads\/2025\/03\/ethr_timeline_250305_DE-1536x864.jpg 1536w\" sizes=\"(max-width: 1920px) 100vw, 1920px\" \/>\t\t\t\t\t\t\t\t\t\t\t\t\t\t\t<\/div>\n\t\t\t\t<\/div>\n\t\t\t\t\t<\/div>\n\t\t<\/div>\n\t\t\t\t\t<\/div>\n\t\t<\/section>\n\t\t\t\t<section class=\"elementor-section elementor-top-section elementor-element elementor-element-41f198d elementor-section-boxed elementor-section-height-default elementor-section-height-default\" data-id=\"41f198d\" data-element_type=\"section\" data-e-type=\"section\">\n\t\t\t\t\t\t<div class=\"elementor-container elementor-column-gap-default\">\n\t\t\t\t\t<div class=\"elementor-column elementor-col-100 elementor-top-column elementor-element elementor-element-36bd294\" data-id=\"36bd294\" data-element_type=\"column\" data-e-type=\"column\">\n\t\t\t<div class=\"elementor-widget-wrap\">\n\t\t\t\t\t\t\t<\/div>\n\t\t<\/div>\n\t\t\t\t\t<\/div>\n\t\t<\/section>\n\t\t\t\t<\/div>\n\t\t","protected":false},"excerpt":{"rendered":"<p>Das Projekt FIT for the Future befindet sich aktuell in der zweiten Phase, der sogenannten Design-Phase, nachdem der ETH-Rat im Dezember 2024 einen Richtungsentscheid gef\u00e4llt hat. Die Design-Phase startete im Januar 2025 und dreht sich haupts\u00e4chlich um die konkrete Ausgestaltung des Projekts. An seiner Sitzung vom 5.\/6. M\u00e4rz hat der ETH-Rat \u00fcber die Vision des &#8230;<\/p>\n","protected":false},"author":11,"featured_media":0,"parent":629,"menu_order":0,"comment_status":"closed","ping_status":"closed","template":"","meta":{"_acf_changed":false,"footnotes":"","_links_to":"","_links_to_target":""},"search-tag":[],"class_list":["post-51485","page","type-page","status-publish","hentry"],"acf":[],"yoast_head":"<!-- This site is optimized with the Yoast SEO plugin v27.3 - https:\/\/yoast.com\/product\/yoast-seo-wordpress\/ -->\n<title>Fortschritte bei der Schaffung eines gemeinsamen Dachs und einer Digital Unit - Consiglio dei PF<\/title>\n<meta name=\"robots\" content=\"index, follow, max-snippet:-1, max-image-preview:large, max-video-preview:-1\" \/>\n<link rel=\"canonical\" href=\"https:\/\/ethrat.ch\/de\/eth-bereich\/fortschritte-bei-der-schaffung-eines-gemeinsamen-dachs-und-einer-digital-unit\/\" \/>\n<meta property=\"og:locale\" content=\"it_IT\" \/>\n<meta property=\"og:type\" content=\"article\" \/>\n<meta property=\"og:title\" content=\"Fortschritte bei der Schaffung eines gemeinsamen Dachs und einer Digital Unit - Consiglio dei PF\" \/>\n<meta property=\"og:description\" content=\"Das Projekt FIT for the Future befindet sich aktuell in der zweiten Phase, der sogenannten Design-Phase, nachdem der ETH-Rat im Dezember 2024 einen Richtungsentscheid gef\u00e4llt hat. Die Design-Phase startete im Januar 2025 und dreht sich haupts\u00e4chlich um die konkrete Ausgestaltung des Projekts. An seiner Sitzung vom 5.\/6. M\u00e4rz hat der ETH-Rat \u00fcber die Vision des ...\" \/>\n<meta property=\"og:url\" content=\"https:\/\/ethrat.ch\/de\/eth-bereich\/fortschritte-bei-der-schaffung-eines-gemeinsamen-dachs-und-einer-digital-unit\/\" \/>\n<meta property=\"og:site_name\" content=\"Consiglio dei PF\" \/>\n<meta property=\"article:modified_time\" content=\"2025-03-27T13:47:00+00:00\" \/>\n<meta property=\"og:image\" content=\"https:\/\/ethrat.ch\/wp-content\/uploads\/2025\/03\/FIT_projektstand_web.jpg\" \/>\n\t<meta property=\"og:image:width\" content=\"1120\" \/>\n\t<meta property=\"og:image:height\" content=\"580\" \/>\n\t<meta property=\"og:image:type\" content=\"image\/jpeg\" \/>\n<meta name=\"twitter:card\" content=\"summary_large_image\" \/>\n<meta name=\"twitter:site\" content=\"@eth_rat\" \/>\n<meta name=\"twitter:label1\" content=\"Tempo di lettura stimato\" \/>\n\t<meta name=\"twitter:data1\" content=\"2 minuti\" \/>\n<script type=\"application\/ld+json\" class=\"yoast-schema-graph\">{\"@context\":\"https:\\\/\\\/schema.org\",\"@graph\":[{\"@type\":\"WebPage\",\"@id\":\"https:\\\/\\\/ethrat.ch\\\/de\\\/eth-bereich\\\/fortschritte-bei-der-schaffung-eines-gemeinsamen-dachs-und-einer-digital-unit\\\/\",\"url\":\"https:\\\/\\\/ethrat.ch\\\/de\\\/eth-bereich\\\/fortschritte-bei-der-schaffung-eines-gemeinsamen-dachs-und-einer-digital-unit\\\/\",\"name\":\"Fortschritte bei der Schaffung eines gemeinsamen Dachs und einer Digital Unit - Consiglio dei PF\",\"isPartOf\":{\"@id\":\"https:\\\/\\\/ethrat.ch\\\/de\\\/#website\"},\"primaryImageOfPage\":{\"@id\":\"https:\\\/\\\/ethrat.ch\\\/de\\\/eth-bereich\\\/fortschritte-bei-der-schaffung-eines-gemeinsamen-dachs-und-einer-digital-unit\\\/#primaryimage\"},\"image\":{\"@id\":\"https:\\\/\\\/ethrat.ch\\\/de\\\/eth-bereich\\\/fortschritte-bei-der-schaffung-eines-gemeinsamen-dachs-und-einer-digital-unit\\\/#primaryimage\"},\"thumbnailUrl\":\"https:\\\/\\\/ethrat.ch\\\/wp-content\\\/uploads\\\/2025\\\/03\\\/FIT_projektstand_web.jpg\",\"datePublished\":\"2025-03-26T12:36:08+00:00\",\"dateModified\":\"2025-03-27T13:47:00+00:00\",\"breadcrumb\":{\"@id\":\"https:\\\/\\\/ethrat.ch\\\/de\\\/eth-bereich\\\/fortschritte-bei-der-schaffung-eines-gemeinsamen-dachs-und-einer-digital-unit\\\/#breadcrumb\"},\"inLanguage\":\"it-IT\",\"potentialAction\":[{\"@type\":\"ReadAction\",\"target\":[\"https:\\\/\\\/ethrat.ch\\\/de\\\/eth-bereich\\\/fortschritte-bei-der-schaffung-eines-gemeinsamen-dachs-und-einer-digital-unit\\\/\"]}]},{\"@type\":\"ImageObject\",\"inLanguage\":\"it-IT\",\"@id\":\"https:\\\/\\\/ethrat.ch\\\/de\\\/eth-bereich\\\/fortschritte-bei-der-schaffung-eines-gemeinsamen-dachs-und-einer-digital-unit\\\/#primaryimage\",\"url\":\"https:\\\/\\\/ethrat.ch\\\/wp-content\\\/uploads\\\/2025\\\/03\\\/FIT_projektstand_web.jpg\",\"contentUrl\":\"https:\\\/\\\/ethrat.ch\\\/wp-content\\\/uploads\\\/2025\\\/03\\\/FIT_projektstand_web.jpg\"},{\"@type\":\"BreadcrumbList\",\"@id\":\"https:\\\/\\\/ethrat.ch\\\/de\\\/eth-bereich\\\/fortschritte-bei-der-schaffung-eines-gemeinsamen-dachs-und-einer-digital-unit\\\/#breadcrumb\",\"itemListElement\":[{\"@type\":\"ListItem\",\"position\":1,\"name\":\"Home\",\"item\":\"https:\\\/\\\/ethrat.ch\\\/it\\\/\"},{\"@type\":\"ListItem\",\"position\":2,\"name\":\"ETH-BEREICH\",\"item\":\"https:\\\/\\\/ethrat.ch\\\/de\\\/eth-bereich\\\/\"},{\"@type\":\"ListItem\",\"position\":3,\"name\":\"Fortschritte bei der Schaffung eines gemeinsamen Dachs und einer Digital Unit\"}]},{\"@type\":\"WebSite\",\"@id\":\"https:\\\/\\\/ethrat.ch\\\/de\\\/#website\",\"url\":\"https:\\\/\\\/ethrat.ch\\\/de\\\/\",\"name\":\"ETH-Rat\",\"description\":\"\",\"publisher\":{\"@id\":\"https:\\\/\\\/ethrat.ch\\\/de\\\/#organization\"},\"potentialAction\":[{\"@type\":\"SearchAction\",\"target\":{\"@type\":\"EntryPoint\",\"urlTemplate\":\"https:\\\/\\\/ethrat.ch\\\/de\\\/?s={search_term_string}\"},\"query-input\":{\"@type\":\"PropertyValueSpecification\",\"valueRequired\":true,\"valueName\":\"search_term_string\"}}],\"inLanguage\":\"it-IT\"},{\"@type\":\"Organization\",\"@id\":\"https:\\\/\\\/ethrat.ch\\\/de\\\/#organization\",\"name\":\"ETH-Rat\",\"url\":\"https:\\\/\\\/ethrat.ch\\\/de\\\/\",\"logo\":{\"@type\":\"ImageObject\",\"inLanguage\":\"it-IT\",\"@id\":\"https:\\\/\\\/ethrat.ch\\\/de\\\/#\\\/schema\\\/logo\\\/image\\\/\",\"url\":\"https:\\\/\\\/ethrat.ch\\\/wp-content\\\/uploads\\\/2024\\\/04\\\/logo-white.svg\",\"contentUrl\":\"https:\\\/\\\/ethrat.ch\\\/wp-content\\\/uploads\\\/2024\\\/04\\\/logo-white.svg\",\"width\":283,\"height\":81,\"caption\":\"ETH-Rat\"},\"image\":{\"@id\":\"https:\\\/\\\/ethrat.ch\\\/de\\\/#\\\/schema\\\/logo\\\/image\\\/\"},\"sameAs\":[\"https:\\\/\\\/x.com\\\/eth_rat\",\"https:\\\/\\\/issuu.com\\\/ethrat\",\"https:\\\/\\\/www.linkedin.com\\\/company\\\/eth-rat\\\/\"]}]}<\/script>\n<!-- \/ Yoast SEO plugin. -->","yoast_head_json":{"title":"Fortschritte bei der Schaffung eines gemeinsamen Dachs und einer Digital Unit - Consiglio dei PF","robots":{"index":"index","follow":"follow","max-snippet":"max-snippet:-1","max-image-preview":"max-image-preview:large","max-video-preview":"max-video-preview:-1"},"canonical":"https:\/\/ethrat.ch\/de\/eth-bereich\/fortschritte-bei-der-schaffung-eines-gemeinsamen-dachs-und-einer-digital-unit\/","og_locale":"it_IT","og_type":"article","og_title":"Fortschritte bei der Schaffung eines gemeinsamen Dachs und einer Digital Unit - Consiglio dei PF","og_description":"Das Projekt FIT for the Future befindet sich aktuell in der zweiten Phase, der sogenannten Design-Phase, nachdem der ETH-Rat im Dezember 2024 einen Richtungsentscheid gef\u00e4llt hat. Die Design-Phase startete im Januar 2025 und dreht sich haupts\u00e4chlich um die konkrete Ausgestaltung des Projekts. An seiner Sitzung vom 5.\/6. M\u00e4rz hat der ETH-Rat \u00fcber die Vision des ...","og_url":"https:\/\/ethrat.ch\/de\/eth-bereich\/fortschritte-bei-der-schaffung-eines-gemeinsamen-dachs-und-einer-digital-unit\/","og_site_name":"Consiglio dei PF","article_modified_time":"2025-03-27T13:47:00+00:00","og_image":[{"width":1120,"height":580,"url":"https:\/\/ethrat.ch\/wp-content\/uploads\/2025\/03\/FIT_projektstand_web.jpg","type":"image\/jpeg"}],"twitter_card":"summary_large_image","twitter_site":"@eth_rat","twitter_misc":{"Tempo di lettura stimato":"2 minuti"},"schema":{"@context":"https:\/\/schema.org","@graph":[{"@type":"WebPage","@id":"https:\/\/ethrat.ch\/de\/eth-bereich\/fortschritte-bei-der-schaffung-eines-gemeinsamen-dachs-und-einer-digital-unit\/","url":"https:\/\/ethrat.ch\/de\/eth-bereich\/fortschritte-bei-der-schaffung-eines-gemeinsamen-dachs-und-einer-digital-unit\/","name":"Fortschritte bei der Schaffung eines gemeinsamen Dachs und einer Digital Unit - Consiglio dei PF","isPartOf":{"@id":"https:\/\/ethrat.ch\/de\/#website"},"primaryImageOfPage":{"@id":"https:\/\/ethrat.ch\/de\/eth-bereich\/fortschritte-bei-der-schaffung-eines-gemeinsamen-dachs-und-einer-digital-unit\/#primaryimage"},"image":{"@id":"https:\/\/ethrat.ch\/de\/eth-bereich\/fortschritte-bei-der-schaffung-eines-gemeinsamen-dachs-und-einer-digital-unit\/#primaryimage"},"thumbnailUrl":"https:\/\/ethrat.ch\/wp-content\/uploads\/2025\/03\/FIT_projektstand_web.jpg","datePublished":"2025-03-26T12:36:08+00:00","dateModified":"2025-03-27T13:47:00+00:00","breadcrumb":{"@id":"https:\/\/ethrat.ch\/de\/eth-bereich\/fortschritte-bei-der-schaffung-eines-gemeinsamen-dachs-und-einer-digital-unit\/#breadcrumb"},"inLanguage":"it-IT","potentialAction":[{"@type":"ReadAction","target":["https:\/\/ethrat.ch\/de\/eth-bereich\/fortschritte-bei-der-schaffung-eines-gemeinsamen-dachs-und-einer-digital-unit\/"]}]},{"@type":"ImageObject","inLanguage":"it-IT","@id":"https:\/\/ethrat.ch\/de\/eth-bereich\/fortschritte-bei-der-schaffung-eines-gemeinsamen-dachs-und-einer-digital-unit\/#primaryimage","url":"https:\/\/ethrat.ch\/wp-content\/uploads\/2025\/03\/FIT_projektstand_web.jpg","contentUrl":"https:\/\/ethrat.ch\/wp-content\/uploads\/2025\/03\/FIT_projektstand_web.jpg"},{"@type":"BreadcrumbList","@id":"https:\/\/ethrat.ch\/de\/eth-bereich\/fortschritte-bei-der-schaffung-eines-gemeinsamen-dachs-und-einer-digital-unit\/#breadcrumb","itemListElement":[{"@type":"ListItem","position":1,"name":"Home","item":"https:\/\/ethrat.ch\/it\/"},{"@type":"ListItem","position":2,"name":"ETH-BEREICH","item":"https:\/\/ethrat.ch\/de\/eth-bereich\/"},{"@type":"ListItem","position":3,"name":"Fortschritte bei der Schaffung eines gemeinsamen Dachs und einer Digital Unit"}]},{"@type":"WebSite","@id":"https:\/\/ethrat.ch\/de\/#website","url":"https:\/\/ethrat.ch\/de\/","name":"ETH-Rat","description":"","publisher":{"@id":"https:\/\/ethrat.ch\/de\/#organization"},"potentialAction":[{"@type":"SearchAction","target":{"@type":"EntryPoint","urlTemplate":"https:\/\/ethrat.ch\/de\/?s={search_term_string}"},"query-input":{"@type":"PropertyValueSpecification","valueRequired":true,"valueName":"search_term_string"}}],"inLanguage":"it-IT"},{"@type":"Organization","@id":"https:\/\/ethrat.ch\/de\/#organization","name":"ETH-Rat","url":"https:\/\/ethrat.ch\/de\/","logo":{"@type":"ImageObject","inLanguage":"it-IT","@id":"https:\/\/ethrat.ch\/de\/#\/schema\/logo\/image\/","url":"https:\/\/ethrat.ch\/wp-content\/uploads\/2024\/04\/logo-white.svg","contentUrl":"https:\/\/ethrat.ch\/wp-content\/uploads\/2024\/04\/logo-white.svg","width":283,"height":81,"caption":"ETH-Rat"},"image":{"@id":"https:\/\/ethrat.ch\/de\/#\/schema\/logo\/image\/"},"sameAs":["https:\/\/x.com\/eth_rat","https:\/\/issuu.com\/ethrat","https:\/\/www.linkedin.com\/company\/eth-rat\/"]}]}},"_links":{"self":[{"href":"https:\/\/ethrat.ch\/it\/wp-json\/wp\/v2\/pages\/51485","targetHints":{"allow":["GET"]}}],"collection":[{"href":"https:\/\/ethrat.ch\/it\/wp-json\/wp\/v2\/pages"}],"about":[{"href":"https:\/\/ethrat.ch\/it\/wp-json\/wp\/v2\/types\/page"}],"author":[{"embeddable":true,"href":"https:\/\/ethrat.ch\/it\/wp-json\/wp\/v2\/users\/11"}],"replies":[{"embeddable":true,"href":"https:\/\/ethrat.ch\/it\/wp-json\/wp\/v2\/comments?post=51485"}],"version-history":[{"count":0,"href":"https:\/\/ethrat.ch\/it\/wp-json\/wp\/v2\/pages\/51485\/revisions"}],"up":[{"embeddable":true,"href":"https:\/\/ethrat.ch\/it\/wp-json\/wp\/v2\/pages\/629"}],"wp:attachment":[{"href":"https:\/\/ethrat.ch\/it\/wp-json\/wp\/v2\/media?parent=51485"}],"wp:term":[{"taxonomy":"search-tag","embeddable":true,"href":"https:\/\/ethrat.ch\/it\/wp-json\/wp\/v2\/search-tag?post=51485"}],"curies":[{"name":"wp","href":"https:\/\/api.w.org\/{rel}","templated":true}]}}