{"id":51423,"date":"2025-03-26T13:31:46","date_gmt":"2025-03-26T12:31:46","guid":{"rendered":"https:\/\/ethrat.ch\/?page_id=51423"},"modified":"2025-03-27T14:45:58","modified_gmt":"2025-03-27T13:45:58","slug":"was-die-organisationsentwicklung-fuer-sie-bedeutet","status":"publish","type":"page","link":"https:\/\/ethrat.ch\/it\/eth-bereich\/was-die-organisationsentwicklung-fuer-sie-bedeutet\/","title":{"rendered":"Was die Organisationsentwicklung f\u00fcr Sie bedeutet"},"content":{"rendered":"\t\t<div data-elementor-type=\"wp-page\" data-elementor-id=\"51423\" class=\"elementor elementor-51423\" data-elementor-post-type=\"page\">\n\t\t\t\t\t\t<section class=\"elementor-section elementor-top-section elementor-element elementor-element-9608200 elementor-section-boxed elementor-section-height-default elementor-section-height-default\" data-id=\"9608200\" data-element_type=\"section\" data-e-type=\"section\">\n\t\t\t\t\t\t<div class=\"elementor-container elementor-column-gap-default\">\n\t\t\t\t\t<div class=\"elementor-column elementor-col-100 elementor-top-column elementor-element elementor-element-03b7f3f\" data-id=\"03b7f3f\" data-element_type=\"column\" data-e-type=\"column\" data-settings=\"{&quot;background_background&quot;:&quot;classic&quot;}\">\n\t\t\t<div class=\"elementor-widget-wrap elementor-element-populated\">\n\t\t\t\t\t\t<div class=\"elementor-element elementor-element-8a9cdaf elementor-widget elementor-widget-image\" data-id=\"8a9cdaf\" data-element_type=\"widget\" data-e-type=\"widget\" data-widget_type=\"image.default\">\n\t\t\t\t<div class=\"elementor-widget-container\">\n\t\t\t\t\t\t\t\t\t\t\t\t\t\t\t<img decoding=\"async\" width=\"1120\" height=\"580\" src=\"https:\/\/ethrat.ch\/wp-content\/uploads\/2025\/03\/MOH_newsletter_FIT.jpg\" class=\"attachment-full size-full wp-image-51441\" alt=\"\" srcset=\"https:\/\/ethrat.ch\/wp-content\/uploads\/2025\/03\/MOH_newsletter_FIT.jpg 1120w, https:\/\/ethrat.ch\/wp-content\/uploads\/2025\/03\/MOH_newsletter_FIT-300x155.jpg 300w, https:\/\/ethrat.ch\/wp-content\/uploads\/2025\/03\/MOH_newsletter_FIT-1024x530.jpg 1024w, https:\/\/ethrat.ch\/wp-content\/uploads\/2025\/03\/MOH_newsletter_FIT-768x398.jpg 768w\" sizes=\"(max-width: 1120px) 100vw, 1120px\" \/>\t\t\t\t\t\t\t\t\t\t\t\t\t\t\t<\/div>\n\t\t\t\t<\/div>\n\t\t\t\t\t<\/div>\n\t\t<\/div>\n\t\t\t\t\t<\/div>\n\t\t<\/section>\n\t\t\t\t<section class=\"elementor-section elementor-top-section elementor-element elementor-element-27877cc elementor-section-boxed elementor-section-height-default elementor-section-height-default\" data-id=\"27877cc\" data-element_type=\"section\" data-e-type=\"section\">\n\t\t\t\t\t\t<div class=\"elementor-container elementor-column-gap-default\">\n\t\t\t\t\t<div class=\"elementor-column elementor-col-100 elementor-top-column elementor-element elementor-element-1958dba\" data-id=\"1958dba\" data-element_type=\"column\" data-e-type=\"column\">\n\t\t\t<div class=\"elementor-widget-wrap elementor-element-populated\">\n\t\t\t\t\t\t<div class=\"elementor-element elementor-element-1a2e56d elementor-widget elementor-widget-heading\" data-id=\"1a2e56d\" data-element_type=\"widget\" data-e-type=\"widget\" data-widget_type=\"heading.default\">\n\t\t\t\t<div class=\"elementor-widget-container\">\n\t\t\t\t\t<h1 class=\"elementor-heading-title elementor-size-default\">Was die Organisationsentwicklung f\u00fcr Sie bedeutet<\/h1>\t\t\t\t<\/div>\n\t\t\t\t<\/div>\n\t\t\t\t<div class=\"elementor-element elementor-element-42ed6ad elementor-widget elementor-widget-text-editor\" data-id=\"42ed6ad\" data-element_type=\"widget\" data-e-type=\"widget\" data-widget_type=\"text-editor.default\">\n\t\t\t\t<div class=\"elementor-widget-container\">\n\t\t\t\t\t\t\t\t\t<p>Der Pr\u00e4sident des ETH-Rats, Michael O. Hengartner, beantwortet drei zentrale Fragen zur Organisationsentwicklung, die die Zukunft des ETH-Bereichs pr\u00e4gen wird.<\/p>\t\t\t\t\t\t\t\t<\/div>\n\t\t\t\t<\/div>\n\t\t\t\t<div class=\"elementor-element elementor-element-10d39e8 elementor-widget elementor-widget-text-editor\" data-id=\"10d39e8\" data-element_type=\"widget\" data-e-type=\"widget\" data-widget_type=\"text-editor.default\">\n\t\t\t\t<div class=\"elementor-widget-container\">\n\t\t\t\t\t\t\t\t\t<h3>Was ist das Ziel von FIT for the Future?<\/h3><p><strong>Michael O. Hengartner<\/strong>: Viele Herausforderungen sind so komplex, dass sie nur durch die Zusammenarbeit zwischen verschiedenen Akteuren bew\u00e4ltigt werden k\u00f6nnen. Denken Sie an den Klimawandel, die Energieversorgung oder die Digitalisierung. Die neue Organisation des ETH-Bereichs soll eine einfachere und engere Zusammenarbeit der beiden ETH und der vier Forschungsanstalten erm\u00f6glichen sowie eine bessere strategische Koordination.<\/p><p>Mit der Zusammenf\u00fchrung von PSI, WSL, Empa und Eawag unter einem gemeinsamen Dach wollen wir einen dritten starken Pfeiler des ETH-Bereichs schaffen \u2013 neben der ETH Z\u00fcrich und der EPFL. Ein Nichthandeln w\u00e4re eine verpasste Chance und w\u00fcrde die zuk\u00fcnftige Effektivit\u00e4t und Effizienz des ETH-Bereichs gef\u00e4hrden \u2013 insbesondere in Anbetracht stagnierender Bundesmittel.<\/p>\t\t\t\t\t\t\t\t<\/div>\n\t\t\t\t<\/div>\n\t\t\t\t<div class=\"elementor-element elementor-element-7d59e37 elementor-widget elementor-widget-text-editor\" data-id=\"7d59e37\" data-element_type=\"widget\" data-e-type=\"widget\" data-widget_type=\"text-editor.default\">\n\t\t\t\t<div class=\"elementor-widget-container\">\n\t\t\t\t\t\t\t\t\t<h3>Was bedeutet das f\u00fcr mich als Mitarbeiterin oder Mitarbeiter des ETH-Bereichs?<\/h3>\n<p>Unsere Forschenden werden von der besseren Zusammenarbeit aller sechs Institutionen, der st\u00e4rkeren Koordination und der gr\u00f6sseren Sichtbarkeit des ETH-Bereichs profitieren. Neu werden die Mitarbeitenden der Forschungsanstalten aber nicht mehr am PSI, der WSL, Empa oder Eawag angestellt sein, sondern beim gemeinsamen Dach.&nbsp;<\/p><p>Die unterst\u00fctzenden Dienste, beispielsweise die IT-, Personal- oder Rechtsabteilungen werden unter dem gemeinsamen Dach zusammengefasst. Stellen \u2013 sowie die Standorte und die \u00abBrands\u00bb \u2013 bleiben aber erhalten. Auch die bisherigen Forschungsbereiche bleiben bestehen, werden aber in Zukunft noch einfacher zusammenarbeiten k\u00f6nnen. Klar ist, dass ein solcher Organisationsentwicklungsprozess Zeit braucht. Die Umsetzung ist fr\u00fchestens ab 2028 geplant.<\/p>\t\t\t\t\t\t\t\t<\/div>\n\t\t\t\t<\/div>\n\t\t\t\t<div class=\"elementor-element elementor-element-dbaf372 elementor-widget elementor-widget-text-editor\" data-id=\"dbaf372\" data-element_type=\"widget\" data-e-type=\"widget\" data-widget_type=\"text-editor.default\">\n\t\t\t\t<div class=\"elementor-widget-container\">\n\t\t\t\t\t\t\t\t\t<h3>Wie kann ich mich in den Prozess einbringen?<\/h3><p>Die Institutionen des ETH-Bereichs sind eng in den Prozess involviert. Sie sind sowohl Teil der Steuerung als auch der Umsetzung des Projekts. Die Mitarbeitenden k\u00f6nnen sich im Rahmen von geplanten Workshops, Townhalls und via Konsultationen im ETH-Bereich einbringen.\u00a0<\/p><p>Eine erste Konsultation hat letzten Herbst stattgefunden. Eine Zusammenfassung der Resultate finden Sie <a href=\"https:\/\/ethrat.ch\/wp-content\/uploads\/2024\/12\/241204_Interface_Struktur_ETH-Bereich.pdf\">auf unserer Website<\/a>. Wir stehen zudem in regelm\u00e4ssigem Austausch mit Politik, Beh\u00f6rden und Verb\u00e4nden. Es ist entscheidend, dass wir alle relevanten Stakeholder einbeziehen und diese sich einbringen k\u00f6nnen, damit wir den ETH-Bereich noch weiter bringen und der Schweiz noch besser dienen k\u00f6nnen.<\/p>\t\t\t\t\t\t\t\t<\/div>\n\t\t\t\t<\/div>\n\t\t\t\t\t<\/div>\n\t\t<\/div>\n\t\t\t\t\t<\/div>\n\t\t<\/section>\n\t\t\t\t<\/div>\n\t\t","protected":false},"excerpt":{"rendered":"<p>Der Pr\u00e4sident des ETH-Rats, Michael O. Hengartner, beantwortet drei zentrale Fragen zur Organisationsentwicklung, die die Zukunft des ETH-Bereichs pr\u00e4gen wird. Was ist das Ziel von FIT for the Future? Michael O. Hengartner: Viele Herausforderungen sind so komplex, dass sie nur durch die Zusammenarbeit zwischen verschiedenen Akteuren bew\u00e4ltigt werden k\u00f6nnen. Denken Sie an den Klimawandel, die &#8230;<\/p>\n","protected":false},"author":11,"featured_media":0,"parent":629,"menu_order":0,"comment_status":"closed","ping_status":"closed","template":"","meta":{"_acf_changed":false,"footnotes":"","_links_to":"","_links_to_target":""},"search-tag":[],"class_list":["post-51423","page","type-page","status-publish","hentry"],"acf":[],"yoast_head":"<!-- This site is optimized with the Yoast SEO plugin v27.3 - https:\/\/yoast.com\/product\/yoast-seo-wordpress\/ -->\n<title>Was die Organisationsentwicklung f\u00fcr Sie bedeutet - Consiglio dei PF<\/title>\n<meta name=\"robots\" content=\"index, follow, max-snippet:-1, max-image-preview:large, max-video-preview:-1\" \/>\n<link rel=\"canonical\" href=\"https:\/\/ethrat.ch\/de\/eth-bereich\/was-die-organisationsentwicklung-fuer-sie-bedeutet\/\" \/>\n<meta property=\"og:locale\" content=\"it_IT\" \/>\n<meta property=\"og:type\" content=\"article\" \/>\n<meta property=\"og:title\" content=\"Was die Organisationsentwicklung f\u00fcr Sie bedeutet - Consiglio dei PF\" \/>\n<meta property=\"og:description\" content=\"Der Pr\u00e4sident des ETH-Rats, Michael O. Hengartner, beantwortet drei zentrale Fragen zur Organisationsentwicklung, die die Zukunft des ETH-Bereichs pr\u00e4gen wird. Was ist das Ziel von FIT for the Future? Michael O. Hengartner: Viele Herausforderungen sind so komplex, dass sie nur durch die Zusammenarbeit zwischen verschiedenen Akteuren bew\u00e4ltigt werden k\u00f6nnen. Denken Sie an den Klimawandel, die ...\" \/>\n<meta property=\"og:url\" content=\"https:\/\/ethrat.ch\/de\/eth-bereich\/was-die-organisationsentwicklung-fuer-sie-bedeutet\/\" \/>\n<meta property=\"og:site_name\" content=\"Consiglio dei PF\" \/>\n<meta property=\"article:modified_time\" content=\"2025-03-27T13:45:58+00:00\" \/>\n<meta property=\"og:image\" content=\"https:\/\/ethrat.ch\/wp-content\/uploads\/2025\/03\/MOH_newsletter_FIT.jpg\" \/>\n\t<meta property=\"og:image:width\" content=\"1120\" \/>\n\t<meta property=\"og:image:height\" content=\"580\" \/>\n\t<meta property=\"og:image:type\" content=\"image\/jpeg\" \/>\n<meta name=\"twitter:card\" content=\"summary_large_image\" \/>\n<meta name=\"twitter:site\" content=\"@eth_rat\" \/>\n<meta name=\"twitter:label1\" content=\"Tempo di lettura stimato\" \/>\n\t<meta name=\"twitter:data1\" content=\"3 minuti\" \/>\n<script type=\"application\/ld+json\" class=\"yoast-schema-graph\">{\"@context\":\"https:\\\/\\\/schema.org\",\"@graph\":[{\"@type\":\"WebPage\",\"@id\":\"https:\\\/\\\/ethrat.ch\\\/de\\\/eth-bereich\\\/was-die-organisationsentwicklung-fuer-sie-bedeutet\\\/\",\"url\":\"https:\\\/\\\/ethrat.ch\\\/de\\\/eth-bereich\\\/was-die-organisationsentwicklung-fuer-sie-bedeutet\\\/\",\"name\":\"Was die Organisationsentwicklung f\u00fcr Sie bedeutet - Consiglio dei PF\",\"isPartOf\":{\"@id\":\"https:\\\/\\\/ethrat.ch\\\/de\\\/#website\"},\"primaryImageOfPage\":{\"@id\":\"https:\\\/\\\/ethrat.ch\\\/de\\\/eth-bereich\\\/was-die-organisationsentwicklung-fuer-sie-bedeutet\\\/#primaryimage\"},\"image\":{\"@id\":\"https:\\\/\\\/ethrat.ch\\\/de\\\/eth-bereich\\\/was-die-organisationsentwicklung-fuer-sie-bedeutet\\\/#primaryimage\"},\"thumbnailUrl\":\"https:\\\/\\\/ethrat.ch\\\/wp-content\\\/uploads\\\/2025\\\/03\\\/MOH_newsletter_FIT.jpg\",\"datePublished\":\"2025-03-26T12:31:46+00:00\",\"dateModified\":\"2025-03-27T13:45:58+00:00\",\"breadcrumb\":{\"@id\":\"https:\\\/\\\/ethrat.ch\\\/de\\\/eth-bereich\\\/was-die-organisationsentwicklung-fuer-sie-bedeutet\\\/#breadcrumb\"},\"inLanguage\":\"it-IT\",\"potentialAction\":[{\"@type\":\"ReadAction\",\"target\":[\"https:\\\/\\\/ethrat.ch\\\/de\\\/eth-bereich\\\/was-die-organisationsentwicklung-fuer-sie-bedeutet\\\/\"]}]},{\"@type\":\"ImageObject\",\"inLanguage\":\"it-IT\",\"@id\":\"https:\\\/\\\/ethrat.ch\\\/de\\\/eth-bereich\\\/was-die-organisationsentwicklung-fuer-sie-bedeutet\\\/#primaryimage\",\"url\":\"https:\\\/\\\/ethrat.ch\\\/wp-content\\\/uploads\\\/2025\\\/03\\\/MOH_newsletter_FIT.jpg\",\"contentUrl\":\"https:\\\/\\\/ethrat.ch\\\/wp-content\\\/uploads\\\/2025\\\/03\\\/MOH_newsletter_FIT.jpg\"},{\"@type\":\"BreadcrumbList\",\"@id\":\"https:\\\/\\\/ethrat.ch\\\/de\\\/eth-bereich\\\/was-die-organisationsentwicklung-fuer-sie-bedeutet\\\/#breadcrumb\",\"itemListElement\":[{\"@type\":\"ListItem\",\"position\":1,\"name\":\"Home\",\"item\":\"https:\\\/\\\/ethrat.ch\\\/it\\\/\"},{\"@type\":\"ListItem\",\"position\":2,\"name\":\"ETH-BEREICH\",\"item\":\"https:\\\/\\\/ethrat.ch\\\/de\\\/eth-bereich\\\/\"},{\"@type\":\"ListItem\",\"position\":3,\"name\":\"Was die Organisationsentwicklung f\u00fcr Sie bedeutet\"}]},{\"@type\":\"WebSite\",\"@id\":\"https:\\\/\\\/ethrat.ch\\\/de\\\/#website\",\"url\":\"https:\\\/\\\/ethrat.ch\\\/de\\\/\",\"name\":\"ETH-Rat\",\"description\":\"\",\"publisher\":{\"@id\":\"https:\\\/\\\/ethrat.ch\\\/de\\\/#organization\"},\"potentialAction\":[{\"@type\":\"SearchAction\",\"target\":{\"@type\":\"EntryPoint\",\"urlTemplate\":\"https:\\\/\\\/ethrat.ch\\\/de\\\/?s={search_term_string}\"},\"query-input\":{\"@type\":\"PropertyValueSpecification\",\"valueRequired\":true,\"valueName\":\"search_term_string\"}}],\"inLanguage\":\"it-IT\"},{\"@type\":\"Organization\",\"@id\":\"https:\\\/\\\/ethrat.ch\\\/de\\\/#organization\",\"name\":\"ETH-Rat\",\"url\":\"https:\\\/\\\/ethrat.ch\\\/de\\\/\",\"logo\":{\"@type\":\"ImageObject\",\"inLanguage\":\"it-IT\",\"@id\":\"https:\\\/\\\/ethrat.ch\\\/de\\\/#\\\/schema\\\/logo\\\/image\\\/\",\"url\":\"https:\\\/\\\/ethrat.ch\\\/wp-content\\\/uploads\\\/2024\\\/04\\\/logo-white.svg\",\"contentUrl\":\"https:\\\/\\\/ethrat.ch\\\/wp-content\\\/uploads\\\/2024\\\/04\\\/logo-white.svg\",\"width\":283,\"height\":81,\"caption\":\"ETH-Rat\"},\"image\":{\"@id\":\"https:\\\/\\\/ethrat.ch\\\/de\\\/#\\\/schema\\\/logo\\\/image\\\/\"},\"sameAs\":[\"https:\\\/\\\/x.com\\\/eth_rat\",\"https:\\\/\\\/issuu.com\\\/ethrat\",\"https:\\\/\\\/www.linkedin.com\\\/company\\\/eth-rat\\\/\"]}]}<\/script>\n<!-- \/ Yoast SEO plugin. -->","yoast_head_json":{"title":"Was die Organisationsentwicklung f\u00fcr Sie bedeutet - Consiglio dei PF","robots":{"index":"index","follow":"follow","max-snippet":"max-snippet:-1","max-image-preview":"max-image-preview:large","max-video-preview":"max-video-preview:-1"},"canonical":"https:\/\/ethrat.ch\/de\/eth-bereich\/was-die-organisationsentwicklung-fuer-sie-bedeutet\/","og_locale":"it_IT","og_type":"article","og_title":"Was die Organisationsentwicklung f\u00fcr Sie bedeutet - Consiglio dei PF","og_description":"Der Pr\u00e4sident des ETH-Rats, Michael O. Hengartner, beantwortet drei zentrale Fragen zur Organisationsentwicklung, die die Zukunft des ETH-Bereichs pr\u00e4gen wird. Was ist das Ziel von FIT for the Future? Michael O. Hengartner: Viele Herausforderungen sind so komplex, dass sie nur durch die Zusammenarbeit zwischen verschiedenen Akteuren bew\u00e4ltigt werden k\u00f6nnen. Denken Sie an den Klimawandel, die ...","og_url":"https:\/\/ethrat.ch\/de\/eth-bereich\/was-die-organisationsentwicklung-fuer-sie-bedeutet\/","og_site_name":"Consiglio dei PF","article_modified_time":"2025-03-27T13:45:58+00:00","og_image":[{"width":1120,"height":580,"url":"https:\/\/ethrat.ch\/wp-content\/uploads\/2025\/03\/MOH_newsletter_FIT.jpg","type":"image\/jpeg"}],"twitter_card":"summary_large_image","twitter_site":"@eth_rat","twitter_misc":{"Tempo di lettura stimato":"3 minuti"},"schema":{"@context":"https:\/\/schema.org","@graph":[{"@type":"WebPage","@id":"https:\/\/ethrat.ch\/de\/eth-bereich\/was-die-organisationsentwicklung-fuer-sie-bedeutet\/","url":"https:\/\/ethrat.ch\/de\/eth-bereich\/was-die-organisationsentwicklung-fuer-sie-bedeutet\/","name":"Was die Organisationsentwicklung f\u00fcr Sie bedeutet - Consiglio dei PF","isPartOf":{"@id":"https:\/\/ethrat.ch\/de\/#website"},"primaryImageOfPage":{"@id":"https:\/\/ethrat.ch\/de\/eth-bereich\/was-die-organisationsentwicklung-fuer-sie-bedeutet\/#primaryimage"},"image":{"@id":"https:\/\/ethrat.ch\/de\/eth-bereich\/was-die-organisationsentwicklung-fuer-sie-bedeutet\/#primaryimage"},"thumbnailUrl":"https:\/\/ethrat.ch\/wp-content\/uploads\/2025\/03\/MOH_newsletter_FIT.jpg","datePublished":"2025-03-26T12:31:46+00:00","dateModified":"2025-03-27T13:45:58+00:00","breadcrumb":{"@id":"https:\/\/ethrat.ch\/de\/eth-bereich\/was-die-organisationsentwicklung-fuer-sie-bedeutet\/#breadcrumb"},"inLanguage":"it-IT","potentialAction":[{"@type":"ReadAction","target":["https:\/\/ethrat.ch\/de\/eth-bereich\/was-die-organisationsentwicklung-fuer-sie-bedeutet\/"]}]},{"@type":"ImageObject","inLanguage":"it-IT","@id":"https:\/\/ethrat.ch\/de\/eth-bereich\/was-die-organisationsentwicklung-fuer-sie-bedeutet\/#primaryimage","url":"https:\/\/ethrat.ch\/wp-content\/uploads\/2025\/03\/MOH_newsletter_FIT.jpg","contentUrl":"https:\/\/ethrat.ch\/wp-content\/uploads\/2025\/03\/MOH_newsletter_FIT.jpg"},{"@type":"BreadcrumbList","@id":"https:\/\/ethrat.ch\/de\/eth-bereich\/was-die-organisationsentwicklung-fuer-sie-bedeutet\/#breadcrumb","itemListElement":[{"@type":"ListItem","position":1,"name":"Home","item":"https:\/\/ethrat.ch\/it\/"},{"@type":"ListItem","position":2,"name":"ETH-BEREICH","item":"https:\/\/ethrat.ch\/de\/eth-bereich\/"},{"@type":"ListItem","position":3,"name":"Was die Organisationsentwicklung f\u00fcr Sie bedeutet"}]},{"@type":"WebSite","@id":"https:\/\/ethrat.ch\/de\/#website","url":"https:\/\/ethrat.ch\/de\/","name":"ETH-Rat","description":"","publisher":{"@id":"https:\/\/ethrat.ch\/de\/#organization"},"potentialAction":[{"@type":"SearchAction","target":{"@type":"EntryPoint","urlTemplate":"https:\/\/ethrat.ch\/de\/?s={search_term_string}"},"query-input":{"@type":"PropertyValueSpecification","valueRequired":true,"valueName":"search_term_string"}}],"inLanguage":"it-IT"},{"@type":"Organization","@id":"https:\/\/ethrat.ch\/de\/#organization","name":"ETH-Rat","url":"https:\/\/ethrat.ch\/de\/","logo":{"@type":"ImageObject","inLanguage":"it-IT","@id":"https:\/\/ethrat.ch\/de\/#\/schema\/logo\/image\/","url":"https:\/\/ethrat.ch\/wp-content\/uploads\/2024\/04\/logo-white.svg","contentUrl":"https:\/\/ethrat.ch\/wp-content\/uploads\/2024\/04\/logo-white.svg","width":283,"height":81,"caption":"ETH-Rat"},"image":{"@id":"https:\/\/ethrat.ch\/de\/#\/schema\/logo\/image\/"},"sameAs":["https:\/\/x.com\/eth_rat","https:\/\/issuu.com\/ethrat","https:\/\/www.linkedin.com\/company\/eth-rat\/"]}]}},"_links":{"self":[{"href":"https:\/\/ethrat.ch\/it\/wp-json\/wp\/v2\/pages\/51423","targetHints":{"allow":["GET"]}}],"collection":[{"href":"https:\/\/ethrat.ch\/it\/wp-json\/wp\/v2\/pages"}],"about":[{"href":"https:\/\/ethrat.ch\/it\/wp-json\/wp\/v2\/types\/page"}],"author":[{"embeddable":true,"href":"https:\/\/ethrat.ch\/it\/wp-json\/wp\/v2\/users\/11"}],"replies":[{"embeddable":true,"href":"https:\/\/ethrat.ch\/it\/wp-json\/wp\/v2\/comments?post=51423"}],"version-history":[{"count":0,"href":"https:\/\/ethrat.ch\/it\/wp-json\/wp\/v2\/pages\/51423\/revisions"}],"up":[{"embeddable":true,"href":"https:\/\/ethrat.ch\/it\/wp-json\/wp\/v2\/pages\/629"}],"wp:attachment":[{"href":"https:\/\/ethrat.ch\/it\/wp-json\/wp\/v2\/media?parent=51423"}],"wp:term":[{"taxonomy":"search-tag","embeddable":true,"href":"https:\/\/ethrat.ch\/it\/wp-json\/wp\/v2\/search-tag?post=51423"}],"curies":[{"name":"wp","href":"https:\/\/api.w.org\/{rel}","templated":true}]}}