{"id":51017,"date":"2025-03-05T14:05:47","date_gmt":"2025-03-05T13:05:47","guid":{"rendered":"https:\/\/ethrat.ch\/?page_id=51017"},"modified":"2025-03-06T17:15:18","modified_gmt":"2025-03-06T16:15:18","slug":"abmeldung-fit-for-the-future-newsletter","status":"publish","type":"page","link":"https:\/\/ethrat.ch\/it\/abmeldung-fit-for-the-future-newsletter\/","title":{"rendered":"Ihre Abmeldung vom FIT for the Future-Newsletter"},"content":{"rendered":"\t\t<div data-elementor-type=\"wp-page\" data-elementor-id=\"51017\" class=\"elementor elementor-51017\" data-elementor-post-type=\"page\">\n\t\t\t\t\t\t<section class=\"elementor-section elementor-top-section elementor-element elementor-element-1acfe2fa elementor-section-boxed elementor-section-height-default elementor-section-height-default\" data-id=\"1acfe2fa\" data-element_type=\"section\" data-e-type=\"section\">\n\t\t\t\t\t\t<div class=\"elementor-container elementor-column-gap-default\">\n\t\t\t\t\t<div class=\"elementor-column elementor-col-100 elementor-top-column elementor-element elementor-element-520bbdea\" data-id=\"520bbdea\" data-element_type=\"column\" data-e-type=\"column\" data-settings=\"{&quot;background_background&quot;:&quot;classic&quot;}\">\n\t\t\t<div class=\"elementor-widget-wrap elementor-element-populated\">\n\t\t\t\t\t\t<div class=\"elementor-element elementor-element-551a275e elementor-widget elementor-widget-heading\" data-id=\"551a275e\" data-element_type=\"widget\" data-e-type=\"widget\" data-widget_type=\"heading.default\">\n\t\t\t\t<div class=\"elementor-widget-container\">\n\t\t\t\t\t<h1 class=\"elementor-heading-title elementor-size-default\">Ihre Abmeldung vom FIT for the Future-Newsletter<\/h1>\t\t\t\t<\/div>\n\t\t\t\t<\/div>\n\t\t\t\t<div class=\"elementor-element elementor-element-266b7d3c elementor-widget elementor-widget-spacer\" data-id=\"266b7d3c\" data-element_type=\"widget\" data-e-type=\"widget\" data-widget_type=\"spacer.default\">\n\t\t\t\t<div class=\"elementor-widget-container\">\n\t\t\t\t\t\t\t<div class=\"elementor-spacer\">\n\t\t\t<div class=\"elementor-spacer-inner\"><\/div>\n\t\t<\/div>\n\t\t\t\t\t\t<\/div>\n\t\t\t\t<\/div>\n\t\t\t\t<div class=\"elementor-element elementor-element-1445ca92 elementor-widget__width-inherit elementor-widget elementor-widget-text-editor\" data-id=\"1445ca92\" data-element_type=\"widget\" data-e-type=\"widget\" data-widget_type=\"text-editor.default\">\n\t\t\t\t<div class=\"elementor-widget-container\">\n\t\t\t\t\t\t\t\t\t<p>Sie haben sich erfolgreich von unserem Newsletter abgemeldet.<\/p>\n<p>Wir bedauern das und w\u00fcrden uns \u00fcber Ihr Feedback freuen, warum Sie unseren Newsletter nicht mehr erhalten m\u00f6chten. Bitte senden Sie uns eine E-Mail an&nbsp;<a href=\"mailto:kommunikation@ethrat.ch\">kommunikation@ethrat.ch<\/a>.<\/p>\n<p>Wenn Sie sich&nbsp;versehentlich abgemeldet haben, k\u00f6nnen Sie sich \u00fcber die Website wieder anmelden.<\/p>\t\t\t\t\t\t\t\t<\/div>\n\t\t\t\t<\/div>\n\t\t\t\t\t<\/div>\n\t\t<\/div>\n\t\t\t\t\t<\/div>\n\t\t<\/section>\n\t\t\t\t<\/div>\n\t\t","protected":false},"excerpt":{"rendered":"<p>Sie haben sich erfolgreich von unserem Newsletter abgemeldet. Wir bedauern das und w\u00fcrden uns \u00fcber Ihr Feedback freuen, warum Sie unseren Newsletter nicht mehr erhalten m\u00f6chten. Bitte senden Sie uns eine E-Mail an&nbsp;kommunikation@ethrat.ch. Wenn Sie sich&nbsp;versehentlich abgemeldet haben, k\u00f6nnen Sie sich \u00fcber die Website wieder anmelden.<\/p>\n","protected":false},"author":19,"featured_media":0,"parent":0,"menu_order":0,"comment_status":"closed","ping_status":"closed","template":"","meta":{"_acf_changed":false,"footnotes":"","_links_to":"","_links_to_target":""},"search-tag":[],"class_list":["post-51017","page","type-page","status-publish","hentry"],"acf":[],"yoast_head":"<!-- This site is optimized with the Yoast SEO plugin v27.3 - https:\/\/yoast.com\/product\/yoast-seo-wordpress\/ -->\n<title>Ihre Abmeldung vom FIT for the Future-Newsletter - Consiglio dei PF<\/title>\n<meta name=\"robots\" content=\"index, nofollow, max-snippet:-1, max-image-preview:large, max-video-preview:-1\" \/>\n<link rel=\"canonical\" href=\"https:\/\/ethrat.ch\/de\/abmeldung-fit-for-the-future-newsletter\/\" \/>\n<meta property=\"og:locale\" content=\"it_IT\" \/>\n<meta property=\"og:type\" content=\"article\" \/>\n<meta property=\"og:title\" content=\"Ihre Abmeldung vom FIT for the Future-Newsletter - Consiglio dei PF\" \/>\n<meta property=\"og:description\" content=\"Sie haben sich erfolgreich von unserem Newsletter abgemeldet. Wir bedauern das und w\u00fcrden uns \u00fcber Ihr Feedback freuen, warum Sie unseren Newsletter nicht mehr erhalten m\u00f6chten. Bitte senden Sie uns eine E-Mail an&nbsp;kommunikation@ethrat.ch. Wenn Sie sich&nbsp;versehentlich abgemeldet haben, k\u00f6nnen Sie sich \u00fcber die Website wieder anmelden.\" \/>\n<meta property=\"og:url\" content=\"https:\/\/ethrat.ch\/de\/abmeldung-fit-for-the-future-newsletter\/\" \/>\n<meta property=\"og:site_name\" content=\"Consiglio dei PF\" \/>\n<meta property=\"article:modified_time\" content=\"2025-03-06T16:15:18+00:00\" \/>\n<meta name=\"twitter:card\" content=\"summary_large_image\" \/>\n<meta name=\"twitter:site\" content=\"@eth_rat\" \/>\n<meta name=\"twitter:label1\" content=\"Tempo di lettura stimato\" \/>\n\t<meta name=\"twitter:data1\" content=\"1 minuto\" \/>\n<script type=\"application\/ld+json\" class=\"yoast-schema-graph\">{\"@context\":\"https:\\\/\\\/schema.org\",\"@graph\":[{\"@type\":\"WebPage\",\"@id\":\"https:\\\/\\\/ethrat.ch\\\/de\\\/abmeldung-fit-for-the-future-newsletter\\\/\",\"url\":\"https:\\\/\\\/ethrat.ch\\\/de\\\/abmeldung-fit-for-the-future-newsletter\\\/\",\"name\":\"Ihre Abmeldung vom FIT for the Future-Newsletter - Consiglio dei PF\",\"isPartOf\":{\"@id\":\"https:\\\/\\\/ethrat.ch\\\/de\\\/#website\"},\"datePublished\":\"2025-03-05T13:05:47+00:00\",\"dateModified\":\"2025-03-06T16:15:18+00:00\",\"breadcrumb\":{\"@id\":\"https:\\\/\\\/ethrat.ch\\\/de\\\/abmeldung-fit-for-the-future-newsletter\\\/#breadcrumb\"},\"inLanguage\":\"it-IT\",\"potentialAction\":[{\"@type\":\"ReadAction\",\"target\":[\"https:\\\/\\\/ethrat.ch\\\/de\\\/abmeldung-fit-for-the-future-newsletter\\\/\"]}]},{\"@type\":\"BreadcrumbList\",\"@id\":\"https:\\\/\\\/ethrat.ch\\\/de\\\/abmeldung-fit-for-the-future-newsletter\\\/#breadcrumb\",\"itemListElement\":[{\"@type\":\"ListItem\",\"position\":1,\"name\":\"Home\",\"item\":\"https:\\\/\\\/ethrat.ch\\\/it\\\/\"},{\"@type\":\"ListItem\",\"position\":2,\"name\":\"Ihre Abmeldung vom FIT for the Future-Newsletter\"}]},{\"@type\":\"WebSite\",\"@id\":\"https:\\\/\\\/ethrat.ch\\\/de\\\/#website\",\"url\":\"https:\\\/\\\/ethrat.ch\\\/de\\\/\",\"name\":\"ETH-Rat\",\"description\":\"\",\"publisher\":{\"@id\":\"https:\\\/\\\/ethrat.ch\\\/de\\\/#organization\"},\"potentialAction\":[{\"@type\":\"SearchAction\",\"target\":{\"@type\":\"EntryPoint\",\"urlTemplate\":\"https:\\\/\\\/ethrat.ch\\\/de\\\/?s={search_term_string}\"},\"query-input\":{\"@type\":\"PropertyValueSpecification\",\"valueRequired\":true,\"valueName\":\"search_term_string\"}}],\"inLanguage\":\"it-IT\"},{\"@type\":\"Organization\",\"@id\":\"https:\\\/\\\/ethrat.ch\\\/de\\\/#organization\",\"name\":\"ETH-Rat\",\"url\":\"https:\\\/\\\/ethrat.ch\\\/de\\\/\",\"logo\":{\"@type\":\"ImageObject\",\"inLanguage\":\"it-IT\",\"@id\":\"https:\\\/\\\/ethrat.ch\\\/de\\\/#\\\/schema\\\/logo\\\/image\\\/\",\"url\":\"https:\\\/\\\/ethrat.ch\\\/wp-content\\\/uploads\\\/2024\\\/04\\\/logo-white.svg\",\"contentUrl\":\"https:\\\/\\\/ethrat.ch\\\/wp-content\\\/uploads\\\/2024\\\/04\\\/logo-white.svg\",\"width\":283,\"height\":81,\"caption\":\"ETH-Rat\"},\"image\":{\"@id\":\"https:\\\/\\\/ethrat.ch\\\/de\\\/#\\\/schema\\\/logo\\\/image\\\/\"},\"sameAs\":[\"https:\\\/\\\/x.com\\\/eth_rat\",\"https:\\\/\\\/issuu.com\\\/ethrat\",\"https:\\\/\\\/www.linkedin.com\\\/company\\\/eth-rat\\\/\"]}]}<\/script>\n<!-- \/ Yoast SEO plugin. -->","yoast_head_json":{"title":"Ihre Abmeldung vom FIT for the Future-Newsletter - Consiglio dei PF","robots":{"index":"index","follow":"nofollow","max-snippet":"max-snippet:-1","max-image-preview":"max-image-preview:large","max-video-preview":"max-video-preview:-1"},"canonical":"https:\/\/ethrat.ch\/de\/abmeldung-fit-for-the-future-newsletter\/","og_locale":"it_IT","og_type":"article","og_title":"Ihre Abmeldung vom FIT for the Future-Newsletter - Consiglio dei PF","og_description":"Sie haben sich erfolgreich von unserem Newsletter abgemeldet. Wir bedauern das und w\u00fcrden uns \u00fcber Ihr Feedback freuen, warum Sie unseren Newsletter nicht mehr erhalten m\u00f6chten. Bitte senden Sie uns eine E-Mail an&nbsp;kommunikation@ethrat.ch. Wenn Sie sich&nbsp;versehentlich abgemeldet haben, k\u00f6nnen Sie sich \u00fcber die Website wieder anmelden.","og_url":"https:\/\/ethrat.ch\/de\/abmeldung-fit-for-the-future-newsletter\/","og_site_name":"Consiglio dei PF","article_modified_time":"2025-03-06T16:15:18+00:00","twitter_card":"summary_large_image","twitter_site":"@eth_rat","twitter_misc":{"Tempo di lettura stimato":"1 minuto"},"schema":{"@context":"https:\/\/schema.org","@graph":[{"@type":"WebPage","@id":"https:\/\/ethrat.ch\/de\/abmeldung-fit-for-the-future-newsletter\/","url":"https:\/\/ethrat.ch\/de\/abmeldung-fit-for-the-future-newsletter\/","name":"Ihre Abmeldung vom FIT for the Future-Newsletter - Consiglio dei PF","isPartOf":{"@id":"https:\/\/ethrat.ch\/de\/#website"},"datePublished":"2025-03-05T13:05:47+00:00","dateModified":"2025-03-06T16:15:18+00:00","breadcrumb":{"@id":"https:\/\/ethrat.ch\/de\/abmeldung-fit-for-the-future-newsletter\/#breadcrumb"},"inLanguage":"it-IT","potentialAction":[{"@type":"ReadAction","target":["https:\/\/ethrat.ch\/de\/abmeldung-fit-for-the-future-newsletter\/"]}]},{"@type":"BreadcrumbList","@id":"https:\/\/ethrat.ch\/de\/abmeldung-fit-for-the-future-newsletter\/#breadcrumb","itemListElement":[{"@type":"ListItem","position":1,"name":"Home","item":"https:\/\/ethrat.ch\/it\/"},{"@type":"ListItem","position":2,"name":"Ihre Abmeldung vom FIT for the Future-Newsletter"}]},{"@type":"WebSite","@id":"https:\/\/ethrat.ch\/de\/#website","url":"https:\/\/ethrat.ch\/de\/","name":"ETH-Rat","description":"","publisher":{"@id":"https:\/\/ethrat.ch\/de\/#organization"},"potentialAction":[{"@type":"SearchAction","target":{"@type":"EntryPoint","urlTemplate":"https:\/\/ethrat.ch\/de\/?s={search_term_string}"},"query-input":{"@type":"PropertyValueSpecification","valueRequired":true,"valueName":"search_term_string"}}],"inLanguage":"it-IT"},{"@type":"Organization","@id":"https:\/\/ethrat.ch\/de\/#organization","name":"ETH-Rat","url":"https:\/\/ethrat.ch\/de\/","logo":{"@type":"ImageObject","inLanguage":"it-IT","@id":"https:\/\/ethrat.ch\/de\/#\/schema\/logo\/image\/","url":"https:\/\/ethrat.ch\/wp-content\/uploads\/2024\/04\/logo-white.svg","contentUrl":"https:\/\/ethrat.ch\/wp-content\/uploads\/2024\/04\/logo-white.svg","width":283,"height":81,"caption":"ETH-Rat"},"image":{"@id":"https:\/\/ethrat.ch\/de\/#\/schema\/logo\/image\/"},"sameAs":["https:\/\/x.com\/eth_rat","https:\/\/issuu.com\/ethrat","https:\/\/www.linkedin.com\/company\/eth-rat\/"]}]}},"_links":{"self":[{"href":"https:\/\/ethrat.ch\/it\/wp-json\/wp\/v2\/pages\/51017","targetHints":{"allow":["GET"]}}],"collection":[{"href":"https:\/\/ethrat.ch\/it\/wp-json\/wp\/v2\/pages"}],"about":[{"href":"https:\/\/ethrat.ch\/it\/wp-json\/wp\/v2\/types\/page"}],"author":[{"embeddable":true,"href":"https:\/\/ethrat.ch\/it\/wp-json\/wp\/v2\/users\/19"}],"replies":[{"embeddable":true,"href":"https:\/\/ethrat.ch\/it\/wp-json\/wp\/v2\/comments?post=51017"}],"version-history":[{"count":0,"href":"https:\/\/ethrat.ch\/it\/wp-json\/wp\/v2\/pages\/51017\/revisions"}],"wp:attachment":[{"href":"https:\/\/ethrat.ch\/it\/wp-json\/wp\/v2\/media?parent=51017"}],"wp:term":[{"taxonomy":"search-tag","embeddable":true,"href":"https:\/\/ethrat.ch\/it\/wp-json\/wp\/v2\/search-tag?post=51017"}],"curies":[{"name":"wp","href":"https:\/\/api.w.org\/{rel}","templated":true}]}}