{"id":31330,"date":"2022-03-03T10:15:07","date_gmt":"2022-03-03T09:15:07","guid":{"rendered":"https:\/\/ethrat.ch\/?page_id=31330"},"modified":"2024-04-24T13:41:49","modified_gmt":"2024-04-24T11:41:49","slug":"informazioni-per-la-prenotazione-di-sale-conferenze","status":"publish","type":"page","link":"https:\/\/ethrat.ch\/it\/informazioni-per-la-prenotazione-di-sale-conferenze\/","title":{"rendered":"Informazioni per la prenotazione di sale conferenze"},"content":{"rendered":"\t\t<div data-elementor-type=\"wp-page\" data-elementor-id=\"31330\" class=\"elementor elementor-31330 elementor-30235\" data-elementor-post-type=\"page\">\n\t\t\t\t\t\t<section class=\"elementor-section elementor-top-section elementor-element elementor-element-a010f65 elementor-section-boxed elementor-section-height-default elementor-section-height-default\" data-id=\"a010f65\" data-element_type=\"section\" data-e-type=\"section\">\n\t\t\t\t\t\t<div class=\"elementor-container elementor-column-gap-default\">\n\t\t\t\t\t<div class=\"elementor-column elementor-col-100 elementor-top-column elementor-element elementor-element-58b606b\" data-id=\"58b606b\" data-element_type=\"column\" data-e-type=\"column\">\n\t\t\t<div class=\"elementor-widget-wrap elementor-element-populated\">\n\t\t\t\t\t\t<div class=\"elementor-element elementor-element-2c9b34fc elementor-widget elementor-widget-heading\" data-id=\"2c9b34fc\" data-element_type=\"widget\" data-e-type=\"widget\" data-widget_type=\"heading.default\">\n\t\t\t\t<div class=\"elementor-widget-container\">\n\t\t\t\t\t<h1 class=\"elementor-heading-title elementor-size-default\">Informazioni per la prenotazione di sale conferenze<\/h1>\t\t\t\t<\/div>\n\t\t\t\t<\/div>\n\t\t\t\t\t<\/div>\n\t\t<\/div>\n\t\t\t\t\t<\/div>\n\t\t<\/section>\n\t\t\t\t<section class=\"elementor-section elementor-top-section elementor-element elementor-element-15d399e7 elementor-section-boxed elementor-section-height-default elementor-section-height-default\" data-id=\"15d399e7\" data-element_type=\"section\" data-e-type=\"section\">\n\t\t\t\t\t\t<div class=\"elementor-container elementor-column-gap-default\">\n\t\t\t\t\t<div class=\"elementor-column elementor-col-100 elementor-top-column elementor-element elementor-element-7bb1bd9d\" data-id=\"7bb1bd9d\" data-element_type=\"column\" data-e-type=\"column\" data-settings=\"{&quot;background_background&quot;:&quot;classic&quot;}\">\n\t\t\t<div class=\"elementor-widget-wrap elementor-element-populated\">\n\t\t\t\t\t\t<div class=\"elementor-element elementor-element-18c78f5 elementor-widget__width-initial elementor-widget elementor-widget-text-editor\" data-id=\"18c78f5\" data-element_type=\"widget\" data-e-type=\"widget\" data-widget_type=\"text-editor.default\">\n\t\t\t\t<div class=\"elementor-widget-container\">\n\t\t\t\t\t\t\t\t\t<p>I collaboratori del Settore dei PF possono prenotare sale conferenze nell\u2019edificio del Consiglio dei PF a Berna. La preghiamo di effettuare la prenotazione per <a href=\"mailto:bern@ethrat.ch\">e-mail<\/a>. Sono disponibili due sale:<\/p>\n<ul>\n<li><strong>Sala conferenze per 26 persone <\/strong><\/li>\n<\/ul>\n<ul>\n<li><strong>Sala conferenze per 14 persone<\/strong><\/li>\n<\/ul>\n<p>&nbsp;<\/p>\n<p>Dal luned\u00ec al venerd\u00ec, dalle 8:00 alle 17:00. <br \/>Le sale sono gestite dal team riunioni Bern Hirschengraben. Numero minimo di persone per una prenotazione: 4.<br \/><em>La prenotazione va effettuata tassativamente con almeno due giorni lavorativi di anticipo.<\/em><\/p>\n<h4>Su richiesta<\/h4>\n<p>Offriamo anche spazi per uffici o postazioni di lavoro per individui o riunioni di meno di 4 persone <strong>su richiesta<\/strong>, dove possibile <em>I locali sono riservati ai gruppi di lavoro che svolgono attivit\u00e0 direttamente legate al Settore dei PF. Le prenotazioni vanno effettuate obbligatoriamente a nome di persone che fanno parte di un\u2019istituzione del Settore dei PF e che partecipano alla riunione in questione.<\/em><\/p>\n<h4>Tecnologia e attrezzatura<\/h4>\n<ul>\n<li>WLAN<\/li>\n<li>Impianto per videoconferenze (adatto anche per riunioni ibride)<\/li>\n<li>Videoproiettore<\/li>\n<li>Schermo per proiezione<\/li>\n<li>Lavagna a fogli mobili<\/li>\n<li>ClickShare<\/li>\n<li>Computer per riunioni<\/li>\n<li>Logitech Presentation (puntatore)<\/li>\n<\/ul>\n<p>&nbsp;<\/p>\n<p>Acqua minerale, t\u00e8 e caff\u00e8 vengono messi a disposizione. Tutti gli altri servizi (ad es. catering) vanno organizzati e pagati autonomamente.<\/p>\n\t\t\t\t\t\t\t\t<\/div>\n\t\t\t\t<\/div>\n\t\t\t\t<div class=\"elementor-element elementor-element-ff42dda elementor-widget elementor-widget-text-editor\" data-id=\"ff42dda\" data-element_type=\"widget\" data-e-type=\"widget\" data-widget_type=\"text-editor.default\">\n\t\t\t\t<div class=\"elementor-widget-container\">\n\t\t\t\t\t\t\t\t\t<h4>Contatto<\/h4>\n\t\t\t\t\t\t\t\t<\/div>\n\t\t\t\t<\/div>\n\t\t\t\t<div class=\"elementor-element elementor-element-799db75 elementor-widget elementor-widget-text-editor\" data-id=\"799db75\" data-element_type=\"widget\" data-e-type=\"widget\" data-widget_type=\"text-editor.default\">\n\t\t\t\t<div class=\"elementor-widget-container\">\n\t\t\t\t\t\t\t\t\t<p>Maria von Gunten<br \/>+41 58 856 87 25<br \/><a href=\"mailto:bern@ethrat.ch\">E-Mail<\/a><\/p>\n<p>Consiglio dei PF<br \/>Hirschengraben 3<br \/>3011 Berna<\/p>\n<p>Presente: <br \/>Luned\u00ec, Marted\u00ec, Gioved\u00ec 09.00 \u2013 12.00<\/p>\n\t\t\t\t\t\t\t\t<\/div>\n\t\t\t\t<\/div>\n\t\t\t\t\t<\/div>\n\t\t<\/div>\n\t\t\t\t\t<\/div>\n\t\t<\/section>\n\t\t\t\t<\/div>\n\t\t","protected":false},"excerpt":{"rendered":"<p>I collaboratori del Settore dei PF possono prenotare sale conferenze nell\u2019edificio del Consiglio dei PF a Berna. La preghiamo di effettuare la prenotazione per e-mail. Sono disponibili due sale: Sala conferenze per 26 persone Sala conferenze per 14 persone &nbsp; Dal luned\u00ec al venerd\u00ec, dalle 8:00 alle 17:00. Le sale sono gestite dal team riunioni &#8230;<\/p>\n","protected":false},"author":11,"featured_media":0,"parent":0,"menu_order":0,"comment_status":"closed","ping_status":"closed","template":"","meta":{"_acf_changed":false,"footnotes":"","_links_to":"","_links_to_target":""},"search-tag":[],"class_list":["post-31330","page","type-page","status-publish","hentry"],"acf":[],"yoast_head":"<!-- This site is optimized with the Yoast SEO plugin v27.3 - https:\/\/yoast.com\/product\/yoast-seo-wordpress\/ -->\n<title>Informazioni per la prenotazione di sale conferenze - Consiglio dei PF<\/title>\n<meta name=\"robots\" content=\"index, follow, max-snippet:-1, max-image-preview:large, max-video-preview:-1\" \/>\n<link rel=\"canonical\" href=\"https:\/\/ethrat.ch\/it\/informazioni-per-la-prenotazione-di-sale-conferenze\/\" \/>\n<meta property=\"og:locale\" content=\"it_IT\" \/>\n<meta property=\"og:type\" content=\"article\" \/>\n<meta property=\"og:title\" content=\"Informazioni per la prenotazione di sale conferenze - Consiglio dei PF\" \/>\n<meta property=\"og:description\" content=\"I collaboratori del Settore dei PF possono prenotare sale conferenze nell\u2019edificio del Consiglio dei PF a Berna. La preghiamo di effettuare la prenotazione per e-mail. Sono disponibili due sale: Sala conferenze per 26 persone Sala conferenze per 14 persone &nbsp; Dal luned\u00ec al venerd\u00ec, dalle 8:00 alle 17:00. Le sale sono gestite dal team riunioni ...\" \/>\n<meta property=\"og:url\" content=\"https:\/\/ethrat.ch\/it\/informazioni-per-la-prenotazione-di-sale-conferenze\/\" \/>\n<meta property=\"og:site_name\" content=\"Consiglio dei PF\" \/>\n<meta property=\"article:modified_time\" content=\"2024-04-24T11:41:49+00:00\" \/>\n<meta name=\"twitter:card\" content=\"summary_large_image\" \/>\n<meta name=\"twitter:site\" content=\"@eth_rat\" \/>\n<meta name=\"twitter:label1\" content=\"Tempo di lettura stimato\" \/>\n\t<meta name=\"twitter:data1\" content=\"1 minuto\" \/>\n<script type=\"application\/ld+json\" class=\"yoast-schema-graph\">{\"@context\":\"https:\\\/\\\/schema.org\",\"@graph\":[{\"@type\":\"WebPage\",\"@id\":\"https:\\\/\\\/ethrat.ch\\\/it\\\/informazioni-per-la-prenotazione-di-sale-conferenze\\\/\",\"url\":\"https:\\\/\\\/ethrat.ch\\\/it\\\/informazioni-per-la-prenotazione-di-sale-conferenze\\\/\",\"name\":\"Informazioni per la prenotazione di sale conferenze - Consiglio dei PF\",\"isPartOf\":{\"@id\":\"https:\\\/\\\/ethrat.ch\\\/de\\\/#website\"},\"datePublished\":\"2022-03-03T09:15:07+00:00\",\"dateModified\":\"2024-04-24T11:41:49+00:00\",\"breadcrumb\":{\"@id\":\"https:\\\/\\\/ethrat.ch\\\/it\\\/informazioni-per-la-prenotazione-di-sale-conferenze\\\/#breadcrumb\"},\"inLanguage\":\"it-IT\",\"potentialAction\":[{\"@type\":\"ReadAction\",\"target\":[\"https:\\\/\\\/ethrat.ch\\\/it\\\/informazioni-per-la-prenotazione-di-sale-conferenze\\\/\"]}]},{\"@type\":\"BreadcrumbList\",\"@id\":\"https:\\\/\\\/ethrat.ch\\\/it\\\/informazioni-per-la-prenotazione-di-sale-conferenze\\\/#breadcrumb\",\"itemListElement\":[{\"@type\":\"ListItem\",\"position\":1,\"name\":\"Home\",\"item\":\"https:\\\/\\\/ethrat.ch\\\/it\\\/\"},{\"@type\":\"ListItem\",\"position\":2,\"name\":\"Informazioni per la prenotazione di sale conferenze\"}]},{\"@type\":\"WebSite\",\"@id\":\"https:\\\/\\\/ethrat.ch\\\/de\\\/#website\",\"url\":\"https:\\\/\\\/ethrat.ch\\\/de\\\/\",\"name\":\"ETH-Rat\",\"description\":\"\",\"publisher\":{\"@id\":\"https:\\\/\\\/ethrat.ch\\\/de\\\/#organization\"},\"potentialAction\":[{\"@type\":\"SearchAction\",\"target\":{\"@type\":\"EntryPoint\",\"urlTemplate\":\"https:\\\/\\\/ethrat.ch\\\/de\\\/?s={search_term_string}\"},\"query-input\":{\"@type\":\"PropertyValueSpecification\",\"valueRequired\":true,\"valueName\":\"search_term_string\"}}],\"inLanguage\":\"it-IT\"},{\"@type\":\"Organization\",\"@id\":\"https:\\\/\\\/ethrat.ch\\\/de\\\/#organization\",\"name\":\"ETH-Rat\",\"url\":\"https:\\\/\\\/ethrat.ch\\\/de\\\/\",\"logo\":{\"@type\":\"ImageObject\",\"inLanguage\":\"it-IT\",\"@id\":\"https:\\\/\\\/ethrat.ch\\\/de\\\/#\\\/schema\\\/logo\\\/image\\\/\",\"url\":\"https:\\\/\\\/ethrat.ch\\\/wp-content\\\/uploads\\\/2024\\\/04\\\/logo-white.svg\",\"contentUrl\":\"https:\\\/\\\/ethrat.ch\\\/wp-content\\\/uploads\\\/2024\\\/04\\\/logo-white.svg\",\"width\":283,\"height\":81,\"caption\":\"ETH-Rat\"},\"image\":{\"@id\":\"https:\\\/\\\/ethrat.ch\\\/de\\\/#\\\/schema\\\/logo\\\/image\\\/\"},\"sameAs\":[\"https:\\\/\\\/x.com\\\/eth_rat\",\"https:\\\/\\\/issuu.com\\\/ethrat\",\"https:\\\/\\\/www.linkedin.com\\\/company\\\/eth-rat\\\/\"]}]}<\/script>\n<!-- \/ Yoast SEO plugin. -->","yoast_head_json":{"title":"Informazioni per la prenotazione di sale conferenze - Consiglio dei PF","robots":{"index":"index","follow":"follow","max-snippet":"max-snippet:-1","max-image-preview":"max-image-preview:large","max-video-preview":"max-video-preview:-1"},"canonical":"https:\/\/ethrat.ch\/it\/informazioni-per-la-prenotazione-di-sale-conferenze\/","og_locale":"it_IT","og_type":"article","og_title":"Informazioni per la prenotazione di sale conferenze - Consiglio dei PF","og_description":"I collaboratori del Settore dei PF possono prenotare sale conferenze nell\u2019edificio del Consiglio dei PF a Berna. La preghiamo di effettuare la prenotazione per e-mail. Sono disponibili due sale: Sala conferenze per 26 persone Sala conferenze per 14 persone &nbsp; Dal luned\u00ec al venerd\u00ec, dalle 8:00 alle 17:00. Le sale sono gestite dal team riunioni ...","og_url":"https:\/\/ethrat.ch\/it\/informazioni-per-la-prenotazione-di-sale-conferenze\/","og_site_name":"Consiglio dei PF","article_modified_time":"2024-04-24T11:41:49+00:00","twitter_card":"summary_large_image","twitter_site":"@eth_rat","twitter_misc":{"Tempo di lettura stimato":"1 minuto"},"schema":{"@context":"https:\/\/schema.org","@graph":[{"@type":"WebPage","@id":"https:\/\/ethrat.ch\/it\/informazioni-per-la-prenotazione-di-sale-conferenze\/","url":"https:\/\/ethrat.ch\/it\/informazioni-per-la-prenotazione-di-sale-conferenze\/","name":"Informazioni per la prenotazione di sale conferenze - Consiglio dei PF","isPartOf":{"@id":"https:\/\/ethrat.ch\/de\/#website"},"datePublished":"2022-03-03T09:15:07+00:00","dateModified":"2024-04-24T11:41:49+00:00","breadcrumb":{"@id":"https:\/\/ethrat.ch\/it\/informazioni-per-la-prenotazione-di-sale-conferenze\/#breadcrumb"},"inLanguage":"it-IT","potentialAction":[{"@type":"ReadAction","target":["https:\/\/ethrat.ch\/it\/informazioni-per-la-prenotazione-di-sale-conferenze\/"]}]},{"@type":"BreadcrumbList","@id":"https:\/\/ethrat.ch\/it\/informazioni-per-la-prenotazione-di-sale-conferenze\/#breadcrumb","itemListElement":[{"@type":"ListItem","position":1,"name":"Home","item":"https:\/\/ethrat.ch\/it\/"},{"@type":"ListItem","position":2,"name":"Informazioni per la prenotazione di sale conferenze"}]},{"@type":"WebSite","@id":"https:\/\/ethrat.ch\/de\/#website","url":"https:\/\/ethrat.ch\/de\/","name":"ETH-Rat","description":"","publisher":{"@id":"https:\/\/ethrat.ch\/de\/#organization"},"potentialAction":[{"@type":"SearchAction","target":{"@type":"EntryPoint","urlTemplate":"https:\/\/ethrat.ch\/de\/?s={search_term_string}"},"query-input":{"@type":"PropertyValueSpecification","valueRequired":true,"valueName":"search_term_string"}}],"inLanguage":"it-IT"},{"@type":"Organization","@id":"https:\/\/ethrat.ch\/de\/#organization","name":"ETH-Rat","url":"https:\/\/ethrat.ch\/de\/","logo":{"@type":"ImageObject","inLanguage":"it-IT","@id":"https:\/\/ethrat.ch\/de\/#\/schema\/logo\/image\/","url":"https:\/\/ethrat.ch\/wp-content\/uploads\/2024\/04\/logo-white.svg","contentUrl":"https:\/\/ethrat.ch\/wp-content\/uploads\/2024\/04\/logo-white.svg","width":283,"height":81,"caption":"ETH-Rat"},"image":{"@id":"https:\/\/ethrat.ch\/de\/#\/schema\/logo\/image\/"},"sameAs":["https:\/\/x.com\/eth_rat","https:\/\/issuu.com\/ethrat","https:\/\/www.linkedin.com\/company\/eth-rat\/"]}]}},"_links":{"self":[{"href":"https:\/\/ethrat.ch\/it\/wp-json\/wp\/v2\/pages\/31330","targetHints":{"allow":["GET"]}}],"collection":[{"href":"https:\/\/ethrat.ch\/it\/wp-json\/wp\/v2\/pages"}],"about":[{"href":"https:\/\/ethrat.ch\/it\/wp-json\/wp\/v2\/types\/page"}],"author":[{"embeddable":true,"href":"https:\/\/ethrat.ch\/it\/wp-json\/wp\/v2\/users\/11"}],"replies":[{"embeddable":true,"href":"https:\/\/ethrat.ch\/it\/wp-json\/wp\/v2\/comments?post=31330"}],"version-history":[{"count":0,"href":"https:\/\/ethrat.ch\/it\/wp-json\/wp\/v2\/pages\/31330\/revisions"}],"wp:attachment":[{"href":"https:\/\/ethrat.ch\/it\/wp-json\/wp\/v2\/media?parent=31330"}],"wp:term":[{"taxonomy":"search-tag","embeddable":true,"href":"https:\/\/ethrat.ch\/it\/wp-json\/wp\/v2\/search-tag?post=31330"}],"curies":[{"name":"wp","href":"https:\/\/api.w.org\/{rel}","templated":true}]}}