{"id":21462,"date":"2021-11-13T11:10:29","date_gmt":"2021-11-13T10:10:29","guid":{"rendered":"https:\/\/ethrat.ch\/?page_id=21462"},"modified":"2024-04-26T09:00:24","modified_gmt":"2024-04-26T07:00:24","slug":"aspetti-legali","status":"publish","type":"page","link":"https:\/\/ethrat.ch\/it\/aspetti-legali\/","title":{"rendered":"Aspetti legali"},"content":{"rendered":"\t\t<div data-elementor-type=\"wp-page\" data-elementor-id=\"21462\" class=\"elementor elementor-21462 elementor-14023\" data-elementor-post-type=\"page\">\n\t\t\t\t\t\t<section class=\"elementor-section elementor-top-section elementor-element elementor-element-4a235256 elementor-section-boxed elementor-section-height-default elementor-section-height-default\" data-id=\"4a235256\" data-element_type=\"section\" data-e-type=\"section\">\n\t\t\t\t\t\t<div class=\"elementor-container elementor-column-gap-default\">\n\t\t\t\t\t<div class=\"elementor-column elementor-col-100 elementor-top-column elementor-element elementor-element-4f79e328\" data-id=\"4f79e328\" data-element_type=\"column\" data-e-type=\"column\" data-settings=\"{&quot;background_background&quot;:&quot;classic&quot;}\">\n\t\t\t<div class=\"elementor-widget-wrap elementor-element-populated\">\n\t\t\t\t\t\t<div class=\"elementor-element elementor-element-3e38caad elementor-widget elementor-widget-heading\" data-id=\"3e38caad\" data-element_type=\"widget\" data-e-type=\"widget\" data-widget_type=\"heading.default\">\n\t\t\t\t<div class=\"elementor-widget-container\">\n\t\t\t\t\t<h1 class=\"elementor-heading-title elementor-size-default\">Aspetti legali<\/h1>\t\t\t\t<\/div>\n\t\t\t\t<\/div>\n\t\t\t\t<div class=\"elementor-element elementor-element-7a4803dc elementor-widget elementor-widget-spacer\" data-id=\"7a4803dc\" data-element_type=\"widget\" data-e-type=\"widget\" data-widget_type=\"spacer.default\">\n\t\t\t\t<div class=\"elementor-widget-container\">\n\t\t\t\t\t\t\t<div class=\"elementor-spacer\">\n\t\t\t<div class=\"elementor-spacer-inner\"><\/div>\n\t\t<\/div>\n\t\t\t\t\t\t<\/div>\n\t\t\t\t<\/div>\n\t\t\t\t<div class=\"elementor-element elementor-element-58a8dc7f elementor-widget elementor-widget-text-editor\" data-id=\"58a8dc7f\" data-element_type=\"widget\" data-e-type=\"widget\" data-widget_type=\"text-editor.default\">\n\t\t\t\t<div class=\"elementor-widget-container\">\n\t\t\t\t\t\t\t\t\t<h4>Responsabilit\u00e0<\/h4>\n<p>Nonostante si presti grande attenzione all\u2019esattezza delle informazioni pubblicate su questo sito, il Consiglio dei PF declina ogni responsabilit\u00e0 per la fedelt\u00e0, l\u2019esattezza, l\u2019attualit\u00e0, l\u2019affidabilit\u00e0 e la completezza di tali informazioni. Il Consiglio dei PF si riserva esplicitamente il diritto in qualsiasi momento di modificare parzialmente o completamente il contenuto del sito, di cancellarlo o di sospenderne temporaneamente la pubblicazione, senza alcun preavviso. Il Consiglio dei PF declina ogni responsabilit\u00e0 per danni materiali o immateriali derivanti dall\u2019accesso oppure dall\u2019uso o dal mancato uso delle informazioni pubblicate, o che sono riconducibili a un uso abusivo del collegamento o a disturbi tecnici del sito.<\/p>\n<h4>Rimandi e collegamenti<\/h4>\n<p>Rimandi e collegamenti a siti web di terzi non rientrano nella sfera di responsabilit\u00e0 del Consiglio dei PF. Lo stesso dicasi per rimandi e collegamenti di terzi che conducono alle pagine web del Consiglio dei PF&nbsp;<a href=\"https:\/\/ethrat.ch\/\">www.ethrat.ch<\/a>. L\u2019utente consulta e utilizza queste pagine web a proprio rischio. Il Consiglio dei PF dichiara esplicitamente di non avere nessuna influenza sulla forma, il contenuto e le offerte delle pagine collegate. Le informazioni e i servizi offerti da queste pagine web sono interamente di responsabilit\u00e0 dei loro autori. Il Consiglio dei PF declina ogni responsabilit\u00e0 per queste pagine web.<\/p>\n<h4>Protezione dei dati<\/h4>\n<p>Ai sensi dell\u2019articolo 13 della Costituzione federale e secondo le disposizioni legali della Confederazione svizzera sulla protezione dei dati, ognuno ha diritto al rispetto della sua vita privata nonch\u00e9 d\u2019essere protetto da un impiego abusivo dei suoi dati personali. Il Consiglio dei PF si attiene rigorosamente a queste disposizioni. I dati personali sono trattati conformemente alle prescrizioni della legge federale sulla protezione dei dati. In stretta collaborazione con i nostri Hosting-Provider, ci sforziamo di proteggere al meglio possibile le banche dati da intrusioni esterne, perdite, abusi o falsificazioni. Con la navigazione di questo sito web \u00e8 possibile che vengano registrate sul server informazioni anonimizzate relative all\u2019accesso (data, ora, pagina consultata). Nei cosiddetti logfile vengono registrati anche i tipi di browser utilizzati, i sistemi operativi, il sito Internet da cui l\u2019utente \u00e8 stato reindirizzato a questo sito web, un indirizzo di protocollo Internet e altri dati simili. Questi dati servono all\u2019analisi tecnica in caso di attivit\u00e0 di manutenzione e anche per la difesa dai rischi in caso di attacchi ai nostri sistemi. Utilizzando questi dati non risaliamo alla persona interessata. I dati vengono usati per scopi statistici e per tutelare la sicurezza dei dati. Questi dati permettono al Consiglio dei PF d\u2019elaborare valutazioni statistiche in forma anonima in modo tale da identificarne le tendenze, con lo scopo di migliorare l\u2019offerta. Secondo la legge federale sulla sorveglianza della corrispondenza postale e del traffico delle telecomunicazioni (LSCPT) esiste un obbligo di conservare i dati di collegamento degli ultimi sei mesi.<\/p>\n<h4>SSL<\/h4>\n<p>Per la trasmissione di contenuti confidenziali o personali dei nostri utenti, questo sito web si avvale di una crittografia SSL. Questa crittografia viene attivata ad esempio per l\u2019esecuzione delle operazioni di pagamento e per le richieste che ci trasmettete tramite questo sito web. Vi invitiamo a verificare che la crittografia sia attivata nel vostro browser per questo tipo di attivit\u00e0. L\u2019impiego della crittografia si pu\u00f2 riconoscere nel modo seguente: la visualizzazione nella riga del vostro browser passa da \u00abhttp:\/\/\u00bb a \u00abhttps:\/\/\u00bb. I dati crittografati tramite SSL non sono leggibili da terzi.<\/p>\n<h4>Cookie<\/h4>\n<p>Questo sito web utilizza i cookie. I cookie sono piccoli file di testo che vengono salvati in modo permanente o temporaneo sul vostro computer, tablet o dispositivo mobile durante la visita di questo sito web. Lo scopo dei cookie consiste in particolare nell\u2019analizzare l\u2019utilizzo di questo sito web a fini statistici e per il suo miglioramento continuo. In qualsiasi momento potete disattivare i cookie totalmente o in parte nelle impostazioni del vostro browser. La disattivazione dei cookie, tuttavia, potrebbe comportare l\u2019indisponibilit\u00e0 di alcune funzionalit\u00e0 di questo sito web. Segnaliamo inoltre che questo sito web pu\u00f2 contenere cookie di terzi fornitori di servizi. Utilizzando questo sito web dichiarate espressamente il vostro consenso riguardo all\u2019utilizzo di tutti i cookie.<\/p>\n<h4>Google-Analytics<\/h4>\n<p>Questo sito web utilizza Google Analytics, un servizio di analisi del web di Google Inc., USA (Google). Google Analytics utilizza i cookie. I cookie sono file di testo che vengono salvati sul vostro computer, tablet o dispositivo mobile per analizzare il vostro utilizzo del sito web. Le informazioni generate dai cookie e relative all\u2019utilizzo del sito web da parte vostra (data e ora della richiesta, luogo e frequenza di consultazione del sito, provenienza, lingua, sistema operativo, browser, clic effettuati, sorgente di traffico, risoluzione del computer, durata di permanenza sul sito web incluso il vostro indirizzo IP anonimizzato) vengono trasmesse a un server di Google negli USA dove vengono archiviate. Nel nostro sito web utilizziamo Google Analytics con una funzione di anonimizzazione dell\u2019IP. In questo caso, il vostro indirizzo IP viene abbreviato e quindi anonimizzato da Google all\u2019interno di stati membri dell\u2019Unione europea o in altri stati aderenti all\u2019accordo sullo Spazio economico europeo. Solo in casi eccezionali l\u2019indirizzo IP completo viene trasmesso a un server di Google negli USA e ivi abbreviato. Le informazioni raccolte tramite Google Analytics vengono impiegate per analizzare il vostro utilizzo del sito web, generare report relativi alle attivit\u00e0 del sito web per i gestori dello stesso e per fornire altri servizi correlati all\u2019utilizzo del sito web e all\u2019utilizzo di Internet. Google pu\u00f2 eventualmente trasmettere queste informazioni a terzi nella misura in cui ci\u00f2 \u00e8 prescritto dalla legge o se tali terzi elaborano i dati in questione su incarico di Google. Secondo le indicazioni di Google, l\u2019indirizzo IP trasmesso dal vostro browser nell\u2019ambito di Google Analytics non viene collegato ad altri dati di Google. Potete impedire l\u2019installazione dei cookie impostando vostro browser a tale scopo; segnaliamo tuttavia che in questo caso potreste non riuscire a utilizzare appieno tutte le funzionalit\u00e0 del nostro sito web. Google offre un\u2019opzione di disattivazione per i browser pi\u00f9 diffusi. Se attivate questa opzione non vengono trasmesse informazioni sulla visita del sito web a Google Analytics. L\u2019attivazione dell\u2019opzione di disattivazione non impedisce per\u00f2 che vengano trasmesse informazioni a noi o ad altri servizi di analisi del web che eventualmente utilizziamo. Ulteriori informazioni sull\u2019opzione di disattivazione messa a disposizione da Google e sull\u2019attivazione di tale opzione sono disponibili al link seguente:&nbsp;<a href=\"https:\/\/tools.google.com\/dlpage\/gaoptout?hl=de\">https:\/\/tools.google.com\/dlpage\/gaoptout?hl=it<\/a> Utilizzando questo sito web acconsentite espressamente al trattamento dei vostri dati da parte di Google conformemente ai termini di servizio di Google Analytics (<a href=\"https:\/\/www.google.com\/analytics\/\">https:\/\/www.google.com\/analytics\/<\/a>terms\/it.html).<\/p>\n<h4>Uso del modulo di contatto<\/h4>\n<p>In caso di presa di contatto volontaria tramite l\u2019apposito modulo i vostri dati di contatto vengono archiviati in una banca dati separata non collegata con i logfile anonimi.<\/p>\n<h4>Plug-in ed estensioni<\/h4>\n<p>Il sito web pu\u00f2 utilizzare plug-in. Si tratta in particolare di plug-in dei seguenti servizi:<\/p>\n<ul>\n<li>Cookiebot: gestito da Cybot A\/S, Havnegade 39, 1058 Kopenhagen, Denmark<\/li>\n<li>WordPress: betrieben von Automattic Inc., 60 29th Street #343, San Francisco, CA 94110, United States<\/li>\n<li>Google Tag Manager: gestito da Google Inc., 1600 Amphitheatre Parkway, Mountain View, CA 94043, United States<\/li>\n<\/ul><div><br><\/div>\n<p>I plug-in sono contrassegnati da un logo corrispondente. Se all\u2019interno di <a href=\"https:\/\/ethrat.ch\/\">ethrat.ch<\/a>&nbsp;aprite una pagina che contiene un plug-in di questo tipo, il vostro browser stabilisce una connessione diretta con i server del fornitore del servizio (\u201cservices\u201d). Il contenuto del plug-in viene trasmesso dai services direttamente al vostro browser e integrato da quest\u2019ultimo nel sito web. Se avete effettuato il login ai services, questi possono associare la visita al vostro account utente. Se interagite con i plug-in, ad esempio premendo il pulsante \u00abMi piace\u00bb, l\u2019informazione corrispondente viene trasmessa direttamente dal vostro browser al fornitore del servizio e ivi registrata. Scopo e portata della raccolta dei dati e l\u2019ulteriore trattamento e utilizzo degli stessi da parte dei fornitori di servizi, nonch\u00e9 i vostri corrispondenti diritti e le possibili impostazioni per la tutela della vostra privacy, possono essere consultati nell\u2019informativa sulla privacy del rispettivo fornitore del servizio. Se non desiderate che i services raccolgano dati che vi riguardano tramite questo sito Internet, dovete effettuare il logout dai services prima di visitare questo sito web.<\/p>\n<h4>Sicurezza<\/h4>\n<p>In caso di trasmissione di dati al Consiglio dei PF (ad esempio mediante un apposito modulo di contatto), non \u00e8 possibile assicurare che l\u2019operazione avvenga con la dovuta riservatezza e affidabilit\u00e0. Inoltre, il Consiglio dei PF risponde di norma a simili prese di contatto per via elettronica, e neppure in questo caso \u00e8 possibile garantire la riservatezza e l\u2019integrit\u00e0 dei dati trasmessi. Si sconsiglia pertanto di trasmettere dati sensibili (ad esempio riservati) per via elettronica. Una deroga a quanto sopraesposto vale esclusivamente per le offerte via Internet, per le quali si rimanda espressamente a una trasmissione sicura dei dati. In questo caso, vengono solitamente illustrate le specifiche misure di sicurezza (ad esempio tramite https o l\u2019icona raffigurante una chiave o un lucchetto).<\/p>\n<h4>Diritti d\u2019autore<\/h4>\n<p>Diritti d\u2019autore: Consiglio dei PF. Le informazioni contenute nel sito web del Consiglio dei PF&nbsp;<a href=\"https:\/\/ethrat.ch\/\">www.ethrat.ch<\/a>&nbsp;sono messe a disposizione del pubblico. Lo scaricamento o la copia di testi, immagini, fotografie e altri file non implicano il trasferimento dei diritti sui contenuti. I diritti d\u2019autore e tutti gli altri diritti vincolati ai testi, alle immagini, alle fotografie e agli altri file pubblicati sul sito web del Consiglio dei PF <a href=\"https:\/\/ethrat.ch\/\">ethrat.ch<\/a>&nbsp;sono di sua propriet\u00e0 esclusiva o dei suoi detentori espressamente menzionati. Ogni riproduzione \u00e8 subordinata alla previa autorizzazione scritta del detentore dei diritti.<\/p>\t\t\t\t\t\t\t\t<\/div>\n\t\t\t\t<\/div>\n\t\t\t\t\t<\/div>\n\t\t<\/div>\n\t\t\t\t\t<\/div>\n\t\t<\/section>\n\t\t\t\t<\/div>\n\t\t","protected":false},"excerpt":{"rendered":"<p>Responsabilit\u00e0 Nonostante si presti grande attenzione all\u2019esattezza delle informazioni pubblicate su questo sito, il Consiglio dei PF declina ogni responsabilit\u00e0 per la fedelt\u00e0, l\u2019esattezza, l\u2019attualit\u00e0, l\u2019affidabilit\u00e0 e la completezza di tali informazioni. Il Consiglio dei PF si riserva esplicitamente il diritto in qualsiasi momento di modificare parzialmente o completamente il contenuto del sito, di cancellarlo &#8230;<\/p>\n","protected":false},"author":20,"featured_media":0,"parent":0,"menu_order":0,"comment_status":"closed","ping_status":"closed","template":"","meta":{"_acf_changed":false,"footnotes":"","_links_to":"","_links_to_target":""},"search-tag":[],"class_list":["post-21462","page","type-page","status-publish","hentry"],"acf":[],"yoast_head":"<!-- This site is optimized with the Yoast SEO plugin v27.3 - https:\/\/yoast.com\/product\/yoast-seo-wordpress\/ -->\n<title>Aspetti legali - Consiglio dei PF<\/title>\n<meta name=\"robots\" content=\"index, follow, max-snippet:-1, max-image-preview:large, max-video-preview:-1\" \/>\n<link rel=\"canonical\" href=\"https:\/\/ethrat.ch\/it\/aspetti-legali\/\" \/>\n<meta property=\"og:locale\" content=\"it_IT\" \/>\n<meta property=\"og:type\" content=\"article\" \/>\n<meta property=\"og:title\" content=\"Aspetti legali - Consiglio dei PF\" \/>\n<meta property=\"og:description\" content=\"Responsabilit\u00e0 Nonostante si presti grande attenzione all\u2019esattezza delle informazioni pubblicate su questo sito, il Consiglio dei PF declina ogni responsabilit\u00e0 per la fedelt\u00e0, l\u2019esattezza, l\u2019attualit\u00e0, l\u2019affidabilit\u00e0 e la completezza di tali informazioni. Il Consiglio dei PF si riserva esplicitamente il diritto in qualsiasi momento di modificare parzialmente o completamente il contenuto del sito, di cancellarlo ...\" \/>\n<meta property=\"og:url\" content=\"https:\/\/ethrat.ch\/it\/aspetti-legali\/\" \/>\n<meta property=\"og:site_name\" content=\"Consiglio dei PF\" \/>\n<meta property=\"article:modified_time\" content=\"2024-04-26T07:00:24+00:00\" \/>\n<meta name=\"twitter:card\" content=\"summary_large_image\" \/>\n<meta name=\"twitter:site\" content=\"@eth_rat\" \/>\n<meta name=\"twitter:label1\" content=\"Tempo di lettura stimato\" \/>\n\t<meta name=\"twitter:data1\" content=\"8 minuti\" \/>\n<script type=\"application\/ld+json\" class=\"yoast-schema-graph\">{\"@context\":\"https:\\\/\\\/schema.org\",\"@graph\":[{\"@type\":\"WebPage\",\"@id\":\"https:\\\/\\\/ethrat.ch\\\/it\\\/aspetti-legali\\\/\",\"url\":\"https:\\\/\\\/ethrat.ch\\\/it\\\/aspetti-legali\\\/\",\"name\":\"Aspetti legali - Consiglio dei PF\",\"isPartOf\":{\"@id\":\"https:\\\/\\\/ethrat.ch\\\/de\\\/#website\"},\"datePublished\":\"2021-11-13T10:10:29+00:00\",\"dateModified\":\"2024-04-26T07:00:24+00:00\",\"breadcrumb\":{\"@id\":\"https:\\\/\\\/ethrat.ch\\\/it\\\/aspetti-legali\\\/#breadcrumb\"},\"inLanguage\":\"it-IT\",\"potentialAction\":[{\"@type\":\"ReadAction\",\"target\":[\"https:\\\/\\\/ethrat.ch\\\/it\\\/aspetti-legali\\\/\"]}]},{\"@type\":\"BreadcrumbList\",\"@id\":\"https:\\\/\\\/ethrat.ch\\\/it\\\/aspetti-legali\\\/#breadcrumb\",\"itemListElement\":[{\"@type\":\"ListItem\",\"position\":1,\"name\":\"Home\",\"item\":\"https:\\\/\\\/ethrat.ch\\\/it\\\/\"},{\"@type\":\"ListItem\",\"position\":2,\"name\":\"Aspetti legali\"}]},{\"@type\":\"WebSite\",\"@id\":\"https:\\\/\\\/ethrat.ch\\\/de\\\/#website\",\"url\":\"https:\\\/\\\/ethrat.ch\\\/de\\\/\",\"name\":\"ETH-Rat\",\"description\":\"\",\"publisher\":{\"@id\":\"https:\\\/\\\/ethrat.ch\\\/de\\\/#organization\"},\"potentialAction\":[{\"@type\":\"SearchAction\",\"target\":{\"@type\":\"EntryPoint\",\"urlTemplate\":\"https:\\\/\\\/ethrat.ch\\\/de\\\/?s={search_term_string}\"},\"query-input\":{\"@type\":\"PropertyValueSpecification\",\"valueRequired\":true,\"valueName\":\"search_term_string\"}}],\"inLanguage\":\"it-IT\"},{\"@type\":\"Organization\",\"@id\":\"https:\\\/\\\/ethrat.ch\\\/de\\\/#organization\",\"name\":\"ETH-Rat\",\"url\":\"https:\\\/\\\/ethrat.ch\\\/de\\\/\",\"logo\":{\"@type\":\"ImageObject\",\"inLanguage\":\"it-IT\",\"@id\":\"https:\\\/\\\/ethrat.ch\\\/de\\\/#\\\/schema\\\/logo\\\/image\\\/\",\"url\":\"https:\\\/\\\/ethrat.ch\\\/wp-content\\\/uploads\\\/2024\\\/04\\\/logo-white.svg\",\"contentUrl\":\"https:\\\/\\\/ethrat.ch\\\/wp-content\\\/uploads\\\/2024\\\/04\\\/logo-white.svg\",\"width\":283,\"height\":81,\"caption\":\"ETH-Rat\"},\"image\":{\"@id\":\"https:\\\/\\\/ethrat.ch\\\/de\\\/#\\\/schema\\\/logo\\\/image\\\/\"},\"sameAs\":[\"https:\\\/\\\/x.com\\\/eth_rat\",\"https:\\\/\\\/issuu.com\\\/ethrat\",\"https:\\\/\\\/www.linkedin.com\\\/company\\\/eth-rat\\\/\"]}]}<\/script>\n<!-- \/ Yoast SEO plugin. -->","yoast_head_json":{"title":"Aspetti legali - Consiglio dei PF","robots":{"index":"index","follow":"follow","max-snippet":"max-snippet:-1","max-image-preview":"max-image-preview:large","max-video-preview":"max-video-preview:-1"},"canonical":"https:\/\/ethrat.ch\/it\/aspetti-legali\/","og_locale":"it_IT","og_type":"article","og_title":"Aspetti legali - Consiglio dei PF","og_description":"Responsabilit\u00e0 Nonostante si presti grande attenzione all\u2019esattezza delle informazioni pubblicate su questo sito, il Consiglio dei PF declina ogni responsabilit\u00e0 per la fedelt\u00e0, l\u2019esattezza, l\u2019attualit\u00e0, l\u2019affidabilit\u00e0 e la completezza di tali informazioni. Il Consiglio dei PF si riserva esplicitamente il diritto in qualsiasi momento di modificare parzialmente o completamente il contenuto del sito, di cancellarlo ...","og_url":"https:\/\/ethrat.ch\/it\/aspetti-legali\/","og_site_name":"Consiglio dei PF","article_modified_time":"2024-04-26T07:00:24+00:00","twitter_card":"summary_large_image","twitter_site":"@eth_rat","twitter_misc":{"Tempo di lettura stimato":"8 minuti"},"schema":{"@context":"https:\/\/schema.org","@graph":[{"@type":"WebPage","@id":"https:\/\/ethrat.ch\/it\/aspetti-legali\/","url":"https:\/\/ethrat.ch\/it\/aspetti-legali\/","name":"Aspetti legali - Consiglio dei PF","isPartOf":{"@id":"https:\/\/ethrat.ch\/de\/#website"},"datePublished":"2021-11-13T10:10:29+00:00","dateModified":"2024-04-26T07:00:24+00:00","breadcrumb":{"@id":"https:\/\/ethrat.ch\/it\/aspetti-legali\/#breadcrumb"},"inLanguage":"it-IT","potentialAction":[{"@type":"ReadAction","target":["https:\/\/ethrat.ch\/it\/aspetti-legali\/"]}]},{"@type":"BreadcrumbList","@id":"https:\/\/ethrat.ch\/it\/aspetti-legali\/#breadcrumb","itemListElement":[{"@type":"ListItem","position":1,"name":"Home","item":"https:\/\/ethrat.ch\/it\/"},{"@type":"ListItem","position":2,"name":"Aspetti legali"}]},{"@type":"WebSite","@id":"https:\/\/ethrat.ch\/de\/#website","url":"https:\/\/ethrat.ch\/de\/","name":"ETH-Rat","description":"","publisher":{"@id":"https:\/\/ethrat.ch\/de\/#organization"},"potentialAction":[{"@type":"SearchAction","target":{"@type":"EntryPoint","urlTemplate":"https:\/\/ethrat.ch\/de\/?s={search_term_string}"},"query-input":{"@type":"PropertyValueSpecification","valueRequired":true,"valueName":"search_term_string"}}],"inLanguage":"it-IT"},{"@type":"Organization","@id":"https:\/\/ethrat.ch\/de\/#organization","name":"ETH-Rat","url":"https:\/\/ethrat.ch\/de\/","logo":{"@type":"ImageObject","inLanguage":"it-IT","@id":"https:\/\/ethrat.ch\/de\/#\/schema\/logo\/image\/","url":"https:\/\/ethrat.ch\/wp-content\/uploads\/2024\/04\/logo-white.svg","contentUrl":"https:\/\/ethrat.ch\/wp-content\/uploads\/2024\/04\/logo-white.svg","width":283,"height":81,"caption":"ETH-Rat"},"image":{"@id":"https:\/\/ethrat.ch\/de\/#\/schema\/logo\/image\/"},"sameAs":["https:\/\/x.com\/eth_rat","https:\/\/issuu.com\/ethrat","https:\/\/www.linkedin.com\/company\/eth-rat\/"]}]}},"_links":{"self":[{"href":"https:\/\/ethrat.ch\/it\/wp-json\/wp\/v2\/pages\/21462","targetHints":{"allow":["GET"]}}],"collection":[{"href":"https:\/\/ethrat.ch\/it\/wp-json\/wp\/v2\/pages"}],"about":[{"href":"https:\/\/ethrat.ch\/it\/wp-json\/wp\/v2\/types\/page"}],"author":[{"embeddable":true,"href":"https:\/\/ethrat.ch\/it\/wp-json\/wp\/v2\/users\/20"}],"replies":[{"embeddable":true,"href":"https:\/\/ethrat.ch\/it\/wp-json\/wp\/v2\/comments?post=21462"}],"version-history":[{"count":0,"href":"https:\/\/ethrat.ch\/it\/wp-json\/wp\/v2\/pages\/21462\/revisions"}],"wp:attachment":[{"href":"https:\/\/ethrat.ch\/it\/wp-json\/wp\/v2\/media?parent=21462"}],"wp:term":[{"taxonomy":"search-tag","embeddable":true,"href":"https:\/\/ethrat.ch\/it\/wp-json\/wp\/v2\/search-tag?post=21462"}],"curies":[{"name":"wp","href":"https:\/\/api.w.org\/{rel}","templated":true}]}}