{"id":59018,"date":"2026-03-26T20:41:53","date_gmt":"2026-03-26T19:41:53","guid":{"rendered":"https:\/\/ethrat.ch\/faits-chiffres-2025\/"},"modified":"2026-03-26T20:47:26","modified_gmt":"2026-03-26T19:47:26","slug":"faits-chiffres-2025","status":"publish","type":"page","link":"https:\/\/ethrat.ch\/fr\/faits-chiffres-2025\/","title":{"rendered":"Faits &#038; Chiffres 2025"},"content":{"rendered":"\t\t<div data-elementor-type=\"wp-page\" data-elementor-id=\"59018\" class=\"elementor elementor-59018 elementor-58560\" data-elementor-post-type=\"page\">\n\t\t\t\t\t\t<section class=\"elementor-section elementor-top-section elementor-element elementor-element-d0e7a9d elementor-section-boxed elementor-section-height-default elementor-section-height-default\" data-id=\"d0e7a9d\" data-element_type=\"section\" data-e-type=\"section\">\n\t\t\t\t\t\t<div class=\"elementor-container elementor-column-gap-default\">\n\t\t\t\t\t<div class=\"elementor-column elementor-col-100 elementor-top-column elementor-element elementor-element-7b9be7a\" data-id=\"7b9be7a\" data-element_type=\"column\" data-e-type=\"column\">\n\t\t\t<div class=\"elementor-widget-wrap elementor-element-populated\">\n\t\t\t\t\t\t<div class=\"elementor-element elementor-element-aaa94ea elementor-widget elementor-widget-image\" data-id=\"aaa94ea\" data-element_type=\"widget\" data-e-type=\"widget\" data-widget_type=\"image.default\">\n\t\t\t\t<div class=\"elementor-widget-container\">\n\t\t\t\t\t\t\t\t\t\t\t\t\t\t\t<img decoding=\"async\" width=\"1920\" height=\"1080\" src=\"https:\/\/ethrat.ch\/wp-content\/uploads\/2026\/03\/FACTS-FIGURES-2025.png\" class=\"attachment-full size-full wp-image-58577\" alt=\"\" srcset=\"https:\/\/ethrat.ch\/wp-content\/uploads\/2026\/03\/FACTS-FIGURES-2025.png 1920w, https:\/\/ethrat.ch\/wp-content\/uploads\/2026\/03\/FACTS-FIGURES-2025-300x169.png 300w, https:\/\/ethrat.ch\/wp-content\/uploads\/2026\/03\/FACTS-FIGURES-2025-1024x576.png 1024w, https:\/\/ethrat.ch\/wp-content\/uploads\/2026\/03\/FACTS-FIGURES-2025-768x432.png 768w, https:\/\/ethrat.ch\/wp-content\/uploads\/2026\/03\/FACTS-FIGURES-2025-1536x864.png 1536w\" sizes=\"(max-width: 1920px) 100vw, 1920px\" \/>\t\t\t\t\t\t\t\t\t\t\t\t\t\t\t<\/div>\n\t\t\t\t<\/div>\n\t\t\t\t\t<\/div>\n\t\t<\/div>\n\t\t\t\t\t<\/div>\n\t\t<\/section>\n\t\t\t\t<section class=\"elementor-section elementor-top-section elementor-element elementor-element-755e8ff elementor-section-boxed elementor-section-height-default elementor-section-height-default\" data-id=\"755e8ff\" data-element_type=\"section\" data-e-type=\"section\">\n\t\t\t\t\t\t<div class=\"elementor-container elementor-column-gap-default\">\n\t\t\t\t\t<div class=\"elementor-column elementor-col-100 elementor-top-column elementor-element elementor-element-af0a592\" data-id=\"af0a592\" data-element_type=\"column\" data-e-type=\"column\">\n\t\t\t<div class=\"elementor-widget-wrap elementor-element-populated\">\n\t\t\t\t\t\t<div class=\"elementor-element elementor-element-1e9177e elementor-widget elementor-widget-text-editor\" data-id=\"1e9177e\" data-element_type=\"widget\" data-e-type=\"widget\" data-widget_type=\"text-editor.default\">\n\t\t\t\t<div class=\"elementor-widget-container\">\n\t\t\t\t\t\t\t\t\t<h1>Domaine des EPF\u00a0<span class=\"mw-page-title-main\">\u01c0 <\/span>Faits &amp; Chiffres 2025<\/h1>\n\t\t\t\t\t\t\t\t<\/div>\n\t\t\t\t<\/div>\n\t\t\t\t\t<\/div>\n\t\t<\/div>\n\t\t\t\t\t<\/div>\n\t\t<\/section>\n\t\t\t\t<section class=\"elementor-section elementor-top-section elementor-element elementor-element-a219a1a elementor-section-boxed elementor-section-height-default elementor-section-height-default\" data-id=\"a219a1a\" data-element_type=\"section\" data-e-type=\"section\">\n\t\t\t\t\t\t<div class=\"elementor-container elementor-column-gap-default\">\n\t\t\t\t\t<div class=\"elementor-column elementor-col-100 elementor-top-column elementor-element elementor-element-0ede92e\" data-id=\"0ede92e\" data-element_type=\"column\" data-e-type=\"column\">\n\t\t\t<div class=\"elementor-widget-wrap\">\n\t\t\t\t\t\t\t<\/div>\n\t\t<\/div>\n\t\t\t\t\t<\/div>\n\t\t<\/section>\n\t\t\t\t<section class=\"elementor-section elementor-top-section elementor-element elementor-element-aa85eab elementor-section-boxed elementor-section-height-default elementor-section-height-default\" data-id=\"aa85eab\" data-element_type=\"section\" data-e-type=\"section\">\n\t\t\t\t\t\t<div class=\"elementor-container elementor-column-gap-default\">\n\t\t\t\t\t<div class=\"elementor-column elementor-col-100 elementor-top-column elementor-element elementor-element-c8e0c22\" data-id=\"c8e0c22\" data-element_type=\"column\" data-e-type=\"column\">\n\t\t\t<div class=\"elementor-widget-wrap elementor-element-populated\">\n\t\t\t\t\t\t<div class=\"elementor-element elementor-element-19ba69b elementor-blockquote--skin-quotation elementor-blockquote--align-center elementor-widget elementor-widget-blockquote\" data-id=\"19ba69b\" data-element_type=\"widget\" data-e-type=\"widget\" data-widget_type=\"blockquote.default\">\n\t\t\t\t<div class=\"elementor-widget-container\">\n\t\t\t\t\t\t\t<blockquote class=\"elementor-blockquote\">\n\t\t\t<p class=\"elementor-blockquote__content\">\n\t\t\t\t\u00abDie konstanten Spitzenpl\u00e4tze der ETH Z\u00fcrich und der EPFL in internationalen Hochschulrankings sind kein Zufall: Sie spiegeln die aussergew\u00f6hnliche Qualit\u00e4t von Forschung, Lehre und Innovationskraft wider, die beide Institutionen im globalen Wettbewerb auszeichnet.\u00bb\t\t\t<\/p>\n\t\t\t\t\t\t\t<div class=\"e-q-footer\">\n\t\t\t\t\t\t\t\t\t\t\t<cite class=\"elementor-blockquote__author\">\u2014 Michael H. Hengartner, Pr\u00e4sident ETH-Rat <\/cite>\n\t\t\t\t\t\t\t\t\t\t\t\t\t\t<\/div>\n\t\t\t\t\t<\/blockquote>\n\t\t\t\t\t\t<\/div>\n\t\t\t\t<\/div>\n\t\t\t\t<div class=\"elementor-element elementor-element-e8c56b5 elementor-widget elementor-widget-spacer\" data-id=\"e8c56b5\" data-element_type=\"widget\" data-e-type=\"widget\" data-widget_type=\"spacer.default\">\n\t\t\t\t<div class=\"elementor-widget-container\">\n\t\t\t\t\t\t\t<div class=\"elementor-spacer\">\n\t\t\t<div class=\"elementor-spacer-inner\"><\/div>\n\t\t<\/div>\n\t\t\t\t\t\t<\/div>\n\t\t\t\t<\/div>\n\t\t\t\t\t<\/div>\n\t\t<\/div>\n\t\t\t\t\t<\/div>\n\t\t<\/section>\n\t\t\t\t<section class=\"elementor-section elementor-top-section elementor-element elementor-element-88f4ea6 elementor-section-boxed elementor-section-height-default elementor-section-height-default\" data-id=\"88f4ea6\" data-element_type=\"section\" data-e-type=\"section\">\n\t\t\t\t\t\t<div class=\"elementor-container elementor-column-gap-default\">\n\t\t\t\t\t<div class=\"elementor-column elementor-col-100 elementor-top-column elementor-element elementor-element-8aa5b92\" data-id=\"8aa5b92\" data-element_type=\"column\" data-e-type=\"column\">\n\t\t\t<div class=\"elementor-widget-wrap elementor-element-populated\">\n\t\t\t\t\t\t<div class=\"elementor-element elementor-element-7227ef7 elementor-widget elementor-widget-shortcode\" data-id=\"7227ef7\" data-element_type=\"widget\" data-e-type=\"widget\" data-widget_type=\"shortcode.default\">\n\t\t\t\t<div class=\"elementor-widget-container\">\n\t\t\t\t\t\t\t<div class=\"elementor-shortcode\"><div class=\"_df_book df-lite\" id=\"df_59010\"  _slug=\"gb2025-factsfigures-fr\" data-title=\"gb2025-factsfigures-fr\" wpoptions=\"true\" thumbtype=\"\" ><\/div><script class=\"df-shortcode-script\" nowprocket type=\"application\/javascript\">window.option_df_59010 = {\"outline\":[],\"autoEnableOutline\":\"false\",\"autoEnableThumbnail\":\"false\",\"overwritePDFOutline\":\"false\",\"direction\":\"1\",\"pageSize\":\"0\",\"source\":\"https:\\\/\\\/ethrat.ch\\\/wp-content\\\/uploads\\\/2026\\\/03\\\/FactsFigures-2025_FR.pdf\",\"wpOptions\":\"true\"}; if(window.DFLIP && window.DFLIP.parseBooks){window.DFLIP.parseBooks();}<\/script><\/div>\n\t\t\t\t\t\t<\/div>\n\t\t\t\t<\/div>\n\t\t\t\t\t<\/div>\n\t\t<\/div>\n\t\t\t\t\t<\/div>\n\t\t<\/section>\n\t\t\t\t<section class=\"elementor-section elementor-top-section elementor-element elementor-element-69288c8 elementor-section-boxed elementor-section-height-default elementor-section-height-default\" data-id=\"69288c8\" data-element_type=\"section\" data-e-type=\"section\">\n\t\t\t\t\t\t<div class=\"elementor-container elementor-column-gap-default\">\n\t\t\t\t\t<div class=\"elementor-column elementor-col-100 elementor-top-column elementor-element elementor-element-6174ede\" data-id=\"6174ede\" data-element_type=\"column\" data-e-type=\"column\">\n\t\t\t<div class=\"elementor-widget-wrap elementor-element-populated\">\n\t\t\t\t\t\t<div class=\"elementor-element elementor-element-1ba0e0c elementor-widget elementor-widget-spacer\" data-id=\"1ba0e0c\" data-element_type=\"widget\" data-e-type=\"widget\" data-widget_type=\"spacer.default\">\n\t\t\t\t<div class=\"elementor-widget-container\">\n\t\t\t\t\t\t\t<div class=\"elementor-spacer\">\n\t\t\t<div class=\"elementor-spacer-inner\"><\/div>\n\t\t<\/div>\n\t\t\t\t\t\t<\/div>\n\t\t\t\t<\/div>\n\t\t\t\t\t<\/div>\n\t\t<\/div>\n\t\t\t\t\t<\/div>\n\t\t<\/section>\n\t\t\t\t<\/div>\n\t\t","protected":false},"excerpt":{"rendered":"<p>Domaine des EPF\u00a0\u01c0 Faits &amp; Chiffres 2025 \u00abDie konstanten Spitzenpl\u00e4tze der ETH Z\u00fcrich und der EPFL in internationalen Hochschulrankings sind kein Zufall: Sie spiegeln die aussergew\u00f6hnliche Qualit\u00e4t von Forschung, Lehre und Innovationskraft wider, die beide Institutionen im globalen Wettbewerb auszeichnet.\u00bb \u2014 Michael H. Hengartner, Pr\u00e4sident ETH-Rat<\/p>\n","protected":false},"author":26,"featured_media":0,"parent":0,"menu_order":0,"comment_status":"closed","ping_status":"closed","template":"","meta":{"_acf_changed":false,"footnotes":"","_links_to":"","_links_to_target":""},"search-tag":[],"class_list":["post-59018","page","type-page","status-publish","hentry"],"acf":[],"yoast_head":"<!-- This site is optimized with the Yoast SEO plugin v27.3 - https:\/\/yoast.com\/product\/yoast-seo-wordpress\/ -->\n<title>Faits &amp; Chiffres 2025 - Conseil des EPF<\/title>\n<meta name=\"robots\" content=\"index, follow, max-snippet:-1, max-image-preview:large, max-video-preview:-1\" \/>\n<link rel=\"canonical\" href=\"https:\/\/ethrat.ch\/fr\/faits-chiffres-2025\/\" \/>\n<meta property=\"og:locale\" content=\"fr_FR\" \/>\n<meta property=\"og:type\" content=\"article\" \/>\n<meta property=\"og:title\" content=\"Faits &amp; Chiffres 2025 - Conseil des EPF\" \/>\n<meta property=\"og:description\" content=\"Domaine des EPF\u00a0\u01c0 Faits &amp; Chiffres 2025 \u00abDie konstanten Spitzenpl\u00e4tze der ETH Z\u00fcrich und der EPFL in internationalen Hochschulrankings sind kein Zufall: Sie spiegeln die aussergew\u00f6hnliche Qualit\u00e4t von Forschung, Lehre und Innovationskraft wider, die beide Institutionen im globalen Wettbewerb auszeichnet.\u00bb \u2014 Michael H. Hengartner, Pr\u00e4sident ETH-Rat\" \/>\n<meta property=\"og:url\" content=\"https:\/\/ethrat.ch\/fr\/faits-chiffres-2025\/\" \/>\n<meta property=\"og:site_name\" content=\"Conseil des EPF\" \/>\n<meta property=\"article:modified_time\" content=\"2026-03-26T19:47:26+00:00\" \/>\n<meta property=\"og:image\" content=\"https:\/\/ethrat.ch\/wp-content\/uploads\/2026\/03\/FACTS-FIGURES-2025.png\" \/>\n<meta name=\"twitter:card\" content=\"summary_large_image\" \/>\n<meta name=\"twitter:site\" content=\"@eth_rat\" \/>\n<script type=\"application\/ld+json\" class=\"yoast-schema-graph\">{\"@context\":\"https:\\\/\\\/schema.org\",\"@graph\":[{\"@type\":\"WebPage\",\"@id\":\"https:\\\/\\\/ethrat.ch\\\/fr\\\/faits-chiffres-2025\\\/\",\"url\":\"https:\\\/\\\/ethrat.ch\\\/fr\\\/faits-chiffres-2025\\\/\",\"name\":\"Faits & Chiffres 2025 - Conseil des EPF\",\"isPartOf\":{\"@id\":\"https:\\\/\\\/ethrat.ch\\\/de\\\/#website\"},\"primaryImageOfPage\":{\"@id\":\"https:\\\/\\\/ethrat.ch\\\/fr\\\/faits-chiffres-2025\\\/#primaryimage\"},\"image\":{\"@id\":\"https:\\\/\\\/ethrat.ch\\\/fr\\\/faits-chiffres-2025\\\/#primaryimage\"},\"thumbnailUrl\":\"https:\\\/\\\/ethrat.ch\\\/wp-content\\\/uploads\\\/2026\\\/03\\\/FACTS-FIGURES-2025.png\",\"datePublished\":\"2026-03-26T19:41:53+00:00\",\"dateModified\":\"2026-03-26T19:47:26+00:00\",\"breadcrumb\":{\"@id\":\"https:\\\/\\\/ethrat.ch\\\/fr\\\/faits-chiffres-2025\\\/#breadcrumb\"},\"inLanguage\":\"fr-FR\",\"potentialAction\":[{\"@type\":\"ReadAction\",\"target\":[\"https:\\\/\\\/ethrat.ch\\\/fr\\\/faits-chiffres-2025\\\/\"]}]},{\"@type\":\"ImageObject\",\"inLanguage\":\"fr-FR\",\"@id\":\"https:\\\/\\\/ethrat.ch\\\/fr\\\/faits-chiffres-2025\\\/#primaryimage\",\"url\":\"https:\\\/\\\/ethrat.ch\\\/wp-content\\\/uploads\\\/2026\\\/03\\\/FACTS-FIGURES-2025.png\",\"contentUrl\":\"https:\\\/\\\/ethrat.ch\\\/wp-content\\\/uploads\\\/2026\\\/03\\\/FACTS-FIGURES-2025.png\"},{\"@type\":\"BreadcrumbList\",\"@id\":\"https:\\\/\\\/ethrat.ch\\\/fr\\\/faits-chiffres-2025\\\/#breadcrumb\",\"itemListElement\":[{\"@type\":\"ListItem\",\"position\":1,\"name\":\"Home\",\"item\":\"https:\\\/\\\/ethrat.ch\\\/fr\\\/\"},{\"@type\":\"ListItem\",\"position\":2,\"name\":\"Faits &#038; Chiffres 2025\"}]},{\"@type\":\"WebSite\",\"@id\":\"https:\\\/\\\/ethrat.ch\\\/de\\\/#website\",\"url\":\"https:\\\/\\\/ethrat.ch\\\/de\\\/\",\"name\":\"ETH-Rat\",\"description\":\"\",\"publisher\":{\"@id\":\"https:\\\/\\\/ethrat.ch\\\/de\\\/#organization\"},\"potentialAction\":[{\"@type\":\"SearchAction\",\"target\":{\"@type\":\"EntryPoint\",\"urlTemplate\":\"https:\\\/\\\/ethrat.ch\\\/de\\\/?s={search_term_string}\"},\"query-input\":{\"@type\":\"PropertyValueSpecification\",\"valueRequired\":true,\"valueName\":\"search_term_string\"}}],\"inLanguage\":\"fr-FR\"},{\"@type\":\"Organization\",\"@id\":\"https:\\\/\\\/ethrat.ch\\\/de\\\/#organization\",\"name\":\"ETH-Rat\",\"url\":\"https:\\\/\\\/ethrat.ch\\\/de\\\/\",\"logo\":{\"@type\":\"ImageObject\",\"inLanguage\":\"fr-FR\",\"@id\":\"https:\\\/\\\/ethrat.ch\\\/de\\\/#\\\/schema\\\/logo\\\/image\\\/\",\"url\":\"https:\\\/\\\/ethrat.ch\\\/wp-content\\\/uploads\\\/2024\\\/04\\\/logo-white.svg\",\"contentUrl\":\"https:\\\/\\\/ethrat.ch\\\/wp-content\\\/uploads\\\/2024\\\/04\\\/logo-white.svg\",\"width\":283,\"height\":81,\"caption\":\"ETH-Rat\"},\"image\":{\"@id\":\"https:\\\/\\\/ethrat.ch\\\/de\\\/#\\\/schema\\\/logo\\\/image\\\/\"},\"sameAs\":[\"https:\\\/\\\/x.com\\\/eth_rat\",\"https:\\\/\\\/issuu.com\\\/ethrat\",\"https:\\\/\\\/www.linkedin.com\\\/company\\\/eth-rat\\\/\"]}]}<\/script>\n<!-- \/ Yoast SEO plugin. -->","yoast_head_json":{"title":"Faits & Chiffres 2025 - Conseil des EPF","robots":{"index":"index","follow":"follow","max-snippet":"max-snippet:-1","max-image-preview":"max-image-preview:large","max-video-preview":"max-video-preview:-1"},"canonical":"https:\/\/ethrat.ch\/fr\/faits-chiffres-2025\/","og_locale":"fr_FR","og_type":"article","og_title":"Faits & Chiffres 2025 - Conseil des EPF","og_description":"Domaine des EPF\u00a0\u01c0 Faits &amp; Chiffres 2025 \u00abDie konstanten Spitzenpl\u00e4tze der ETH Z\u00fcrich und der EPFL in internationalen Hochschulrankings sind kein Zufall: Sie spiegeln die aussergew\u00f6hnliche Qualit\u00e4t von Forschung, Lehre und Innovationskraft wider, die beide Institutionen im globalen Wettbewerb auszeichnet.\u00bb \u2014 Michael H. Hengartner, Pr\u00e4sident ETH-Rat","og_url":"https:\/\/ethrat.ch\/fr\/faits-chiffres-2025\/","og_site_name":"Conseil des EPF","article_modified_time":"2026-03-26T19:47:26+00:00","og_image":[{"url":"https:\/\/ethrat.ch\/wp-content\/uploads\/2026\/03\/FACTS-FIGURES-2025.png","type":"","width":"","height":""}],"twitter_card":"summary_large_image","twitter_site":"@eth_rat","schema":{"@context":"https:\/\/schema.org","@graph":[{"@type":"WebPage","@id":"https:\/\/ethrat.ch\/fr\/faits-chiffres-2025\/","url":"https:\/\/ethrat.ch\/fr\/faits-chiffres-2025\/","name":"Faits & Chiffres 2025 - Conseil des EPF","isPartOf":{"@id":"https:\/\/ethrat.ch\/de\/#website"},"primaryImageOfPage":{"@id":"https:\/\/ethrat.ch\/fr\/faits-chiffres-2025\/#primaryimage"},"image":{"@id":"https:\/\/ethrat.ch\/fr\/faits-chiffres-2025\/#primaryimage"},"thumbnailUrl":"https:\/\/ethrat.ch\/wp-content\/uploads\/2026\/03\/FACTS-FIGURES-2025.png","datePublished":"2026-03-26T19:41:53+00:00","dateModified":"2026-03-26T19:47:26+00:00","breadcrumb":{"@id":"https:\/\/ethrat.ch\/fr\/faits-chiffres-2025\/#breadcrumb"},"inLanguage":"fr-FR","potentialAction":[{"@type":"ReadAction","target":["https:\/\/ethrat.ch\/fr\/faits-chiffres-2025\/"]}]},{"@type":"ImageObject","inLanguage":"fr-FR","@id":"https:\/\/ethrat.ch\/fr\/faits-chiffres-2025\/#primaryimage","url":"https:\/\/ethrat.ch\/wp-content\/uploads\/2026\/03\/FACTS-FIGURES-2025.png","contentUrl":"https:\/\/ethrat.ch\/wp-content\/uploads\/2026\/03\/FACTS-FIGURES-2025.png"},{"@type":"BreadcrumbList","@id":"https:\/\/ethrat.ch\/fr\/faits-chiffres-2025\/#breadcrumb","itemListElement":[{"@type":"ListItem","position":1,"name":"Home","item":"https:\/\/ethrat.ch\/fr\/"},{"@type":"ListItem","position":2,"name":"Faits &#038; Chiffres 2025"}]},{"@type":"WebSite","@id":"https:\/\/ethrat.ch\/de\/#website","url":"https:\/\/ethrat.ch\/de\/","name":"ETH-Rat","description":"","publisher":{"@id":"https:\/\/ethrat.ch\/de\/#organization"},"potentialAction":[{"@type":"SearchAction","target":{"@type":"EntryPoint","urlTemplate":"https:\/\/ethrat.ch\/de\/?s={search_term_string}"},"query-input":{"@type":"PropertyValueSpecification","valueRequired":true,"valueName":"search_term_string"}}],"inLanguage":"fr-FR"},{"@type":"Organization","@id":"https:\/\/ethrat.ch\/de\/#organization","name":"ETH-Rat","url":"https:\/\/ethrat.ch\/de\/","logo":{"@type":"ImageObject","inLanguage":"fr-FR","@id":"https:\/\/ethrat.ch\/de\/#\/schema\/logo\/image\/","url":"https:\/\/ethrat.ch\/wp-content\/uploads\/2024\/04\/logo-white.svg","contentUrl":"https:\/\/ethrat.ch\/wp-content\/uploads\/2024\/04\/logo-white.svg","width":283,"height":81,"caption":"ETH-Rat"},"image":{"@id":"https:\/\/ethrat.ch\/de\/#\/schema\/logo\/image\/"},"sameAs":["https:\/\/x.com\/eth_rat","https:\/\/issuu.com\/ethrat","https:\/\/www.linkedin.com\/company\/eth-rat\/"]}]}},"_links":{"self":[{"href":"https:\/\/ethrat.ch\/fr\/wp-json\/wp\/v2\/pages\/59018","targetHints":{"allow":["GET"]}}],"collection":[{"href":"https:\/\/ethrat.ch\/fr\/wp-json\/wp\/v2\/pages"}],"about":[{"href":"https:\/\/ethrat.ch\/fr\/wp-json\/wp\/v2\/types\/page"}],"author":[{"embeddable":true,"href":"https:\/\/ethrat.ch\/fr\/wp-json\/wp\/v2\/users\/26"}],"replies":[{"embeddable":true,"href":"https:\/\/ethrat.ch\/fr\/wp-json\/wp\/v2\/comments?post=59018"}],"version-history":[{"count":4,"href":"https:\/\/ethrat.ch\/fr\/wp-json\/wp\/v2\/pages\/59018\/revisions"}],"predecessor-version":[{"id":59038,"href":"https:\/\/ethrat.ch\/fr\/wp-json\/wp\/v2\/pages\/59018\/revisions\/59038"}],"wp:attachment":[{"href":"https:\/\/ethrat.ch\/fr\/wp-json\/wp\/v2\/media?parent=59018"}],"wp:term":[{"taxonomy":"search-tag","embeddable":true,"href":"https:\/\/ethrat.ch\/fr\/wp-json\/wp\/v2\/search-tag?post=59018"}],"curies":[{"name":"wp","href":"https:\/\/api.w.org\/{rel}","templated":true}]}}