{"id":58980,"date":"2026-03-31T13:18:28","date_gmt":"2026-03-31T11:18:28","guid":{"rendered":"https:\/\/ethrat.ch\/?page_id=58980"},"modified":"2026-03-31T13:18:28","modified_gmt":"2026-03-31T11:18:28","slug":"sante-le-depistage-precoce-au-quotidien","status":"publish","type":"page","link":"https:\/\/ethrat.ch\/fr\/conseil-des-epf\/sante-le-depistage-precoce-au-quotidien\/","title":{"rendered":"Sant\u00e9: le d\u00e9pistage pr\u00e9coce au quotidien"},"content":{"rendered":"\t\t<div data-elementor-type=\"wp-page\" data-elementor-id=\"58980\" class=\"elementor elementor-58980 elementor-58015\" data-elementor-post-type=\"page\">\n\t\t\t\t\t\t<section class=\"elementor-section elementor-top-section elementor-element elementor-element-1f733a1f elementor-section-boxed elementor-section-height-default elementor-section-height-default\" data-id=\"1f733a1f\" data-element_type=\"section\" data-e-type=\"section\">\n\t\t\t\t\t\t<div class=\"elementor-container elementor-column-gap-default\">\n\t\t\t\t\t<div class=\"elementor-column elementor-col-100 elementor-top-column elementor-element elementor-element-58e7104f\" data-id=\"58e7104f\" data-element_type=\"column\" data-e-type=\"column\" data-settings=\"{&quot;background_background&quot;:&quot;classic&quot;}\">\n\t\t\t<div class=\"elementor-widget-wrap elementor-element-populated\">\n\t\t\t\t\t\t<div class=\"elementor-element elementor-element-63b57e3e elementor-widget elementor-widget-image\" data-id=\"63b57e3e\" data-element_type=\"widget\" data-e-type=\"widget\" data-widget_type=\"image.default\">\n\t\t\t\t<div class=\"elementor-widget-container\">\n\t\t\t\t\t\t\t\t\t\t\t\t<figure class=\"wp-caption\">\n\t\t\t\t\t\t\t\t\t\t<img decoding=\"async\" width=\"2560\" height=\"1279\" src=\"https:\/\/ethrat.ch\/wp-content\/uploads\/2026\/03\/image.imageformat.carousel.1008394391-scaled.jpg\" class=\"attachment-full size-full wp-image-58023\" alt=\"\" srcset=\"https:\/\/ethrat.ch\/wp-content\/uploads\/2026\/03\/image.imageformat.carousel.1008394391-scaled.jpg 2560w, https:\/\/ethrat.ch\/wp-content\/uploads\/2026\/03\/image.imageformat.carousel.1008394391-300x150.jpg 300w, https:\/\/ethrat.ch\/wp-content\/uploads\/2026\/03\/image.imageformat.carousel.1008394391-1024x512.jpg 1024w, https:\/\/ethrat.ch\/wp-content\/uploads\/2026\/03\/image.imageformat.carousel.1008394391-768x384.jpg 768w, https:\/\/ethrat.ch\/wp-content\/uploads\/2026\/03\/image.imageformat.carousel.1008394391-1536x767.jpg 1536w, https:\/\/ethrat.ch\/wp-content\/uploads\/2026\/03\/image.imageformat.carousel.1008394391-2048x1023.jpg 2048w\" sizes=\"(max-width: 2560px) 100vw, 2560px\" \/>\t\t\t\t\t\t\t\t\t\t\t<figcaption class=\"widget-image-caption wp-caption-text\">Image, g\u00e9n\u00e9r\u00e9 par l'IA: Lucas Dosnon etJosef Kuster\/ETH Zurich<\/figcaption>\n\t\t\t\t\t\t\t\t\t\t<\/figure>\n\t\t\t\t\t\t\t\t\t<\/div>\n\t\t\t\t<\/div>\n\t\t\t\t\t<\/div>\n\t\t<\/div>\n\t\t\t\t\t<\/div>\n\t\t<\/section>\n\t\t\t\t<section class=\"elementor-section elementor-top-section elementor-element elementor-element-4fad40ec elementor-section-boxed elementor-section-height-default elementor-section-height-default\" data-id=\"4fad40ec\" data-element_type=\"section\" data-e-type=\"section\">\n\t\t\t\t\t\t<div class=\"elementor-container elementor-column-gap-default\">\n\t\t\t\t\t<div class=\"elementor-column elementor-col-100 elementor-top-column elementor-element elementor-element-d3102ee\" data-id=\"d3102ee\" data-element_type=\"column\" data-e-type=\"column\">\n\t\t\t<div class=\"elementor-widget-wrap elementor-element-populated\">\n\t\t\t\t\t\t<div class=\"elementor-element elementor-element-23e8146f elementor-widget elementor-widget-heading\" data-id=\"23e8146f\" data-element_type=\"widget\" data-e-type=\"widget\" data-widget_type=\"heading.default\">\n\t\t\t\t<div class=\"elementor-widget-container\">\n\t\t\t\t\t<h1 class=\"elementor-heading-title elementor-size-default\">Sant\u00e9: le d\u00e9pistage pr\u00e9coce au quotidien<\/h1>\t\t\t\t<\/div>\n\t\t\t\t<\/div>\n\t\t\t\t<div class=\"elementor-element elementor-element-9f7149c elementor-widget elementor-widget-text-editor\" data-id=\"9f7149c\" data-element_type=\"widget\" data-e-type=\"widget\" data-widget_type=\"text-editor.default\">\n\t\t\t\t<div class=\"elementor-widget-container\">\n\t\t\t\t\t\t\t\t\t<p>Comme une serviette d\u00e9tecte les maladies<\/p>\n\t\t\t\t\t\t\t\t<\/div>\n\t\t\t\t<\/div>\n\t\t\t\t<div class=\"elementor-element elementor-element-10bc32be elementor-widget elementor-widget-text-editor\" data-id=\"10bc32be\" data-element_type=\"widget\" data-e-type=\"widget\" data-widget_type=\"text-editor.default\">\n\t\t\t\t<div class=\"elementor-widget-container\">\n\t\t\t\t\t\t\t\t\t<p>Les chercheuses et chercheurs de l\u2019ETH Zurich ont d\u00e9velopp\u00e9 MenstruAI, un dispositif simple, non invasif et peu co\u00fbteux capable de d\u00e9tecter les biomarqueurs dans le sang menstruel directement dans une serviette hygi\u00e9nique. La technologie des capteurs ne n\u00e9cessite ni \u00e9lectronique ni laboratoire et devrait faciliter le d\u00e9pistage pr\u00e9coce des maladies, en particulier dans les r\u00e9gions o\u00f9 l\u2019acc\u00e8s aux soins de sant\u00e9 est limit\u00e9. Son utilisation est simple: il suffit de porter une serviette hygi\u00e9nique avec capteur int\u00e9gr\u00e9, de la photographier et de l\u2019\u00e9valuer \u00e0 l\u2019aide d\u2019une application. Le sang menstruel contient des centaines de prot\u00e9ines, comparables \u00e0 celles du sang veineux. Trois biomarqueurs sont utilis\u00e9s pour le prototype: CRP (inflammation), CEA (marqueurs tumoraux) et CA-125 (endom\u00e9triose\/cancer de l\u2019ovaire). La m\u00e9thode repose sur des tests rapides sur papier comparables aux autotests Covid: lorsqu\u2019un biomarqueur pr\u00e9sent dans le sang rencontre un anticorps sp\u00e9cifique sur la bandelette r\u00e9active, une bande color\u00e9e appara\u00eet. Plus la concentration en prot\u00e9ines est \u00e9lev\u00e9e, plus la couleur est fonc\u00e9e. Apr\u00e8s une premi\u00e8re \u00e9tude de faisabilit\u00e9, une \u00e9tude de terrain \u00e0 plus grande \u00e9chelle est pr\u00e9vue.<\/p>\n\t\t\t\t\t\t\t\t<\/div>\n\t\t\t\t<\/div>\n\t\t\t\t\t<\/div>\n\t\t<\/div>\n\t\t\t\t\t<\/div>\n\t\t<\/section>\n\t\t\t\t<\/div>\n\t\t","protected":false},"excerpt":{"rendered":"<p>Image, g\u00e9n\u00e9r\u00e9 par l&rsquo;IA: Lucas Dosnon etJosef Kuster\/ETH Zurich Comme une serviette d\u00e9tecte les maladies Les chercheuses et chercheurs de l\u2019ETH Zurich ont d\u00e9velopp\u00e9 MenstruAI, un dispositif simple, non invasif et peu co\u00fbteux capable de d\u00e9tecter les biomarqueurs dans le sang menstruel directement dans une serviette hygi\u00e9nique. La technologie des capteurs ne n\u00e9cessite ni \u00e9lectronique &#8230;<\/p>\n","protected":false},"author":26,"featured_media":0,"parent":26058,"menu_order":0,"comment_status":"closed","ping_status":"closed","template":"","meta":{"_acf_changed":false,"footnotes":"","_links_to":"","_links_to_target":""},"search-tag":[],"class_list":["post-58980","page","type-page","status-publish","hentry"],"acf":[],"yoast_head":"<!-- This site is optimized with the Yoast SEO plugin v27.3 - https:\/\/yoast.com\/product\/yoast-seo-wordpress\/ -->\n<title>Sant\u00e9: le d\u00e9pistage pr\u00e9coce au quotidien - Conseil des EPF<\/title>\n<meta name=\"robots\" content=\"index, follow, max-snippet:-1, max-image-preview:large, max-video-preview:-1\" \/>\n<link rel=\"canonical\" href=\"https:\/\/ethrat.ch\/fr\/conseil-des-epf\/sante-le-depistage-precoce-au-quotidien\/\" \/>\n<meta property=\"og:locale\" content=\"fr_FR\" \/>\n<meta property=\"og:type\" content=\"article\" \/>\n<meta property=\"og:title\" content=\"Sant\u00e9: le d\u00e9pistage pr\u00e9coce au quotidien - Conseil des EPF\" \/>\n<meta property=\"og:description\" content=\"Image, g\u00e9n\u00e9r\u00e9 par l&rsquo;IA: Lucas Dosnon etJosef Kuster\/ETH Zurich Comme une serviette d\u00e9tecte les maladies Les chercheuses et chercheurs de l\u2019ETH Zurich ont d\u00e9velopp\u00e9 MenstruAI, un dispositif simple, non invasif et peu co\u00fbteux capable de d\u00e9tecter les biomarqueurs dans le sang menstruel directement dans une serviette hygi\u00e9nique. La technologie des capteurs ne n\u00e9cessite ni \u00e9lectronique ...\" \/>\n<meta property=\"og:url\" content=\"https:\/\/ethrat.ch\/fr\/conseil-des-epf\/sante-le-depistage-precoce-au-quotidien\/\" \/>\n<meta property=\"og:site_name\" content=\"Conseil des EPF\" \/>\n<meta property=\"og:image\" content=\"https:\/\/ethrat.ch\/wp-content\/uploads\/2026\/03\/image.imageformat.carousel.1008394391-scaled.jpg\" \/>\n\t<meta property=\"og:image:width\" content=\"2560\" \/>\n\t<meta property=\"og:image:height\" content=\"1279\" \/>\n\t<meta property=\"og:image:type\" content=\"image\/jpeg\" \/>\n<meta name=\"twitter:card\" content=\"summary_large_image\" \/>\n<meta name=\"twitter:site\" content=\"@eth_rat\" \/>\n<meta name=\"twitter:label1\" content=\"Dur\u00e9e de lecture estim\u00e9e\" \/>\n\t<meta name=\"twitter:data1\" content=\"1 minute\" \/>\n<script type=\"application\/ld+json\" class=\"yoast-schema-graph\">{\"@context\":\"https:\\\/\\\/schema.org\",\"@graph\":[{\"@type\":\"WebPage\",\"@id\":\"https:\\\/\\\/ethrat.ch\\\/fr\\\/conseil-des-epf\\\/sante-le-depistage-precoce-au-quotidien\\\/\",\"url\":\"https:\\\/\\\/ethrat.ch\\\/fr\\\/conseil-des-epf\\\/sante-le-depistage-precoce-au-quotidien\\\/\",\"name\":\"Sant\u00e9: le d\u00e9pistage pr\u00e9coce au quotidien - Conseil des EPF\",\"isPartOf\":{\"@id\":\"https:\\\/\\\/ethrat.ch\\\/de\\\/#website\"},\"primaryImageOfPage\":{\"@id\":\"https:\\\/\\\/ethrat.ch\\\/fr\\\/conseil-des-epf\\\/sante-le-depistage-precoce-au-quotidien\\\/#primaryimage\"},\"image\":{\"@id\":\"https:\\\/\\\/ethrat.ch\\\/fr\\\/conseil-des-epf\\\/sante-le-depistage-precoce-au-quotidien\\\/#primaryimage\"},\"thumbnailUrl\":\"https:\\\/\\\/ethrat.ch\\\/wp-content\\\/uploads\\\/2026\\\/03\\\/image.imageformat.carousel.1008394391-scaled.jpg\",\"datePublished\":\"2026-03-31T11:18:28+00:00\",\"breadcrumb\":{\"@id\":\"https:\\\/\\\/ethrat.ch\\\/fr\\\/conseil-des-epf\\\/sante-le-depistage-precoce-au-quotidien\\\/#breadcrumb\"},\"inLanguage\":\"fr-FR\",\"potentialAction\":[{\"@type\":\"ReadAction\",\"target\":[\"https:\\\/\\\/ethrat.ch\\\/fr\\\/conseil-des-epf\\\/sante-le-depistage-precoce-au-quotidien\\\/\"]}]},{\"@type\":\"ImageObject\",\"inLanguage\":\"fr-FR\",\"@id\":\"https:\\\/\\\/ethrat.ch\\\/fr\\\/conseil-des-epf\\\/sante-le-depistage-precoce-au-quotidien\\\/#primaryimage\",\"url\":\"https:\\\/\\\/ethrat.ch\\\/wp-content\\\/uploads\\\/2026\\\/03\\\/image.imageformat.carousel.1008394391-scaled.jpg\",\"contentUrl\":\"https:\\\/\\\/ethrat.ch\\\/wp-content\\\/uploads\\\/2026\\\/03\\\/image.imageformat.carousel.1008394391-scaled.jpg\"},{\"@type\":\"BreadcrumbList\",\"@id\":\"https:\\\/\\\/ethrat.ch\\\/fr\\\/conseil-des-epf\\\/sante-le-depistage-precoce-au-quotidien\\\/#breadcrumb\",\"itemListElement\":[{\"@type\":\"ListItem\",\"position\":1,\"name\":\"Home\",\"item\":\"https:\\\/\\\/ethrat.ch\\\/fr\\\/\"},{\"@type\":\"ListItem\",\"position\":2,\"name\":\"Conseil des EPF\",\"item\":\"https:\\\/\\\/ethrat.ch\\\/fr\\\/conseil-des-epf\\\/le-conseil-des-epf-en-bref\\\/\"},{\"@type\":\"ListItem\",\"position\":3,\"name\":\"Sant\u00e9: le d\u00e9pistage pr\u00e9coce au quotidien\"}]},{\"@type\":\"WebSite\",\"@id\":\"https:\\\/\\\/ethrat.ch\\\/de\\\/#website\",\"url\":\"https:\\\/\\\/ethrat.ch\\\/de\\\/\",\"name\":\"ETH-Rat\",\"description\":\"\",\"publisher\":{\"@id\":\"https:\\\/\\\/ethrat.ch\\\/de\\\/#organization\"},\"potentialAction\":[{\"@type\":\"SearchAction\",\"target\":{\"@type\":\"EntryPoint\",\"urlTemplate\":\"https:\\\/\\\/ethrat.ch\\\/de\\\/?s={search_term_string}\"},\"query-input\":{\"@type\":\"PropertyValueSpecification\",\"valueRequired\":true,\"valueName\":\"search_term_string\"}}],\"inLanguage\":\"fr-FR\"},{\"@type\":\"Organization\",\"@id\":\"https:\\\/\\\/ethrat.ch\\\/de\\\/#organization\",\"name\":\"ETH-Rat\",\"url\":\"https:\\\/\\\/ethrat.ch\\\/de\\\/\",\"logo\":{\"@type\":\"ImageObject\",\"inLanguage\":\"fr-FR\",\"@id\":\"https:\\\/\\\/ethrat.ch\\\/de\\\/#\\\/schema\\\/logo\\\/image\\\/\",\"url\":\"https:\\\/\\\/ethrat.ch\\\/wp-content\\\/uploads\\\/2024\\\/04\\\/logo-white.svg\",\"contentUrl\":\"https:\\\/\\\/ethrat.ch\\\/wp-content\\\/uploads\\\/2024\\\/04\\\/logo-white.svg\",\"width\":283,\"height\":81,\"caption\":\"ETH-Rat\"},\"image\":{\"@id\":\"https:\\\/\\\/ethrat.ch\\\/de\\\/#\\\/schema\\\/logo\\\/image\\\/\"},\"sameAs\":[\"https:\\\/\\\/x.com\\\/eth_rat\",\"https:\\\/\\\/issuu.com\\\/ethrat\",\"https:\\\/\\\/www.linkedin.com\\\/company\\\/eth-rat\\\/\"]}]}<\/script>\n<!-- \/ Yoast SEO plugin. -->","yoast_head_json":{"title":"Sant\u00e9: le d\u00e9pistage pr\u00e9coce au quotidien - Conseil des EPF","robots":{"index":"index","follow":"follow","max-snippet":"max-snippet:-1","max-image-preview":"max-image-preview:large","max-video-preview":"max-video-preview:-1"},"canonical":"https:\/\/ethrat.ch\/fr\/conseil-des-epf\/sante-le-depistage-precoce-au-quotidien\/","og_locale":"fr_FR","og_type":"article","og_title":"Sant\u00e9: le d\u00e9pistage pr\u00e9coce au quotidien - Conseil des EPF","og_description":"Image, g\u00e9n\u00e9r\u00e9 par l&rsquo;IA: Lucas Dosnon etJosef Kuster\/ETH Zurich Comme une serviette d\u00e9tecte les maladies Les chercheuses et chercheurs de l\u2019ETH Zurich ont d\u00e9velopp\u00e9 MenstruAI, un dispositif simple, non invasif et peu co\u00fbteux capable de d\u00e9tecter les biomarqueurs dans le sang menstruel directement dans une serviette hygi\u00e9nique. La technologie des capteurs ne n\u00e9cessite ni \u00e9lectronique ...","og_url":"https:\/\/ethrat.ch\/fr\/conseil-des-epf\/sante-le-depistage-precoce-au-quotidien\/","og_site_name":"Conseil des EPF","og_image":[{"width":2560,"height":1279,"url":"https:\/\/ethrat.ch\/wp-content\/uploads\/2026\/03\/image.imageformat.carousel.1008394391-scaled.jpg","type":"image\/jpeg"}],"twitter_card":"summary_large_image","twitter_site":"@eth_rat","twitter_misc":{"Dur\u00e9e de lecture estim\u00e9e":"1 minute"},"schema":{"@context":"https:\/\/schema.org","@graph":[{"@type":"WebPage","@id":"https:\/\/ethrat.ch\/fr\/conseil-des-epf\/sante-le-depistage-precoce-au-quotidien\/","url":"https:\/\/ethrat.ch\/fr\/conseil-des-epf\/sante-le-depistage-precoce-au-quotidien\/","name":"Sant\u00e9: le d\u00e9pistage pr\u00e9coce au quotidien - Conseil des EPF","isPartOf":{"@id":"https:\/\/ethrat.ch\/de\/#website"},"primaryImageOfPage":{"@id":"https:\/\/ethrat.ch\/fr\/conseil-des-epf\/sante-le-depistage-precoce-au-quotidien\/#primaryimage"},"image":{"@id":"https:\/\/ethrat.ch\/fr\/conseil-des-epf\/sante-le-depistage-precoce-au-quotidien\/#primaryimage"},"thumbnailUrl":"https:\/\/ethrat.ch\/wp-content\/uploads\/2026\/03\/image.imageformat.carousel.1008394391-scaled.jpg","datePublished":"2026-03-31T11:18:28+00:00","breadcrumb":{"@id":"https:\/\/ethrat.ch\/fr\/conseil-des-epf\/sante-le-depistage-precoce-au-quotidien\/#breadcrumb"},"inLanguage":"fr-FR","potentialAction":[{"@type":"ReadAction","target":["https:\/\/ethrat.ch\/fr\/conseil-des-epf\/sante-le-depistage-precoce-au-quotidien\/"]}]},{"@type":"ImageObject","inLanguage":"fr-FR","@id":"https:\/\/ethrat.ch\/fr\/conseil-des-epf\/sante-le-depistage-precoce-au-quotidien\/#primaryimage","url":"https:\/\/ethrat.ch\/wp-content\/uploads\/2026\/03\/image.imageformat.carousel.1008394391-scaled.jpg","contentUrl":"https:\/\/ethrat.ch\/wp-content\/uploads\/2026\/03\/image.imageformat.carousel.1008394391-scaled.jpg"},{"@type":"BreadcrumbList","@id":"https:\/\/ethrat.ch\/fr\/conseil-des-epf\/sante-le-depistage-precoce-au-quotidien\/#breadcrumb","itemListElement":[{"@type":"ListItem","position":1,"name":"Home","item":"https:\/\/ethrat.ch\/fr\/"},{"@type":"ListItem","position":2,"name":"Conseil des EPF","item":"https:\/\/ethrat.ch\/fr\/conseil-des-epf\/le-conseil-des-epf-en-bref\/"},{"@type":"ListItem","position":3,"name":"Sant\u00e9: le d\u00e9pistage pr\u00e9coce au quotidien"}]},{"@type":"WebSite","@id":"https:\/\/ethrat.ch\/de\/#website","url":"https:\/\/ethrat.ch\/de\/","name":"ETH-Rat","description":"","publisher":{"@id":"https:\/\/ethrat.ch\/de\/#organization"},"potentialAction":[{"@type":"SearchAction","target":{"@type":"EntryPoint","urlTemplate":"https:\/\/ethrat.ch\/de\/?s={search_term_string}"},"query-input":{"@type":"PropertyValueSpecification","valueRequired":true,"valueName":"search_term_string"}}],"inLanguage":"fr-FR"},{"@type":"Organization","@id":"https:\/\/ethrat.ch\/de\/#organization","name":"ETH-Rat","url":"https:\/\/ethrat.ch\/de\/","logo":{"@type":"ImageObject","inLanguage":"fr-FR","@id":"https:\/\/ethrat.ch\/de\/#\/schema\/logo\/image\/","url":"https:\/\/ethrat.ch\/wp-content\/uploads\/2024\/04\/logo-white.svg","contentUrl":"https:\/\/ethrat.ch\/wp-content\/uploads\/2024\/04\/logo-white.svg","width":283,"height":81,"caption":"ETH-Rat"},"image":{"@id":"https:\/\/ethrat.ch\/de\/#\/schema\/logo\/image\/"},"sameAs":["https:\/\/x.com\/eth_rat","https:\/\/issuu.com\/ethrat","https:\/\/www.linkedin.com\/company\/eth-rat\/"]}]}},"_links":{"self":[{"href":"https:\/\/ethrat.ch\/fr\/wp-json\/wp\/v2\/pages\/58980","targetHints":{"allow":["GET"]}}],"collection":[{"href":"https:\/\/ethrat.ch\/fr\/wp-json\/wp\/v2\/pages"}],"about":[{"href":"https:\/\/ethrat.ch\/fr\/wp-json\/wp\/v2\/types\/page"}],"author":[{"embeddable":true,"href":"https:\/\/ethrat.ch\/fr\/wp-json\/wp\/v2\/users\/26"}],"replies":[{"embeddable":true,"href":"https:\/\/ethrat.ch\/fr\/wp-json\/wp\/v2\/comments?post=58980"}],"version-history":[{"count":5,"href":"https:\/\/ethrat.ch\/fr\/wp-json\/wp\/v2\/pages\/58980\/revisions"}],"predecessor-version":[{"id":59431,"href":"https:\/\/ethrat.ch\/fr\/wp-json\/wp\/v2\/pages\/58980\/revisions\/59431"}],"up":[{"embeddable":true,"href":"https:\/\/ethrat.ch\/fr\/wp-json\/wp\/v2\/pages\/26058"}],"wp:attachment":[{"href":"https:\/\/ethrat.ch\/fr\/wp-json\/wp\/v2\/media?parent=58980"}],"wp:term":[{"taxonomy":"search-tag","embeddable":true,"href":"https:\/\/ethrat.ch\/fr\/wp-json\/wp\/v2\/search-tag?post=58980"}],"curies":[{"name":"wp","href":"https:\/\/api.w.org\/{rel}","templated":true}]}}