{"id":58830,"date":"2026-03-25T14:58:58","date_gmt":"2026-03-25T13:58:58","guid":{"rendered":"https:\/\/ethrat.ch\/les-arbres-des-villes-rafraichissent-meme-en-cas-de-chaleur-extreme\/"},"modified":"2026-03-25T14:59:01","modified_gmt":"2026-03-25T13:59:01","slug":"les-arbres-des-villes-rafraichissent-meme-en-cas-de-chaleur-extreme","status":"publish","type":"page","link":"https:\/\/ethrat.ch\/fr\/les-arbres-des-villes-rafraichissent-meme-en-cas-de-chaleur-extreme\/","title":{"rendered":"Les arbres des villes rafra\u00eechissent m\u00eame en cas de chaleur extr\u00eame"},"content":{"rendered":"\t\t<div data-elementor-type=\"wp-page\" data-elementor-id=\"58830\" class=\"elementor elementor-58830 elementor-58114\" data-elementor-post-type=\"page\">\n\t\t\t\t\t\t<section class=\"elementor-section elementor-top-section elementor-element elementor-element-b0317b2 elementor-section-boxed elementor-section-height-default elementor-section-height-default\" data-id=\"b0317b2\" data-element_type=\"section\" data-e-type=\"section\">\n\t\t\t\t\t\t<div class=\"elementor-container elementor-column-gap-default\">\n\t\t\t\t\t<div class=\"elementor-column elementor-col-100 elementor-top-column elementor-element elementor-element-51d0b6b\" data-id=\"51d0b6b\" data-element_type=\"column\" data-e-type=\"column\">\n\t\t\t<div class=\"elementor-widget-wrap elementor-element-populated\">\n\t\t\t\t\t\t<div class=\"elementor-element elementor-element-795c470 elementor-widget elementor-widget-image\" data-id=\"795c470\" data-element_type=\"widget\" data-e-type=\"widget\" data-widget_type=\"image.default\">\n\t\t\t\t<div class=\"elementor-widget-container\">\n\t\t\t\t\t\t\t\t\t\t\t\t<figure class=\"wp-caption\">\n\t\t\t\t\t\t\t\t\t\t<img decoding=\"async\" width=\"1000\" height=\"615\" src=\"https:\/\/ethrat.ch\/wp-content\/uploads\/2026\/03\/Stadtbaeume_Bachofen_1000x6000_75px.jpg\" class=\"attachment-full size-full wp-image-58119\" alt=\"\" srcset=\"https:\/\/ethrat.ch\/wp-content\/uploads\/2026\/03\/Stadtbaeume_Bachofen_1000x6000_75px.jpg 1000w, https:\/\/ethrat.ch\/wp-content\/uploads\/2026\/03\/Stadtbaeume_Bachofen_1000x6000_75px-300x185.jpg 300w, https:\/\/ethrat.ch\/wp-content\/uploads\/2026\/03\/Stadtbaeume_Bachofen_1000x6000_75px-768x472.jpg 768w\" sizes=\"(max-width: 1000px) 100vw, 1000px\" \/>\t\t\t\t\t\t\t\t\t\t\t<figcaption class=\"widget-image-caption wp-caption-text\">Image: Christoph Bachofen\/WSL<\/figcaption>\n\t\t\t\t\t\t\t\t\t\t<\/figure>\n\t\t\t\t\t\t\t\t\t<\/div>\n\t\t\t\t<\/div>\n\t\t\t\t\t<\/div>\n\t\t<\/div>\n\t\t\t\t\t<\/div>\n\t\t<\/section>\n\t\t\t\t<section class=\"elementor-section elementor-top-section elementor-element elementor-element-4a177c6 elementor-section-boxed elementor-section-height-default elementor-section-height-default\" data-id=\"4a177c6\" data-element_type=\"section\" data-e-type=\"section\">\n\t\t\t\t\t\t<div class=\"elementor-container elementor-column-gap-default\">\n\t\t\t\t\t<div class=\"elementor-column elementor-col-100 elementor-top-column elementor-element elementor-element-4aa5190\" data-id=\"4aa5190\" data-element_type=\"column\" data-e-type=\"column\">\n\t\t\t<div class=\"elementor-widget-wrap elementor-element-populated\">\n\t\t\t\t\t\t<div class=\"elementor-element elementor-element-ab4dcb6 elementor-widget elementor-widget-text-editor\" data-id=\"ab4dcb6\" data-element_type=\"widget\" data-e-type=\"widget\" data-widget_type=\"text-editor.default\">\n\t\t\t\t<div class=\"elementor-widget-container\">\n\t\t\t\t\t\t\t\t\t<p>WSL<\/p>\n\t\t\t\t\t\t\t\t<\/div>\n\t\t\t\t<\/div>\n\t\t\t\t\t<\/div>\n\t\t<\/div>\n\t\t\t\t\t<\/div>\n\t\t<\/section>\n\t\t\t\t<section class=\"elementor-section elementor-top-section elementor-element elementor-element-7beeb1f elementor-section-boxed elementor-section-height-default elementor-section-height-default\" data-id=\"7beeb1f\" data-element_type=\"section\" data-e-type=\"section\">\n\t\t\t\t\t\t<div class=\"elementor-container elementor-column-gap-default\">\n\t\t\t\t\t<div class=\"elementor-column elementor-col-100 elementor-top-column elementor-element elementor-element-fd6290c\" data-id=\"fd6290c\" data-element_type=\"column\" data-e-type=\"column\">\n\t\t\t<div class=\"elementor-widget-wrap elementor-element-populated\">\n\t\t\t\t\t\t<div class=\"elementor-element elementor-element-e561ca0 elementor-widget elementor-widget-text-editor\" data-id=\"e561ca0\" data-element_type=\"widget\" data-e-type=\"widget\" data-widget_type=\"text-editor.default\">\n\t\t\t\t<div class=\"elementor-widget-container\">\n\t\t\t\t\t\t\t\t\t<h1>Les arbres des villes rafra\u00eechissent m\u00eame en cas de chaleur extr\u00eame<\/h1>\n\t\t\t\t\t\t\t\t<\/div>\n\t\t\t\t<\/div>\n\t\t\t\t\t<\/div>\n\t\t<\/div>\n\t\t\t\t\t<\/div>\n\t\t<\/section>\n\t\t\t\t<section class=\"elementor-section elementor-top-section elementor-element elementor-element-0feb1c5 elementor-section-boxed elementor-section-height-default elementor-section-height-default\" data-id=\"0feb1c5\" data-element_type=\"section\" data-e-type=\"section\">\n\t\t\t\t\t\t<div class=\"elementor-container elementor-column-gap-default\">\n\t\t\t\t\t<div class=\"elementor-column elementor-col-100 elementor-top-column elementor-element elementor-element-61587b6\" data-id=\"61587b6\" data-element_type=\"column\" data-e-type=\"column\">\n\t\t\t<div class=\"elementor-widget-wrap elementor-element-populated\">\n\t\t\t\t\t\t<div class=\"elementor-element elementor-element-920ee46 elementor-widget elementor-widget-text-editor\" data-id=\"920ee46\" data-element_type=\"widget\" data-e-type=\"widget\" data-widget_type=\"text-editor.default\">\n\t\t\t\t<div class=\"elementor-widget-container\">\n\t\t\t\t\t\t\t\t\t<p>Les platanes de la commune genevoise de Lancy ont continu\u00e9 \u00e0 \u00e9vaporer beaucoup d\u2019eau m\u00eame lors de chaleurs extr\u00eames. Image: Christoph Bachofen\/WSL<\/p>\n\t\t\t\t\t\t\t\t<\/div>\n\t\t\t\t<\/div>\n\t\t\t\t\t<\/div>\n\t\t<\/div>\n\t\t\t\t\t<\/div>\n\t\t<\/section>\n\t\t\t\t<section class=\"elementor-section elementor-top-section elementor-element elementor-element-6eece69 elementor-section-boxed elementor-section-height-default elementor-section-height-default\" data-id=\"6eece69\" data-element_type=\"section\" data-e-type=\"section\">\n\t\t\t\t\t\t<div class=\"elementor-container elementor-column-gap-default\">\n\t\t\t\t\t<div class=\"elementor-column elementor-col-100 elementor-top-column elementor-element elementor-element-79e7aef\" data-id=\"79e7aef\" data-element_type=\"column\" data-e-type=\"column\">\n\t\t\t<div class=\"elementor-widget-wrap elementor-element-populated\">\n\t\t\t\t\t\t<div class=\"elementor-element elementor-element-b23372b elementor-widget elementor-widget-text-editor\" data-id=\"b23372b\" data-element_type=\"widget\" data-e-type=\"widget\" data-widget_type=\"text-editor.default\">\n\t\t\t\t<div class=\"elementor-widget-container\">\n\t\t\t\t\t\t\t\t\t<p>M\u00eame lors de vagues de chaleur d\u00e9passant les 39\u00b0 C, les platanes continuent \u00e0 \u00e9vaporer beaucoup d\u2019eau et rafra\u00eechissent ainsi leur environnement. C\u2019est ce qu\u2019ont d\u00e9montr\u00e9 des scientifiques du WSL et de l\u2019EPFL lors de mesures effectu\u00e9es dans la commune genevoise de Lancy. A l\u2019aide de capteurs, ils ont enregistr\u00e9 le flux de s\u00e8ve dans les troncs, ce qui leur a permis de d\u00e9terminer la quantit\u00e9 d\u2019eau \u00e9vapor\u00e9e et donc la capacit\u00e9 de refroidissement. Les r\u00e9sultats contredisent les hypoth\u00e8ses ant\u00e9rieures selon lesquelles les arbres ferment leurs pores foliaires \u00e0 environ 30\u201335\u00b0 C, ce qui r\u00e9duit consid\u00e9rablement le flux d\u2019eau et la capacit\u00e9 de refroidissement. Il s\u2019agit maintenant de d\u00e9terminer comment d\u2019autres esp\u00e8ces d\u2019arbres r\u00e9agissent \u00e0 la chaleur extr\u00eame. La capacit\u00e9 de refroidissement est l\u2019une des fonctions assum\u00e9es par les arbres des villes \u2013 elle deviendra de plus en plus cruciale \u00e0 l\u2019avenir.<\/p>\n\t\t\t\t\t\t\t\t<\/div>\n\t\t\t\t<\/div>\n\t\t\t\t\t<\/div>\n\t\t<\/div>\n\t\t\t\t\t<\/div>\n\t\t<\/section>\n\t\t\t\t<\/div>\n\t\t","protected":false},"excerpt":{"rendered":"<p>Image: Christoph Bachofen\/WSL WSL Les arbres des villes rafra\u00eechissent m\u00eame en cas de chaleur extr\u00eame Les platanes de la commune genevoise de Lancy ont continu\u00e9 \u00e0 \u00e9vaporer beaucoup d\u2019eau m\u00eame lors de chaleurs extr\u00eames. Image: Christoph Bachofen\/WSL M\u00eame lors de vagues de chaleur d\u00e9passant les 39\u00b0 C, les platanes continuent \u00e0 \u00e9vaporer beaucoup d\u2019eau et &#8230;<\/p>\n","protected":false},"author":26,"featured_media":0,"parent":0,"menu_order":0,"comment_status":"closed","ping_status":"closed","template":"","meta":{"_acf_changed":false,"footnotes":"","_links_to":"","_links_to_target":""},"search-tag":[],"class_list":["post-58830","page","type-page","status-publish","hentry"],"acf":[],"yoast_head":"<!-- This site is optimized with the Yoast SEO plugin v27.3 - https:\/\/yoast.com\/product\/yoast-seo-wordpress\/ -->\n<title>Les arbres des villes rafra\u00eechissent m\u00eame en cas de chaleur extr\u00eame - Conseil des EPF<\/title>\n<meta name=\"robots\" content=\"index, follow, max-snippet:-1, max-image-preview:large, max-video-preview:-1\" \/>\n<link rel=\"canonical\" href=\"https:\/\/ethrat.ch\/de\/stadtbaeume-kuehlen-auch-bei-extremer-hitze\/\" \/>\n<meta property=\"og:locale\" content=\"fr_FR\" \/>\n<meta property=\"og:type\" content=\"article\" \/>\n<meta property=\"og:title\" content=\"Les arbres des villes rafra\u00eechissent m\u00eame en cas de chaleur extr\u00eame - Conseil des EPF\" \/>\n<meta property=\"og:description\" content=\"Image: Christoph Bachofen\/WSL WSL Les arbres des villes rafra\u00eechissent m\u00eame en cas de chaleur extr\u00eame Les platanes de la commune genevoise de Lancy ont continu\u00e9 \u00e0 \u00e9vaporer beaucoup d\u2019eau m\u00eame lors de chaleurs extr\u00eames. Image: Christoph Bachofen\/WSL M\u00eame lors de vagues de chaleur d\u00e9passant les 39\u00b0 C, les platanes continuent \u00e0 \u00e9vaporer beaucoup d\u2019eau et ...\" \/>\n<meta property=\"og:url\" content=\"https:\/\/ethrat.ch\/de\/stadtbaeume-kuehlen-auch-bei-extremer-hitze\/\" \/>\n<meta property=\"og:site_name\" content=\"Conseil des EPF\" \/>\n<meta property=\"article:modified_time\" content=\"2026-03-25T13:59:01+00:00\" \/>\n<meta property=\"og:image\" content=\"https:\/\/ethrat.ch\/wp-content\/uploads\/2026\/03\/Stadtbaeume_Bachofen_1000x6000_75px.jpg\" \/>\n\t<meta property=\"og:image:width\" content=\"1000\" \/>\n\t<meta property=\"og:image:height\" content=\"615\" \/>\n\t<meta property=\"og:image:type\" content=\"image\/jpeg\" \/>\n<meta name=\"twitter:card\" content=\"summary_large_image\" \/>\n<meta name=\"twitter:site\" content=\"@eth_rat\" \/>\n<meta name=\"twitter:label1\" content=\"Dur\u00e9e de lecture estim\u00e9e\" \/>\n\t<meta name=\"twitter:data1\" content=\"1 minute\" \/>\n<script type=\"application\/ld+json\" class=\"yoast-schema-graph\">{\"@context\":\"https:\\\/\\\/schema.org\",\"@graph\":[{\"@type\":\"WebPage\",\"@id\":\"https:\\\/\\\/ethrat.ch\\\/de\\\/stadtbaeume-kuehlen-auch-bei-extremer-hitze\\\/\",\"url\":\"https:\\\/\\\/ethrat.ch\\\/de\\\/stadtbaeume-kuehlen-auch-bei-extremer-hitze\\\/\",\"name\":\"Les arbres des villes rafra\u00eechissent m\u00eame en cas de chaleur extr\u00eame - Conseil des EPF\",\"isPartOf\":{\"@id\":\"https:\\\/\\\/ethrat.ch\\\/de\\\/#website\"},\"primaryImageOfPage\":{\"@id\":\"https:\\\/\\\/ethrat.ch\\\/de\\\/stadtbaeume-kuehlen-auch-bei-extremer-hitze\\\/#primaryimage\"},\"image\":{\"@id\":\"https:\\\/\\\/ethrat.ch\\\/de\\\/stadtbaeume-kuehlen-auch-bei-extremer-hitze\\\/#primaryimage\"},\"thumbnailUrl\":\"https:\\\/\\\/ethrat.ch\\\/wp-content\\\/uploads\\\/2026\\\/03\\\/Stadtbaeume_Bachofen_1000x6000_75px.jpg\",\"datePublished\":\"2026-03-25T13:58:58+00:00\",\"dateModified\":\"2026-03-25T13:59:01+00:00\",\"breadcrumb\":{\"@id\":\"https:\\\/\\\/ethrat.ch\\\/de\\\/stadtbaeume-kuehlen-auch-bei-extremer-hitze\\\/#breadcrumb\"},\"inLanguage\":\"fr-FR\",\"potentialAction\":[{\"@type\":\"ReadAction\",\"target\":[\"https:\\\/\\\/ethrat.ch\\\/de\\\/stadtbaeume-kuehlen-auch-bei-extremer-hitze\\\/\"]}]},{\"@type\":\"ImageObject\",\"inLanguage\":\"fr-FR\",\"@id\":\"https:\\\/\\\/ethrat.ch\\\/de\\\/stadtbaeume-kuehlen-auch-bei-extremer-hitze\\\/#primaryimage\",\"url\":\"https:\\\/\\\/ethrat.ch\\\/wp-content\\\/uploads\\\/2026\\\/03\\\/Stadtbaeume_Bachofen_1000x6000_75px.jpg\",\"contentUrl\":\"https:\\\/\\\/ethrat.ch\\\/wp-content\\\/uploads\\\/2026\\\/03\\\/Stadtbaeume_Bachofen_1000x6000_75px.jpg\"},{\"@type\":\"BreadcrumbList\",\"@id\":\"https:\\\/\\\/ethrat.ch\\\/de\\\/stadtbaeume-kuehlen-auch-bei-extremer-hitze\\\/#breadcrumb\",\"itemListElement\":[{\"@type\":\"ListItem\",\"position\":1,\"name\":\"Home\",\"item\":\"https:\\\/\\\/ethrat.ch\\\/fr\\\/\"},{\"@type\":\"ListItem\",\"position\":2,\"name\":\"Les arbres des villes rafra\u00eechissent m\u00eame en cas de chaleur extr\u00eame\"}]},{\"@type\":\"WebSite\",\"@id\":\"https:\\\/\\\/ethrat.ch\\\/de\\\/#website\",\"url\":\"https:\\\/\\\/ethrat.ch\\\/de\\\/\",\"name\":\"ETH-Rat\",\"description\":\"\",\"publisher\":{\"@id\":\"https:\\\/\\\/ethrat.ch\\\/de\\\/#organization\"},\"potentialAction\":[{\"@type\":\"SearchAction\",\"target\":{\"@type\":\"EntryPoint\",\"urlTemplate\":\"https:\\\/\\\/ethrat.ch\\\/de\\\/?s={search_term_string}\"},\"query-input\":{\"@type\":\"PropertyValueSpecification\",\"valueRequired\":true,\"valueName\":\"search_term_string\"}}],\"inLanguage\":\"fr-FR\"},{\"@type\":\"Organization\",\"@id\":\"https:\\\/\\\/ethrat.ch\\\/de\\\/#organization\",\"name\":\"ETH-Rat\",\"url\":\"https:\\\/\\\/ethrat.ch\\\/de\\\/\",\"logo\":{\"@type\":\"ImageObject\",\"inLanguage\":\"fr-FR\",\"@id\":\"https:\\\/\\\/ethrat.ch\\\/de\\\/#\\\/schema\\\/logo\\\/image\\\/\",\"url\":\"https:\\\/\\\/ethrat.ch\\\/wp-content\\\/uploads\\\/2024\\\/04\\\/logo-white.svg\",\"contentUrl\":\"https:\\\/\\\/ethrat.ch\\\/wp-content\\\/uploads\\\/2024\\\/04\\\/logo-white.svg\",\"width\":283,\"height\":81,\"caption\":\"ETH-Rat\"},\"image\":{\"@id\":\"https:\\\/\\\/ethrat.ch\\\/de\\\/#\\\/schema\\\/logo\\\/image\\\/\"},\"sameAs\":[\"https:\\\/\\\/x.com\\\/eth_rat\",\"https:\\\/\\\/issuu.com\\\/ethrat\",\"https:\\\/\\\/www.linkedin.com\\\/company\\\/eth-rat\\\/\"]}]}<\/script>\n<!-- \/ Yoast SEO plugin. -->","yoast_head_json":{"title":"Les arbres des villes rafra\u00eechissent m\u00eame en cas de chaleur extr\u00eame - Conseil des EPF","robots":{"index":"index","follow":"follow","max-snippet":"max-snippet:-1","max-image-preview":"max-image-preview:large","max-video-preview":"max-video-preview:-1"},"canonical":"https:\/\/ethrat.ch\/de\/stadtbaeume-kuehlen-auch-bei-extremer-hitze\/","og_locale":"fr_FR","og_type":"article","og_title":"Les arbres des villes rafra\u00eechissent m\u00eame en cas de chaleur extr\u00eame - Conseil des EPF","og_description":"Image: Christoph Bachofen\/WSL WSL Les arbres des villes rafra\u00eechissent m\u00eame en cas de chaleur extr\u00eame Les platanes de la commune genevoise de Lancy ont continu\u00e9 \u00e0 \u00e9vaporer beaucoup d\u2019eau m\u00eame lors de chaleurs extr\u00eames. Image: Christoph Bachofen\/WSL M\u00eame lors de vagues de chaleur d\u00e9passant les 39\u00b0 C, les platanes continuent \u00e0 \u00e9vaporer beaucoup d\u2019eau et ...","og_url":"https:\/\/ethrat.ch\/de\/stadtbaeume-kuehlen-auch-bei-extremer-hitze\/","og_site_name":"Conseil des EPF","article_modified_time":"2026-03-25T13:59:01+00:00","og_image":[{"width":1000,"height":615,"url":"https:\/\/ethrat.ch\/wp-content\/uploads\/2026\/03\/Stadtbaeume_Bachofen_1000x6000_75px.jpg","type":"image\/jpeg"}],"twitter_card":"summary_large_image","twitter_site":"@eth_rat","twitter_misc":{"Dur\u00e9e de lecture estim\u00e9e":"1 minute"},"schema":{"@context":"https:\/\/schema.org","@graph":[{"@type":"WebPage","@id":"https:\/\/ethrat.ch\/de\/stadtbaeume-kuehlen-auch-bei-extremer-hitze\/","url":"https:\/\/ethrat.ch\/de\/stadtbaeume-kuehlen-auch-bei-extremer-hitze\/","name":"Les arbres des villes rafra\u00eechissent m\u00eame en cas de chaleur extr\u00eame - Conseil des EPF","isPartOf":{"@id":"https:\/\/ethrat.ch\/de\/#website"},"primaryImageOfPage":{"@id":"https:\/\/ethrat.ch\/de\/stadtbaeume-kuehlen-auch-bei-extremer-hitze\/#primaryimage"},"image":{"@id":"https:\/\/ethrat.ch\/de\/stadtbaeume-kuehlen-auch-bei-extremer-hitze\/#primaryimage"},"thumbnailUrl":"https:\/\/ethrat.ch\/wp-content\/uploads\/2026\/03\/Stadtbaeume_Bachofen_1000x6000_75px.jpg","datePublished":"2026-03-25T13:58:58+00:00","dateModified":"2026-03-25T13:59:01+00:00","breadcrumb":{"@id":"https:\/\/ethrat.ch\/de\/stadtbaeume-kuehlen-auch-bei-extremer-hitze\/#breadcrumb"},"inLanguage":"fr-FR","potentialAction":[{"@type":"ReadAction","target":["https:\/\/ethrat.ch\/de\/stadtbaeume-kuehlen-auch-bei-extremer-hitze\/"]}]},{"@type":"ImageObject","inLanguage":"fr-FR","@id":"https:\/\/ethrat.ch\/de\/stadtbaeume-kuehlen-auch-bei-extremer-hitze\/#primaryimage","url":"https:\/\/ethrat.ch\/wp-content\/uploads\/2026\/03\/Stadtbaeume_Bachofen_1000x6000_75px.jpg","contentUrl":"https:\/\/ethrat.ch\/wp-content\/uploads\/2026\/03\/Stadtbaeume_Bachofen_1000x6000_75px.jpg"},{"@type":"BreadcrumbList","@id":"https:\/\/ethrat.ch\/de\/stadtbaeume-kuehlen-auch-bei-extremer-hitze\/#breadcrumb","itemListElement":[{"@type":"ListItem","position":1,"name":"Home","item":"https:\/\/ethrat.ch\/fr\/"},{"@type":"ListItem","position":2,"name":"Les arbres des villes rafra\u00eechissent m\u00eame en cas de chaleur extr\u00eame"}]},{"@type":"WebSite","@id":"https:\/\/ethrat.ch\/de\/#website","url":"https:\/\/ethrat.ch\/de\/","name":"ETH-Rat","description":"","publisher":{"@id":"https:\/\/ethrat.ch\/de\/#organization"},"potentialAction":[{"@type":"SearchAction","target":{"@type":"EntryPoint","urlTemplate":"https:\/\/ethrat.ch\/de\/?s={search_term_string}"},"query-input":{"@type":"PropertyValueSpecification","valueRequired":true,"valueName":"search_term_string"}}],"inLanguage":"fr-FR"},{"@type":"Organization","@id":"https:\/\/ethrat.ch\/de\/#organization","name":"ETH-Rat","url":"https:\/\/ethrat.ch\/de\/","logo":{"@type":"ImageObject","inLanguage":"fr-FR","@id":"https:\/\/ethrat.ch\/de\/#\/schema\/logo\/image\/","url":"https:\/\/ethrat.ch\/wp-content\/uploads\/2024\/04\/logo-white.svg","contentUrl":"https:\/\/ethrat.ch\/wp-content\/uploads\/2024\/04\/logo-white.svg","width":283,"height":81,"caption":"ETH-Rat"},"image":{"@id":"https:\/\/ethrat.ch\/de\/#\/schema\/logo\/image\/"},"sameAs":["https:\/\/x.com\/eth_rat","https:\/\/issuu.com\/ethrat","https:\/\/www.linkedin.com\/company\/eth-rat\/"]}]}},"_links":{"self":[{"href":"https:\/\/ethrat.ch\/fr\/wp-json\/wp\/v2\/pages\/58830","targetHints":{"allow":["GET"]}}],"collection":[{"href":"https:\/\/ethrat.ch\/fr\/wp-json\/wp\/v2\/pages"}],"about":[{"href":"https:\/\/ethrat.ch\/fr\/wp-json\/wp\/v2\/types\/page"}],"author":[{"embeddable":true,"href":"https:\/\/ethrat.ch\/fr\/wp-json\/wp\/v2\/users\/26"}],"replies":[{"embeddable":true,"href":"https:\/\/ethrat.ch\/fr\/wp-json\/wp\/v2\/comments?post=58830"}],"version-history":[{"count":1,"href":"https:\/\/ethrat.ch\/fr\/wp-json\/wp\/v2\/pages\/58830\/revisions"}],"predecessor-version":[{"id":58831,"href":"https:\/\/ethrat.ch\/fr\/wp-json\/wp\/v2\/pages\/58830\/revisions\/58831"}],"wp:attachment":[{"href":"https:\/\/ethrat.ch\/fr\/wp-json\/wp\/v2\/media?parent=58830"}],"wp:term":[{"taxonomy":"search-tag","embeddable":true,"href":"https:\/\/ethrat.ch\/fr\/wp-json\/wp\/v2\/search-tag?post=58830"}],"curies":[{"name":"wp","href":"https:\/\/api.w.org\/{rel}","templated":true}]}}