{"id":58814,"date":"2026-03-25T14:46:04","date_gmt":"2026-03-25T13:46:04","guid":{"rendered":"https:\/\/ethrat.ch\/un-interrupteur-a-souvenirs\/"},"modified":"2026-03-31T14:33:38","modified_gmt":"2026-03-31T12:33:38","slug":"un-interrupteur-a-souvenirs","status":"publish","type":"page","link":"https:\/\/ethrat.ch\/fr\/un-interrupteur-a-souvenirs\/","title":{"rendered":"Un \u00abinterrupteur\u00bb \u00e0 souvenirs"},"content":{"rendered":"\t\t<div data-elementor-type=\"wp-page\" data-elementor-id=\"58814\" class=\"elementor elementor-58814 elementor-58050\" data-elementor-post-type=\"page\">\n\t\t\t\t\t\t<section class=\"elementor-section elementor-top-section elementor-element elementor-element-b0317b2 elementor-section-boxed elementor-section-height-default elementor-section-height-default\" data-id=\"b0317b2\" data-element_type=\"section\" data-e-type=\"section\">\n\t\t\t\t\t\t<div class=\"elementor-container elementor-column-gap-default\">\n\t\t\t\t\t<div class=\"elementor-column elementor-col-100 elementor-top-column elementor-element elementor-element-51d0b6b\" data-id=\"51d0b6b\" data-element_type=\"column\" data-e-type=\"column\">\n\t\t\t<div class=\"elementor-widget-wrap elementor-element-populated\">\n\t\t\t\t\t\t<div class=\"elementor-element elementor-element-795c470 elementor-widget elementor-widget-image\" data-id=\"795c470\" data-element_type=\"widget\" data-e-type=\"widget\" data-widget_type=\"image.default\">\n\t\t\t\t<div class=\"elementor-widget-container\">\n\t\t\t\t\t\t\t\t\t\t\t\t<figure class=\"wp-caption\">\n\t\t\t\t\t\t\t\t\t\t<img decoding=\"async\" width=\"1000\" height=\"667\" src=\"https:\/\/ethrat.ch\/wp-content\/uploads\/2026\/03\/Short-Story-EPFL_iStock-481582374_Katarzyna-Bialasiewicz_low.jpg\" class=\"attachment-full size-full wp-image-58067\" alt=\"\" srcset=\"https:\/\/ethrat.ch\/wp-content\/uploads\/2026\/03\/Short-Story-EPFL_iStock-481582374_Katarzyna-Bialasiewicz_low.jpg 1000w, https:\/\/ethrat.ch\/wp-content\/uploads\/2026\/03\/Short-Story-EPFL_iStock-481582374_Katarzyna-Bialasiewicz_low-300x200.jpg 300w, https:\/\/ethrat.ch\/wp-content\/uploads\/2026\/03\/Short-Story-EPFL_iStock-481582374_Katarzyna-Bialasiewicz_low-768x512.jpg 768w\" sizes=\"(max-width: 1000px) 100vw, 1000px\" \/>\t\t\t\t\t\t\t\t\t\t\t<figcaption class=\"widget-image-caption wp-caption-text\">Image: Katarzyna Bialasiewicz\/iStock<\/figcaption>\n\t\t\t\t\t\t\t\t\t\t<\/figure>\n\t\t\t\t\t\t\t\t\t<\/div>\n\t\t\t\t<\/div>\n\t\t\t\t\t<\/div>\n\t\t<\/div>\n\t\t\t\t\t<\/div>\n\t\t<\/section>\n\t\t\t\t<section class=\"elementor-section elementor-top-section elementor-element elementor-element-55170b4 elementor-section-boxed elementor-section-height-default elementor-section-height-default\" data-id=\"55170b4\" data-element_type=\"section\" data-e-type=\"section\">\n\t\t\t\t\t\t<div class=\"elementor-container elementor-column-gap-default\">\n\t\t\t\t\t<div class=\"elementor-column elementor-col-100 elementor-top-column elementor-element elementor-element-a29727b\" data-id=\"a29727b\" data-element_type=\"column\" data-e-type=\"column\">\n\t\t\t<div class=\"elementor-widget-wrap elementor-element-populated\">\n\t\t\t\t\t\t<div class=\"elementor-element elementor-element-b1d7556 elementor-widget elementor-widget-text-editor\" data-id=\"b1d7556\" data-element_type=\"widget\" data-e-type=\"widget\" data-widget_type=\"text-editor.default\">\n\t\t\t\t<div class=\"elementor-widget-container\">\n\t\t\t\t\t\t\t\t\t<p>EPFL<\/p>\n\t\t\t\t\t\t\t\t<\/div>\n\t\t\t\t<\/div>\n\t\t\t\t\t<\/div>\n\t\t<\/div>\n\t\t\t\t\t<\/div>\n\t\t<\/section>\n\t\t\t\t<section class=\"elementor-section elementor-top-section elementor-element elementor-element-7beeb1f elementor-section-boxed elementor-section-height-default elementor-section-height-default\" data-id=\"7beeb1f\" data-element_type=\"section\" data-e-type=\"section\">\n\t\t\t\t\t\t<div class=\"elementor-container elementor-column-gap-default\">\n\t\t\t\t\t<div class=\"elementor-column elementor-col-100 elementor-top-column elementor-element elementor-element-fd6290c\" data-id=\"fd6290c\" data-element_type=\"column\" data-e-type=\"column\">\n\t\t\t<div class=\"elementor-widget-wrap elementor-element-populated\">\n\t\t\t\t\t\t<div class=\"elementor-element elementor-element-e561ca0 elementor-widget elementor-widget-text-editor\" data-id=\"e561ca0\" data-element_type=\"widget\" data-e-type=\"widget\" data-widget_type=\"text-editor.default\">\n\t\t\t\t<div class=\"elementor-widget-container\">\n\t\t\t\t\t\t\t\t\t<h1>Un \u00abinterrupteur\u00bb \u00e0 souvenirs<\/h1>\n\t\t\t\t\t\t\t\t<\/div>\n\t\t\t\t<\/div>\n\t\t\t\t\t<\/div>\n\t\t<\/div>\n\t\t\t\t\t<\/div>\n\t\t<\/section>\n\t\t\t\t<section class=\"elementor-section elementor-top-section elementor-element elementor-element-0feb1c5 elementor-section-boxed elementor-section-height-default elementor-section-height-default\" data-id=\"0feb1c5\" data-element_type=\"section\" data-e-type=\"section\">\n\t\t\t\t\t\t<div class=\"elementor-container elementor-column-gap-default\">\n\t\t\t\t\t<div class=\"elementor-column elementor-col-100 elementor-top-column elementor-element elementor-element-61587b6\" data-id=\"61587b6\" data-element_type=\"column\" data-e-type=\"column\">\n\t\t\t<div class=\"elementor-widget-wrap elementor-element-populated\">\n\t\t\t\t\t\t<div class=\"elementor-element elementor-element-920ee46 elementor-widget elementor-widget-text-editor\" data-id=\"920ee46\" data-element_type=\"widget\" data-e-type=\"widget\" data-widget_type=\"text-editor.default\">\n\t\t\t\t<div class=\"elementor-widget-container\">\n\t\t\t\t\t\t\t\t\t<p>Activer et d\u00e9sactiver les souvenirs gr\u00e2ce \u00e0 l&rsquo;\u00e9pig\u00e9n\u00e9tique.<\/p>\n\t\t\t\t\t\t\t\t<\/div>\n\t\t\t\t<\/div>\n\t\t\t\t\t<\/div>\n\t\t<\/div>\n\t\t\t\t\t<\/div>\n\t\t<\/section>\n\t\t\t\t<section class=\"elementor-section elementor-top-section elementor-element elementor-element-6eece69 elementor-section-boxed elementor-section-height-default elementor-section-height-default\" data-id=\"6eece69\" data-element_type=\"section\" data-e-type=\"section\">\n\t\t\t\t\t\t<div class=\"elementor-container elementor-column-gap-default\">\n\t\t\t\t\t<div class=\"elementor-column elementor-col-100 elementor-top-column elementor-element elementor-element-79e7aef\" data-id=\"79e7aef\" data-element_type=\"column\" data-e-type=\"column\">\n\t\t\t<div class=\"elementor-widget-wrap elementor-element-populated\">\n\t\t\t\t\t\t<div class=\"elementor-element elementor-element-b23372b elementor-widget elementor-widget-text-editor\" data-id=\"b23372b\" data-element_type=\"widget\" data-e-type=\"widget\" data-widget_type=\"text-editor.default\">\n\t\t\t\t<div class=\"elementor-widget-container\">\n\t\t\t\t\t\t\t\t\t<p>Nos exp\u00e9riences laissent des traces dans le cerveau, stock\u00e9es dans de petits groupes de cellules appel\u00e9s \u00abengrammes\u00bb. On suppose que ces engrammes contiennent l\u2019information d\u2019un souvenir et sont r\u00e9activ\u00e9s lorsque nous nous souvenons. Une \u00e9quipe dirig\u00e9e par le professeur Johannes Gr\u00e4ff du <a href=\"https:\/\/www.epfl.ch\/labs\/graefflab\/\" target=\"_blank\" rel=\"noopener\">Laboratoire de neuro\u00e9pig\u00e9n\u00e9tique de l\u2019EPFL<\/a> a combin\u00e9 le contr\u00f4le g\u00e9nique bas\u00e9 sur CRISPR avec une technique de marquage des cellules d\u2019engramme chez la souris. Les souris ont ensuite \u00e9t\u00e9 entra\u00een\u00e9es \u00e0 associer un endroit sp\u00e9cifique \u00e0 un l\u00e9ger choc \u00e9lectrique au niveau des pattes. Les scientifiques ont pu d\u00e9montrer que l\u2019inhibition par CRISPR du g\u00e8ne Arc dans les cellules d\u2019engramme emp\u00eache les souris d\u2019apprendre, tandis que son amplification renforce leur m\u00e9moire. Des approches semblables pourraient aider les scientifiques \u00e0 mieux comprendre les conditions dans lesquelles le traitement de la m\u00e9moire ne fonctionne pas correctement, comme pour le trouble de stress post-traumatique (TSPT), les souvenirs li\u00e9s \u00e0 la toxicomanie ou les probl\u00e8mes de m\u00e9moire qui apparaissent dans les maladies neurod\u00e9g\u00e9n\u00e9ratives.<\/p>\n\t\t\t\t\t\t\t\t<\/div>\n\t\t\t\t<\/div>\n\t\t\t\t\t<\/div>\n\t\t<\/div>\n\t\t\t\t\t<\/div>\n\t\t<\/section>\n\t\t\t\t<\/div>\n\t\t","protected":false},"excerpt":{"rendered":"<p>Image: Katarzyna Bialasiewicz\/iStock EPFL Un \u00abinterrupteur\u00bb \u00e0 souvenirs Activer et d\u00e9sactiver les souvenirs gr\u00e2ce \u00e0 l&rsquo;\u00e9pig\u00e9n\u00e9tique. Nos exp\u00e9riences laissent des traces dans le cerveau, stock\u00e9es dans de petits groupes de cellules appel\u00e9s \u00abengrammes\u00bb. On suppose que ces engrammes contiennent l\u2019information d\u2019un souvenir et sont r\u00e9activ\u00e9s lorsque nous nous souvenons. Une \u00e9quipe dirig\u00e9e par le professeur &#8230;<\/p>\n","protected":false},"author":26,"featured_media":0,"parent":0,"menu_order":0,"comment_status":"closed","ping_status":"closed","template":"","meta":{"_acf_changed":false,"footnotes":"","_links_to":"","_links_to_target":""},"search-tag":[],"class_list":["post-58814","page","type-page","status-publish","hentry"],"acf":[],"yoast_head":"<!-- This site is optimized with the Yoast SEO plugin v27.3 - https:\/\/yoast.com\/product\/yoast-seo-wordpress\/ -->\n<title>Un \u00abinterrupteur\u00bb \u00e0 souvenirs - Conseil des EPF<\/title>\n<meta name=\"robots\" content=\"index, follow, max-snippet:-1, max-image-preview:large, max-video-preview:-1\" \/>\n<link rel=\"canonical\" href=\"https:\/\/ethrat.ch\/de\/schalter-fuer-erinnerungen\/\" \/>\n<meta property=\"og:locale\" content=\"fr_FR\" \/>\n<meta property=\"og:type\" content=\"article\" \/>\n<meta property=\"og:title\" content=\"Un \u00abinterrupteur\u00bb \u00e0 souvenirs - Conseil des EPF\" \/>\n<meta property=\"og:description\" content=\"Image: Katarzyna Bialasiewicz\/iStock EPFL Un \u00abinterrupteur\u00bb \u00e0 souvenirs Activer et d\u00e9sactiver les souvenirs gr\u00e2ce \u00e0 l&rsquo;\u00e9pig\u00e9n\u00e9tique. Nos exp\u00e9riences laissent des traces dans le cerveau, stock\u00e9es dans de petits groupes de cellules appel\u00e9s \u00abengrammes\u00bb. On suppose que ces engrammes contiennent l\u2019information d\u2019un souvenir et sont r\u00e9activ\u00e9s lorsque nous nous souvenons. Une \u00e9quipe dirig\u00e9e par le professeur ...\" \/>\n<meta property=\"og:url\" content=\"https:\/\/ethrat.ch\/de\/schalter-fuer-erinnerungen\/\" \/>\n<meta property=\"og:site_name\" content=\"Conseil des EPF\" \/>\n<meta property=\"article:modified_time\" content=\"2026-03-31T12:33:38+00:00\" \/>\n<meta property=\"og:image\" content=\"https:\/\/ethrat.ch\/wp-content\/uploads\/2026\/03\/Short-Story-EPFL_iStock-481582374_Katarzyna-Bialasiewicz_low.jpg\" \/>\n\t<meta property=\"og:image:width\" content=\"1000\" \/>\n\t<meta property=\"og:image:height\" content=\"667\" \/>\n\t<meta property=\"og:image:type\" content=\"image\/jpeg\" \/>\n<meta name=\"twitter:card\" content=\"summary_large_image\" \/>\n<meta name=\"twitter:site\" content=\"@eth_rat\" \/>\n<meta name=\"twitter:label1\" content=\"Dur\u00e9e de lecture estim\u00e9e\" \/>\n\t<meta name=\"twitter:data1\" content=\"1 minute\" \/>\n<script type=\"application\/ld+json\" class=\"yoast-schema-graph\">{\"@context\":\"https:\\\/\\\/schema.org\",\"@graph\":[{\"@type\":\"WebPage\",\"@id\":\"https:\\\/\\\/ethrat.ch\\\/de\\\/schalter-fuer-erinnerungen\\\/\",\"url\":\"https:\\\/\\\/ethrat.ch\\\/de\\\/schalter-fuer-erinnerungen\\\/\",\"name\":\"Un \u00abinterrupteur\u00bb \u00e0 souvenirs - Conseil des EPF\",\"isPartOf\":{\"@id\":\"https:\\\/\\\/ethrat.ch\\\/de\\\/#website\"},\"primaryImageOfPage\":{\"@id\":\"https:\\\/\\\/ethrat.ch\\\/de\\\/schalter-fuer-erinnerungen\\\/#primaryimage\"},\"image\":{\"@id\":\"https:\\\/\\\/ethrat.ch\\\/de\\\/schalter-fuer-erinnerungen\\\/#primaryimage\"},\"thumbnailUrl\":\"https:\\\/\\\/ethrat.ch\\\/wp-content\\\/uploads\\\/2026\\\/03\\\/Short-Story-EPFL_iStock-481582374_Katarzyna-Bialasiewicz_low.jpg\",\"datePublished\":\"2026-03-25T13:46:04+00:00\",\"dateModified\":\"2026-03-31T12:33:38+00:00\",\"breadcrumb\":{\"@id\":\"https:\\\/\\\/ethrat.ch\\\/de\\\/schalter-fuer-erinnerungen\\\/#breadcrumb\"},\"inLanguage\":\"fr-FR\",\"potentialAction\":[{\"@type\":\"ReadAction\",\"target\":[\"https:\\\/\\\/ethrat.ch\\\/de\\\/schalter-fuer-erinnerungen\\\/\"]}]},{\"@type\":\"ImageObject\",\"inLanguage\":\"fr-FR\",\"@id\":\"https:\\\/\\\/ethrat.ch\\\/de\\\/schalter-fuer-erinnerungen\\\/#primaryimage\",\"url\":\"https:\\\/\\\/ethrat.ch\\\/wp-content\\\/uploads\\\/2026\\\/03\\\/Short-Story-EPFL_iStock-481582374_Katarzyna-Bialasiewicz_low.jpg\",\"contentUrl\":\"https:\\\/\\\/ethrat.ch\\\/wp-content\\\/uploads\\\/2026\\\/03\\\/Short-Story-EPFL_iStock-481582374_Katarzyna-Bialasiewicz_low.jpg\"},{\"@type\":\"BreadcrumbList\",\"@id\":\"https:\\\/\\\/ethrat.ch\\\/de\\\/schalter-fuer-erinnerungen\\\/#breadcrumb\",\"itemListElement\":[{\"@type\":\"ListItem\",\"position\":1,\"name\":\"Home\",\"item\":\"https:\\\/\\\/ethrat.ch\\\/fr\\\/\"},{\"@type\":\"ListItem\",\"position\":2,\"name\":\"Un \u00abinterrupteur\u00bb \u00e0 souvenirs\"}]},{\"@type\":\"WebSite\",\"@id\":\"https:\\\/\\\/ethrat.ch\\\/de\\\/#website\",\"url\":\"https:\\\/\\\/ethrat.ch\\\/de\\\/\",\"name\":\"ETH-Rat\",\"description\":\"\",\"publisher\":{\"@id\":\"https:\\\/\\\/ethrat.ch\\\/de\\\/#organization\"},\"potentialAction\":[{\"@type\":\"SearchAction\",\"target\":{\"@type\":\"EntryPoint\",\"urlTemplate\":\"https:\\\/\\\/ethrat.ch\\\/de\\\/?s={search_term_string}\"},\"query-input\":{\"@type\":\"PropertyValueSpecification\",\"valueRequired\":true,\"valueName\":\"search_term_string\"}}],\"inLanguage\":\"fr-FR\"},{\"@type\":\"Organization\",\"@id\":\"https:\\\/\\\/ethrat.ch\\\/de\\\/#organization\",\"name\":\"ETH-Rat\",\"url\":\"https:\\\/\\\/ethrat.ch\\\/de\\\/\",\"logo\":{\"@type\":\"ImageObject\",\"inLanguage\":\"fr-FR\",\"@id\":\"https:\\\/\\\/ethrat.ch\\\/de\\\/#\\\/schema\\\/logo\\\/image\\\/\",\"url\":\"https:\\\/\\\/ethrat.ch\\\/wp-content\\\/uploads\\\/2024\\\/04\\\/logo-white.svg\",\"contentUrl\":\"https:\\\/\\\/ethrat.ch\\\/wp-content\\\/uploads\\\/2024\\\/04\\\/logo-white.svg\",\"width\":283,\"height\":81,\"caption\":\"ETH-Rat\"},\"image\":{\"@id\":\"https:\\\/\\\/ethrat.ch\\\/de\\\/#\\\/schema\\\/logo\\\/image\\\/\"},\"sameAs\":[\"https:\\\/\\\/x.com\\\/eth_rat\",\"https:\\\/\\\/issuu.com\\\/ethrat\",\"https:\\\/\\\/www.linkedin.com\\\/company\\\/eth-rat\\\/\"]}]}<\/script>\n<!-- \/ Yoast SEO plugin. -->","yoast_head_json":{"title":"Un \u00abinterrupteur\u00bb \u00e0 souvenirs - Conseil des EPF","robots":{"index":"index","follow":"follow","max-snippet":"max-snippet:-1","max-image-preview":"max-image-preview:large","max-video-preview":"max-video-preview:-1"},"canonical":"https:\/\/ethrat.ch\/de\/schalter-fuer-erinnerungen\/","og_locale":"fr_FR","og_type":"article","og_title":"Un \u00abinterrupteur\u00bb \u00e0 souvenirs - Conseil des EPF","og_description":"Image: Katarzyna Bialasiewicz\/iStock EPFL Un \u00abinterrupteur\u00bb \u00e0 souvenirs Activer et d\u00e9sactiver les souvenirs gr\u00e2ce \u00e0 l&rsquo;\u00e9pig\u00e9n\u00e9tique. Nos exp\u00e9riences laissent des traces dans le cerveau, stock\u00e9es dans de petits groupes de cellules appel\u00e9s \u00abengrammes\u00bb. On suppose que ces engrammes contiennent l\u2019information d\u2019un souvenir et sont r\u00e9activ\u00e9s lorsque nous nous souvenons. Une \u00e9quipe dirig\u00e9e par le professeur ...","og_url":"https:\/\/ethrat.ch\/de\/schalter-fuer-erinnerungen\/","og_site_name":"Conseil des EPF","article_modified_time":"2026-03-31T12:33:38+00:00","og_image":[{"width":1000,"height":667,"url":"https:\/\/ethrat.ch\/wp-content\/uploads\/2026\/03\/Short-Story-EPFL_iStock-481582374_Katarzyna-Bialasiewicz_low.jpg","type":"image\/jpeg"}],"twitter_card":"summary_large_image","twitter_site":"@eth_rat","twitter_misc":{"Dur\u00e9e de lecture estim\u00e9e":"1 minute"},"schema":{"@context":"https:\/\/schema.org","@graph":[{"@type":"WebPage","@id":"https:\/\/ethrat.ch\/de\/schalter-fuer-erinnerungen\/","url":"https:\/\/ethrat.ch\/de\/schalter-fuer-erinnerungen\/","name":"Un \u00abinterrupteur\u00bb \u00e0 souvenirs - Conseil des EPF","isPartOf":{"@id":"https:\/\/ethrat.ch\/de\/#website"},"primaryImageOfPage":{"@id":"https:\/\/ethrat.ch\/de\/schalter-fuer-erinnerungen\/#primaryimage"},"image":{"@id":"https:\/\/ethrat.ch\/de\/schalter-fuer-erinnerungen\/#primaryimage"},"thumbnailUrl":"https:\/\/ethrat.ch\/wp-content\/uploads\/2026\/03\/Short-Story-EPFL_iStock-481582374_Katarzyna-Bialasiewicz_low.jpg","datePublished":"2026-03-25T13:46:04+00:00","dateModified":"2026-03-31T12:33:38+00:00","breadcrumb":{"@id":"https:\/\/ethrat.ch\/de\/schalter-fuer-erinnerungen\/#breadcrumb"},"inLanguage":"fr-FR","potentialAction":[{"@type":"ReadAction","target":["https:\/\/ethrat.ch\/de\/schalter-fuer-erinnerungen\/"]}]},{"@type":"ImageObject","inLanguage":"fr-FR","@id":"https:\/\/ethrat.ch\/de\/schalter-fuer-erinnerungen\/#primaryimage","url":"https:\/\/ethrat.ch\/wp-content\/uploads\/2026\/03\/Short-Story-EPFL_iStock-481582374_Katarzyna-Bialasiewicz_low.jpg","contentUrl":"https:\/\/ethrat.ch\/wp-content\/uploads\/2026\/03\/Short-Story-EPFL_iStock-481582374_Katarzyna-Bialasiewicz_low.jpg"},{"@type":"BreadcrumbList","@id":"https:\/\/ethrat.ch\/de\/schalter-fuer-erinnerungen\/#breadcrumb","itemListElement":[{"@type":"ListItem","position":1,"name":"Home","item":"https:\/\/ethrat.ch\/fr\/"},{"@type":"ListItem","position":2,"name":"Un \u00abinterrupteur\u00bb \u00e0 souvenirs"}]},{"@type":"WebSite","@id":"https:\/\/ethrat.ch\/de\/#website","url":"https:\/\/ethrat.ch\/de\/","name":"ETH-Rat","description":"","publisher":{"@id":"https:\/\/ethrat.ch\/de\/#organization"},"potentialAction":[{"@type":"SearchAction","target":{"@type":"EntryPoint","urlTemplate":"https:\/\/ethrat.ch\/de\/?s={search_term_string}"},"query-input":{"@type":"PropertyValueSpecification","valueRequired":true,"valueName":"search_term_string"}}],"inLanguage":"fr-FR"},{"@type":"Organization","@id":"https:\/\/ethrat.ch\/de\/#organization","name":"ETH-Rat","url":"https:\/\/ethrat.ch\/de\/","logo":{"@type":"ImageObject","inLanguage":"fr-FR","@id":"https:\/\/ethrat.ch\/de\/#\/schema\/logo\/image\/","url":"https:\/\/ethrat.ch\/wp-content\/uploads\/2024\/04\/logo-white.svg","contentUrl":"https:\/\/ethrat.ch\/wp-content\/uploads\/2024\/04\/logo-white.svg","width":283,"height":81,"caption":"ETH-Rat"},"image":{"@id":"https:\/\/ethrat.ch\/de\/#\/schema\/logo\/image\/"},"sameAs":["https:\/\/x.com\/eth_rat","https:\/\/issuu.com\/ethrat","https:\/\/www.linkedin.com\/company\/eth-rat\/"]}]}},"_links":{"self":[{"href":"https:\/\/ethrat.ch\/fr\/wp-json\/wp\/v2\/pages\/58814","targetHints":{"allow":["GET"]}}],"collection":[{"href":"https:\/\/ethrat.ch\/fr\/wp-json\/wp\/v2\/pages"}],"about":[{"href":"https:\/\/ethrat.ch\/fr\/wp-json\/wp\/v2\/types\/page"}],"author":[{"embeddable":true,"href":"https:\/\/ethrat.ch\/fr\/wp-json\/wp\/v2\/users\/26"}],"replies":[{"embeddable":true,"href":"https:\/\/ethrat.ch\/fr\/wp-json\/wp\/v2\/comments?post=58814"}],"version-history":[{"count":2,"href":"https:\/\/ethrat.ch\/fr\/wp-json\/wp\/v2\/pages\/58814\/revisions"}],"predecessor-version":[{"id":59552,"href":"https:\/\/ethrat.ch\/fr\/wp-json\/wp\/v2\/pages\/58814\/revisions\/59552"}],"wp:attachment":[{"href":"https:\/\/ethrat.ch\/fr\/wp-json\/wp\/v2\/media?parent=58814"}],"wp:term":[{"taxonomy":"search-tag","embeddable":true,"href":"https:\/\/ethrat.ch\/fr\/wp-json\/wp\/v2\/search-tag?post=58814"}],"curies":[{"name":"wp","href":"https:\/\/api.w.org\/{rel}","templated":true}]}}