{"id":58792,"date":"2026-03-31T13:17:48","date_gmt":"2026-03-31T11:17:48","guid":{"rendered":"https:\/\/ethrat.ch\/?page_id=58792"},"modified":"2026-03-31T14:34:54","modified_gmt":"2026-03-31T12:34:54","slug":"prfc-ultralegers-extremement-resistants-et-desormais-recyclables","status":"publish","type":"page","link":"https:\/\/ethrat.ch\/fr\/prfc-ultralegers-extremement-resistants-et-desormais-recyclables\/","title":{"rendered":"PRFC: ultral\u00e9gers, extr\u00eamement r\u00e9sistants \u2013 et d\u00e9sormais recyclables"},"content":{"rendered":"\t\t<div data-elementor-type=\"wp-page\" data-elementor-id=\"58792\" class=\"elementor elementor-58792 elementor-58150\" data-elementor-post-type=\"page\">\n\t\t\t\t\t\t<section class=\"elementor-section elementor-top-section elementor-element elementor-element-b0317b2 elementor-section-boxed elementor-section-height-default elementor-section-height-default\" data-id=\"b0317b2\" data-element_type=\"section\" data-e-type=\"section\">\n\t\t\t\t\t\t<div class=\"elementor-container elementor-column-gap-default\">\n\t\t\t\t\t<div class=\"elementor-column elementor-col-100 elementor-top-column elementor-element elementor-element-51d0b6b\" data-id=\"51d0b6b\" data-element_type=\"column\" data-e-type=\"column\">\n\t\t\t<div class=\"elementor-widget-wrap elementor-element-populated\">\n\t\t\t\t\t\t<div class=\"elementor-element elementor-element-795c470 elementor-widget elementor-widget-image\" data-id=\"795c470\" data-element_type=\"widget\" data-e-type=\"widget\" data-widget_type=\"image.default\">\n\t\t\t\t<div class=\"elementor-widget-container\">\n\t\t\t\t\t\t\t\t\t\t\t\t<figure class=\"wp-caption\">\n\t\t\t\t\t\t\t\t\t\t<img decoding=\"async\" width=\"1000\" height=\"667\" src=\"https:\/\/ethrat.ch\/wp-content\/uploads\/2026\/03\/Oderbruecke_1000x600_150px.jpg\" class=\"attachment-full size-full wp-image-58155\" alt=\"\" srcset=\"https:\/\/ethrat.ch\/wp-content\/uploads\/2026\/03\/Oderbruecke_1000x600_150px.jpg 1000w, https:\/\/ethrat.ch\/wp-content\/uploads\/2026\/03\/Oderbruecke_1000x600_150px-300x200.jpg 300w, https:\/\/ethrat.ch\/wp-content\/uploads\/2026\/03\/Oderbruecke_1000x600_150px-768x512.jpg 768w\" sizes=\"(max-width: 1000px) 100vw, 1000px\" \/>\t\t\t\t\t\t\t\t\t\t\t<figcaption class=\"widget-image-caption wp-caption-text\">Le pont sur l\u2019Oder avec son arc en r\u00e9seau de 130 m\u00e8tres d\u2019envergure et ses 88 suspentes en carbone. Image \u00e0 gauche: Volker Emersleben\/Deutsche Bahn AG<\/figcaption>\n\t\t\t\t\t\t\t\t\t\t<\/figure>\n\t\t\t\t\t\t\t\t\t<\/div>\n\t\t\t\t<\/div>\n\t\t\t\t\t<\/div>\n\t\t<\/div>\n\t\t\t\t\t<\/div>\n\t\t<\/section>\n\t\t\t\t<section class=\"elementor-section elementor-top-section elementor-element elementor-element-471962d elementor-section-boxed elementor-section-height-default elementor-section-height-default\" data-id=\"471962d\" data-element_type=\"section\" data-e-type=\"section\">\n\t\t\t\t\t\t<div class=\"elementor-container elementor-column-gap-default\">\n\t\t\t\t\t<div class=\"elementor-column elementor-col-100 elementor-top-column elementor-element elementor-element-1ba6655\" data-id=\"1ba6655\" data-element_type=\"column\" data-e-type=\"column\">\n\t\t\t<div class=\"elementor-widget-wrap elementor-element-populated\">\n\t\t\t\t\t\t<div class=\"elementor-element elementor-element-0c84dad elementor-widget elementor-widget-text-editor\" data-id=\"0c84dad\" data-element_type=\"widget\" data-e-type=\"widget\" data-widget_type=\"text-editor.default\">\n\t\t\t\t<div class=\"elementor-widget-container\">\n\t\t\t\t\t\t\t\t\t<p>Empa<\/p>\n\t\t\t\t\t\t\t\t<\/div>\n\t\t\t\t<\/div>\n\t\t\t\t\t<\/div>\n\t\t<\/div>\n\t\t\t\t\t<\/div>\n\t\t<\/section>\n\t\t\t\t<section class=\"elementor-section elementor-top-section elementor-element elementor-element-7beeb1f elementor-section-boxed elementor-section-height-default elementor-section-height-default\" data-id=\"7beeb1f\" data-element_type=\"section\" data-e-type=\"section\">\n\t\t\t\t\t\t<div class=\"elementor-container elementor-column-gap-default\">\n\t\t\t\t\t<div class=\"elementor-column elementor-col-100 elementor-top-column elementor-element elementor-element-fd6290c\" data-id=\"fd6290c\" data-element_type=\"column\" data-e-type=\"column\">\n\t\t\t<div class=\"elementor-widget-wrap elementor-element-populated\">\n\t\t\t\t\t\t<div class=\"elementor-element elementor-element-e561ca0 elementor-widget elementor-widget-text-editor\" data-id=\"e561ca0\" data-element_type=\"widget\" data-e-type=\"widget\" data-widget_type=\"text-editor.default\">\n\t\t\t\t<div class=\"elementor-widget-container\">\n\t\t\t\t\t\t\t\t\t<h1>PRFC: ultral\u00e9gers, extr\u00eamement r\u00e9sistants \u2013 et d\u00e9sormais recyclables<\/h1>\n\t\t\t\t\t\t\t\t<\/div>\n\t\t\t\t<\/div>\n\t\t\t\t\t<\/div>\n\t\t<\/div>\n\t\t\t\t\t<\/div>\n\t\t<\/section>\n\t\t\t\t<section class=\"elementor-section elementor-top-section elementor-element elementor-element-0feb1c5 elementor-section-boxed elementor-section-height-default elementor-section-height-default\" data-id=\"0feb1c5\" data-element_type=\"section\" data-e-type=\"section\">\n\t\t\t\t\t\t<div class=\"elementor-container elementor-column-gap-default\">\n\t\t\t\t\t<div class=\"elementor-column elementor-col-100 elementor-top-column elementor-element elementor-element-61587b6\" data-id=\"61587b6\" data-element_type=\"column\" data-e-type=\"column\">\n\t\t\t<div class=\"elementor-widget-wrap elementor-element-populated\">\n\t\t\t\t\t\t<div class=\"elementor-element elementor-element-920ee46 elementor-widget elementor-widget-text-editor\" data-id=\"920ee46\" data-element_type=\"widget\" data-e-type=\"widget\" data-widget_type=\"text-editor.default\">\n\t\t\t\t<div class=\"elementor-widget-container\">\n\t\t\t\t\t\t\t\t\t<p>Innovation de l&rsquo;Empa dans la construction de ponts: un pont ferroviaire prim\u00e9 gr\u00e2ce \u00e0 des c\u00e2bles en carbone suisses.<\/p>\n\t\t\t\t\t\t\t\t<\/div>\n\t\t\t\t<\/div>\n\t\t\t\t\t<\/div>\n\t\t<\/div>\n\t\t\t\t\t<\/div>\n\t\t<\/section>\n\t\t\t\t<section class=\"elementor-section elementor-top-section elementor-element elementor-element-6eece69 elementor-section-boxed elementor-section-height-default elementor-section-height-default\" data-id=\"6eece69\" data-element_type=\"section\" data-e-type=\"section\">\n\t\t\t\t\t\t<div class=\"elementor-container elementor-column-gap-default\">\n\t\t\t\t\t<div class=\"elementor-column elementor-col-100 elementor-top-column elementor-element elementor-element-79e7aef\" data-id=\"79e7aef\" data-element_type=\"column\" data-e-type=\"column\">\n\t\t\t<div class=\"elementor-widget-wrap elementor-element-populated\">\n\t\t\t\t\t\t<div class=\"elementor-element elementor-element-b23372b elementor-widget elementor-widget-text-editor\" data-id=\"b23372b\" data-element_type=\"widget\" data-e-type=\"widget\" data-widget_type=\"text-editor.default\">\n\t\t\t\t<div class=\"elementor-widget-container\">\n\t\t\t\t\t\t\t\t\t<p>Les plastiques renforc\u00e9s de fibres de carbone (PRFC) sont de plus en plus utilis\u00e9s dans la construction d\u2019infrastructures pour renforcer les structures. Exemple r\u00e9cent de la technologie d\u00e9velopp\u00e9e par l\u2019Empa: le pont sur l\u2019Oder pr\u00e8s de K\u00fcstrin, qui relie l\u2019Allemagne \u00e0 la Pologne, plusieurs fois prim\u00e9 en 2025. Le pont est soutenu par un arc en r\u00e9seau compos\u00e9 de 88 suspentes en carbone. Ces derni\u00e8res ont \u00e9t\u00e9 d\u00e9velopp\u00e9es et fabriqu\u00e9es par le (premier) spinoff de l\u2019Empa, Carbo-Link. Des c\u00e2bles similaires \u00e9taient \u00e9galement utilis\u00e9s sur le bateau Alinghi lors de ses victoires de la Coupe de l\u2019America. Mais que faire si ces ouvrages doivent \u00eatre d\u00e9mantel\u00e9s dans un avenir lointain? Dans le cadre de l\u2019initiative <em>Design4reuse<\/em> de l\u2019Empa, des scientifiques d\u00e9veloppent des technologies permettant de donner une seconde vie \u00e0 ces pr\u00e9cieuses fibres de carbone.<\/p>\n\t\t\t\t\t\t\t\t<\/div>\n\t\t\t\t<\/div>\n\t\t\t\t\t<\/div>\n\t\t<\/div>\n\t\t\t\t\t<\/div>\n\t\t<\/section>\n\t\t\t\t<\/div>\n\t\t","protected":false},"excerpt":{"rendered":"<p>Le pont sur l\u2019Oder avec son arc en r\u00e9seau de 130 m\u00e8tres d\u2019envergure et ses 88 suspentes en carbone. Image \u00e0 gauche: Volker Emersleben\/Deutsche Bahn AG Empa PRFC: ultral\u00e9gers, extr\u00eamement r\u00e9sistants \u2013 et d\u00e9sormais recyclables Innovation de l&rsquo;Empa dans la construction de ponts: un pont ferroviaire prim\u00e9 gr\u00e2ce \u00e0 des c\u00e2bles en carbone suisses. Les &#8230;<\/p>\n","protected":false},"author":26,"featured_media":0,"parent":0,"menu_order":0,"comment_status":"closed","ping_status":"closed","template":"","meta":{"_acf_changed":false,"footnotes":"","_links_to":"","_links_to_target":""},"search-tag":[],"class_list":["post-58792","page","type-page","status-publish","hentry"],"acf":[],"yoast_head":"<!-- This site is optimized with the Yoast SEO plugin v27.3 - https:\/\/yoast.com\/product\/yoast-seo-wordpress\/ -->\n<title>PRFC: ultral\u00e9gers, extr\u00eamement r\u00e9sistants \u2013 et d\u00e9sormais recyclables - Conseil des EPF<\/title>\n<meta name=\"robots\" content=\"index, follow, max-snippet:-1, max-image-preview:large, max-video-preview:-1\" \/>\n<link rel=\"canonical\" href=\"https:\/\/ethrat.ch\/de\/cfk-ultraleicht-extrem-stark-und-neu-wiederverwertbar\/\" \/>\n<meta property=\"og:locale\" content=\"fr_FR\" \/>\n<meta property=\"og:type\" content=\"article\" \/>\n<meta property=\"og:title\" content=\"PRFC: ultral\u00e9gers, extr\u00eamement r\u00e9sistants \u2013 et d\u00e9sormais recyclables - Conseil des EPF\" \/>\n<meta property=\"og:description\" content=\"Le pont sur l\u2019Oder avec son arc en r\u00e9seau de 130 m\u00e8tres d\u2019envergure et ses 88 suspentes en carbone. Image \u00e0 gauche: Volker Emersleben\/Deutsche Bahn AG Empa PRFC: ultral\u00e9gers, extr\u00eamement r\u00e9sistants \u2013 et d\u00e9sormais recyclables Innovation de l&rsquo;Empa dans la construction de ponts: un pont ferroviaire prim\u00e9 gr\u00e2ce \u00e0 des c\u00e2bles en carbone suisses. Les ...\" \/>\n<meta property=\"og:url\" content=\"https:\/\/ethrat.ch\/de\/cfk-ultraleicht-extrem-stark-und-neu-wiederverwertbar\/\" \/>\n<meta property=\"og:site_name\" content=\"Conseil des EPF\" \/>\n<meta property=\"article:modified_time\" content=\"2026-03-31T12:34:54+00:00\" \/>\n<meta property=\"og:image\" content=\"https:\/\/ethrat.ch\/wp-content\/uploads\/2026\/03\/Oderbruecke_1000x600_150px.jpg\" \/>\n\t<meta property=\"og:image:width\" content=\"1000\" \/>\n\t<meta property=\"og:image:height\" content=\"667\" \/>\n\t<meta property=\"og:image:type\" content=\"image\/jpeg\" \/>\n<meta name=\"twitter:card\" content=\"summary_large_image\" \/>\n<meta name=\"twitter:site\" content=\"@eth_rat\" \/>\n<meta name=\"twitter:label1\" content=\"Dur\u00e9e de lecture estim\u00e9e\" \/>\n\t<meta name=\"twitter:data1\" content=\"1 minute\" \/>\n<script type=\"application\/ld+json\" class=\"yoast-schema-graph\">{\"@context\":\"https:\\\/\\\/schema.org\",\"@graph\":[{\"@type\":\"WebPage\",\"@id\":\"https:\\\/\\\/ethrat.ch\\\/de\\\/cfk-ultraleicht-extrem-stark-und-neu-wiederverwertbar\\\/\",\"url\":\"https:\\\/\\\/ethrat.ch\\\/de\\\/cfk-ultraleicht-extrem-stark-und-neu-wiederverwertbar\\\/\",\"name\":\"PRFC: ultral\u00e9gers, extr\u00eamement r\u00e9sistants \u2013 et d\u00e9sormais recyclables - Conseil des EPF\",\"isPartOf\":{\"@id\":\"https:\\\/\\\/ethrat.ch\\\/de\\\/#website\"},\"primaryImageOfPage\":{\"@id\":\"https:\\\/\\\/ethrat.ch\\\/de\\\/cfk-ultraleicht-extrem-stark-und-neu-wiederverwertbar\\\/#primaryimage\"},\"image\":{\"@id\":\"https:\\\/\\\/ethrat.ch\\\/de\\\/cfk-ultraleicht-extrem-stark-und-neu-wiederverwertbar\\\/#primaryimage\"},\"thumbnailUrl\":\"https:\\\/\\\/ethrat.ch\\\/wp-content\\\/uploads\\\/2026\\\/03\\\/Oderbruecke_1000x600_150px.jpg\",\"datePublished\":\"2026-03-31T11:17:48+00:00\",\"dateModified\":\"2026-03-31T12:34:54+00:00\",\"breadcrumb\":{\"@id\":\"https:\\\/\\\/ethrat.ch\\\/de\\\/cfk-ultraleicht-extrem-stark-und-neu-wiederverwertbar\\\/#breadcrumb\"},\"inLanguage\":\"fr-FR\",\"potentialAction\":[{\"@type\":\"ReadAction\",\"target\":[\"https:\\\/\\\/ethrat.ch\\\/de\\\/cfk-ultraleicht-extrem-stark-und-neu-wiederverwertbar\\\/\"]}]},{\"@type\":\"ImageObject\",\"inLanguage\":\"fr-FR\",\"@id\":\"https:\\\/\\\/ethrat.ch\\\/de\\\/cfk-ultraleicht-extrem-stark-und-neu-wiederverwertbar\\\/#primaryimage\",\"url\":\"https:\\\/\\\/ethrat.ch\\\/wp-content\\\/uploads\\\/2026\\\/03\\\/Oderbruecke_1000x600_150px.jpg\",\"contentUrl\":\"https:\\\/\\\/ethrat.ch\\\/wp-content\\\/uploads\\\/2026\\\/03\\\/Oderbruecke_1000x600_150px.jpg\"},{\"@type\":\"BreadcrumbList\",\"@id\":\"https:\\\/\\\/ethrat.ch\\\/de\\\/cfk-ultraleicht-extrem-stark-und-neu-wiederverwertbar\\\/#breadcrumb\",\"itemListElement\":[{\"@type\":\"ListItem\",\"position\":1,\"name\":\"Home\",\"item\":\"https:\\\/\\\/ethrat.ch\\\/fr\\\/\"},{\"@type\":\"ListItem\",\"position\":2,\"name\":\"PRFC: ultral\u00e9gers, extr\u00eamement r\u00e9sistants \u2013 et d\u00e9sormais recyclables\"}]},{\"@type\":\"WebSite\",\"@id\":\"https:\\\/\\\/ethrat.ch\\\/de\\\/#website\",\"url\":\"https:\\\/\\\/ethrat.ch\\\/de\\\/\",\"name\":\"ETH-Rat\",\"description\":\"\",\"publisher\":{\"@id\":\"https:\\\/\\\/ethrat.ch\\\/de\\\/#organization\"},\"potentialAction\":[{\"@type\":\"SearchAction\",\"target\":{\"@type\":\"EntryPoint\",\"urlTemplate\":\"https:\\\/\\\/ethrat.ch\\\/de\\\/?s={search_term_string}\"},\"query-input\":{\"@type\":\"PropertyValueSpecification\",\"valueRequired\":true,\"valueName\":\"search_term_string\"}}],\"inLanguage\":\"fr-FR\"},{\"@type\":\"Organization\",\"@id\":\"https:\\\/\\\/ethrat.ch\\\/de\\\/#organization\",\"name\":\"ETH-Rat\",\"url\":\"https:\\\/\\\/ethrat.ch\\\/de\\\/\",\"logo\":{\"@type\":\"ImageObject\",\"inLanguage\":\"fr-FR\",\"@id\":\"https:\\\/\\\/ethrat.ch\\\/de\\\/#\\\/schema\\\/logo\\\/image\\\/\",\"url\":\"https:\\\/\\\/ethrat.ch\\\/wp-content\\\/uploads\\\/2024\\\/04\\\/logo-white.svg\",\"contentUrl\":\"https:\\\/\\\/ethrat.ch\\\/wp-content\\\/uploads\\\/2024\\\/04\\\/logo-white.svg\",\"width\":283,\"height\":81,\"caption\":\"ETH-Rat\"},\"image\":{\"@id\":\"https:\\\/\\\/ethrat.ch\\\/de\\\/#\\\/schema\\\/logo\\\/image\\\/\"},\"sameAs\":[\"https:\\\/\\\/x.com\\\/eth_rat\",\"https:\\\/\\\/issuu.com\\\/ethrat\",\"https:\\\/\\\/www.linkedin.com\\\/company\\\/eth-rat\\\/\"]}]}<\/script>\n<!-- \/ Yoast SEO plugin. -->","yoast_head_json":{"title":"PRFC: ultral\u00e9gers, extr\u00eamement r\u00e9sistants \u2013 et d\u00e9sormais recyclables - Conseil des EPF","robots":{"index":"index","follow":"follow","max-snippet":"max-snippet:-1","max-image-preview":"max-image-preview:large","max-video-preview":"max-video-preview:-1"},"canonical":"https:\/\/ethrat.ch\/de\/cfk-ultraleicht-extrem-stark-und-neu-wiederverwertbar\/","og_locale":"fr_FR","og_type":"article","og_title":"PRFC: ultral\u00e9gers, extr\u00eamement r\u00e9sistants \u2013 et d\u00e9sormais recyclables - Conseil des EPF","og_description":"Le pont sur l\u2019Oder avec son arc en r\u00e9seau de 130 m\u00e8tres d\u2019envergure et ses 88 suspentes en carbone. Image \u00e0 gauche: Volker Emersleben\/Deutsche Bahn AG Empa PRFC: ultral\u00e9gers, extr\u00eamement r\u00e9sistants \u2013 et d\u00e9sormais recyclables Innovation de l&rsquo;Empa dans la construction de ponts: un pont ferroviaire prim\u00e9 gr\u00e2ce \u00e0 des c\u00e2bles en carbone suisses. Les ...","og_url":"https:\/\/ethrat.ch\/de\/cfk-ultraleicht-extrem-stark-und-neu-wiederverwertbar\/","og_site_name":"Conseil des EPF","article_modified_time":"2026-03-31T12:34:54+00:00","og_image":[{"width":1000,"height":667,"url":"https:\/\/ethrat.ch\/wp-content\/uploads\/2026\/03\/Oderbruecke_1000x600_150px.jpg","type":"image\/jpeg"}],"twitter_card":"summary_large_image","twitter_site":"@eth_rat","twitter_misc":{"Dur\u00e9e de lecture estim\u00e9e":"1 minute"},"schema":{"@context":"https:\/\/schema.org","@graph":[{"@type":"WebPage","@id":"https:\/\/ethrat.ch\/de\/cfk-ultraleicht-extrem-stark-und-neu-wiederverwertbar\/","url":"https:\/\/ethrat.ch\/de\/cfk-ultraleicht-extrem-stark-und-neu-wiederverwertbar\/","name":"PRFC: ultral\u00e9gers, extr\u00eamement r\u00e9sistants \u2013 et d\u00e9sormais recyclables - Conseil des EPF","isPartOf":{"@id":"https:\/\/ethrat.ch\/de\/#website"},"primaryImageOfPage":{"@id":"https:\/\/ethrat.ch\/de\/cfk-ultraleicht-extrem-stark-und-neu-wiederverwertbar\/#primaryimage"},"image":{"@id":"https:\/\/ethrat.ch\/de\/cfk-ultraleicht-extrem-stark-und-neu-wiederverwertbar\/#primaryimage"},"thumbnailUrl":"https:\/\/ethrat.ch\/wp-content\/uploads\/2026\/03\/Oderbruecke_1000x600_150px.jpg","datePublished":"2026-03-31T11:17:48+00:00","dateModified":"2026-03-31T12:34:54+00:00","breadcrumb":{"@id":"https:\/\/ethrat.ch\/de\/cfk-ultraleicht-extrem-stark-und-neu-wiederverwertbar\/#breadcrumb"},"inLanguage":"fr-FR","potentialAction":[{"@type":"ReadAction","target":["https:\/\/ethrat.ch\/de\/cfk-ultraleicht-extrem-stark-und-neu-wiederverwertbar\/"]}]},{"@type":"ImageObject","inLanguage":"fr-FR","@id":"https:\/\/ethrat.ch\/de\/cfk-ultraleicht-extrem-stark-und-neu-wiederverwertbar\/#primaryimage","url":"https:\/\/ethrat.ch\/wp-content\/uploads\/2026\/03\/Oderbruecke_1000x600_150px.jpg","contentUrl":"https:\/\/ethrat.ch\/wp-content\/uploads\/2026\/03\/Oderbruecke_1000x600_150px.jpg"},{"@type":"BreadcrumbList","@id":"https:\/\/ethrat.ch\/de\/cfk-ultraleicht-extrem-stark-und-neu-wiederverwertbar\/#breadcrumb","itemListElement":[{"@type":"ListItem","position":1,"name":"Home","item":"https:\/\/ethrat.ch\/fr\/"},{"@type":"ListItem","position":2,"name":"PRFC: ultral\u00e9gers, extr\u00eamement r\u00e9sistants \u2013 et d\u00e9sormais recyclables"}]},{"@type":"WebSite","@id":"https:\/\/ethrat.ch\/de\/#website","url":"https:\/\/ethrat.ch\/de\/","name":"ETH-Rat","description":"","publisher":{"@id":"https:\/\/ethrat.ch\/de\/#organization"},"potentialAction":[{"@type":"SearchAction","target":{"@type":"EntryPoint","urlTemplate":"https:\/\/ethrat.ch\/de\/?s={search_term_string}"},"query-input":{"@type":"PropertyValueSpecification","valueRequired":true,"valueName":"search_term_string"}}],"inLanguage":"fr-FR"},{"@type":"Organization","@id":"https:\/\/ethrat.ch\/de\/#organization","name":"ETH-Rat","url":"https:\/\/ethrat.ch\/de\/","logo":{"@type":"ImageObject","inLanguage":"fr-FR","@id":"https:\/\/ethrat.ch\/de\/#\/schema\/logo\/image\/","url":"https:\/\/ethrat.ch\/wp-content\/uploads\/2024\/04\/logo-white.svg","contentUrl":"https:\/\/ethrat.ch\/wp-content\/uploads\/2024\/04\/logo-white.svg","width":283,"height":81,"caption":"ETH-Rat"},"image":{"@id":"https:\/\/ethrat.ch\/de\/#\/schema\/logo\/image\/"},"sameAs":["https:\/\/x.com\/eth_rat","https:\/\/issuu.com\/ethrat","https:\/\/www.linkedin.com\/company\/eth-rat\/"]}]}},"_links":{"self":[{"href":"https:\/\/ethrat.ch\/fr\/wp-json\/wp\/v2\/pages\/58792","targetHints":{"allow":["GET"]}}],"collection":[{"href":"https:\/\/ethrat.ch\/fr\/wp-json\/wp\/v2\/pages"}],"about":[{"href":"https:\/\/ethrat.ch\/fr\/wp-json\/wp\/v2\/types\/page"}],"author":[{"embeddable":true,"href":"https:\/\/ethrat.ch\/fr\/wp-json\/wp\/v2\/users\/26"}],"replies":[{"embeddable":true,"href":"https:\/\/ethrat.ch\/fr\/wp-json\/wp\/v2\/comments?post=58792"}],"version-history":[{"count":2,"href":"https:\/\/ethrat.ch\/fr\/wp-json\/wp\/v2\/pages\/58792\/revisions"}],"predecessor-version":[{"id":59559,"href":"https:\/\/ethrat.ch\/fr\/wp-json\/wp\/v2\/pages\/58792\/revisions\/59559"}],"wp:attachment":[{"href":"https:\/\/ethrat.ch\/fr\/wp-json\/wp\/v2\/media?parent=58792"}],"wp:term":[{"taxonomy":"search-tag","embeddable":true,"href":"https:\/\/ethrat.ch\/fr\/wp-json\/wp\/v2\/search-tag?post=58792"}],"curies":[{"name":"wp","href":"https:\/\/api.w.org\/{rel}","templated":true}]}}