{"id":58725,"date":"2026-03-31T13:17:35","date_gmt":"2026-03-31T11:17:35","guid":{"rendered":"https:\/\/ethrat.ch\/?page_id=58725"},"modified":"2026-03-31T13:17:35","modified_gmt":"2026-03-31T11:17:35","slug":"un-rayonnement-precis-contre-le-lymphome","status":"publish","type":"page","link":"https:\/\/ethrat.ch\/fr\/un-rayonnement-precis-contre-le-lymphome\/","title":{"rendered":"Un rayonnement pr\u00e9cis contre le lymphome"},"content":{"rendered":"\t\t<div data-elementor-type=\"wp-page\" data-elementor-id=\"58725\" class=\"elementor elementor-58725 elementor-58697\" data-elementor-post-type=\"page\">\n\t\t\t\t\t\t<section class=\"elementor-section elementor-top-section elementor-element elementor-element-b0317b2 elementor-section-boxed elementor-section-height-default elementor-section-height-default\" data-id=\"b0317b2\" data-element_type=\"section\" data-e-type=\"section\">\n\t\t\t\t\t\t<div class=\"elementor-container elementor-column-gap-default\">\n\t\t\t\t\t<div class=\"elementor-column elementor-col-100 elementor-top-column elementor-element elementor-element-51d0b6b\" data-id=\"51d0b6b\" data-element_type=\"column\" data-e-type=\"column\">\n\t\t\t<div class=\"elementor-widget-wrap elementor-element-populated\">\n\t\t\t\t\t\t<div class=\"elementor-element elementor-element-795c470 elementor-widget elementor-widget-image\" data-id=\"795c470\" data-element_type=\"widget\" data-e-type=\"widget\" data-widget_type=\"image.default\">\n\t\t\t\t<div class=\"elementor-widget-container\">\n\t\t\t\t\t\t\t\t\t\t\t\t\t\t\t<img decoding=\"async\" width=\"1000\" height=\"613\" src=\"https:\/\/ethrat.ch\/wp-content\/uploads\/2026\/03\/8_Radionuklid2_def1_RGB1000x600_150px.jpg\" class=\"attachment-full size-full wp-image-58099\" alt=\"\" srcset=\"https:\/\/ethrat.ch\/wp-content\/uploads\/2026\/03\/8_Radionuklid2_def1_RGB1000x600_150px.jpg 1000w, https:\/\/ethrat.ch\/wp-content\/uploads\/2026\/03\/8_Radionuklid2_def1_RGB1000x600_150px-300x184.jpg 300w, https:\/\/ethrat.ch\/wp-content\/uploads\/2026\/03\/8_Radionuklid2_def1_RGB1000x600_150px-768x471.jpg 768w\" sizes=\"(max-width: 1000px) 100vw, 1000px\" \/>\t\t\t\t\t\t\t\t\t\t\t\t\t\t\t<\/div>\n\t\t\t\t<\/div>\n\t\t\t\t\t<\/div>\n\t\t<\/div>\n\t\t\t\t\t<\/div>\n\t\t<\/section>\n\t\t\t\t<section class=\"elementor-section elementor-top-section elementor-element elementor-element-56e35e5 elementor-section-boxed elementor-section-height-default elementor-section-height-default\" data-id=\"56e35e5\" data-element_type=\"section\" data-e-type=\"section\">\n\t\t\t\t\t\t<div class=\"elementor-container elementor-column-gap-default\">\n\t\t\t\t\t<div class=\"elementor-column elementor-col-100 elementor-top-column elementor-element elementor-element-730250f\" data-id=\"730250f\" data-element_type=\"column\" data-e-type=\"column\">\n\t\t\t<div class=\"elementor-widget-wrap elementor-element-populated\">\n\t\t\t\t\t\t<div class=\"elementor-element elementor-element-534119e elementor-widget elementor-widget-text-editor\" data-id=\"534119e\" data-element_type=\"widget\" data-e-type=\"widget\" data-widget_type=\"text-editor.default\">\n\t\t\t\t<div class=\"elementor-widget-container\">\n\t\t\t\t\t\t\t\t\t<p><em>Image: Aurel M\u00e4rki<\/em><\/p>\n\t\t\t\t\t\t\t\t<\/div>\n\t\t\t\t<\/div>\n\t\t\t\t\t<\/div>\n\t\t<\/div>\n\t\t\t\t\t<\/div>\n\t\t<\/section>\n\t\t\t\t<section class=\"elementor-section elementor-top-section elementor-element elementor-element-471962d elementor-section-boxed elementor-section-height-default elementor-section-height-default\" data-id=\"471962d\" data-element_type=\"section\" data-e-type=\"section\">\n\t\t\t\t\t\t<div class=\"elementor-container elementor-column-gap-default\">\n\t\t\t\t\t<div class=\"elementor-column elementor-col-100 elementor-top-column elementor-element elementor-element-1ba6655\" data-id=\"1ba6655\" data-element_type=\"column\" data-e-type=\"column\">\n\t\t\t<div class=\"elementor-widget-wrap elementor-element-populated\">\n\t\t\t\t\t\t<div class=\"elementor-element elementor-element-0c84dad elementor-widget elementor-widget-text-editor\" data-id=\"0c84dad\" data-element_type=\"widget\" data-e-type=\"widget\" data-widget_type=\"text-editor.default\">\n\t\t\t\t<div class=\"elementor-widget-container\">\n\t\t\t\t\t\t\t\t\t<p>PSI<\/p>\n\t\t\t\t\t\t\t\t<\/div>\n\t\t\t\t<\/div>\n\t\t\t\t\t<\/div>\n\t\t<\/div>\n\t\t\t\t\t<\/div>\n\t\t<\/section>\n\t\t\t\t<section class=\"elementor-section elementor-top-section elementor-element elementor-element-7beeb1f elementor-section-boxed elementor-section-height-default elementor-section-height-default\" data-id=\"7beeb1f\" data-element_type=\"section\" data-e-type=\"section\">\n\t\t\t\t\t\t<div class=\"elementor-container elementor-column-gap-default\">\n\t\t\t\t\t<div class=\"elementor-column elementor-col-100 elementor-top-column elementor-element elementor-element-fd6290c\" data-id=\"fd6290c\" data-element_type=\"column\" data-e-type=\"column\">\n\t\t\t<div class=\"elementor-widget-wrap elementor-element-populated\">\n\t\t\t\t\t\t<div class=\"elementor-element elementor-element-e561ca0 elementor-widget elementor-widget-text-editor\" data-id=\"e561ca0\" data-element_type=\"widget\" data-e-type=\"widget\" data-widget_type=\"text-editor.default\">\n\t\t\t\t<div class=\"elementor-widget-container\">\n\t\t\t\t\t\t\t\t\t<h1>Un rayonnement pr\u00e9cis contre le lymphome<\/h1>\n\t\t\t\t\t\t\t\t<\/div>\n\t\t\t\t<\/div>\n\t\t\t\t\t<\/div>\n\t\t<\/div>\n\t\t\t\t\t<\/div>\n\t\t<\/section>\n\t\t\t\t<section class=\"elementor-section elementor-top-section elementor-element elementor-element-0feb1c5 elementor-section-boxed elementor-section-height-default elementor-section-height-default\" data-id=\"0feb1c5\" data-element_type=\"section\" data-e-type=\"section\">\n\t\t\t\t\t\t<div class=\"elementor-container elementor-column-gap-default\">\n\t\t\t\t\t<div class=\"elementor-column elementor-col-100 elementor-top-column elementor-element elementor-element-61587b6\" data-id=\"61587b6\" data-element_type=\"column\" data-e-type=\"column\">\n\t\t\t<div class=\"elementor-widget-wrap elementor-element-populated\">\n\t\t\t\t\t\t<div class=\"elementor-element elementor-element-920ee46 elementor-widget elementor-widget-text-editor\" data-id=\"920ee46\" data-element_type=\"widget\" data-e-type=\"widget\" data-widget_type=\"text-editor.default\">\n\t\t\t\t<div class=\"elementor-widget-container\">\n\t\t\t\t\t\t\t\t\t<p>Les produits radiopharmaceutiques peuvent combattre les cellules tumorales de mani\u00e8re cibl\u00e9e.<\/p>\n\t\t\t\t\t\t\t\t<\/div>\n\t\t\t\t<\/div>\n\t\t\t\t\t<\/div>\n\t\t<\/div>\n\t\t\t\t\t<\/div>\n\t\t<\/section>\n\t\t\t\t<section class=\"elementor-section elementor-top-section elementor-element elementor-element-6eece69 elementor-section-boxed elementor-section-height-default elementor-section-height-default\" data-id=\"6eece69\" data-element_type=\"section\" data-e-type=\"section\">\n\t\t\t\t\t\t<div class=\"elementor-container elementor-column-gap-default\">\n\t\t\t\t\t<div class=\"elementor-column elementor-col-100 elementor-top-column elementor-element elementor-element-79e7aef\" data-id=\"79e7aef\" data-element_type=\"column\" data-e-type=\"column\">\n\t\t\t<div class=\"elementor-widget-wrap elementor-element-populated\">\n\t\t\t\t\t\t<div class=\"elementor-element elementor-element-b23372b elementor-widget elementor-widget-text-editor\" data-id=\"b23372b\" data-element_type=\"widget\" data-e-type=\"widget\" data-widget_type=\"text-editor.default\">\n\t\t\t\t<div class=\"elementor-widget-container\">\n\t\t\t\t\t\t\t\t\t<p>Chaque ann\u00e9e en Suisse, pr\u00e8s de 2000 personnes sont atteintes d\u2019un lymphome, et environ 570\u00a0 d\u00e9c\u00e8dent de la maladie. Des chercheuses et chercheurs du Centre des sciences radiopharmaceutiques du PSI ont maintenant d\u00e9velopp\u00e9 une radio-immunoth\u00e9rapie innovante qui utilise le terbium-161, un nucl\u00e9ide. Coupl\u00e9 \u00e0 un anticorps appropri\u00e9, il apporte le rayonnement directement aux cellules canc\u00e9reuses tout en pr\u00e9servant les tissus sains. Un avantage d\u00e9cisif par rapport au lut\u00e9cium-177 utilis\u00e9 jusqu\u2019\u00e0 pr\u00e9sent: le terbium-161 \u00e9met non seulement un rayonnement b\u00eata qui se propage dans les tissus sur plusieurs millim\u00e8tres, mais aussi des \u00e9lectrons d\u2019une port\u00e9e inf\u00e9rieure \u00e0 un microm\u00e8tre. Ce qui est id\u00e9al pour d\u00e9truire de mani\u00e8re cibl\u00e9e des cellules canc\u00e9reuses isol\u00e9es ou de petits amas de cellules. Lors de tests en laboratoire, le terbium-161 s\u2019est r\u00e9v\u00e9l\u00e9 de 2 \u00e0 43 fois plus efficace que le lut\u00e9cium-177, selon le type de cellules. Actuellement, des essais cliniques sont effectu\u00e9s dans le but de cr\u00e9er une nouvelle arme pr\u00e9cise contre les lymphomes difficiles \u00e0 traiter.<\/p>\n\t\t\t\t\t\t\t\t<\/div>\n\t\t\t\t<\/div>\n\t\t\t\t\t<\/div>\n\t\t<\/div>\n\t\t\t\t\t<\/div>\n\t\t<\/section>\n\t\t\t\t<\/div>\n\t\t","protected":false},"excerpt":{"rendered":"<p>Image: Aurel M\u00e4rki PSI Un rayonnement pr\u00e9cis contre le lymphome Les produits radiopharmaceutiques peuvent combattre les cellules tumorales de mani\u00e8re cibl\u00e9e. Chaque ann\u00e9e en Suisse, pr\u00e8s de 2000 personnes sont atteintes d\u2019un lymphome, et environ 570\u00a0 d\u00e9c\u00e8dent de la maladie. Des chercheuses et chercheurs du Centre des sciences radiopharmaceutiques du PSI ont maintenant d\u00e9velopp\u00e9 une &#8230;<\/p>\n","protected":false},"author":26,"featured_media":0,"parent":0,"menu_order":0,"comment_status":"closed","ping_status":"closed","template":"","meta":{"_acf_changed":false,"footnotes":"","_links_to":"","_links_to_target":""},"search-tag":[],"class_list":["post-58725","page","type-page","status-publish","hentry"],"acf":[],"yoast_head":"<!-- This site is optimized with the Yoast SEO plugin v27.3 - https:\/\/yoast.com\/product\/yoast-seo-wordpress\/ -->\n<title>Un rayonnement pr\u00e9cis contre le lymphome - Conseil des EPF<\/title>\n<meta name=\"robots\" content=\"index, follow, max-snippet:-1, max-image-preview:large, max-video-preview:-1\" \/>\n<link rel=\"canonical\" href=\"https:\/\/ethrat.ch\/fr\/un-rayonnement-precis-contre-le-lymphome\/\" \/>\n<meta property=\"og:locale\" content=\"fr_FR\" \/>\n<meta property=\"og:type\" content=\"article\" \/>\n<meta property=\"og:title\" content=\"Un rayonnement pr\u00e9cis contre le lymphome - Conseil des EPF\" \/>\n<meta property=\"og:description\" content=\"Image: Aurel M\u00e4rki PSI Un rayonnement pr\u00e9cis contre le lymphome Les produits radiopharmaceutiques peuvent combattre les cellules tumorales de mani\u00e8re cibl\u00e9e. Chaque ann\u00e9e en Suisse, pr\u00e8s de 2000 personnes sont atteintes d\u2019un lymphome, et environ 570\u00a0 d\u00e9c\u00e8dent de la maladie. Des chercheuses et chercheurs du Centre des sciences radiopharmaceutiques du PSI ont maintenant d\u00e9velopp\u00e9 une ...\" \/>\n<meta property=\"og:url\" content=\"https:\/\/ethrat.ch\/fr\/un-rayonnement-precis-contre-le-lymphome\/\" \/>\n<meta property=\"og:site_name\" content=\"Conseil des EPF\" \/>\n<meta property=\"og:image\" content=\"https:\/\/ethrat.ch\/wp-content\/uploads\/2026\/03\/8_Radionuklid2_def1_RGB1000x600_150px.jpg\" \/>\n\t<meta property=\"og:image:width\" content=\"1000\" \/>\n\t<meta property=\"og:image:height\" content=\"613\" \/>\n\t<meta property=\"og:image:type\" content=\"image\/jpeg\" \/>\n<meta name=\"twitter:card\" content=\"summary_large_image\" \/>\n<meta name=\"twitter:site\" content=\"@eth_rat\" \/>\n<meta name=\"twitter:label1\" content=\"Dur\u00e9e de lecture estim\u00e9e\" \/>\n\t<meta name=\"twitter:data1\" content=\"1 minute\" \/>\n<script type=\"application\/ld+json\" class=\"yoast-schema-graph\">{\"@context\":\"https:\\\/\\\/schema.org\",\"@graph\":[{\"@type\":\"WebPage\",\"@id\":\"https:\\\/\\\/ethrat.ch\\\/fr\\\/un-rayonnement-precis-contre-le-lymphome\\\/\",\"url\":\"https:\\\/\\\/ethrat.ch\\\/fr\\\/un-rayonnement-precis-contre-le-lymphome\\\/\",\"name\":\"Un rayonnement pr\u00e9cis contre le lymphome - Conseil des EPF\",\"isPartOf\":{\"@id\":\"https:\\\/\\\/ethrat.ch\\\/de\\\/#website\"},\"primaryImageOfPage\":{\"@id\":\"https:\\\/\\\/ethrat.ch\\\/fr\\\/un-rayonnement-precis-contre-le-lymphome\\\/#primaryimage\"},\"image\":{\"@id\":\"https:\\\/\\\/ethrat.ch\\\/fr\\\/un-rayonnement-precis-contre-le-lymphome\\\/#primaryimage\"},\"thumbnailUrl\":\"https:\\\/\\\/ethrat.ch\\\/wp-content\\\/uploads\\\/2026\\\/03\\\/8_Radionuklid2_def1_RGB1000x600_150px.jpg\",\"datePublished\":\"2026-03-31T11:17:35+00:00\",\"breadcrumb\":{\"@id\":\"https:\\\/\\\/ethrat.ch\\\/fr\\\/un-rayonnement-precis-contre-le-lymphome\\\/#breadcrumb\"},\"inLanguage\":\"fr-FR\",\"potentialAction\":[{\"@type\":\"ReadAction\",\"target\":[\"https:\\\/\\\/ethrat.ch\\\/fr\\\/un-rayonnement-precis-contre-le-lymphome\\\/\"]}]},{\"@type\":\"ImageObject\",\"inLanguage\":\"fr-FR\",\"@id\":\"https:\\\/\\\/ethrat.ch\\\/fr\\\/un-rayonnement-precis-contre-le-lymphome\\\/#primaryimage\",\"url\":\"https:\\\/\\\/ethrat.ch\\\/wp-content\\\/uploads\\\/2026\\\/03\\\/8_Radionuklid2_def1_RGB1000x600_150px.jpg\",\"contentUrl\":\"https:\\\/\\\/ethrat.ch\\\/wp-content\\\/uploads\\\/2026\\\/03\\\/8_Radionuklid2_def1_RGB1000x600_150px.jpg\"},{\"@type\":\"BreadcrumbList\",\"@id\":\"https:\\\/\\\/ethrat.ch\\\/fr\\\/un-rayonnement-precis-contre-le-lymphome\\\/#breadcrumb\",\"itemListElement\":[{\"@type\":\"ListItem\",\"position\":1,\"name\":\"Home\",\"item\":\"https:\\\/\\\/ethrat.ch\\\/fr\\\/\"},{\"@type\":\"ListItem\",\"position\":2,\"name\":\"Un rayonnement pr\u00e9cis contre le lymphome\"}]},{\"@type\":\"WebSite\",\"@id\":\"https:\\\/\\\/ethrat.ch\\\/de\\\/#website\",\"url\":\"https:\\\/\\\/ethrat.ch\\\/de\\\/\",\"name\":\"ETH-Rat\",\"description\":\"\",\"publisher\":{\"@id\":\"https:\\\/\\\/ethrat.ch\\\/de\\\/#organization\"},\"potentialAction\":[{\"@type\":\"SearchAction\",\"target\":{\"@type\":\"EntryPoint\",\"urlTemplate\":\"https:\\\/\\\/ethrat.ch\\\/de\\\/?s={search_term_string}\"},\"query-input\":{\"@type\":\"PropertyValueSpecification\",\"valueRequired\":true,\"valueName\":\"search_term_string\"}}],\"inLanguage\":\"fr-FR\"},{\"@type\":\"Organization\",\"@id\":\"https:\\\/\\\/ethrat.ch\\\/de\\\/#organization\",\"name\":\"ETH-Rat\",\"url\":\"https:\\\/\\\/ethrat.ch\\\/de\\\/\",\"logo\":{\"@type\":\"ImageObject\",\"inLanguage\":\"fr-FR\",\"@id\":\"https:\\\/\\\/ethrat.ch\\\/de\\\/#\\\/schema\\\/logo\\\/image\\\/\",\"url\":\"https:\\\/\\\/ethrat.ch\\\/wp-content\\\/uploads\\\/2024\\\/04\\\/logo-white.svg\",\"contentUrl\":\"https:\\\/\\\/ethrat.ch\\\/wp-content\\\/uploads\\\/2024\\\/04\\\/logo-white.svg\",\"width\":283,\"height\":81,\"caption\":\"ETH-Rat\"},\"image\":{\"@id\":\"https:\\\/\\\/ethrat.ch\\\/de\\\/#\\\/schema\\\/logo\\\/image\\\/\"},\"sameAs\":[\"https:\\\/\\\/x.com\\\/eth_rat\",\"https:\\\/\\\/issuu.com\\\/ethrat\",\"https:\\\/\\\/www.linkedin.com\\\/company\\\/eth-rat\\\/\"]}]}<\/script>\n<!-- \/ Yoast SEO plugin. -->","yoast_head_json":{"title":"Un rayonnement pr\u00e9cis contre le lymphome - Conseil des EPF","robots":{"index":"index","follow":"follow","max-snippet":"max-snippet:-1","max-image-preview":"max-image-preview:large","max-video-preview":"max-video-preview:-1"},"canonical":"https:\/\/ethrat.ch\/fr\/un-rayonnement-precis-contre-le-lymphome\/","og_locale":"fr_FR","og_type":"article","og_title":"Un rayonnement pr\u00e9cis contre le lymphome - Conseil des EPF","og_description":"Image: Aurel M\u00e4rki PSI Un rayonnement pr\u00e9cis contre le lymphome Les produits radiopharmaceutiques peuvent combattre les cellules tumorales de mani\u00e8re cibl\u00e9e. Chaque ann\u00e9e en Suisse, pr\u00e8s de 2000 personnes sont atteintes d\u2019un lymphome, et environ 570\u00a0 d\u00e9c\u00e8dent de la maladie. Des chercheuses et chercheurs du Centre des sciences radiopharmaceutiques du PSI ont maintenant d\u00e9velopp\u00e9 une ...","og_url":"https:\/\/ethrat.ch\/fr\/un-rayonnement-precis-contre-le-lymphome\/","og_site_name":"Conseil des EPF","og_image":[{"width":1000,"height":613,"url":"https:\/\/ethrat.ch\/wp-content\/uploads\/2026\/03\/8_Radionuklid2_def1_RGB1000x600_150px.jpg","type":"image\/jpeg"}],"twitter_card":"summary_large_image","twitter_site":"@eth_rat","twitter_misc":{"Dur\u00e9e de lecture estim\u00e9e":"1 minute"},"schema":{"@context":"https:\/\/schema.org","@graph":[{"@type":"WebPage","@id":"https:\/\/ethrat.ch\/fr\/un-rayonnement-precis-contre-le-lymphome\/","url":"https:\/\/ethrat.ch\/fr\/un-rayonnement-precis-contre-le-lymphome\/","name":"Un rayonnement pr\u00e9cis contre le lymphome - Conseil des EPF","isPartOf":{"@id":"https:\/\/ethrat.ch\/de\/#website"},"primaryImageOfPage":{"@id":"https:\/\/ethrat.ch\/fr\/un-rayonnement-precis-contre-le-lymphome\/#primaryimage"},"image":{"@id":"https:\/\/ethrat.ch\/fr\/un-rayonnement-precis-contre-le-lymphome\/#primaryimage"},"thumbnailUrl":"https:\/\/ethrat.ch\/wp-content\/uploads\/2026\/03\/8_Radionuklid2_def1_RGB1000x600_150px.jpg","datePublished":"2026-03-31T11:17:35+00:00","breadcrumb":{"@id":"https:\/\/ethrat.ch\/fr\/un-rayonnement-precis-contre-le-lymphome\/#breadcrumb"},"inLanguage":"fr-FR","potentialAction":[{"@type":"ReadAction","target":["https:\/\/ethrat.ch\/fr\/un-rayonnement-precis-contre-le-lymphome\/"]}]},{"@type":"ImageObject","inLanguage":"fr-FR","@id":"https:\/\/ethrat.ch\/fr\/un-rayonnement-precis-contre-le-lymphome\/#primaryimage","url":"https:\/\/ethrat.ch\/wp-content\/uploads\/2026\/03\/8_Radionuklid2_def1_RGB1000x600_150px.jpg","contentUrl":"https:\/\/ethrat.ch\/wp-content\/uploads\/2026\/03\/8_Radionuklid2_def1_RGB1000x600_150px.jpg"},{"@type":"BreadcrumbList","@id":"https:\/\/ethrat.ch\/fr\/un-rayonnement-precis-contre-le-lymphome\/#breadcrumb","itemListElement":[{"@type":"ListItem","position":1,"name":"Home","item":"https:\/\/ethrat.ch\/fr\/"},{"@type":"ListItem","position":2,"name":"Un rayonnement pr\u00e9cis contre le lymphome"}]},{"@type":"WebSite","@id":"https:\/\/ethrat.ch\/de\/#website","url":"https:\/\/ethrat.ch\/de\/","name":"ETH-Rat","description":"","publisher":{"@id":"https:\/\/ethrat.ch\/de\/#organization"},"potentialAction":[{"@type":"SearchAction","target":{"@type":"EntryPoint","urlTemplate":"https:\/\/ethrat.ch\/de\/?s={search_term_string}"},"query-input":{"@type":"PropertyValueSpecification","valueRequired":true,"valueName":"search_term_string"}}],"inLanguage":"fr-FR"},{"@type":"Organization","@id":"https:\/\/ethrat.ch\/de\/#organization","name":"ETH-Rat","url":"https:\/\/ethrat.ch\/de\/","logo":{"@type":"ImageObject","inLanguage":"fr-FR","@id":"https:\/\/ethrat.ch\/de\/#\/schema\/logo\/image\/","url":"https:\/\/ethrat.ch\/wp-content\/uploads\/2024\/04\/logo-white.svg","contentUrl":"https:\/\/ethrat.ch\/wp-content\/uploads\/2024\/04\/logo-white.svg","width":283,"height":81,"caption":"ETH-Rat"},"image":{"@id":"https:\/\/ethrat.ch\/de\/#\/schema\/logo\/image\/"},"sameAs":["https:\/\/x.com\/eth_rat","https:\/\/issuu.com\/ethrat","https:\/\/www.linkedin.com\/company\/eth-rat\/"]}]}},"_links":{"self":[{"href":"https:\/\/ethrat.ch\/fr\/wp-json\/wp\/v2\/pages\/58725","targetHints":{"allow":["GET"]}}],"collection":[{"href":"https:\/\/ethrat.ch\/fr\/wp-json\/wp\/v2\/pages"}],"about":[{"href":"https:\/\/ethrat.ch\/fr\/wp-json\/wp\/v2\/types\/page"}],"author":[{"embeddable":true,"href":"https:\/\/ethrat.ch\/fr\/wp-json\/wp\/v2\/users\/26"}],"replies":[{"embeddable":true,"href":"https:\/\/ethrat.ch\/fr\/wp-json\/wp\/v2\/comments?post=58725"}],"version-history":[{"count":5,"href":"https:\/\/ethrat.ch\/fr\/wp-json\/wp\/v2\/pages\/58725\/revisions"}],"predecessor-version":[{"id":58751,"href":"https:\/\/ethrat.ch\/fr\/wp-json\/wp\/v2\/pages\/58725\/revisions\/58751"}],"wp:attachment":[{"href":"https:\/\/ethrat.ch\/fr\/wp-json\/wp\/v2\/media?parent=58725"}],"wp:term":[{"taxonomy":"search-tag","embeddable":true,"href":"https:\/\/ethrat.ch\/fr\/wp-json\/wp\/v2\/search-tag?post=58725"}],"curies":[{"name":"wp","href":"https:\/\/api.w.org\/{rel}","templated":true}]}}