{"id":58689,"date":"2026-03-31T13:18:49","date_gmt":"2026-03-31T11:18:49","guid":{"rendered":"https:\/\/ethrat.ch\/?page_id=58689"},"modified":"2026-03-31T13:18:49","modified_gmt":"2026-03-31T11:18:49","slug":"rapport-de-gestion-2025-avant-propos-du-president","status":"publish","type":"page","link":"https:\/\/ethrat.ch\/fr\/rapport-de-gestion-2025-avant-propos-du-president\/","title":{"rendered":"Rapport de gestion 2025: Avant-propos du pr\u00e9sident"},"content":{"rendered":"\t\t<div data-elementor-type=\"wp-page\" data-elementor-id=\"58689\" class=\"elementor elementor-58689 elementor-57682\" data-elementor-post-type=\"page\">\n\t\t\t\t\t\t<section class=\"elementor-section elementor-top-section elementor-element elementor-element-410fb5d elementor-section-boxed elementor-section-height-default elementor-section-height-default\" data-id=\"410fb5d\" data-element_type=\"section\" data-e-type=\"section\">\n\t\t\t\t\t\t<div class=\"elementor-container elementor-column-gap-default\">\n\t\t\t\t\t<div class=\"elementor-column elementor-col-100 elementor-top-column elementor-element elementor-element-052dc2e\" data-id=\"052dc2e\" data-element_type=\"column\" data-e-type=\"column\">\n\t\t\t<div class=\"elementor-widget-wrap elementor-element-populated\">\n\t\t\t\t\t\t<div class=\"elementor-element elementor-element-7a483a9 elementor-widget elementor-widget-image\" data-id=\"7a483a9\" data-element_type=\"widget\" data-e-type=\"widget\" data-widget_type=\"image.default\">\n\t\t\t\t<div class=\"elementor-widget-container\">\n\t\t\t\t\t\t\t\t\t\t\t\t\t\t\t<img decoding=\"async\" width=\"2560\" height=\"1708\" src=\"https:\/\/ethrat.ch\/wp-content\/uploads\/2026\/02\/Editorial_1_O7A1640-scaled.jpg\" class=\"attachment-full size-full wp-image-57726\" alt=\"\" srcset=\"https:\/\/ethrat.ch\/wp-content\/uploads\/2026\/02\/Editorial_1_O7A1640-scaled.jpg 2560w, https:\/\/ethrat.ch\/wp-content\/uploads\/2026\/02\/Editorial_1_O7A1640-300x200.jpg 300w, https:\/\/ethrat.ch\/wp-content\/uploads\/2026\/02\/Editorial_1_O7A1640-1024x683.jpg 1024w, https:\/\/ethrat.ch\/wp-content\/uploads\/2026\/02\/Editorial_1_O7A1640-768x512.jpg 768w, https:\/\/ethrat.ch\/wp-content\/uploads\/2026\/02\/Editorial_1_O7A1640-1536x1025.jpg 1536w, https:\/\/ethrat.ch\/wp-content\/uploads\/2026\/02\/Editorial_1_O7A1640-2048x1366.jpg 2048w\" sizes=\"(max-width: 2560px) 100vw, 2560px\" \/>\t\t\t\t\t\t\t\t\t\t\t\t\t\t\t<\/div>\n\t\t\t\t<\/div>\n\t\t\t\t\t<\/div>\n\t\t<\/div>\n\t\t\t\t\t<\/div>\n\t\t<\/section>\n\t\t\t\t<section class=\"elementor-section elementor-top-section elementor-element elementor-element-eff2de8 elementor-section-boxed elementor-section-height-default elementor-section-height-default\" data-id=\"eff2de8\" data-element_type=\"section\" data-e-type=\"section\">\n\t\t\t\t\t\t<div class=\"elementor-container elementor-column-gap-default\">\n\t\t\t\t\t<div class=\"elementor-column elementor-col-100 elementor-top-column elementor-element elementor-element-aea3d26\" data-id=\"aea3d26\" data-element_type=\"column\" data-e-type=\"column\">\n\t\t\t<div class=\"elementor-widget-wrap elementor-element-populated\">\n\t\t\t\t\t\t<div class=\"elementor-element elementor-element-1f0968d elementor-widget elementor-widget-text-editor\" data-id=\"1f0968d\" data-element_type=\"widget\" data-e-type=\"widget\" data-widget_type=\"text-editor.default\">\n\t\t\t\t<div class=\"elementor-widget-container\">\n\t\t\t\t\t\t\t\t\t<h1>\u00abNous voulons servir la Suisse au mieux\u00bb<\/h1>\n\t\t\t\t\t\t\t\t<\/div>\n\t\t\t\t<\/div>\n\t\t\t\t<div class=\"elementor-element elementor-element-9b40dae elementor-widget elementor-widget-text-editor\" data-id=\"9b40dae\" data-element_type=\"widget\" data-e-type=\"widget\" data-widget_type=\"text-editor.default\">\n\t\t\t\t<div class=\"elementor-widget-container\">\n\t\t\t\t\t\t\t\t\t<p>Ch\u00e8res lectrices, chers lecteurs,<\/p>\n<p>2025 est la premi\u00e8re ann\u00e9e de la nouvelle p\u00e9riode FRI. Les objectifs strat\u00e9giques du Conseil f\u00e9d\u00e9ral pour le Domaine des EPF 2025\u20132028 r\u00e9affirment le r\u00f4le central que joue le Domaine des EPF dans le syst\u00e8me suisse de formation, de recherche et d\u2019innovation.<\/p>\n<p>Conscient de ce r\u00f4le et de cette responsabilit\u00e9, le Domaine des EPF s\u2019est \u00b8x\u00e9 pour objectif de servir au mieux les int\u00e9r\u00eats de<br \/>la Suisse. Il assume cette t\u00e2che dans un environnement de plus en plus exigeant. La situation g\u00e9opolitique, les crises mondiales et la pression sur les finances publiques placent \u00e9galement le Domaine des EPF face \u00e0 des d\u00e9\u00b8s majeurs. Il s\u2019agit de mieux hi\u00e9rarchiser les priorit\u00e9s et les renoncements, et de continuer \u00e0 exploiter les synergies au sein et \u00e0 l\u2019ext\u00e9rieur du Domaine des EPF. Notre objectif est ici de garantir \u00e0 long terme la performance de nos institutions ainsi que leur utilit\u00e9 pour l\u2019\u00e9conomie et la soci\u00e9t\u00e9. Dans ce contexte, le Conseil des EPF a lanc\u00e9 un projet de d\u00e9veloppement organisationnel visant \u00e0 adapter la structure du Domaine des EPF aux d\u00e9fis de demain.<\/p>\n\t\t\t\t\t\t\t\t<\/div>\n\t\t\t\t<\/div>\n\t\t\t\t\t<\/div>\n\t\t<\/div>\n\t\t\t\t\t<\/div>\n\t\t<\/section>\n\t\t\t\t<section class=\"elementor-section elementor-top-section elementor-element elementor-element-6f0dd1d elementor-section-boxed elementor-section-height-default elementor-section-height-default\" data-id=\"6f0dd1d\" data-element_type=\"section\" data-e-type=\"section\">\n\t\t\t\t\t\t<div class=\"elementor-container elementor-column-gap-default\">\n\t\t\t\t\t<div class=\"elementor-column elementor-col-100 elementor-top-column elementor-element elementor-element-00f9daf\" data-id=\"00f9daf\" data-element_type=\"column\" data-e-type=\"column\">\n\t\t\t<div class=\"elementor-widget-wrap elementor-element-populated\">\n\t\t\t\t\t\t<div class=\"elementor-element elementor-element-32819b8 elementor-blockquote--skin-quotation elementor-blockquote--align-center elementor-widget elementor-widget-blockquote\" data-id=\"32819b8\" data-element_type=\"widget\" data-e-type=\"widget\" data-widget_type=\"blockquote.default\">\n\t\t\t\t<div class=\"elementor-widget-container\">\n\t\t\t\t\t\t\t<blockquote class=\"elementor-blockquote\">\n\t\t\t<p class=\"elementor-blockquote__content\">\n\t\t\t\t\u00abLe Domaine des EPF est conscient de ses responsabilit\u00e9s et s'est fix\u00e9 pour objectif de servir au mieux les int\u00e9r\u00eats de la Suisse\u00bb\t\t\t<\/p>\n\t\t\t\t\t<\/blockquote>\n\t\t\t\t\t\t<\/div>\n\t\t\t\t<\/div>\n\t\t\t\t\t<\/div>\n\t\t<\/div>\n\t\t\t\t\t<\/div>\n\t\t<\/section>\n\t\t\t\t<section class=\"elementor-section elementor-top-section elementor-element elementor-element-3b06674 elementor-section-boxed elementor-section-height-default elementor-section-height-default\" data-id=\"3b06674\" data-element_type=\"section\" data-e-type=\"section\">\n\t\t\t\t\t\t<div class=\"elementor-container elementor-column-gap-default\">\n\t\t\t\t\t<div class=\"elementor-column elementor-col-100 elementor-top-column elementor-element elementor-element-57d566a\" data-id=\"57d566a\" data-element_type=\"column\" data-e-type=\"column\">\n\t\t\t<div class=\"elementor-widget-wrap elementor-element-populated\">\n\t\t\t\t\t\t<div class=\"elementor-element elementor-element-447212f elementor-widget elementor-widget-spacer\" data-id=\"447212f\" data-element_type=\"widget\" data-e-type=\"widget\" data-widget_type=\"spacer.default\">\n\t\t\t\t<div class=\"elementor-widget-container\">\n\t\t\t\t\t\t\t<div class=\"elementor-spacer\">\n\t\t\t<div class=\"elementor-spacer-inner\"><\/div>\n\t\t<\/div>\n\t\t\t\t\t\t<\/div>\n\t\t\t\t<\/div>\n\t\t\t\t\t<\/div>\n\t\t<\/div>\n\t\t\t\t\t<\/div>\n\t\t<\/section>\n\t\t\t\t<section class=\"elementor-section elementor-top-section elementor-element elementor-element-c02ffc4 elementor-section-boxed elementor-section-height-default elementor-section-height-default\" data-id=\"c02ffc4\" data-element_type=\"section\" data-e-type=\"section\">\n\t\t\t\t\t\t<div class=\"elementor-container elementor-column-gap-default\">\n\t\t\t\t\t<div class=\"elementor-column elementor-col-100 elementor-top-column elementor-element elementor-element-a08406d\" data-id=\"a08406d\" data-element_type=\"column\" data-e-type=\"column\">\n\t\t\t<div class=\"elementor-widget-wrap elementor-element-populated\">\n\t\t\t\t\t\t<div class=\"elementor-element elementor-element-f353b30 elementor-widget elementor-widget-text-editor\" data-id=\"f353b30\" data-element_type=\"widget\" data-e-type=\"widget\" data-widget_type=\"text-editor.default\">\n\t\t\t\t<div class=\"elementor-widget-container\">\n\t\t\t\t\t\t\t\t\t<p>Il s\u2019agit de renforcer la collaboration entre les institutions du Domaine des EPF, d\u2019exploiter les synergies et d\u2019\u00e9viter les obstacles administratifs. En 2026, le Conseil des EPF lancera une consultation \u00e0 ce sujet au sein du Domaine des EPF.<\/p>\n<p>En m\u00eame temps, la mise en r\u00e9seau internationale de la recherche suisse reste d\u2019une importance capitale. Des relations stables et r\u00e9glement\u00e9es avec l\u2019UE sont essentielles pour maintenir l\u2019excellence scientifique, promouvoir l\u2019innovation et<br \/>am\u00e9liorer encore la comp\u00e9titivit\u00e9 internationale de la Suisse. Le Conseil des EPF soutient donc l\u2019objectif du Conseil f\u00e9d\u00e9ral<br \/>de poursuivre la voie bilat\u00e9rale au moyen du paquet n\u00e9goci\u00e9 entre la Suisse et l\u2019UE.<\/p>\n<p>Le Conseil des EPF travaillera en \u00e9troite collaboration avec les institutions du Domaine des EPF a\u00b8n de mettre en oeuvre les objectifs strat\u00e9giques du Conseil f\u00e9d\u00e9ral et d\u2019assurer la p\u00e9rennit\u00e9 du Domaine des EPF. Je tiens \u00e0 remercier toutes les<br \/>personnes qui s\u2019engagent quotidiennement avec beaucoup de d\u00e9vouement au service de nos t\u00e2ches communes. Leur contribution est essentielle pour que le Domaine des EPF reste le moteur du savoir, de l\u2019innovation et de la prosp\u00e9rit\u00e9, m\u00eame dans cette p\u00e9riode d\u2019incertitude.<\/p>\n\t\t\t\t\t\t\t\t<\/div>\n\t\t\t\t<\/div>\n\t\t\t\t\t<\/div>\n\t\t<\/div>\n\t\t\t\t\t<\/div>\n\t\t<\/section>\n\t\t\t\t<\/div>\n\t\t","protected":false},"excerpt":{"rendered":"<p>\u00abNous voulons servir la Suisse au mieux\u00bb Ch\u00e8res lectrices, chers lecteurs, 2025 est la premi\u00e8re ann\u00e9e de la nouvelle p\u00e9riode FRI. Les objectifs strat\u00e9giques du Conseil f\u00e9d\u00e9ral pour le Domaine des EPF 2025\u20132028 r\u00e9affirment le r\u00f4le central que joue le Domaine des EPF dans le syst\u00e8me suisse de formation, de recherche et d\u2019innovation. Conscient de &#8230;<\/p>\n","protected":false},"author":26,"featured_media":0,"parent":0,"menu_order":0,"comment_status":"closed","ping_status":"closed","template":"","meta":{"_acf_changed":false,"footnotes":"","_links_to":"","_links_to_target":""},"search-tag":[],"class_list":["post-58689","page","type-page","status-publish","hentry"],"acf":[],"yoast_head":"<!-- This site is optimized with the Yoast SEO plugin v27.3 - https:\/\/yoast.com\/product\/yoast-seo-wordpress\/ -->\n<title>Rapport de gestion 2025: Avant-propos du pr\u00e9sident - Conseil des EPF<\/title>\n<meta name=\"robots\" content=\"index, follow, max-snippet:-1, max-image-preview:large, max-video-preview:-1\" \/>\n<link rel=\"canonical\" href=\"https:\/\/ethrat.ch\/fr\/rapport-de-gestion-2025-avant-propos-du-president\/\" \/>\n<meta property=\"og:locale\" content=\"fr_FR\" \/>\n<meta property=\"og:type\" content=\"article\" \/>\n<meta property=\"og:title\" content=\"Rapport de gestion 2025: Avant-propos du pr\u00e9sident - Conseil des EPF\" \/>\n<meta property=\"og:description\" content=\"\u00abNous voulons servir la Suisse au mieux\u00bb Ch\u00e8res lectrices, chers lecteurs, 2025 est la premi\u00e8re ann\u00e9e de la nouvelle p\u00e9riode FRI. Les objectifs strat\u00e9giques du Conseil f\u00e9d\u00e9ral pour le Domaine des EPF 2025\u20132028 r\u00e9affirment le r\u00f4le central que joue le Domaine des EPF dans le syst\u00e8me suisse de formation, de recherche et d\u2019innovation. Conscient de ...\" \/>\n<meta property=\"og:url\" content=\"https:\/\/ethrat.ch\/fr\/rapport-de-gestion-2025-avant-propos-du-president\/\" \/>\n<meta property=\"og:site_name\" content=\"Conseil des EPF\" \/>\n<meta property=\"og:image\" content=\"https:\/\/ethrat.ch\/wp-content\/uploads\/2026\/02\/Editorial_1_O7A1640-scaled.jpg\" \/>\n\t<meta property=\"og:image:width\" content=\"2560\" \/>\n\t<meta property=\"og:image:height\" content=\"1708\" \/>\n\t<meta property=\"og:image:type\" content=\"image\/jpeg\" \/>\n<meta name=\"twitter:card\" content=\"summary_large_image\" \/>\n<meta name=\"twitter:site\" content=\"@eth_rat\" \/>\n<meta name=\"twitter:label1\" content=\"Dur\u00e9e de lecture estim\u00e9e\" \/>\n\t<meta name=\"twitter:data1\" content=\"2 minutes\" \/>\n<script type=\"application\/ld+json\" class=\"yoast-schema-graph\">{\"@context\":\"https:\\\/\\\/schema.org\",\"@graph\":[{\"@type\":\"WebPage\",\"@id\":\"https:\\\/\\\/ethrat.ch\\\/fr\\\/rapport-de-gestion-2025-avant-propos-du-president\\\/\",\"url\":\"https:\\\/\\\/ethrat.ch\\\/fr\\\/rapport-de-gestion-2025-avant-propos-du-president\\\/\",\"name\":\"Rapport de gestion 2025: Avant-propos du pr\u00e9sident - Conseil des EPF\",\"isPartOf\":{\"@id\":\"https:\\\/\\\/ethrat.ch\\\/de\\\/#website\"},\"primaryImageOfPage\":{\"@id\":\"https:\\\/\\\/ethrat.ch\\\/fr\\\/rapport-de-gestion-2025-avant-propos-du-president\\\/#primaryimage\"},\"image\":{\"@id\":\"https:\\\/\\\/ethrat.ch\\\/fr\\\/rapport-de-gestion-2025-avant-propos-du-president\\\/#primaryimage\"},\"thumbnailUrl\":\"https:\\\/\\\/ethrat.ch\\\/wp-content\\\/uploads\\\/2026\\\/02\\\/Editorial_1_O7A1640-scaled.jpg\",\"datePublished\":\"2026-03-31T11:18:49+00:00\",\"breadcrumb\":{\"@id\":\"https:\\\/\\\/ethrat.ch\\\/fr\\\/rapport-de-gestion-2025-avant-propos-du-president\\\/#breadcrumb\"},\"inLanguage\":\"fr-FR\",\"potentialAction\":[{\"@type\":\"ReadAction\",\"target\":[\"https:\\\/\\\/ethrat.ch\\\/fr\\\/rapport-de-gestion-2025-avant-propos-du-president\\\/\"]}]},{\"@type\":\"ImageObject\",\"inLanguage\":\"fr-FR\",\"@id\":\"https:\\\/\\\/ethrat.ch\\\/fr\\\/rapport-de-gestion-2025-avant-propos-du-president\\\/#primaryimage\",\"url\":\"https:\\\/\\\/ethrat.ch\\\/wp-content\\\/uploads\\\/2026\\\/02\\\/Editorial_1_O7A1640-scaled.jpg\",\"contentUrl\":\"https:\\\/\\\/ethrat.ch\\\/wp-content\\\/uploads\\\/2026\\\/02\\\/Editorial_1_O7A1640-scaled.jpg\"},{\"@type\":\"BreadcrumbList\",\"@id\":\"https:\\\/\\\/ethrat.ch\\\/fr\\\/rapport-de-gestion-2025-avant-propos-du-president\\\/#breadcrumb\",\"itemListElement\":[{\"@type\":\"ListItem\",\"position\":1,\"name\":\"Home\",\"item\":\"https:\\\/\\\/ethrat.ch\\\/fr\\\/\"},{\"@type\":\"ListItem\",\"position\":2,\"name\":\"Rapport de gestion 2025: Avant-propos du pr\u00e9sident\"}]},{\"@type\":\"WebSite\",\"@id\":\"https:\\\/\\\/ethrat.ch\\\/de\\\/#website\",\"url\":\"https:\\\/\\\/ethrat.ch\\\/de\\\/\",\"name\":\"ETH-Rat\",\"description\":\"\",\"publisher\":{\"@id\":\"https:\\\/\\\/ethrat.ch\\\/de\\\/#organization\"},\"potentialAction\":[{\"@type\":\"SearchAction\",\"target\":{\"@type\":\"EntryPoint\",\"urlTemplate\":\"https:\\\/\\\/ethrat.ch\\\/de\\\/?s={search_term_string}\"},\"query-input\":{\"@type\":\"PropertyValueSpecification\",\"valueRequired\":true,\"valueName\":\"search_term_string\"}}],\"inLanguage\":\"fr-FR\"},{\"@type\":\"Organization\",\"@id\":\"https:\\\/\\\/ethrat.ch\\\/de\\\/#organization\",\"name\":\"ETH-Rat\",\"url\":\"https:\\\/\\\/ethrat.ch\\\/de\\\/\",\"logo\":{\"@type\":\"ImageObject\",\"inLanguage\":\"fr-FR\",\"@id\":\"https:\\\/\\\/ethrat.ch\\\/de\\\/#\\\/schema\\\/logo\\\/image\\\/\",\"url\":\"https:\\\/\\\/ethrat.ch\\\/wp-content\\\/uploads\\\/2024\\\/04\\\/logo-white.svg\",\"contentUrl\":\"https:\\\/\\\/ethrat.ch\\\/wp-content\\\/uploads\\\/2024\\\/04\\\/logo-white.svg\",\"width\":283,\"height\":81,\"caption\":\"ETH-Rat\"},\"image\":{\"@id\":\"https:\\\/\\\/ethrat.ch\\\/de\\\/#\\\/schema\\\/logo\\\/image\\\/\"},\"sameAs\":[\"https:\\\/\\\/x.com\\\/eth_rat\",\"https:\\\/\\\/issuu.com\\\/ethrat\",\"https:\\\/\\\/www.linkedin.com\\\/company\\\/eth-rat\\\/\"]}]}<\/script>\n<!-- \/ Yoast SEO plugin. -->","yoast_head_json":{"title":"Rapport de gestion 2025: Avant-propos du pr\u00e9sident - Conseil des EPF","robots":{"index":"index","follow":"follow","max-snippet":"max-snippet:-1","max-image-preview":"max-image-preview:large","max-video-preview":"max-video-preview:-1"},"canonical":"https:\/\/ethrat.ch\/fr\/rapport-de-gestion-2025-avant-propos-du-president\/","og_locale":"fr_FR","og_type":"article","og_title":"Rapport de gestion 2025: Avant-propos du pr\u00e9sident - Conseil des EPF","og_description":"\u00abNous voulons servir la Suisse au mieux\u00bb Ch\u00e8res lectrices, chers lecteurs, 2025 est la premi\u00e8re ann\u00e9e de la nouvelle p\u00e9riode FRI. Les objectifs strat\u00e9giques du Conseil f\u00e9d\u00e9ral pour le Domaine des EPF 2025\u20132028 r\u00e9affirment le r\u00f4le central que joue le Domaine des EPF dans le syst\u00e8me suisse de formation, de recherche et d\u2019innovation. Conscient de ...","og_url":"https:\/\/ethrat.ch\/fr\/rapport-de-gestion-2025-avant-propos-du-president\/","og_site_name":"Conseil des EPF","og_image":[{"width":2560,"height":1708,"url":"https:\/\/ethrat.ch\/wp-content\/uploads\/2026\/02\/Editorial_1_O7A1640-scaled.jpg","type":"image\/jpeg"}],"twitter_card":"summary_large_image","twitter_site":"@eth_rat","twitter_misc":{"Dur\u00e9e de lecture estim\u00e9e":"2 minutes"},"schema":{"@context":"https:\/\/schema.org","@graph":[{"@type":"WebPage","@id":"https:\/\/ethrat.ch\/fr\/rapport-de-gestion-2025-avant-propos-du-president\/","url":"https:\/\/ethrat.ch\/fr\/rapport-de-gestion-2025-avant-propos-du-president\/","name":"Rapport de gestion 2025: Avant-propos du pr\u00e9sident - Conseil des EPF","isPartOf":{"@id":"https:\/\/ethrat.ch\/de\/#website"},"primaryImageOfPage":{"@id":"https:\/\/ethrat.ch\/fr\/rapport-de-gestion-2025-avant-propos-du-president\/#primaryimage"},"image":{"@id":"https:\/\/ethrat.ch\/fr\/rapport-de-gestion-2025-avant-propos-du-president\/#primaryimage"},"thumbnailUrl":"https:\/\/ethrat.ch\/wp-content\/uploads\/2026\/02\/Editorial_1_O7A1640-scaled.jpg","datePublished":"2026-03-31T11:18:49+00:00","breadcrumb":{"@id":"https:\/\/ethrat.ch\/fr\/rapport-de-gestion-2025-avant-propos-du-president\/#breadcrumb"},"inLanguage":"fr-FR","potentialAction":[{"@type":"ReadAction","target":["https:\/\/ethrat.ch\/fr\/rapport-de-gestion-2025-avant-propos-du-president\/"]}]},{"@type":"ImageObject","inLanguage":"fr-FR","@id":"https:\/\/ethrat.ch\/fr\/rapport-de-gestion-2025-avant-propos-du-president\/#primaryimage","url":"https:\/\/ethrat.ch\/wp-content\/uploads\/2026\/02\/Editorial_1_O7A1640-scaled.jpg","contentUrl":"https:\/\/ethrat.ch\/wp-content\/uploads\/2026\/02\/Editorial_1_O7A1640-scaled.jpg"},{"@type":"BreadcrumbList","@id":"https:\/\/ethrat.ch\/fr\/rapport-de-gestion-2025-avant-propos-du-president\/#breadcrumb","itemListElement":[{"@type":"ListItem","position":1,"name":"Home","item":"https:\/\/ethrat.ch\/fr\/"},{"@type":"ListItem","position":2,"name":"Rapport de gestion 2025: Avant-propos du pr\u00e9sident"}]},{"@type":"WebSite","@id":"https:\/\/ethrat.ch\/de\/#website","url":"https:\/\/ethrat.ch\/de\/","name":"ETH-Rat","description":"","publisher":{"@id":"https:\/\/ethrat.ch\/de\/#organization"},"potentialAction":[{"@type":"SearchAction","target":{"@type":"EntryPoint","urlTemplate":"https:\/\/ethrat.ch\/de\/?s={search_term_string}"},"query-input":{"@type":"PropertyValueSpecification","valueRequired":true,"valueName":"search_term_string"}}],"inLanguage":"fr-FR"},{"@type":"Organization","@id":"https:\/\/ethrat.ch\/de\/#organization","name":"ETH-Rat","url":"https:\/\/ethrat.ch\/de\/","logo":{"@type":"ImageObject","inLanguage":"fr-FR","@id":"https:\/\/ethrat.ch\/de\/#\/schema\/logo\/image\/","url":"https:\/\/ethrat.ch\/wp-content\/uploads\/2024\/04\/logo-white.svg","contentUrl":"https:\/\/ethrat.ch\/wp-content\/uploads\/2024\/04\/logo-white.svg","width":283,"height":81,"caption":"ETH-Rat"},"image":{"@id":"https:\/\/ethrat.ch\/de\/#\/schema\/logo\/image\/"},"sameAs":["https:\/\/x.com\/eth_rat","https:\/\/issuu.com\/ethrat","https:\/\/www.linkedin.com\/company\/eth-rat\/"]}]}},"_links":{"self":[{"href":"https:\/\/ethrat.ch\/fr\/wp-json\/wp\/v2\/pages\/58689","targetHints":{"allow":["GET"]}}],"collection":[{"href":"https:\/\/ethrat.ch\/fr\/wp-json\/wp\/v2\/pages"}],"about":[{"href":"https:\/\/ethrat.ch\/fr\/wp-json\/wp\/v2\/types\/page"}],"author":[{"embeddable":true,"href":"https:\/\/ethrat.ch\/fr\/wp-json\/wp\/v2\/users\/26"}],"replies":[{"embeddable":true,"href":"https:\/\/ethrat.ch\/fr\/wp-json\/wp\/v2\/comments?post=58689"}],"version-history":[{"count":4,"href":"https:\/\/ethrat.ch\/fr\/wp-json\/wp\/v2\/pages\/58689\/revisions"}],"predecessor-version":[{"id":58840,"href":"https:\/\/ethrat.ch\/fr\/wp-json\/wp\/v2\/pages\/58689\/revisions\/58840"}],"wp:attachment":[{"href":"https:\/\/ethrat.ch\/fr\/wp-json\/wp\/v2\/media?parent=58689"}],"wp:term":[{"taxonomy":"search-tag","embeddable":true,"href":"https:\/\/ethrat.ch\/fr\/wp-json\/wp\/v2\/search-tag?post=58689"}],"curies":[{"name":"wp","href":"https:\/\/api.w.org\/{rel}","templated":true}]}}