{"id":58216,"date":"2026-03-11T09:06:41","date_gmt":"2026-03-11T08:06:41","guid":{"rendered":"https:\/\/ethrat.ch\/?page_id=58216"},"modified":"2026-03-11T09:06:41","modified_gmt":"2026-03-11T08:06:41","slug":"deux-variantes-pour-lorganisation-future-du-domaine-des-epf","status":"publish","type":"page","link":"https:\/\/ethrat.ch\/fr\/domaine-des-epf\/deux-variantes-pour-lorganisation-future-du-domaine-des-epf\/","title":{"rendered":"Deux variantes pour l\u2019organisation future du Domaine des EPF"},"content":{"rendered":"\t\t<div data-elementor-type=\"wp-page\" data-elementor-id=\"58216\" class=\"elementor elementor-58216 elementor-57836\" data-elementor-post-type=\"page\">\n\t\t\t\t\t\t<section class=\"elementor-section elementor-top-section elementor-element elementor-element-9608200 elementor-section-boxed elementor-section-height-default elementor-section-height-default\" data-id=\"9608200\" data-element_type=\"section\" data-e-type=\"section\">\n\t\t\t\t\t\t<div class=\"elementor-container elementor-column-gap-default\">\n\t\t\t\t\t<div class=\"elementor-column elementor-col-100 elementor-top-column elementor-element elementor-element-03b7f3f\" data-id=\"03b7f3f\" data-element_type=\"column\" data-e-type=\"column\" data-settings=\"{&quot;background_background&quot;:&quot;classic&quot;}\">\n\t\t\t<div class=\"elementor-widget-wrap elementor-element-populated\">\n\t\t\t\t\t\t<div class=\"elementor-element elementor-element-8a9cdaf elementor-widget elementor-widget-image\" data-id=\"8a9cdaf\" data-element_type=\"widget\" data-e-type=\"widget\" data-widget_type=\"image.default\">\n\t\t\t\t<div class=\"elementor-widget-container\">\n\t\t\t\t\t\t\t\t\t\t\t\t\t\t\t<img decoding=\"async\" width=\"1120\" height=\"580\" src=\"https:\/\/ethrat.ch\/wp-content\/uploads\/2025\/03\/fit_organisationsentwicklung_web.jpg\" class=\"attachment-full size-full wp-image-51745\" alt=\"\" srcset=\"https:\/\/ethrat.ch\/wp-content\/uploads\/2025\/03\/fit_organisationsentwicklung_web.jpg 1120w, https:\/\/ethrat.ch\/wp-content\/uploads\/2025\/03\/fit_organisationsentwicklung_web-300x155.jpg 300w, https:\/\/ethrat.ch\/wp-content\/uploads\/2025\/03\/fit_organisationsentwicklung_web-1024x530.jpg 1024w, https:\/\/ethrat.ch\/wp-content\/uploads\/2025\/03\/fit_organisationsentwicklung_web-768x398.jpg 768w\" sizes=\"(max-width: 1120px) 100vw, 1120px\" \/>\t\t\t\t\t\t\t\t\t\t\t\t\t\t\t<\/div>\n\t\t\t\t<\/div>\n\t\t\t\t\t<\/div>\n\t\t<\/div>\n\t\t\t\t\t<\/div>\n\t\t<\/section>\n\t\t\t\t<section class=\"elementor-section elementor-top-section elementor-element elementor-element-27877cc elementor-section-boxed elementor-section-height-default elementor-section-height-default\" data-id=\"27877cc\" data-element_type=\"section\" data-e-type=\"section\">\n\t\t\t\t\t\t<div class=\"elementor-container elementor-column-gap-default\">\n\t\t\t\t\t<div class=\"elementor-column elementor-col-100 elementor-top-column elementor-element elementor-element-1958dba\" data-id=\"1958dba\" data-element_type=\"column\" data-e-type=\"column\">\n\t\t\t<div class=\"elementor-widget-wrap elementor-element-populated\">\n\t\t\t\t\t\t<div class=\"elementor-element elementor-element-1a2e56d elementor-widget elementor-widget-heading\" data-id=\"1a2e56d\" data-element_type=\"widget\" data-e-type=\"widget\" data-widget_type=\"heading.default\">\n\t\t\t\t<div class=\"elementor-widget-container\">\n\t\t\t\t\t<h1 class=\"elementor-heading-title elementor-size-default\">Deux variantes pour l\u2019organisation future du Domaine des EPF<\/h1>\t\t\t\t<\/div>\n\t\t\t\t<\/div>\n\t\t\t\t<div class=\"elementor-element elementor-element-42ed6ad elementor-widget elementor-widget-text-editor\" data-id=\"42ed6ad\" data-element_type=\"widget\" data-e-type=\"widget\" data-widget_type=\"text-editor.default\">\n\t\t\t\t<div class=\"elementor-widget-container\">\n\t\t\t\t\t\t\t\t\t<p>Lors de sa s\u00e9ance des 4 et 5 mars 2026, le Conseil des EPF a d\u00e9cid\u00e9 de soumettre aux institutions du Domaine des EPF deux variantes pour l\u2019organisation future du Domaine des EPF. La consultation interne a \u00e9t\u00e9 lanc\u00e9e le 9 mars.<\/p>\n\t\t\t\t\t\t\t\t<\/div>\n\t\t\t\t<\/div>\n\t\t\t\t<div class=\"elementor-element elementor-element-10d39e8 elementor-widget elementor-widget-text-editor\" data-id=\"10d39e8\" data-element_type=\"widget\" data-e-type=\"widget\" data-widget_type=\"text-editor.default\">\n\t\t\t\t<div class=\"elementor-widget-container\">\n\t\t\t\t\t\t\t\t\t<p>Le Conseil des EPF entend resserrer la collaboration et renforcer la coordination au sein du Domaine des EPF dans le but d\u2019exploiter les synergies de mani\u00e8re cibl\u00e9e et d\u2019\u00e9viter les obstacles administratifs. A l\u2019avenir, le Domaine des EPF sera compos\u00e9 de trois piliers forts: l\u2019ETH Zurich, l\u2019EPFL ainsi que les quatre \u00e9tablissements de recherche r\u00e9unis au sein d\u2019une m\u00eame structure.<\/p>\n<p>D\u00e9but 2024, le Conseil des EPF et les institutions du Domaine des EPF ont d\u00e9fini des <a href=\"https:\/\/ethrat.ch\/fr\/domaine-des-epf\/objectifs-du-projet-fit-for-the-future-et-decision-de-principe-du-conseil-des-epf\/\" target=\"_blank\" rel=\"noopener\">objectifs globaux<\/a> en vue d\u2019introduire une organisation et une structure p\u00e9rennes pour le Domaine des EPF. Ils ont d\u00e9velopp\u00e9 sur ces bases deux variantes gr\u00e2ce auxquelles les objectifs pourront \u00eatre mis en \u0153uvre. Les deux propositions se distinguent notamment par le degr\u00e9 d\u2019int\u00e9gration des quatre \u00e9tablissements de recherche. Le Conseil des EPF a d\u00e9battu de ces deux variantes lors de sa s\u00e9ance des 4 et 5 mars 2026 et d\u00e9cid\u00e9 de les soumettre \u00e0 la consultation au sein du Domaine des EPF.<\/p>\n\t\t\t\t\t\t\t\t<\/div>\n\t\t\t\t<\/div>\n\t\t\t\t\t<\/div>\n\t\t<\/div>\n\t\t\t\t\t<\/div>\n\t\t<\/section>\n\t\t\t\t<section class=\"elementor-section elementor-top-section elementor-element elementor-element-c93f353 elementor-section-boxed elementor-section-height-default elementor-section-height-default\" data-id=\"c93f353\" data-element_type=\"section\" data-e-type=\"section\">\n\t\t\t\t\t\t<div class=\"elementor-container elementor-column-gap-default\">\n\t\t\t\t\t<div class=\"elementor-column elementor-col-100 elementor-top-column elementor-element elementor-element-354ff60\" data-id=\"354ff60\" data-element_type=\"column\" data-e-type=\"column\">\n\t\t\t<div class=\"elementor-widget-wrap elementor-element-populated\">\n\t\t\t\t\t\t<div class=\"elementor-element elementor-element-e91547f elementor-widget elementor-widget-text-editor\" data-id=\"e91547f\" data-element_type=\"widget\" data-e-type=\"widget\" data-widget_type=\"text-editor.default\">\n\t\t\t\t<div class=\"elementor-widget-container\">\n\t\t\t\t\t\t\t\t\t<h3>Aper\u00e7u des deux variantes<\/h3>\n<p>La premi\u00e8re variante, intitul\u00e9e \u00ab<em>Swiss National Labs<\/em>\u00bb (SNLs), pr\u00e9voit que les \u00e9tablissements de recherche conservent chacun leur personnalit\u00e9 juridique. La seconde, intitul\u00e9e \u00ab<em>Swiss National Lab<\/em>\u00bb (SNL), pr\u00e9conise en revanche de les doter d\u2019une personnalit\u00e9 juridique unique. Dans les deux cas, les \u00e9tablissements de recherche conserveront leurs noms, leurs logos et leurs sites respectifs. Ils afficheront en outre une nouvelle identit\u00e9 commune et un nom collectif correspondant \u00e0 une marque fa\u00eeti\u00e8re.<\/p>\n\t\t\t\t\t\t\t\t<\/div>\n\t\t\t\t<\/div>\n\t\t\t\t\t<\/div>\n\t\t<\/div>\n\t\t\t\t\t<\/div>\n\t\t<\/section>\n\t\t\t\t<section class=\"elementor-section elementor-top-section elementor-element elementor-element-a5b6a6f elementor-section-boxed elementor-section-height-default elementor-section-height-default\" data-id=\"a5b6a6f\" data-element_type=\"section\" data-e-type=\"section\">\n\t\t\t\t\t\t<div class=\"elementor-container elementor-column-gap-default\">\n\t\t\t\t\t<div class=\"elementor-column elementor-col-50 elementor-top-column elementor-element elementor-element-ccd3aa6\" data-id=\"ccd3aa6\" data-element_type=\"column\" data-e-type=\"column\" data-settings=\"{&quot;background_background&quot;:&quot;classic&quot;}\">\n\t\t\t<div class=\"elementor-widget-wrap elementor-element-populated\">\n\t\t\t\t\t\t<div class=\"elementor-element elementor-element-544fc94 elementor-widget elementor-widget-text-editor\" data-id=\"544fc94\" data-element_type=\"widget\" data-e-type=\"widget\" data-widget_type=\"text-editor.default\">\n\t\t\t\t<div class=\"elementor-widget-container\">\n\t\t\t\t\t\t\t\t\t<h4>Variante Swiss National Labs (SNLs)<\/h4>\n<p>Les quatre \u00e9tablissements de recherche<\/p>\n<ul>\n<li>conservent leur organisation de recherche et leur personnalit\u00e9 juridique actuelles (quatre unit\u00e9s juridiques);<\/li>\n<li>conservent leurs marques et se voient dot\u00e9s en outre d\u2019un nom collectif correspondant \u00e0 une marque fa\u00eeti\u00e8re (titre de travail: <em>Swiss National Labs<\/em>, SNLs);<\/li>\n<li>constituent un organe de direction, dans lequel les directrices et directeurs si\u00e8gent et statuent sur les d\u00e9veloppements strat\u00e9giques et services communs;<\/li>\n<li>regroupent progressivement leurs unit\u00e9s de support lorsque la standardisation permet de gagner en efficacit\u00e9 et en qualit\u00e9;<\/li>\n<li>\u00e9laborent ensemble une planification officialis\u00e9e du d\u00e9veloppement strat\u00e9gique et mettent en \u0153uvre des programmes communs ax\u00e9s sur des th\u00e8mes sp\u00e9cifiques.<\/li>\n<\/ul>\n\t\t\t\t\t\t\t\t<\/div>\n\t\t\t\t<\/div>\n\t\t\t\t\t<\/div>\n\t\t<\/div>\n\t\t\t\t<div class=\"elementor-column elementor-col-50 elementor-top-column elementor-element elementor-element-64633ac\" data-id=\"64633ac\" data-element_type=\"column\" data-e-type=\"column\" data-settings=\"{&quot;background_background&quot;:&quot;classic&quot;}\">\n\t\t\t<div class=\"elementor-widget-wrap elementor-element-populated\">\n\t\t\t\t\t\t<div class=\"elementor-element elementor-element-e1266cd elementor-widget elementor-widget-text-editor\" data-id=\"e1266cd\" data-element_type=\"widget\" data-e-type=\"widget\" data-widget_type=\"text-editor.default\">\n\t\t\t\t<div class=\"elementor-widget-container\">\n\t\t\t\t\t\t\t\t\t<h4>Variante Swiss National Lab (SNL)<\/h4>\n<p>Les quatre \u00e9tablissements de recherche<\/p>\n<ul>\n<li>sont regroup\u00e9s au sein d\u2019une m\u00eame structure (personnalit\u00e9 juridique unique), mais conservent leur organisation de recherche actuelle;<\/li>\n<li>conservent leurs marques (noms et logos), tandis que le nom de la structure commune correspond \u00e0 une marque fa\u00eeti\u00e8re (titre de travail: <em>Swiss National Lab<\/em>, SNL);<\/li>\n<li>sont dirig\u00e9s par une pr\u00e9sidente ou un pr\u00e9sident. Les directrices et directeurs des quatre \u00e9tablissements de recherche sont membres de la direction du SNL. Les unit\u00e9s de support y sont \u00e9galement repr\u00e9sent\u00e9es;<\/li>\n<li>sont compl\u00e9t\u00e9s par une cinqui\u00e8me unit\u00e9 consacr\u00e9e au num\u00e9rique (<em>Big Data<\/em>, IA, cybers\u00e9curit\u00e9, etc.);<\/li>\n<li>regroupent progressivement leurs unit\u00e9s de support;<\/li>\n<li>\u00e9laborent ensemble une planification officialis\u00e9e du d\u00e9veloppement strat\u00e9gique et mettent en \u0153uvre des programmes communs ax\u00e9s sur des th\u00e8mes sp\u00e9cifiques.<\/li>\n<\/ul>\n\t\t\t\t\t\t\t\t<\/div>\n\t\t\t\t<\/div>\n\t\t\t\t\t<\/div>\n\t\t<\/div>\n\t\t\t\t\t<\/div>\n\t\t<\/section>\n\t\t\t\t<section class=\"elementor-section elementor-top-section elementor-element elementor-element-49d6313 elementor-section-boxed elementor-section-height-default elementor-section-height-default\" data-id=\"49d6313\" data-element_type=\"section\" data-e-type=\"section\">\n\t\t\t\t\t\t<div class=\"elementor-container elementor-column-gap-default\">\n\t\t\t\t\t<div class=\"elementor-column elementor-col-100 elementor-top-column elementor-element elementor-element-21db75f\" data-id=\"21db75f\" data-element_type=\"column\" data-e-type=\"column\">\n\t\t\t<div class=\"elementor-widget-wrap elementor-element-populated\">\n\t\t\t\t\t\t<div class=\"elementor-element elementor-element-ae07454 elementor-widget elementor-widget-text-editor\" data-id=\"ae07454\" data-element_type=\"widget\" data-e-type=\"widget\" data-widget_type=\"text-editor.default\">\n\t\t\t\t<div class=\"elementor-widget-container\">\n\t\t\t\t\t\t\t\t\t<h3>Suite de la proc\u00e9dure<\/h3>\n<p>Le Conseil des EPF a lanc\u00e9 la consultation interne au Domaine des EPF sur les deux variantes le 9 mars 2026. Cette proc\u00e9dure se poursuivra jusqu\u2019\u00e0 d\u00e9but juin. Le Conseil des EPF discutera en outre avec diff\u00e9rentes parties prenantes telles que les cantons, associations professionnelles et services de l\u2019administration f\u00e9d\u00e9rale. Apr\u00e8s examen des retours issus de la consultation, le Conseil des EPF d\u00e9cidera de la suite \u00e0 donner au projet dans le courant du second semestre.<\/p>\n\t\t\t\t\t\t\t\t<\/div>\n\t\t\t\t<\/div>\n\t\t\t\t\t<\/div>\n\t\t<\/div>\n\t\t\t\t\t<\/div>\n\t\t<\/section>\n\t\t\t\t<\/div>\n\t\t","protected":false},"excerpt":{"rendered":"<p>Lors de sa s\u00e9ance des 4 et 5 mars 2026, le Conseil des EPF a d\u00e9cid\u00e9 de soumettre aux institutions du Domaine des EPF deux variantes pour l\u2019organisation future du Domaine des EPF. La consultation interne a \u00e9t\u00e9 lanc\u00e9e le 9 mars. Le Conseil des EPF entend resserrer la collaboration et renforcer la coordination au &#8230;<\/p>\n","protected":false},"author":11,"featured_media":0,"parent":15881,"menu_order":0,"comment_status":"closed","ping_status":"closed","template":"","meta":{"_acf_changed":false,"footnotes":"","_links_to":"","_links_to_target":""},"search-tag":[],"class_list":["post-58216","page","type-page","status-publish","hentry"],"acf":[],"yoast_head":"<!-- This site is optimized with the Yoast SEO plugin v27.3 - https:\/\/yoast.com\/product\/yoast-seo-wordpress\/ -->\n<title>Deux variantes pour l\u2019organisation future du Domaine des EPF - Conseil des EPF<\/title>\n<meta name=\"robots\" content=\"index, follow, max-snippet:-1, max-image-preview:large, max-video-preview:-1\" \/>\n<link rel=\"canonical\" href=\"https:\/\/ethrat.ch\/fr\/domaine-des-epf\/deux-variantes-pour-lorganisation-future-du-domaine-des-epf\/\" \/>\n<meta property=\"og:locale\" content=\"fr_FR\" \/>\n<meta property=\"og:type\" content=\"article\" \/>\n<meta property=\"og:title\" content=\"Deux variantes pour l\u2019organisation future du Domaine des EPF - Conseil des EPF\" \/>\n<meta property=\"og:description\" content=\"Lors de sa s\u00e9ance des 4 et 5 mars 2026, le Conseil des EPF a d\u00e9cid\u00e9 de soumettre aux institutions du Domaine des EPF deux variantes pour l\u2019organisation future du Domaine des EPF. La consultation interne a \u00e9t\u00e9 lanc\u00e9e le 9 mars. Le Conseil des EPF entend resserrer la collaboration et renforcer la coordination au ...\" \/>\n<meta property=\"og:url\" content=\"https:\/\/ethrat.ch\/fr\/domaine-des-epf\/deux-variantes-pour-lorganisation-future-du-domaine-des-epf\/\" \/>\n<meta property=\"og:site_name\" content=\"Conseil des EPF\" \/>\n<meta property=\"og:image\" content=\"https:\/\/ethrat.ch\/wp-content\/uploads\/2025\/03\/fit_organisationsentwicklung_web.jpg\" \/>\n<meta name=\"twitter:card\" content=\"summary_large_image\" \/>\n<meta name=\"twitter:site\" content=\"@eth_rat\" \/>\n<meta name=\"twitter:label1\" content=\"Dur\u00e9e de lecture estim\u00e9e\" \/>\n\t<meta name=\"twitter:data1\" content=\"4 minutes\" \/>\n<script type=\"application\/ld+json\" class=\"yoast-schema-graph\">{\"@context\":\"https:\\\/\\\/schema.org\",\"@graph\":[{\"@type\":\"WebPage\",\"@id\":\"https:\\\/\\\/ethrat.ch\\\/fr\\\/domaine-des-epf\\\/deux-variantes-pour-lorganisation-future-du-domaine-des-epf\\\/\",\"url\":\"https:\\\/\\\/ethrat.ch\\\/fr\\\/domaine-des-epf\\\/deux-variantes-pour-lorganisation-future-du-domaine-des-epf\\\/\",\"name\":\"Deux variantes pour l\u2019organisation future du Domaine des EPF - Conseil des EPF\",\"isPartOf\":{\"@id\":\"https:\\\/\\\/ethrat.ch\\\/de\\\/#website\"},\"primaryImageOfPage\":{\"@id\":\"https:\\\/\\\/ethrat.ch\\\/fr\\\/domaine-des-epf\\\/deux-variantes-pour-lorganisation-future-du-domaine-des-epf\\\/#primaryimage\"},\"image\":{\"@id\":\"https:\\\/\\\/ethrat.ch\\\/fr\\\/domaine-des-epf\\\/deux-variantes-pour-lorganisation-future-du-domaine-des-epf\\\/#primaryimage\"},\"thumbnailUrl\":\"https:\\\/\\\/ethrat.ch\\\/wp-content\\\/uploads\\\/2025\\\/03\\\/fit_organisationsentwicklung_web.jpg\",\"datePublished\":\"2026-03-11T08:06:41+00:00\",\"breadcrumb\":{\"@id\":\"https:\\\/\\\/ethrat.ch\\\/fr\\\/domaine-des-epf\\\/deux-variantes-pour-lorganisation-future-du-domaine-des-epf\\\/#breadcrumb\"},\"inLanguage\":\"fr-FR\",\"potentialAction\":[{\"@type\":\"ReadAction\",\"target\":[\"https:\\\/\\\/ethrat.ch\\\/fr\\\/domaine-des-epf\\\/deux-variantes-pour-lorganisation-future-du-domaine-des-epf\\\/\"]}]},{\"@type\":\"ImageObject\",\"inLanguage\":\"fr-FR\",\"@id\":\"https:\\\/\\\/ethrat.ch\\\/fr\\\/domaine-des-epf\\\/deux-variantes-pour-lorganisation-future-du-domaine-des-epf\\\/#primaryimage\",\"url\":\"https:\\\/\\\/ethrat.ch\\\/wp-content\\\/uploads\\\/2025\\\/03\\\/fit_organisationsentwicklung_web.jpg\",\"contentUrl\":\"https:\\\/\\\/ethrat.ch\\\/wp-content\\\/uploads\\\/2025\\\/03\\\/fit_organisationsentwicklung_web.jpg\"},{\"@type\":\"BreadcrumbList\",\"@id\":\"https:\\\/\\\/ethrat.ch\\\/fr\\\/domaine-des-epf\\\/deux-variantes-pour-lorganisation-future-du-domaine-des-epf\\\/#breadcrumb\",\"itemListElement\":[{\"@type\":\"ListItem\",\"position\":1,\"name\":\"Home\",\"item\":\"https:\\\/\\\/ethrat.ch\\\/fr\\\/\"},{\"@type\":\"ListItem\",\"position\":2,\"name\":\"DOMAINE DES EPF\",\"item\":\"https:\\\/\\\/ethrat.ch\\\/fr\\\/domaine-des-epf\\\/\"},{\"@type\":\"ListItem\",\"position\":3,\"name\":\"Deux variantes pour l\u2019organisation future du Domaine des EPF\"}]},{\"@type\":\"WebSite\",\"@id\":\"https:\\\/\\\/ethrat.ch\\\/de\\\/#website\",\"url\":\"https:\\\/\\\/ethrat.ch\\\/de\\\/\",\"name\":\"ETH-Rat\",\"description\":\"\",\"publisher\":{\"@id\":\"https:\\\/\\\/ethrat.ch\\\/de\\\/#organization\"},\"potentialAction\":[{\"@type\":\"SearchAction\",\"target\":{\"@type\":\"EntryPoint\",\"urlTemplate\":\"https:\\\/\\\/ethrat.ch\\\/de\\\/?s={search_term_string}\"},\"query-input\":{\"@type\":\"PropertyValueSpecification\",\"valueRequired\":true,\"valueName\":\"search_term_string\"}}],\"inLanguage\":\"fr-FR\"},{\"@type\":\"Organization\",\"@id\":\"https:\\\/\\\/ethrat.ch\\\/de\\\/#organization\",\"name\":\"ETH-Rat\",\"url\":\"https:\\\/\\\/ethrat.ch\\\/de\\\/\",\"logo\":{\"@type\":\"ImageObject\",\"inLanguage\":\"fr-FR\",\"@id\":\"https:\\\/\\\/ethrat.ch\\\/de\\\/#\\\/schema\\\/logo\\\/image\\\/\",\"url\":\"https:\\\/\\\/ethrat.ch\\\/wp-content\\\/uploads\\\/2024\\\/04\\\/logo-white.svg\",\"contentUrl\":\"https:\\\/\\\/ethrat.ch\\\/wp-content\\\/uploads\\\/2024\\\/04\\\/logo-white.svg\",\"width\":283,\"height\":81,\"caption\":\"ETH-Rat\"},\"image\":{\"@id\":\"https:\\\/\\\/ethrat.ch\\\/de\\\/#\\\/schema\\\/logo\\\/image\\\/\"},\"sameAs\":[\"https:\\\/\\\/x.com\\\/eth_rat\",\"https:\\\/\\\/issuu.com\\\/ethrat\",\"https:\\\/\\\/www.linkedin.com\\\/company\\\/eth-rat\\\/\"]}]}<\/script>\n<!-- \/ Yoast SEO plugin. -->","yoast_head_json":{"title":"Deux variantes pour l\u2019organisation future du Domaine des EPF - Conseil des EPF","robots":{"index":"index","follow":"follow","max-snippet":"max-snippet:-1","max-image-preview":"max-image-preview:large","max-video-preview":"max-video-preview:-1"},"canonical":"https:\/\/ethrat.ch\/fr\/domaine-des-epf\/deux-variantes-pour-lorganisation-future-du-domaine-des-epf\/","og_locale":"fr_FR","og_type":"article","og_title":"Deux variantes pour l\u2019organisation future du Domaine des EPF - Conseil des EPF","og_description":"Lors de sa s\u00e9ance des 4 et 5 mars 2026, le Conseil des EPF a d\u00e9cid\u00e9 de soumettre aux institutions du Domaine des EPF deux variantes pour l\u2019organisation future du Domaine des EPF. La consultation interne a \u00e9t\u00e9 lanc\u00e9e le 9 mars. Le Conseil des EPF entend resserrer la collaboration et renforcer la coordination au ...","og_url":"https:\/\/ethrat.ch\/fr\/domaine-des-epf\/deux-variantes-pour-lorganisation-future-du-domaine-des-epf\/","og_site_name":"Conseil des EPF","og_image":[{"url":"https:\/\/ethrat.ch\/wp-content\/uploads\/2025\/03\/fit_organisationsentwicklung_web.jpg","type":"","width":"","height":""}],"twitter_card":"summary_large_image","twitter_site":"@eth_rat","twitter_misc":{"Dur\u00e9e de lecture estim\u00e9e":"4 minutes"},"schema":{"@context":"https:\/\/schema.org","@graph":[{"@type":"WebPage","@id":"https:\/\/ethrat.ch\/fr\/domaine-des-epf\/deux-variantes-pour-lorganisation-future-du-domaine-des-epf\/","url":"https:\/\/ethrat.ch\/fr\/domaine-des-epf\/deux-variantes-pour-lorganisation-future-du-domaine-des-epf\/","name":"Deux variantes pour l\u2019organisation future du Domaine des EPF - Conseil des EPF","isPartOf":{"@id":"https:\/\/ethrat.ch\/de\/#website"},"primaryImageOfPage":{"@id":"https:\/\/ethrat.ch\/fr\/domaine-des-epf\/deux-variantes-pour-lorganisation-future-du-domaine-des-epf\/#primaryimage"},"image":{"@id":"https:\/\/ethrat.ch\/fr\/domaine-des-epf\/deux-variantes-pour-lorganisation-future-du-domaine-des-epf\/#primaryimage"},"thumbnailUrl":"https:\/\/ethrat.ch\/wp-content\/uploads\/2025\/03\/fit_organisationsentwicklung_web.jpg","datePublished":"2026-03-11T08:06:41+00:00","breadcrumb":{"@id":"https:\/\/ethrat.ch\/fr\/domaine-des-epf\/deux-variantes-pour-lorganisation-future-du-domaine-des-epf\/#breadcrumb"},"inLanguage":"fr-FR","potentialAction":[{"@type":"ReadAction","target":["https:\/\/ethrat.ch\/fr\/domaine-des-epf\/deux-variantes-pour-lorganisation-future-du-domaine-des-epf\/"]}]},{"@type":"ImageObject","inLanguage":"fr-FR","@id":"https:\/\/ethrat.ch\/fr\/domaine-des-epf\/deux-variantes-pour-lorganisation-future-du-domaine-des-epf\/#primaryimage","url":"https:\/\/ethrat.ch\/wp-content\/uploads\/2025\/03\/fit_organisationsentwicklung_web.jpg","contentUrl":"https:\/\/ethrat.ch\/wp-content\/uploads\/2025\/03\/fit_organisationsentwicklung_web.jpg"},{"@type":"BreadcrumbList","@id":"https:\/\/ethrat.ch\/fr\/domaine-des-epf\/deux-variantes-pour-lorganisation-future-du-domaine-des-epf\/#breadcrumb","itemListElement":[{"@type":"ListItem","position":1,"name":"Home","item":"https:\/\/ethrat.ch\/fr\/"},{"@type":"ListItem","position":2,"name":"DOMAINE DES EPF","item":"https:\/\/ethrat.ch\/fr\/domaine-des-epf\/"},{"@type":"ListItem","position":3,"name":"Deux variantes pour l\u2019organisation future du Domaine des EPF"}]},{"@type":"WebSite","@id":"https:\/\/ethrat.ch\/de\/#website","url":"https:\/\/ethrat.ch\/de\/","name":"ETH-Rat","description":"","publisher":{"@id":"https:\/\/ethrat.ch\/de\/#organization"},"potentialAction":[{"@type":"SearchAction","target":{"@type":"EntryPoint","urlTemplate":"https:\/\/ethrat.ch\/de\/?s={search_term_string}"},"query-input":{"@type":"PropertyValueSpecification","valueRequired":true,"valueName":"search_term_string"}}],"inLanguage":"fr-FR"},{"@type":"Organization","@id":"https:\/\/ethrat.ch\/de\/#organization","name":"ETH-Rat","url":"https:\/\/ethrat.ch\/de\/","logo":{"@type":"ImageObject","inLanguage":"fr-FR","@id":"https:\/\/ethrat.ch\/de\/#\/schema\/logo\/image\/","url":"https:\/\/ethrat.ch\/wp-content\/uploads\/2024\/04\/logo-white.svg","contentUrl":"https:\/\/ethrat.ch\/wp-content\/uploads\/2024\/04\/logo-white.svg","width":283,"height":81,"caption":"ETH-Rat"},"image":{"@id":"https:\/\/ethrat.ch\/de\/#\/schema\/logo\/image\/"},"sameAs":["https:\/\/x.com\/eth_rat","https:\/\/issuu.com\/ethrat","https:\/\/www.linkedin.com\/company\/eth-rat\/"]}]}},"_links":{"self":[{"href":"https:\/\/ethrat.ch\/fr\/wp-json\/wp\/v2\/pages\/58216","targetHints":{"allow":["GET"]}}],"collection":[{"href":"https:\/\/ethrat.ch\/fr\/wp-json\/wp\/v2\/pages"}],"about":[{"href":"https:\/\/ethrat.ch\/fr\/wp-json\/wp\/v2\/types\/page"}],"author":[{"embeddable":true,"href":"https:\/\/ethrat.ch\/fr\/wp-json\/wp\/v2\/users\/11"}],"replies":[{"embeddable":true,"href":"https:\/\/ethrat.ch\/fr\/wp-json\/wp\/v2\/comments?post=58216"}],"version-history":[{"count":4,"href":"https:\/\/ethrat.ch\/fr\/wp-json\/wp\/v2\/pages\/58216\/revisions"}],"predecessor-version":[{"id":58229,"href":"https:\/\/ethrat.ch\/fr\/wp-json\/wp\/v2\/pages\/58216\/revisions\/58229"}],"up":[{"embeddable":true,"href":"https:\/\/ethrat.ch\/fr\/wp-json\/wp\/v2\/pages\/15881"}],"wp:attachment":[{"href":"https:\/\/ethrat.ch\/fr\/wp-json\/wp\/v2\/media?parent=58216"}],"wp:term":[{"taxonomy":"search-tag","embeddable":true,"href":"https:\/\/ethrat.ch\/fr\/wp-json\/wp\/v2\/search-tag?post=58216"}],"curies":[{"name":"wp","href":"https:\/\/api.w.org\/{rel}","templated":true}]}}