{"id":53752,"date":"2025-09-05T10:57:17","date_gmt":"2025-09-05T08:57:17","guid":{"rendered":"https:\/\/ethrat.ch\/domaine-des-epf\/vision-du-conseil-des-epf-pour-le-domaine-des-epf-trois-piliers-strategiques-forts\/"},"modified":"2025-09-05T14:58:32","modified_gmt":"2025-09-05T12:58:32","slug":"vision-du-conseil-des-epf-pour-le-domaine-des-epf-trois-piliers-strategiques-forts","status":"publish","type":"page","link":"https:\/\/ethrat.ch\/fr\/domaine-des-epf\/vision-du-conseil-des-epf-pour-le-domaine-des-epf-trois-piliers-strategiques-forts\/","title":{"rendered":"Vision du Conseil des EPF pour le Domaine des EPF: trois piliers strat\u00e9giques forts"},"content":{"rendered":"\t\t<div data-elementor-type=\"wp-page\" data-elementor-id=\"53752\" class=\"elementor elementor-53752 elementor-53710\" data-elementor-post-type=\"page\">\n\t\t\t\t\t\t<section class=\"elementor-section elementor-top-section elementor-element elementor-element-27877cc elementor-section-boxed elementor-section-height-default elementor-section-height-default\" data-id=\"27877cc\" data-element_type=\"section\" data-e-type=\"section\">\n\t\t\t\t\t\t<div class=\"elementor-container elementor-column-gap-default\">\n\t\t\t\t\t<div class=\"elementor-column elementor-col-100 elementor-top-column elementor-element elementor-element-1958dba\" data-id=\"1958dba\" data-element_type=\"column\" data-e-type=\"column\">\n\t\t\t<div class=\"elementor-widget-wrap elementor-element-populated\">\n\t\t\t\t\t\t<div class=\"elementor-element elementor-element-1a2e56d elementor-widget elementor-widget-heading\" data-id=\"1a2e56d\" data-element_type=\"widget\" data-e-type=\"widget\" data-widget_type=\"heading.default\">\n\t\t\t\t<div class=\"elementor-widget-container\">\n\t\t\t\t\t<h1 class=\"elementor-heading-title elementor-size-default\">Vision du Conseil des EPF pour le Domaine des EPF: trois piliers strat\u00e9giques forts<\/h1>\t\t\t\t<\/div>\n\t\t\t\t<\/div>\n\t\t\t\t<div class=\"elementor-element elementor-element-10d39e8 elementor-widget elementor-widget-text-editor\" data-id=\"10d39e8\" data-element_type=\"widget\" data-e-type=\"widget\" data-widget_type=\"text-editor.default\">\n\t\t\t\t<div class=\"elementor-widget-container\">\n\t\t\t\t\t\t\t\t\t<p>D\u00e9but 2024, le Conseil des EPF et les six institutions du Domaine des EPF ont d\u00e9fini huit objectifs \u00e0 atteindre dans le cadre du projet de d\u00e9veloppement organisationnel <em>FIT for the Future<\/em>. Une consultation interne pr\u00e9alable a \u00e9t\u00e9 organis\u00e9e \u00e0 ce sujet d\u2019ao\u00fbt \u00e0 octobre 2024 aupr\u00e8s des institutions du Domaine des EPF.<\/p>\n<p>Le d\u00e9nominateur commun, \u00e0 savoir le fait que les institutions sont toutes favorables \u00e0 une intensification de la coop\u00e9ration et \u00e0 un renforcement de la coordination strat\u00e9gique, a constitu\u00e9 la base de la d\u00e9cision de principe du Conseil des EPF. S\u2019agissant du d\u00e9veloppement strat\u00e9gique et structurel du Domaine des EPF, le Conseil des EPF souhaite renforcer conjointement les \u00e9tablissements de recherche en les r\u00e9unissant pour former le troisi\u00e8me grand pilier du Domaine des EPF appel\u00e9 \u00ab<em>Swiss National Lab<\/em>\u00bb (SNL, titre de travail). Les noms de marque des \u00e9tablissements de recherche, qui b\u00e9n\u00e9ficient d\u2019une pr\u00e9cieuse notori\u00e9t\u00e9, ainsi que leurs sites d\u2019implantation sont conserv\u00e9s. Une nouvelle unit\u00e9 num\u00e9rique (\u00ab<em>Digital Unit<\/em>\u00bb) devrait \u00eatre cr\u00e9\u00e9e et rattach\u00e9e \u00e0 la structure commune. Son si\u00e8ge principal serait en Suisse romande.<\/p>\n\t\t\t\t\t\t\t\t<\/div>\n\t\t\t\t<\/div>\n\t\t\t\t\t<\/div>\n\t\t<\/div>\n\t\t\t\t\t<\/div>\n\t\t<\/section>\n\t\t\t\t<section class=\"elementor-section elementor-top-section elementor-element elementor-element-fb76759 elementor-section-boxed elementor-section-height-default elementor-section-height-default\" data-id=\"fb76759\" data-element_type=\"section\" data-e-type=\"section\">\n\t\t\t\t\t\t<div class=\"elementor-container elementor-column-gap-default\">\n\t\t\t\t\t<div class=\"elementor-column elementor-col-100 elementor-top-column elementor-element elementor-element-c246cd5\" data-id=\"c246cd5\" data-element_type=\"column\" data-e-type=\"column\">\n\t\t\t<div class=\"elementor-widget-wrap elementor-element-populated\">\n\t\t\t\t\t\t<div class=\"elementor-element elementor-element-29469d7 elementor-widget elementor-widget-image\" data-id=\"29469d7\" data-element_type=\"widget\" data-e-type=\"widget\" data-widget_type=\"image.default\">\n\t\t\t\t<div class=\"elementor-widget-container\">\n\t\t\t\t\t\t\t\t\t\t\t\t\t\t\t<img decoding=\"async\" width=\"768\" height=\"663\" src=\"https:\/\/ethrat.ch\/wp-content\/uploads\/2025\/09\/Fit_trois_piliers-768x663.jpg\" class=\"attachment-medium_large size-medium_large wp-image-53827\" alt=\"\" srcset=\"https:\/\/ethrat.ch\/wp-content\/uploads\/2025\/09\/Fit_trois_piliers-768x663.jpg 768w, https:\/\/ethrat.ch\/wp-content\/uploads\/2025\/09\/Fit_trois_piliers-300x259.jpg 300w, https:\/\/ethrat.ch\/wp-content\/uploads\/2025\/09\/Fit_trois_piliers-1024x884.jpg 1024w, https:\/\/ethrat.ch\/wp-content\/uploads\/2025\/09\/Fit_trois_piliers.jpg 1120w\" sizes=\"(max-width: 768px) 100vw, 768px\" \/>\t\t\t\t\t\t\t\t\t\t\t\t\t\t\t<\/div>\n\t\t\t\t<\/div>\n\t\t\t\t\t<\/div>\n\t\t<\/div>\n\t\t\t\t\t<\/div>\n\t\t<\/section>\n\t\t\t\t<\/div>\n\t\t","protected":false},"excerpt":{"rendered":"<p>D\u00e9but 2024, le Conseil des EPF et les six institutions du Domaine des EPF ont d\u00e9fini huit objectifs \u00e0 atteindre dans le cadre du projet de d\u00e9veloppement organisationnel FIT for the Future. Une consultation interne pr\u00e9alable a \u00e9t\u00e9 organis\u00e9e \u00e0 ce sujet d\u2019ao\u00fbt \u00e0 octobre 2024 aupr\u00e8s des institutions du Domaine des EPF. Le d\u00e9nominateur &#8230;<\/p>\n","protected":false},"author":11,"featured_media":0,"parent":15881,"menu_order":0,"comment_status":"closed","ping_status":"closed","template":"","meta":{"_acf_changed":false,"footnotes":"","_links_to":"","_links_to_target":""},"search-tag":[],"class_list":["post-53752","page","type-page","status-publish","hentry"],"acf":[],"yoast_head":"<!-- This site is optimized with the Yoast SEO plugin v27.3 - https:\/\/yoast.com\/product\/yoast-seo-wordpress\/ -->\n<title>Vision du Conseil des EPF pour le Domaine des EPF: trois piliers strat\u00e9giques forts - Conseil des EPF<\/title>\n<meta name=\"robots\" content=\"index, follow, max-snippet:-1, max-image-preview:large, max-video-preview:-1\" \/>\n<link rel=\"canonical\" href=\"https:\/\/ethrat.ch\/de\/eth-bereich\/vision-des-eth-rats-fuer-den-eth-bereich-drei-starke-pfeiler\/\" \/>\n<meta property=\"og:locale\" content=\"fr_FR\" \/>\n<meta property=\"og:type\" content=\"article\" \/>\n<meta property=\"og:title\" content=\"Vision du Conseil des EPF pour le Domaine des EPF: trois piliers strat\u00e9giques forts - Conseil des EPF\" \/>\n<meta property=\"og:description\" content=\"D\u00e9but 2024, le Conseil des EPF et les six institutions du Domaine des EPF ont d\u00e9fini huit objectifs \u00e0 atteindre dans le cadre du projet de d\u00e9veloppement organisationnel FIT for the Future. Une consultation interne pr\u00e9alable a \u00e9t\u00e9 organis\u00e9e \u00e0 ce sujet d\u2019ao\u00fbt \u00e0 octobre 2024 aupr\u00e8s des institutions du Domaine des EPF. Le d\u00e9nominateur ...\" \/>\n<meta property=\"og:url\" content=\"https:\/\/ethrat.ch\/de\/eth-bereich\/vision-des-eth-rats-fuer-den-eth-bereich-drei-starke-pfeiler\/\" \/>\n<meta property=\"og:site_name\" content=\"Conseil des EPF\" \/>\n<meta property=\"article:modified_time\" content=\"2025-09-05T12:58:32+00:00\" \/>\n<meta property=\"og:image\" content=\"https:\/\/ethrat.ch\/wp-content\/uploads\/2025\/09\/Fit_trois_piliers.jpg\" \/>\n\t<meta property=\"og:image:width\" content=\"1120\" \/>\n\t<meta property=\"og:image:height\" content=\"967\" \/>\n\t<meta property=\"og:image:type\" content=\"image\/jpeg\" \/>\n<meta name=\"twitter:card\" content=\"summary_large_image\" \/>\n<meta name=\"twitter:site\" content=\"@eth_rat\" \/>\n<meta name=\"twitter:label1\" content=\"Dur\u00e9e de lecture estim\u00e9e\" \/>\n\t<meta name=\"twitter:data1\" content=\"2 minutes\" \/>\n<script type=\"application\/ld+json\" class=\"yoast-schema-graph\">{\"@context\":\"https:\\\/\\\/schema.org\",\"@graph\":[{\"@type\":\"WebPage\",\"@id\":\"https:\\\/\\\/ethrat.ch\\\/de\\\/eth-bereich\\\/vision-des-eth-rats-fuer-den-eth-bereich-drei-starke-pfeiler\\\/\",\"url\":\"https:\\\/\\\/ethrat.ch\\\/de\\\/eth-bereich\\\/vision-des-eth-rats-fuer-den-eth-bereich-drei-starke-pfeiler\\\/\",\"name\":\"Vision du Conseil des EPF pour le Domaine des EPF: trois piliers strat\u00e9giques forts - Conseil des EPF\",\"isPartOf\":{\"@id\":\"https:\\\/\\\/ethrat.ch\\\/de\\\/#website\"},\"primaryImageOfPage\":{\"@id\":\"https:\\\/\\\/ethrat.ch\\\/de\\\/eth-bereich\\\/vision-des-eth-rats-fuer-den-eth-bereich-drei-starke-pfeiler\\\/#primaryimage\"},\"image\":{\"@id\":\"https:\\\/\\\/ethrat.ch\\\/de\\\/eth-bereich\\\/vision-des-eth-rats-fuer-den-eth-bereich-drei-starke-pfeiler\\\/#primaryimage\"},\"thumbnailUrl\":\"https:\\\/\\\/ethrat.ch\\\/wp-content\\\/uploads\\\/2025\\\/09\\\/Fit_trois_piliers-768x663.jpg\",\"datePublished\":\"2025-09-05T08:57:17+00:00\",\"dateModified\":\"2025-09-05T12:58:32+00:00\",\"breadcrumb\":{\"@id\":\"https:\\\/\\\/ethrat.ch\\\/de\\\/eth-bereich\\\/vision-des-eth-rats-fuer-den-eth-bereich-drei-starke-pfeiler\\\/#breadcrumb\"},\"inLanguage\":\"fr-FR\",\"potentialAction\":[{\"@type\":\"ReadAction\",\"target\":[\"https:\\\/\\\/ethrat.ch\\\/de\\\/eth-bereich\\\/vision-des-eth-rats-fuer-den-eth-bereich-drei-starke-pfeiler\\\/\"]}]},{\"@type\":\"ImageObject\",\"inLanguage\":\"fr-FR\",\"@id\":\"https:\\\/\\\/ethrat.ch\\\/de\\\/eth-bereich\\\/vision-des-eth-rats-fuer-den-eth-bereich-drei-starke-pfeiler\\\/#primaryimage\",\"url\":\"https:\\\/\\\/ethrat.ch\\\/wp-content\\\/uploads\\\/2025\\\/09\\\/Fit_trois_piliers-768x663.jpg\",\"contentUrl\":\"https:\\\/\\\/ethrat.ch\\\/wp-content\\\/uploads\\\/2025\\\/09\\\/Fit_trois_piliers-768x663.jpg\"},{\"@type\":\"BreadcrumbList\",\"@id\":\"https:\\\/\\\/ethrat.ch\\\/de\\\/eth-bereich\\\/vision-des-eth-rats-fuer-den-eth-bereich-drei-starke-pfeiler\\\/#breadcrumb\",\"itemListElement\":[{\"@type\":\"ListItem\",\"position\":1,\"name\":\"Home\",\"item\":\"https:\\\/\\\/ethrat.ch\\\/fr\\\/\"},{\"@type\":\"ListItem\",\"position\":2,\"name\":\"DOMAINE DES EPF\",\"item\":\"https:\\\/\\\/ethrat.ch\\\/fr\\\/domaine-des-epf\\\/\"},{\"@type\":\"ListItem\",\"position\":3,\"name\":\"Vision du Conseil des EPF pour le Domaine des EPF: trois piliers strat\u00e9giques forts\"}]},{\"@type\":\"WebSite\",\"@id\":\"https:\\\/\\\/ethrat.ch\\\/de\\\/#website\",\"url\":\"https:\\\/\\\/ethrat.ch\\\/de\\\/\",\"name\":\"ETH-Rat\",\"description\":\"\",\"publisher\":{\"@id\":\"https:\\\/\\\/ethrat.ch\\\/de\\\/#organization\"},\"potentialAction\":[{\"@type\":\"SearchAction\",\"target\":{\"@type\":\"EntryPoint\",\"urlTemplate\":\"https:\\\/\\\/ethrat.ch\\\/de\\\/?s={search_term_string}\"},\"query-input\":{\"@type\":\"PropertyValueSpecification\",\"valueRequired\":true,\"valueName\":\"search_term_string\"}}],\"inLanguage\":\"fr-FR\"},{\"@type\":\"Organization\",\"@id\":\"https:\\\/\\\/ethrat.ch\\\/de\\\/#organization\",\"name\":\"ETH-Rat\",\"url\":\"https:\\\/\\\/ethrat.ch\\\/de\\\/\",\"logo\":{\"@type\":\"ImageObject\",\"inLanguage\":\"fr-FR\",\"@id\":\"https:\\\/\\\/ethrat.ch\\\/de\\\/#\\\/schema\\\/logo\\\/image\\\/\",\"url\":\"https:\\\/\\\/ethrat.ch\\\/wp-content\\\/uploads\\\/2024\\\/04\\\/logo-white.svg\",\"contentUrl\":\"https:\\\/\\\/ethrat.ch\\\/wp-content\\\/uploads\\\/2024\\\/04\\\/logo-white.svg\",\"width\":283,\"height\":81,\"caption\":\"ETH-Rat\"},\"image\":{\"@id\":\"https:\\\/\\\/ethrat.ch\\\/de\\\/#\\\/schema\\\/logo\\\/image\\\/\"},\"sameAs\":[\"https:\\\/\\\/x.com\\\/eth_rat\",\"https:\\\/\\\/issuu.com\\\/ethrat\",\"https:\\\/\\\/www.linkedin.com\\\/company\\\/eth-rat\\\/\"]}]}<\/script>\n<!-- \/ Yoast SEO plugin. -->","yoast_head_json":{"title":"Vision du Conseil des EPF pour le Domaine des EPF: trois piliers strat\u00e9giques forts - Conseil des EPF","robots":{"index":"index","follow":"follow","max-snippet":"max-snippet:-1","max-image-preview":"max-image-preview:large","max-video-preview":"max-video-preview:-1"},"canonical":"https:\/\/ethrat.ch\/de\/eth-bereich\/vision-des-eth-rats-fuer-den-eth-bereich-drei-starke-pfeiler\/","og_locale":"fr_FR","og_type":"article","og_title":"Vision du Conseil des EPF pour le Domaine des EPF: trois piliers strat\u00e9giques forts - Conseil des EPF","og_description":"D\u00e9but 2024, le Conseil des EPF et les six institutions du Domaine des EPF ont d\u00e9fini huit objectifs \u00e0 atteindre dans le cadre du projet de d\u00e9veloppement organisationnel FIT for the Future. Une consultation interne pr\u00e9alable a \u00e9t\u00e9 organis\u00e9e \u00e0 ce sujet d\u2019ao\u00fbt \u00e0 octobre 2024 aupr\u00e8s des institutions du Domaine des EPF. Le d\u00e9nominateur ...","og_url":"https:\/\/ethrat.ch\/de\/eth-bereich\/vision-des-eth-rats-fuer-den-eth-bereich-drei-starke-pfeiler\/","og_site_name":"Conseil des EPF","article_modified_time":"2025-09-05T12:58:32+00:00","og_image":[{"width":1120,"height":967,"url":"https:\/\/ethrat.ch\/wp-content\/uploads\/2025\/09\/Fit_trois_piliers.jpg","type":"image\/jpeg"}],"twitter_card":"summary_large_image","twitter_site":"@eth_rat","twitter_misc":{"Dur\u00e9e de lecture estim\u00e9e":"2 minutes"},"schema":{"@context":"https:\/\/schema.org","@graph":[{"@type":"WebPage","@id":"https:\/\/ethrat.ch\/de\/eth-bereich\/vision-des-eth-rats-fuer-den-eth-bereich-drei-starke-pfeiler\/","url":"https:\/\/ethrat.ch\/de\/eth-bereich\/vision-des-eth-rats-fuer-den-eth-bereich-drei-starke-pfeiler\/","name":"Vision du Conseil des EPF pour le Domaine des EPF: trois piliers strat\u00e9giques forts - Conseil des EPF","isPartOf":{"@id":"https:\/\/ethrat.ch\/de\/#website"},"primaryImageOfPage":{"@id":"https:\/\/ethrat.ch\/de\/eth-bereich\/vision-des-eth-rats-fuer-den-eth-bereich-drei-starke-pfeiler\/#primaryimage"},"image":{"@id":"https:\/\/ethrat.ch\/de\/eth-bereich\/vision-des-eth-rats-fuer-den-eth-bereich-drei-starke-pfeiler\/#primaryimage"},"thumbnailUrl":"https:\/\/ethrat.ch\/wp-content\/uploads\/2025\/09\/Fit_trois_piliers-768x663.jpg","datePublished":"2025-09-05T08:57:17+00:00","dateModified":"2025-09-05T12:58:32+00:00","breadcrumb":{"@id":"https:\/\/ethrat.ch\/de\/eth-bereich\/vision-des-eth-rats-fuer-den-eth-bereich-drei-starke-pfeiler\/#breadcrumb"},"inLanguage":"fr-FR","potentialAction":[{"@type":"ReadAction","target":["https:\/\/ethrat.ch\/de\/eth-bereich\/vision-des-eth-rats-fuer-den-eth-bereich-drei-starke-pfeiler\/"]}]},{"@type":"ImageObject","inLanguage":"fr-FR","@id":"https:\/\/ethrat.ch\/de\/eth-bereich\/vision-des-eth-rats-fuer-den-eth-bereich-drei-starke-pfeiler\/#primaryimage","url":"https:\/\/ethrat.ch\/wp-content\/uploads\/2025\/09\/Fit_trois_piliers-768x663.jpg","contentUrl":"https:\/\/ethrat.ch\/wp-content\/uploads\/2025\/09\/Fit_trois_piliers-768x663.jpg"},{"@type":"BreadcrumbList","@id":"https:\/\/ethrat.ch\/de\/eth-bereich\/vision-des-eth-rats-fuer-den-eth-bereich-drei-starke-pfeiler\/#breadcrumb","itemListElement":[{"@type":"ListItem","position":1,"name":"Home","item":"https:\/\/ethrat.ch\/fr\/"},{"@type":"ListItem","position":2,"name":"DOMAINE DES EPF","item":"https:\/\/ethrat.ch\/fr\/domaine-des-epf\/"},{"@type":"ListItem","position":3,"name":"Vision du Conseil des EPF pour le Domaine des EPF: trois piliers strat\u00e9giques forts"}]},{"@type":"WebSite","@id":"https:\/\/ethrat.ch\/de\/#website","url":"https:\/\/ethrat.ch\/de\/","name":"ETH-Rat","description":"","publisher":{"@id":"https:\/\/ethrat.ch\/de\/#organization"},"potentialAction":[{"@type":"SearchAction","target":{"@type":"EntryPoint","urlTemplate":"https:\/\/ethrat.ch\/de\/?s={search_term_string}"},"query-input":{"@type":"PropertyValueSpecification","valueRequired":true,"valueName":"search_term_string"}}],"inLanguage":"fr-FR"},{"@type":"Organization","@id":"https:\/\/ethrat.ch\/de\/#organization","name":"ETH-Rat","url":"https:\/\/ethrat.ch\/de\/","logo":{"@type":"ImageObject","inLanguage":"fr-FR","@id":"https:\/\/ethrat.ch\/de\/#\/schema\/logo\/image\/","url":"https:\/\/ethrat.ch\/wp-content\/uploads\/2024\/04\/logo-white.svg","contentUrl":"https:\/\/ethrat.ch\/wp-content\/uploads\/2024\/04\/logo-white.svg","width":283,"height":81,"caption":"ETH-Rat"},"image":{"@id":"https:\/\/ethrat.ch\/de\/#\/schema\/logo\/image\/"},"sameAs":["https:\/\/x.com\/eth_rat","https:\/\/issuu.com\/ethrat","https:\/\/www.linkedin.com\/company\/eth-rat\/"]}]}},"_links":{"self":[{"href":"https:\/\/ethrat.ch\/fr\/wp-json\/wp\/v2\/pages\/53752","targetHints":{"allow":["GET"]}}],"collection":[{"href":"https:\/\/ethrat.ch\/fr\/wp-json\/wp\/v2\/pages"}],"about":[{"href":"https:\/\/ethrat.ch\/fr\/wp-json\/wp\/v2\/types\/page"}],"author":[{"embeddable":true,"href":"https:\/\/ethrat.ch\/fr\/wp-json\/wp\/v2\/users\/11"}],"replies":[{"embeddable":true,"href":"https:\/\/ethrat.ch\/fr\/wp-json\/wp\/v2\/comments?post=53752"}],"version-history":[{"count":0,"href":"https:\/\/ethrat.ch\/fr\/wp-json\/wp\/v2\/pages\/53752\/revisions"}],"up":[{"embeddable":true,"href":"https:\/\/ethrat.ch\/fr\/wp-json\/wp\/v2\/pages\/15881"}],"wp:attachment":[{"href":"https:\/\/ethrat.ch\/fr\/wp-json\/wp\/v2\/media?parent=53752"}],"wp:term":[{"taxonomy":"search-tag","embeddable":true,"href":"https:\/\/ethrat.ch\/fr\/wp-json\/wp\/v2\/search-tag?post=53752"}],"curies":[{"name":"wp","href":"https:\/\/api.w.org\/{rel}","templated":true}]}}