{"id":53747,"date":"2025-09-05T10:53:35","date_gmt":"2025-09-05T08:53:35","guid":{"rendered":"https:\/\/ethrat.ch\/domaine-des-epf\/michael-o-hengartner-explique-les-prochaines-etapes-du-projet-fit-for-the-future\/"},"modified":"2025-09-05T14:26:49","modified_gmt":"2025-09-05T12:26:49","slug":"michael-o-hengartner-presente-les-prochaines-etapes-du-projet-fit-for-the-future","status":"publish","type":"page","link":"https:\/\/ethrat.ch\/fr\/domaine-des-epf\/michael-o-hengartner-presente-les-prochaines-etapes-du-projet-fit-for-the-future\/","title":{"rendered":"Michael O. Hengartner pr\u00e9sente les prochaines \u00e9tapes du projet FIT for the Future"},"content":{"rendered":"\t\t<div data-elementor-type=\"wp-page\" data-elementor-id=\"53747\" class=\"elementor elementor-53747 elementor-53686\" data-elementor-post-type=\"page\">\n\t\t\t\t\t\t<section class=\"elementor-section elementor-top-section elementor-element elementor-element-9608200 elementor-section-boxed elementor-section-height-default elementor-section-height-default\" data-id=\"9608200\" data-element_type=\"section\" data-e-type=\"section\">\n\t\t\t\t\t\t<div class=\"elementor-container elementor-column-gap-default\">\n\t\t\t\t\t<div class=\"elementor-column elementor-col-100 elementor-top-column elementor-element elementor-element-03b7f3f\" data-id=\"03b7f3f\" data-element_type=\"column\" data-e-type=\"column\" data-settings=\"{&quot;background_background&quot;:&quot;classic&quot;}\">\n\t\t\t<div class=\"elementor-widget-wrap elementor-element-populated\">\n\t\t\t\t\t\t<div class=\"elementor-element elementor-element-8a9cdaf elementor-widget elementor-widget-image\" data-id=\"8a9cdaf\" data-element_type=\"widget\" data-e-type=\"widget\" data-widget_type=\"image.default\">\n\t\t\t\t<div class=\"elementor-widget-container\">\n\t\t\t\t\t\t\t\t\t\t\t\t\t\t\t<img decoding=\"async\" width=\"1120\" height=\"580\" src=\"https:\/\/ethrat.ch\/wp-content\/uploads\/2025\/03\/MOH_newsletter_FIT.jpg\" class=\"attachment-full size-full wp-image-51444\" alt=\"\" srcset=\"https:\/\/ethrat.ch\/wp-content\/uploads\/2025\/03\/MOH_newsletter_FIT.jpg 1120w, https:\/\/ethrat.ch\/wp-content\/uploads\/2025\/03\/MOH_newsletter_FIT-300x155.jpg 300w, https:\/\/ethrat.ch\/wp-content\/uploads\/2025\/03\/MOH_newsletter_FIT-1024x530.jpg 1024w, https:\/\/ethrat.ch\/wp-content\/uploads\/2025\/03\/MOH_newsletter_FIT-768x398.jpg 768w\" sizes=\"(max-width: 1120px) 100vw, 1120px\" \/>\t\t\t\t\t\t\t\t\t\t\t\t\t\t\t<\/div>\n\t\t\t\t<\/div>\n\t\t\t\t\t<\/div>\n\t\t<\/div>\n\t\t\t\t\t<\/div>\n\t\t<\/section>\n\t\t\t\t<section class=\"elementor-section elementor-top-section elementor-element elementor-element-27877cc elementor-section-boxed elementor-section-height-default elementor-section-height-default\" data-id=\"27877cc\" data-element_type=\"section\" data-e-type=\"section\">\n\t\t\t\t\t\t<div class=\"elementor-container elementor-column-gap-default\">\n\t\t\t\t\t<div class=\"elementor-column elementor-col-100 elementor-top-column elementor-element elementor-element-1958dba\" data-id=\"1958dba\" data-element_type=\"column\" data-e-type=\"column\">\n\t\t\t<div class=\"elementor-widget-wrap elementor-element-populated\">\n\t\t\t\t\t\t<div class=\"elementor-element elementor-element-1a2e56d elementor-widget elementor-widget-heading\" data-id=\"1a2e56d\" data-element_type=\"widget\" data-e-type=\"widget\" data-widget_type=\"heading.default\">\n\t\t\t\t<div class=\"elementor-widget-container\">\n\t\t\t\t\t<h1 class=\"elementor-heading-title elementor-size-default\">Michael O. Hengartner pr\u00e9sente les prochaines \u00e9tapes du projet FIT for the Future<\/h1>\t\t\t\t<\/div>\n\t\t\t\t<\/div>\n\t\t\t\t<div class=\"elementor-element elementor-element-42ed6ad elementor-widget elementor-widget-text-editor\" data-id=\"42ed6ad\" data-element_type=\"widget\" data-e-type=\"widget\" data-widget_type=\"text-editor.default\">\n\t\t\t\t<div class=\"elementor-widget-container\">\n\t\t\t\t\t\t\t\t\t<p>Depuis la derni\u00e8re newsletter, le projet FIT for the Future a beaucoup \u00e9volu\u00e9: lors de workshops, les institutions du Domaine des EPF ont continu\u00e9 \u00e0 concr\u00e9tiser le troisi\u00e8me pilier fort pr\u00e9vu du Domaine des EPF. Le Conseil des EPF demande que soient \u00e9labor\u00e9es diff\u00e9rentes variantes avec diff\u00e9rents degr\u00e9s d&rsquo;int\u00e9gration des \u00e9tablissements de recherche. Michael O. Hengartner r\u00e9pond \u00e0 plusieurs questions \u00e0 ce sujet.<\/p>\n\t\t\t\t\t\t\t\t<\/div>\n\t\t\t\t<\/div>\n\t\t\t\t<div class=\"elementor-element elementor-element-10d39e8 elementor-widget elementor-widget-text-editor\" data-id=\"10d39e8\" data-element_type=\"widget\" data-e-type=\"widget\" data-widget_type=\"text-editor.default\">\n\t\t\t\t<div class=\"elementor-widget-container\">\n\t\t\t\t\t\t\t\t\t<h4>La premi\u00e8re newletter est parue il y a pr\u00e8s de six mois. Que s\u2019est-il pass\u00e9 depuis dans le cadre du projet FIT for the Future?<\/h4>\n<p><strong>Michael O. Hengartner:<\/strong> Le Conseil des EPF entend resserrer la collaboration et renforcer la coordination dans le Domaine des EPF qui, \u00e0 l\u2019avenir, sera constitu\u00e9 de trois piliers strat\u00e9giques forts: l\u2019ETH Zurich, l\u2019EPFL ainsi que les quatre \u00e9tablissements de recherche r\u00e9unis au sein d\u2019une m\u00eame structure (titre de travail: Swiss National Lab, SNL). Les plus hauts responsables des deux EPF et des quatre \u00e9tablissements de recherche ont particip\u00e9 \u00e0 cinq ateliers depuis mars 2025. Ensemble, ils ont \u00e9labor\u00e9 les formes de regroupement possibles et examin\u00e9 les comp\u00e9tences \u00e0 donner \u00e0 la future direction du SNL. Ils ont aussi envisag\u00e9 la mani\u00e8re d\u2019int\u00e9grer les grandes installations de recherche dans la nouvelle organisation, le financement ainsi que la mise en place d\u2019unit\u00e9s de soutien communes (IT, HR ou finances, p. ex.).<\/p>\n\t\t\t\t\t\t\t\t<\/div>\n\t\t\t\t<\/div>\n\t\t\t\t<div class=\"elementor-element elementor-element-7d59e37 elementor-widget elementor-widget-text-editor\" data-id=\"7d59e37\" data-element_type=\"widget\" data-e-type=\"widget\" data-widget_type=\"text-editor.default\">\n\t\t\t\t<div class=\"elementor-widget-container\">\n\t\t\t\t\t\t\t\t\t<h4>Les \u00e9tablissements de recherche ont \u00e9mis des r\u00e9serves en ce qui concerne le regroupement au sein d\u2019une structure commune dot\u00e9e d\u2019une personnalit\u00e9 juridique unique. Les responsables politiques et d\u2019autres parties prenantes ont eux aussi diff\u00e9rentes questions et pr\u00e9occupations \u00e0 ce sujet. Comment le Conseil des EPF y r\u00e9pond-il?<\/h4>\n<p>Le Conseil des EPF prend ces r\u00e9actions tr\u00e8s au s\u00e9rieux et en tient compte dans ses r\u00e9flexions strat\u00e9giques et ses travaux conceptuels. Pour y r\u00e9pondre, il fait actuellement \u00e9laborer plusieurs variantes de regroupement des \u00e9tablissements de recherche, avec des degr\u00e9s d\u2019int\u00e9gration divers. Le Conseil des EPF tient \u00e0 pr\u00e9ciser qu\u2019un regroupement sous une seule personnalit\u00e9 juridique n\u2019est pas obligatoire. Mais toutes les institutions du Domaine des EPF s\u2019accordent \u00e0 dire qu\u2019il faut collaborer plus \u00e9troitement, mieux nous coordonner et \u00eatre capable d\u2019int\u00e9grer plus ais\u00e9ment de nouveaux th\u00e8mes ou de nouvelles unit\u00e9s au Domaine des EPF. Il existe \u00e9galement un consensus sur le fait que nous voulons cr\u00e9er un troisi\u00e8me pilier strat\u00e9gique fort aux c\u00f4t\u00e9s de l\u2019ETH Zurich et de l\u2019EPFL.<\/p>\n\t\t\t\t\t\t\t\t<\/div>\n\t\t\t\t<\/div>\n\t\t\t\t<div class=\"elementor-element elementor-element-dbaf372 elementor-widget elementor-widget-text-editor\" data-id=\"dbaf372\" data-element_type=\"widget\" data-e-type=\"widget\" data-widget_type=\"text-editor.default\">\n\t\t\t\t<div class=\"elementor-widget-container\">\n\t\t\t\t\t\t\t\t\t<h4>Que va-t-il se passer maintenant?<\/h4><p>La directrice et les directeurs des \u00e9tablissements de recherche ont pr\u00e9sent\u00e9 une premi\u00e8re variante fin ao\u00fbt. Cette proposition est d\u00e9velopp\u00e9e plus avant en pr\u00e9vision de la s\u00e9ance du Conseil des EPF qui se tiendra mi-septembre. Le Conseil des EPF d\u00e9battra des diff\u00e9rentes variantes et d\u00e9cidera vraisemblablement d\u2019ici \u00e0 la fin de l\u2019ann\u00e9e laquelle ou lesquelles il compte soumettre \u00e0 la consultation interne au Domaine des EPF.<\/p>\t\t\t\t\t\t\t\t<\/div>\n\t\t\t\t<\/div>\n\t\t\t\t\t<\/div>\n\t\t<\/div>\n\t\t\t\t\t<\/div>\n\t\t<\/section>\n\t\t\t\t<\/div>\n\t\t","protected":false},"excerpt":{"rendered":"<p>Depuis la derni\u00e8re newsletter, le projet FIT for the Future a beaucoup \u00e9volu\u00e9: lors de workshops, les institutions du Domaine des EPF ont continu\u00e9 \u00e0 concr\u00e9tiser le troisi\u00e8me pilier fort pr\u00e9vu du Domaine des EPF. Le Conseil des EPF demande que soient \u00e9labor\u00e9es diff\u00e9rentes variantes avec diff\u00e9rents degr\u00e9s d&rsquo;int\u00e9gration des \u00e9tablissements de recherche. Michael O. &#8230;<\/p>\n","protected":false},"author":11,"featured_media":0,"parent":15881,"menu_order":0,"comment_status":"closed","ping_status":"closed","template":"","meta":{"_acf_changed":false,"footnotes":"","_links_to":"","_links_to_target":""},"search-tag":[],"class_list":["post-53747","page","type-page","status-publish","hentry"],"acf":[],"yoast_head":"<!-- This site is optimized with the Yoast SEO plugin v27.3 - https:\/\/yoast.com\/product\/yoast-seo-wordpress\/ -->\n<title>Michael O. Hengartner pr\u00e9sente les prochaines \u00e9tapes du projet FIT for the Future - Conseil des EPF<\/title>\n<meta name=\"robots\" content=\"index, follow, max-snippet:-1, max-image-preview:large, max-video-preview:-1\" \/>\n<link rel=\"canonical\" href=\"https:\/\/ethrat.ch\/fr\/domaine-des-epf\/michael-o-hengartner-presente-les-prochaines-etapes-du-projet-fit-for-the-future\/\" \/>\n<meta property=\"og:locale\" content=\"fr_FR\" \/>\n<meta property=\"og:type\" content=\"article\" \/>\n<meta property=\"og:title\" content=\"Michael O. Hengartner pr\u00e9sente les prochaines \u00e9tapes du projet FIT for the Future - Conseil des EPF\" \/>\n<meta property=\"og:description\" content=\"Depuis la derni\u00e8re newsletter, le projet FIT for the Future a beaucoup \u00e9volu\u00e9: lors de workshops, les institutions du Domaine des EPF ont continu\u00e9 \u00e0 concr\u00e9tiser le troisi\u00e8me pilier fort pr\u00e9vu du Domaine des EPF. Le Conseil des EPF demande que soient \u00e9labor\u00e9es diff\u00e9rentes variantes avec diff\u00e9rents degr\u00e9s d&rsquo;int\u00e9gration des \u00e9tablissements de recherche. Michael O. ...\" \/>\n<meta property=\"og:url\" content=\"https:\/\/ethrat.ch\/fr\/domaine-des-epf\/michael-o-hengartner-presente-les-prochaines-etapes-du-projet-fit-for-the-future\/\" \/>\n<meta property=\"og:site_name\" content=\"Conseil des EPF\" \/>\n<meta property=\"article:modified_time\" content=\"2025-09-05T12:26:49+00:00\" \/>\n<meta property=\"og:image\" content=\"https:\/\/ethrat.ch\/wp-content\/uploads\/2025\/03\/MOH_newsletter_FIT.jpg\" \/>\n<meta name=\"twitter:card\" content=\"summary_large_image\" \/>\n<meta name=\"twitter:site\" content=\"@eth_rat\" \/>\n<meta name=\"twitter:label1\" content=\"Dur\u00e9e de lecture estim\u00e9e\" \/>\n\t<meta name=\"twitter:data1\" content=\"3 minutes\" \/>\n<script type=\"application\/ld+json\" class=\"yoast-schema-graph\">{\"@context\":\"https:\\\/\\\/schema.org\",\"@graph\":[{\"@type\":\"WebPage\",\"@id\":\"https:\\\/\\\/ethrat.ch\\\/fr\\\/domaine-des-epf\\\/michael-o-hengartner-presente-les-prochaines-etapes-du-projet-fit-for-the-future\\\/\",\"url\":\"https:\\\/\\\/ethrat.ch\\\/fr\\\/domaine-des-epf\\\/michael-o-hengartner-presente-les-prochaines-etapes-du-projet-fit-for-the-future\\\/\",\"name\":\"Michael O. Hengartner pr\u00e9sente les prochaines \u00e9tapes du projet FIT for the Future - Conseil des EPF\",\"isPartOf\":{\"@id\":\"https:\\\/\\\/ethrat.ch\\\/de\\\/#website\"},\"primaryImageOfPage\":{\"@id\":\"https:\\\/\\\/ethrat.ch\\\/fr\\\/domaine-des-epf\\\/michael-o-hengartner-presente-les-prochaines-etapes-du-projet-fit-for-the-future\\\/#primaryimage\"},\"image\":{\"@id\":\"https:\\\/\\\/ethrat.ch\\\/fr\\\/domaine-des-epf\\\/michael-o-hengartner-presente-les-prochaines-etapes-du-projet-fit-for-the-future\\\/#primaryimage\"},\"thumbnailUrl\":\"https:\\\/\\\/ethrat.ch\\\/wp-content\\\/uploads\\\/2025\\\/03\\\/MOH_newsletter_FIT.jpg\",\"datePublished\":\"2025-09-05T08:53:35+00:00\",\"dateModified\":\"2025-09-05T12:26:49+00:00\",\"breadcrumb\":{\"@id\":\"https:\\\/\\\/ethrat.ch\\\/fr\\\/domaine-des-epf\\\/michael-o-hengartner-presente-les-prochaines-etapes-du-projet-fit-for-the-future\\\/#breadcrumb\"},\"inLanguage\":\"fr-FR\",\"potentialAction\":[{\"@type\":\"ReadAction\",\"target\":[\"https:\\\/\\\/ethrat.ch\\\/fr\\\/domaine-des-epf\\\/michael-o-hengartner-presente-les-prochaines-etapes-du-projet-fit-for-the-future\\\/\"]}]},{\"@type\":\"ImageObject\",\"inLanguage\":\"fr-FR\",\"@id\":\"https:\\\/\\\/ethrat.ch\\\/fr\\\/domaine-des-epf\\\/michael-o-hengartner-presente-les-prochaines-etapes-du-projet-fit-for-the-future\\\/#primaryimage\",\"url\":\"https:\\\/\\\/ethrat.ch\\\/wp-content\\\/uploads\\\/2025\\\/03\\\/MOH_newsletter_FIT.jpg\",\"contentUrl\":\"https:\\\/\\\/ethrat.ch\\\/wp-content\\\/uploads\\\/2025\\\/03\\\/MOH_newsletter_FIT.jpg\"},{\"@type\":\"BreadcrumbList\",\"@id\":\"https:\\\/\\\/ethrat.ch\\\/fr\\\/domaine-des-epf\\\/michael-o-hengartner-presente-les-prochaines-etapes-du-projet-fit-for-the-future\\\/#breadcrumb\",\"itemListElement\":[{\"@type\":\"ListItem\",\"position\":1,\"name\":\"Home\",\"item\":\"https:\\\/\\\/ethrat.ch\\\/fr\\\/\"},{\"@type\":\"ListItem\",\"position\":2,\"name\":\"DOMAINE DES EPF\",\"item\":\"https:\\\/\\\/ethrat.ch\\\/fr\\\/domaine-des-epf\\\/\"},{\"@type\":\"ListItem\",\"position\":3,\"name\":\"Michael O. Hengartner pr\u00e9sente les prochaines \u00e9tapes du projet FIT for the Future\"}]},{\"@type\":\"WebSite\",\"@id\":\"https:\\\/\\\/ethrat.ch\\\/de\\\/#website\",\"url\":\"https:\\\/\\\/ethrat.ch\\\/de\\\/\",\"name\":\"ETH-Rat\",\"description\":\"\",\"publisher\":{\"@id\":\"https:\\\/\\\/ethrat.ch\\\/de\\\/#organization\"},\"potentialAction\":[{\"@type\":\"SearchAction\",\"target\":{\"@type\":\"EntryPoint\",\"urlTemplate\":\"https:\\\/\\\/ethrat.ch\\\/de\\\/?s={search_term_string}\"},\"query-input\":{\"@type\":\"PropertyValueSpecification\",\"valueRequired\":true,\"valueName\":\"search_term_string\"}}],\"inLanguage\":\"fr-FR\"},{\"@type\":\"Organization\",\"@id\":\"https:\\\/\\\/ethrat.ch\\\/de\\\/#organization\",\"name\":\"ETH-Rat\",\"url\":\"https:\\\/\\\/ethrat.ch\\\/de\\\/\",\"logo\":{\"@type\":\"ImageObject\",\"inLanguage\":\"fr-FR\",\"@id\":\"https:\\\/\\\/ethrat.ch\\\/de\\\/#\\\/schema\\\/logo\\\/image\\\/\",\"url\":\"https:\\\/\\\/ethrat.ch\\\/wp-content\\\/uploads\\\/2024\\\/04\\\/logo-white.svg\",\"contentUrl\":\"https:\\\/\\\/ethrat.ch\\\/wp-content\\\/uploads\\\/2024\\\/04\\\/logo-white.svg\",\"width\":283,\"height\":81,\"caption\":\"ETH-Rat\"},\"image\":{\"@id\":\"https:\\\/\\\/ethrat.ch\\\/de\\\/#\\\/schema\\\/logo\\\/image\\\/\"},\"sameAs\":[\"https:\\\/\\\/x.com\\\/eth_rat\",\"https:\\\/\\\/issuu.com\\\/ethrat\",\"https:\\\/\\\/www.linkedin.com\\\/company\\\/eth-rat\\\/\"]}]}<\/script>\n<!-- \/ Yoast SEO plugin. -->","yoast_head_json":{"title":"Michael O. Hengartner pr\u00e9sente les prochaines \u00e9tapes du projet FIT for the Future - Conseil des EPF","robots":{"index":"index","follow":"follow","max-snippet":"max-snippet:-1","max-image-preview":"max-image-preview:large","max-video-preview":"max-video-preview:-1"},"canonical":"https:\/\/ethrat.ch\/fr\/domaine-des-epf\/michael-o-hengartner-presente-les-prochaines-etapes-du-projet-fit-for-the-future\/","og_locale":"fr_FR","og_type":"article","og_title":"Michael O. Hengartner pr\u00e9sente les prochaines \u00e9tapes du projet FIT for the Future - Conseil des EPF","og_description":"Depuis la derni\u00e8re newsletter, le projet FIT for the Future a beaucoup \u00e9volu\u00e9: lors de workshops, les institutions du Domaine des EPF ont continu\u00e9 \u00e0 concr\u00e9tiser le troisi\u00e8me pilier fort pr\u00e9vu du Domaine des EPF. Le Conseil des EPF demande que soient \u00e9labor\u00e9es diff\u00e9rentes variantes avec diff\u00e9rents degr\u00e9s d&rsquo;int\u00e9gration des \u00e9tablissements de recherche. Michael O. ...","og_url":"https:\/\/ethrat.ch\/fr\/domaine-des-epf\/michael-o-hengartner-presente-les-prochaines-etapes-du-projet-fit-for-the-future\/","og_site_name":"Conseil des EPF","article_modified_time":"2025-09-05T12:26:49+00:00","og_image":[{"url":"https:\/\/ethrat.ch\/wp-content\/uploads\/2025\/03\/MOH_newsletter_FIT.jpg","type":"","width":"","height":""}],"twitter_card":"summary_large_image","twitter_site":"@eth_rat","twitter_misc":{"Dur\u00e9e de lecture estim\u00e9e":"3 minutes"},"schema":{"@context":"https:\/\/schema.org","@graph":[{"@type":"WebPage","@id":"https:\/\/ethrat.ch\/fr\/domaine-des-epf\/michael-o-hengartner-presente-les-prochaines-etapes-du-projet-fit-for-the-future\/","url":"https:\/\/ethrat.ch\/fr\/domaine-des-epf\/michael-o-hengartner-presente-les-prochaines-etapes-du-projet-fit-for-the-future\/","name":"Michael O. Hengartner pr\u00e9sente les prochaines \u00e9tapes du projet FIT for the Future - Conseil des EPF","isPartOf":{"@id":"https:\/\/ethrat.ch\/de\/#website"},"primaryImageOfPage":{"@id":"https:\/\/ethrat.ch\/fr\/domaine-des-epf\/michael-o-hengartner-presente-les-prochaines-etapes-du-projet-fit-for-the-future\/#primaryimage"},"image":{"@id":"https:\/\/ethrat.ch\/fr\/domaine-des-epf\/michael-o-hengartner-presente-les-prochaines-etapes-du-projet-fit-for-the-future\/#primaryimage"},"thumbnailUrl":"https:\/\/ethrat.ch\/wp-content\/uploads\/2025\/03\/MOH_newsletter_FIT.jpg","datePublished":"2025-09-05T08:53:35+00:00","dateModified":"2025-09-05T12:26:49+00:00","breadcrumb":{"@id":"https:\/\/ethrat.ch\/fr\/domaine-des-epf\/michael-o-hengartner-presente-les-prochaines-etapes-du-projet-fit-for-the-future\/#breadcrumb"},"inLanguage":"fr-FR","potentialAction":[{"@type":"ReadAction","target":["https:\/\/ethrat.ch\/fr\/domaine-des-epf\/michael-o-hengartner-presente-les-prochaines-etapes-du-projet-fit-for-the-future\/"]}]},{"@type":"ImageObject","inLanguage":"fr-FR","@id":"https:\/\/ethrat.ch\/fr\/domaine-des-epf\/michael-o-hengartner-presente-les-prochaines-etapes-du-projet-fit-for-the-future\/#primaryimage","url":"https:\/\/ethrat.ch\/wp-content\/uploads\/2025\/03\/MOH_newsletter_FIT.jpg","contentUrl":"https:\/\/ethrat.ch\/wp-content\/uploads\/2025\/03\/MOH_newsletter_FIT.jpg"},{"@type":"BreadcrumbList","@id":"https:\/\/ethrat.ch\/fr\/domaine-des-epf\/michael-o-hengartner-presente-les-prochaines-etapes-du-projet-fit-for-the-future\/#breadcrumb","itemListElement":[{"@type":"ListItem","position":1,"name":"Home","item":"https:\/\/ethrat.ch\/fr\/"},{"@type":"ListItem","position":2,"name":"DOMAINE DES EPF","item":"https:\/\/ethrat.ch\/fr\/domaine-des-epf\/"},{"@type":"ListItem","position":3,"name":"Michael O. Hengartner pr\u00e9sente les prochaines \u00e9tapes du projet FIT for the Future"}]},{"@type":"WebSite","@id":"https:\/\/ethrat.ch\/de\/#website","url":"https:\/\/ethrat.ch\/de\/","name":"ETH-Rat","description":"","publisher":{"@id":"https:\/\/ethrat.ch\/de\/#organization"},"potentialAction":[{"@type":"SearchAction","target":{"@type":"EntryPoint","urlTemplate":"https:\/\/ethrat.ch\/de\/?s={search_term_string}"},"query-input":{"@type":"PropertyValueSpecification","valueRequired":true,"valueName":"search_term_string"}}],"inLanguage":"fr-FR"},{"@type":"Organization","@id":"https:\/\/ethrat.ch\/de\/#organization","name":"ETH-Rat","url":"https:\/\/ethrat.ch\/de\/","logo":{"@type":"ImageObject","inLanguage":"fr-FR","@id":"https:\/\/ethrat.ch\/de\/#\/schema\/logo\/image\/","url":"https:\/\/ethrat.ch\/wp-content\/uploads\/2024\/04\/logo-white.svg","contentUrl":"https:\/\/ethrat.ch\/wp-content\/uploads\/2024\/04\/logo-white.svg","width":283,"height":81,"caption":"ETH-Rat"},"image":{"@id":"https:\/\/ethrat.ch\/de\/#\/schema\/logo\/image\/"},"sameAs":["https:\/\/x.com\/eth_rat","https:\/\/issuu.com\/ethrat","https:\/\/www.linkedin.com\/company\/eth-rat\/"]}]}},"_links":{"self":[{"href":"https:\/\/ethrat.ch\/fr\/wp-json\/wp\/v2\/pages\/53747","targetHints":{"allow":["GET"]}}],"collection":[{"href":"https:\/\/ethrat.ch\/fr\/wp-json\/wp\/v2\/pages"}],"about":[{"href":"https:\/\/ethrat.ch\/fr\/wp-json\/wp\/v2\/types\/page"}],"author":[{"embeddable":true,"href":"https:\/\/ethrat.ch\/fr\/wp-json\/wp\/v2\/users\/11"}],"replies":[{"embeddable":true,"href":"https:\/\/ethrat.ch\/fr\/wp-json\/wp\/v2\/comments?post=53747"}],"version-history":[{"count":0,"href":"https:\/\/ethrat.ch\/fr\/wp-json\/wp\/v2\/pages\/53747\/revisions"}],"up":[{"embeddable":true,"href":"https:\/\/ethrat.ch\/fr\/wp-json\/wp\/v2\/pages\/15881"}],"wp:attachment":[{"href":"https:\/\/ethrat.ch\/fr\/wp-json\/wp\/v2\/media?parent=53747"}],"wp:term":[{"taxonomy":"search-tag","embeddable":true,"href":"https:\/\/ethrat.ch\/fr\/wp-json\/wp\/v2\/search-tag?post=53747"}],"curies":[{"name":"wp","href":"https:\/\/api.w.org\/{rel}","templated":true}]}}