{"id":51642,"date":"2025-03-27T13:03:14","date_gmt":"2025-03-27T12:03:14","guid":{"rendered":"https:\/\/ethrat.ch\/domaine-des-epf\/fit-for-the-future-archives-de-la-newsletter\/"},"modified":"2026-03-12T09:18:34","modified_gmt":"2026-03-12T08:18:34","slug":"fit-for-the-future-archives-de-la-newsletter","status":"publish","type":"page","link":"https:\/\/ethrat.ch\/fr\/domaine-des-epf\/fit-for-the-future-archives-de-la-newsletter\/","title":{"rendered":"FIT for the Future : archives de la newsletter"},"content":{"rendered":"\t\t<div data-elementor-type=\"wp-page\" data-elementor-id=\"51642\" class=\"elementor elementor-51642 elementor-51547\" data-elementor-post-type=\"page\">\n\t\t\t\t\t\t<section class=\"elementor-section elementor-top-section elementor-element elementor-element-9608200 elementor-section-boxed elementor-section-height-default elementor-section-height-default\" data-id=\"9608200\" data-element_type=\"section\" data-e-type=\"section\">\n\t\t\t\t\t\t<div class=\"elementor-container elementor-column-gap-default\">\n\t\t\t\t\t<div class=\"elementor-column elementor-col-100 elementor-top-column elementor-element elementor-element-03b7f3f\" data-id=\"03b7f3f\" data-element_type=\"column\" data-e-type=\"column\" data-settings=\"{&quot;background_background&quot;:&quot;classic&quot;}\">\n\t\t\t<div class=\"elementor-widget-wrap elementor-element-populated\">\n\t\t\t\t\t\t<div class=\"elementor-element elementor-element-8a9cdaf elementor-widget elementor-widget-image\" data-id=\"8a9cdaf\" data-element_type=\"widget\" data-e-type=\"widget\" data-widget_type=\"image.default\">\n\t\t\t\t<div class=\"elementor-widget-container\">\n\t\t\t\t\t\t\t\t\t\t\t\t\t\t\t<img decoding=\"async\" width=\"1120\" height=\"580\" src=\"https:\/\/ethrat.ch\/wp-content\/uploads\/2025\/03\/Newsletters_archiv_web.jpg\" class=\"attachment-full size-full wp-image-51571\" alt=\"\" srcset=\"https:\/\/ethrat.ch\/wp-content\/uploads\/2025\/03\/Newsletters_archiv_web.jpg 1120w, https:\/\/ethrat.ch\/wp-content\/uploads\/2025\/03\/Newsletters_archiv_web-300x155.jpg 300w, https:\/\/ethrat.ch\/wp-content\/uploads\/2025\/03\/Newsletters_archiv_web-1024x530.jpg 1024w, https:\/\/ethrat.ch\/wp-content\/uploads\/2025\/03\/Newsletters_archiv_web-768x398.jpg 768w\" sizes=\"(max-width: 1120px) 100vw, 1120px\" \/>\t\t\t\t\t\t\t\t\t\t\t\t\t\t\t<\/div>\n\t\t\t\t<\/div>\n\t\t\t\t\t<\/div>\n\t\t<\/div>\n\t\t\t\t\t<\/div>\n\t\t<\/section>\n\t\t\t\t<section class=\"elementor-section elementor-top-section elementor-element elementor-element-2d3b43f6 elementor-section-boxed elementor-section-height-default elementor-section-height-default\" data-id=\"2d3b43f6\" data-element_type=\"section\" data-e-type=\"section\">\n\t\t\t\t\t\t<div class=\"elementor-container elementor-column-gap-default\">\n\t\t\t\t\t<div class=\"elementor-column elementor-col-100 elementor-top-column elementor-element elementor-element-64c64c6d\" data-id=\"64c64c6d\" data-element_type=\"column\" data-e-type=\"column\">\n\t\t\t<div class=\"elementor-widget-wrap elementor-element-populated\">\n\t\t\t\t\t\t<div class=\"elementor-element elementor-element-49d50d47 elementor-widget__width-initial elementor-widget elementor-widget-heading\" data-id=\"49d50d47\" data-element_type=\"widget\" data-e-type=\"widget\" data-widget_type=\"heading.default\">\n\t\t\t\t<div class=\"elementor-widget-container\">\n\t\t\t\t\t<h1 class=\"elementor-heading-title elementor-size-default\">FIT for the Future: Newsletter<\/h1>\t\t\t\t<\/div>\n\t\t\t\t<\/div>\n\t\t\t\t<div class=\"elementor-element elementor-element-7eb6a01c elementor-widget__width-initial elementor-widget elementor-widget-text-editor\" data-id=\"7eb6a01c\" data-element_type=\"widget\" data-e-type=\"widget\" data-widget_type=\"text-editor.default\">\n\t\t\t\t<div class=\"elementor-widget-container\">\n\t\t\t\t\t\t\t\t\t<p>Sur cette page, vous trouverez une archive des newsletters envoy\u00e9es dans le cadre du projet de d\u00e9veloppement organisationnel FIT for the Future.<\/p>\n\t\t\t\t\t\t\t\t<\/div>\n\t\t\t\t<\/div>\n\t\t\t\t<div class=\"elementor-element elementor-element-1ba82d8 elementor-widget elementor-widget-text-editor\" data-id=\"1ba82d8\" data-element_type=\"widget\" data-e-type=\"widget\" data-widget_type=\"text-editor.default\">\n\t\t\t\t<div class=\"elementor-widget-container\">\n\t\t\t\t\t\t\t\t\t<h3><em>#<\/em> 3 Newsletter<\/h3>\n<div>\n<p><strong>Mars 2026 \u01c0 Deux variantes pour l\u2019organisation future du Domaine des EPF <span style=\"font-family: FagoOT, serif; color: var( --e-global-color-text ); font-size: var( --e-global-typography-129859c-font-size ); font-style: var( --e-global-typography-129859c-font-style ); text-transform: var( --e-global-typography-129859c-text-transform );\">\u01c0<\/span><span style=\"color: var( --e-global-color-text ); font-size: var( --e-global-typography-129859c-font-size ); font-style: var( --e-global-typography-129859c-font-style ); text-transform: var( --e-global-typography-129859c-text-transform ); font-family: FagoOT, serif;\"> <a href=\"https:\/\/news.ethz.ch\/html_mail.jsp?params=B1zvVQVXYzzhqOOrtV9%2FG1kGfoZ5ybNaUY97ysZCPEXeFDA2TRTV94IRuNf9lNSsZ74Ms7PYOxPP7g6OogM3UKAJnS6QWMHETo5wEvYhExo%3D\" target=\"_blank\" rel=\"noopener\">Lire la version en ligne<\/a><\/span><\/strong><\/p>\n<ul>\n<li><a href=\"https:\/\/ethrat.ch\/fr\/domaine-des-epf\/deux-variantes-pour-lorganisation-future-du-domaine-des-epf\/\" target=\"_blank\" rel=\"noopener\">Deux variantes pour l\u2019organisation future du Domaine des EPF<\/a><\/li>\n<li><a href=\"https:\/\/ethrat.ch\/fr\/domaine-des-epf\/questions-du-personnel-concernant-fit-for-the-future\/\" target=\"_blank\" rel=\"noopener\">Questions du personnel concernant FIT for the Future<\/a><\/li>\n<\/ul>\n<\/div>\n\t\t\t\t\t\t\t\t<\/div>\n\t\t\t\t<\/div>\n\t\t\t\t<div class=\"elementor-element elementor-element-ecada78 elementor-widget elementor-widget-spacer\" data-id=\"ecada78\" data-element_type=\"widget\" data-e-type=\"widget\" data-widget_type=\"spacer.default\">\n\t\t\t\t<div class=\"elementor-widget-container\">\n\t\t\t\t\t\t\t<div class=\"elementor-spacer\">\n\t\t\t<div class=\"elementor-spacer-inner\"><\/div>\n\t\t<\/div>\n\t\t\t\t\t\t<\/div>\n\t\t\t\t<\/div>\n\t\t\t\t<div class=\"elementor-element elementor-element-a0792d2 elementor-widget elementor-widget-text-editor\" data-id=\"a0792d2\" data-element_type=\"widget\" data-e-type=\"widget\" data-widget_type=\"text-editor.default\">\n\t\t\t\t<div class=\"elementor-widget-container\">\n\t\t\t\t\t\t\t\t\t<h3><em>#<\/em> 2 Newsletter<\/h3>\n<div>\n<p><strong>Septembre 2025 \u01c0 Etat d&rsquo;avancement du projet d&rsquo;organisation du Domaine des EPF <span style=\"font-family: FagoOT, serif; color: var( --e-global-color-text ); font-size: var( --e-global-typography-129859c-font-size ); font-style: var( --e-global-typography-129859c-font-style ); text-transform: var( --e-global-typography-129859c-text-transform );\">\u01c0<\/span> <\/strong><a style=\"font-size: var( --e-global-typography-129859c-font-size ); font-style: var( --e-global-typography-129859c-font-style ); text-transform: var( --e-global-typography-129859c-text-transform ); background-color: #ffffff; font-family: FagoOT, serif;\" href=\"https:\/\/news.ethz.ch\/html_mail.jsp?params=B1zvVQVXYzzhqOOrtV9%2FG1kGfoZ5ybNaUY97ysZCPEXshQY6UztGbjYmqyDrzvczQWv%2FSDX7ARCL5CzBgdYmQ%2Fn7SNCYE75XGBWsmUMMrPw%3D\" target=\"_blank\" rel=\"noopener\"><b>Lire la version en ligne<\/b><\/a><\/p>\n<ul>\n<li><a href=\"https:\/\/ethrat.ch\/fr\/domaine-des-epf\/michael-o-hengartner-presente-les-prochaines-etapes-du-projet-fit-for-the-future\/\" target=\"_blank\" rel=\"noopener\">Michael O. Hengartner pr\u00e9sente les prochaines \u00e9tapes du projet FIT for the Future<\/a><\/li>\n<li><a href=\"https:\/\/ethrat.ch\/fr\/domaine-des-epf\/vision-du-conseil-des-epf-pour-le-domaine-des-epf-trois-piliers-strategiques-forts\/\" target=\"_blank\" rel=\"noopener\">Vision du Conseil des EPF pour le Domaine des EPF: trois piliers strat\u00e9giques forts<\/a><\/li>\n<li><a href=\"https:\/\/ethrat.ch\/fr\/domaine-des-epf\/questions-et-preoccupations-adressees-par-les-institutions-du-domaine-des-epf-au-conseil-des-epf\/\" target=\"_blank\" rel=\"noopener\">Questions et pr\u00e9occupations adress\u00e9es par les institutions du Domaine des EPF au Conseil des EPF<\/a><\/li>\n<\/ul>\n<\/div>\n\t\t\t\t\t\t\t\t<\/div>\n\t\t\t\t<\/div>\n\t\t\t\t<div class=\"elementor-element elementor-element-b6e82cf elementor-widget elementor-widget-spacer\" data-id=\"b6e82cf\" data-element_type=\"widget\" data-e-type=\"widget\" data-widget_type=\"spacer.default\">\n\t\t\t\t<div class=\"elementor-widget-container\">\n\t\t\t\t\t\t\t<div class=\"elementor-spacer\">\n\t\t\t<div class=\"elementor-spacer-inner\"><\/div>\n\t\t<\/div>\n\t\t\t\t\t\t<\/div>\n\t\t\t\t<\/div>\n\t\t\t\t<div class=\"elementor-element elementor-element-6e8b86e elementor-widget elementor-widget-text-editor\" data-id=\"6e8b86e\" data-element_type=\"widget\" data-e-type=\"widget\" data-widget_type=\"text-editor.default\">\n\t\t\t\t<div class=\"elementor-widget-container\">\n\t\t\t\t\t\t\t\t\t<h3><em>#\u00a0<\/em>1 Newsletter<\/h3>\n<p><strong>Mars 2025 \u01c0 Restons connect\u00e9s pour b\u00e2tir ensemble l\u2019avenir du Domaine des EPF \u01c0 <a href=\"https:\/\/news.ethz.ch\/html_mail.jsp?params=vPYnZLK2KUuUd1Vmb%2F2%2Bk4IBpLDxkUYQooN4dCFbL76gW2hLxPMxi1c1XiovUIndgLLakB%2FjpkgYJlo26tGkaSQMLTTtfAYvTBW5O71WMLw%3D\" target=\"_blank\" rel=\"noopener\">Lire la version en ligne<\/a><\/strong><\/p>\n<ul>\n<li><a href=\"https:\/\/ethrat.ch\/fr\/domaine-des-epf\/ce-que-le-projet-de-developpement-organisationnel-signifie-pour-vous\/\" target=\"_blank\" rel=\"noopener\">Ce que le d\u00e9veloppement organisationnel signifie pour vous \u2013 les r\u00e9ponses de Michael O. Hengartner<\/a><\/li>\n<li><a href=\"https:\/\/ethrat.ch\/fr\/domaine-des-epf\/creation-dune-structure-commune-et-dune-unite-numerique-digital-unit-derniers-progres-en-date\/\" target=\"_blank\" rel=\"noopener\">Cr\u00e9ation d\u2019une structure commune et d\u2019une unit\u00e9 num\u00e9rique: derniers progr\u00e8s en date<\/a><\/li>\n<li><a href=\"https:\/\/ethrat.ch\/fr\/domaine-des-epf\/fit-for-the-future-questions-et-reponses-a-la-suite-de-la-consultation-interne\/\" target=\"_blank\" rel=\"noopener\">FIT for the Future: questions et r\u00e9ponses \u00e0 la suite de la consultation interne<\/a><\/li>\n<\/ul>\n\t\t\t\t\t\t\t\t<\/div>\n\t\t\t\t<\/div>\n\t\t\t\t\t<\/div>\n\t\t<\/div>\n\t\t\t\t\t<\/div>\n\t\t<\/section>\n\t\t\t\t<section class=\"elementor-section elementor-top-section elementor-element elementor-element-48d0955 elementor-section-boxed elementor-section-height-default elementor-section-height-default\" data-id=\"48d0955\" data-element_type=\"section\" data-e-type=\"section\">\n\t\t\t\t\t\t<div class=\"elementor-container elementor-column-gap-default\">\n\t\t\t\t\t<div class=\"elementor-column elementor-col-100 elementor-top-column elementor-element elementor-element-4d71f0f\" data-id=\"4d71f0f\" data-element_type=\"column\" data-e-type=\"column\">\n\t\t\t<div class=\"elementor-widget-wrap\">\n\t\t\t\t\t\t\t<\/div>\n\t\t<\/div>\n\t\t\t\t\t<\/div>\n\t\t<\/section>\n\t\t\t\t<\/div>\n\t\t","protected":false},"excerpt":{"rendered":"<p>FIT for the Future: Newsletter Sur cette page, vous trouverez une archive des newsletters envoy\u00e9es dans le cadre du projet de d\u00e9veloppement organisationnel FIT for the Future. # 3 Newsletter Mars 2026 \u01c0 Deux variantes pour l\u2019organisation future du Domaine des EPF \u01c0 Lire la version en ligne Deux variantes pour l\u2019organisation future du Domaine &#8230;<\/p>\n","protected":false},"author":11,"featured_media":0,"parent":15881,"menu_order":0,"comment_status":"closed","ping_status":"closed","template":"","meta":{"_acf_changed":false,"footnotes":"","_links_to":"","_links_to_target":""},"search-tag":[],"class_list":["post-51642","page","type-page","status-publish","hentry"],"acf":[],"yoast_head":"<!-- This site is optimized with the Yoast SEO plugin v27.3 - https:\/\/yoast.com\/product\/yoast-seo-wordpress\/ -->\n<title>FIT for the Future : archives de la newsletter - Conseil des EPF<\/title>\n<meta name=\"robots\" content=\"index, follow, max-snippet:-1, max-image-preview:large, max-video-preview:-1\" \/>\n<link rel=\"canonical\" href=\"https:\/\/ethrat.ch\/de\/eth-bereich\/fit-for-the-future-newsletter-archiv\/\" \/>\n<meta property=\"og:locale\" content=\"fr_FR\" \/>\n<meta property=\"og:type\" content=\"article\" \/>\n<meta property=\"og:title\" content=\"FIT for the Future : archives de la newsletter - Conseil des EPF\" \/>\n<meta property=\"og:description\" content=\"FIT for the Future: Newsletter Sur cette page, vous trouverez une archive des newsletters envoy\u00e9es dans le cadre du projet de d\u00e9veloppement organisationnel FIT for the Future. # 3 Newsletter Mars 2026 \u01c0 Deux variantes pour l\u2019organisation future du Domaine des EPF \u01c0 Lire la version en ligne Deux variantes pour l\u2019organisation future du Domaine ...\" \/>\n<meta property=\"og:url\" content=\"https:\/\/ethrat.ch\/de\/eth-bereich\/fit-for-the-future-newsletter-archiv\/\" \/>\n<meta property=\"og:site_name\" content=\"Conseil des EPF\" \/>\n<meta property=\"article:modified_time\" content=\"2026-03-12T08:18:34+00:00\" \/>\n<meta property=\"og:image\" content=\"https:\/\/ethrat.ch\/wp-content\/uploads\/2025\/03\/Newsletters_archiv_web.jpg\" \/>\n\t<meta property=\"og:image:width\" content=\"1120\" \/>\n\t<meta property=\"og:image:height\" content=\"580\" \/>\n\t<meta property=\"og:image:type\" content=\"image\/jpeg\" \/>\n<meta name=\"twitter:card\" content=\"summary_large_image\" \/>\n<meta name=\"twitter:site\" content=\"@eth_rat\" \/>\n<meta name=\"twitter:label1\" content=\"Dur\u00e9e de lecture estim\u00e9e\" \/>\n\t<meta name=\"twitter:data1\" content=\"1 minute\" \/>\n<script type=\"application\/ld+json\" class=\"yoast-schema-graph\">{\"@context\":\"https:\\\/\\\/schema.org\",\"@graph\":[{\"@type\":\"WebPage\",\"@id\":\"https:\\\/\\\/ethrat.ch\\\/de\\\/eth-bereich\\\/fit-for-the-future-newsletter-archiv\\\/\",\"url\":\"https:\\\/\\\/ethrat.ch\\\/de\\\/eth-bereich\\\/fit-for-the-future-newsletter-archiv\\\/\",\"name\":\"FIT for the Future : archives de la newsletter - Conseil des EPF\",\"isPartOf\":{\"@id\":\"https:\\\/\\\/ethrat.ch\\\/de\\\/#website\"},\"primaryImageOfPage\":{\"@id\":\"https:\\\/\\\/ethrat.ch\\\/de\\\/eth-bereich\\\/fit-for-the-future-newsletter-archiv\\\/#primaryimage\"},\"image\":{\"@id\":\"https:\\\/\\\/ethrat.ch\\\/de\\\/eth-bereich\\\/fit-for-the-future-newsletter-archiv\\\/#primaryimage\"},\"thumbnailUrl\":\"https:\\\/\\\/ethrat.ch\\\/wp-content\\\/uploads\\\/2025\\\/03\\\/Newsletters_archiv_web.jpg\",\"datePublished\":\"2025-03-27T12:03:14+00:00\",\"dateModified\":\"2026-03-12T08:18:34+00:00\",\"breadcrumb\":{\"@id\":\"https:\\\/\\\/ethrat.ch\\\/de\\\/eth-bereich\\\/fit-for-the-future-newsletter-archiv\\\/#breadcrumb\"},\"inLanguage\":\"fr-FR\",\"potentialAction\":[{\"@type\":\"ReadAction\",\"target\":[\"https:\\\/\\\/ethrat.ch\\\/de\\\/eth-bereich\\\/fit-for-the-future-newsletter-archiv\\\/\"]}]},{\"@type\":\"ImageObject\",\"inLanguage\":\"fr-FR\",\"@id\":\"https:\\\/\\\/ethrat.ch\\\/de\\\/eth-bereich\\\/fit-for-the-future-newsletter-archiv\\\/#primaryimage\",\"url\":\"https:\\\/\\\/ethrat.ch\\\/wp-content\\\/uploads\\\/2025\\\/03\\\/Newsletters_archiv_web.jpg\",\"contentUrl\":\"https:\\\/\\\/ethrat.ch\\\/wp-content\\\/uploads\\\/2025\\\/03\\\/Newsletters_archiv_web.jpg\"},{\"@type\":\"BreadcrumbList\",\"@id\":\"https:\\\/\\\/ethrat.ch\\\/de\\\/eth-bereich\\\/fit-for-the-future-newsletter-archiv\\\/#breadcrumb\",\"itemListElement\":[{\"@type\":\"ListItem\",\"position\":1,\"name\":\"Home\",\"item\":\"https:\\\/\\\/ethrat.ch\\\/fr\\\/\"},{\"@type\":\"ListItem\",\"position\":2,\"name\":\"DOMAINE DES EPF\",\"item\":\"https:\\\/\\\/ethrat.ch\\\/fr\\\/domaine-des-epf\\\/\"},{\"@type\":\"ListItem\",\"position\":3,\"name\":\"FIT for the Future : archives de la newsletter\"}]},{\"@type\":\"WebSite\",\"@id\":\"https:\\\/\\\/ethrat.ch\\\/de\\\/#website\",\"url\":\"https:\\\/\\\/ethrat.ch\\\/de\\\/\",\"name\":\"ETH-Rat\",\"description\":\"\",\"publisher\":{\"@id\":\"https:\\\/\\\/ethrat.ch\\\/de\\\/#organization\"},\"potentialAction\":[{\"@type\":\"SearchAction\",\"target\":{\"@type\":\"EntryPoint\",\"urlTemplate\":\"https:\\\/\\\/ethrat.ch\\\/de\\\/?s={search_term_string}\"},\"query-input\":{\"@type\":\"PropertyValueSpecification\",\"valueRequired\":true,\"valueName\":\"search_term_string\"}}],\"inLanguage\":\"fr-FR\"},{\"@type\":\"Organization\",\"@id\":\"https:\\\/\\\/ethrat.ch\\\/de\\\/#organization\",\"name\":\"ETH-Rat\",\"url\":\"https:\\\/\\\/ethrat.ch\\\/de\\\/\",\"logo\":{\"@type\":\"ImageObject\",\"inLanguage\":\"fr-FR\",\"@id\":\"https:\\\/\\\/ethrat.ch\\\/de\\\/#\\\/schema\\\/logo\\\/image\\\/\",\"url\":\"https:\\\/\\\/ethrat.ch\\\/wp-content\\\/uploads\\\/2024\\\/04\\\/logo-white.svg\",\"contentUrl\":\"https:\\\/\\\/ethrat.ch\\\/wp-content\\\/uploads\\\/2024\\\/04\\\/logo-white.svg\",\"width\":283,\"height\":81,\"caption\":\"ETH-Rat\"},\"image\":{\"@id\":\"https:\\\/\\\/ethrat.ch\\\/de\\\/#\\\/schema\\\/logo\\\/image\\\/\"},\"sameAs\":[\"https:\\\/\\\/x.com\\\/eth_rat\",\"https:\\\/\\\/issuu.com\\\/ethrat\",\"https:\\\/\\\/www.linkedin.com\\\/company\\\/eth-rat\\\/\"]}]}<\/script>\n<!-- \/ Yoast SEO plugin. -->","yoast_head_json":{"title":"FIT for the Future : archives de la newsletter - Conseil des EPF","robots":{"index":"index","follow":"follow","max-snippet":"max-snippet:-1","max-image-preview":"max-image-preview:large","max-video-preview":"max-video-preview:-1"},"canonical":"https:\/\/ethrat.ch\/de\/eth-bereich\/fit-for-the-future-newsletter-archiv\/","og_locale":"fr_FR","og_type":"article","og_title":"FIT for the Future : archives de la newsletter - Conseil des EPF","og_description":"FIT for the Future: Newsletter Sur cette page, vous trouverez une archive des newsletters envoy\u00e9es dans le cadre du projet de d\u00e9veloppement organisationnel FIT for the Future. # 3 Newsletter Mars 2026 \u01c0 Deux variantes pour l\u2019organisation future du Domaine des EPF \u01c0 Lire la version en ligne Deux variantes pour l\u2019organisation future du Domaine ...","og_url":"https:\/\/ethrat.ch\/de\/eth-bereich\/fit-for-the-future-newsletter-archiv\/","og_site_name":"Conseil des EPF","article_modified_time":"2026-03-12T08:18:34+00:00","og_image":[{"width":1120,"height":580,"url":"https:\/\/ethrat.ch\/wp-content\/uploads\/2025\/03\/Newsletters_archiv_web.jpg","type":"image\/jpeg"}],"twitter_card":"summary_large_image","twitter_site":"@eth_rat","twitter_misc":{"Dur\u00e9e de lecture estim\u00e9e":"1 minute"},"schema":{"@context":"https:\/\/schema.org","@graph":[{"@type":"WebPage","@id":"https:\/\/ethrat.ch\/de\/eth-bereich\/fit-for-the-future-newsletter-archiv\/","url":"https:\/\/ethrat.ch\/de\/eth-bereich\/fit-for-the-future-newsletter-archiv\/","name":"FIT for the Future : archives de la newsletter - Conseil des EPF","isPartOf":{"@id":"https:\/\/ethrat.ch\/de\/#website"},"primaryImageOfPage":{"@id":"https:\/\/ethrat.ch\/de\/eth-bereich\/fit-for-the-future-newsletter-archiv\/#primaryimage"},"image":{"@id":"https:\/\/ethrat.ch\/de\/eth-bereich\/fit-for-the-future-newsletter-archiv\/#primaryimage"},"thumbnailUrl":"https:\/\/ethrat.ch\/wp-content\/uploads\/2025\/03\/Newsletters_archiv_web.jpg","datePublished":"2025-03-27T12:03:14+00:00","dateModified":"2026-03-12T08:18:34+00:00","breadcrumb":{"@id":"https:\/\/ethrat.ch\/de\/eth-bereich\/fit-for-the-future-newsletter-archiv\/#breadcrumb"},"inLanguage":"fr-FR","potentialAction":[{"@type":"ReadAction","target":["https:\/\/ethrat.ch\/de\/eth-bereich\/fit-for-the-future-newsletter-archiv\/"]}]},{"@type":"ImageObject","inLanguage":"fr-FR","@id":"https:\/\/ethrat.ch\/de\/eth-bereich\/fit-for-the-future-newsletter-archiv\/#primaryimage","url":"https:\/\/ethrat.ch\/wp-content\/uploads\/2025\/03\/Newsletters_archiv_web.jpg","contentUrl":"https:\/\/ethrat.ch\/wp-content\/uploads\/2025\/03\/Newsletters_archiv_web.jpg"},{"@type":"BreadcrumbList","@id":"https:\/\/ethrat.ch\/de\/eth-bereich\/fit-for-the-future-newsletter-archiv\/#breadcrumb","itemListElement":[{"@type":"ListItem","position":1,"name":"Home","item":"https:\/\/ethrat.ch\/fr\/"},{"@type":"ListItem","position":2,"name":"DOMAINE DES EPF","item":"https:\/\/ethrat.ch\/fr\/domaine-des-epf\/"},{"@type":"ListItem","position":3,"name":"FIT for the Future : archives de la newsletter"}]},{"@type":"WebSite","@id":"https:\/\/ethrat.ch\/de\/#website","url":"https:\/\/ethrat.ch\/de\/","name":"ETH-Rat","description":"","publisher":{"@id":"https:\/\/ethrat.ch\/de\/#organization"},"potentialAction":[{"@type":"SearchAction","target":{"@type":"EntryPoint","urlTemplate":"https:\/\/ethrat.ch\/de\/?s={search_term_string}"},"query-input":{"@type":"PropertyValueSpecification","valueRequired":true,"valueName":"search_term_string"}}],"inLanguage":"fr-FR"},{"@type":"Organization","@id":"https:\/\/ethrat.ch\/de\/#organization","name":"ETH-Rat","url":"https:\/\/ethrat.ch\/de\/","logo":{"@type":"ImageObject","inLanguage":"fr-FR","@id":"https:\/\/ethrat.ch\/de\/#\/schema\/logo\/image\/","url":"https:\/\/ethrat.ch\/wp-content\/uploads\/2024\/04\/logo-white.svg","contentUrl":"https:\/\/ethrat.ch\/wp-content\/uploads\/2024\/04\/logo-white.svg","width":283,"height":81,"caption":"ETH-Rat"},"image":{"@id":"https:\/\/ethrat.ch\/de\/#\/schema\/logo\/image\/"},"sameAs":["https:\/\/x.com\/eth_rat","https:\/\/issuu.com\/ethrat","https:\/\/www.linkedin.com\/company\/eth-rat\/"]}]}},"_links":{"self":[{"href":"https:\/\/ethrat.ch\/fr\/wp-json\/wp\/v2\/pages\/51642","targetHints":{"allow":["GET"]}}],"collection":[{"href":"https:\/\/ethrat.ch\/fr\/wp-json\/wp\/v2\/pages"}],"about":[{"href":"https:\/\/ethrat.ch\/fr\/wp-json\/wp\/v2\/types\/page"}],"author":[{"embeddable":true,"href":"https:\/\/ethrat.ch\/fr\/wp-json\/wp\/v2\/users\/11"}],"replies":[{"embeddable":true,"href":"https:\/\/ethrat.ch\/fr\/wp-json\/wp\/v2\/comments?post=51642"}],"version-history":[{"count":6,"href":"https:\/\/ethrat.ch\/fr\/wp-json\/wp\/v2\/pages\/51642\/revisions"}],"predecessor-version":[{"id":58284,"href":"https:\/\/ethrat.ch\/fr\/wp-json\/wp\/v2\/pages\/51642\/revisions\/58284"}],"up":[{"embeddable":true,"href":"https:\/\/ethrat.ch\/fr\/wp-json\/wp\/v2\/pages\/15881"}],"wp:attachment":[{"href":"https:\/\/ethrat.ch\/fr\/wp-json\/wp\/v2\/media?parent=51642"}],"wp:term":[{"taxonomy":"search-tag","embeddable":true,"href":"https:\/\/ethrat.ch\/fr\/wp-json\/wp\/v2\/search-tag?post=51642"}],"curies":[{"name":"wp","href":"https:\/\/api.w.org\/{rel}","templated":true}]}}