{"id":51499,"date":"2025-03-26T12:17:08","date_gmt":"2025-03-26T11:17:08","guid":{"rendered":"https:\/\/ethrat.ch\/?page_id=51499"},"modified":"2025-03-27T14:47:38","modified_gmt":"2025-03-27T13:47:38","slug":"creation-dune-structure-commune-et-dune-unite-numerique-digital-unit-derniers-progres-en-date","status":"publish","type":"page","link":"https:\/\/ethrat.ch\/fr\/domaine-des-epf\/creation-dune-structure-commune-et-dune-unite-numerique-digital-unit-derniers-progres-en-date\/","title":{"rendered":"Cr\u00e9ation d\u2019une structure commune et d\u2019une unit\u00e9 num\u00e9rique (\u00abDigital Unit\u00bb): derniers progr\u00e8s en date"},"content":{"rendered":"\t\t<div data-elementor-type=\"wp-page\" data-elementor-id=\"51499\" class=\"elementor elementor-51499 elementor-51485\" data-elementor-post-type=\"page\">\n\t\t\t\t\t\t<section class=\"elementor-section elementor-top-section elementor-element elementor-element-9608200 elementor-section-boxed elementor-section-height-default elementor-section-height-default\" data-id=\"9608200\" data-element_type=\"section\" data-e-type=\"section\">\n\t\t\t\t\t\t<div class=\"elementor-container elementor-column-gap-default\">\n\t\t\t\t\t<div class=\"elementor-column elementor-col-100 elementor-top-column elementor-element elementor-element-03b7f3f\" data-id=\"03b7f3f\" data-element_type=\"column\" data-e-type=\"column\" data-settings=\"{&quot;background_background&quot;:&quot;classic&quot;}\">\n\t\t\t<div class=\"elementor-widget-wrap elementor-element-populated\">\n\t\t\t\t\t\t<div class=\"elementor-element elementor-element-8a9cdaf elementor-widget elementor-widget-image\" data-id=\"8a9cdaf\" data-element_type=\"widget\" data-e-type=\"widget\" data-widget_type=\"image.default\">\n\t\t\t\t<div class=\"elementor-widget-container\">\n\t\t\t\t\t\t\t\t\t\t\t\t\t\t\t<img decoding=\"async\" width=\"1120\" height=\"580\" src=\"https:\/\/ethrat.ch\/wp-content\/uploads\/2025\/03\/FIT_projektstand_web.jpg\" class=\"attachment-full size-full wp-image-51493\" alt=\"\" srcset=\"https:\/\/ethrat.ch\/wp-content\/uploads\/2025\/03\/FIT_projektstand_web.jpg 1120w, https:\/\/ethrat.ch\/wp-content\/uploads\/2025\/03\/FIT_projektstand_web-300x155.jpg 300w, https:\/\/ethrat.ch\/wp-content\/uploads\/2025\/03\/FIT_projektstand_web-1024x530.jpg 1024w, https:\/\/ethrat.ch\/wp-content\/uploads\/2025\/03\/FIT_projektstand_web-768x398.jpg 768w\" sizes=\"(max-width: 1120px) 100vw, 1120px\" \/>\t\t\t\t\t\t\t\t\t\t\t\t\t\t\t<\/div>\n\t\t\t\t<\/div>\n\t\t\t\t\t<\/div>\n\t\t<\/div>\n\t\t\t\t\t<\/div>\n\t\t<\/section>\n\t\t\t\t<section class=\"elementor-section elementor-top-section elementor-element elementor-element-27877cc elementor-section-boxed elementor-section-height-default elementor-section-height-default\" data-id=\"27877cc\" data-element_type=\"section\" data-e-type=\"section\">\n\t\t\t\t\t\t<div class=\"elementor-container elementor-column-gap-default\">\n\t\t\t\t\t<div class=\"elementor-column elementor-col-100 elementor-top-column elementor-element elementor-element-1958dba\" data-id=\"1958dba\" data-element_type=\"column\" data-e-type=\"column\">\n\t\t\t<div class=\"elementor-widget-wrap elementor-element-populated\">\n\t\t\t\t\t\t<div class=\"elementor-element elementor-element-1a2e56d elementor-widget elementor-widget-heading\" data-id=\"1a2e56d\" data-element_type=\"widget\" data-e-type=\"widget\" data-widget_type=\"heading.default\">\n\t\t\t\t<div class=\"elementor-widget-container\">\n\t\t\t\t\t<h1 class=\"elementor-heading-title elementor-size-default\">Cr\u00e9ation d\u2019une structure commune et d\u2019une unit\u00e9 num\u00e9rique (\u00abDigital Unit\u00bb): derniers progr\u00e8s en date<\/h1>\t\t\t\t<\/div>\n\t\t\t\t<\/div>\n\t\t\t\t<div class=\"elementor-element elementor-element-42ed6ad elementor-widget elementor-widget-text-editor\" data-id=\"42ed6ad\" data-element_type=\"widget\" data-e-type=\"widget\" data-widget_type=\"text-editor.default\">\n\t\t\t\t<div class=\"elementor-widget-container\">\n\t\t\t\t\t\t\t\t\t<p>Le Conseil des EPF a rendu sa d\u00e9cision de principe en d\u00e9cembre\u00a02024, et la deuxi\u00e8me \u00e9tape (<em>design phase<\/em>) du projet \u00ab<em>FIT for the Future\u00bb<\/em> est d\u00e9sormais en cours.<\/p>\n\t\t\t\t\t\t\t\t<\/div>\n\t\t\t\t<\/div>\n\t\t\t\t\t<\/div>\n\t\t<\/div>\n\t\t\t\t\t<\/div>\n\t\t<\/section>\n\t\t\t\t<section class=\"elementor-section elementor-top-section elementor-element elementor-element-0e9ad8c elementor-section-boxed elementor-section-height-default elementor-section-height-default\" data-id=\"0e9ad8c\" data-element_type=\"section\" data-e-type=\"section\">\n\t\t\t\t\t\t<div class=\"elementor-container elementor-column-gap-default\">\n\t\t\t\t\t<div class=\"elementor-column elementor-col-100 elementor-top-column elementor-element elementor-element-a861804\" data-id=\"a861804\" data-element_type=\"column\" data-e-type=\"column\">\n\t\t\t<div class=\"elementor-widget-wrap elementor-element-populated\">\n\t\t\t\t\t\t<div class=\"elementor-element elementor-element-551cdb1 elementor-widget elementor-widget-text-editor\" data-id=\"551cdb1\" data-element_type=\"widget\" data-e-type=\"widget\" data-widget_type=\"text-editor.default\">\n\t\t\t\t<div class=\"elementor-widget-container\">\n\t\t\t\t\t\t\t\t\t<p>Lanc\u00e9e en janvier\u00a02025, cette deuxi\u00e8me \u00e9tape consiste principalement \u00e0 pr\u00e9ciser la forme concr\u00e8te \u00e0 donner au projet. Lors de sa s\u00e9ance des 5 et 6\u00a0mars 2025, le Conseil des EPF a discut\u00e9 de la vision inh\u00e9rente au projet \u00ab<em>FIT for the Future<\/em>\u00bb ainsi que de la mission \u00e0 confier au <em>Swiss National Lab<\/em> (SNL, titre de travail), qui est la structure commune que formeront les \u00e9tablissements de recherche et d\u2019\u00e9ventuelles nouvelles unit\u00e9s. Les documents lui ont \u00e9t\u00e9 soumis en premi\u00e8re lecture, l\u2019objectif \u00e9tant de les adopter en milieu d\u2019ann\u00e9e.<\/p>\n<p>Le Conseil des EPF a en outre pris acte de l\u2019organisation du projet, du concept de d\u00e9veloppement de la culture d\u2019entreprise ainsi que des principes de configuration de la gouvernance du SNL. Durant la <em>design phase<\/em>, les collaboratrices et collaborateurs du Domaine des EPF ont la possibilit\u00e9 d\u2019apporter leur contribution en participant \u00e0 des ateliers, des <em>townhalls<\/em> et des consultations.<\/p>\n\t\t\t\t\t\t\t\t<\/div>\n\t\t\t\t<\/div>\n\t\t\t\t\t<\/div>\n\t\t<\/div>\n\t\t\t\t\t<\/div>\n\t\t<\/section>\n\t\t\t\t<section class=\"elementor-section elementor-top-section elementor-element elementor-element-c11a963 elementor-section-boxed elementor-section-height-default elementor-section-height-default\" data-id=\"c11a963\" data-element_type=\"section\" data-e-type=\"section\">\n\t\t\t\t\t\t<div class=\"elementor-container elementor-column-gap-default\">\n\t\t\t\t\t<div class=\"elementor-column elementor-col-100 elementor-top-column elementor-element elementor-element-25eaf7f\" data-id=\"25eaf7f\" data-element_type=\"column\" data-e-type=\"column\">\n\t\t\t<div class=\"elementor-widget-wrap elementor-element-populated\">\n\t\t\t\t\t\t<div class=\"elementor-element elementor-element-7a7a6af elementor-widget elementor-widget-text-editor\" data-id=\"7a7a6af\" data-element_type=\"widget\" data-e-type=\"widget\" data-widget_type=\"text-editor.default\">\n\t\t\t\t<div class=\"elementor-widget-container\">\n\t\t\t\t\t\t\t\t\t<h3>D\u00e9cision de principe: structure commune et unit\u00e9 num\u00e9rique<\/h3><p>A l\u2019issue de la consultation pr\u00e9alable des institutions du Domaine des EPF, le Conseil des EPF a pris une d\u00e9cision de principe lors de sa s\u00e9ance de d\u00e9cembre 2024: une structure commune regroupant les \u00e9tablissements de recherche et d\u2019\u00e9ventuelles nouvelles unit\u00e9s sera cr\u00e9\u00e9e pour former le troisi\u00e8me pilier fort du Domaine des EPF, dot\u00e9 de sa propre personnalit\u00e9 juridique, aux c\u00f4t\u00e9s de l\u2019ETH\u00a0Zurich et de l\u2019EPFL. Les <em>brands<\/em> des \u00e9tablissements de recherche et leurs sites d\u2019implantation seront maintenus.<\/p><p>Une nouvelle unit\u00e9 num\u00e9rique (\u00ab<em>Digital Unit<\/em>\u00bb) sera cr\u00e9\u00e9e et rattach\u00e9e \u00e0 la structure commune. Son <em>headquarter<\/em> sera en Suisse romande. Le Conseil des EPF a en outre charg\u00e9 les \u00e9tablissements de recherche d\u2019intensifier leur collaboration avec l\u2019EPFL ainsi que les parties prenantes de Suisse romande et de renforcer leur visibilit\u00e9 dans la r\u00e9gion. Des informations d\u00e9taill\u00e9es sur cette d\u00e9cision de principe sont disponibles sous le lien suivant: <a href=\"https:\/\/ethrat.ch\/fr\/domaine-des-epf\/objectifs-du-projet-fit-for-the-future-et-decision-de-principe-du-conseil-des-epf\/\">https:\/\/ethrat.ch\/fr\/domaine-des-epf\/objectifs-du-projet-fit-for-the-future-et-decision-de-principe-du-conseil-des-epf\/<\/a><\/p>\t\t\t\t\t\t\t\t<\/div>\n\t\t\t\t<\/div>\n\t\t\t\t\t<\/div>\n\t\t<\/div>\n\t\t\t\t\t<\/div>\n\t\t<\/section>\n\t\t\t\t<section class=\"elementor-section elementor-top-section elementor-element elementor-element-50935c0 elementor-section-boxed elementor-section-height-default elementor-section-height-default\" data-id=\"50935c0\" data-element_type=\"section\" data-e-type=\"section\">\n\t\t\t\t\t\t<div class=\"elementor-container elementor-column-gap-default\">\n\t\t\t\t\t<div class=\"elementor-column elementor-col-100 elementor-top-column elementor-element elementor-element-61aca50\" data-id=\"61aca50\" data-element_type=\"column\" data-e-type=\"column\">\n\t\t\t<div class=\"elementor-widget-wrap elementor-element-populated\">\n\t\t\t\t\t\t<div class=\"elementor-element elementor-element-d24536a elementor-widget-divider--view-line elementor-widget elementor-widget-divider\" data-id=\"d24536a\" data-element_type=\"widget\" data-e-type=\"widget\" data-widget_type=\"divider.default\">\n\t\t\t\t<div class=\"elementor-widget-container\">\n\t\t\t\t\t\t\t<div class=\"elementor-divider\">\n\t\t\t<span class=\"elementor-divider-separator\">\n\t\t\t\t\t\t<\/span>\n\t\t<\/div>\n\t\t\t\t\t\t<\/div>\n\t\t\t\t<\/div>\n\t\t\t\t<div class=\"elementor-element elementor-element-7c6f65e elementor-widget elementor-widget-image\" data-id=\"7c6f65e\" data-element_type=\"widget\" data-e-type=\"widget\" data-widget_type=\"image.default\">\n\t\t\t\t<div class=\"elementor-widget-container\">\n\t\t\t\t\t\t\t\t\t\t\t\t\t\t\t<img decoding=\"async\" width=\"1920\" height=\"1080\" src=\"https:\/\/ethrat.ch\/wp-content\/uploads\/2025\/03\/ethr_timeline_250305_DE.jpg\" class=\"attachment-full size-full wp-image-51504\" alt=\"\" srcset=\"https:\/\/ethrat.ch\/wp-content\/uploads\/2025\/03\/ethr_timeline_250305_DE.jpg 1920w, https:\/\/ethrat.ch\/wp-content\/uploads\/2025\/03\/ethr_timeline_250305_DE-300x169.jpg 300w, https:\/\/ethrat.ch\/wp-content\/uploads\/2025\/03\/ethr_timeline_250305_DE-1024x576.jpg 1024w, https:\/\/ethrat.ch\/wp-content\/uploads\/2025\/03\/ethr_timeline_250305_DE-768x432.jpg 768w, https:\/\/ethrat.ch\/wp-content\/uploads\/2025\/03\/ethr_timeline_250305_DE-1536x864.jpg 1536w\" sizes=\"(max-width: 1920px) 100vw, 1920px\" \/>\t\t\t\t\t\t\t\t\t\t\t\t\t\t\t<\/div>\n\t\t\t\t<\/div>\n\t\t\t\t\t<\/div>\n\t\t<\/div>\n\t\t\t\t\t<\/div>\n\t\t<\/section>\n\t\t\t\t<section class=\"elementor-section elementor-top-section elementor-element elementor-element-41f198d elementor-section-boxed elementor-section-height-default elementor-section-height-default\" data-id=\"41f198d\" data-element_type=\"section\" data-e-type=\"section\">\n\t\t\t\t\t\t<div class=\"elementor-container elementor-column-gap-default\">\n\t\t\t\t\t<div class=\"elementor-column elementor-col-100 elementor-top-column elementor-element elementor-element-36bd294\" data-id=\"36bd294\" data-element_type=\"column\" data-e-type=\"column\">\n\t\t\t<div class=\"elementor-widget-wrap\">\n\t\t\t\t\t\t\t<\/div>\n\t\t<\/div>\n\t\t\t\t\t<\/div>\n\t\t<\/section>\n\t\t\t\t<\/div>\n\t\t","protected":false},"excerpt":{"rendered":"<p>Le Conseil des EPF a rendu sa d\u00e9cision de principe en d\u00e9cembre\u00a02024, et la deuxi\u00e8me \u00e9tape (design phase) du projet \u00abFIT for the Future\u00bb est d\u00e9sormais en cours. Lanc\u00e9e en janvier\u00a02025, cette deuxi\u00e8me \u00e9tape consiste principalement \u00e0 pr\u00e9ciser la forme concr\u00e8te \u00e0 donner au projet. Lors de sa s\u00e9ance des 5 et 6\u00a0mars 2025, le &#8230;<\/p>\n","protected":false},"author":11,"featured_media":0,"parent":15881,"menu_order":0,"comment_status":"closed","ping_status":"closed","template":"","meta":{"_acf_changed":false,"footnotes":"","_links_to":"","_links_to_target":""},"search-tag":[],"class_list":["post-51499","page","type-page","status-publish","hentry"],"acf":[],"yoast_head":"<!-- This site is optimized with the Yoast SEO plugin v27.3 - https:\/\/yoast.com\/product\/yoast-seo-wordpress\/ -->\n<title>Cr\u00e9ation d\u2019une structure commune et d\u2019une unit\u00e9 num\u00e9rique (\u00abDigital Unit\u00bb): derniers progr\u00e8s en date - Conseil des EPF<\/title>\n<meta name=\"robots\" content=\"index, follow, max-snippet:-1, max-image-preview:large, max-video-preview:-1\" \/>\n<link rel=\"canonical\" href=\"https:\/\/ethrat.ch\/de\/eth-bereich\/fortschritte-bei-der-schaffung-eines-gemeinsamen-dachs-und-einer-digital-unit\/\" \/>\n<meta property=\"og:locale\" content=\"fr_FR\" \/>\n<meta property=\"og:type\" content=\"article\" \/>\n<meta property=\"og:title\" content=\"Cr\u00e9ation d\u2019une structure commune et d\u2019une unit\u00e9 num\u00e9rique (\u00abDigital Unit\u00bb): derniers progr\u00e8s en date - Conseil des EPF\" \/>\n<meta property=\"og:description\" content=\"Le Conseil des EPF a rendu sa d\u00e9cision de principe en d\u00e9cembre\u00a02024, et la deuxi\u00e8me \u00e9tape (design phase) du projet \u00abFIT for the Future\u00bb est d\u00e9sormais en cours. Lanc\u00e9e en janvier\u00a02025, cette deuxi\u00e8me \u00e9tape consiste principalement \u00e0 pr\u00e9ciser la forme concr\u00e8te \u00e0 donner au projet. Lors de sa s\u00e9ance des 5 et 6\u00a0mars 2025, le ...\" \/>\n<meta property=\"og:url\" content=\"https:\/\/ethrat.ch\/de\/eth-bereich\/fortschritte-bei-der-schaffung-eines-gemeinsamen-dachs-und-einer-digital-unit\/\" \/>\n<meta property=\"og:site_name\" content=\"Conseil des EPF\" \/>\n<meta property=\"article:modified_time\" content=\"2025-03-27T13:47:38+00:00\" \/>\n<meta property=\"og:image\" content=\"https:\/\/ethrat.ch\/wp-content\/uploads\/2025\/03\/FIT_projektstand_web.jpg\" \/>\n\t<meta property=\"og:image:width\" content=\"1120\" \/>\n\t<meta property=\"og:image:height\" content=\"580\" \/>\n\t<meta property=\"og:image:type\" content=\"image\/jpeg\" \/>\n<meta name=\"twitter:card\" content=\"summary_large_image\" \/>\n<meta name=\"twitter:site\" content=\"@eth_rat\" \/>\n<meta name=\"twitter:label1\" content=\"Dur\u00e9e de lecture estim\u00e9e\" \/>\n\t<meta name=\"twitter:data1\" content=\"3 minutes\" \/>\n<script type=\"application\/ld+json\" class=\"yoast-schema-graph\">{\"@context\":\"https:\\\/\\\/schema.org\",\"@graph\":[{\"@type\":\"WebPage\",\"@id\":\"https:\\\/\\\/ethrat.ch\\\/de\\\/eth-bereich\\\/fortschritte-bei-der-schaffung-eines-gemeinsamen-dachs-und-einer-digital-unit\\\/\",\"url\":\"https:\\\/\\\/ethrat.ch\\\/de\\\/eth-bereich\\\/fortschritte-bei-der-schaffung-eines-gemeinsamen-dachs-und-einer-digital-unit\\\/\",\"name\":\"Cr\u00e9ation d\u2019une structure commune et d\u2019une unit\u00e9 num\u00e9rique (\u00abDigital Unit\u00bb): derniers progr\u00e8s en date - Conseil des EPF\",\"isPartOf\":{\"@id\":\"https:\\\/\\\/ethrat.ch\\\/de\\\/#website\"},\"primaryImageOfPage\":{\"@id\":\"https:\\\/\\\/ethrat.ch\\\/de\\\/eth-bereich\\\/fortschritte-bei-der-schaffung-eines-gemeinsamen-dachs-und-einer-digital-unit\\\/#primaryimage\"},\"image\":{\"@id\":\"https:\\\/\\\/ethrat.ch\\\/de\\\/eth-bereich\\\/fortschritte-bei-der-schaffung-eines-gemeinsamen-dachs-und-einer-digital-unit\\\/#primaryimage\"},\"thumbnailUrl\":\"https:\\\/\\\/ethrat.ch\\\/wp-content\\\/uploads\\\/2025\\\/03\\\/FIT_projektstand_web.jpg\",\"datePublished\":\"2025-03-26T11:17:08+00:00\",\"dateModified\":\"2025-03-27T13:47:38+00:00\",\"breadcrumb\":{\"@id\":\"https:\\\/\\\/ethrat.ch\\\/de\\\/eth-bereich\\\/fortschritte-bei-der-schaffung-eines-gemeinsamen-dachs-und-einer-digital-unit\\\/#breadcrumb\"},\"inLanguage\":\"fr-FR\",\"potentialAction\":[{\"@type\":\"ReadAction\",\"target\":[\"https:\\\/\\\/ethrat.ch\\\/de\\\/eth-bereich\\\/fortschritte-bei-der-schaffung-eines-gemeinsamen-dachs-und-einer-digital-unit\\\/\"]}]},{\"@type\":\"ImageObject\",\"inLanguage\":\"fr-FR\",\"@id\":\"https:\\\/\\\/ethrat.ch\\\/de\\\/eth-bereich\\\/fortschritte-bei-der-schaffung-eines-gemeinsamen-dachs-und-einer-digital-unit\\\/#primaryimage\",\"url\":\"https:\\\/\\\/ethrat.ch\\\/wp-content\\\/uploads\\\/2025\\\/03\\\/FIT_projektstand_web.jpg\",\"contentUrl\":\"https:\\\/\\\/ethrat.ch\\\/wp-content\\\/uploads\\\/2025\\\/03\\\/FIT_projektstand_web.jpg\"},{\"@type\":\"BreadcrumbList\",\"@id\":\"https:\\\/\\\/ethrat.ch\\\/de\\\/eth-bereich\\\/fortschritte-bei-der-schaffung-eines-gemeinsamen-dachs-und-einer-digital-unit\\\/#breadcrumb\",\"itemListElement\":[{\"@type\":\"ListItem\",\"position\":1,\"name\":\"Home\",\"item\":\"https:\\\/\\\/ethrat.ch\\\/fr\\\/\"},{\"@type\":\"ListItem\",\"position\":2,\"name\":\"DOMAINE DES EPF\",\"item\":\"https:\\\/\\\/ethrat.ch\\\/fr\\\/domaine-des-epf\\\/\"},{\"@type\":\"ListItem\",\"position\":3,\"name\":\"Cr\u00e9ation d\u2019une structure commune et d\u2019une unit\u00e9 num\u00e9rique (\u00abDigital Unit\u00bb): derniers progr\u00e8s en date\"}]},{\"@type\":\"WebSite\",\"@id\":\"https:\\\/\\\/ethrat.ch\\\/de\\\/#website\",\"url\":\"https:\\\/\\\/ethrat.ch\\\/de\\\/\",\"name\":\"ETH-Rat\",\"description\":\"\",\"publisher\":{\"@id\":\"https:\\\/\\\/ethrat.ch\\\/de\\\/#organization\"},\"potentialAction\":[{\"@type\":\"SearchAction\",\"target\":{\"@type\":\"EntryPoint\",\"urlTemplate\":\"https:\\\/\\\/ethrat.ch\\\/de\\\/?s={search_term_string}\"},\"query-input\":{\"@type\":\"PropertyValueSpecification\",\"valueRequired\":true,\"valueName\":\"search_term_string\"}}],\"inLanguage\":\"fr-FR\"},{\"@type\":\"Organization\",\"@id\":\"https:\\\/\\\/ethrat.ch\\\/de\\\/#organization\",\"name\":\"ETH-Rat\",\"url\":\"https:\\\/\\\/ethrat.ch\\\/de\\\/\",\"logo\":{\"@type\":\"ImageObject\",\"inLanguage\":\"fr-FR\",\"@id\":\"https:\\\/\\\/ethrat.ch\\\/de\\\/#\\\/schema\\\/logo\\\/image\\\/\",\"url\":\"https:\\\/\\\/ethrat.ch\\\/wp-content\\\/uploads\\\/2024\\\/04\\\/logo-white.svg\",\"contentUrl\":\"https:\\\/\\\/ethrat.ch\\\/wp-content\\\/uploads\\\/2024\\\/04\\\/logo-white.svg\",\"width\":283,\"height\":81,\"caption\":\"ETH-Rat\"},\"image\":{\"@id\":\"https:\\\/\\\/ethrat.ch\\\/de\\\/#\\\/schema\\\/logo\\\/image\\\/\"},\"sameAs\":[\"https:\\\/\\\/x.com\\\/eth_rat\",\"https:\\\/\\\/issuu.com\\\/ethrat\",\"https:\\\/\\\/www.linkedin.com\\\/company\\\/eth-rat\\\/\"]}]}<\/script>\n<!-- \/ Yoast SEO plugin. -->","yoast_head_json":{"title":"Cr\u00e9ation d\u2019une structure commune et d\u2019une unit\u00e9 num\u00e9rique (\u00abDigital Unit\u00bb): derniers progr\u00e8s en date - Conseil des EPF","robots":{"index":"index","follow":"follow","max-snippet":"max-snippet:-1","max-image-preview":"max-image-preview:large","max-video-preview":"max-video-preview:-1"},"canonical":"https:\/\/ethrat.ch\/de\/eth-bereich\/fortschritte-bei-der-schaffung-eines-gemeinsamen-dachs-und-einer-digital-unit\/","og_locale":"fr_FR","og_type":"article","og_title":"Cr\u00e9ation d\u2019une structure commune et d\u2019une unit\u00e9 num\u00e9rique (\u00abDigital Unit\u00bb): derniers progr\u00e8s en date - Conseil des EPF","og_description":"Le Conseil des EPF a rendu sa d\u00e9cision de principe en d\u00e9cembre\u00a02024, et la deuxi\u00e8me \u00e9tape (design phase) du projet \u00abFIT for the Future\u00bb est d\u00e9sormais en cours. Lanc\u00e9e en janvier\u00a02025, cette deuxi\u00e8me \u00e9tape consiste principalement \u00e0 pr\u00e9ciser la forme concr\u00e8te \u00e0 donner au projet. Lors de sa s\u00e9ance des 5 et 6\u00a0mars 2025, le ...","og_url":"https:\/\/ethrat.ch\/de\/eth-bereich\/fortschritte-bei-der-schaffung-eines-gemeinsamen-dachs-und-einer-digital-unit\/","og_site_name":"Conseil des EPF","article_modified_time":"2025-03-27T13:47:38+00:00","og_image":[{"width":1120,"height":580,"url":"https:\/\/ethrat.ch\/wp-content\/uploads\/2025\/03\/FIT_projektstand_web.jpg","type":"image\/jpeg"}],"twitter_card":"summary_large_image","twitter_site":"@eth_rat","twitter_misc":{"Dur\u00e9e de lecture estim\u00e9e":"3 minutes"},"schema":{"@context":"https:\/\/schema.org","@graph":[{"@type":"WebPage","@id":"https:\/\/ethrat.ch\/de\/eth-bereich\/fortschritte-bei-der-schaffung-eines-gemeinsamen-dachs-und-einer-digital-unit\/","url":"https:\/\/ethrat.ch\/de\/eth-bereich\/fortschritte-bei-der-schaffung-eines-gemeinsamen-dachs-und-einer-digital-unit\/","name":"Cr\u00e9ation d\u2019une structure commune et d\u2019une unit\u00e9 num\u00e9rique (\u00abDigital Unit\u00bb): derniers progr\u00e8s en date - Conseil des EPF","isPartOf":{"@id":"https:\/\/ethrat.ch\/de\/#website"},"primaryImageOfPage":{"@id":"https:\/\/ethrat.ch\/de\/eth-bereich\/fortschritte-bei-der-schaffung-eines-gemeinsamen-dachs-und-einer-digital-unit\/#primaryimage"},"image":{"@id":"https:\/\/ethrat.ch\/de\/eth-bereich\/fortschritte-bei-der-schaffung-eines-gemeinsamen-dachs-und-einer-digital-unit\/#primaryimage"},"thumbnailUrl":"https:\/\/ethrat.ch\/wp-content\/uploads\/2025\/03\/FIT_projektstand_web.jpg","datePublished":"2025-03-26T11:17:08+00:00","dateModified":"2025-03-27T13:47:38+00:00","breadcrumb":{"@id":"https:\/\/ethrat.ch\/de\/eth-bereich\/fortschritte-bei-der-schaffung-eines-gemeinsamen-dachs-und-einer-digital-unit\/#breadcrumb"},"inLanguage":"fr-FR","potentialAction":[{"@type":"ReadAction","target":["https:\/\/ethrat.ch\/de\/eth-bereich\/fortschritte-bei-der-schaffung-eines-gemeinsamen-dachs-und-einer-digital-unit\/"]}]},{"@type":"ImageObject","inLanguage":"fr-FR","@id":"https:\/\/ethrat.ch\/de\/eth-bereich\/fortschritte-bei-der-schaffung-eines-gemeinsamen-dachs-und-einer-digital-unit\/#primaryimage","url":"https:\/\/ethrat.ch\/wp-content\/uploads\/2025\/03\/FIT_projektstand_web.jpg","contentUrl":"https:\/\/ethrat.ch\/wp-content\/uploads\/2025\/03\/FIT_projektstand_web.jpg"},{"@type":"BreadcrumbList","@id":"https:\/\/ethrat.ch\/de\/eth-bereich\/fortschritte-bei-der-schaffung-eines-gemeinsamen-dachs-und-einer-digital-unit\/#breadcrumb","itemListElement":[{"@type":"ListItem","position":1,"name":"Home","item":"https:\/\/ethrat.ch\/fr\/"},{"@type":"ListItem","position":2,"name":"DOMAINE DES EPF","item":"https:\/\/ethrat.ch\/fr\/domaine-des-epf\/"},{"@type":"ListItem","position":3,"name":"Cr\u00e9ation d\u2019une structure commune et d\u2019une unit\u00e9 num\u00e9rique (\u00abDigital Unit\u00bb): derniers progr\u00e8s en date"}]},{"@type":"WebSite","@id":"https:\/\/ethrat.ch\/de\/#website","url":"https:\/\/ethrat.ch\/de\/","name":"ETH-Rat","description":"","publisher":{"@id":"https:\/\/ethrat.ch\/de\/#organization"},"potentialAction":[{"@type":"SearchAction","target":{"@type":"EntryPoint","urlTemplate":"https:\/\/ethrat.ch\/de\/?s={search_term_string}"},"query-input":{"@type":"PropertyValueSpecification","valueRequired":true,"valueName":"search_term_string"}}],"inLanguage":"fr-FR"},{"@type":"Organization","@id":"https:\/\/ethrat.ch\/de\/#organization","name":"ETH-Rat","url":"https:\/\/ethrat.ch\/de\/","logo":{"@type":"ImageObject","inLanguage":"fr-FR","@id":"https:\/\/ethrat.ch\/de\/#\/schema\/logo\/image\/","url":"https:\/\/ethrat.ch\/wp-content\/uploads\/2024\/04\/logo-white.svg","contentUrl":"https:\/\/ethrat.ch\/wp-content\/uploads\/2024\/04\/logo-white.svg","width":283,"height":81,"caption":"ETH-Rat"},"image":{"@id":"https:\/\/ethrat.ch\/de\/#\/schema\/logo\/image\/"},"sameAs":["https:\/\/x.com\/eth_rat","https:\/\/issuu.com\/ethrat","https:\/\/www.linkedin.com\/company\/eth-rat\/"]}]}},"_links":{"self":[{"href":"https:\/\/ethrat.ch\/fr\/wp-json\/wp\/v2\/pages\/51499","targetHints":{"allow":["GET"]}}],"collection":[{"href":"https:\/\/ethrat.ch\/fr\/wp-json\/wp\/v2\/pages"}],"about":[{"href":"https:\/\/ethrat.ch\/fr\/wp-json\/wp\/v2\/types\/page"}],"author":[{"embeddable":true,"href":"https:\/\/ethrat.ch\/fr\/wp-json\/wp\/v2\/users\/11"}],"replies":[{"embeddable":true,"href":"https:\/\/ethrat.ch\/fr\/wp-json\/wp\/v2\/comments?post=51499"}],"version-history":[{"count":0,"href":"https:\/\/ethrat.ch\/fr\/wp-json\/wp\/v2\/pages\/51499\/revisions"}],"up":[{"embeddable":true,"href":"https:\/\/ethrat.ch\/fr\/wp-json\/wp\/v2\/pages\/15881"}],"wp:attachment":[{"href":"https:\/\/ethrat.ch\/fr\/wp-json\/wp\/v2\/media?parent=51499"}],"wp:term":[{"taxonomy":"search-tag","embeddable":true,"href":"https:\/\/ethrat.ch\/fr\/wp-json\/wp\/v2\/search-tag?post=51499"}],"curies":[{"name":"wp","href":"https:\/\/api.w.org\/{rel}","templated":true}]}}