{"id":51450,"date":"2025-03-26T15:41:33","date_gmt":"2025-03-26T14:41:33","guid":{"rendered":"https:\/\/ethrat.ch\/?page_id=51450"},"modified":"2025-03-27T14:46:37","modified_gmt":"2025-03-27T13:46:37","slug":"ce-que-le-projet-de-developpement-organisationnel-signifie-pour-vous","status":"publish","type":"page","link":"https:\/\/ethrat.ch\/fr\/domaine-des-epf\/ce-que-le-projet-de-developpement-organisationnel-signifie-pour-vous\/","title":{"rendered":"Ce que le d\u00e9veloppement organisationnel signifie pour vous"},"content":{"rendered":"\t\t<div data-elementor-type=\"wp-page\" data-elementor-id=\"51450\" class=\"elementor elementor-51450 elementor-51423\" data-elementor-post-type=\"page\">\n\t\t\t\t\t\t<section class=\"elementor-section elementor-top-section elementor-element elementor-element-9608200 elementor-section-boxed elementor-section-height-default elementor-section-height-default\" data-id=\"9608200\" data-element_type=\"section\" data-e-type=\"section\">\n\t\t\t\t\t\t<div class=\"elementor-container elementor-column-gap-default\">\n\t\t\t\t\t<div class=\"elementor-column elementor-col-100 elementor-top-column elementor-element elementor-element-03b7f3f\" data-id=\"03b7f3f\" data-element_type=\"column\" data-e-type=\"column\" data-settings=\"{&quot;background_background&quot;:&quot;classic&quot;}\">\n\t\t\t<div class=\"elementor-widget-wrap elementor-element-populated\">\n\t\t\t\t\t\t<div class=\"elementor-element elementor-element-8a9cdaf elementor-widget elementor-widget-image\" data-id=\"8a9cdaf\" data-element_type=\"widget\" data-e-type=\"widget\" data-widget_type=\"image.default\">\n\t\t\t\t<div class=\"elementor-widget-container\">\n\t\t\t\t\t\t\t\t\t\t\t\t\t\t\t<img decoding=\"async\" width=\"1120\" height=\"580\" src=\"https:\/\/ethrat.ch\/wp-content\/uploads\/2025\/03\/MOH_newsletter_FIT.jpg\" class=\"attachment-full size-full wp-image-51444\" alt=\"\" srcset=\"https:\/\/ethrat.ch\/wp-content\/uploads\/2025\/03\/MOH_newsletter_FIT.jpg 1120w, https:\/\/ethrat.ch\/wp-content\/uploads\/2025\/03\/MOH_newsletter_FIT-300x155.jpg 300w, https:\/\/ethrat.ch\/wp-content\/uploads\/2025\/03\/MOH_newsletter_FIT-1024x530.jpg 1024w, https:\/\/ethrat.ch\/wp-content\/uploads\/2025\/03\/MOH_newsletter_FIT-768x398.jpg 768w\" sizes=\"(max-width: 1120px) 100vw, 1120px\" \/>\t\t\t\t\t\t\t\t\t\t\t\t\t\t\t<\/div>\n\t\t\t\t<\/div>\n\t\t\t\t\t<\/div>\n\t\t<\/div>\n\t\t\t\t\t<\/div>\n\t\t<\/section>\n\t\t\t\t<section class=\"elementor-section elementor-top-section elementor-element elementor-element-27877cc elementor-section-boxed elementor-section-height-default elementor-section-height-default\" data-id=\"27877cc\" data-element_type=\"section\" data-e-type=\"section\">\n\t\t\t\t\t\t<div class=\"elementor-container elementor-column-gap-default\">\n\t\t\t\t\t<div class=\"elementor-column elementor-col-100 elementor-top-column elementor-element elementor-element-1958dba\" data-id=\"1958dba\" data-element_type=\"column\" data-e-type=\"column\">\n\t\t\t<div class=\"elementor-widget-wrap elementor-element-populated\">\n\t\t\t\t\t\t<div class=\"elementor-element elementor-element-1a2e56d elementor-widget elementor-widget-heading\" data-id=\"1a2e56d\" data-element_type=\"widget\" data-e-type=\"widget\" data-widget_type=\"heading.default\">\n\t\t\t\t<div class=\"elementor-widget-container\">\n\t\t\t\t\t<h1 class=\"elementor-heading-title elementor-size-default\">Ce que le d\u00e9veloppement organisationnel signifie pour vous<\/h1>\t\t\t\t<\/div>\n\t\t\t\t<\/div>\n\t\t\t\t<div class=\"elementor-element elementor-element-42ed6ad elementor-widget elementor-widget-text-editor\" data-id=\"42ed6ad\" data-element_type=\"widget\" data-e-type=\"widget\" data-widget_type=\"text-editor.default\">\n\t\t\t\t<div class=\"elementor-widget-container\">\n\t\t\t\t\t\t\t\t\t<p>Le pr\u00e9sident du Conseil des EPF, Michael O. Hengartner, r\u00e9pond \u00e0 trois questions cl\u00e9s sur le d\u00e9veloppement organisationnel qui fa\u00e7onnera l\u2019avenir du domaine des EPF.<\/p>\n\t\t\t\t\t\t\t\t<\/div>\n\t\t\t\t<\/div>\n\t\t\t\t<div class=\"elementor-element elementor-element-10d39e8 elementor-widget elementor-widget-text-editor\" data-id=\"10d39e8\" data-element_type=\"widget\" data-e-type=\"widget\" data-widget_type=\"text-editor.default\">\n\t\t\t\t<div class=\"elementor-widget-container\">\n\t\t\t\t\t\t\t\t\t<h3>Quel est l\u2019objectif du projet \u00abFIT for the Future\u00bb?<\/h3>\n<p><strong>Michael O. Hengartner<\/strong>:\u00a0Actuellement, de nombreux d\u00e9fis sont si complexes que seule une collaboration entre diff\u00e9rents acteurs permet d&rsquo;y apporter une r\u00e9ponse appropri\u00e9e. Je pense notamment au changement climatique, \u00e0 l\u2019approvisionnement \u00e9nerg\u00e9tique ou encore \u00e0 la num\u00e9risation. Les objectifs de la nouvelle organisation du Domaine des EPF sont de simplifier et de consolider la collaboration entre les deux EPF et les quatre \u00e9tablissements de recherche, tout en am\u00e9liorant la coordination strat\u00e9gique.<\/p>\n<p>En regroupant le PSI, le WSL, l\u2019Empa et l\u2019Eawag au sein d\u2019une m\u00eame structure, nous entendons b\u00e2tir le troisi\u00e8me pilier fort du Domaine des EPF, aux c\u00f4t\u00e9s de l\u2019EPFL et de l\u2019ETH\u00a0Zurich. Ne pas agir signifierait qu\u2019on laisse passer sa chance et cela mettrait en p\u00e9ril l\u2019efficacit\u00e9 et l\u2019efficience futures du Domaine des EPF, notamment compte tenu de la stagnation des ressources f\u00e9d\u00e9rales.<\/p>\n\t\t\t\t\t\t\t\t<\/div>\n\t\t\t\t<\/div>\n\t\t\t\t<div class=\"elementor-element elementor-element-7d59e37 elementor-widget elementor-widget-text-editor\" data-id=\"7d59e37\" data-element_type=\"widget\" data-e-type=\"widget\" data-widget_type=\"text-editor.default\">\n\t\t\t\t<div class=\"elementor-widget-container\">\n\t\t\t\t\t\t\t\t\t<h3>Qu\u2019est-ce que cela signifie pour moi en tant que collaboratrice ou collaborateur du Domaine des EPF?<\/h3><p>Les chercheuses et chercheurs b\u00e9n\u00e9ficieront d\u2019une meilleure coop\u00e9ration entre les six institutions, d\u2019une coordination plus \u00e9troite et d\u2019une plus grande visibilit\u00e9 du Domaine des EPF. D\u00e9sormais, les collaboratrices et collaborateurs des \u00e9tablissements de recherche ne seront plus employ\u00e9s par le PSI, le WSL, l\u2019Empa ou l\u2019Eawag, mais par la nouvelle entit\u00e9 commune.<\/p><p>Les services de soutien, tels que les services informatiques, les ressources humaines ou les services juridiques, seront regroup\u00e9s sous un m\u00eame toit. Les postes, ainsi que les sites et les brands, seront toutefois conserv\u00e9s. Les domaines de recherche actuels seront \u00e9galement maintenus, mais pourront collaborer encore plus facilement \u00e0 l&rsquo;avenir. Il est clair qu&rsquo;un tel processus de d\u00e9veloppement organisationnel prend du temps. La mise en \u0153uvre est pr\u00e9vue au plus t\u00f4t \u00e0 partir de 2028.<\/p>\t\t\t\t\t\t\t\t<\/div>\n\t\t\t\t<\/div>\n\t\t\t\t<div class=\"elementor-element elementor-element-dbaf372 elementor-widget elementor-widget-text-editor\" data-id=\"dbaf372\" data-element_type=\"widget\" data-e-type=\"widget\" data-widget_type=\"text-editor.default\">\n\t\t\t\t<div class=\"elementor-widget-container\">\n\t\t\t\t\t\t\t\t\t<h3>Comment puis-je m&rsquo;impliquer dans le processus?<\/h3>\n<p>Les institutions du Domaine des EPF sont \u00e9troitement impliqu\u00e9es dans le processus. Elles participent non seulement au pilotage mais aussi \u00e0 la mise en \u0153uvre du projet. Les collaboratrices et collaborateurs peuvent apporter leur contribution dans le cadre des ateliers, townhalls et consultations qui sont pr\u00e9vus dans le Domaine des EPF.<\/p>\n<p>Une premi\u00e8re consultation a eu lieu l\u2019automne dernier. Ses r\u00e9sultats sont r\u00e9sum\u00e9s sur notre <a href=\"https:\/\/ethrat.ch\/wp-content\/uploads\/2024\/12\/241204_Interface_Struktur_ETH-Bereich.pdf\">site Internet<\/a> (en allemand uniquement). De plus, nous entretenons un \u00e9change r\u00e9gulier avec les responsables politiques, les autorit\u00e9s et les associations professionnelles. Pour faire progresser encore le Domaine des EPF et lui donner les moyens de servir au mieux les int\u00e9r\u00eats de la Suisse, il est indispensable de veiller \u00e0 ce que toutes les parties prenantes participent au processus et puissent s\u2019exprimer.<\/p>\n\t\t\t\t\t\t\t\t<\/div>\n\t\t\t\t<\/div>\n\t\t\t\t\t<\/div>\n\t\t<\/div>\n\t\t\t\t\t<\/div>\n\t\t<\/section>\n\t\t\t\t<\/div>\n\t\t","protected":false},"excerpt":{"rendered":"<p>Le pr\u00e9sident du Conseil des EPF, Michael O. Hengartner, r\u00e9pond \u00e0 trois questions cl\u00e9s sur le d\u00e9veloppement organisationnel qui fa\u00e7onnera l\u2019avenir du domaine des EPF. Quel est l\u2019objectif du projet \u00abFIT for the Future\u00bb? Michael O. Hengartner:\u00a0Actuellement, de nombreux d\u00e9fis sont si complexes que seule une collaboration entre diff\u00e9rents acteurs permet d&rsquo;y apporter une r\u00e9ponse &#8230;<\/p>\n","protected":false},"author":11,"featured_media":0,"parent":15881,"menu_order":0,"comment_status":"closed","ping_status":"closed","template":"","meta":{"_acf_changed":false,"footnotes":"","_links_to":"","_links_to_target":""},"search-tag":[],"class_list":["post-51450","page","type-page","status-publish","hentry"],"acf":[],"yoast_head":"<!-- This site is optimized with the Yoast SEO plugin v27.3 - https:\/\/yoast.com\/product\/yoast-seo-wordpress\/ -->\n<title>Ce que le d\u00e9veloppement organisationnel signifie pour vous - Conseil des EPF<\/title>\n<meta name=\"robots\" content=\"index, follow, max-snippet:-1, max-image-preview:large, max-video-preview:-1\" \/>\n<link rel=\"canonical\" href=\"https:\/\/ethrat.ch\/de\/eth-bereich\/was-die-organisationsentwicklung-fuer-sie-bedeutet\/\" \/>\n<meta property=\"og:locale\" content=\"fr_FR\" \/>\n<meta property=\"og:type\" content=\"article\" \/>\n<meta property=\"og:title\" content=\"Ce que le d\u00e9veloppement organisationnel signifie pour vous - Conseil des EPF\" \/>\n<meta property=\"og:description\" content=\"Le pr\u00e9sident du Conseil des EPF, Michael O. Hengartner, r\u00e9pond \u00e0 trois questions cl\u00e9s sur le d\u00e9veloppement organisationnel qui fa\u00e7onnera l\u2019avenir du domaine des EPF. Quel est l\u2019objectif du projet \u00abFIT for the Future\u00bb? Michael O. Hengartner:\u00a0Actuellement, de nombreux d\u00e9fis sont si complexes que seule une collaboration entre diff\u00e9rents acteurs permet d&rsquo;y apporter une r\u00e9ponse ...\" \/>\n<meta property=\"og:url\" content=\"https:\/\/ethrat.ch\/de\/eth-bereich\/was-die-organisationsentwicklung-fuer-sie-bedeutet\/\" \/>\n<meta property=\"og:site_name\" content=\"Conseil des EPF\" \/>\n<meta property=\"article:modified_time\" content=\"2025-03-27T13:46:37+00:00\" \/>\n<meta property=\"og:image\" content=\"https:\/\/ethrat.ch\/wp-content\/uploads\/2025\/03\/MOH_newsletter_FIT.jpg\" \/>\n\t<meta property=\"og:image:width\" content=\"1120\" \/>\n\t<meta property=\"og:image:height\" content=\"580\" \/>\n\t<meta property=\"og:image:type\" content=\"image\/jpeg\" \/>\n<meta name=\"twitter:card\" content=\"summary_large_image\" \/>\n<meta name=\"twitter:site\" content=\"@eth_rat\" \/>\n<meta name=\"twitter:label1\" content=\"Dur\u00e9e de lecture estim\u00e9e\" \/>\n\t<meta name=\"twitter:data1\" content=\"4 minutes\" \/>\n<script type=\"application\/ld+json\" class=\"yoast-schema-graph\">{\"@context\":\"https:\\\/\\\/schema.org\",\"@graph\":[{\"@type\":\"WebPage\",\"@id\":\"https:\\\/\\\/ethrat.ch\\\/de\\\/eth-bereich\\\/was-die-organisationsentwicklung-fuer-sie-bedeutet\\\/\",\"url\":\"https:\\\/\\\/ethrat.ch\\\/de\\\/eth-bereich\\\/was-die-organisationsentwicklung-fuer-sie-bedeutet\\\/\",\"name\":\"Ce que le d\u00e9veloppement organisationnel signifie pour vous - Conseil des EPF\",\"isPartOf\":{\"@id\":\"https:\\\/\\\/ethrat.ch\\\/de\\\/#website\"},\"primaryImageOfPage\":{\"@id\":\"https:\\\/\\\/ethrat.ch\\\/de\\\/eth-bereich\\\/was-die-organisationsentwicklung-fuer-sie-bedeutet\\\/#primaryimage\"},\"image\":{\"@id\":\"https:\\\/\\\/ethrat.ch\\\/de\\\/eth-bereich\\\/was-die-organisationsentwicklung-fuer-sie-bedeutet\\\/#primaryimage\"},\"thumbnailUrl\":\"https:\\\/\\\/ethrat.ch\\\/wp-content\\\/uploads\\\/2025\\\/03\\\/MOH_newsletter_FIT.jpg\",\"datePublished\":\"2025-03-26T14:41:33+00:00\",\"dateModified\":\"2025-03-27T13:46:37+00:00\",\"breadcrumb\":{\"@id\":\"https:\\\/\\\/ethrat.ch\\\/de\\\/eth-bereich\\\/was-die-organisationsentwicklung-fuer-sie-bedeutet\\\/#breadcrumb\"},\"inLanguage\":\"fr-FR\",\"potentialAction\":[{\"@type\":\"ReadAction\",\"target\":[\"https:\\\/\\\/ethrat.ch\\\/de\\\/eth-bereich\\\/was-die-organisationsentwicklung-fuer-sie-bedeutet\\\/\"]}]},{\"@type\":\"ImageObject\",\"inLanguage\":\"fr-FR\",\"@id\":\"https:\\\/\\\/ethrat.ch\\\/de\\\/eth-bereich\\\/was-die-organisationsentwicklung-fuer-sie-bedeutet\\\/#primaryimage\",\"url\":\"https:\\\/\\\/ethrat.ch\\\/wp-content\\\/uploads\\\/2025\\\/03\\\/MOH_newsletter_FIT.jpg\",\"contentUrl\":\"https:\\\/\\\/ethrat.ch\\\/wp-content\\\/uploads\\\/2025\\\/03\\\/MOH_newsletter_FIT.jpg\"},{\"@type\":\"BreadcrumbList\",\"@id\":\"https:\\\/\\\/ethrat.ch\\\/de\\\/eth-bereich\\\/was-die-organisationsentwicklung-fuer-sie-bedeutet\\\/#breadcrumb\",\"itemListElement\":[{\"@type\":\"ListItem\",\"position\":1,\"name\":\"Home\",\"item\":\"https:\\\/\\\/ethrat.ch\\\/fr\\\/\"},{\"@type\":\"ListItem\",\"position\":2,\"name\":\"DOMAINE DES EPF\",\"item\":\"https:\\\/\\\/ethrat.ch\\\/fr\\\/domaine-des-epf\\\/\"},{\"@type\":\"ListItem\",\"position\":3,\"name\":\"Ce que le d\u00e9veloppement organisationnel signifie pour vous\"}]},{\"@type\":\"WebSite\",\"@id\":\"https:\\\/\\\/ethrat.ch\\\/de\\\/#website\",\"url\":\"https:\\\/\\\/ethrat.ch\\\/de\\\/\",\"name\":\"ETH-Rat\",\"description\":\"\",\"publisher\":{\"@id\":\"https:\\\/\\\/ethrat.ch\\\/de\\\/#organization\"},\"potentialAction\":[{\"@type\":\"SearchAction\",\"target\":{\"@type\":\"EntryPoint\",\"urlTemplate\":\"https:\\\/\\\/ethrat.ch\\\/de\\\/?s={search_term_string}\"},\"query-input\":{\"@type\":\"PropertyValueSpecification\",\"valueRequired\":true,\"valueName\":\"search_term_string\"}}],\"inLanguage\":\"fr-FR\"},{\"@type\":\"Organization\",\"@id\":\"https:\\\/\\\/ethrat.ch\\\/de\\\/#organization\",\"name\":\"ETH-Rat\",\"url\":\"https:\\\/\\\/ethrat.ch\\\/de\\\/\",\"logo\":{\"@type\":\"ImageObject\",\"inLanguage\":\"fr-FR\",\"@id\":\"https:\\\/\\\/ethrat.ch\\\/de\\\/#\\\/schema\\\/logo\\\/image\\\/\",\"url\":\"https:\\\/\\\/ethrat.ch\\\/wp-content\\\/uploads\\\/2024\\\/04\\\/logo-white.svg\",\"contentUrl\":\"https:\\\/\\\/ethrat.ch\\\/wp-content\\\/uploads\\\/2024\\\/04\\\/logo-white.svg\",\"width\":283,\"height\":81,\"caption\":\"ETH-Rat\"},\"image\":{\"@id\":\"https:\\\/\\\/ethrat.ch\\\/de\\\/#\\\/schema\\\/logo\\\/image\\\/\"},\"sameAs\":[\"https:\\\/\\\/x.com\\\/eth_rat\",\"https:\\\/\\\/issuu.com\\\/ethrat\",\"https:\\\/\\\/www.linkedin.com\\\/company\\\/eth-rat\\\/\"]}]}<\/script>\n<!-- \/ Yoast SEO plugin. -->","yoast_head_json":{"title":"Ce que le d\u00e9veloppement organisationnel signifie pour vous - Conseil des EPF","robots":{"index":"index","follow":"follow","max-snippet":"max-snippet:-1","max-image-preview":"max-image-preview:large","max-video-preview":"max-video-preview:-1"},"canonical":"https:\/\/ethrat.ch\/de\/eth-bereich\/was-die-organisationsentwicklung-fuer-sie-bedeutet\/","og_locale":"fr_FR","og_type":"article","og_title":"Ce que le d\u00e9veloppement organisationnel signifie pour vous - Conseil des EPF","og_description":"Le pr\u00e9sident du Conseil des EPF, Michael O. Hengartner, r\u00e9pond \u00e0 trois questions cl\u00e9s sur le d\u00e9veloppement organisationnel qui fa\u00e7onnera l\u2019avenir du domaine des EPF. Quel est l\u2019objectif du projet \u00abFIT for the Future\u00bb? Michael O. Hengartner:\u00a0Actuellement, de nombreux d\u00e9fis sont si complexes que seule une collaboration entre diff\u00e9rents acteurs permet d&rsquo;y apporter une r\u00e9ponse ...","og_url":"https:\/\/ethrat.ch\/de\/eth-bereich\/was-die-organisationsentwicklung-fuer-sie-bedeutet\/","og_site_name":"Conseil des EPF","article_modified_time":"2025-03-27T13:46:37+00:00","og_image":[{"width":1120,"height":580,"url":"https:\/\/ethrat.ch\/wp-content\/uploads\/2025\/03\/MOH_newsletter_FIT.jpg","type":"image\/jpeg"}],"twitter_card":"summary_large_image","twitter_site":"@eth_rat","twitter_misc":{"Dur\u00e9e de lecture estim\u00e9e":"4 minutes"},"schema":{"@context":"https:\/\/schema.org","@graph":[{"@type":"WebPage","@id":"https:\/\/ethrat.ch\/de\/eth-bereich\/was-die-organisationsentwicklung-fuer-sie-bedeutet\/","url":"https:\/\/ethrat.ch\/de\/eth-bereich\/was-die-organisationsentwicklung-fuer-sie-bedeutet\/","name":"Ce que le d\u00e9veloppement organisationnel signifie pour vous - Conseil des EPF","isPartOf":{"@id":"https:\/\/ethrat.ch\/de\/#website"},"primaryImageOfPage":{"@id":"https:\/\/ethrat.ch\/de\/eth-bereich\/was-die-organisationsentwicklung-fuer-sie-bedeutet\/#primaryimage"},"image":{"@id":"https:\/\/ethrat.ch\/de\/eth-bereich\/was-die-organisationsentwicklung-fuer-sie-bedeutet\/#primaryimage"},"thumbnailUrl":"https:\/\/ethrat.ch\/wp-content\/uploads\/2025\/03\/MOH_newsletter_FIT.jpg","datePublished":"2025-03-26T14:41:33+00:00","dateModified":"2025-03-27T13:46:37+00:00","breadcrumb":{"@id":"https:\/\/ethrat.ch\/de\/eth-bereich\/was-die-organisationsentwicklung-fuer-sie-bedeutet\/#breadcrumb"},"inLanguage":"fr-FR","potentialAction":[{"@type":"ReadAction","target":["https:\/\/ethrat.ch\/de\/eth-bereich\/was-die-organisationsentwicklung-fuer-sie-bedeutet\/"]}]},{"@type":"ImageObject","inLanguage":"fr-FR","@id":"https:\/\/ethrat.ch\/de\/eth-bereich\/was-die-organisationsentwicklung-fuer-sie-bedeutet\/#primaryimage","url":"https:\/\/ethrat.ch\/wp-content\/uploads\/2025\/03\/MOH_newsletter_FIT.jpg","contentUrl":"https:\/\/ethrat.ch\/wp-content\/uploads\/2025\/03\/MOH_newsletter_FIT.jpg"},{"@type":"BreadcrumbList","@id":"https:\/\/ethrat.ch\/de\/eth-bereich\/was-die-organisationsentwicklung-fuer-sie-bedeutet\/#breadcrumb","itemListElement":[{"@type":"ListItem","position":1,"name":"Home","item":"https:\/\/ethrat.ch\/fr\/"},{"@type":"ListItem","position":2,"name":"DOMAINE DES EPF","item":"https:\/\/ethrat.ch\/fr\/domaine-des-epf\/"},{"@type":"ListItem","position":3,"name":"Ce que le d\u00e9veloppement organisationnel signifie pour vous"}]},{"@type":"WebSite","@id":"https:\/\/ethrat.ch\/de\/#website","url":"https:\/\/ethrat.ch\/de\/","name":"ETH-Rat","description":"","publisher":{"@id":"https:\/\/ethrat.ch\/de\/#organization"},"potentialAction":[{"@type":"SearchAction","target":{"@type":"EntryPoint","urlTemplate":"https:\/\/ethrat.ch\/de\/?s={search_term_string}"},"query-input":{"@type":"PropertyValueSpecification","valueRequired":true,"valueName":"search_term_string"}}],"inLanguage":"fr-FR"},{"@type":"Organization","@id":"https:\/\/ethrat.ch\/de\/#organization","name":"ETH-Rat","url":"https:\/\/ethrat.ch\/de\/","logo":{"@type":"ImageObject","inLanguage":"fr-FR","@id":"https:\/\/ethrat.ch\/de\/#\/schema\/logo\/image\/","url":"https:\/\/ethrat.ch\/wp-content\/uploads\/2024\/04\/logo-white.svg","contentUrl":"https:\/\/ethrat.ch\/wp-content\/uploads\/2024\/04\/logo-white.svg","width":283,"height":81,"caption":"ETH-Rat"},"image":{"@id":"https:\/\/ethrat.ch\/de\/#\/schema\/logo\/image\/"},"sameAs":["https:\/\/x.com\/eth_rat","https:\/\/issuu.com\/ethrat","https:\/\/www.linkedin.com\/company\/eth-rat\/"]}]}},"_links":{"self":[{"href":"https:\/\/ethrat.ch\/fr\/wp-json\/wp\/v2\/pages\/51450","targetHints":{"allow":["GET"]}}],"collection":[{"href":"https:\/\/ethrat.ch\/fr\/wp-json\/wp\/v2\/pages"}],"about":[{"href":"https:\/\/ethrat.ch\/fr\/wp-json\/wp\/v2\/types\/page"}],"author":[{"embeddable":true,"href":"https:\/\/ethrat.ch\/fr\/wp-json\/wp\/v2\/users\/11"}],"replies":[{"embeddable":true,"href":"https:\/\/ethrat.ch\/fr\/wp-json\/wp\/v2\/comments?post=51450"}],"version-history":[{"count":0,"href":"https:\/\/ethrat.ch\/fr\/wp-json\/wp\/v2\/pages\/51450\/revisions"}],"up":[{"embeddable":true,"href":"https:\/\/ethrat.ch\/fr\/wp-json\/wp\/v2\/pages\/15881"}],"wp:attachment":[{"href":"https:\/\/ethrat.ch\/fr\/wp-json\/wp\/v2\/media?parent=51450"}],"wp:term":[{"taxonomy":"search-tag","embeddable":true,"href":"https:\/\/ethrat.ch\/fr\/wp-json\/wp\/v2\/search-tag?post=51450"}],"curies":[{"name":"wp","href":"https:\/\/api.w.org\/{rel}","templated":true}]}}