{"id":51037,"date":"2025-03-05T14:05:47","date_gmt":"2025-03-05T13:05:47","guid":{"rendered":"https:\/\/ethrat.ch\/abmeldung-fit-for-the-future-newsletter\/"},"modified":"2025-03-06T17:16:36","modified_gmt":"2025-03-06T16:16:36","slug":"vous-etes-bien-desabonne-e","status":"publish","type":"page","link":"https:\/\/ethrat.ch\/fr\/vous-etes-bien-desabonne-e\/","title":{"rendered":"Vous \u00eates bien d\u00e9sabonn\u00e9\/e"},"content":{"rendered":"\t\t<div data-elementor-type=\"wp-page\" data-elementor-id=\"51037\" class=\"elementor elementor-51037 elementor-51017\" data-elementor-post-type=\"page\">\n\t\t\t\t\t\t<section class=\"elementor-section elementor-top-section elementor-element elementor-element-1acfe2fa elementor-section-boxed elementor-section-height-default elementor-section-height-default\" data-id=\"1acfe2fa\" data-element_type=\"section\" data-e-type=\"section\">\n\t\t\t\t\t\t<div class=\"elementor-container elementor-column-gap-default\">\n\t\t\t\t\t<div class=\"elementor-column elementor-col-100 elementor-top-column elementor-element elementor-element-520bbdea\" data-id=\"520bbdea\" data-element_type=\"column\" data-e-type=\"column\" data-settings=\"{&quot;background_background&quot;:&quot;classic&quot;}\">\n\t\t\t<div class=\"elementor-widget-wrap elementor-element-populated\">\n\t\t\t\t\t\t<div class=\"elementor-element elementor-element-551a275e elementor-widget elementor-widget-heading\" data-id=\"551a275e\" data-element_type=\"widget\" data-e-type=\"widget\" data-widget_type=\"heading.default\">\n\t\t\t\t<div class=\"elementor-widget-container\">\n\t\t\t\t\t<h1 class=\"elementor-heading-title elementor-size-default\">Vous \u00eates bien d\u00e9sabonn\u00e9\/e<\/h1>\t\t\t\t<\/div>\n\t\t\t\t<\/div>\n\t\t\t\t<div class=\"elementor-element elementor-element-266b7d3c elementor-widget elementor-widget-spacer\" data-id=\"266b7d3c\" data-element_type=\"widget\" data-e-type=\"widget\" data-widget_type=\"spacer.default\">\n\t\t\t\t<div class=\"elementor-widget-container\">\n\t\t\t\t\t\t\t<div class=\"elementor-spacer\">\n\t\t\t<div class=\"elementor-spacer-inner\"><\/div>\n\t\t<\/div>\n\t\t\t\t\t\t<\/div>\n\t\t\t\t<\/div>\n\t\t\t\t<div class=\"elementor-element elementor-element-1445ca92 elementor-widget__width-inherit elementor-widget elementor-widget-text-editor\" data-id=\"1445ca92\" data-element_type=\"widget\" data-e-type=\"widget\" data-widget_type=\"text-editor.default\">\n\t\t\t\t<div class=\"elementor-widget-container\">\n\t\t\t\t\t\t\t\t\t<p>Nous sommes d\u00e9sol\u00e9s de vous voir partir !<\/p><p>Votre avis compte : si vous souhaitez nous dire pourquoi vous vous d\u00e9sabonnez, n\u2019h\u00e9sitez pas \u00e0 nous le faire savoir en nous \u00e9crivant \u00e0 <a href=\"mailto:kommunikation@ethrat.ch\">kommunikation@ethrat.ch<\/a>.<\/p><p>Si vous vous \u00eates d\u00e9sinscrit\/e par erreur, vous pouvez vous r\u00e9abonner via notre site web.<\/p>\t\t\t\t\t\t\t\t<\/div>\n\t\t\t\t<\/div>\n\t\t\t\t\t<\/div>\n\t\t<\/div>\n\t\t\t\t\t<\/div>\n\t\t<\/section>\n\t\t\t\t<\/div>\n\t\t","protected":false},"excerpt":{"rendered":"<p>Nous sommes d\u00e9sol\u00e9s de vous voir partir ! Votre avis compte : si vous souhaitez nous dire pourquoi vous vous d\u00e9sabonnez, n\u2019h\u00e9sitez pas \u00e0 nous le faire savoir en nous \u00e9crivant \u00e0 kommunikation@ethrat.ch. Si vous vous \u00eates d\u00e9sinscrit\/e par erreur, vous pouvez vous r\u00e9abonner via notre site web.<\/p>\n","protected":false},"author":19,"featured_media":0,"parent":0,"menu_order":0,"comment_status":"closed","ping_status":"closed","template":"","meta":{"_acf_changed":false,"footnotes":"","_links_to":"","_links_to_target":""},"search-tag":[],"class_list":["post-51037","page","type-page","status-publish","hentry"],"acf":[],"yoast_head":"<!-- This site is optimized with the Yoast SEO plugin v27.3 - https:\/\/yoast.com\/product\/yoast-seo-wordpress\/ -->\n<title>Vous \u00eates bien d\u00e9sabonn\u00e9\/e - Conseil des EPF<\/title>\n<meta name=\"robots\" content=\"index, nofollow, max-snippet:-1, max-image-preview:large, max-video-preview:-1\" \/>\n<link rel=\"canonical\" href=\"https:\/\/ethrat.ch\/de\/abmeldung-fit-for-the-future-newsletter\/\" \/>\n<meta property=\"og:locale\" content=\"fr_FR\" \/>\n<meta property=\"og:type\" content=\"article\" \/>\n<meta property=\"og:title\" content=\"Vous \u00eates bien d\u00e9sabonn\u00e9\/e - Conseil des EPF\" \/>\n<meta property=\"og:description\" content=\"Nous sommes d\u00e9sol\u00e9s de vous voir partir ! Votre avis compte : si vous souhaitez nous dire pourquoi vous vous d\u00e9sabonnez, n\u2019h\u00e9sitez pas \u00e0 nous le faire savoir en nous \u00e9crivant \u00e0 kommunikation@ethrat.ch. Si vous vous \u00eates d\u00e9sinscrit\/e par erreur, vous pouvez vous r\u00e9abonner via notre site web.\" \/>\n<meta property=\"og:url\" content=\"https:\/\/ethrat.ch\/de\/abmeldung-fit-for-the-future-newsletter\/\" \/>\n<meta property=\"og:site_name\" content=\"Conseil des EPF\" \/>\n<meta property=\"article:modified_time\" content=\"2025-03-06T16:16:36+00:00\" \/>\n<meta name=\"twitter:card\" content=\"summary_large_image\" \/>\n<meta name=\"twitter:site\" content=\"@eth_rat\" \/>\n<meta name=\"twitter:label1\" content=\"Dur\u00e9e de lecture estim\u00e9e\" \/>\n\t<meta name=\"twitter:data1\" content=\"1 minute\" \/>\n<script type=\"application\/ld+json\" class=\"yoast-schema-graph\">{\"@context\":\"https:\\\/\\\/schema.org\",\"@graph\":[{\"@type\":\"WebPage\",\"@id\":\"https:\\\/\\\/ethrat.ch\\\/de\\\/abmeldung-fit-for-the-future-newsletter\\\/\",\"url\":\"https:\\\/\\\/ethrat.ch\\\/de\\\/abmeldung-fit-for-the-future-newsletter\\\/\",\"name\":\"Vous \u00eates bien d\u00e9sabonn\u00e9\\\/e - Conseil des EPF\",\"isPartOf\":{\"@id\":\"https:\\\/\\\/ethrat.ch\\\/de\\\/#website\"},\"datePublished\":\"2025-03-05T13:05:47+00:00\",\"dateModified\":\"2025-03-06T16:16:36+00:00\",\"breadcrumb\":{\"@id\":\"https:\\\/\\\/ethrat.ch\\\/de\\\/abmeldung-fit-for-the-future-newsletter\\\/#breadcrumb\"},\"inLanguage\":\"fr-FR\",\"potentialAction\":[{\"@type\":\"ReadAction\",\"target\":[\"https:\\\/\\\/ethrat.ch\\\/de\\\/abmeldung-fit-for-the-future-newsletter\\\/\"]}]},{\"@type\":\"BreadcrumbList\",\"@id\":\"https:\\\/\\\/ethrat.ch\\\/de\\\/abmeldung-fit-for-the-future-newsletter\\\/#breadcrumb\",\"itemListElement\":[{\"@type\":\"ListItem\",\"position\":1,\"name\":\"Home\",\"item\":\"https:\\\/\\\/ethrat.ch\\\/fr\\\/\"},{\"@type\":\"ListItem\",\"position\":2,\"name\":\"Vous \u00eates bien d\u00e9sabonn\u00e9\\\/e\"}]},{\"@type\":\"WebSite\",\"@id\":\"https:\\\/\\\/ethrat.ch\\\/de\\\/#website\",\"url\":\"https:\\\/\\\/ethrat.ch\\\/de\\\/\",\"name\":\"ETH-Rat\",\"description\":\"\",\"publisher\":{\"@id\":\"https:\\\/\\\/ethrat.ch\\\/de\\\/#organization\"},\"potentialAction\":[{\"@type\":\"SearchAction\",\"target\":{\"@type\":\"EntryPoint\",\"urlTemplate\":\"https:\\\/\\\/ethrat.ch\\\/de\\\/?s={search_term_string}\"},\"query-input\":{\"@type\":\"PropertyValueSpecification\",\"valueRequired\":true,\"valueName\":\"search_term_string\"}}],\"inLanguage\":\"fr-FR\"},{\"@type\":\"Organization\",\"@id\":\"https:\\\/\\\/ethrat.ch\\\/de\\\/#organization\",\"name\":\"ETH-Rat\",\"url\":\"https:\\\/\\\/ethrat.ch\\\/de\\\/\",\"logo\":{\"@type\":\"ImageObject\",\"inLanguage\":\"fr-FR\",\"@id\":\"https:\\\/\\\/ethrat.ch\\\/de\\\/#\\\/schema\\\/logo\\\/image\\\/\",\"url\":\"https:\\\/\\\/ethrat.ch\\\/wp-content\\\/uploads\\\/2024\\\/04\\\/logo-white.svg\",\"contentUrl\":\"https:\\\/\\\/ethrat.ch\\\/wp-content\\\/uploads\\\/2024\\\/04\\\/logo-white.svg\",\"width\":283,\"height\":81,\"caption\":\"ETH-Rat\"},\"image\":{\"@id\":\"https:\\\/\\\/ethrat.ch\\\/de\\\/#\\\/schema\\\/logo\\\/image\\\/\"},\"sameAs\":[\"https:\\\/\\\/x.com\\\/eth_rat\",\"https:\\\/\\\/issuu.com\\\/ethrat\",\"https:\\\/\\\/www.linkedin.com\\\/company\\\/eth-rat\\\/\"]}]}<\/script>\n<!-- \/ Yoast SEO plugin. -->","yoast_head_json":{"title":"Vous \u00eates bien d\u00e9sabonn\u00e9\/e - Conseil des EPF","robots":{"index":"index","follow":"nofollow","max-snippet":"max-snippet:-1","max-image-preview":"max-image-preview:large","max-video-preview":"max-video-preview:-1"},"canonical":"https:\/\/ethrat.ch\/de\/abmeldung-fit-for-the-future-newsletter\/","og_locale":"fr_FR","og_type":"article","og_title":"Vous \u00eates bien d\u00e9sabonn\u00e9\/e - Conseil des EPF","og_description":"Nous sommes d\u00e9sol\u00e9s de vous voir partir ! Votre avis compte : si vous souhaitez nous dire pourquoi vous vous d\u00e9sabonnez, n\u2019h\u00e9sitez pas \u00e0 nous le faire savoir en nous \u00e9crivant \u00e0 kommunikation@ethrat.ch. Si vous vous \u00eates d\u00e9sinscrit\/e par erreur, vous pouvez vous r\u00e9abonner via notre site web.","og_url":"https:\/\/ethrat.ch\/de\/abmeldung-fit-for-the-future-newsletter\/","og_site_name":"Conseil des EPF","article_modified_time":"2025-03-06T16:16:36+00:00","twitter_card":"summary_large_image","twitter_site":"@eth_rat","twitter_misc":{"Dur\u00e9e de lecture estim\u00e9e":"1 minute"},"schema":{"@context":"https:\/\/schema.org","@graph":[{"@type":"WebPage","@id":"https:\/\/ethrat.ch\/de\/abmeldung-fit-for-the-future-newsletter\/","url":"https:\/\/ethrat.ch\/de\/abmeldung-fit-for-the-future-newsletter\/","name":"Vous \u00eates bien d\u00e9sabonn\u00e9\/e - Conseil des EPF","isPartOf":{"@id":"https:\/\/ethrat.ch\/de\/#website"},"datePublished":"2025-03-05T13:05:47+00:00","dateModified":"2025-03-06T16:16:36+00:00","breadcrumb":{"@id":"https:\/\/ethrat.ch\/de\/abmeldung-fit-for-the-future-newsletter\/#breadcrumb"},"inLanguage":"fr-FR","potentialAction":[{"@type":"ReadAction","target":["https:\/\/ethrat.ch\/de\/abmeldung-fit-for-the-future-newsletter\/"]}]},{"@type":"BreadcrumbList","@id":"https:\/\/ethrat.ch\/de\/abmeldung-fit-for-the-future-newsletter\/#breadcrumb","itemListElement":[{"@type":"ListItem","position":1,"name":"Home","item":"https:\/\/ethrat.ch\/fr\/"},{"@type":"ListItem","position":2,"name":"Vous \u00eates bien d\u00e9sabonn\u00e9\/e"}]},{"@type":"WebSite","@id":"https:\/\/ethrat.ch\/de\/#website","url":"https:\/\/ethrat.ch\/de\/","name":"ETH-Rat","description":"","publisher":{"@id":"https:\/\/ethrat.ch\/de\/#organization"},"potentialAction":[{"@type":"SearchAction","target":{"@type":"EntryPoint","urlTemplate":"https:\/\/ethrat.ch\/de\/?s={search_term_string}"},"query-input":{"@type":"PropertyValueSpecification","valueRequired":true,"valueName":"search_term_string"}}],"inLanguage":"fr-FR"},{"@type":"Organization","@id":"https:\/\/ethrat.ch\/de\/#organization","name":"ETH-Rat","url":"https:\/\/ethrat.ch\/de\/","logo":{"@type":"ImageObject","inLanguage":"fr-FR","@id":"https:\/\/ethrat.ch\/de\/#\/schema\/logo\/image\/","url":"https:\/\/ethrat.ch\/wp-content\/uploads\/2024\/04\/logo-white.svg","contentUrl":"https:\/\/ethrat.ch\/wp-content\/uploads\/2024\/04\/logo-white.svg","width":283,"height":81,"caption":"ETH-Rat"},"image":{"@id":"https:\/\/ethrat.ch\/de\/#\/schema\/logo\/image\/"},"sameAs":["https:\/\/x.com\/eth_rat","https:\/\/issuu.com\/ethrat","https:\/\/www.linkedin.com\/company\/eth-rat\/"]}]}},"_links":{"self":[{"href":"https:\/\/ethrat.ch\/fr\/wp-json\/wp\/v2\/pages\/51037","targetHints":{"allow":["GET"]}}],"collection":[{"href":"https:\/\/ethrat.ch\/fr\/wp-json\/wp\/v2\/pages"}],"about":[{"href":"https:\/\/ethrat.ch\/fr\/wp-json\/wp\/v2\/types\/page"}],"author":[{"embeddable":true,"href":"https:\/\/ethrat.ch\/fr\/wp-json\/wp\/v2\/users\/19"}],"replies":[{"embeddable":true,"href":"https:\/\/ethrat.ch\/fr\/wp-json\/wp\/v2\/comments?post=51037"}],"version-history":[{"count":0,"href":"https:\/\/ethrat.ch\/fr\/wp-json\/wp\/v2\/pages\/51037\/revisions"}],"wp:attachment":[{"href":"https:\/\/ethrat.ch\/fr\/wp-json\/wp\/v2\/media?parent=51037"}],"wp:term":[{"taxonomy":"search-tag","embeddable":true,"href":"https:\/\/ethrat.ch\/fr\/wp-json\/wp\/v2\/search-tag?post=51037"}],"curies":[{"name":"wp","href":"https:\/\/api.w.org\/{rel}","templated":true}]}}