{"id":31300,"date":"2022-03-01T13:31:03","date_gmt":"2022-03-01T12:31:03","guid":{"rendered":"https:\/\/ethrat.ch\/?page_id=31300"},"modified":"2024-04-24T13:39:30","modified_gmt":"2024-04-24T11:39:30","slug":"informations-sur-la-reservation","status":"publish","type":"page","link":"https:\/\/ethrat.ch\/fr\/informations-sur-la-reservation\/","title":{"rendered":"Informations sur la r\u00e9servation de salles de conf\u00e9rence"},"content":{"rendered":"\t\t<div data-elementor-type=\"wp-page\" data-elementor-id=\"31300\" class=\"elementor elementor-31300 elementor-30235\" data-elementor-post-type=\"page\">\n\t\t\t\t\t\t<section class=\"elementor-section elementor-top-section elementor-element elementor-element-a010f65 elementor-section-boxed elementor-section-height-default elementor-section-height-default\" data-id=\"a010f65\" data-element_type=\"section\" data-e-type=\"section\">\n\t\t\t\t\t\t<div class=\"elementor-container elementor-column-gap-default\">\n\t\t\t\t\t<div class=\"elementor-column elementor-col-100 elementor-top-column elementor-element elementor-element-58b606b\" data-id=\"58b606b\" data-element_type=\"column\" data-e-type=\"column\">\n\t\t\t<div class=\"elementor-widget-wrap elementor-element-populated\">\n\t\t\t\t\t\t<div class=\"elementor-element elementor-element-2c9b34fc elementor-widget elementor-widget-heading\" data-id=\"2c9b34fc\" data-element_type=\"widget\" data-e-type=\"widget\" data-widget_type=\"heading.default\">\n\t\t\t\t<div class=\"elementor-widget-container\">\n\t\t\t\t\t<h1 class=\"elementor-heading-title elementor-size-default\">Informations sur la r\u00e9servation de salles de conf\u00e9rence<\/h1>\t\t\t\t<\/div>\n\t\t\t\t<\/div>\n\t\t\t\t\t<\/div>\n\t\t<\/div>\n\t\t\t\t\t<\/div>\n\t\t<\/section>\n\t\t\t\t<section class=\"elementor-section elementor-top-section elementor-element elementor-element-15d399e7 elementor-section-boxed elementor-section-height-default elementor-section-height-default\" data-id=\"15d399e7\" data-element_type=\"section\" data-e-type=\"section\">\n\t\t\t\t\t\t<div class=\"elementor-container elementor-column-gap-default\">\n\t\t\t\t\t<div class=\"elementor-column elementor-col-100 elementor-top-column elementor-element elementor-element-7bb1bd9d\" data-id=\"7bb1bd9d\" data-element_type=\"column\" data-e-type=\"column\" data-settings=\"{&quot;background_background&quot;:&quot;classic&quot;}\">\n\t\t\t<div class=\"elementor-widget-wrap elementor-element-populated\">\n\t\t\t\t\t\t<div class=\"elementor-element elementor-element-18c78f5 elementor-widget__width-initial elementor-widget elementor-widget-text-editor\" data-id=\"18c78f5\" data-element_type=\"widget\" data-e-type=\"widget\" data-widget_type=\"text-editor.default\">\n\t\t\t\t<div class=\"elementor-widget-container\">\n\t\t\t\t\t\t\t\t\t<p>Les collaboratrices et collaborateurs du Domaine des EPF peuvent r\u00e9server des salles de s\u00e9ance dans les locaux du Conseil des EPF \u00e0 Berne. Veuillez effectuer vos r\u00e9servations par <a href=\"mailto:bern@ethrat.ch\">e-mail<\/a>.<\/p>\n<p>Vous avez le choix entre deux salles de s\u00e9ance:<\/p>\n<ul>\n<li><strong>Salle de conf\u00e9rence pour 26 personnes<br \/><\/strong><\/li>\n<\/ul>\n<ul>\n<li><strong>Salle de s\u00e9ance pour 14 personnes<\/strong><\/li>\n<\/ul>\n<p>&nbsp;<\/p>\n<p>Du lundi au vendredi, de 8h00 \u00e0 17h00<br \/>Sous la responsabilit\u00e9 de l\u2019\u00e9quipe charg\u00e9e des s\u00e9ances sur le site de Berne<br \/>Nombre minimal de personnes pour une r\u00e9servation: quatre personnes<br \/><em>Votre r\u00e9servation doit imp\u00e9rativement nous parvenir deux jours ouvr\u00e9s avant la date de la r\u00e9union.<\/em><\/p>\n<h4>Sur demande<\/h4>\n<p><strong>Bureaux et postes de travail individuels ainsi que groupes de moins de quatre personnes<\/strong><\/p>\n<p><em>Ces locaux sont r\u00e9serv\u00e9s aux groupes de travail dont l&rsquo;activit\u00e9 est en lien direct avec le Domaine des EPF. La r\u00e9servation doit obligatoirement \u00eatre faite au nom d&rsquo;une personne qui appartient \u00e0 l\u2019une des institutions du Domaine des EPF et participe \u00e0 la s\u00e9ance en question.<\/em><\/p>\n<h4>Moyens techniques et \u00e9quipement<\/h4>\n<ul>\n<li>R\u00e9seau Wi-Fi<\/li>\n<li>Equipement de visioconf\u00e9rence (\u00e9galement adapt\u00e9 aux s\u00e9ances hybrides)<\/li>\n<li>Beamer<\/li>\n<li>Ecran de projection<\/li>\n<li>Flipchart<\/li>\n<li>Clickshare<\/li>\n<li>Ordinateur de s\u00e9ance<\/li>\n<li>Pointeur laser Logitech<\/li>\n<\/ul>\n<p>&nbsp;<\/p>\n<p>Eau, caf\u00e9 et th\u00e9 sont \u00e0 disposition. L\u2019organisation et les co\u00fbts de tout autre service (restauration, p. ex.) sont \u00e0 la charge des utilisatrices et utilisateurs de la salle.<\/p>\n\t\t\t\t\t\t\t\t<\/div>\n\t\t\t\t<\/div>\n\t\t\t\t<div class=\"elementor-element elementor-element-ff42dda elementor-widget elementor-widget-text-editor\" data-id=\"ff42dda\" data-element_type=\"widget\" data-e-type=\"widget\" data-widget_type=\"text-editor.default\">\n\t\t\t\t<div class=\"elementor-widget-container\">\n\t\t\t\t\t\t\t\t\t<p>Contact<\/p>\n\t\t\t\t\t\t\t\t<\/div>\n\t\t\t\t<\/div>\n\t\t\t\t<div class=\"elementor-element elementor-element-799db75 elementor-widget elementor-widget-text-editor\" data-id=\"799db75\" data-element_type=\"widget\" data-e-type=\"widget\" data-widget_type=\"text-editor.default\">\n\t\t\t\t<div class=\"elementor-widget-container\">\n\t\t\t\t\t\t\t\t\t<p>Maria von Gunten<br \/>+41 58 856 87 25<br \/><a href=\"mailto:bern@ethrat.ch\">E-Mail<\/a><\/p>\n<p>Conseil des EPF<br \/>Hirschengraben 3<br \/>3011 Berne<\/p>\n<p>Pr\u00e9sence: <br \/>Lundi, mardi, jeudi 09.00 \u2013 12.00<\/p>\n\t\t\t\t\t\t\t\t<\/div>\n\t\t\t\t<\/div>\n\t\t\t\t\t<\/div>\n\t\t<\/div>\n\t\t\t\t\t<\/div>\n\t\t<\/section>\n\t\t\t\t<\/div>\n\t\t","protected":false},"excerpt":{"rendered":"<p>Les collaboratrices et collaborateurs du Domaine des EPF peuvent r\u00e9server des salles de s\u00e9ance dans les locaux du Conseil des EPF \u00e0 Berne. Veuillez effectuer vos r\u00e9servations par e-mail. Vous avez le choix entre deux salles de s\u00e9ance: Salle de conf\u00e9rence pour 26 personnes Salle de s\u00e9ance pour 14 personnes &nbsp; Du lundi au vendredi, &#8230;<\/p>\n","protected":false},"author":11,"featured_media":0,"parent":0,"menu_order":0,"comment_status":"closed","ping_status":"closed","template":"","meta":{"_acf_changed":false,"footnotes":"","_links_to":"","_links_to_target":""},"search-tag":[],"class_list":["post-31300","page","type-page","status-publish","hentry"],"acf":[],"yoast_head":"<!-- This site is optimized with the Yoast SEO plugin v27.3 - https:\/\/yoast.com\/product\/yoast-seo-wordpress\/ -->\n<title>Informations sur la r\u00e9servation de salles de conf\u00e9rence - Conseil des EPF<\/title>\n<meta name=\"robots\" content=\"index, follow, max-snippet:-1, max-image-preview:large, max-video-preview:-1\" \/>\n<link rel=\"canonical\" href=\"https:\/\/ethrat.ch\/fr\/informations-sur-la-reservation\/\" \/>\n<meta property=\"og:locale\" content=\"fr_FR\" \/>\n<meta property=\"og:type\" content=\"article\" \/>\n<meta property=\"og:title\" content=\"Informations sur la r\u00e9servation de salles de conf\u00e9rence - Conseil des EPF\" \/>\n<meta property=\"og:description\" content=\"Les collaboratrices et collaborateurs du Domaine des EPF peuvent r\u00e9server des salles de s\u00e9ance dans les locaux du Conseil des EPF \u00e0 Berne. Veuillez effectuer vos r\u00e9servations par e-mail. Vous avez le choix entre deux salles de s\u00e9ance: Salle de conf\u00e9rence pour 26 personnes Salle de s\u00e9ance pour 14 personnes &nbsp; Du lundi au vendredi, ...\" \/>\n<meta property=\"og:url\" content=\"https:\/\/ethrat.ch\/fr\/informations-sur-la-reservation\/\" \/>\n<meta property=\"og:site_name\" content=\"Conseil des EPF\" \/>\n<meta property=\"article:modified_time\" content=\"2024-04-24T11:39:30+00:00\" \/>\n<meta name=\"twitter:card\" content=\"summary_large_image\" \/>\n<meta name=\"twitter:site\" content=\"@eth_rat\" \/>\n<meta name=\"twitter:label1\" content=\"Dur\u00e9e de lecture estim\u00e9e\" \/>\n\t<meta name=\"twitter:data1\" content=\"1 minute\" \/>\n<script type=\"application\/ld+json\" class=\"yoast-schema-graph\">{\"@context\":\"https:\\\/\\\/schema.org\",\"@graph\":[{\"@type\":\"WebPage\",\"@id\":\"https:\\\/\\\/ethrat.ch\\\/fr\\\/informations-sur-la-reservation\\\/\",\"url\":\"https:\\\/\\\/ethrat.ch\\\/fr\\\/informations-sur-la-reservation\\\/\",\"name\":\"Informations sur la r\u00e9servation de salles de conf\u00e9rence - Conseil des EPF\",\"isPartOf\":{\"@id\":\"https:\\\/\\\/ethrat.ch\\\/de\\\/#website\"},\"datePublished\":\"2022-03-01T12:31:03+00:00\",\"dateModified\":\"2024-04-24T11:39:30+00:00\",\"breadcrumb\":{\"@id\":\"https:\\\/\\\/ethrat.ch\\\/fr\\\/informations-sur-la-reservation\\\/#breadcrumb\"},\"inLanguage\":\"fr-FR\",\"potentialAction\":[{\"@type\":\"ReadAction\",\"target\":[\"https:\\\/\\\/ethrat.ch\\\/fr\\\/informations-sur-la-reservation\\\/\"]}]},{\"@type\":\"BreadcrumbList\",\"@id\":\"https:\\\/\\\/ethrat.ch\\\/fr\\\/informations-sur-la-reservation\\\/#breadcrumb\",\"itemListElement\":[{\"@type\":\"ListItem\",\"position\":1,\"name\":\"Home\",\"item\":\"https:\\\/\\\/ethrat.ch\\\/fr\\\/\"},{\"@type\":\"ListItem\",\"position\":2,\"name\":\"Informations sur la r\u00e9servation de salles de conf\u00e9rence\"}]},{\"@type\":\"WebSite\",\"@id\":\"https:\\\/\\\/ethrat.ch\\\/de\\\/#website\",\"url\":\"https:\\\/\\\/ethrat.ch\\\/de\\\/\",\"name\":\"ETH-Rat\",\"description\":\"\",\"publisher\":{\"@id\":\"https:\\\/\\\/ethrat.ch\\\/de\\\/#organization\"},\"potentialAction\":[{\"@type\":\"SearchAction\",\"target\":{\"@type\":\"EntryPoint\",\"urlTemplate\":\"https:\\\/\\\/ethrat.ch\\\/de\\\/?s={search_term_string}\"},\"query-input\":{\"@type\":\"PropertyValueSpecification\",\"valueRequired\":true,\"valueName\":\"search_term_string\"}}],\"inLanguage\":\"fr-FR\"},{\"@type\":\"Organization\",\"@id\":\"https:\\\/\\\/ethrat.ch\\\/de\\\/#organization\",\"name\":\"ETH-Rat\",\"url\":\"https:\\\/\\\/ethrat.ch\\\/de\\\/\",\"logo\":{\"@type\":\"ImageObject\",\"inLanguage\":\"fr-FR\",\"@id\":\"https:\\\/\\\/ethrat.ch\\\/de\\\/#\\\/schema\\\/logo\\\/image\\\/\",\"url\":\"https:\\\/\\\/ethrat.ch\\\/wp-content\\\/uploads\\\/2024\\\/04\\\/logo-white.svg\",\"contentUrl\":\"https:\\\/\\\/ethrat.ch\\\/wp-content\\\/uploads\\\/2024\\\/04\\\/logo-white.svg\",\"width\":283,\"height\":81,\"caption\":\"ETH-Rat\"},\"image\":{\"@id\":\"https:\\\/\\\/ethrat.ch\\\/de\\\/#\\\/schema\\\/logo\\\/image\\\/\"},\"sameAs\":[\"https:\\\/\\\/x.com\\\/eth_rat\",\"https:\\\/\\\/issuu.com\\\/ethrat\",\"https:\\\/\\\/www.linkedin.com\\\/company\\\/eth-rat\\\/\"]}]}<\/script>\n<!-- \/ Yoast SEO plugin. -->","yoast_head_json":{"title":"Informations sur la r\u00e9servation de salles de conf\u00e9rence - Conseil des EPF","robots":{"index":"index","follow":"follow","max-snippet":"max-snippet:-1","max-image-preview":"max-image-preview:large","max-video-preview":"max-video-preview:-1"},"canonical":"https:\/\/ethrat.ch\/fr\/informations-sur-la-reservation\/","og_locale":"fr_FR","og_type":"article","og_title":"Informations sur la r\u00e9servation de salles de conf\u00e9rence - Conseil des EPF","og_description":"Les collaboratrices et collaborateurs du Domaine des EPF peuvent r\u00e9server des salles de s\u00e9ance dans les locaux du Conseil des EPF \u00e0 Berne. Veuillez effectuer vos r\u00e9servations par e-mail. Vous avez le choix entre deux salles de s\u00e9ance: Salle de conf\u00e9rence pour 26 personnes Salle de s\u00e9ance pour 14 personnes &nbsp; Du lundi au vendredi, ...","og_url":"https:\/\/ethrat.ch\/fr\/informations-sur-la-reservation\/","og_site_name":"Conseil des EPF","article_modified_time":"2024-04-24T11:39:30+00:00","twitter_card":"summary_large_image","twitter_site":"@eth_rat","twitter_misc":{"Dur\u00e9e de lecture estim\u00e9e":"1 minute"},"schema":{"@context":"https:\/\/schema.org","@graph":[{"@type":"WebPage","@id":"https:\/\/ethrat.ch\/fr\/informations-sur-la-reservation\/","url":"https:\/\/ethrat.ch\/fr\/informations-sur-la-reservation\/","name":"Informations sur la r\u00e9servation de salles de conf\u00e9rence - Conseil des EPF","isPartOf":{"@id":"https:\/\/ethrat.ch\/de\/#website"},"datePublished":"2022-03-01T12:31:03+00:00","dateModified":"2024-04-24T11:39:30+00:00","breadcrumb":{"@id":"https:\/\/ethrat.ch\/fr\/informations-sur-la-reservation\/#breadcrumb"},"inLanguage":"fr-FR","potentialAction":[{"@type":"ReadAction","target":["https:\/\/ethrat.ch\/fr\/informations-sur-la-reservation\/"]}]},{"@type":"BreadcrumbList","@id":"https:\/\/ethrat.ch\/fr\/informations-sur-la-reservation\/#breadcrumb","itemListElement":[{"@type":"ListItem","position":1,"name":"Home","item":"https:\/\/ethrat.ch\/fr\/"},{"@type":"ListItem","position":2,"name":"Informations sur la r\u00e9servation de salles de conf\u00e9rence"}]},{"@type":"WebSite","@id":"https:\/\/ethrat.ch\/de\/#website","url":"https:\/\/ethrat.ch\/de\/","name":"ETH-Rat","description":"","publisher":{"@id":"https:\/\/ethrat.ch\/de\/#organization"},"potentialAction":[{"@type":"SearchAction","target":{"@type":"EntryPoint","urlTemplate":"https:\/\/ethrat.ch\/de\/?s={search_term_string}"},"query-input":{"@type":"PropertyValueSpecification","valueRequired":true,"valueName":"search_term_string"}}],"inLanguage":"fr-FR"},{"@type":"Organization","@id":"https:\/\/ethrat.ch\/de\/#organization","name":"ETH-Rat","url":"https:\/\/ethrat.ch\/de\/","logo":{"@type":"ImageObject","inLanguage":"fr-FR","@id":"https:\/\/ethrat.ch\/de\/#\/schema\/logo\/image\/","url":"https:\/\/ethrat.ch\/wp-content\/uploads\/2024\/04\/logo-white.svg","contentUrl":"https:\/\/ethrat.ch\/wp-content\/uploads\/2024\/04\/logo-white.svg","width":283,"height":81,"caption":"ETH-Rat"},"image":{"@id":"https:\/\/ethrat.ch\/de\/#\/schema\/logo\/image\/"},"sameAs":["https:\/\/x.com\/eth_rat","https:\/\/issuu.com\/ethrat","https:\/\/www.linkedin.com\/company\/eth-rat\/"]}]}},"_links":{"self":[{"href":"https:\/\/ethrat.ch\/fr\/wp-json\/wp\/v2\/pages\/31300","targetHints":{"allow":["GET"]}}],"collection":[{"href":"https:\/\/ethrat.ch\/fr\/wp-json\/wp\/v2\/pages"}],"about":[{"href":"https:\/\/ethrat.ch\/fr\/wp-json\/wp\/v2\/types\/page"}],"author":[{"embeddable":true,"href":"https:\/\/ethrat.ch\/fr\/wp-json\/wp\/v2\/users\/11"}],"replies":[{"embeddable":true,"href":"https:\/\/ethrat.ch\/fr\/wp-json\/wp\/v2\/comments?post=31300"}],"version-history":[{"count":0,"href":"https:\/\/ethrat.ch\/fr\/wp-json\/wp\/v2\/pages\/31300\/revisions"}],"wp:attachment":[{"href":"https:\/\/ethrat.ch\/fr\/wp-json\/wp\/v2\/media?parent=31300"}],"wp:term":[{"taxonomy":"search-tag","embeddable":true,"href":"https:\/\/ethrat.ch\/fr\/wp-json\/wp\/v2\/search-tag?post=31300"}],"curies":[{"name":"wp","href":"https:\/\/api.w.org\/{rel}","templated":true}]}}