{"id":25229,"date":"2021-11-25T14:27:25","date_gmt":"2021-11-25T13:27:25","guid":{"rendered":"https:\/\/ethrat.ch\/procedures-de-nomination\/"},"modified":"2024-02-09T16:28:51","modified_gmt":"2024-02-09T15:28:51","slug":"procedures-de-nomination","status":"publish","type":"page","link":"https:\/\/ethrat.ch\/fr\/conseil-des-epf\/procedures-de-nomination\/","title":{"rendered":"Proc\u00e9dures de nomination"},"content":{"rendered":"\t\t<div data-elementor-type=\"wp-page\" data-elementor-id=\"25229\" class=\"elementor elementor-25229 elementor-14086\" data-elementor-post-type=\"page\">\n\t\t\t\t\t\t<section class=\"elementor-section elementor-top-section elementor-element elementor-element-9608200 elementor-section-boxed elementor-section-height-default elementor-section-height-default\" data-id=\"9608200\" data-element_type=\"section\" data-e-type=\"section\">\n\t\t\t\t\t\t<div class=\"elementor-container elementor-column-gap-default\">\n\t\t\t\t\t<div class=\"elementor-column elementor-col-100 elementor-top-column elementor-element elementor-element-03b7f3f\" data-id=\"03b7f3f\" data-element_type=\"column\" data-e-type=\"column\" data-settings=\"{&quot;background_background&quot;:&quot;classic&quot;}\">\n\t\t\t<div class=\"elementor-widget-wrap elementor-element-populated\">\n\t\t\t\t\t\t<div class=\"elementor-element elementor-element-8a9cdaf elementor-widget elementor-widget-image\" data-id=\"8a9cdaf\" data-element_type=\"widget\" data-e-type=\"widget\" data-widget_type=\"image.default\">\n\t\t\t\t<div class=\"elementor-widget-container\">\n\t\t\t\t\t\t\t\t\t\t\t\t\t\t\t<img decoding=\"async\" width=\"1120\" height=\"580\" src=\"https:\/\/ethrat.ch\/wp-content\/uploads\/2021\/11\/Karminrot_robin-schreiner-7y4858E8PfA-unsplash2.jpg\" class=\"attachment-full size-full wp-image-19709\" alt=\"\" srcset=\"https:\/\/ethrat.ch\/wp-content\/uploads\/2021\/11\/Karminrot_robin-schreiner-7y4858E8PfA-unsplash2.jpg 1120w, https:\/\/ethrat.ch\/wp-content\/uploads\/2021\/11\/Karminrot_robin-schreiner-7y4858E8PfA-unsplash2-300x155.jpg 300w, https:\/\/ethrat.ch\/wp-content\/uploads\/2021\/11\/Karminrot_robin-schreiner-7y4858E8PfA-unsplash2-1024x530.jpg 1024w, https:\/\/ethrat.ch\/wp-content\/uploads\/2021\/11\/Karminrot_robin-schreiner-7y4858E8PfA-unsplash2-768x398.jpg 768w\" sizes=\"(max-width: 1120px) 100vw, 1120px\" \/>\t\t\t\t\t\t\t\t\t\t\t\t\t\t\t<\/div>\n\t\t\t\t<\/div>\n\t\t\t\t\t<\/div>\n\t\t<\/div>\n\t\t\t\t\t<\/div>\n\t\t<\/section>\n\t\t\t\t<section class=\"elementor-section elementor-top-section elementor-element elementor-element-27877cc elementor-section-boxed elementor-section-height-default elementor-section-height-default\" data-id=\"27877cc\" data-element_type=\"section\" data-e-type=\"section\">\n\t\t\t\t\t\t<div class=\"elementor-container elementor-column-gap-default\">\n\t\t\t\t\t<div class=\"elementor-column elementor-col-100 elementor-top-column elementor-element elementor-element-1958dba\" data-id=\"1958dba\" data-element_type=\"column\" data-e-type=\"column\">\n\t\t\t<div class=\"elementor-widget-wrap elementor-element-populated\">\n\t\t\t\t\t\t<div class=\"elementor-element elementor-element-1a2e56d elementor-widget elementor-widget-heading\" data-id=\"1a2e56d\" data-element_type=\"widget\" data-e-type=\"widget\" data-widget_type=\"heading.default\">\n\t\t\t\t<div class=\"elementor-widget-container\">\n\t\t\t\t\t<h1 class=\"elementor-heading-title elementor-size-default\">Proc\u00e9dures de nomination<\/h1>\t\t\t\t<\/div>\n\t\t\t\t<\/div>\n\t\t\t\t<div class=\"elementor-element elementor-element-3037afa elementor-widget elementor-widget-text-editor\" data-id=\"3037afa\" data-element_type=\"widget\" data-e-type=\"widget\" data-widget_type=\"text-editor.default\">\n\t\t\t\t<div class=\"elementor-widget-container\">\n\t\t\t\t\t\t\t\t\t<p>Le Conseil des EPF est responsable des nominations pour les diff\u00e9rents comit\u00e9s directeurs du Domaine des EPF.<\/p>\t\t\t\t\t\t\t\t<\/div>\n\t\t\t\t<\/div>\n\t\t\t\t<div class=\"elementor-element elementor-element-42ed6ad elementor-widget elementor-widget-text-editor\" data-id=\"42ed6ad\" data-element_type=\"widget\" data-e-type=\"widget\" data-widget_type=\"text-editor.default\">\n\t\t\t\t<div class=\"elementor-widget-container\">\n\t\t\t\t\t\t\t\t\t<div><p>Le Conseil f\u00e9d\u00e9ral nomme les membres, le pr\u00e9sident et le vice-pr\u00e9sident du Conseil des EPF, ainsi que, sur proposition du Conseil des EPF, les pr\u00e9sidents de l\u2019ETH\u00a0Zurich et de l\u2019EPFL, de m\u00eame que les directeurs des \u00e9tablissements de recherche.<\/p><p>Le Conseil des EPF nomme les autres membres des directions de l\u2019ETH\u00a0Zurich et de l\u2019EPFL ainsi que des \u00e9tablissements de recherche. Sur proposition des pr\u00e9sidents des deux \u00e9coles, il nomme les professeurs de l\u2019ETH\u00a0Zurich et de l\u2019EPFL.<br \/><br \/><\/p><h3>Recours \u00e0 un comit\u00e9 de s\u00e9lection<\/h3><p>Lorsqu\u2019un pr\u00e9sident ou un directeur doit \u00eatre nomm\u00e9, le Conseil des EPF met sur pied un comit\u00e9 de s\u00e9lection, g\u00e9n\u00e9ralement pr\u00e9sid\u00e9 par le pr\u00e9sident du Conseil des EPF. Le comit\u00e9 de s\u00e9lection est constitu\u00e9 d\u2019experts scientifiques de renom issus des institutions du Domaine des EPF et d\u2019\u00e9tablissements acad\u00e9miques nationaux et internationaux, dont les comp\u00e9tences refl\u00e8tent le profil sp\u00e9cifique de l\u2019institution concern\u00e9e. En r\u00e8gle g\u00e9n\u00e9rale, des repr\u00e9sentants de l\u2019administration f\u00e9d\u00e9rale et des milieux \u00e9conomiques y si\u00e8gent \u00e9galement. Le comit\u00e9 de s\u00e9lection commence par constituer un premier panel de candidats disposant des qualifications requises, puis recommande les candidatures appropri\u00e9es au Conseil des EPF. Celui-ci examine ensuite les recommandations du comit\u00e9 de s\u00e9lection et \u00e9labore sur cette base la proposition de nomination qu\u2019il destine au Conseil f\u00e9d\u00e9ral. Enfin, le Conseil f\u00e9d\u00e9ral nomme le ou la candidate et d\u00e9termine les conditions d\u2019engagement.<\/p><\/div>\t\t\t\t\t\t\t\t<\/div>\n\t\t\t\t<\/div>\n\t\t\t\t\t<\/div>\n\t\t<\/div>\n\t\t\t\t\t<\/div>\n\t\t<\/section>\n\t\t\t\t<section class=\"elementor-section elementor-top-section elementor-element elementor-element-69e44fa8 elementor-hidden-desktop elementor-hidden-tablet hide-print elementor-section-boxed elementor-section-height-default elementor-section-height-default\" data-id=\"69e44fa8\" data-element_type=\"section\" data-e-type=\"section\">\n\t\t\t\t\t\t<div class=\"elementor-container elementor-column-gap-default\">\n\t\t\t\t\t<div class=\"elementor-column elementor-col-33 elementor-top-column elementor-element elementor-element-5e52e675 elementor-hidden-tablet elementor-hidden-mobile\" data-id=\"5e52e675\" data-element_type=\"column\" data-e-type=\"column\">\n\t\t\t<div class=\"elementor-widget-wrap elementor-element-populated\">\n\t\t\t\t\t\t<section class=\"elementor-section elementor-inner-section elementor-element elementor-element-552e1907 elementor-section-boxed elementor-section-height-default elementor-section-height-default\" data-id=\"552e1907\" data-element_type=\"section\" data-e-type=\"section\" data-settings=\"{&quot;sticky&quot;:&quot;top&quot;,&quot;sticky_offset&quot;:2,&quot;sticky_effects_offset&quot;:40,&quot;sticky_on&quot;:[&quot;desktop&quot;,&quot;tablet&quot;,&quot;mobile&quot;],&quot;sticky_anchor_link_offset&quot;:0}\">\n\t\t\t\t\t\t<div class=\"elementor-container elementor-column-gap-default\">\n\t\t\t\t\t<div class=\"elementor-column elementor-col-100 elementor-inner-column elementor-element elementor-element-36f7a444\" data-id=\"36f7a444\" data-element_type=\"column\" data-e-type=\"column\">\n\t\t\t<div class=\"elementor-widget-wrap\">\n\t\t\t\t\t\t\t<\/div>\n\t\t<\/div>\n\t\t\t\t\t<\/div>\n\t\t<\/section>\n\t\t\t\t\t<\/div>\n\t\t<\/div>\n\t\t\t\t<div class=\"elementor-column elementor-col-33 elementor-top-column elementor-element elementor-element-3ce1598e\" data-id=\"3ce1598e\" data-element_type=\"column\" data-e-type=\"column\">\n\t\t\t<div class=\"elementor-widget-wrap elementor-element-populated\">\n\t\t\t\t\t\t<div class=\"elementor-element elementor-element-347202b elementor-widget-mobile__width-auto elementor-view-default elementor-widget elementor-widget-icon\" data-id=\"347202b\" data-element_type=\"widget\" data-e-type=\"widget\" data-widget_type=\"icon.default\">\n\t\t\t\t<div class=\"elementor-widget-container\">\n\t\t\t\t\t\t\t<div class=\"elementor-icon-wrapper\">\n\t\t\t<div class=\"elementor-icon\">\n\t\t\t<svg xmlns=\"http:\/\/www.w3.org\/2000\/svg\" width=\"22\" height=\"20\" viewBox=\"0 0 22 20\" fill=\"none\"><path d=\"M20.153 4.62295H17.7268V0.655738C17.7268 0.295082 17.4317 0 17.071 0H4.61202C4.25137 0 3.95628 0.295082 3.95628 0.655738V4.62295H1.53005C0.688525 4.62295 0 5.31148 0 6.15301V14.5683C0 15.4098 0.688525 16.0984 1.53005 16.0984H3.95628V19.3443C3.95628 19.7049 4.25137 20 4.61202 20H17.071C17.4317 20 17.7268 19.7049 17.7268 19.3443V16.0874H20.153C20.9945 16.0874 21.6831 15.3989 21.6831 14.5574V6.14208C21.6831 5.31148 21.0055 4.62295 20.153 4.62295ZM5.26776 1.31148H16.4153V4.62295H5.26776V1.31148ZM16.4153 18.6885H5.26776V12.1858H16.4153V18.6885ZM20.3716 14.5683C20.3716 14.6885 20.2732 14.7869 20.153 14.7869H17.7268V11.5301C17.7268 11.1694 17.4317 10.8743 17.071 10.8743H4.61202C4.25137 10.8743 3.95628 11.1694 3.95628 11.5301V14.7869H1.53005C1.40984 14.7869 1.31148 14.6885 1.31148 14.5683V6.15301C1.31148 6.03279 1.40984 5.93443 1.53005 5.93443H20.153C20.2732 5.93443 20.3716 6.03279 20.3716 6.15301V14.5683Z\" fill=\"black\"><\/path><\/svg>\t\t\t<\/div>\n\t\t<\/div>\n\t\t\t\t\t\t<\/div>\n\t\t\t\t<\/div>\n\t\t\t\t<div class=\"elementor-element elementor-element-fbb6331 elementor-share-buttons--skin-minimal elementor-share-buttons--color-custom elementor-share-buttons--view-text elementor-widget-mobile__width-auto elementor-share-buttons--shape-square elementor-grid-0 elementor-widget elementor-widget-share-buttons\" data-id=\"fbb6331\" data-element_type=\"widget\" data-e-type=\"widget\" data-widget_type=\"share-buttons.default\">\n\t\t\t\t<div class=\"elementor-widget-container\">\n\t\t\t\t\t\t\t<div class=\"elementor-grid\">\n\t\t\t\t\t\t\t\t<div class=\"elementor-grid-item\">\n\t\t\t\t\t\t<div class=\"elementor-share-btn elementor-share-btn_print\" role=\"button\" tabindex=\"0\" aria-label=\"Partager sur print\">\n\t\t\t\t\t\t\t\t\t\t\t\t\t\t\t\t\t\t\t\t\t\t<div class=\"elementor-share-btn__text\">\n\t\t\t\t\t\t\t\t\t\t\t\t\t\t\t\t\t\t\t<span class=\"elementor-share-btn__title\">\n\t\t\t\t\t\t\t\t\t\tDrucken\t\t\t\t\t\t\t\t\t<\/span>\n\t\t\t\t\t\t\t\t\t\t\t\t\t\t\t\t\t<\/div>\n\t\t\t\t\t\t\t\t\t\t\t\t\t<\/div>\n\t\t\t\t\t<\/div>\n\t\t\t\t\t\t<\/div>\n\t\t\t\t\t\t<\/div>\n\t\t\t\t<\/div>\n\t\t\t\t\t<\/div>\n\t\t<\/div>\n\t\t\t\t<div class=\"elementor-column elementor-col-33 elementor-top-column elementor-element elementor-element-1da6852\" data-id=\"1da6852\" data-element_type=\"column\" data-e-type=\"column\">\n\t\t\t<div class=\"elementor-widget-wrap elementor-element-populated\">\n\t\t\t\t\t\t<div class=\"elementor-element elementor-element-c76d1f9 elementor-align-left elementor-widget elementor-widget-global elementor-global-7507 elementor-widget-button\" data-id=\"c76d1f9\" data-element_type=\"widget\" data-e-type=\"widget\" data-widget_type=\"button.default\">\n\t\t\t\t<div class=\"elementor-widget-container\">\n\t\t\t\t\t\t\t\t\t<div class=\"elementor-button-wrapper\">\n\t\t\t\t\t<a class=\"elementor-button elementor-button-link elementor-size-sm\" href=\"#elementor-action%3Aaction%3Dpopup%3Aopen%26settings%3DeyJpZCI6NTAxNywidG9nZ2xlIjpmYWxzZX0%3D\">\n\t\t\t\t\t\t<span class=\"elementor-button-content-wrapper\">\n\t\t\t\t\t\t<span class=\"elementor-button-icon\">\n\t\t\t\t<svg xmlns=\"http:\/\/www.w3.org\/2000\/svg\" width=\"22\" height=\"20\" viewBox=\"0 0 22 20\" fill=\"none\"><path d=\"M12.567 0.230218C12.3358 0.00708362 12.0011 -0.0646381 11.6983 0.0628672C11.4035 0.182403 11.2042 0.477259 11.2042 0.796022V5.03557C6.90891 5.20292 4.75726 6.988 4.43052 7.28285C2.26293 9.05996 0.780685 11.5383 0.246757 14.2877C-0.0241917 15.6185 -0.0720064 16.9812 0.103313 18.328V18.336C0.103313 18.3439 0.103314 18.3599 0.111283 18.3678L0.278633 19.3401C0.334416 19.6668 0.589427 19.9218 0.916159 19.9856C1.24289 20.0493 1.56962 19.8979 1.74494 19.611L2.25496 18.7663C3.80893 16.1763 5.74542 14.463 8.01661 13.6741C9.03665 13.3154 10.1204 13.1561 11.2042 13.2039V17.5948C11.2042 17.9136 11.3955 18.2085 11.6983 18.328C11.9932 18.4475 12.3358 18.3838 12.567 18.1527L20.9664 9.70545C21.2772 9.39466 21.2772 8.8926 20.9664 8.58181L12.567 0.230218ZM12.806 15.6743V12.4946C12.806 12.1041 12.5191 11.7694 12.1366 11.7137C11.4593 11.6021 9.6423 11.4268 7.49862 12.1838C5.21149 12.9887 3.23516 14.5586 1.6015 16.8776C1.59353 16.1126 1.66525 15.3555 1.81667 14.6064C2.30278 12.1599 3.53002 10.1119 5.4665 8.51009C5.48244 8.49415 5.49838 8.47821 5.51432 8.46227C5.5701 8.41446 7.58628 6.58954 12.0011 6.62142H12.0091C12.4474 6.62142 12.806 6.26281 12.806 5.82451V2.7086L19.2929 9.15559L12.806 15.6743Z\" fill=\"black\"><\/path><\/svg>\t\t\t<\/span>\n\t\t\t\t\t\t\t\t\t<span class=\"elementor-button-text\">Artikel teilen<\/span>\n\t\t\t\t\t<\/span>\n\t\t\t\t\t<\/a>\n\t\t\t\t<\/div>\n\t\t\t\t\t\t\t\t<\/div>\n\t\t\t\t<\/div>\n\t\t\t\t\t<\/div>\n\t\t<\/div>\n\t\t\t\t\t<\/div>\n\t\t<\/section>\n\t\t\t\t<\/div>\n\t\t","protected":false},"excerpt":{"rendered":"<p>Le Conseil des EPF est responsable des nominations pour les diff\u00e9rents comit\u00e9s directeurs du Domaine des EPF. Le Conseil f\u00e9d\u00e9ral nomme les membres, le pr\u00e9sident et le vice-pr\u00e9sident du Conseil des EPF, ainsi que, sur proposition du Conseil des EPF, les pr\u00e9sidents de l\u2019ETH\u00a0Zurich et de l\u2019EPFL, de m\u00eame que les directeurs des \u00e9tablissements de &#8230;<\/p>\n","protected":false},"author":11,"featured_media":0,"parent":26058,"menu_order":0,"comment_status":"closed","ping_status":"closed","template":"","meta":{"_acf_changed":false,"footnotes":"","_links_to":"","_links_to_target":""},"search-tag":[],"class_list":["post-25229","page","type-page","status-publish","hentry"],"acf":[],"yoast_head":"<!-- This site is optimized with the Yoast SEO plugin v27.3 - https:\/\/yoast.com\/product\/yoast-seo-wordpress\/ -->\n<title>Proc\u00e9dures de nomination - Conseil des EPF<\/title>\n<meta name=\"robots\" content=\"index, follow, max-snippet:-1, max-image-preview:large, max-video-preview:-1\" \/>\n<link rel=\"canonical\" href=\"https:\/\/ethrat.ch\/fr\/conseil-des-epf\/procedures-de-nomination\/\" \/>\n<meta property=\"og:locale\" content=\"fr_FR\" \/>\n<meta property=\"og:type\" content=\"article\" \/>\n<meta property=\"og:title\" content=\"Proc\u00e9dures de nomination - Conseil des EPF\" \/>\n<meta property=\"og:description\" content=\"Le Conseil des EPF est responsable des nominations pour les diff\u00e9rents comit\u00e9s directeurs du Domaine des EPF. Le Conseil f\u00e9d\u00e9ral nomme les membres, le pr\u00e9sident et le vice-pr\u00e9sident du Conseil des EPF, ainsi que, sur proposition du Conseil des EPF, les pr\u00e9sidents de l\u2019ETH\u00a0Zurich et de l\u2019EPFL, de m\u00eame que les directeurs des \u00e9tablissements de ...\" \/>\n<meta property=\"og:url\" content=\"https:\/\/ethrat.ch\/fr\/conseil-des-epf\/procedures-de-nomination\/\" \/>\n<meta property=\"og:site_name\" content=\"Conseil des EPF\" \/>\n<meta property=\"article:modified_time\" content=\"2024-02-09T15:28:51+00:00\" \/>\n<meta property=\"og:image\" content=\"https:\/\/ethrat.ch\/wp-content\/uploads\/2021\/11\/Karminrot_robin-schreiner-7y4858E8PfA-unsplash2.jpg\" \/>\n\t<meta property=\"og:image:width\" content=\"1120\" \/>\n\t<meta property=\"og:image:height\" content=\"580\" \/>\n\t<meta property=\"og:image:type\" content=\"image\/jpeg\" \/>\n<meta name=\"twitter:card\" content=\"summary_large_image\" \/>\n<meta name=\"twitter:site\" content=\"@eth_rat\" \/>\n<meta name=\"twitter:label1\" content=\"Dur\u00e9e de lecture estim\u00e9e\" \/>\n\t<meta name=\"twitter:data1\" content=\"1 minute\" \/>\n<script type=\"application\/ld+json\" class=\"yoast-schema-graph\">{\"@context\":\"https:\\\/\\\/schema.org\",\"@graph\":[{\"@type\":\"WebPage\",\"@id\":\"https:\\\/\\\/ethrat.ch\\\/fr\\\/conseil-des-epf\\\/procedures-de-nomination\\\/\",\"url\":\"https:\\\/\\\/ethrat.ch\\\/fr\\\/conseil-des-epf\\\/procedures-de-nomination\\\/\",\"name\":\"Proc\u00e9dures de nomination - Conseil des EPF\",\"isPartOf\":{\"@id\":\"https:\\\/\\\/ethrat.ch\\\/de\\\/#website\"},\"primaryImageOfPage\":{\"@id\":\"https:\\\/\\\/ethrat.ch\\\/fr\\\/conseil-des-epf\\\/procedures-de-nomination\\\/#primaryimage\"},\"image\":{\"@id\":\"https:\\\/\\\/ethrat.ch\\\/fr\\\/conseil-des-epf\\\/procedures-de-nomination\\\/#primaryimage\"},\"thumbnailUrl\":\"https:\\\/\\\/ethrat.ch\\\/wp-content\\\/uploads\\\/2021\\\/11\\\/Karminrot_robin-schreiner-7y4858E8PfA-unsplash2.jpg\",\"datePublished\":\"2021-11-25T13:27:25+00:00\",\"dateModified\":\"2024-02-09T15:28:51+00:00\",\"breadcrumb\":{\"@id\":\"https:\\\/\\\/ethrat.ch\\\/fr\\\/conseil-des-epf\\\/procedures-de-nomination\\\/#breadcrumb\"},\"inLanguage\":\"fr-FR\",\"potentialAction\":[{\"@type\":\"ReadAction\",\"target\":[\"https:\\\/\\\/ethrat.ch\\\/fr\\\/conseil-des-epf\\\/procedures-de-nomination\\\/\"]}]},{\"@type\":\"ImageObject\",\"inLanguage\":\"fr-FR\",\"@id\":\"https:\\\/\\\/ethrat.ch\\\/fr\\\/conseil-des-epf\\\/procedures-de-nomination\\\/#primaryimage\",\"url\":\"https:\\\/\\\/ethrat.ch\\\/wp-content\\\/uploads\\\/2021\\\/11\\\/Karminrot_robin-schreiner-7y4858E8PfA-unsplash2.jpg\",\"contentUrl\":\"https:\\\/\\\/ethrat.ch\\\/wp-content\\\/uploads\\\/2021\\\/11\\\/Karminrot_robin-schreiner-7y4858E8PfA-unsplash2.jpg\"},{\"@type\":\"BreadcrumbList\",\"@id\":\"https:\\\/\\\/ethrat.ch\\\/fr\\\/conseil-des-epf\\\/procedures-de-nomination\\\/#breadcrumb\",\"itemListElement\":[{\"@type\":\"ListItem\",\"position\":1,\"name\":\"Home\",\"item\":\"https:\\\/\\\/ethrat.ch\\\/fr\\\/\"},{\"@type\":\"ListItem\",\"position\":2,\"name\":\"Conseil des EPF\",\"item\":\"https:\\\/\\\/ethrat.ch\\\/fr\\\/conseil-des-epf\\\/le-conseil-des-epf-en-bref\\\/\"},{\"@type\":\"ListItem\",\"position\":3,\"name\":\"Proc\u00e9dures de nomination\"}]},{\"@type\":\"WebSite\",\"@id\":\"https:\\\/\\\/ethrat.ch\\\/de\\\/#website\",\"url\":\"https:\\\/\\\/ethrat.ch\\\/de\\\/\",\"name\":\"ETH-Rat\",\"description\":\"\",\"publisher\":{\"@id\":\"https:\\\/\\\/ethrat.ch\\\/de\\\/#organization\"},\"potentialAction\":[{\"@type\":\"SearchAction\",\"target\":{\"@type\":\"EntryPoint\",\"urlTemplate\":\"https:\\\/\\\/ethrat.ch\\\/de\\\/?s={search_term_string}\"},\"query-input\":{\"@type\":\"PropertyValueSpecification\",\"valueRequired\":true,\"valueName\":\"search_term_string\"}}],\"inLanguage\":\"fr-FR\"},{\"@type\":\"Organization\",\"@id\":\"https:\\\/\\\/ethrat.ch\\\/de\\\/#organization\",\"name\":\"ETH-Rat\",\"url\":\"https:\\\/\\\/ethrat.ch\\\/de\\\/\",\"logo\":{\"@type\":\"ImageObject\",\"inLanguage\":\"fr-FR\",\"@id\":\"https:\\\/\\\/ethrat.ch\\\/de\\\/#\\\/schema\\\/logo\\\/image\\\/\",\"url\":\"https:\\\/\\\/ethrat.ch\\\/wp-content\\\/uploads\\\/2024\\\/04\\\/logo-white.svg\",\"contentUrl\":\"https:\\\/\\\/ethrat.ch\\\/wp-content\\\/uploads\\\/2024\\\/04\\\/logo-white.svg\",\"width\":283,\"height\":81,\"caption\":\"ETH-Rat\"},\"image\":{\"@id\":\"https:\\\/\\\/ethrat.ch\\\/de\\\/#\\\/schema\\\/logo\\\/image\\\/\"},\"sameAs\":[\"https:\\\/\\\/x.com\\\/eth_rat\",\"https:\\\/\\\/issuu.com\\\/ethrat\",\"https:\\\/\\\/www.linkedin.com\\\/company\\\/eth-rat\\\/\"]}]}<\/script>\n<!-- \/ Yoast SEO plugin. -->","yoast_head_json":{"title":"Proc\u00e9dures de nomination - Conseil des EPF","robots":{"index":"index","follow":"follow","max-snippet":"max-snippet:-1","max-image-preview":"max-image-preview:large","max-video-preview":"max-video-preview:-1"},"canonical":"https:\/\/ethrat.ch\/fr\/conseil-des-epf\/procedures-de-nomination\/","og_locale":"fr_FR","og_type":"article","og_title":"Proc\u00e9dures de nomination - Conseil des EPF","og_description":"Le Conseil des EPF est responsable des nominations pour les diff\u00e9rents comit\u00e9s directeurs du Domaine des EPF. Le Conseil f\u00e9d\u00e9ral nomme les membres, le pr\u00e9sident et le vice-pr\u00e9sident du Conseil des EPF, ainsi que, sur proposition du Conseil des EPF, les pr\u00e9sidents de l\u2019ETH\u00a0Zurich et de l\u2019EPFL, de m\u00eame que les directeurs des \u00e9tablissements de ...","og_url":"https:\/\/ethrat.ch\/fr\/conseil-des-epf\/procedures-de-nomination\/","og_site_name":"Conseil des EPF","article_modified_time":"2024-02-09T15:28:51+00:00","og_image":[{"width":1120,"height":580,"url":"https:\/\/ethrat.ch\/wp-content\/uploads\/2021\/11\/Karminrot_robin-schreiner-7y4858E8PfA-unsplash2.jpg","type":"image\/jpeg"}],"twitter_card":"summary_large_image","twitter_site":"@eth_rat","twitter_misc":{"Dur\u00e9e de lecture estim\u00e9e":"1 minute"},"schema":{"@context":"https:\/\/schema.org","@graph":[{"@type":"WebPage","@id":"https:\/\/ethrat.ch\/fr\/conseil-des-epf\/procedures-de-nomination\/","url":"https:\/\/ethrat.ch\/fr\/conseil-des-epf\/procedures-de-nomination\/","name":"Proc\u00e9dures de nomination - Conseil des EPF","isPartOf":{"@id":"https:\/\/ethrat.ch\/de\/#website"},"primaryImageOfPage":{"@id":"https:\/\/ethrat.ch\/fr\/conseil-des-epf\/procedures-de-nomination\/#primaryimage"},"image":{"@id":"https:\/\/ethrat.ch\/fr\/conseil-des-epf\/procedures-de-nomination\/#primaryimage"},"thumbnailUrl":"https:\/\/ethrat.ch\/wp-content\/uploads\/2021\/11\/Karminrot_robin-schreiner-7y4858E8PfA-unsplash2.jpg","datePublished":"2021-11-25T13:27:25+00:00","dateModified":"2024-02-09T15:28:51+00:00","breadcrumb":{"@id":"https:\/\/ethrat.ch\/fr\/conseil-des-epf\/procedures-de-nomination\/#breadcrumb"},"inLanguage":"fr-FR","potentialAction":[{"@type":"ReadAction","target":["https:\/\/ethrat.ch\/fr\/conseil-des-epf\/procedures-de-nomination\/"]}]},{"@type":"ImageObject","inLanguage":"fr-FR","@id":"https:\/\/ethrat.ch\/fr\/conseil-des-epf\/procedures-de-nomination\/#primaryimage","url":"https:\/\/ethrat.ch\/wp-content\/uploads\/2021\/11\/Karminrot_robin-schreiner-7y4858E8PfA-unsplash2.jpg","contentUrl":"https:\/\/ethrat.ch\/wp-content\/uploads\/2021\/11\/Karminrot_robin-schreiner-7y4858E8PfA-unsplash2.jpg"},{"@type":"BreadcrumbList","@id":"https:\/\/ethrat.ch\/fr\/conseil-des-epf\/procedures-de-nomination\/#breadcrumb","itemListElement":[{"@type":"ListItem","position":1,"name":"Home","item":"https:\/\/ethrat.ch\/fr\/"},{"@type":"ListItem","position":2,"name":"Conseil des EPF","item":"https:\/\/ethrat.ch\/fr\/conseil-des-epf\/le-conseil-des-epf-en-bref\/"},{"@type":"ListItem","position":3,"name":"Proc\u00e9dures de nomination"}]},{"@type":"WebSite","@id":"https:\/\/ethrat.ch\/de\/#website","url":"https:\/\/ethrat.ch\/de\/","name":"ETH-Rat","description":"","publisher":{"@id":"https:\/\/ethrat.ch\/de\/#organization"},"potentialAction":[{"@type":"SearchAction","target":{"@type":"EntryPoint","urlTemplate":"https:\/\/ethrat.ch\/de\/?s={search_term_string}"},"query-input":{"@type":"PropertyValueSpecification","valueRequired":true,"valueName":"search_term_string"}}],"inLanguage":"fr-FR"},{"@type":"Organization","@id":"https:\/\/ethrat.ch\/de\/#organization","name":"ETH-Rat","url":"https:\/\/ethrat.ch\/de\/","logo":{"@type":"ImageObject","inLanguage":"fr-FR","@id":"https:\/\/ethrat.ch\/de\/#\/schema\/logo\/image\/","url":"https:\/\/ethrat.ch\/wp-content\/uploads\/2024\/04\/logo-white.svg","contentUrl":"https:\/\/ethrat.ch\/wp-content\/uploads\/2024\/04\/logo-white.svg","width":283,"height":81,"caption":"ETH-Rat"},"image":{"@id":"https:\/\/ethrat.ch\/de\/#\/schema\/logo\/image\/"},"sameAs":["https:\/\/x.com\/eth_rat","https:\/\/issuu.com\/ethrat","https:\/\/www.linkedin.com\/company\/eth-rat\/"]}]}},"_links":{"self":[{"href":"https:\/\/ethrat.ch\/fr\/wp-json\/wp\/v2\/pages\/25229","targetHints":{"allow":["GET"]}}],"collection":[{"href":"https:\/\/ethrat.ch\/fr\/wp-json\/wp\/v2\/pages"}],"about":[{"href":"https:\/\/ethrat.ch\/fr\/wp-json\/wp\/v2\/types\/page"}],"author":[{"embeddable":true,"href":"https:\/\/ethrat.ch\/fr\/wp-json\/wp\/v2\/users\/11"}],"replies":[{"embeddable":true,"href":"https:\/\/ethrat.ch\/fr\/wp-json\/wp\/v2\/comments?post=25229"}],"version-history":[{"count":0,"href":"https:\/\/ethrat.ch\/fr\/wp-json\/wp\/v2\/pages\/25229\/revisions"}],"up":[{"embeddable":true,"href":"https:\/\/ethrat.ch\/fr\/wp-json\/wp\/v2\/pages\/26058"}],"wp:attachment":[{"href":"https:\/\/ethrat.ch\/fr\/wp-json\/wp\/v2\/media?parent=25229"}],"wp:term":[{"taxonomy":"search-tag","embeddable":true,"href":"https:\/\/ethrat.ch\/fr\/wp-json\/wp\/v2\/search-tag?post=25229"}],"curies":[{"name":"wp","href":"https:\/\/api.w.org\/{rel}","templated":true}]}}