{"id":23391,"date":"2021-11-19T16:34:17","date_gmt":"2021-11-19T15:34:17","guid":{"rendered":"https:\/\/ethrat.ch\/le-domaine-des-epf-en-bref\/planification-financiere-et-planification-des-investissements\/"},"modified":"2024-02-09T16:30:18","modified_gmt":"2024-02-09T15:30:18","slug":"planification-financiere-et-planification-des-investissements","status":"publish","type":"page","link":"https:\/\/ethrat.ch\/fr\/domaine-des-epf\/planification-financiere-et-planification-des-investissements\/","title":{"rendered":"Planification financi\u00e8re et des investissements"},"content":{"rendered":"\t\t<div data-elementor-type=\"wp-page\" data-elementor-id=\"23391\" class=\"elementor elementor-23391 elementor-2865\" data-elementor-post-type=\"page\">\n\t\t\t\t\t\t<section class=\"elementor-section elementor-top-section elementor-element elementor-element-103d1ab1 elementor-section-boxed elementor-section-height-default elementor-section-height-default\" data-id=\"103d1ab1\" data-element_type=\"section\" data-e-type=\"section\">\n\t\t\t\t\t\t<div class=\"elementor-container elementor-column-gap-default\">\n\t\t\t\t\t<div class=\"elementor-column elementor-col-100 elementor-top-column elementor-element elementor-element-974d568\" data-id=\"974d568\" data-element_type=\"column\" data-e-type=\"column\" data-settings=\"{&quot;background_background&quot;:&quot;classic&quot;}\">\n\t\t\t<div class=\"elementor-widget-wrap elementor-element-populated\">\n\t\t\t\t\t\t<div class=\"elementor-element elementor-element-26ecf2fb elementor-widget elementor-widget-image\" data-id=\"26ecf2fb\" data-element_type=\"widget\" data-e-type=\"widget\" data-widget_type=\"image.default\">\n\t\t\t\t<div class=\"elementor-widget-container\">\n\t\t\t\t\t\t\t\t\t\t\t\t\t\t\t<img decoding=\"async\" width=\"1120\" height=\"580\" src=\"https:\/\/ethrat.ch\/wp-content\/uploads\/2021\/11\/Nachtviolett_sebastian-svenson-vaC0w7XBSXw-unsplash.jpg\" class=\"attachment-full size-full wp-image-20616\" alt=\"\" srcset=\"https:\/\/ethrat.ch\/wp-content\/uploads\/2021\/11\/Nachtviolett_sebastian-svenson-vaC0w7XBSXw-unsplash.jpg 1120w, https:\/\/ethrat.ch\/wp-content\/uploads\/2021\/11\/Nachtviolett_sebastian-svenson-vaC0w7XBSXw-unsplash-300x155.jpg 300w, https:\/\/ethrat.ch\/wp-content\/uploads\/2021\/11\/Nachtviolett_sebastian-svenson-vaC0w7XBSXw-unsplash-1024x530.jpg 1024w, https:\/\/ethrat.ch\/wp-content\/uploads\/2021\/11\/Nachtviolett_sebastian-svenson-vaC0w7XBSXw-unsplash-768x398.jpg 768w\" sizes=\"(max-width: 1120px) 100vw, 1120px\" \/>\t\t\t\t\t\t\t\t\t\t\t\t\t\t\t<\/div>\n\t\t\t\t<\/div>\n\t\t\t\t\t<\/div>\n\t\t<\/div>\n\t\t\t\t\t<\/div>\n\t\t<\/section>\n\t\t\t\t<section class=\"elementor-section elementor-top-section elementor-element elementor-element-5853d51 elementor-section-boxed elementor-section-height-default elementor-section-height-default\" data-id=\"5853d51\" data-element_type=\"section\" data-e-type=\"section\">\n\t\t\t\t\t\t<div class=\"elementor-container elementor-column-gap-default\">\n\t\t\t\t\t<div class=\"elementor-column elementor-col-100 elementor-top-column elementor-element elementor-element-2a6ca277\" data-id=\"2a6ca277\" data-element_type=\"column\" data-e-type=\"column\">\n\t\t\t<div class=\"elementor-widget-wrap elementor-element-populated\">\n\t\t\t\t\t\t<div class=\"elementor-element elementor-element-10fd390a elementor-widget elementor-widget-heading\" data-id=\"10fd390a\" data-element_type=\"widget\" data-e-type=\"widget\" data-widget_type=\"heading.default\">\n\t\t\t\t<div class=\"elementor-widget-container\">\n\t\t\t\t\t<h1 class=\"elementor-heading-title elementor-size-default\">Planification financi\u00e8re et des investissements<\/h1>\t\t\t\t<\/div>\n\t\t\t\t<\/div>\n\t\t\t\t<div class=\"elementor-element elementor-element-0e67d72 elementor-widget elementor-widget-text-editor\" data-id=\"0e67d72\" data-element_type=\"widget\" data-e-type=\"widget\" data-widget_type=\"text-editor.default\">\n\t\t\t\t<div class=\"elementor-widget-container\">\n\t\t\t\t\t\t\t\t\t<p>La planification financi\u00e8re et la planification des investissements \u00e0 plus long terme, l&rsquo;allocation des fonds approuv\u00e9s par les Chambres f\u00e9d\u00e9rales aux deux EPF et aux quatre \u00e9tablissements de recherche, l\u2019instauration de directives budg\u00e9taires ainsi que l\u2019\u00e9laboration du budget consolid\u00e9 et des comptes consolid\u00e9s du Domaine des EPF constituent les principales missions du Conseil des EPF.<\/p>\t\t\t\t\t\t\t\t<\/div>\n\t\t\t\t<\/div>\n\t\t\t\t<div class=\"elementor-element elementor-element-78316f40 elementor-widget elementor-widget-text-editor\" data-id=\"78316f40\" data-element_type=\"widget\" data-e-type=\"widget\" data-widget_type=\"text-editor.default\">\n\t\t\t\t<div class=\"elementor-widget-container\">\n\t\t\t\t\t\t\t\t\t<p>Le Conseil des EPF calcule le montant des cr\u00e9dits n\u00e9cessaires \u00e0 la mise en \u0153uvre des objectifs et des projets strat\u00e9giques dans le cadre de l\u2019\u00e9laboration de son Plan strat\u00e9gique. La participation du \u00a0Conseil des EPF ainsi que la consultation des deux EPF et des quatre \u00e9tablissements de recherche est requise lors de la pr\u00e9paration des objectifs strat\u00e9giques (jusqu&rsquo;en 2016: mandat de prestations) assign\u00e9s par le Conseil f\u00e9d\u00e9ral au Domaine des EPF. Chaque ann\u00e9e, le Conseil des EPF fournit au D\u00e9partement f\u00e9d\u00e9ral de l\u2019\u00e9conomie, de la formation et de la recherche (DEFR) les chiffres relatifs au budget et au plan financier, qui sont \u00e9tablis sur la base de la budg\u00e9tisation et de la planification financi\u00e8re en continu de la Conf\u00e9d\u00e9ration, ainsi qu&rsquo;en fonction des objectifs strat\u00e9giques assign\u00e9s par le Conseil f\u00e9d\u00e9ral au Domaine des EPF et de l\u2019enveloppe budg\u00e9taire (tranches annuelles comprises), dans le respect des directives du Conseil f\u00e9d\u00e9ral, du D\u00e9partement f\u00e9d\u00e9ral des finances (DFF) et du DEFR.<br \/><br \/><\/p><h3>Allocation des ressources et directives budg\u00e9taires<\/h3><p>Le Conseil des EPF passe avec les deux EPF et les quatre \u00e9tablissements de recherche des conventions d\u2019objectifs d\u2019une dur\u00e9e de quatre ans, qui sont fonction des objectifs strat\u00e9giques et de l\u2019enveloppe budg\u00e9taire; il r\u00e9partit les fonds accord\u00e9s par la Conf\u00e9d\u00e9ration en se fondant notamment sur les demandes de cr\u00e9dits \u00e9manant des deux EPF et des quatre \u00e9tablissements de recherche. L\u2019allocation annuelle des ressources doit s&rsquo;aligner sur les cr\u00e9dits de paiement approuv\u00e9s par les Chambres f\u00e9d\u00e9rales.<\/p><p>Le Conseil des EPF lance le processus annuel d\u2019\u00e9tablissement du budget en s\u2019appuyant sur les directives budg\u00e9taires, tout en tenant compte des d\u00e9penses et des investissements pr\u00e9vus dans le secteur immobilier. Ces directives fournissent aux deux EPF et aux quatre \u00e9tablissements de recherche le cadre mat\u00e9riel et formel n\u00e9cessaire \u00e0 l\u2019\u00e9laboration de leur budget (compte de r\u00e9sultats, compte des investissements et tableau de financement).<br \/><br \/><\/p><h3>Budget et comptes<\/h3><p>Le Conseil des EPF \u00e9tablit le budget annuel consolid\u00e9 ainsi que les comptes annuels consolid\u00e9s du Domaine des EPF (avec bilan et compte de r\u00e9sultats) conform\u00e9ment aux normes IPSAS.<\/p><p>Le Conseil des EPF soumet la proposition de budget et les comptes au DEFR, qui les transmet au Conseil f\u00e9d\u00e9ral.<\/p><p>L\u2019Administration f\u00e9d\u00e9rale des finances et le Domaine des EPF concluent une convention de tr\u00e9sorerie. Le trafic des paiements du Domaine des EPF se fait par l\u2019interm\u00e9diaire de comptes ouverts aupr\u00e8s d\u2019instituts financiers de droit public ou priv\u00e9.<\/p>\t\t\t\t\t\t\t\t<\/div>\n\t\t\t\t<\/div>\n\t\t\t\t\t<\/div>\n\t\t<\/div>\n\t\t\t\t\t<\/div>\n\t\t<\/section>\n\t\t\t\t<section class=\"elementor-section elementor-top-section elementor-element elementor-element-1b129616 elementor-hidden-desktop elementor-hidden-tablet hide-print elementor-section-boxed elementor-section-height-default elementor-section-height-default\" data-id=\"1b129616\" data-element_type=\"section\" data-e-type=\"section\">\n\t\t\t\t\t\t<div class=\"elementor-container elementor-column-gap-default\">\n\t\t\t\t\t<div class=\"elementor-column elementor-col-33 elementor-top-column elementor-element elementor-element-4490725c elementor-hidden-tablet elementor-hidden-mobile\" data-id=\"4490725c\" data-element_type=\"column\" data-e-type=\"column\">\n\t\t\t<div class=\"elementor-widget-wrap elementor-element-populated\">\n\t\t\t\t\t\t<section class=\"elementor-section elementor-inner-section elementor-element elementor-element-528ff342 elementor-section-boxed elementor-section-height-default elementor-section-height-default\" data-id=\"528ff342\" data-element_type=\"section\" data-e-type=\"section\" data-settings=\"{&quot;sticky&quot;:&quot;top&quot;,&quot;sticky_offset&quot;:2,&quot;sticky_effects_offset&quot;:40,&quot;sticky_on&quot;:[&quot;desktop&quot;,&quot;tablet&quot;,&quot;mobile&quot;],&quot;sticky_anchor_link_offset&quot;:0}\">\n\t\t\t\t\t\t<div class=\"elementor-container elementor-column-gap-default\">\n\t\t\t\t\t<div class=\"elementor-column elementor-col-100 elementor-inner-column elementor-element elementor-element-6a6d0c70\" data-id=\"6a6d0c70\" data-element_type=\"column\" data-e-type=\"column\">\n\t\t\t<div class=\"elementor-widget-wrap\">\n\t\t\t\t\t\t\t<\/div>\n\t\t<\/div>\n\t\t\t\t\t<\/div>\n\t\t<\/section>\n\t\t\t\t\t<\/div>\n\t\t<\/div>\n\t\t\t\t<div class=\"elementor-column elementor-col-33 elementor-top-column elementor-element elementor-element-5659df8c\" data-id=\"5659df8c\" data-element_type=\"column\" data-e-type=\"column\">\n\t\t\t<div class=\"elementor-widget-wrap elementor-element-populated\">\n\t\t\t\t\t\t<div class=\"elementor-element elementor-element-31372b9a elementor-widget-mobile__width-auto elementor-view-default elementor-widget elementor-widget-icon\" data-id=\"31372b9a\" data-element_type=\"widget\" data-e-type=\"widget\" data-widget_type=\"icon.default\">\n\t\t\t\t<div class=\"elementor-widget-container\">\n\t\t\t\t\t\t\t<div class=\"elementor-icon-wrapper\">\n\t\t\t<div class=\"elementor-icon\">\n\t\t\t\t\t\t<\/div>\n\t\t<\/div>\n\t\t\t\t\t\t<\/div>\n\t\t\t\t<\/div>\n\t\t\t\t<div class=\"elementor-element elementor-element-4851ddeb elementor-share-buttons--skin-minimal elementor-share-buttons--color-custom elementor-share-buttons--view-text elementor-widget-mobile__width-auto elementor-share-buttons--shape-square elementor-grid-0 elementor-widget elementor-widget-share-buttons\" data-id=\"4851ddeb\" data-element_type=\"widget\" data-e-type=\"widget\" data-widget_type=\"share-buttons.default\">\n\t\t\t\t<div class=\"elementor-widget-container\">\n\t\t\t\t\t\t\t<div class=\"elementor-grid\">\n\t\t\t\t\t\t\t\t<div class=\"elementor-grid-item\">\n\t\t\t\t\t\t<div class=\"elementor-share-btn elementor-share-btn_print\" role=\"button\" tabindex=\"0\" aria-label=\"Partager sur print\">\n\t\t\t\t\t\t\t\t\t\t\t\t\t\t\t\t\t\t\t\t\t\t<div class=\"elementor-share-btn__text\">\n\t\t\t\t\t\t\t\t\t\t\t\t\t\t\t\t\t\t\t<span class=\"elementor-share-btn__title\">\n\t\t\t\t\t\t\t\t\t\tDrucken\t\t\t\t\t\t\t\t\t<\/span>\n\t\t\t\t\t\t\t\t\t\t\t\t\t\t\t\t\t<\/div>\n\t\t\t\t\t\t\t\t\t\t\t\t\t<\/div>\n\t\t\t\t\t<\/div>\n\t\t\t\t\t\t<\/div>\n\t\t\t\t\t\t<\/div>\n\t\t\t\t<\/div>\n\t\t\t\t\t<\/div>\n\t\t<\/div>\n\t\t\t\t<div class=\"elementor-column elementor-col-33 elementor-top-column elementor-element elementor-element-173fad0d\" data-id=\"173fad0d\" data-element_type=\"column\" data-e-type=\"column\">\n\t\t\t<div class=\"elementor-widget-wrap elementor-element-populated\">\n\t\t\t\t\t\t<div class=\"elementor-element elementor-element-64f6b562 elementor-widget elementor-widget-ethlink\" data-id=\"64f6b562\" data-element_type=\"widget\" data-e-type=\"widget\" data-widget_type=\"ethlink.default\">\n\t\t\t\t<div class=\"elementor-widget-container\">\n\t\t\t\t\t<a class=\"eth-links-single-link\" href=\"https:\/\/ethrat.ch\/wp-content\/uploads\/2024\/10\/ETHR_Budgetbericht-2025_F_Web.pdf\" target=\"_blank\"><span class=\"eth_link_icon\"><img decoding=\"async\" src=\"https:\/\/ethrat.ch\/wp-content\/themes\/maxomedia-starter-child\/assets\/images\/eth-file-icon.png\" alt=\"ETH PDF Icon\" \/><\/span> Rapport sur le budget 2025 <span class=\"eth_link_to_website\">t\u00e9l\u00e9charger en PDF<\/span><\/a>\t\t\t\t<\/div>\n\t\t\t\t<\/div>\n\t\t\t\t<div class=\"elementor-element elementor-element-5d8a06d3 elementor-align-left elementor-widget elementor-widget-button\" data-id=\"5d8a06d3\" data-element_type=\"widget\" data-e-type=\"widget\" data-widget_type=\"button.default\">\n\t\t\t\t<div class=\"elementor-widget-container\">\n\t\t\t\t\t\t\t\t\t<div class=\"elementor-button-wrapper\">\n\t\t\t\t\t<a class=\"elementor-button elementor-button-link elementor-size-sm\" href=\"#elementor-action%3Aaction%3Dpopup%3Aopen%26settings%3DeyJpZCI6NTAxNywidG9nZ2xlIjpmYWxzZX0%3D\">\n\t\t\t\t\t\t<span class=\"elementor-button-content-wrapper\">\n\t\t\t\t\t\t<span class=\"elementor-button-icon\">\n\t\t\t\t\t\t\t<\/span>\n\t\t\t\t\t\t\t\t\t<span class=\"elementor-button-text\">Partager l'article<\/span>\n\t\t\t\t\t<\/span>\n\t\t\t\t\t<\/a>\n\t\t\t\t<\/div>\n\t\t\t\t\t\t\t\t<\/div>\n\t\t\t\t<\/div>\n\t\t\t\t\t<\/div>\n\t\t<\/div>\n\t\t\t\t\t<\/div>\n\t\t<\/section>\n\t\t\t\t<\/div>\n\t\t","protected":false},"excerpt":{"rendered":"<p>La planification financi\u00e8re et la planification des investissements \u00e0 plus long terme, l&rsquo;allocation des fonds approuv\u00e9s par les Chambres f\u00e9d\u00e9rales aux deux EPF et aux quatre \u00e9tablissements de recherche, l\u2019instauration de directives budg\u00e9taires ainsi que l\u2019\u00e9laboration du budget consolid\u00e9 et des comptes consolid\u00e9s du Domaine des EPF constituent les principales missions du Conseil des EPF. &#8230;<\/p>\n","protected":false},"author":11,"featured_media":0,"parent":15881,"menu_order":0,"comment_status":"closed","ping_status":"closed","template":"","meta":{"_acf_changed":false,"footnotes":"","_links_to":"","_links_to_target":""},"search-tag":[],"class_list":["post-23391","page","type-page","status-publish","hentry"],"acf":[],"yoast_head":"<!-- This site is optimized with the Yoast SEO plugin v27.3 - https:\/\/yoast.com\/product\/yoast-seo-wordpress\/ -->\n<title>Planification financi\u00e8re et des investissements - Conseil des EPF<\/title>\n<meta name=\"robots\" content=\"index, follow, max-snippet:-1, max-image-preview:large, max-video-preview:-1\" \/>\n<link rel=\"canonical\" href=\"https:\/\/ethrat.ch\/fr\/domaine-des-epf\/planification-financiere-et-planification-des-investissements\/\" \/>\n<meta property=\"og:locale\" content=\"fr_FR\" \/>\n<meta property=\"og:type\" content=\"article\" \/>\n<meta property=\"og:title\" content=\"Planification financi\u00e8re et des investissements - Conseil des EPF\" \/>\n<meta property=\"og:description\" content=\"La planification financi\u00e8re et la planification des investissements \u00e0 plus long terme, l&rsquo;allocation des fonds approuv\u00e9s par les Chambres f\u00e9d\u00e9rales aux deux EPF et aux quatre \u00e9tablissements de recherche, l\u2019instauration de directives budg\u00e9taires ainsi que l\u2019\u00e9laboration du budget consolid\u00e9 et des comptes consolid\u00e9s du Domaine des EPF constituent les principales missions du Conseil des EPF. ...\" \/>\n<meta property=\"og:url\" content=\"https:\/\/ethrat.ch\/fr\/domaine-des-epf\/planification-financiere-et-planification-des-investissements\/\" \/>\n<meta property=\"og:site_name\" content=\"Conseil des EPF\" \/>\n<meta property=\"article:modified_time\" content=\"2024-02-09T15:30:18+00:00\" \/>\n<meta property=\"og:image\" content=\"https:\/\/ethrat.ch\/wp-content\/uploads\/2021\/11\/Nachtviolett_sebastian-svenson-vaC0w7XBSXw-unsplash.jpg\" \/>\n\t<meta property=\"og:image:width\" content=\"1120\" \/>\n\t<meta property=\"og:image:height\" content=\"580\" \/>\n\t<meta property=\"og:image:type\" content=\"image\/jpeg\" \/>\n<meta name=\"twitter:card\" content=\"summary_large_image\" \/>\n<meta name=\"twitter:site\" content=\"@eth_rat\" \/>\n<meta name=\"twitter:label1\" content=\"Dur\u00e9e de lecture estim\u00e9e\" \/>\n\t<meta name=\"twitter:data1\" content=\"3 minutes\" \/>\n<script type=\"application\/ld+json\" class=\"yoast-schema-graph\">{\"@context\":\"https:\\\/\\\/schema.org\",\"@graph\":[{\"@type\":\"WebPage\",\"@id\":\"https:\\\/\\\/ethrat.ch\\\/fr\\\/domaine-des-epf\\\/planification-financiere-et-planification-des-investissements\\\/\",\"url\":\"https:\\\/\\\/ethrat.ch\\\/fr\\\/domaine-des-epf\\\/planification-financiere-et-planification-des-investissements\\\/\",\"name\":\"Planification financi\u00e8re et des investissements - Conseil des EPF\",\"isPartOf\":{\"@id\":\"https:\\\/\\\/ethrat.ch\\\/de\\\/#website\"},\"primaryImageOfPage\":{\"@id\":\"https:\\\/\\\/ethrat.ch\\\/fr\\\/domaine-des-epf\\\/planification-financiere-et-planification-des-investissements\\\/#primaryimage\"},\"image\":{\"@id\":\"https:\\\/\\\/ethrat.ch\\\/fr\\\/domaine-des-epf\\\/planification-financiere-et-planification-des-investissements\\\/#primaryimage\"},\"thumbnailUrl\":\"https:\\\/\\\/ethrat.ch\\\/wp-content\\\/uploads\\\/2021\\\/11\\\/Nachtviolett_sebastian-svenson-vaC0w7XBSXw-unsplash.jpg\",\"datePublished\":\"2021-11-19T15:34:17+00:00\",\"dateModified\":\"2024-02-09T15:30:18+00:00\",\"breadcrumb\":{\"@id\":\"https:\\\/\\\/ethrat.ch\\\/fr\\\/domaine-des-epf\\\/planification-financiere-et-planification-des-investissements\\\/#breadcrumb\"},\"inLanguage\":\"fr-FR\",\"potentialAction\":[{\"@type\":\"ReadAction\",\"target\":[\"https:\\\/\\\/ethrat.ch\\\/fr\\\/domaine-des-epf\\\/planification-financiere-et-planification-des-investissements\\\/\"]}]},{\"@type\":\"ImageObject\",\"inLanguage\":\"fr-FR\",\"@id\":\"https:\\\/\\\/ethrat.ch\\\/fr\\\/domaine-des-epf\\\/planification-financiere-et-planification-des-investissements\\\/#primaryimage\",\"url\":\"https:\\\/\\\/ethrat.ch\\\/wp-content\\\/uploads\\\/2021\\\/11\\\/Nachtviolett_sebastian-svenson-vaC0w7XBSXw-unsplash.jpg\",\"contentUrl\":\"https:\\\/\\\/ethrat.ch\\\/wp-content\\\/uploads\\\/2021\\\/11\\\/Nachtviolett_sebastian-svenson-vaC0w7XBSXw-unsplash.jpg\"},{\"@type\":\"BreadcrumbList\",\"@id\":\"https:\\\/\\\/ethrat.ch\\\/fr\\\/domaine-des-epf\\\/planification-financiere-et-planification-des-investissements\\\/#breadcrumb\",\"itemListElement\":[{\"@type\":\"ListItem\",\"position\":1,\"name\":\"Home\",\"item\":\"https:\\\/\\\/ethrat.ch\\\/fr\\\/\"},{\"@type\":\"ListItem\",\"position\":2,\"name\":\"DOMAINE DES EPF\",\"item\":\"https:\\\/\\\/ethrat.ch\\\/fr\\\/domaine-des-epf\\\/\"},{\"@type\":\"ListItem\",\"position\":3,\"name\":\"Planification financi\u00e8re et des investissements\"}]},{\"@type\":\"WebSite\",\"@id\":\"https:\\\/\\\/ethrat.ch\\\/de\\\/#website\",\"url\":\"https:\\\/\\\/ethrat.ch\\\/de\\\/\",\"name\":\"ETH-Rat\",\"description\":\"\",\"publisher\":{\"@id\":\"https:\\\/\\\/ethrat.ch\\\/de\\\/#organization\"},\"potentialAction\":[{\"@type\":\"SearchAction\",\"target\":{\"@type\":\"EntryPoint\",\"urlTemplate\":\"https:\\\/\\\/ethrat.ch\\\/de\\\/?s={search_term_string}\"},\"query-input\":{\"@type\":\"PropertyValueSpecification\",\"valueRequired\":true,\"valueName\":\"search_term_string\"}}],\"inLanguage\":\"fr-FR\"},{\"@type\":\"Organization\",\"@id\":\"https:\\\/\\\/ethrat.ch\\\/de\\\/#organization\",\"name\":\"ETH-Rat\",\"url\":\"https:\\\/\\\/ethrat.ch\\\/de\\\/\",\"logo\":{\"@type\":\"ImageObject\",\"inLanguage\":\"fr-FR\",\"@id\":\"https:\\\/\\\/ethrat.ch\\\/de\\\/#\\\/schema\\\/logo\\\/image\\\/\",\"url\":\"https:\\\/\\\/ethrat.ch\\\/wp-content\\\/uploads\\\/2024\\\/04\\\/logo-white.svg\",\"contentUrl\":\"https:\\\/\\\/ethrat.ch\\\/wp-content\\\/uploads\\\/2024\\\/04\\\/logo-white.svg\",\"width\":283,\"height\":81,\"caption\":\"ETH-Rat\"},\"image\":{\"@id\":\"https:\\\/\\\/ethrat.ch\\\/de\\\/#\\\/schema\\\/logo\\\/image\\\/\"},\"sameAs\":[\"https:\\\/\\\/x.com\\\/eth_rat\",\"https:\\\/\\\/issuu.com\\\/ethrat\",\"https:\\\/\\\/www.linkedin.com\\\/company\\\/eth-rat\\\/\"]}]}<\/script>\n<!-- \/ Yoast SEO plugin. -->","yoast_head_json":{"title":"Planification financi\u00e8re et des investissements - Conseil des EPF","robots":{"index":"index","follow":"follow","max-snippet":"max-snippet:-1","max-image-preview":"max-image-preview:large","max-video-preview":"max-video-preview:-1"},"canonical":"https:\/\/ethrat.ch\/fr\/domaine-des-epf\/planification-financiere-et-planification-des-investissements\/","og_locale":"fr_FR","og_type":"article","og_title":"Planification financi\u00e8re et des investissements - Conseil des EPF","og_description":"La planification financi\u00e8re et la planification des investissements \u00e0 plus long terme, l&rsquo;allocation des fonds approuv\u00e9s par les Chambres f\u00e9d\u00e9rales aux deux EPF et aux quatre \u00e9tablissements de recherche, l\u2019instauration de directives budg\u00e9taires ainsi que l\u2019\u00e9laboration du budget consolid\u00e9 et des comptes consolid\u00e9s du Domaine des EPF constituent les principales missions du Conseil des EPF. ...","og_url":"https:\/\/ethrat.ch\/fr\/domaine-des-epf\/planification-financiere-et-planification-des-investissements\/","og_site_name":"Conseil des EPF","article_modified_time":"2024-02-09T15:30:18+00:00","og_image":[{"width":1120,"height":580,"url":"https:\/\/ethrat.ch\/wp-content\/uploads\/2021\/11\/Nachtviolett_sebastian-svenson-vaC0w7XBSXw-unsplash.jpg","type":"image\/jpeg"}],"twitter_card":"summary_large_image","twitter_site":"@eth_rat","twitter_misc":{"Dur\u00e9e de lecture estim\u00e9e":"3 minutes"},"schema":{"@context":"https:\/\/schema.org","@graph":[{"@type":"WebPage","@id":"https:\/\/ethrat.ch\/fr\/domaine-des-epf\/planification-financiere-et-planification-des-investissements\/","url":"https:\/\/ethrat.ch\/fr\/domaine-des-epf\/planification-financiere-et-planification-des-investissements\/","name":"Planification financi\u00e8re et des investissements - Conseil des EPF","isPartOf":{"@id":"https:\/\/ethrat.ch\/de\/#website"},"primaryImageOfPage":{"@id":"https:\/\/ethrat.ch\/fr\/domaine-des-epf\/planification-financiere-et-planification-des-investissements\/#primaryimage"},"image":{"@id":"https:\/\/ethrat.ch\/fr\/domaine-des-epf\/planification-financiere-et-planification-des-investissements\/#primaryimage"},"thumbnailUrl":"https:\/\/ethrat.ch\/wp-content\/uploads\/2021\/11\/Nachtviolett_sebastian-svenson-vaC0w7XBSXw-unsplash.jpg","datePublished":"2021-11-19T15:34:17+00:00","dateModified":"2024-02-09T15:30:18+00:00","breadcrumb":{"@id":"https:\/\/ethrat.ch\/fr\/domaine-des-epf\/planification-financiere-et-planification-des-investissements\/#breadcrumb"},"inLanguage":"fr-FR","potentialAction":[{"@type":"ReadAction","target":["https:\/\/ethrat.ch\/fr\/domaine-des-epf\/planification-financiere-et-planification-des-investissements\/"]}]},{"@type":"ImageObject","inLanguage":"fr-FR","@id":"https:\/\/ethrat.ch\/fr\/domaine-des-epf\/planification-financiere-et-planification-des-investissements\/#primaryimage","url":"https:\/\/ethrat.ch\/wp-content\/uploads\/2021\/11\/Nachtviolett_sebastian-svenson-vaC0w7XBSXw-unsplash.jpg","contentUrl":"https:\/\/ethrat.ch\/wp-content\/uploads\/2021\/11\/Nachtviolett_sebastian-svenson-vaC0w7XBSXw-unsplash.jpg"},{"@type":"BreadcrumbList","@id":"https:\/\/ethrat.ch\/fr\/domaine-des-epf\/planification-financiere-et-planification-des-investissements\/#breadcrumb","itemListElement":[{"@type":"ListItem","position":1,"name":"Home","item":"https:\/\/ethrat.ch\/fr\/"},{"@type":"ListItem","position":2,"name":"DOMAINE DES EPF","item":"https:\/\/ethrat.ch\/fr\/domaine-des-epf\/"},{"@type":"ListItem","position":3,"name":"Planification financi\u00e8re et des investissements"}]},{"@type":"WebSite","@id":"https:\/\/ethrat.ch\/de\/#website","url":"https:\/\/ethrat.ch\/de\/","name":"ETH-Rat","description":"","publisher":{"@id":"https:\/\/ethrat.ch\/de\/#organization"},"potentialAction":[{"@type":"SearchAction","target":{"@type":"EntryPoint","urlTemplate":"https:\/\/ethrat.ch\/de\/?s={search_term_string}"},"query-input":{"@type":"PropertyValueSpecification","valueRequired":true,"valueName":"search_term_string"}}],"inLanguage":"fr-FR"},{"@type":"Organization","@id":"https:\/\/ethrat.ch\/de\/#organization","name":"ETH-Rat","url":"https:\/\/ethrat.ch\/de\/","logo":{"@type":"ImageObject","inLanguage":"fr-FR","@id":"https:\/\/ethrat.ch\/de\/#\/schema\/logo\/image\/","url":"https:\/\/ethrat.ch\/wp-content\/uploads\/2024\/04\/logo-white.svg","contentUrl":"https:\/\/ethrat.ch\/wp-content\/uploads\/2024\/04\/logo-white.svg","width":283,"height":81,"caption":"ETH-Rat"},"image":{"@id":"https:\/\/ethrat.ch\/de\/#\/schema\/logo\/image\/"},"sameAs":["https:\/\/x.com\/eth_rat","https:\/\/issuu.com\/ethrat","https:\/\/www.linkedin.com\/company\/eth-rat\/"]}]}},"_links":{"self":[{"href":"https:\/\/ethrat.ch\/fr\/wp-json\/wp\/v2\/pages\/23391","targetHints":{"allow":["GET"]}}],"collection":[{"href":"https:\/\/ethrat.ch\/fr\/wp-json\/wp\/v2\/pages"}],"about":[{"href":"https:\/\/ethrat.ch\/fr\/wp-json\/wp\/v2\/types\/page"}],"author":[{"embeddable":true,"href":"https:\/\/ethrat.ch\/fr\/wp-json\/wp\/v2\/users\/11"}],"replies":[{"embeddable":true,"href":"https:\/\/ethrat.ch\/fr\/wp-json\/wp\/v2\/comments?post=23391"}],"version-history":[{"count":0,"href":"https:\/\/ethrat.ch\/fr\/wp-json\/wp\/v2\/pages\/23391\/revisions"}],"up":[{"embeddable":true,"href":"https:\/\/ethrat.ch\/fr\/wp-json\/wp\/v2\/pages\/15881"}],"wp:attachment":[{"href":"https:\/\/ethrat.ch\/fr\/wp-json\/wp\/v2\/media?parent=23391"}],"wp:term":[{"taxonomy":"search-tag","embeddable":true,"href":"https:\/\/ethrat.ch\/fr\/wp-json\/wp\/v2\/search-tag?post=23391"}],"curies":[{"name":"wp","href":"https:\/\/api.w.org\/{rel}","templated":true}]}}