{"id":21461,"date":"2021-11-13T11:09:34","date_gmt":"2021-11-13T10:09:34","guid":{"rendered":"https:\/\/ethrat.ch\/?page_id=21461"},"modified":"2024-04-26T08:59:40","modified_gmt":"2024-04-26T06:59:40","slug":"aspects-juridiques","status":"publish","type":"page","link":"https:\/\/ethrat.ch\/fr\/aspects-juridiques\/","title":{"rendered":"Aspects juridiques"},"content":{"rendered":"\t\t<div data-elementor-type=\"wp-page\" data-elementor-id=\"21461\" class=\"elementor elementor-21461 elementor-14023\" data-elementor-post-type=\"page\">\n\t\t\t\t\t\t<section class=\"elementor-section elementor-top-section elementor-element elementor-element-4a235256 elementor-section-boxed elementor-section-height-default elementor-section-height-default\" data-id=\"4a235256\" data-element_type=\"section\" data-e-type=\"section\">\n\t\t\t\t\t\t<div class=\"elementor-container elementor-column-gap-default\">\n\t\t\t\t\t<div class=\"elementor-column elementor-col-100 elementor-top-column elementor-element elementor-element-4f79e328\" data-id=\"4f79e328\" data-element_type=\"column\" data-e-type=\"column\" data-settings=\"{&quot;background_background&quot;:&quot;classic&quot;}\">\n\t\t\t<div class=\"elementor-widget-wrap elementor-element-populated\">\n\t\t\t\t\t\t<div class=\"elementor-element elementor-element-3e38caad elementor-widget elementor-widget-heading\" data-id=\"3e38caad\" data-element_type=\"widget\" data-e-type=\"widget\" data-widget_type=\"heading.default\">\n\t\t\t\t<div class=\"elementor-widget-container\">\n\t\t\t\t\t<h1 class=\"elementor-heading-title elementor-size-default\">Aspects juridiques<\/h1>\t\t\t\t<\/div>\n\t\t\t\t<\/div>\n\t\t\t\t<div class=\"elementor-element elementor-element-7a4803dc elementor-widget elementor-widget-spacer\" data-id=\"7a4803dc\" data-element_type=\"widget\" data-e-type=\"widget\" data-widget_type=\"spacer.default\">\n\t\t\t\t<div class=\"elementor-widget-container\">\n\t\t\t\t\t\t\t<div class=\"elementor-spacer\">\n\t\t\t<div class=\"elementor-spacer-inner\"><\/div>\n\t\t<\/div>\n\t\t\t\t\t\t<\/div>\n\t\t\t\t<\/div>\n\t\t\t\t<div class=\"elementor-element elementor-element-58a8dc7f elementor-widget elementor-widget-text-editor\" data-id=\"58a8dc7f\" data-element_type=\"widget\" data-e-type=\"widget\" data-widget_type=\"text-editor.default\">\n\t\t\t\t<div class=\"elementor-widget-container\">\n\t\t\t\t\t\t\t\t\t<h4>Responsabilit\u00e9<\/h4><p>Malgr\u00e9 la grande attention qu\u2019il porte \u00e0 l\u2019exactitude des informations diffus\u00e9es sur ce site, le Conseil des EPF ne peut endosser aucune responsabilit\u00e9 quant \u00e0 la fid\u00e9lit\u00e9, \u00e0 l\u2019exactitude, \u00e0 l\u2019actualit\u00e9, \u00e0 la fiabilit\u00e9 et \u00e0 l\u2019exhaustivit\u00e9 de ces informations. Le Conseil des EPF se r\u00e9serve express\u00e9ment le droit de modifier en partie ou en totalit\u00e9 le contenu de ce site, de le supprimer ou d\u2019en suspendre temporairement la diffusion, et ce \u00e0 tout moment et sans avertissement pr\u00e9alable. Le Conseil des EPF ne saura \u00eatre tenu pour responsable des dommages mat\u00e9riels ou immat\u00e9riels qui pourraient \u00eatre caus\u00e9s par l\u2019acc\u00e8s aux informations diffus\u00e9es ou par leur utilisation ou non-utilisation, par le mauvais usage de la connexion ou par des probl\u00e8mes techniques.<\/p><h4>Renvois et liens<\/h4><p>Les renvois et liens vers d\u2019autres sites Internet, de m\u00eame que les renvois et liens de tiers vers le site du Conseil des EPF <a href=\"https:\/\/ethrat.ch\">ethrat.ch<\/a>, ne sont pas de la responsabilit\u00e9 de ce dernier. L\u2019acc\u00e8s \u00e0 ces sites et leur utilisation se font aux risques des utilisateurs. Le Conseil des EPF d\u00e9clare express\u00e9ment qu\u2019il n\u2019a aucune influence sur la forme, le contenu et les offres des sites vers lesquels il renvoie. Les informations et services offerts par ces sites rel\u00e8vent enti\u00e8rement de la responsabilit\u00e9 de leurs auteurs. Le Conseil des EPF d\u00e9cline toute responsabilit\u00e9 concernant ces sites Internet.<\/p><h4>Protection des donn\u00e9es<\/h4><p>L\u2019art. 13 de la Constitution f\u00e9d\u00e9rale et les dispositions l\u00e9gales de la Conf\u00e9d\u00e9ration suisse sur la protection des donn\u00e9es pr\u00e9voient que toute personne a droit \u00e0 la protection de sa sph\u00e8re priv\u00e9e ainsi qu\u2019\u00e0 la protection contre l\u2019utilisation abusive des donn\u00e9es qui la concernent. Le Conseil des EPF observe ces dispositions. Les donn\u00e9es personnelles sont trait\u00e9es selon les dispositions de la Loi f\u00e9d\u00e9rale sur la protection des donn\u00e9es. Nous nous effor\u00e7ons, en collaboration \u00e9troite avec nos h\u00e9bergeurs, de prot\u00e9ger au mieux nos banques de donn\u00e9es des intrusions, des pertes, des utilisations abusives et de la falsification. Lors de la consultation de ce site Internet, des informations anonymis\u00e9es sur l\u2019acc\u00e8s (date, heure, pages consult\u00e9es) sont enregistr\u00e9es sur le serveur. Le type de navigateur utilis\u00e9, le syst\u00e8me d\u2019exploitation, la page Internet \u00e0 partir de laquelle l\u2019utilisateur a \u00e9t\u00e9 redirig\u00e9 vers ce site, l\u2019adresse de protocole Internet ainsi que d\u2019autres donn\u00e9es similaires sont entre autres \u00e9galement enregistr\u00e9es dans des fichiers journaux. Ces donn\u00e9es sont utilis\u00e9es \u00e0 des fins d\u2019analyse technique pour des travaux de maintenance et permettent de lutter contre les risques li\u00e9s \u00e0 une attaque sur nos syst\u00e8mes. Lors de l\u2019utilisation de ces donn\u00e9es, nous ne d\u00e9duisons pas l\u2019identit\u00e9 des personnes concern\u00e9es. Les donn\u00e9es sont utilis\u00e9es \u00e0 des fins statistiques et de s\u00e9curit\u00e9 des donn\u00e9es. Ces donn\u00e9es permettent au Conseil des EPF de proc\u00e9der \u00e0 des \u00e9valuations statistiques anonymis\u00e9es afin d\u2019identifier des tendances et d\u2019am\u00e9liorer l\u2019offre en cons\u00e9quence. Selon la Loi f\u00e9d\u00e9rale sur la surveillance de la correspondance par poste et t\u00e9l\u00e9communication (LSCPT), il existe une obligation l\u00e9gale de conserver durant au moins six mois les donn\u00e9es de connexion.<\/p><h4>Cryptage SSL<\/h4><p>Le site utilise un cryptage SSL pour la transmission de contenus personnels ou confidentiels relatifs \u00e0 nos utilisateurs. Ce cryptage est par exemple activ\u00e9 pour ex\u00e9cuter des transactions financi\u00e8res ou traiter les demandes envoy\u00e9es via le site Internet. Veuillez noter que le cryptage est activ\u00e9 lorsque vous proc\u00e9dez \u00e0 certaines activit\u00e9s. Lorsque le cryptage est activ\u00e9 l\u2019adresse URL de votre navigateur passe de \u00abhttp:\/\/\u00bb \u00e0 \u00abhttps:\/\/\u00bb. Les donn\u00e9es crypt\u00e9es par SSL ne sont pas lisibles par des tiers.<\/p><h4>Cookies<\/h4><p>Ce site utilise des cookies. Les cookies sont des fichiers texte qui, lors de la navigation sur ce site, sont enregistr\u00e9s de fa\u00e7on permanente ou temporaire dans votre ordinateur, tablette ou \u00e9quipement mobile. Les cookies ont en particulier pour but d\u2019analyser l\u2019utilisation du site pour l\u2019\u00e9valuation statistique ainsi que pour l\u2019am\u00e9lioration continue. Vous pouvez d\u00e9sactiver les cookies en entier ou en partie dans les param\u00e8tres de votre navigateur. En d\u00e9sactivant les cookies, il se peut que certaines fonctionnalit\u00e9s de ce site ne soient plus accessibles. Nous vous informons aussi que ce site peut contenir des cookies de tiers. En naviguant sur ce site, vous acceptez express\u00e9ment l\u2019utilisation de tous les cookies.<\/p><h4>Google Analytics<\/h4><p>Ce site Internet utilise Google Analytics, un service d\u2019analyse de site Internet propos\u00e9 par Google LLC, 1600 Amphith\u00e9\u00e2tre Parkway, Mountain View, CA 94043, Etats-Unis (\u00abGoogle\u00bb). Google Analytics utilise des \u00abcookies\u00bb, c\u2019est-\u00e0-dire des fichiers texte de petite taille enregistr\u00e9s sur votre ordinateur, tablette ou \u00e9quipement mobile et qui nous aident \u00e0 analyser l\u2019utilisation du site par ses usagers. Les informations g\u00e9n\u00e9r\u00e9es par les cookies sur votre utilisation du site Internet (date et heure de la demande, lieu et fr\u00e9quence de consultation du site, provenance, langue, syst\u00e8me d\u2019exploitation, navigateur, comportement relatif aux clics, origine des visiteurs, r\u00e9solution de l\u2019ordinateur, dur\u00e9e de visite du site et votre adresse IP anonymis\u00e9e) sont transmises \u00e0 un serveur de Google situ\u00e9 aux Etats-Unis et y sont enregistr\u00e9es. Sur notre site Internet, nous utilisons Google Analytics avec une fonction d\u2019anonymisation de l\u2019adresse IP. Votre adresse IP sera ainsi pr\u00e9alablement abr\u00e9g\u00e9e par Google et donc anonymis\u00e9e dans les Etats membres de l\u2019Union europ\u00e9enne et les Etats signataires de l\u2019accord sur l\u2019Espace \u00e9conomique europ\u00e9en. Dans certains cas exceptionnels uniquement, l\u2019adresse IP compl\u00e8te est susceptible d\u2019\u00eatre transmise \u00e0 un serveur de Google situ\u00e9 aux Etats-Unis avant d\u2019y \u00eatre abr\u00e9g\u00e9e. Les informations collect\u00e9es par Google Analytics sont utilis\u00e9es pour \u00e9valuer votre utilisation du site Internet, \u00e9tablir des rapports sur l\u2019activit\u00e9 du site destin\u00e9s \u00e0 ses exploitants et fournir d\u2019autres prestations li\u00e9es \u00e0 l\u2019activit\u00e9 du site ainsi qu\u2019\u00e0 l\u2019utilisation d\u2019Internet. Le cas \u00e9ch\u00e9ant, Google transmettra \u00e9galement ces informations \u00e0 des tiers si la loi le prescrit ou si ces derniers traitent les donn\u00e9es sur mandat de Google. Conform\u00e9ment aux indications de Google, l\u2019adresse IP transmise par votre navigateur dans le cadre de Google Analytics ne sera pas associ\u00e9e \u00e0 d\u2019autres donn\u00e9es de Google. Vous pouvez refuser l\u2019installation de cookies en s\u00e9lectionnant les param\u00e8tres appropri\u00e9s dans votre navigateur. Il se peut cependant que, dans ce cas, vous ne puissiez plus acc\u00e9der \u00e0 l\u2019ensemble des fonctionnalit\u00e9s du site. Google propose une option de d\u00e9sactivation pour les navigateurs les plus courants. Si vous activez cette option, plus aucune information relative \u00e0 la visite du site ne sera transmise \u00e0 Google Analytics. L\u2019activation de l\u2019option de d\u00e9sactivation n\u2019emp\u00eachera cependant pas que des informations nous soient transmises ou, le cas \u00e9ch\u00e9ant, \u00e0 des services d\u2019analyse Internet que nous mandatons. Veuillez consulter le lien suivant pour des informations compl\u00e9mentaires sur l\u2019option de d\u00e9sactivation mise \u00e0 disposition par Google et sur son fonctionnement: tools.google.com\/dlpage\/gaoptout?hl=fr. En utilisant ce site, vous consentez express\u00e9ment au traitement de vos donn\u00e9es par Google conform\u00e9ment aux conditions d\u2019utilisation de Google Analytics: www.google.com\/analytics\/terms\/fr.html.<\/p><h4>Formulaire de contact<\/h4><p>En cas de prise de contact volontaire via le formulaire de contact, vos donn\u00e9es sont stock\u00e9es dans une banque de donn\u00e9es distincte qui ne poss\u00e8de aucun lien avec les fichiers journaux anonymis\u00e9s.<\/p><h4>Plugins et extensions<\/h4><p>Ce site Internet utilise en partie des plugins. Il s\u2019agit entre autres des plugins des services suivants:<\/p><ul><li>Cookiebot: exploit\u00e9 par Cybot A\/S, Havnegade 39, 1058 Copenhague, Danemark<\/li><li>WordPress: betrieben von Automattic Inc., 60 29th Street #343, San Francisco, CA 94110, United States<\/li><li>Google Tag Manager: exploit\u00e9 par Google Inc., 1600 Amphitheatre Parkway, Mountain View, CA 94043, Etats-Unis<\/li><\/ul><div>\u00a0<\/div><p>Les plugins sont marqu\u00e9s par un logo correspondant. Lorsque vous consultez une page du site <a href=\"https:\/\/ethrat.ch\">ethrat.ch<\/a> qui contient un tel plugin, votre navigateur \u00e9tablit une connexion directe avec les serveurs des prestataires de services (\u00ab services \u00bb). Le contenu du plugin est directement transmis \u00e0 votre navigateur par les services et incorpor\u00e9 par celui-ci dans le site Internet. Si vous \u00eates connect\u00e9 aux services, ils peuvent attribuer la consultation de la page \u00e0 votre compte utilisateur. Lors de votre interaction avec les plugins (clic sur le bouton \u00abJ\u2019aime\u00bb p. ex.), l\u2019information correspondante est directement transmise et enregistr\u00e9e par les services. Nous vous invitons \u00e0 consulter les indications des diff\u00e9rents prestataires de services sur la protection des donn\u00e9es pour toute information concernant le but et l\u2019\u00e9tendue de la collecte des donn\u00e9es, leur traitement et leur utilisation ult\u00e9rieurs, ainsi que vos droits et les param\u00e9trages possibles pour prot\u00e9ger votre sph\u00e8re priv\u00e9e. Si vous ne souhaitez pas que les services collectent des donn\u00e9es vous concernant via ce site Internet, vous devez vous d\u00e9connecter de ces services avant de consulter ce site.<\/p><h4>S\u00e9curit\u00e9<\/h4><p>Le Conseil des EPF ne peut garantir la confidentialit\u00e9 ni la fiabilit\u00e9 de la transmission des informations qui lui sont transmises (p. ex. au moyen du formulaire de contact). De plus, il r\u00e9pond g\u00e9n\u00e9ralement aux demandes par courrier \u00e9lectronique et ne peut donc garantir ni la confidentialit\u00e9 ni l\u2019int\u00e9grit\u00e9 des informations transmises. Il convient donc d\u2019\u00e9viter de transmettre des donn\u00e9es sensibles (p. ex. confidentielles) par ce biais. Seules les offres Internet pr\u00e9cisant clairement que la transmission des donn\u00e9es est s\u00e9curis\u00e9e font exception: le dispositif de s\u00e9curit\u00e9 est dans ce cas g\u00e9n\u00e9ralement indiqu\u00e9 par une connexion https ou par un symbole repr\u00e9sentant une cl\u00e9 ou un cadenas.<\/p><h4>Droits d\u2019auteur<\/h4><p>Droits d\u2019auteur: Conseil des EPF. Les informations pr\u00e9sentes sur le site Internet du Conseil des EPF <a href=\"https:\/\/ethrat.ch\">ethrat.ch<\/a> sont mises \u00e0 la disposition du public. Le t\u00e9l\u00e9chargement ou la copie de contenus, d\u2019illustrations, de photographies ou d\u2019autres donn\u00e9es n\u2019entra\u00eene aucun transfert de droits sur les contenus. Les droits d\u2019auteur et tous les autres droits li\u00e9s aux contenus, illustrations, photographies et autres donn\u00e9es plac\u00e9s sur le site Internet du Conseil des EPF <a href=\"https:\/\/ethrat.ch\">ethrat.ch<\/a> sont sa propri\u00e9t\u00e9 exclusive ou celle des d\u00e9tenteurs express\u00e9ment cit\u00e9s. Toute reproduction de tout \u00e9l\u00e9ment n\u00e9cessite une autorisation \u00e9crite pr\u00e9alable du d\u00e9tenteur des droits d\u2019auteur.<\/p>\t\t\t\t\t\t\t\t<\/div>\n\t\t\t\t<\/div>\n\t\t\t\t\t<\/div>\n\t\t<\/div>\n\t\t\t\t\t<\/div>\n\t\t<\/section>\n\t\t\t\t<\/div>\n\t\t","protected":false},"excerpt":{"rendered":"<p>Responsabilit\u00e9 Malgr\u00e9 la grande attention qu\u2019il porte \u00e0 l\u2019exactitude des informations diffus\u00e9es sur ce site, le Conseil des EPF ne peut endosser aucune responsabilit\u00e9 quant \u00e0 la fid\u00e9lit\u00e9, \u00e0 l\u2019exactitude, \u00e0 l\u2019actualit\u00e9, \u00e0 la fiabilit\u00e9 et \u00e0 l\u2019exhaustivit\u00e9 de ces informations. Le Conseil des EPF se r\u00e9serve express\u00e9ment le droit de modifier en partie ou &#8230;<\/p>\n","protected":false},"author":20,"featured_media":0,"parent":0,"menu_order":0,"comment_status":"closed","ping_status":"closed","template":"","meta":{"_acf_changed":false,"footnotes":"","_links_to":"","_links_to_target":""},"search-tag":[],"class_list":["post-21461","page","type-page","status-publish","hentry"],"acf":[],"yoast_head":"<!-- This site is optimized with the Yoast SEO plugin v27.3 - https:\/\/yoast.com\/product\/yoast-seo-wordpress\/ -->\n<title>Aspects juridiques - Conseil des EPF<\/title>\n<meta name=\"robots\" content=\"index, follow, max-snippet:-1, max-image-preview:large, max-video-preview:-1\" \/>\n<link rel=\"canonical\" href=\"https:\/\/ethrat.ch\/fr\/aspects-juridiques\/\" \/>\n<meta property=\"og:locale\" content=\"fr_FR\" \/>\n<meta property=\"og:type\" content=\"article\" \/>\n<meta property=\"og:title\" content=\"Aspects juridiques - Conseil des EPF\" \/>\n<meta property=\"og:description\" content=\"Responsabilit\u00e9 Malgr\u00e9 la grande attention qu\u2019il porte \u00e0 l\u2019exactitude des informations diffus\u00e9es sur ce site, le Conseil des EPF ne peut endosser aucune responsabilit\u00e9 quant \u00e0 la fid\u00e9lit\u00e9, \u00e0 l\u2019exactitude, \u00e0 l\u2019actualit\u00e9, \u00e0 la fiabilit\u00e9 et \u00e0 l\u2019exhaustivit\u00e9 de ces informations. Le Conseil des EPF se r\u00e9serve express\u00e9ment le droit de modifier en partie ou ...\" \/>\n<meta property=\"og:url\" content=\"https:\/\/ethrat.ch\/fr\/aspects-juridiques\/\" \/>\n<meta property=\"og:site_name\" content=\"Conseil des EPF\" \/>\n<meta property=\"article:modified_time\" content=\"2024-04-26T06:59:40+00:00\" \/>\n<meta name=\"twitter:card\" content=\"summary_large_image\" \/>\n<meta name=\"twitter:site\" content=\"@eth_rat\" \/>\n<meta name=\"twitter:label1\" content=\"Dur\u00e9e de lecture estim\u00e9e\" \/>\n\t<meta name=\"twitter:data1\" content=\"9 minutes\" \/>\n<script type=\"application\/ld+json\" class=\"yoast-schema-graph\">{\"@context\":\"https:\\\/\\\/schema.org\",\"@graph\":[{\"@type\":\"WebPage\",\"@id\":\"https:\\\/\\\/ethrat.ch\\\/fr\\\/aspects-juridiques\\\/\",\"url\":\"https:\\\/\\\/ethrat.ch\\\/fr\\\/aspects-juridiques\\\/\",\"name\":\"Aspects juridiques - Conseil des EPF\",\"isPartOf\":{\"@id\":\"https:\\\/\\\/ethrat.ch\\\/de\\\/#website\"},\"datePublished\":\"2021-11-13T10:09:34+00:00\",\"dateModified\":\"2024-04-26T06:59:40+00:00\",\"breadcrumb\":{\"@id\":\"https:\\\/\\\/ethrat.ch\\\/fr\\\/aspects-juridiques\\\/#breadcrumb\"},\"inLanguage\":\"fr-FR\",\"potentialAction\":[{\"@type\":\"ReadAction\",\"target\":[\"https:\\\/\\\/ethrat.ch\\\/fr\\\/aspects-juridiques\\\/\"]}]},{\"@type\":\"BreadcrumbList\",\"@id\":\"https:\\\/\\\/ethrat.ch\\\/fr\\\/aspects-juridiques\\\/#breadcrumb\",\"itemListElement\":[{\"@type\":\"ListItem\",\"position\":1,\"name\":\"Home\",\"item\":\"https:\\\/\\\/ethrat.ch\\\/fr\\\/\"},{\"@type\":\"ListItem\",\"position\":2,\"name\":\"Aspects juridiques\"}]},{\"@type\":\"WebSite\",\"@id\":\"https:\\\/\\\/ethrat.ch\\\/de\\\/#website\",\"url\":\"https:\\\/\\\/ethrat.ch\\\/de\\\/\",\"name\":\"ETH-Rat\",\"description\":\"\",\"publisher\":{\"@id\":\"https:\\\/\\\/ethrat.ch\\\/de\\\/#organization\"},\"potentialAction\":[{\"@type\":\"SearchAction\",\"target\":{\"@type\":\"EntryPoint\",\"urlTemplate\":\"https:\\\/\\\/ethrat.ch\\\/de\\\/?s={search_term_string}\"},\"query-input\":{\"@type\":\"PropertyValueSpecification\",\"valueRequired\":true,\"valueName\":\"search_term_string\"}}],\"inLanguage\":\"fr-FR\"},{\"@type\":\"Organization\",\"@id\":\"https:\\\/\\\/ethrat.ch\\\/de\\\/#organization\",\"name\":\"ETH-Rat\",\"url\":\"https:\\\/\\\/ethrat.ch\\\/de\\\/\",\"logo\":{\"@type\":\"ImageObject\",\"inLanguage\":\"fr-FR\",\"@id\":\"https:\\\/\\\/ethrat.ch\\\/de\\\/#\\\/schema\\\/logo\\\/image\\\/\",\"url\":\"https:\\\/\\\/ethrat.ch\\\/wp-content\\\/uploads\\\/2024\\\/04\\\/logo-white.svg\",\"contentUrl\":\"https:\\\/\\\/ethrat.ch\\\/wp-content\\\/uploads\\\/2024\\\/04\\\/logo-white.svg\",\"width\":283,\"height\":81,\"caption\":\"ETH-Rat\"},\"image\":{\"@id\":\"https:\\\/\\\/ethrat.ch\\\/de\\\/#\\\/schema\\\/logo\\\/image\\\/\"},\"sameAs\":[\"https:\\\/\\\/x.com\\\/eth_rat\",\"https:\\\/\\\/issuu.com\\\/ethrat\",\"https:\\\/\\\/www.linkedin.com\\\/company\\\/eth-rat\\\/\"]}]}<\/script>\n<!-- \/ Yoast SEO plugin. -->","yoast_head_json":{"title":"Aspects juridiques - Conseil des EPF","robots":{"index":"index","follow":"follow","max-snippet":"max-snippet:-1","max-image-preview":"max-image-preview:large","max-video-preview":"max-video-preview:-1"},"canonical":"https:\/\/ethrat.ch\/fr\/aspects-juridiques\/","og_locale":"fr_FR","og_type":"article","og_title":"Aspects juridiques - Conseil des EPF","og_description":"Responsabilit\u00e9 Malgr\u00e9 la grande attention qu\u2019il porte \u00e0 l\u2019exactitude des informations diffus\u00e9es sur ce site, le Conseil des EPF ne peut endosser aucune responsabilit\u00e9 quant \u00e0 la fid\u00e9lit\u00e9, \u00e0 l\u2019exactitude, \u00e0 l\u2019actualit\u00e9, \u00e0 la fiabilit\u00e9 et \u00e0 l\u2019exhaustivit\u00e9 de ces informations. Le Conseil des EPF se r\u00e9serve express\u00e9ment le droit de modifier en partie ou ...","og_url":"https:\/\/ethrat.ch\/fr\/aspects-juridiques\/","og_site_name":"Conseil des EPF","article_modified_time":"2024-04-26T06:59:40+00:00","twitter_card":"summary_large_image","twitter_site":"@eth_rat","twitter_misc":{"Dur\u00e9e de lecture estim\u00e9e":"9 minutes"},"schema":{"@context":"https:\/\/schema.org","@graph":[{"@type":"WebPage","@id":"https:\/\/ethrat.ch\/fr\/aspects-juridiques\/","url":"https:\/\/ethrat.ch\/fr\/aspects-juridiques\/","name":"Aspects juridiques - Conseil des EPF","isPartOf":{"@id":"https:\/\/ethrat.ch\/de\/#website"},"datePublished":"2021-11-13T10:09:34+00:00","dateModified":"2024-04-26T06:59:40+00:00","breadcrumb":{"@id":"https:\/\/ethrat.ch\/fr\/aspects-juridiques\/#breadcrumb"},"inLanguage":"fr-FR","potentialAction":[{"@type":"ReadAction","target":["https:\/\/ethrat.ch\/fr\/aspects-juridiques\/"]}]},{"@type":"BreadcrumbList","@id":"https:\/\/ethrat.ch\/fr\/aspects-juridiques\/#breadcrumb","itemListElement":[{"@type":"ListItem","position":1,"name":"Home","item":"https:\/\/ethrat.ch\/fr\/"},{"@type":"ListItem","position":2,"name":"Aspects juridiques"}]},{"@type":"WebSite","@id":"https:\/\/ethrat.ch\/de\/#website","url":"https:\/\/ethrat.ch\/de\/","name":"ETH-Rat","description":"","publisher":{"@id":"https:\/\/ethrat.ch\/de\/#organization"},"potentialAction":[{"@type":"SearchAction","target":{"@type":"EntryPoint","urlTemplate":"https:\/\/ethrat.ch\/de\/?s={search_term_string}"},"query-input":{"@type":"PropertyValueSpecification","valueRequired":true,"valueName":"search_term_string"}}],"inLanguage":"fr-FR"},{"@type":"Organization","@id":"https:\/\/ethrat.ch\/de\/#organization","name":"ETH-Rat","url":"https:\/\/ethrat.ch\/de\/","logo":{"@type":"ImageObject","inLanguage":"fr-FR","@id":"https:\/\/ethrat.ch\/de\/#\/schema\/logo\/image\/","url":"https:\/\/ethrat.ch\/wp-content\/uploads\/2024\/04\/logo-white.svg","contentUrl":"https:\/\/ethrat.ch\/wp-content\/uploads\/2024\/04\/logo-white.svg","width":283,"height":81,"caption":"ETH-Rat"},"image":{"@id":"https:\/\/ethrat.ch\/de\/#\/schema\/logo\/image\/"},"sameAs":["https:\/\/x.com\/eth_rat","https:\/\/issuu.com\/ethrat","https:\/\/www.linkedin.com\/company\/eth-rat\/"]}]}},"_links":{"self":[{"href":"https:\/\/ethrat.ch\/fr\/wp-json\/wp\/v2\/pages\/21461","targetHints":{"allow":["GET"]}}],"collection":[{"href":"https:\/\/ethrat.ch\/fr\/wp-json\/wp\/v2\/pages"}],"about":[{"href":"https:\/\/ethrat.ch\/fr\/wp-json\/wp\/v2\/types\/page"}],"author":[{"embeddable":true,"href":"https:\/\/ethrat.ch\/fr\/wp-json\/wp\/v2\/users\/20"}],"replies":[{"embeddable":true,"href":"https:\/\/ethrat.ch\/fr\/wp-json\/wp\/v2\/comments?post=21461"}],"version-history":[{"count":0,"href":"https:\/\/ethrat.ch\/fr\/wp-json\/wp\/v2\/pages\/21461\/revisions"}],"wp:attachment":[{"href":"https:\/\/ethrat.ch\/fr\/wp-json\/wp\/v2\/media?parent=21461"}],"wp:term":[{"taxonomy":"search-tag","embeddable":true,"href":"https:\/\/ethrat.ch\/fr\/wp-json\/wp\/v2\/search-tag?post=21461"}],"curies":[{"name":"wp","href":"https:\/\/api.w.org\/{rel}","templated":true}]}}