{"id":16568,"date":"2021-09-20T15:08:51","date_gmt":"2021-09-20T13:08:51","guid":{"rendered":"https:\/\/ethrat.ch\/eth-bereich\/personalized-health-and-related-technologies\/"},"modified":"2024-02-09T16:14:21","modified_gmt":"2024-02-09T15:14:21","slug":"sante-personnalisee-et-technologies-associees","status":"publish","type":"page","link":"https:\/\/ethrat.ch\/fr\/domaine-des-epf\/sante-personnalisee-et-technologies-associees\/","title":{"rendered":"Sant\u00e9 personnalis\u00e9e et technologies associ\u00e9es"},"content":{"rendered":"\t\t<div data-elementor-type=\"wp-page\" data-elementor-id=\"16568\" class=\"elementor elementor-16568\" data-elementor-post-type=\"page\">\n\t\t\t\t\t\t<section class=\"elementor-section elementor-top-section elementor-element elementor-element-42665536 elementor-section-boxed elementor-section-height-default elementor-section-height-default\" data-id=\"42665536\" data-element_type=\"section\" data-e-type=\"section\">\n\t\t\t\t\t\t<div class=\"elementor-container elementor-column-gap-default\">\n\t\t\t\t\t<div class=\"elementor-column elementor-col-100 elementor-top-column elementor-element elementor-element-6cbcc651\" data-id=\"6cbcc651\" data-element_type=\"column\" data-e-type=\"column\" data-settings=\"{&quot;background_background&quot;:&quot;classic&quot;}\">\n\t\t\t<div class=\"elementor-widget-wrap elementor-element-populated\">\n\t\t\t\t\t\t<div class=\"elementor-element elementor-element-18f23d8 elementor-widget elementor-widget-image\" data-id=\"18f23d8\" data-element_type=\"widget\" data-e-type=\"widget\" data-widget_type=\"image.default\">\n\t\t\t\t<div class=\"elementor-widget-container\">\n\t\t\t\t\t\t\t\t\t\t\t\t\t\t\t<img decoding=\"async\" width=\"1121\" height=\"580\" src=\"https:\/\/ethrat.ch\/wp-content\/uploads\/2021\/11\/Aquamarin_Rectangle_134.jpg\" class=\"attachment-full size-full wp-image-20197\" alt=\"\" srcset=\"https:\/\/ethrat.ch\/wp-content\/uploads\/2021\/11\/Aquamarin_Rectangle_134.jpg 1121w, https:\/\/ethrat.ch\/wp-content\/uploads\/2021\/11\/Aquamarin_Rectangle_134-300x155.jpg 300w, https:\/\/ethrat.ch\/wp-content\/uploads\/2021\/11\/Aquamarin_Rectangle_134-1024x530.jpg 1024w, https:\/\/ethrat.ch\/wp-content\/uploads\/2021\/11\/Aquamarin_Rectangle_134-768x397.jpg 768w\" sizes=\"(max-width: 1121px) 100vw, 1121px\" \/>\t\t\t\t\t\t\t\t\t\t\t\t\t\t\t<\/div>\n\t\t\t\t<\/div>\n\t\t\t\t\t<\/div>\n\t\t<\/div>\n\t\t\t\t\t<\/div>\n\t\t<\/section>\n\t\t\t\t<section class=\"elementor-section elementor-top-section elementor-element elementor-element-68a6b760 elementor-section-boxed elementor-section-height-default elementor-section-height-default\" data-id=\"68a6b760\" data-element_type=\"section\" data-e-type=\"section\">\n\t\t\t\t\t\t<div class=\"elementor-container elementor-column-gap-default\">\n\t\t\t\t\t<div class=\"elementor-column elementor-col-100 elementor-top-column elementor-element elementor-element-40af651a\" data-id=\"40af651a\" data-element_type=\"column\" data-e-type=\"column\">\n\t\t\t<div class=\"elementor-widget-wrap elementor-element-populated\">\n\t\t\t\t\t\t<div class=\"elementor-element elementor-element-783a0704 elementor-widget elementor-widget-heading\" data-id=\"783a0704\" data-element_type=\"widget\" data-e-type=\"widget\" data-widget_type=\"heading.default\">\n\t\t\t\t<div class=\"elementor-widget-container\">\n\t\t\t\t\t<h1 class=\"elementor-heading-title elementor-size-default\">Sant\u00e9 personnalis\u00e9e et technologies associ\u00e9es<\/h1>\t\t\t\t<\/div>\n\t\t\t\t<\/div>\n\t\t\t\t<div class=\"elementor-element elementor-element-2306c753 elementor-widget elementor-widget-text-editor\" data-id=\"2306c753\" data-element_type=\"widget\" data-e-type=\"widget\" data-widget_type=\"text-editor.default\">\n\t\t\t\t<div class=\"elementor-widget-container\">\n\t\t\t\t\t\t\t\t\t<p>L\u2019approche de la \u00abm\u00e9decine personnalis\u00e9e\u00bb consiste \u00e0 permettre l\u2019utilisation de l\u2019immense quantit\u00e9 de donn\u00e9es li\u00e9es \u00e0 la sant\u00e9 et \u00e0 la maladie dont nous disposons aujourd\u2019hui en vue d\u2019un traitement optimal des patients. La \u00absant\u00e9 personnalis\u00e9e\u00bb repr\u00e9sente l\u2019aspiration \u00e0 faire b\u00e9n\u00e9ficier toute la population des connaissances acquises dans ce domaine, p. ex. en mati\u00e8re de pr\u00e9vention.<\/p><p>Pour y arriver, il faut non seulement les infrastructures n\u00e9cessaires \u2013 avant tout dans le secteur de l\u2019informatique m\u00e9dicale \u2013 et la mise en r\u00e9seau des donn\u00e9es disponibles, mais aussi une recherche cibl\u00e9e sur les corr\u00e9lations concr\u00e8tes m\u00e9dicalement pertinentes, p. ex. entre des variantes du g\u00e9notype et la manifestation d\u2019une maladie chez une personne d\u00e9termin\u00e9e. Dans le cadre de l\u2019axe strat\u00e9gique \u00abSant\u00e9 personnalis\u00e9e et technologies associ\u00e9es\u00bb, un des accents doit \u00eatre mis sur la cr\u00e9ation de plateformes permettant de relier des donn\u00e9es mol\u00e9culaires diff\u00e9rentes issues d\u2019essais cliniques et de les rendre disponibles en vue de leur utilisation future dans la recherche.<\/p>\t\t\t\t\t\t\t\t<\/div>\n\t\t\t\t<\/div>\n\t\t\t\t<div class=\"elementor-element elementor-element-745a2da mxm-lightbox-image elementor-widget elementor-widget-image\" data-id=\"745a2da\" data-element_type=\"widget\" data-e-type=\"widget\" data-widget_type=\"image.default\">\n\t\t\t\t<div class=\"elementor-widget-container\">\n\t\t\t\t\t\t\t\t\t\t\t\t\t\t\t\t<a href=\"https:\/\/ethrat.ch\/wp-content\/uploads\/2021\/10\/Labor_ETHZ_GianMarcoCastelberg.jpeg\" data-elementor-open-lightbox=\"yes\" data-elementor-lightbox-title=\"Labor\" data-e-action-hash=\"#elementor-action%3Aaction%3Dlightbox%26settings%3DeyJpZCI6MTQ4OTEsInVybCI6Imh0dHBzOlwvXC9ldGhyYXQuY2hcL3dwLWNvbnRlbnRcL3VwbG9hZHNcLzIwMjFcLzEwXC9MYWJvcl9FVEhaX0dpYW5NYXJjb0Nhc3RlbGJlcmcuanBlZyJ9\">\n\t\t\t\t\t\t\t<img decoding=\"async\" width=\"768\" height=\"488\" src=\"https:\/\/ethrat.ch\/wp-content\/uploads\/2021\/10\/Labor_ETHZ_GianMarcoCastelberg-768x488.jpeg\" class=\"attachment-medium_large size-medium_large wp-image-14891\" alt=\"\" srcset=\"https:\/\/ethrat.ch\/wp-content\/uploads\/2021\/10\/Labor_ETHZ_GianMarcoCastelberg-768x488.jpeg 768w, https:\/\/ethrat.ch\/wp-content\/uploads\/2021\/10\/Labor_ETHZ_GianMarcoCastelberg-300x191.jpeg 300w, https:\/\/ethrat.ch\/wp-content\/uploads\/2021\/10\/Labor_ETHZ_GianMarcoCastelberg-1024x651.jpeg 1024w, https:\/\/ethrat.ch\/wp-content\/uploads\/2021\/10\/Labor_ETHZ_GianMarcoCastelberg.jpeg 1100w\" sizes=\"(max-width: 768px) 100vw, 768px\" \/>\t\t\t\t\t\t\t\t<\/a>\n\t\t\t\t\t\t\t\t\t\t\t\t\t\t\t<\/div>\n\t\t\t\t<\/div>\n\t\t\t\t<div class=\"elementor-element elementor-element-9f54c31 elementor-widget elementor-widget-text-editor\" data-id=\"9f54c31\" data-element_type=\"widget\" data-e-type=\"widget\" data-widget_type=\"text-editor.default\">\n\t\t\t\t<div class=\"elementor-widget-container\">\n\t\t\t\t\t\t\t\t\t<p>Dans diff\u00e9rents secteurs, l\u2019attention doit en plus se porter sur l\u2019analyse de certains types de donn\u00e9es et sur la compr\u00e9hension de leur importance en mati\u00e8re de sant\u00e9, y compris en vue de conf\u00e9rer aux approches th\u00e9rapeutiques une efficacit\u00e9 optimale \u00e0 travers une individualisation s\u2019appuyant sur des donn\u00e9es. Enfin, il faut d\u00e9velopper des appareils assurant un soutien optimal \u00e0 la recherche et la pratique dans le secteur de la sant\u00e9 personnalis\u00e9e. Le domaine de recherche \u00abSant\u00e9 personnalis\u00e9e et technologies associ\u00e9es\u00bb vise une mise en relation \u00e9troite avec l\u2019initiative\u00a0<a href=\"https:\/\/sphn.ch\/fr\/home\/\">Swiss Personalized Health Network<\/a>. Dans toutes les d\u00e9marches de recherche, la s\u00e9curit\u00e9 de gestion et d\u2019analyse de grandes quantit\u00e9s de donn\u00e9es joue un r\u00f4le d\u00e9cisif: des synergies seront d\u00e8s lors exploit\u00e9es au mieux des possibilit\u00e9s avec le grand axe \u00ab<a href=\"https:\/\/ethrat.ch\/fr\/domaine-des-epf\/sciences-des-donnees\/\">Science des donn\u00e9es<\/a>\u00bb.<\/p>\t\t\t\t\t\t\t\t<\/div>\n\t\t\t\t<\/div>\n\t\t\t\t\t<\/div>\n\t\t<\/div>\n\t\t\t\t\t<\/div>\n\t\t<\/section>\n\t\t\t\t<section class=\"elementor-section elementor-top-section elementor-element elementor-element-1e924193 elementor-hidden-desktop elementor-hidden-tablet hide-print elementor-section-boxed elementor-section-height-default elementor-section-height-default\" data-id=\"1e924193\" data-element_type=\"section\" data-e-type=\"section\">\n\t\t\t\t\t\t<div class=\"elementor-container elementor-column-gap-default\">\n\t\t\t\t\t<div class=\"elementor-column elementor-col-33 elementor-top-column elementor-element elementor-element-44709fa2 elementor-hidden-tablet elementor-hidden-mobile\" data-id=\"44709fa2\" data-element_type=\"column\" data-e-type=\"column\">\n\t\t\t<div class=\"elementor-widget-wrap elementor-element-populated\">\n\t\t\t\t\t\t<section class=\"elementor-section elementor-inner-section elementor-element elementor-element-68d56ddf elementor-section-boxed elementor-section-height-default elementor-section-height-default\" data-id=\"68d56ddf\" data-element_type=\"section\" data-e-type=\"section\" data-settings=\"{&quot;sticky&quot;:&quot;top&quot;,&quot;sticky_offset&quot;:2,&quot;sticky_effects_offset&quot;:40,&quot;sticky_on&quot;:[&quot;desktop&quot;,&quot;tablet&quot;,&quot;mobile&quot;],&quot;sticky_anchor_link_offset&quot;:0}\">\n\t\t\t\t\t\t<div class=\"elementor-container elementor-column-gap-default\">\n\t\t\t\t\t<div class=\"elementor-column elementor-col-100 elementor-inner-column elementor-element elementor-element-557a5ba\" data-id=\"557a5ba\" data-element_type=\"column\" data-e-type=\"column\">\n\t\t\t<div class=\"elementor-widget-wrap\">\n\t\t\t\t\t\t\t<\/div>\n\t\t<\/div>\n\t\t\t\t\t<\/div>\n\t\t<\/section>\n\t\t\t\t\t<\/div>\n\t\t<\/div>\n\t\t\t\t<div class=\"elementor-column elementor-col-33 elementor-top-column elementor-element elementor-element-4e3ca5af\" data-id=\"4e3ca5af\" data-element_type=\"column\" data-e-type=\"column\">\n\t\t\t<div class=\"elementor-widget-wrap elementor-element-populated\">\n\t\t\t\t\t\t<div class=\"elementor-element elementor-element-27ccf7ae elementor-widget-mobile__width-auto elementor-view-default elementor-widget elementor-widget-icon\" data-id=\"27ccf7ae\" data-element_type=\"widget\" data-e-type=\"widget\" data-widget_type=\"icon.default\">\n\t\t\t\t<div class=\"elementor-widget-container\">\n\t\t\t\t\t\t\t<div class=\"elementor-icon-wrapper\">\n\t\t\t<div class=\"elementor-icon\">\n\t\t\t<svg xmlns=\"http:\/\/www.w3.org\/2000\/svg\" width=\"22\" height=\"20\" viewBox=\"0 0 22 20\" fill=\"none\"><path d=\"M20.153 4.62295H17.7268V0.655738C17.7268 0.295082 17.4317 0 17.071 0H4.61202C4.25137 0 3.95628 0.295082 3.95628 0.655738V4.62295H1.53005C0.688525 4.62295 0 5.31148 0 6.15301V14.5683C0 15.4098 0.688525 16.0984 1.53005 16.0984H3.95628V19.3443C3.95628 19.7049 4.25137 20 4.61202 20H17.071C17.4317 20 17.7268 19.7049 17.7268 19.3443V16.0874H20.153C20.9945 16.0874 21.6831 15.3989 21.6831 14.5574V6.14208C21.6831 5.31148 21.0055 4.62295 20.153 4.62295ZM5.26776 1.31148H16.4153V4.62295H5.26776V1.31148ZM16.4153 18.6885H5.26776V12.1858H16.4153V18.6885ZM20.3716 14.5683C20.3716 14.6885 20.2732 14.7869 20.153 14.7869H17.7268V11.5301C17.7268 11.1694 17.4317 10.8743 17.071 10.8743H4.61202C4.25137 10.8743 3.95628 11.1694 3.95628 11.5301V14.7869H1.53005C1.40984 14.7869 1.31148 14.6885 1.31148 14.5683V6.15301C1.31148 6.03279 1.40984 5.93443 1.53005 5.93443H20.153C20.2732 5.93443 20.3716 6.03279 20.3716 6.15301V14.5683Z\" fill=\"black\"><\/path><\/svg>\t\t\t<\/div>\n\t\t<\/div>\n\t\t\t\t\t\t<\/div>\n\t\t\t\t<\/div>\n\t\t\t\t<div class=\"elementor-element elementor-element-3e4c5b63 elementor-share-buttons--skin-minimal elementor-share-buttons--color-custom elementor-share-buttons--view-text elementor-widget-mobile__width-auto elementor-share-buttons--shape-square elementor-grid-0 elementor-widget elementor-widget-share-buttons\" data-id=\"3e4c5b63\" data-element_type=\"widget\" data-e-type=\"widget\" data-widget_type=\"share-buttons.default\">\n\t\t\t\t<div class=\"elementor-widget-container\">\n\t\t\t\t\t\t\t<div class=\"elementor-grid\">\n\t\t\t\t\t\t\t\t<div class=\"elementor-grid-item\">\n\t\t\t\t\t\t<div class=\"elementor-share-btn elementor-share-btn_print\" role=\"button\" tabindex=\"0\" aria-label=\"Partager sur print\">\n\t\t\t\t\t\t\t\t\t\t\t\t\t\t\t\t\t\t\t\t\t\t<div class=\"elementor-share-btn__text\">\n\t\t\t\t\t\t\t\t\t\t\t\t\t\t\t\t\t\t\t<span class=\"elementor-share-btn__title\">\n\t\t\t\t\t\t\t\t\t\tDrucken\t\t\t\t\t\t\t\t\t<\/span>\n\t\t\t\t\t\t\t\t\t\t\t\t\t\t\t\t\t<\/div>\n\t\t\t\t\t\t\t\t\t\t\t\t\t<\/div>\n\t\t\t\t\t<\/div>\n\t\t\t\t\t\t<\/div>\n\t\t\t\t\t\t<\/div>\n\t\t\t\t<\/div>\n\t\t\t\t\t<\/div>\n\t\t<\/div>\n\t\t\t\t<div class=\"elementor-column elementor-col-33 elementor-top-column elementor-element elementor-element-2b6b2c07\" data-id=\"2b6b2c07\" data-element_type=\"column\" data-e-type=\"column\">\n\t\t\t<div class=\"elementor-widget-wrap elementor-element-populated\">\n\t\t\t\t\t\t<div class=\"elementor-element elementor-element-44d92a3e elementor-align-left elementor-widget elementor-widget-global elementor-global-7507 elementor-widget-button\" data-id=\"44d92a3e\" data-element_type=\"widget\" data-e-type=\"widget\" data-widget_type=\"button.default\">\n\t\t\t\t<div class=\"elementor-widget-container\">\n\t\t\t\t\t\t\t\t\t<div class=\"elementor-button-wrapper\">\n\t\t\t\t\t<a class=\"elementor-button elementor-button-link elementor-size-sm\" href=\"#elementor-action%3Aaction%3Dpopup%3Aopen%26settings%3DeyJpZCI6NTAxNywidG9nZ2xlIjpmYWxzZX0%3D\">\n\t\t\t\t\t\t<span class=\"elementor-button-content-wrapper\">\n\t\t\t\t\t\t<span class=\"elementor-button-icon\">\n\t\t\t\t<svg xmlns=\"http:\/\/www.w3.org\/2000\/svg\" width=\"22\" height=\"20\" viewBox=\"0 0 22 20\" fill=\"none\"><path d=\"M12.567 0.230218C12.3358 0.00708362 12.0011 -0.0646381 11.6983 0.0628672C11.4035 0.182403 11.2042 0.477259 11.2042 0.796022V5.03557C6.90891 5.20292 4.75726 6.988 4.43052 7.28285C2.26293 9.05996 0.780685 11.5383 0.246757 14.2877C-0.0241917 15.6185 -0.0720064 16.9812 0.103313 18.328V18.336C0.103313 18.3439 0.103314 18.3599 0.111283 18.3678L0.278633 19.3401C0.334416 19.6668 0.589427 19.9218 0.916159 19.9856C1.24289 20.0493 1.56962 19.8979 1.74494 19.611L2.25496 18.7663C3.80893 16.1763 5.74542 14.463 8.01661 13.6741C9.03665 13.3154 10.1204 13.1561 11.2042 13.2039V17.5948C11.2042 17.9136 11.3955 18.2085 11.6983 18.328C11.9932 18.4475 12.3358 18.3838 12.567 18.1527L20.9664 9.70545C21.2772 9.39466 21.2772 8.8926 20.9664 8.58181L12.567 0.230218ZM12.806 15.6743V12.4946C12.806 12.1041 12.5191 11.7694 12.1366 11.7137C11.4593 11.6021 9.6423 11.4268 7.49862 12.1838C5.21149 12.9887 3.23516 14.5586 1.6015 16.8776C1.59353 16.1126 1.66525 15.3555 1.81667 14.6064C2.30278 12.1599 3.53002 10.1119 5.4665 8.51009C5.48244 8.49415 5.49838 8.47821 5.51432 8.46227C5.5701 8.41446 7.58628 6.58954 12.0011 6.62142H12.0091C12.4474 6.62142 12.806 6.26281 12.806 5.82451V2.7086L19.2929 9.15559L12.806 15.6743Z\" fill=\"black\"><\/path><\/svg>\t\t\t<\/span>\n\t\t\t\t\t\t\t\t\t<span class=\"elementor-button-text\">Artikel teilen<\/span>\n\t\t\t\t\t<\/span>\n\t\t\t\t\t<\/a>\n\t\t\t\t<\/div>\n\t\t\t\t\t\t\t\t<\/div>\n\t\t\t\t<\/div>\n\t\t\t\t\t<\/div>\n\t\t<\/div>\n\t\t\t\t\t<\/div>\n\t\t<\/section>\n\t\t\t\t<\/div>\n\t\t","protected":false},"excerpt":{"rendered":"<p>L\u2019approche de la \u00abm\u00e9decine personnalis\u00e9e\u00bb consiste \u00e0 permettre l\u2019utilisation de l\u2019immense quantit\u00e9 de donn\u00e9es li\u00e9es \u00e0 la sant\u00e9 et \u00e0 la maladie dont nous disposons aujourd\u2019hui en vue d\u2019un traitement optimal des patients. La \u00absant\u00e9 personnalis\u00e9e\u00bb repr\u00e9sente l\u2019aspiration \u00e0 faire b\u00e9n\u00e9ficier toute la population des connaissances acquises dans ce domaine, p. ex. en mati\u00e8re de &#8230;<\/p>\n","protected":false},"author":20,"featured_media":0,"parent":15881,"menu_order":0,"comment_status":"closed","ping_status":"closed","template":"","meta":{"_acf_changed":false,"footnotes":"","_links_to":"","_links_to_target":""},"search-tag":[],"class_list":["post-16568","page","type-page","status-publish","hentry"],"acf":[],"yoast_head":"<!-- This site is optimized with the Yoast SEO plugin v27.3 - https:\/\/yoast.com\/product\/yoast-seo-wordpress\/ -->\n<title>Sant\u00e9 personnalis\u00e9e et technologies associ\u00e9es - Conseil des EPF<\/title>\n<meta name=\"robots\" content=\"index, follow, max-snippet:-1, max-image-preview:large, max-video-preview:-1\" \/>\n<link rel=\"canonical\" href=\"https:\/\/ethrat.ch\/fr\/domaine-des-epf\/sante-personnalisee-et-technologies-associees\/\" \/>\n<meta property=\"og:locale\" content=\"fr_FR\" \/>\n<meta property=\"og:type\" content=\"article\" \/>\n<meta property=\"og:title\" content=\"Sant\u00e9 personnalis\u00e9e et technologies associ\u00e9es - Conseil des EPF\" \/>\n<meta property=\"og:description\" content=\"L\u2019approche de la \u00abm\u00e9decine personnalis\u00e9e\u00bb consiste \u00e0 permettre l\u2019utilisation de l\u2019immense quantit\u00e9 de donn\u00e9es li\u00e9es \u00e0 la sant\u00e9 et \u00e0 la maladie dont nous disposons aujourd\u2019hui en vue d\u2019un traitement optimal des patients. La \u00absant\u00e9 personnalis\u00e9e\u00bb repr\u00e9sente l\u2019aspiration \u00e0 faire b\u00e9n\u00e9ficier toute la population des connaissances acquises dans ce domaine, p. ex. en mati\u00e8re de ...\" \/>\n<meta property=\"og:url\" content=\"https:\/\/ethrat.ch\/fr\/domaine-des-epf\/sante-personnalisee-et-technologies-associees\/\" \/>\n<meta property=\"og:site_name\" content=\"Conseil des EPF\" \/>\n<meta property=\"article:modified_time\" content=\"2024-02-09T15:14:21+00:00\" \/>\n<meta property=\"og:image\" content=\"https:\/\/ethrat.ch\/wp-content\/uploads\/2021\/11\/Aquamarin_Rectangle_134.jpg\" \/>\n\t<meta property=\"og:image:width\" content=\"1121\" \/>\n\t<meta property=\"og:image:height\" content=\"580\" \/>\n\t<meta property=\"og:image:type\" content=\"image\/jpeg\" \/>\n<meta name=\"twitter:card\" content=\"summary_large_image\" \/>\n<meta name=\"twitter:site\" content=\"@eth_rat\" \/>\n<meta name=\"twitter:label1\" content=\"Dur\u00e9e de lecture estim\u00e9e\" \/>\n\t<meta name=\"twitter:data1\" content=\"2 minutes\" \/>\n<script type=\"application\/ld+json\" class=\"yoast-schema-graph\">{\"@context\":\"https:\\\/\\\/schema.org\",\"@graph\":[{\"@type\":\"WebPage\",\"@id\":\"https:\\\/\\\/ethrat.ch\\\/fr\\\/domaine-des-epf\\\/sante-personnalisee-et-technologies-associees\\\/\",\"url\":\"https:\\\/\\\/ethrat.ch\\\/fr\\\/domaine-des-epf\\\/sante-personnalisee-et-technologies-associees\\\/\",\"name\":\"Sant\u00e9 personnalis\u00e9e et technologies associ\u00e9es - Conseil des EPF\",\"isPartOf\":{\"@id\":\"https:\\\/\\\/ethrat.ch\\\/de\\\/#website\"},\"primaryImageOfPage\":{\"@id\":\"https:\\\/\\\/ethrat.ch\\\/fr\\\/domaine-des-epf\\\/sante-personnalisee-et-technologies-associees\\\/#primaryimage\"},\"image\":{\"@id\":\"https:\\\/\\\/ethrat.ch\\\/fr\\\/domaine-des-epf\\\/sante-personnalisee-et-technologies-associees\\\/#primaryimage\"},\"thumbnailUrl\":\"https:\\\/\\\/ethrat.ch\\\/wp-content\\\/uploads\\\/2021\\\/11\\\/Aquamarin_Rectangle_134.jpg\",\"datePublished\":\"2021-09-20T13:08:51+00:00\",\"dateModified\":\"2024-02-09T15:14:21+00:00\",\"breadcrumb\":{\"@id\":\"https:\\\/\\\/ethrat.ch\\\/fr\\\/domaine-des-epf\\\/sante-personnalisee-et-technologies-associees\\\/#breadcrumb\"},\"inLanguage\":\"fr-FR\",\"potentialAction\":[{\"@type\":\"ReadAction\",\"target\":[\"https:\\\/\\\/ethrat.ch\\\/fr\\\/domaine-des-epf\\\/sante-personnalisee-et-technologies-associees\\\/\"]}]},{\"@type\":\"ImageObject\",\"inLanguage\":\"fr-FR\",\"@id\":\"https:\\\/\\\/ethrat.ch\\\/fr\\\/domaine-des-epf\\\/sante-personnalisee-et-technologies-associees\\\/#primaryimage\",\"url\":\"https:\\\/\\\/ethrat.ch\\\/wp-content\\\/uploads\\\/2021\\\/11\\\/Aquamarin_Rectangle_134.jpg\",\"contentUrl\":\"https:\\\/\\\/ethrat.ch\\\/wp-content\\\/uploads\\\/2021\\\/11\\\/Aquamarin_Rectangle_134.jpg\"},{\"@type\":\"BreadcrumbList\",\"@id\":\"https:\\\/\\\/ethrat.ch\\\/fr\\\/domaine-des-epf\\\/sante-personnalisee-et-technologies-associees\\\/#breadcrumb\",\"itemListElement\":[{\"@type\":\"ListItem\",\"position\":1,\"name\":\"Home\",\"item\":\"https:\\\/\\\/ethrat.ch\\\/fr\\\/\"},{\"@type\":\"ListItem\",\"position\":2,\"name\":\"DOMAINE DES EPF\",\"item\":\"https:\\\/\\\/ethrat.ch\\\/fr\\\/domaine-des-epf\\\/\"},{\"@type\":\"ListItem\",\"position\":3,\"name\":\"Sant\u00e9 personnalis\u00e9e et technologies associ\u00e9es\"}]},{\"@type\":\"WebSite\",\"@id\":\"https:\\\/\\\/ethrat.ch\\\/de\\\/#website\",\"url\":\"https:\\\/\\\/ethrat.ch\\\/de\\\/\",\"name\":\"ETH-Rat\",\"description\":\"\",\"publisher\":{\"@id\":\"https:\\\/\\\/ethrat.ch\\\/de\\\/#organization\"},\"potentialAction\":[{\"@type\":\"SearchAction\",\"target\":{\"@type\":\"EntryPoint\",\"urlTemplate\":\"https:\\\/\\\/ethrat.ch\\\/de\\\/?s={search_term_string}\"},\"query-input\":{\"@type\":\"PropertyValueSpecification\",\"valueRequired\":true,\"valueName\":\"search_term_string\"}}],\"inLanguage\":\"fr-FR\"},{\"@type\":\"Organization\",\"@id\":\"https:\\\/\\\/ethrat.ch\\\/de\\\/#organization\",\"name\":\"ETH-Rat\",\"url\":\"https:\\\/\\\/ethrat.ch\\\/de\\\/\",\"logo\":{\"@type\":\"ImageObject\",\"inLanguage\":\"fr-FR\",\"@id\":\"https:\\\/\\\/ethrat.ch\\\/de\\\/#\\\/schema\\\/logo\\\/image\\\/\",\"url\":\"https:\\\/\\\/ethrat.ch\\\/wp-content\\\/uploads\\\/2024\\\/04\\\/logo-white.svg\",\"contentUrl\":\"https:\\\/\\\/ethrat.ch\\\/wp-content\\\/uploads\\\/2024\\\/04\\\/logo-white.svg\",\"width\":283,\"height\":81,\"caption\":\"ETH-Rat\"},\"image\":{\"@id\":\"https:\\\/\\\/ethrat.ch\\\/de\\\/#\\\/schema\\\/logo\\\/image\\\/\"},\"sameAs\":[\"https:\\\/\\\/x.com\\\/eth_rat\",\"https:\\\/\\\/issuu.com\\\/ethrat\",\"https:\\\/\\\/www.linkedin.com\\\/company\\\/eth-rat\\\/\"]}]}<\/script>\n<!-- \/ Yoast SEO plugin. -->","yoast_head_json":{"title":"Sant\u00e9 personnalis\u00e9e et technologies associ\u00e9es - Conseil des EPF","robots":{"index":"index","follow":"follow","max-snippet":"max-snippet:-1","max-image-preview":"max-image-preview:large","max-video-preview":"max-video-preview:-1"},"canonical":"https:\/\/ethrat.ch\/fr\/domaine-des-epf\/sante-personnalisee-et-technologies-associees\/","og_locale":"fr_FR","og_type":"article","og_title":"Sant\u00e9 personnalis\u00e9e et technologies associ\u00e9es - Conseil des EPF","og_description":"L\u2019approche de la \u00abm\u00e9decine personnalis\u00e9e\u00bb consiste \u00e0 permettre l\u2019utilisation de l\u2019immense quantit\u00e9 de donn\u00e9es li\u00e9es \u00e0 la sant\u00e9 et \u00e0 la maladie dont nous disposons aujourd\u2019hui en vue d\u2019un traitement optimal des patients. La \u00absant\u00e9 personnalis\u00e9e\u00bb repr\u00e9sente l\u2019aspiration \u00e0 faire b\u00e9n\u00e9ficier toute la population des connaissances acquises dans ce domaine, p. ex. en mati\u00e8re de ...","og_url":"https:\/\/ethrat.ch\/fr\/domaine-des-epf\/sante-personnalisee-et-technologies-associees\/","og_site_name":"Conseil des EPF","article_modified_time":"2024-02-09T15:14:21+00:00","og_image":[{"width":1121,"height":580,"url":"https:\/\/ethrat.ch\/wp-content\/uploads\/2021\/11\/Aquamarin_Rectangle_134.jpg","type":"image\/jpeg"}],"twitter_card":"summary_large_image","twitter_site":"@eth_rat","twitter_misc":{"Dur\u00e9e de lecture estim\u00e9e":"2 minutes"},"schema":{"@context":"https:\/\/schema.org","@graph":[{"@type":"WebPage","@id":"https:\/\/ethrat.ch\/fr\/domaine-des-epf\/sante-personnalisee-et-technologies-associees\/","url":"https:\/\/ethrat.ch\/fr\/domaine-des-epf\/sante-personnalisee-et-technologies-associees\/","name":"Sant\u00e9 personnalis\u00e9e et technologies associ\u00e9es - Conseil des EPF","isPartOf":{"@id":"https:\/\/ethrat.ch\/de\/#website"},"primaryImageOfPage":{"@id":"https:\/\/ethrat.ch\/fr\/domaine-des-epf\/sante-personnalisee-et-technologies-associees\/#primaryimage"},"image":{"@id":"https:\/\/ethrat.ch\/fr\/domaine-des-epf\/sante-personnalisee-et-technologies-associees\/#primaryimage"},"thumbnailUrl":"https:\/\/ethrat.ch\/wp-content\/uploads\/2021\/11\/Aquamarin_Rectangle_134.jpg","datePublished":"2021-09-20T13:08:51+00:00","dateModified":"2024-02-09T15:14:21+00:00","breadcrumb":{"@id":"https:\/\/ethrat.ch\/fr\/domaine-des-epf\/sante-personnalisee-et-technologies-associees\/#breadcrumb"},"inLanguage":"fr-FR","potentialAction":[{"@type":"ReadAction","target":["https:\/\/ethrat.ch\/fr\/domaine-des-epf\/sante-personnalisee-et-technologies-associees\/"]}]},{"@type":"ImageObject","inLanguage":"fr-FR","@id":"https:\/\/ethrat.ch\/fr\/domaine-des-epf\/sante-personnalisee-et-technologies-associees\/#primaryimage","url":"https:\/\/ethrat.ch\/wp-content\/uploads\/2021\/11\/Aquamarin_Rectangle_134.jpg","contentUrl":"https:\/\/ethrat.ch\/wp-content\/uploads\/2021\/11\/Aquamarin_Rectangle_134.jpg"},{"@type":"BreadcrumbList","@id":"https:\/\/ethrat.ch\/fr\/domaine-des-epf\/sante-personnalisee-et-technologies-associees\/#breadcrumb","itemListElement":[{"@type":"ListItem","position":1,"name":"Home","item":"https:\/\/ethrat.ch\/fr\/"},{"@type":"ListItem","position":2,"name":"DOMAINE DES EPF","item":"https:\/\/ethrat.ch\/fr\/domaine-des-epf\/"},{"@type":"ListItem","position":3,"name":"Sant\u00e9 personnalis\u00e9e et technologies associ\u00e9es"}]},{"@type":"WebSite","@id":"https:\/\/ethrat.ch\/de\/#website","url":"https:\/\/ethrat.ch\/de\/","name":"ETH-Rat","description":"","publisher":{"@id":"https:\/\/ethrat.ch\/de\/#organization"},"potentialAction":[{"@type":"SearchAction","target":{"@type":"EntryPoint","urlTemplate":"https:\/\/ethrat.ch\/de\/?s={search_term_string}"},"query-input":{"@type":"PropertyValueSpecification","valueRequired":true,"valueName":"search_term_string"}}],"inLanguage":"fr-FR"},{"@type":"Organization","@id":"https:\/\/ethrat.ch\/de\/#organization","name":"ETH-Rat","url":"https:\/\/ethrat.ch\/de\/","logo":{"@type":"ImageObject","inLanguage":"fr-FR","@id":"https:\/\/ethrat.ch\/de\/#\/schema\/logo\/image\/","url":"https:\/\/ethrat.ch\/wp-content\/uploads\/2024\/04\/logo-white.svg","contentUrl":"https:\/\/ethrat.ch\/wp-content\/uploads\/2024\/04\/logo-white.svg","width":283,"height":81,"caption":"ETH-Rat"},"image":{"@id":"https:\/\/ethrat.ch\/de\/#\/schema\/logo\/image\/"},"sameAs":["https:\/\/x.com\/eth_rat","https:\/\/issuu.com\/ethrat","https:\/\/www.linkedin.com\/company\/eth-rat\/"]}]}},"_links":{"self":[{"href":"https:\/\/ethrat.ch\/fr\/wp-json\/wp\/v2\/pages\/16568","targetHints":{"allow":["GET"]}}],"collection":[{"href":"https:\/\/ethrat.ch\/fr\/wp-json\/wp\/v2\/pages"}],"about":[{"href":"https:\/\/ethrat.ch\/fr\/wp-json\/wp\/v2\/types\/page"}],"author":[{"embeddable":true,"href":"https:\/\/ethrat.ch\/fr\/wp-json\/wp\/v2\/users\/20"}],"replies":[{"embeddable":true,"href":"https:\/\/ethrat.ch\/fr\/wp-json\/wp\/v2\/comments?post=16568"}],"version-history":[{"count":0,"href":"https:\/\/ethrat.ch\/fr\/wp-json\/wp\/v2\/pages\/16568\/revisions"}],"up":[{"embeddable":true,"href":"https:\/\/ethrat.ch\/fr\/wp-json\/wp\/v2\/pages\/15881"}],"wp:attachment":[{"href":"https:\/\/ethrat.ch\/fr\/wp-json\/wp\/v2\/media?parent=16568"}],"wp:term":[{"taxonomy":"search-tag","embeddable":true,"href":"https:\/\/ethrat.ch\/fr\/wp-json\/wp\/v2\/search-tag?post=16568"}],"curies":[{"name":"wp","href":"https:\/\/api.w.org\/{rel}","templated":true}]}}