{"id":16349,"date":"2021-09-20T13:54:41","date_gmt":"2021-09-20T11:54:41","guid":{"rendered":"https:\/\/ethrat.ch\/zugang-zu-amtlichen-dokumenten\/"},"modified":"2024-04-10T13:52:35","modified_gmt":"2024-04-10T11:52:35","slug":"acces-aux-documents-officiels","status":"publish","type":"page","link":"https:\/\/ethrat.ch\/fr\/conseil-des-epf\/acces-aux-documents-officiels\/","title":{"rendered":"Acc\u00e8s aux documents officiels"},"content":{"rendered":"\t\t<div data-elementor-type=\"wp-page\" data-elementor-id=\"16349\" class=\"elementor elementor-16349 elementor-14028\" data-elementor-post-type=\"page\">\n\t\t\t\t\t\t<section class=\"elementor-section elementor-top-section elementor-element elementor-element-4b58f756 elementor-section-boxed elementor-section-height-default elementor-section-height-default\" data-id=\"4b58f756\" data-element_type=\"section\" data-e-type=\"section\">\n\t\t\t\t\t\t<div class=\"elementor-container elementor-column-gap-default\">\n\t\t\t\t\t<div class=\"elementor-column elementor-col-100 elementor-top-column elementor-element elementor-element-13d178cf\" data-id=\"13d178cf\" data-element_type=\"column\" data-e-type=\"column\" data-settings=\"{&quot;background_background&quot;:&quot;classic&quot;}\">\n\t\t\t<div class=\"elementor-widget-wrap elementor-element-populated\">\n\t\t\t\t\t\t<div class=\"elementor-element elementor-element-68de0990 elementor-widget elementor-widget-heading\" data-id=\"68de0990\" data-element_type=\"widget\" data-e-type=\"widget\" data-widget_type=\"heading.default\">\n\t\t\t\t<div class=\"elementor-widget-container\">\n\t\t\t\t\t<h1 class=\"elementor-heading-title elementor-size-default\">Acc\u00e8s aux documents officiels<\/h1>\t\t\t\t<\/div>\n\t\t\t\t<\/div>\n\t\t\t\t<div class=\"elementor-element elementor-element-8c61547 elementor-widget elementor-widget-spacer\" data-id=\"8c61547\" data-element_type=\"widget\" data-e-type=\"widget\" data-widget_type=\"spacer.default\">\n\t\t\t\t<div class=\"elementor-widget-container\">\n\t\t\t\t\t\t\t<div class=\"elementor-spacer\">\n\t\t\t<div class=\"elementor-spacer-inner\"><\/div>\n\t\t<\/div>\n\t\t\t\t\t\t<\/div>\n\t\t\t\t<\/div>\n\t\t\t\t<div class=\"elementor-element elementor-element-7a3b0a7c elementor-widget elementor-widget-text-editor\" data-id=\"7a3b0a7c\" data-element_type=\"widget\" data-e-type=\"widget\" data-widget_type=\"text-editor.default\">\n\t\t\t\t<div class=\"elementor-widget-container\">\n\t\t\t\t\t\t\t\t\t<p>Les demandes d\u00e9pos\u00e9es en vertu du principe de la transparence doivent \u00eatre adress\u00e9es \u00e0 l\u2019adresse ci-contre. Pour pouvoir traiter votre demande au mieux, nous vous serions reconnaissants de nous fournir des renseignements d\u00e9taill\u00e9s sur le document recherch\u00e9, p.&nbsp;ex.<\/p>\n<ul>\n<li>la date \u00e0 laquelle le document a \u00e9t\u00e9 \u00e9tabli (la LTrans ne s\u2019applique qu\u2019aux documents cr\u00e9\u00e9s \u00e0 compter du 1<sup>er<\/sup>&nbsp;juillet 2006), le titre ou l\u2019objet du document, le num\u00e9ro de r\u00e9f\u00e9rence;<\/li>\n<li>l\u2019autorit\u00e9 ayant \u00e9tabli le document;<\/li>\n<li>le domaine concern\u00e9.<\/li>\n<\/ul><div><br><\/div>\n<p>Merci d\u2019indiquer \u00e9galement une adresse de contact et un num\u00e9ro de t\u00e9l\u00e9phone o\u00f9 vous joindre au cas o\u00f9 nous aurions des pr\u00e9cisions \u00e0 vous demander.<\/p>\t\t\t\t\t\t\t\t<\/div>\n\t\t\t\t<\/div>\n\t\t\t\t\t<\/div>\n\t\t<\/div>\n\t\t\t\t\t<\/div>\n\t\t<\/section>\n\t\t\t\t<section class=\"elementor-section elementor-top-section elementor-element elementor-element-23e718b elementor-section-boxed elementor-section-height-default elementor-section-height-default\" data-id=\"23e718b\" data-element_type=\"section\" data-e-type=\"section\">\n\t\t\t\t\t\t<div class=\"elementor-container elementor-column-gap-default\">\n\t\t\t\t\t<div class=\"elementor-column elementor-col-50 elementor-top-column elementor-element elementor-element-e88585c\" data-id=\"e88585c\" data-element_type=\"column\" data-e-type=\"column\">\n\t\t\t<div class=\"elementor-widget-wrap elementor-element-populated\">\n\t\t\t\t\t\t<div class=\"elementor-element elementor-element-2cd7ffb elementor-widget elementor-widget-text-editor\" data-id=\"2cd7ffb\" data-element_type=\"widget\" data-e-type=\"widget\" data-widget_type=\"text-editor.default\">\n\t\t\t\t<div class=\"elementor-widget-container\">\n\t\t\t\t\t\t\t\t\t<h3>Contact<\/h3>\n<p>Contact pour toute question au sujet de la loi sur la transparence<br \/><a href=\"mailto:doku@ethrat.ch\"><span style=\"color: var( --e-global-color-text ); font-size: var( --e-global-typography-129859c-font-size ); font-style: var( --e-global-typography-129859c-font-style ); font-weight: var( --e-global-typography-129859c-font-weight ); letter-spacing: var( --e-global-typography-129859c-letter-spacing ); text-transform: var( --e-global-typography-129859c-text-transform ); word-spacing: var( --e-global-typography-129859c-word-spacing ); font-family: FagoOT, serif;\">d<\/span>oku@ethrat.ch<\/a><\/p>\n<p>Conseil des EPF<br \/>H\u00e4ldeliweg 15<br \/>8092 Zurich<\/p>\n\t\t\t\t\t\t\t\t<\/div>\n\t\t\t\t<\/div>\n\t\t\t\t\t<\/div>\n\t\t<\/div>\n\t\t\t\t<div class=\"elementor-column elementor-col-50 elementor-top-column elementor-element elementor-element-9c5874f\" data-id=\"9c5874f\" data-element_type=\"column\" data-e-type=\"column\">\n\t\t\t<div class=\"elementor-widget-wrap\">\n\t\t\t\t\t\t\t<\/div>\n\t\t<\/div>\n\t\t\t\t\t<\/div>\n\t\t<\/section>\n\t\t\t\t<\/div>\n\t\t","protected":false},"excerpt":{"rendered":"<p>Les demandes d\u00e9pos\u00e9es en vertu du principe de la transparence doivent \u00eatre adress\u00e9es \u00e0 l\u2019adresse ci-contre. Pour pouvoir traiter votre demande au mieux, nous vous serions reconnaissants de nous fournir des renseignements d\u00e9taill\u00e9s sur le document recherch\u00e9, p.&nbsp;ex. la date \u00e0 laquelle le document a \u00e9t\u00e9 \u00e9tabli (la LTrans ne s\u2019applique qu\u2019aux documents cr\u00e9\u00e9s \u00e0 &#8230;<\/p>\n","protected":false},"author":20,"featured_media":0,"parent":26058,"menu_order":0,"comment_status":"closed","ping_status":"closed","template":"","meta":{"_acf_changed":false,"footnotes":"","_links_to":"","_links_to_target":""},"search-tag":[],"class_list":["post-16349","page","type-page","status-publish","hentry"],"acf":[],"yoast_head":"<!-- This site is optimized with the Yoast SEO plugin v27.3 - https:\/\/yoast.com\/product\/yoast-seo-wordpress\/ -->\n<title>Acc\u00e8s aux documents officiels - Conseil des EPF<\/title>\n<meta name=\"robots\" content=\"index, follow, max-snippet:-1, max-image-preview:large, max-video-preview:-1\" \/>\n<link rel=\"canonical\" href=\"https:\/\/ethrat.ch\/fr\/conseil-des-epf\/acces-aux-documents-officiels\/\" \/>\n<meta property=\"og:locale\" content=\"fr_FR\" \/>\n<meta property=\"og:type\" content=\"article\" \/>\n<meta property=\"og:title\" content=\"Acc\u00e8s aux documents officiels - Conseil des EPF\" \/>\n<meta property=\"og:description\" content=\"Les demandes d\u00e9pos\u00e9es en vertu du principe de la transparence doivent \u00eatre adress\u00e9es \u00e0 l\u2019adresse ci-contre. Pour pouvoir traiter votre demande au mieux, nous vous serions reconnaissants de nous fournir des renseignements d\u00e9taill\u00e9s sur le document recherch\u00e9, p.&nbsp;ex. la date \u00e0 laquelle le document a \u00e9t\u00e9 \u00e9tabli (la LTrans ne s\u2019applique qu\u2019aux documents cr\u00e9\u00e9s \u00e0 ...\" \/>\n<meta property=\"og:url\" content=\"https:\/\/ethrat.ch\/fr\/conseil-des-epf\/acces-aux-documents-officiels\/\" \/>\n<meta property=\"og:site_name\" content=\"Conseil des EPF\" \/>\n<meta property=\"article:modified_time\" content=\"2024-04-10T11:52:35+00:00\" \/>\n<meta name=\"twitter:card\" content=\"summary_large_image\" \/>\n<meta name=\"twitter:site\" content=\"@eth_rat\" \/>\n<meta name=\"twitter:label1\" content=\"Dur\u00e9e de lecture estim\u00e9e\" \/>\n\t<meta name=\"twitter:data1\" content=\"1 minute\" \/>\n<script type=\"application\/ld+json\" class=\"yoast-schema-graph\">{\"@context\":\"https:\\\/\\\/schema.org\",\"@graph\":[{\"@type\":\"WebPage\",\"@id\":\"https:\\\/\\\/ethrat.ch\\\/fr\\\/conseil-des-epf\\\/acces-aux-documents-officiels\\\/\",\"url\":\"https:\\\/\\\/ethrat.ch\\\/fr\\\/conseil-des-epf\\\/acces-aux-documents-officiels\\\/\",\"name\":\"Acc\u00e8s aux documents officiels - Conseil des EPF\",\"isPartOf\":{\"@id\":\"https:\\\/\\\/ethrat.ch\\\/de\\\/#website\"},\"datePublished\":\"2021-09-20T11:54:41+00:00\",\"dateModified\":\"2024-04-10T11:52:35+00:00\",\"breadcrumb\":{\"@id\":\"https:\\\/\\\/ethrat.ch\\\/fr\\\/conseil-des-epf\\\/acces-aux-documents-officiels\\\/#breadcrumb\"},\"inLanguage\":\"fr-FR\",\"potentialAction\":[{\"@type\":\"ReadAction\",\"target\":[\"https:\\\/\\\/ethrat.ch\\\/fr\\\/conseil-des-epf\\\/acces-aux-documents-officiels\\\/\"]}]},{\"@type\":\"BreadcrumbList\",\"@id\":\"https:\\\/\\\/ethrat.ch\\\/fr\\\/conseil-des-epf\\\/acces-aux-documents-officiels\\\/#breadcrumb\",\"itemListElement\":[{\"@type\":\"ListItem\",\"position\":1,\"name\":\"Home\",\"item\":\"https:\\\/\\\/ethrat.ch\\\/fr\\\/\"},{\"@type\":\"ListItem\",\"position\":2,\"name\":\"Conseil des EPF\",\"item\":\"https:\\\/\\\/ethrat.ch\\\/fr\\\/conseil-des-epf\\\/le-conseil-des-epf-en-bref\\\/\"},{\"@type\":\"ListItem\",\"position\":3,\"name\":\"Acc\u00e8s aux documents officiels\"}]},{\"@type\":\"WebSite\",\"@id\":\"https:\\\/\\\/ethrat.ch\\\/de\\\/#website\",\"url\":\"https:\\\/\\\/ethrat.ch\\\/de\\\/\",\"name\":\"ETH-Rat\",\"description\":\"\",\"publisher\":{\"@id\":\"https:\\\/\\\/ethrat.ch\\\/de\\\/#organization\"},\"potentialAction\":[{\"@type\":\"SearchAction\",\"target\":{\"@type\":\"EntryPoint\",\"urlTemplate\":\"https:\\\/\\\/ethrat.ch\\\/de\\\/?s={search_term_string}\"},\"query-input\":{\"@type\":\"PropertyValueSpecification\",\"valueRequired\":true,\"valueName\":\"search_term_string\"}}],\"inLanguage\":\"fr-FR\"},{\"@type\":\"Organization\",\"@id\":\"https:\\\/\\\/ethrat.ch\\\/de\\\/#organization\",\"name\":\"ETH-Rat\",\"url\":\"https:\\\/\\\/ethrat.ch\\\/de\\\/\",\"logo\":{\"@type\":\"ImageObject\",\"inLanguage\":\"fr-FR\",\"@id\":\"https:\\\/\\\/ethrat.ch\\\/de\\\/#\\\/schema\\\/logo\\\/image\\\/\",\"url\":\"https:\\\/\\\/ethrat.ch\\\/wp-content\\\/uploads\\\/2024\\\/04\\\/logo-white.svg\",\"contentUrl\":\"https:\\\/\\\/ethrat.ch\\\/wp-content\\\/uploads\\\/2024\\\/04\\\/logo-white.svg\",\"width\":283,\"height\":81,\"caption\":\"ETH-Rat\"},\"image\":{\"@id\":\"https:\\\/\\\/ethrat.ch\\\/de\\\/#\\\/schema\\\/logo\\\/image\\\/\"},\"sameAs\":[\"https:\\\/\\\/x.com\\\/eth_rat\",\"https:\\\/\\\/issuu.com\\\/ethrat\",\"https:\\\/\\\/www.linkedin.com\\\/company\\\/eth-rat\\\/\"]}]}<\/script>\n<!-- \/ Yoast SEO plugin. -->","yoast_head_json":{"title":"Acc\u00e8s aux documents officiels - Conseil des EPF","robots":{"index":"index","follow":"follow","max-snippet":"max-snippet:-1","max-image-preview":"max-image-preview:large","max-video-preview":"max-video-preview:-1"},"canonical":"https:\/\/ethrat.ch\/fr\/conseil-des-epf\/acces-aux-documents-officiels\/","og_locale":"fr_FR","og_type":"article","og_title":"Acc\u00e8s aux documents officiels - Conseil des EPF","og_description":"Les demandes d\u00e9pos\u00e9es en vertu du principe de la transparence doivent \u00eatre adress\u00e9es \u00e0 l\u2019adresse ci-contre. Pour pouvoir traiter votre demande au mieux, nous vous serions reconnaissants de nous fournir des renseignements d\u00e9taill\u00e9s sur le document recherch\u00e9, p.&nbsp;ex. la date \u00e0 laquelle le document a \u00e9t\u00e9 \u00e9tabli (la LTrans ne s\u2019applique qu\u2019aux documents cr\u00e9\u00e9s \u00e0 ...","og_url":"https:\/\/ethrat.ch\/fr\/conseil-des-epf\/acces-aux-documents-officiels\/","og_site_name":"Conseil des EPF","article_modified_time":"2024-04-10T11:52:35+00:00","twitter_card":"summary_large_image","twitter_site":"@eth_rat","twitter_misc":{"Dur\u00e9e de lecture estim\u00e9e":"1 minute"},"schema":{"@context":"https:\/\/schema.org","@graph":[{"@type":"WebPage","@id":"https:\/\/ethrat.ch\/fr\/conseil-des-epf\/acces-aux-documents-officiels\/","url":"https:\/\/ethrat.ch\/fr\/conseil-des-epf\/acces-aux-documents-officiels\/","name":"Acc\u00e8s aux documents officiels - Conseil des EPF","isPartOf":{"@id":"https:\/\/ethrat.ch\/de\/#website"},"datePublished":"2021-09-20T11:54:41+00:00","dateModified":"2024-04-10T11:52:35+00:00","breadcrumb":{"@id":"https:\/\/ethrat.ch\/fr\/conseil-des-epf\/acces-aux-documents-officiels\/#breadcrumb"},"inLanguage":"fr-FR","potentialAction":[{"@type":"ReadAction","target":["https:\/\/ethrat.ch\/fr\/conseil-des-epf\/acces-aux-documents-officiels\/"]}]},{"@type":"BreadcrumbList","@id":"https:\/\/ethrat.ch\/fr\/conseil-des-epf\/acces-aux-documents-officiels\/#breadcrumb","itemListElement":[{"@type":"ListItem","position":1,"name":"Home","item":"https:\/\/ethrat.ch\/fr\/"},{"@type":"ListItem","position":2,"name":"Conseil des EPF","item":"https:\/\/ethrat.ch\/fr\/conseil-des-epf\/le-conseil-des-epf-en-bref\/"},{"@type":"ListItem","position":3,"name":"Acc\u00e8s aux documents officiels"}]},{"@type":"WebSite","@id":"https:\/\/ethrat.ch\/de\/#website","url":"https:\/\/ethrat.ch\/de\/","name":"ETH-Rat","description":"","publisher":{"@id":"https:\/\/ethrat.ch\/de\/#organization"},"potentialAction":[{"@type":"SearchAction","target":{"@type":"EntryPoint","urlTemplate":"https:\/\/ethrat.ch\/de\/?s={search_term_string}"},"query-input":{"@type":"PropertyValueSpecification","valueRequired":true,"valueName":"search_term_string"}}],"inLanguage":"fr-FR"},{"@type":"Organization","@id":"https:\/\/ethrat.ch\/de\/#organization","name":"ETH-Rat","url":"https:\/\/ethrat.ch\/de\/","logo":{"@type":"ImageObject","inLanguage":"fr-FR","@id":"https:\/\/ethrat.ch\/de\/#\/schema\/logo\/image\/","url":"https:\/\/ethrat.ch\/wp-content\/uploads\/2024\/04\/logo-white.svg","contentUrl":"https:\/\/ethrat.ch\/wp-content\/uploads\/2024\/04\/logo-white.svg","width":283,"height":81,"caption":"ETH-Rat"},"image":{"@id":"https:\/\/ethrat.ch\/de\/#\/schema\/logo\/image\/"},"sameAs":["https:\/\/x.com\/eth_rat","https:\/\/issuu.com\/ethrat","https:\/\/www.linkedin.com\/company\/eth-rat\/"]}]}},"_links":{"self":[{"href":"https:\/\/ethrat.ch\/fr\/wp-json\/wp\/v2\/pages\/16349","targetHints":{"allow":["GET"]}}],"collection":[{"href":"https:\/\/ethrat.ch\/fr\/wp-json\/wp\/v2\/pages"}],"about":[{"href":"https:\/\/ethrat.ch\/fr\/wp-json\/wp\/v2\/types\/page"}],"author":[{"embeddable":true,"href":"https:\/\/ethrat.ch\/fr\/wp-json\/wp\/v2\/users\/20"}],"replies":[{"embeddable":true,"href":"https:\/\/ethrat.ch\/fr\/wp-json\/wp\/v2\/comments?post=16349"}],"version-history":[{"count":0,"href":"https:\/\/ethrat.ch\/fr\/wp-json\/wp\/v2\/pages\/16349\/revisions"}],"up":[{"embeddable":true,"href":"https:\/\/ethrat.ch\/fr\/wp-json\/wp\/v2\/pages\/26058"}],"wp:attachment":[{"href":"https:\/\/ethrat.ch\/fr\/wp-json\/wp\/v2\/media?parent=16349"}],"wp:term":[{"taxonomy":"search-tag","embeddable":true,"href":"https:\/\/ethrat.ch\/fr\/wp-json\/wp\/v2\/search-tag?post=16349"}],"curies":[{"name":"wp","href":"https:\/\/api.w.org\/{rel}","templated":true}]}}