{"id":15812,"date":"2021-09-24T10:53:22","date_gmt":"2021-09-24T08:53:22","guid":{"rendered":"https:\/\/ethrat.ch\/energie-und-umweltkennzahlen\/"},"modified":"2021-12-01T10:15:49","modified_gmt":"2021-12-01T09:15:49","slug":"donnees-energetiques-et-environnementales","status":"publish","type":"page","link":"https:\/\/ethrat.ch\/fr\/donnees-energetiques-et-environnementales\/","title":{"rendered":"Donn\u00e9es \u00e9nerg\u00e9tiques et environnementales"},"content":{"rendered":"\t\t<div data-elementor-type=\"wp-page\" data-elementor-id=\"15812\" class=\"elementor elementor-15812 elementor-14071\" data-elementor-post-type=\"page\">\n\t\t\t\t\t\t<section class=\"elementor-section elementor-top-section elementor-element elementor-element-6e39f0e5 elementor-section-boxed elementor-section-height-default elementor-section-height-default\" data-id=\"6e39f0e5\" data-element_type=\"section\" data-e-type=\"section\">\n\t\t\t\t\t\t<div class=\"elementor-container elementor-column-gap-default\">\n\t\t\t\t\t<div class=\"elementor-column elementor-col-33 elementor-top-column elementor-element elementor-element-79f64b94\" data-id=\"79f64b94\" data-element_type=\"column\" data-e-type=\"column\">\n\t\t\t<div class=\"elementor-widget-wrap\">\n\t\t\t\t\t\t\t<\/div>\n\t\t<\/div>\n\t\t\t\t<div class=\"elementor-column elementor-col-33 elementor-top-column elementor-element elementor-element-60c77f5\" data-id=\"60c77f5\" data-element_type=\"column\" data-e-type=\"column\">\n\t\t\t<div class=\"elementor-widget-wrap elementor-element-populated\">\n\t\t\t\t\t\t<div class=\"elementor-element elementor-element-df04cb3 elementor-widget elementor-widget-mxm-breadcrumb\" data-id=\"df04cb3\" data-element_type=\"widget\" data-e-type=\"widget\" data-widget_type=\"mxm-breadcrumb.default\">\n\t\t\t\t<div class=\"elementor-widget-container\">\n\t\t\t\t\t<ul id=\"ah-breadcrumb\" class=\"ah-breadcrumb\"><li class=\"item\"><a href=\"https:\/\/ethrat.ch\/fr\/\">Home<\/a><\/li><li class=\"seperator\">|<\/li><\/ul>\t\t\t\t<\/div>\n\t\t\t\t<\/div>\n\t\t\t\t\t<\/div>\n\t\t<\/div>\n\t\t\t\t<div class=\"elementor-column elementor-col-33 elementor-top-column elementor-element elementor-element-161fd037 elementor-hidden-mobile\" data-id=\"161fd037\" data-element_type=\"column\" data-e-type=\"column\">\n\t\t\t<div class=\"elementor-widget-wrap elementor-element-populated\">\n\t\t\t\t\t\t<div class=\"elementor-element elementor-element-88cc5f3 elementor-widget__width-auto elementor-widget elementor-widget-image\" data-id=\"88cc5f3\" data-element_type=\"widget\" data-e-type=\"widget\" data-widget_type=\"image.default\">\n\t\t\t\t<div class=\"elementor-widget-container\">\n\t\t\t\t\t\t\t\t\t\t\t\t\t\t\t<img decoding=\"async\" width=\"22\" height=\"20\" src=\"https:\/\/ethrat.ch\/wp-content\/uploads\/2021\/08\/printer_icon.png\" class=\"attachment-thumbnail size-thumbnail wp-image-5371\" alt=\"\" \/>\t\t\t\t\t\t\t\t\t\t\t\t\t\t\t<\/div>\n\t\t\t\t<\/div>\n\t\t\t\t<div class=\"elementor-element elementor-element-3390337b elementor-share-buttons--view-text elementor-share-buttons--skin-minimal elementor-grid-1 elementor-widget__width-auto elementor-share-buttons--shape-square elementor-share-buttons--color-official elementor-widget elementor-widget-share-buttons\" data-id=\"3390337b\" data-element_type=\"widget\" data-e-type=\"widget\" data-widget_type=\"share-buttons.default\">\n\t\t\t\t<div class=\"elementor-widget-container\">\n\t\t\t\t\t\t\t<div class=\"elementor-grid\">\n\t\t\t\t\t\t\t\t<div class=\"elementor-grid-item\">\n\t\t\t\t\t\t<div class=\"elementor-share-btn elementor-share-btn_print\" role=\"button\" tabindex=\"0\" aria-label=\"Partager sur print\">\n\t\t\t\t\t\t\t\t\t\t\t\t\t\t\t\t\t\t\t\t\t\t<div class=\"elementor-share-btn__text\">\n\t\t\t\t\t\t\t\t\t\t\t\t\t\t\t\t\t\t\t<span class=\"elementor-share-btn__title\">\n\t\t\t\t\t\t\t\t\t\tDrucken\t\t\t\t\t\t\t\t\t<\/span>\n\t\t\t\t\t\t\t\t\t\t\t\t\t\t\t\t\t<\/div>\n\t\t\t\t\t\t\t\t\t\t\t\t\t<\/div>\n\t\t\t\t\t<\/div>\n\t\t\t\t\t\t<\/div>\n\t\t\t\t\t\t<\/div>\n\t\t\t\t<\/div>\n\t\t\t\t\t<\/div>\n\t\t<\/div>\n\t\t\t\t\t<\/div>\n\t\t<\/section>\n\t\t\t\t<section class=\"elementor-section elementor-top-section elementor-element elementor-element-15d399e7 elementor-section-boxed elementor-section-height-default elementor-section-height-default\" data-id=\"15d399e7\" data-element_type=\"section\" data-e-type=\"section\">\n\t\t\t\t\t\t<div class=\"elementor-container elementor-column-gap-default\">\n\t\t\t\t\t<div class=\"elementor-column elementor-col-33 elementor-top-column elementor-element elementor-element-2b3d06bf elementor-hidden-mobile\" data-id=\"2b3d06bf\" data-element_type=\"column\" data-e-type=\"column\">\n\t\t\t<div class=\"elementor-widget-wrap elementor-element-populated\">\n\t\t\t\t\t\t<div class=\"elementor-element elementor-element-77a2ba22 elementor-widget elementor-widget-spacer\" data-id=\"77a2ba22\" data-element_type=\"widget\" data-e-type=\"widget\" data-widget_type=\"spacer.default\">\n\t\t\t\t<div class=\"elementor-widget-container\">\n\t\t\t\t\t\t\t<div class=\"elementor-spacer\">\n\t\t\t<div class=\"elementor-spacer-inner\"><\/div>\n\t\t<\/div>\n\t\t\t\t\t\t<\/div>\n\t\t\t\t<\/div>\n\t\t\t\t\t<\/div>\n\t\t<\/div>\n\t\t\t\t<div class=\"elementor-column elementor-col-33 elementor-top-column elementor-element elementor-element-7bb1bd9d\" data-id=\"7bb1bd9d\" data-element_type=\"column\" data-e-type=\"column\" data-settings=\"{&quot;background_background&quot;:&quot;classic&quot;}\">\n\t\t\t<div class=\"elementor-widget-wrap elementor-element-populated\">\n\t\t\t\t\t\t<div class=\"elementor-element elementor-element-2c9b34fc elementor-widget elementor-widget-heading\" data-id=\"2c9b34fc\" data-element_type=\"widget\" data-e-type=\"widget\" data-widget_type=\"heading.default\">\n\t\t\t\t<div class=\"elementor-widget-container\">\n\t\t\t\t\t<h1 class=\"elementor-heading-title elementor-size-default\">Donn\u00e9es \u00e9nerg\u00e9tiques et environnementales<\/h1>\t\t\t\t<\/div>\n\t\t\t\t<\/div>\n\t\t\t\t<div class=\"elementor-element elementor-element-67e70620 elementor-widget elementor-widget-spacer\" data-id=\"67e70620\" data-element_type=\"widget\" data-e-type=\"widget\" data-widget_type=\"spacer.default\">\n\t\t\t\t<div class=\"elementor-widget-container\">\n\t\t\t\t\t\t\t<div class=\"elementor-spacer\">\n\t\t\t<div class=\"elementor-spacer-inner\"><\/div>\n\t\t<\/div>\n\t\t\t\t\t\t<\/div>\n\t\t\t\t<\/div>\n\t\t\t\t<div class=\"elementor-element elementor-element-18c78f5 elementor-widget elementor-widget-text-editor\" data-id=\"18c78f5\" data-element_type=\"widget\" data-e-type=\"widget\" data-widget_type=\"text-editor.default\">\n\t\t\t\t<div class=\"elementor-widget-container\">\n\t\t\t\t\t\t\t\t\t<p>Die Institutionen des ETH-Bereichs erfassen die wichtigsten Energie- und Umweltkennzahlen j\u00e4hrlich und publizieren sie im Gesch\u00e4ftsbericht des ETH-Bereichs. Die Messgr\u00f6ssen entsprechen denjenigen des<a href=\"https:\/\/www.rumba.admin.ch\/rumba\/de\/home.html\" target=\"_blank\" rel=\"noopener\">\u00a0<\/a><a href=\"https:\/\/www.rumba.admin.ch\/rumba\/de\/home.html\" target=\"_blank\" rel=\"noopener\">Ressourcen- und Umweltmanagements der Bundesverwaltung<\/a>\u00a0(RUMBA).*<\/p>\n<p>Von 2006 bis 2016 war der ETH-Bereich ebenfalls Teil der RUMBA-Berichterstattung. Im Rahmen des \u00abNeuen F\u00fchrungsmodells f\u00fcr die Bundesverwaltung\u00bb (NFB) wird das Programm RUMBA von 2017 bis 2020 neu ausgerichtet. Der ETH-Bereich ist in dieser Zeit nicht Teil von RUMBA.<\/p>\n<p>Die Berichterstattung \u00fcber die Kennzahlen f\u00fcr das Gesch\u00e4ftsjahr im Gesch\u00e4ftsbericht des ETH-Rats \u00fcber den ETH-Bereich erfolgt jeweils als Trend, weil bis zum Redaktionsschluss und Druck des Gesch\u00e4ftsberichts keine abschliessende Erfassung \u00fcber den eingekauften Energiemix im Strombereich m\u00f6glich ist. Die detaillierte Darstellung der Energie- und Umweltkennzahlen bilden deshalb jeweils das Vorjahr ab.<\/p>\n<p>Ein T\u00e4tigkeitsbericht der Institutionen sowie ein Schwerpunktthema erg\u00e4nzen das j\u00e4hrliche Reporting im Gesch\u00e4ftsbericht (GB). Als Schwerpunktthemen bereits erschienen sind\u00a0\u00ab<a href=\"https:\/\/ethrat.ch\/sites\/default\/files\/Taetig_EnergieUmwelt_ETHR_GB17_D.pdf\" target=\"_blank\" rel=\"noopener\">Mobilit\u00e4t: Erfassen, Steuern, Vermeiden<\/a>\u00bb (GB 2017), \u00ab<a href=\"https:\/\/ethrat.ch\/sites\/default\/files\/ETHR_GB16_Energie%20und%20Umwelt_D.pdf\" target=\"_blank\" rel=\"noopener\">Produktion erneuerbarer Energie<\/a>\u00bb (GB 2016) und \u00ab<a href=\"https:\/\/ethrat.ch\/sites\/default\/files\/ETHR_GB15_Energie%20und%20Umwelt_D.pdf\" target=\"_blank\" rel=\"noopener\">F\u00f6rderung der Biodiversit\u00e4t<\/a>\u00bb (GB 2015).<\/p>\n<p>*Da der ETH-Bereich jedoch \u2013 im Gegensatz zur Bundesverwaltung \u2013 energieintensive Forschung betreibt, lassen sich die Zahlen nicht direkt vergleichen.\u00a0<\/p>\n\t\t\t\t\t\t\t\t<\/div>\n\t\t\t\t<\/div>\n\t\t\t\t\t<\/div>\n\t\t<\/div>\n\t\t\t\t<div class=\"elementor-column elementor-col-33 elementor-top-column elementor-element elementor-element-673846a5 elementor-hidden-mobile\" data-id=\"673846a5\" data-element_type=\"column\" data-e-type=\"column\">\n\t\t\t<div class=\"elementor-widget-wrap elementor-element-populated\">\n\t\t\t\t\t\t<div class=\"elementor-element elementor-element-1152575b elementor-widget elementor-widget-spacer\" data-id=\"1152575b\" data-element_type=\"widget\" data-e-type=\"widget\" data-widget_type=\"spacer.default\">\n\t\t\t\t<div class=\"elementor-widget-container\">\n\t\t\t\t\t\t\t<div class=\"elementor-spacer\">\n\t\t\t<div class=\"elementor-spacer-inner\"><\/div>\n\t\t<\/div>\n\t\t\t\t\t\t<\/div>\n\t\t\t\t<\/div>\n\t\t\t\t<div class=\"elementor-element elementor-element-42bd661 elementor-widget elementor-widget-spacer\" data-id=\"42bd661\" data-element_type=\"widget\" data-e-type=\"widget\" data-widget_type=\"spacer.default\">\n\t\t\t\t<div class=\"elementor-widget-container\">\n\t\t\t\t\t\t\t<div class=\"elementor-spacer\">\n\t\t\t<div class=\"elementor-spacer-inner\"><\/div>\n\t\t<\/div>\n\t\t\t\t\t\t<\/div>\n\t\t\t\t<\/div>\n\t\t\t\t<div class=\"elementor-element elementor-element-30371e13 elementor-align-left elementor-widget elementor-widget-button\" data-id=\"30371e13\" data-element_type=\"widget\" data-e-type=\"widget\" data-widget_type=\"button.default\">\n\t\t\t\t<div class=\"elementor-widget-container\">\n\t\t\t\t\t\t\t\t\t<div class=\"elementor-button-wrapper\">\n\t\t\t\t\t<a class=\"elementor-button elementor-button-link elementor-size-sm\" href=\"#elementor-action%3Aaction%3Dpopup%3Aopen%26settings%3DeyJpZCI6NTAxNywidG9nZ2xlIjpmYWxzZX0%3D\">\n\t\t\t\t\t\t<span class=\"elementor-button-content-wrapper\">\n\t\t\t\t\t\t<span class=\"elementor-button-icon\">\n\t\t\t\t\t\t\t<\/span>\n\t\t\t\t\t\t\t\t\t<span class=\"elementor-button-text\">Partager l'article<\/span>\n\t\t\t\t\t<\/span>\n\t\t\t\t\t<\/a>\n\t\t\t\t<\/div>\n\t\t\t\t\t\t\t\t<\/div>\n\t\t\t\t<\/div>\n\t\t\t\t\t<\/div>\n\t\t<\/div>\n\t\t\t\t\t<\/div>\n\t\t<\/section>\n\t\t\t\t<\/div>\n\t\t","protected":false},"excerpt":{"rendered":"<p>Home Drucken Die Institutionen des ETH-Bereichs erfassen die wichtigsten Energie- und Umweltkennzahlen j\u00e4hrlich und publizieren sie im Gesch\u00e4ftsbericht des ETH-Bereichs. Die Messgr\u00f6ssen entsprechen denjenigen des\u00a0Ressourcen- und Umweltmanagements der Bundesverwaltung\u00a0(RUMBA).* Von 2006 bis 2016 war der ETH-Bereich ebenfalls Teil der RUMBA-Berichterstattung. Im Rahmen des \u00abNeuen F\u00fchrungsmodells f\u00fcr die Bundesverwaltung\u00bb (NFB) wird das Programm RUMBA von 2017 &#8230;<\/p>\n","protected":false},"author":11,"featured_media":0,"parent":0,"menu_order":0,"comment_status":"closed","ping_status":"closed","template":"","meta":{"_acf_changed":false,"footnotes":"","_links_to":"","_links_to_target":""},"search-tag":[],"class_list":["post-15812","page","type-page","status-publish","hentry"],"acf":[],"yoast_head":"<!-- This site is optimized with the Yoast SEO plugin v27.3 - https:\/\/yoast.com\/product\/yoast-seo-wordpress\/ -->\n<title>Donn\u00e9es \u00e9nerg\u00e9tiques et environnementales - Conseil des EPF<\/title>\n<meta name=\"robots\" content=\"index, follow, max-snippet:-1, max-image-preview:large, max-video-preview:-1\" \/>\n<link rel=\"canonical\" href=\"https:\/\/ethrat.ch\/fr\/donnees-energetiques-et-environnementales\/\" \/>\n<meta property=\"og:locale\" content=\"fr_FR\" \/>\n<meta property=\"og:type\" content=\"article\" \/>\n<meta property=\"og:title\" content=\"Donn\u00e9es \u00e9nerg\u00e9tiques et environnementales - Conseil des EPF\" \/>\n<meta property=\"og:description\" content=\"Home Drucken Die Institutionen des ETH-Bereichs erfassen die wichtigsten Energie- und Umweltkennzahlen j\u00e4hrlich und publizieren sie im Gesch\u00e4ftsbericht des ETH-Bereichs. Die Messgr\u00f6ssen entsprechen denjenigen des\u00a0Ressourcen- und Umweltmanagements der Bundesverwaltung\u00a0(RUMBA).* Von 2006 bis 2016 war der ETH-Bereich ebenfalls Teil der RUMBA-Berichterstattung. Im Rahmen des \u00abNeuen F\u00fchrungsmodells f\u00fcr die Bundesverwaltung\u00bb (NFB) wird das Programm RUMBA von 2017 ...\" \/>\n<meta property=\"og:url\" content=\"https:\/\/ethrat.ch\/fr\/donnees-energetiques-et-environnementales\/\" \/>\n<meta property=\"og:site_name\" content=\"Conseil des EPF\" \/>\n<meta property=\"article:modified_time\" content=\"2021-12-01T09:15:49+00:00\" \/>\n<meta property=\"og:image\" content=\"https:\/\/ethrat.ch\/wp-content\/uploads\/2021\/08\/printer_icon.png\" \/>\n\t<meta property=\"og:image:width\" content=\"22\" \/>\n\t<meta property=\"og:image:height\" content=\"20\" \/>\n\t<meta property=\"og:image:type\" content=\"image\/png\" \/>\n<meta name=\"twitter:card\" content=\"summary_large_image\" \/>\n<meta name=\"twitter:site\" content=\"@eth_rat\" \/>\n<meta name=\"twitter:label1\" content=\"Dur\u00e9e de lecture estim\u00e9e\" \/>\n\t<meta name=\"twitter:data1\" content=\"1 minute\" \/>\n<script type=\"application\/ld+json\" class=\"yoast-schema-graph\">{\"@context\":\"https:\\\/\\\/schema.org\",\"@graph\":[{\"@type\":\"WebPage\",\"@id\":\"https:\\\/\\\/ethrat.ch\\\/fr\\\/donnees-energetiques-et-environnementales\\\/\",\"url\":\"https:\\\/\\\/ethrat.ch\\\/fr\\\/donnees-energetiques-et-environnementales\\\/\",\"name\":\"Donn\u00e9es \u00e9nerg\u00e9tiques et environnementales - Conseil des EPF\",\"isPartOf\":{\"@id\":\"https:\\\/\\\/ethrat.ch\\\/de\\\/#website\"},\"primaryImageOfPage\":{\"@id\":\"https:\\\/\\\/ethrat.ch\\\/fr\\\/donnees-energetiques-et-environnementales\\\/#primaryimage\"},\"image\":{\"@id\":\"https:\\\/\\\/ethrat.ch\\\/fr\\\/donnees-energetiques-et-environnementales\\\/#primaryimage\"},\"thumbnailUrl\":\"https:\\\/\\\/ethrat.ch\\\/wp-content\\\/uploads\\\/2021\\\/08\\\/printer_icon.png\",\"datePublished\":\"2021-09-24T08:53:22+00:00\",\"dateModified\":\"2021-12-01T09:15:49+00:00\",\"breadcrumb\":{\"@id\":\"https:\\\/\\\/ethrat.ch\\\/fr\\\/donnees-energetiques-et-environnementales\\\/#breadcrumb\"},\"inLanguage\":\"fr-FR\",\"potentialAction\":[{\"@type\":\"ReadAction\",\"target\":[\"https:\\\/\\\/ethrat.ch\\\/fr\\\/donnees-energetiques-et-environnementales\\\/\"]}]},{\"@type\":\"ImageObject\",\"inLanguage\":\"fr-FR\",\"@id\":\"https:\\\/\\\/ethrat.ch\\\/fr\\\/donnees-energetiques-et-environnementales\\\/#primaryimage\",\"url\":\"https:\\\/\\\/ethrat.ch\\\/wp-content\\\/uploads\\\/2021\\\/08\\\/printer_icon.png\",\"contentUrl\":\"https:\\\/\\\/ethrat.ch\\\/wp-content\\\/uploads\\\/2021\\\/08\\\/printer_icon.png\"},{\"@type\":\"BreadcrumbList\",\"@id\":\"https:\\\/\\\/ethrat.ch\\\/fr\\\/donnees-energetiques-et-environnementales\\\/#breadcrumb\",\"itemListElement\":[{\"@type\":\"ListItem\",\"position\":1,\"name\":\"Home\",\"item\":\"https:\\\/\\\/ethrat.ch\\\/fr\\\/\"},{\"@type\":\"ListItem\",\"position\":2,\"name\":\"Donn\u00e9es \u00e9nerg\u00e9tiques et environnementales\"}]},{\"@type\":\"WebSite\",\"@id\":\"https:\\\/\\\/ethrat.ch\\\/de\\\/#website\",\"url\":\"https:\\\/\\\/ethrat.ch\\\/de\\\/\",\"name\":\"ETH-Rat\",\"description\":\"\",\"publisher\":{\"@id\":\"https:\\\/\\\/ethrat.ch\\\/de\\\/#organization\"},\"potentialAction\":[{\"@type\":\"SearchAction\",\"target\":{\"@type\":\"EntryPoint\",\"urlTemplate\":\"https:\\\/\\\/ethrat.ch\\\/de\\\/?s={search_term_string}\"},\"query-input\":{\"@type\":\"PropertyValueSpecification\",\"valueRequired\":true,\"valueName\":\"search_term_string\"}}],\"inLanguage\":\"fr-FR\"},{\"@type\":\"Organization\",\"@id\":\"https:\\\/\\\/ethrat.ch\\\/de\\\/#organization\",\"name\":\"ETH-Rat\",\"url\":\"https:\\\/\\\/ethrat.ch\\\/de\\\/\",\"logo\":{\"@type\":\"ImageObject\",\"inLanguage\":\"fr-FR\",\"@id\":\"https:\\\/\\\/ethrat.ch\\\/de\\\/#\\\/schema\\\/logo\\\/image\\\/\",\"url\":\"https:\\\/\\\/ethrat.ch\\\/wp-content\\\/uploads\\\/2024\\\/04\\\/logo-white.svg\",\"contentUrl\":\"https:\\\/\\\/ethrat.ch\\\/wp-content\\\/uploads\\\/2024\\\/04\\\/logo-white.svg\",\"width\":283,\"height\":81,\"caption\":\"ETH-Rat\"},\"image\":{\"@id\":\"https:\\\/\\\/ethrat.ch\\\/de\\\/#\\\/schema\\\/logo\\\/image\\\/\"},\"sameAs\":[\"https:\\\/\\\/x.com\\\/eth_rat\",\"https:\\\/\\\/issuu.com\\\/ethrat\",\"https:\\\/\\\/www.linkedin.com\\\/company\\\/eth-rat\\\/\"]}]}<\/script>\n<!-- \/ Yoast SEO plugin. -->","yoast_head_json":{"title":"Donn\u00e9es \u00e9nerg\u00e9tiques et environnementales - Conseil des EPF","robots":{"index":"index","follow":"follow","max-snippet":"max-snippet:-1","max-image-preview":"max-image-preview:large","max-video-preview":"max-video-preview:-1"},"canonical":"https:\/\/ethrat.ch\/fr\/donnees-energetiques-et-environnementales\/","og_locale":"fr_FR","og_type":"article","og_title":"Donn\u00e9es \u00e9nerg\u00e9tiques et environnementales - Conseil des EPF","og_description":"Home Drucken Die Institutionen des ETH-Bereichs erfassen die wichtigsten Energie- und Umweltkennzahlen j\u00e4hrlich und publizieren sie im Gesch\u00e4ftsbericht des ETH-Bereichs. Die Messgr\u00f6ssen entsprechen denjenigen des\u00a0Ressourcen- und Umweltmanagements der Bundesverwaltung\u00a0(RUMBA).* Von 2006 bis 2016 war der ETH-Bereich ebenfalls Teil der RUMBA-Berichterstattung. Im Rahmen des \u00abNeuen F\u00fchrungsmodells f\u00fcr die Bundesverwaltung\u00bb (NFB) wird das Programm RUMBA von 2017 ...","og_url":"https:\/\/ethrat.ch\/fr\/donnees-energetiques-et-environnementales\/","og_site_name":"Conseil des EPF","article_modified_time":"2021-12-01T09:15:49+00:00","og_image":[{"width":22,"height":20,"url":"https:\/\/ethrat.ch\/wp-content\/uploads\/2021\/08\/printer_icon.png","type":"image\/png"}],"twitter_card":"summary_large_image","twitter_site":"@eth_rat","twitter_misc":{"Dur\u00e9e de lecture estim\u00e9e":"1 minute"},"schema":{"@context":"https:\/\/schema.org","@graph":[{"@type":"WebPage","@id":"https:\/\/ethrat.ch\/fr\/donnees-energetiques-et-environnementales\/","url":"https:\/\/ethrat.ch\/fr\/donnees-energetiques-et-environnementales\/","name":"Donn\u00e9es \u00e9nerg\u00e9tiques et environnementales - Conseil des EPF","isPartOf":{"@id":"https:\/\/ethrat.ch\/de\/#website"},"primaryImageOfPage":{"@id":"https:\/\/ethrat.ch\/fr\/donnees-energetiques-et-environnementales\/#primaryimage"},"image":{"@id":"https:\/\/ethrat.ch\/fr\/donnees-energetiques-et-environnementales\/#primaryimage"},"thumbnailUrl":"https:\/\/ethrat.ch\/wp-content\/uploads\/2021\/08\/printer_icon.png","datePublished":"2021-09-24T08:53:22+00:00","dateModified":"2021-12-01T09:15:49+00:00","breadcrumb":{"@id":"https:\/\/ethrat.ch\/fr\/donnees-energetiques-et-environnementales\/#breadcrumb"},"inLanguage":"fr-FR","potentialAction":[{"@type":"ReadAction","target":["https:\/\/ethrat.ch\/fr\/donnees-energetiques-et-environnementales\/"]}]},{"@type":"ImageObject","inLanguage":"fr-FR","@id":"https:\/\/ethrat.ch\/fr\/donnees-energetiques-et-environnementales\/#primaryimage","url":"https:\/\/ethrat.ch\/wp-content\/uploads\/2021\/08\/printer_icon.png","contentUrl":"https:\/\/ethrat.ch\/wp-content\/uploads\/2021\/08\/printer_icon.png"},{"@type":"BreadcrumbList","@id":"https:\/\/ethrat.ch\/fr\/donnees-energetiques-et-environnementales\/#breadcrumb","itemListElement":[{"@type":"ListItem","position":1,"name":"Home","item":"https:\/\/ethrat.ch\/fr\/"},{"@type":"ListItem","position":2,"name":"Donn\u00e9es \u00e9nerg\u00e9tiques et environnementales"}]},{"@type":"WebSite","@id":"https:\/\/ethrat.ch\/de\/#website","url":"https:\/\/ethrat.ch\/de\/","name":"ETH-Rat","description":"","publisher":{"@id":"https:\/\/ethrat.ch\/de\/#organization"},"potentialAction":[{"@type":"SearchAction","target":{"@type":"EntryPoint","urlTemplate":"https:\/\/ethrat.ch\/de\/?s={search_term_string}"},"query-input":{"@type":"PropertyValueSpecification","valueRequired":true,"valueName":"search_term_string"}}],"inLanguage":"fr-FR"},{"@type":"Organization","@id":"https:\/\/ethrat.ch\/de\/#organization","name":"ETH-Rat","url":"https:\/\/ethrat.ch\/de\/","logo":{"@type":"ImageObject","inLanguage":"fr-FR","@id":"https:\/\/ethrat.ch\/de\/#\/schema\/logo\/image\/","url":"https:\/\/ethrat.ch\/wp-content\/uploads\/2024\/04\/logo-white.svg","contentUrl":"https:\/\/ethrat.ch\/wp-content\/uploads\/2024\/04\/logo-white.svg","width":283,"height":81,"caption":"ETH-Rat"},"image":{"@id":"https:\/\/ethrat.ch\/de\/#\/schema\/logo\/image\/"},"sameAs":["https:\/\/x.com\/eth_rat","https:\/\/issuu.com\/ethrat","https:\/\/www.linkedin.com\/company\/eth-rat\/"]}]}},"_links":{"self":[{"href":"https:\/\/ethrat.ch\/fr\/wp-json\/wp\/v2\/pages\/15812","targetHints":{"allow":["GET"]}}],"collection":[{"href":"https:\/\/ethrat.ch\/fr\/wp-json\/wp\/v2\/pages"}],"about":[{"href":"https:\/\/ethrat.ch\/fr\/wp-json\/wp\/v2\/types\/page"}],"author":[{"embeddable":true,"href":"https:\/\/ethrat.ch\/fr\/wp-json\/wp\/v2\/users\/11"}],"replies":[{"embeddable":true,"href":"https:\/\/ethrat.ch\/fr\/wp-json\/wp\/v2\/comments?post=15812"}],"version-history":[{"count":0,"href":"https:\/\/ethrat.ch\/fr\/wp-json\/wp\/v2\/pages\/15812\/revisions"}],"wp:attachment":[{"href":"https:\/\/ethrat.ch\/fr\/wp-json\/wp\/v2\/media?parent=15812"}],"wp:term":[{"taxonomy":"search-tag","embeddable":true,"href":"https:\/\/ethrat.ch\/fr\/wp-json\/wp\/v2\/search-tag?post=15812"}],"curies":[{"name":"wp","href":"https:\/\/api.w.org\/{rel}","templated":true}]}}