{"id":14269,"date":"2021-10-07T14:37:14","date_gmt":"2021-10-07T12:37:14","guid":{"rendered":"https:\/\/ethrat.ch\/zwischen-evaluation-2019\/"},"modified":"2024-02-09T17:49:05","modified_gmt":"2024-02-09T16:49:05","slug":"evaluation-intermediaire-2019","status":"publish","type":"page","link":"https:\/\/ethrat.ch\/fr\/actualites\/evaluation-intermediaire-2019\/","title":{"rendered":"Evaluation interm\u00e9diaire 2019 du Domaine des EPF"},"content":{"rendered":"\t\t<div data-elementor-type=\"wp-page\" data-elementor-id=\"14269\" class=\"elementor elementor-14269 elementor-14081\" data-elementor-post-type=\"page\">\n\t\t\t\t\t\t<section class=\"elementor-section elementor-top-section elementor-element elementor-element-9608200 elementor-section-boxed elementor-section-height-default elementor-section-height-default\" data-id=\"9608200\" data-element_type=\"section\" data-e-type=\"section\">\n\t\t\t\t\t\t<div class=\"elementor-container elementor-column-gap-default\">\n\t\t\t\t\t<div class=\"elementor-column elementor-col-100 elementor-top-column elementor-element elementor-element-03b7f3f\" data-id=\"03b7f3f\" data-element_type=\"column\" data-e-type=\"column\" data-settings=\"{&quot;background_background&quot;:&quot;classic&quot;}\">\n\t\t\t<div class=\"elementor-widget-wrap elementor-element-populated\">\n\t\t\t\t\t\t<div class=\"elementor-element elementor-element-8a9cdaf elementor-widget elementor-widget-image\" data-id=\"8a9cdaf\" data-element_type=\"widget\" data-e-type=\"widget\" data-widget_type=\"image.default\">\n\t\t\t\t<div class=\"elementor-widget-container\">\n\t\t\t\t\t\t\t\t\t\t\t\t\t\t\t<img decoding=\"async\" width=\"1120\" height=\"580\" src=\"https:\/\/ethrat.ch\/wp-content\/uploads\/2021\/11\/Petrol_francesco-ungaro-_yJWGhKaO8k-unsplash-1.jpg\" class=\"attachment-full size-full wp-image-19483\" alt=\"\" srcset=\"https:\/\/ethrat.ch\/wp-content\/uploads\/2021\/11\/Petrol_francesco-ungaro-_yJWGhKaO8k-unsplash-1.jpg 1120w, https:\/\/ethrat.ch\/wp-content\/uploads\/2021\/11\/Petrol_francesco-ungaro-_yJWGhKaO8k-unsplash-1-300x155.jpg 300w, https:\/\/ethrat.ch\/wp-content\/uploads\/2021\/11\/Petrol_francesco-ungaro-_yJWGhKaO8k-unsplash-1-1024x530.jpg 1024w, https:\/\/ethrat.ch\/wp-content\/uploads\/2021\/11\/Petrol_francesco-ungaro-_yJWGhKaO8k-unsplash-1-768x398.jpg 768w\" sizes=\"(max-width: 1120px) 100vw, 1120px\" \/>\t\t\t\t\t\t\t\t\t\t\t\t\t\t\t<\/div>\n\t\t\t\t<\/div>\n\t\t\t\t\t<\/div>\n\t\t<\/div>\n\t\t\t\t\t<\/div>\n\t\t<\/section>\n\t\t\t\t<section class=\"elementor-section elementor-top-section elementor-element elementor-element-27877cc elementor-section-boxed elementor-section-height-default elementor-section-height-default\" data-id=\"27877cc\" data-element_type=\"section\" data-e-type=\"section\">\n\t\t\t\t\t\t<div class=\"elementor-container elementor-column-gap-default\">\n\t\t\t\t\t<div class=\"elementor-column elementor-col-100 elementor-top-column elementor-element elementor-element-1958dba\" data-id=\"1958dba\" data-element_type=\"column\" data-e-type=\"column\">\n\t\t\t<div class=\"elementor-widget-wrap elementor-element-populated\">\n\t\t\t\t\t\t<div class=\"elementor-element elementor-element-1a2e56d elementor-widget elementor-widget-heading\" data-id=\"1a2e56d\" data-element_type=\"widget\" data-e-type=\"widget\" data-widget_type=\"heading.default\">\n\t\t\t\t<div class=\"elementor-widget-container\">\n\t\t\t\t\t<h1 class=\"elementor-heading-title elementor-size-default\">Evaluation interm\u00e9diaire 2019 du Domaine des EPF<\/h1>\t\t\t\t<\/div>\n\t\t\t\t<\/div>\n\t\t\t\t<div class=\"elementor-element elementor-element-42ed6ad elementor-widget elementor-widget-text-editor\" data-id=\"42ed6ad\" data-element_type=\"widget\" data-e-type=\"widget\" data-widget_type=\"text-editor.default\">\n\t\t\t\t<div class=\"elementor-widget-container\">\n\t\t\t\t\t\t\t\t\t<p>Tous les quatre ans, \u00e0 mi-parcours de la p\u00e9riode de prestations, le Domaine des EPF se soumet \u00e0 une \u00e9valuation approfondie de ses activit\u00e9s par un comit\u00e9 international d\u2019experts, mandat\u00e9s pour ce faire par le chef du d\u00e9partement f\u00e9d\u00e9ral comp\u00e9tent.<\/p>\n<p>C\u2019est avec un grand int\u00e9r\u00eat que le Conseil des EPF a pris connaissance des r\u00e9sultats de l\u2019\u00e9valuation interm\u00e9diaire 2019. Les experts ont analys\u00e9 \u00e0 cette occasion le positionnement et le r\u00f4le du Domaine des EPF dans le secteur suisse de l\u2019enseignement sup\u00e9rieur et de la recherche et aussi d\u00e9fini le d\u00e9veloppement qu\u2019ils pr\u00e9conisent pour le Domaine des EPF \u00e0 l\u2019avenir afin qu\u2019il soit en mesure de conserver sa comp\u00e9titivit\u00e9 \u00e0 l\u2019international, tout en oeuvrant au service de la Suisse. Le Conseil des EPF se f\u00e9licite vivement du caract\u00e8re prospectif de ces recommandations, qui permettront au Domaine des EPF d\u2019appr\u00e9hender son d\u00e9veloppement futur dans l\u2019int\u00e9r\u00eat de la soci\u00e9t\u00e9 et de l\u2019\u00e9conomie suisse.<\/p>\n<p>En r\u00e9ponse aux recommandations des experts et \u00e0 la lumi\u00e8re de consid\u00e9rations strat\u00e9giques, le Conseil des EPF a d\u00e9fini les mesures de <strong>premi\u00e8re priorit\u00e9<\/strong> suivantes:<\/p>\n<p>Face \u00e0 la concurrence mondiale croissante et vu les enjeux scientifiques et de soci\u00e9t\u00e9 majeurs, il s\u2019av\u00e8re indispensable de<strong> revoir en profondeur la structure organisationnelle du Domaine des EPF<\/strong>. Les crit\u00e8res principaux de cette analyse portent, d\u2019une part, sur la capacit\u00e9 du Domaine des EPF \u00e0 d\u00e9finir avec rapidit\u00e9 et souplesse des objectifs th\u00e9matiques pour r\u00e9pondre de fa\u00e7on appropri\u00e9e aux besoins sociaux, humanitaires et \u00e9conomiques pressants et, d\u2019autre part, sur son aptitude \u00e0 encourager les programmes de recherche multidisciplinaires pour apporter des solutions novatrices au service du d\u00e9veloppement durable. L\u2019analyse a tout d\u2019abord port\u00e9 sur la structure du Domaine des EPF ainsi que sur la coop\u00e9ration en son sein. Lors d\u2019une prochaine \u00e9tape, il s\u2019agira d\u2019inclure les partenaires externes (y c. les universit\u00e9s, les HES et les offices f\u00e9d\u00e9raux).<\/p>\n<ul>\n<li>La r\u00e9vision partielle de la Loi sur les EPF, actuellement en cours, permettra d\u2019am\u00e9liorer encore la <strong>gouvernance<\/strong> dans le Domaine des EPF puisqu\u2019il sera d\u00fbment tenu compte des particularit\u00e9s propres \u00e0 la conduite et \u00e0 la supervision d\u2019institutions d\u2019enseignement sup\u00e9rieur et de recherche.<\/li>\n<\/ul>\n<div><br><\/div>\n<ul>\n<li>L<strong style=\"background-color: transparent; color: var( --e-global-color-secondary ); font-style: var( --e-global-typography-33c4b5f-font-style ); letter-spacing: var( --e-global-typography-33c4b5f-letter-spacing ); text-transform: var( --e-global-typography-33c4b5f-text-transform ); word-spacing: var( --e-global-typography-33c4b5f-word-spacing );\">\u2019ouverture internationale et la coop\u00e9ration multilat\u00e9rale<\/strong><span style=\"background-color: transparent; color: var( --e-global-color-secondary ); font-style: var( --e-global-typography-33c4b5f-font-style ); font-weight: var( --e-global-typography-33c4b5f-font-weight ); letter-spacing: var( --e-global-typography-33c4b5f-letter-spacing ); text-transform: var( --e-global-typography-33c4b5f-text-transform ); word-spacing: var( --e-global-typography-33c4b5f-word-spacing );\"> sont essentielles \u00e0 la comp\u00e9titivit\u00e9 et au positionnement des institutions du Domaine des EPF face \u00e0 la concurrence mondiale. L\u2019acc\u00e8s aux r\u00e9seaux internationaux et la participation \u00e0 des programmes de recherche \u00e9trangers (notamment Horizon Europe) sont cruciaux pour rester comp\u00e9titifs au plan mondial, permettre aux jeunes universitaires suisses de progresser et donner \u00e0 la Suisse les moyens de relever les enjeux de soci\u00e9t\u00e9.<\/span><\/li>\n<\/ul>\n<div><br><\/div>\n<ul>\n<li>Les institutions du Domaine des EPF renforceront et d\u00e9velopperont leurs <strong style=\"background-color: transparent; color: var( --e-global-color-secondary ); font-style: var( --e-global-typography-33c4b5f-font-style ); letter-spacing: var( --e-global-typography-33c4b5f-letter-spacing ); text-transform: var( --e-global-typography-33c4b5f-text-transform ); word-spacing: var( --e-global-typography-33c4b5f-word-spacing );\">offres de cours de formation continue<\/strong><span style=\"background-color: transparent; color: var( --e-global-color-secondary ); font-style: var( --e-global-typography-33c4b5f-font-style ); font-weight: var( --e-global-typography-33c4b5f-font-weight ); letter-spacing: var( --e-global-typography-33c4b5f-letter-spacing ); text-transform: var( --e-global-typography-33c4b5f-text-transform ); word-spacing: var( --e-global-typography-33c4b5f-word-spacing );\">, en ciblant plus particuli\u00e8rement les anciens dipl\u00f4m\u00e9s de l\u2019ETH Zurich et de l\u2019EPFL, ainsi que les personnes ayant un autre bagage \u00e9ducatif, afin que tous puissent acqu\u00e9rir les comp\u00e9tences num\u00e9riques n\u00e9cessaires pour relever le d\u00e9fi de la num\u00e9risation dans leurs fonctions de direction respectives. Le capital humain constitue la cl\u00e9 du succ\u00e8s du d\u00e9veloppement futur du Domaine des EPF. Le Conseil des EPF souligne l\u2019importance majeure de disposer d\u2019un leadership et d\u2019un management de premi\u00e8re qualit\u00e9 et veut s\u2019assurer que les processus ad\u00e9quats ont \u00e9t\u00e9 mis en place dans toutes les institutions du Domaine des EPF.<\/span><\/li><\/ul><div><br><\/div><ul><li>Les <strong style=\"background-color: transparent; color: var( --e-global-color-secondary ); font-style: var( --e-global-typography-33c4b5f-font-style ); letter-spacing: var( --e-global-typography-33c4b5f-letter-spacing ); text-transform: var( --e-global-typography-33c4b5f-text-transform ); word-spacing: var( --e-global-typography-33c4b5f-word-spacing );\">r\u00e9serves<\/strong><span style=\"background-color: transparent; color: var( --e-global-color-secondary ); font-style: var( --e-global-typography-33c4b5f-font-style ); font-weight: var( --e-global-typography-33c4b5f-font-weight ); letter-spacing: var( --e-global-typography-33c4b5f-letter-spacing ); text-transform: var( --e-global-typography-33c4b5f-text-transform ); word-spacing: var( --e-global-typography-33c4b5f-word-spacing );\"> constituent un aspect crucial. Chaque institution du Domaine des EPF g\u00e9rera en effet ses r\u00e9serves de mani\u00e8re \u00e0 encourager son propre d\u00e9veloppement strat\u00e9gique ainsi qu\u2019\u00e0 lancer de nouvelles initiatives et explorer de nouveaux champs d\u2019investigation.<\/span><\/li><\/ul><div><br><\/div><ul><li>La <strong style=\"background-color: transparent; color: var( --e-global-color-secondary ); font-style: var( --e-global-typography-33c4b5f-font-style ); letter-spacing: var( --e-global-typography-33c4b5f-letter-spacing ); text-transform: var( --e-global-typography-33c4b5f-text-transform ); word-spacing: var( --e-global-typography-33c4b5f-word-spacing );\">communication<\/strong><span style=\"background-color: transparent; color: var( --e-global-color-secondary ); font-style: var( --e-global-typography-33c4b5f-font-style ); font-weight: var( --e-global-typography-33c4b5f-font-weight ); letter-spacing: var( --e-global-typography-33c4b5f-letter-spacing ); text-transform: var( --e-global-typography-33c4b5f-text-transform ); word-spacing: var( --e-global-typography-33c4b5f-word-spacing );\"> avec le grand public et avec les acteurs-cl\u00e9s est d\u2019une importance capitale. Le Conseil des EPF reconna\u00eet la n\u00e9cessit\u00e9 d\u2019\u00e9largir la port\u00e9e des efforts de communication d\u00e9ploy\u00e9s par le Domaine des EPF en mettant l\u2019accent sur l\u2019impact des projets de recherche men\u00e9s par les institutions, sur les services qu\u2019elles rendent \u00e0 la soci\u00e9t\u00e9 ainsi que sur la mani\u00e8re dont elles peuvent aider \u00e0 fa\u00e7onner les processus de transition qui touchent la soci\u00e9t\u00e9.<\/span><\/li>\n<\/ul><div><br><\/div>\n<p>Les recommandations formul\u00e9es dans le cadre de l\u2019\u00e9valuation interm\u00e9diaire 2019 identifient ou confirment les champs d\u2019action strat\u00e9giques majeurs. Elles permettront d\u2019acc\u00e9l\u00e9rer la mise en oeuvre des diff\u00e9rentes mesures choisies. D\u00e9finir et appliquer ces mesures \u00e0 l\u2019\u00e9chelle du Domaine des EPF et de ses institutions n\u00e9cessitera les efforts conjoints du Conseil des EPF et des institutions, ainsi qu\u2019un calendrier ad\u00e9quat. Le Conseil des EPF est convaincu qu\u2019\u00e0 l\u2019issue de ce processus, le Domaine des EPF sera bien arm\u00e9 pour relever les d\u00e9fis de demain.<\/p>\t\t\t\t\t\t\t\t<\/div>\n\t\t\t\t<\/div>\n\t\t\t\t\t<\/div>\n\t\t<\/div>\n\t\t\t\t\t<\/div>\n\t\t<\/section>\n\t\t\t\t<section class=\"elementor-section elementor-top-section elementor-element elementor-element-473ac3b elementor-section-boxed elementor-section-height-default elementor-section-height-default\" data-id=\"473ac3b\" data-element_type=\"section\" data-e-type=\"section\">\n\t\t\t\t\t\t<div class=\"elementor-container elementor-column-gap-default\">\n\t\t\t\t\t<div class=\"elementor-column elementor-col-100 elementor-top-column elementor-element elementor-element-b77b7c3\" data-id=\"b77b7c3\" data-element_type=\"column\" data-e-type=\"column\">\n\t\t\t<div class=\"elementor-widget-wrap elementor-element-populated\">\n\t\t\t\t\t\t<div class=\"elementor-element elementor-element-040968d elementor-widget elementor-widget-spacer\" data-id=\"040968d\" data-element_type=\"widget\" data-e-type=\"widget\" data-widget_type=\"spacer.default\">\n\t\t\t\t<div class=\"elementor-widget-container\">\n\t\t\t\t\t\t\t<div class=\"elementor-spacer\">\n\t\t\t<div class=\"elementor-spacer-inner\"><\/div>\n\t\t<\/div>\n\t\t\t\t\t\t<\/div>\n\t\t\t\t<\/div>\n\t\t\t\t\t<\/div>\n\t\t<\/div>\n\t\t\t\t\t<\/div>\n\t\t<\/section>\n\t\t\t\t<section class=\"elementor-section elementor-top-section elementor-element elementor-element-e602b1a elementor-section-boxed elementor-section-height-default elementor-section-height-default\" data-id=\"e602b1a\" data-element_type=\"section\" data-e-type=\"section\">\n\t\t\t\t\t\t<div class=\"elementor-container elementor-column-gap-default\">\n\t\t\t\t\t<div class=\"elementor-column elementor-col-100 elementor-top-column elementor-element elementor-element-cfb90cb\" data-id=\"cfb90cb\" data-element_type=\"column\" data-e-type=\"column\">\n\t\t\t<div class=\"elementor-widget-wrap\">\n\t\t\t\t\t\t\t<\/div>\n\t\t<\/div>\n\t\t\t\t\t<\/div>\n\t\t<\/section>\n\t\t\t\t<\/div>\n\t\t","protected":false},"excerpt":{"rendered":"<p>Tous les quatre ans, \u00e0 mi-parcours de la p\u00e9riode de prestations, le Domaine des EPF se soumet \u00e0 une \u00e9valuation approfondie de ses activit\u00e9s par un comit\u00e9 international d\u2019experts, mandat\u00e9s pour ce faire par le chef du d\u00e9partement f\u00e9d\u00e9ral comp\u00e9tent. C\u2019est avec un grand int\u00e9r\u00eat que le Conseil des EPF a pris connaissance des r\u00e9sultats &#8230;<\/p>\n","protected":false},"author":11,"featured_media":0,"parent":16811,"menu_order":0,"comment_status":"closed","ping_status":"closed","template":"","meta":{"_acf_changed":false,"footnotes":"","_links_to":"","_links_to_target":""},"search-tag":[],"class_list":["post-14269","page","type-page","status-publish","hentry"],"acf":[],"yoast_head":"<!-- This site is optimized with the Yoast SEO plugin v27.3 - https:\/\/yoast.com\/product\/yoast-seo-wordpress\/ -->\n<title>Evaluation interm\u00e9diaire 2019 du Domaine des EPF - Conseil des EPF<\/title>\n<meta name=\"robots\" content=\"index, follow, max-snippet:-1, max-image-preview:large, max-video-preview:-1\" \/>\n<link rel=\"canonical\" href=\"https:\/\/ethrat.ch\/fr\/actualites\/evaluation-intermediaire-2019\/\" \/>\n<meta property=\"og:locale\" content=\"fr_FR\" \/>\n<meta property=\"og:type\" content=\"article\" \/>\n<meta property=\"og:title\" content=\"Evaluation interm\u00e9diaire 2019 du Domaine des EPF - Conseil des EPF\" \/>\n<meta property=\"og:description\" content=\"Tous les quatre ans, \u00e0 mi-parcours de la p\u00e9riode de prestations, le Domaine des EPF se soumet \u00e0 une \u00e9valuation approfondie de ses activit\u00e9s par un comit\u00e9 international d\u2019experts, mandat\u00e9s pour ce faire par le chef du d\u00e9partement f\u00e9d\u00e9ral comp\u00e9tent. C\u2019est avec un grand int\u00e9r\u00eat que le Conseil des EPF a pris connaissance des r\u00e9sultats ...\" \/>\n<meta property=\"og:url\" content=\"https:\/\/ethrat.ch\/fr\/actualites\/evaluation-intermediaire-2019\/\" \/>\n<meta property=\"og:site_name\" content=\"Conseil des EPF\" \/>\n<meta property=\"article:modified_time\" content=\"2024-02-09T16:49:05+00:00\" \/>\n<meta property=\"og:image\" content=\"https:\/\/ethrat.ch\/wp-content\/uploads\/2021\/11\/Petrol_francesco-ungaro-_yJWGhKaO8k-unsplash-1.jpg\" \/>\n\t<meta property=\"og:image:width\" content=\"1120\" \/>\n\t<meta property=\"og:image:height\" content=\"580\" \/>\n\t<meta property=\"og:image:type\" content=\"image\/jpeg\" \/>\n<meta name=\"twitter:card\" content=\"summary_large_image\" \/>\n<meta name=\"twitter:site\" content=\"@eth_rat\" \/>\n<meta name=\"twitter:label1\" content=\"Dur\u00e9e de lecture estim\u00e9e\" \/>\n\t<meta name=\"twitter:data1\" content=\"4 minutes\" \/>\n<script type=\"application\/ld+json\" class=\"yoast-schema-graph\">{\"@context\":\"https:\\\/\\\/schema.org\",\"@graph\":[{\"@type\":\"WebPage\",\"@id\":\"https:\\\/\\\/ethrat.ch\\\/fr\\\/actualites\\\/evaluation-intermediaire-2019\\\/\",\"url\":\"https:\\\/\\\/ethrat.ch\\\/fr\\\/actualites\\\/evaluation-intermediaire-2019\\\/\",\"name\":\"Evaluation interm\u00e9diaire 2019 du Domaine des EPF - Conseil des EPF\",\"isPartOf\":{\"@id\":\"https:\\\/\\\/ethrat.ch\\\/de\\\/#website\"},\"primaryImageOfPage\":{\"@id\":\"https:\\\/\\\/ethrat.ch\\\/fr\\\/actualites\\\/evaluation-intermediaire-2019\\\/#primaryimage\"},\"image\":{\"@id\":\"https:\\\/\\\/ethrat.ch\\\/fr\\\/actualites\\\/evaluation-intermediaire-2019\\\/#primaryimage\"},\"thumbnailUrl\":\"https:\\\/\\\/ethrat.ch\\\/wp-content\\\/uploads\\\/2021\\\/11\\\/Petrol_francesco-ungaro-_yJWGhKaO8k-unsplash-1.jpg\",\"datePublished\":\"2021-10-07T12:37:14+00:00\",\"dateModified\":\"2024-02-09T16:49:05+00:00\",\"breadcrumb\":{\"@id\":\"https:\\\/\\\/ethrat.ch\\\/fr\\\/actualites\\\/evaluation-intermediaire-2019\\\/#breadcrumb\"},\"inLanguage\":\"fr-FR\",\"potentialAction\":[{\"@type\":\"ReadAction\",\"target\":[\"https:\\\/\\\/ethrat.ch\\\/fr\\\/actualites\\\/evaluation-intermediaire-2019\\\/\"]}]},{\"@type\":\"ImageObject\",\"inLanguage\":\"fr-FR\",\"@id\":\"https:\\\/\\\/ethrat.ch\\\/fr\\\/actualites\\\/evaluation-intermediaire-2019\\\/#primaryimage\",\"url\":\"https:\\\/\\\/ethrat.ch\\\/wp-content\\\/uploads\\\/2021\\\/11\\\/Petrol_francesco-ungaro-_yJWGhKaO8k-unsplash-1.jpg\",\"contentUrl\":\"https:\\\/\\\/ethrat.ch\\\/wp-content\\\/uploads\\\/2021\\\/11\\\/Petrol_francesco-ungaro-_yJWGhKaO8k-unsplash-1.jpg\"},{\"@type\":\"BreadcrumbList\",\"@id\":\"https:\\\/\\\/ethrat.ch\\\/fr\\\/actualites\\\/evaluation-intermediaire-2019\\\/#breadcrumb\",\"itemListElement\":[{\"@type\":\"ListItem\",\"position\":1,\"name\":\"Home\",\"item\":\"https:\\\/\\\/ethrat.ch\\\/fr\\\/\"},{\"@type\":\"ListItem\",\"position\":2,\"name\":\"Actualit\u00e9s\",\"item\":\"https:\\\/\\\/ethrat.ch\\\/fr\\\/actualites\\\/\"},{\"@type\":\"ListItem\",\"position\":3,\"name\":\"Evaluation interm\u00e9diaire 2019 du Domaine des EPF\"}]},{\"@type\":\"WebSite\",\"@id\":\"https:\\\/\\\/ethrat.ch\\\/de\\\/#website\",\"url\":\"https:\\\/\\\/ethrat.ch\\\/de\\\/\",\"name\":\"ETH-Rat\",\"description\":\"\",\"publisher\":{\"@id\":\"https:\\\/\\\/ethrat.ch\\\/de\\\/#organization\"},\"potentialAction\":[{\"@type\":\"SearchAction\",\"target\":{\"@type\":\"EntryPoint\",\"urlTemplate\":\"https:\\\/\\\/ethrat.ch\\\/de\\\/?s={search_term_string}\"},\"query-input\":{\"@type\":\"PropertyValueSpecification\",\"valueRequired\":true,\"valueName\":\"search_term_string\"}}],\"inLanguage\":\"fr-FR\"},{\"@type\":\"Organization\",\"@id\":\"https:\\\/\\\/ethrat.ch\\\/de\\\/#organization\",\"name\":\"ETH-Rat\",\"url\":\"https:\\\/\\\/ethrat.ch\\\/de\\\/\",\"logo\":{\"@type\":\"ImageObject\",\"inLanguage\":\"fr-FR\",\"@id\":\"https:\\\/\\\/ethrat.ch\\\/de\\\/#\\\/schema\\\/logo\\\/image\\\/\",\"url\":\"https:\\\/\\\/ethrat.ch\\\/wp-content\\\/uploads\\\/2024\\\/04\\\/logo-white.svg\",\"contentUrl\":\"https:\\\/\\\/ethrat.ch\\\/wp-content\\\/uploads\\\/2024\\\/04\\\/logo-white.svg\",\"width\":283,\"height\":81,\"caption\":\"ETH-Rat\"},\"image\":{\"@id\":\"https:\\\/\\\/ethrat.ch\\\/de\\\/#\\\/schema\\\/logo\\\/image\\\/\"},\"sameAs\":[\"https:\\\/\\\/x.com\\\/eth_rat\",\"https:\\\/\\\/issuu.com\\\/ethrat\",\"https:\\\/\\\/www.linkedin.com\\\/company\\\/eth-rat\\\/\"]}]}<\/script>\n<!-- \/ Yoast SEO plugin. -->","yoast_head_json":{"title":"Evaluation interm\u00e9diaire 2019 du Domaine des EPF - Conseil des EPF","robots":{"index":"index","follow":"follow","max-snippet":"max-snippet:-1","max-image-preview":"max-image-preview:large","max-video-preview":"max-video-preview:-1"},"canonical":"https:\/\/ethrat.ch\/fr\/actualites\/evaluation-intermediaire-2019\/","og_locale":"fr_FR","og_type":"article","og_title":"Evaluation interm\u00e9diaire 2019 du Domaine des EPF - Conseil des EPF","og_description":"Tous les quatre ans, \u00e0 mi-parcours de la p\u00e9riode de prestations, le Domaine des EPF se soumet \u00e0 une \u00e9valuation approfondie de ses activit\u00e9s par un comit\u00e9 international d\u2019experts, mandat\u00e9s pour ce faire par le chef du d\u00e9partement f\u00e9d\u00e9ral comp\u00e9tent. C\u2019est avec un grand int\u00e9r\u00eat que le Conseil des EPF a pris connaissance des r\u00e9sultats ...","og_url":"https:\/\/ethrat.ch\/fr\/actualites\/evaluation-intermediaire-2019\/","og_site_name":"Conseil des EPF","article_modified_time":"2024-02-09T16:49:05+00:00","og_image":[{"width":1120,"height":580,"url":"https:\/\/ethrat.ch\/wp-content\/uploads\/2021\/11\/Petrol_francesco-ungaro-_yJWGhKaO8k-unsplash-1.jpg","type":"image\/jpeg"}],"twitter_card":"summary_large_image","twitter_site":"@eth_rat","twitter_misc":{"Dur\u00e9e de lecture estim\u00e9e":"4 minutes"},"schema":{"@context":"https:\/\/schema.org","@graph":[{"@type":"WebPage","@id":"https:\/\/ethrat.ch\/fr\/actualites\/evaluation-intermediaire-2019\/","url":"https:\/\/ethrat.ch\/fr\/actualites\/evaluation-intermediaire-2019\/","name":"Evaluation interm\u00e9diaire 2019 du Domaine des EPF - Conseil des EPF","isPartOf":{"@id":"https:\/\/ethrat.ch\/de\/#website"},"primaryImageOfPage":{"@id":"https:\/\/ethrat.ch\/fr\/actualites\/evaluation-intermediaire-2019\/#primaryimage"},"image":{"@id":"https:\/\/ethrat.ch\/fr\/actualites\/evaluation-intermediaire-2019\/#primaryimage"},"thumbnailUrl":"https:\/\/ethrat.ch\/wp-content\/uploads\/2021\/11\/Petrol_francesco-ungaro-_yJWGhKaO8k-unsplash-1.jpg","datePublished":"2021-10-07T12:37:14+00:00","dateModified":"2024-02-09T16:49:05+00:00","breadcrumb":{"@id":"https:\/\/ethrat.ch\/fr\/actualites\/evaluation-intermediaire-2019\/#breadcrumb"},"inLanguage":"fr-FR","potentialAction":[{"@type":"ReadAction","target":["https:\/\/ethrat.ch\/fr\/actualites\/evaluation-intermediaire-2019\/"]}]},{"@type":"ImageObject","inLanguage":"fr-FR","@id":"https:\/\/ethrat.ch\/fr\/actualites\/evaluation-intermediaire-2019\/#primaryimage","url":"https:\/\/ethrat.ch\/wp-content\/uploads\/2021\/11\/Petrol_francesco-ungaro-_yJWGhKaO8k-unsplash-1.jpg","contentUrl":"https:\/\/ethrat.ch\/wp-content\/uploads\/2021\/11\/Petrol_francesco-ungaro-_yJWGhKaO8k-unsplash-1.jpg"},{"@type":"BreadcrumbList","@id":"https:\/\/ethrat.ch\/fr\/actualites\/evaluation-intermediaire-2019\/#breadcrumb","itemListElement":[{"@type":"ListItem","position":1,"name":"Home","item":"https:\/\/ethrat.ch\/fr\/"},{"@type":"ListItem","position":2,"name":"Actualit\u00e9s","item":"https:\/\/ethrat.ch\/fr\/actualites\/"},{"@type":"ListItem","position":3,"name":"Evaluation interm\u00e9diaire 2019 du Domaine des EPF"}]},{"@type":"WebSite","@id":"https:\/\/ethrat.ch\/de\/#website","url":"https:\/\/ethrat.ch\/de\/","name":"ETH-Rat","description":"","publisher":{"@id":"https:\/\/ethrat.ch\/de\/#organization"},"potentialAction":[{"@type":"SearchAction","target":{"@type":"EntryPoint","urlTemplate":"https:\/\/ethrat.ch\/de\/?s={search_term_string}"},"query-input":{"@type":"PropertyValueSpecification","valueRequired":true,"valueName":"search_term_string"}}],"inLanguage":"fr-FR"},{"@type":"Organization","@id":"https:\/\/ethrat.ch\/de\/#organization","name":"ETH-Rat","url":"https:\/\/ethrat.ch\/de\/","logo":{"@type":"ImageObject","inLanguage":"fr-FR","@id":"https:\/\/ethrat.ch\/de\/#\/schema\/logo\/image\/","url":"https:\/\/ethrat.ch\/wp-content\/uploads\/2024\/04\/logo-white.svg","contentUrl":"https:\/\/ethrat.ch\/wp-content\/uploads\/2024\/04\/logo-white.svg","width":283,"height":81,"caption":"ETH-Rat"},"image":{"@id":"https:\/\/ethrat.ch\/de\/#\/schema\/logo\/image\/"},"sameAs":["https:\/\/x.com\/eth_rat","https:\/\/issuu.com\/ethrat","https:\/\/www.linkedin.com\/company\/eth-rat\/"]}]}},"_links":{"self":[{"href":"https:\/\/ethrat.ch\/fr\/wp-json\/wp\/v2\/pages\/14269","targetHints":{"allow":["GET"]}}],"collection":[{"href":"https:\/\/ethrat.ch\/fr\/wp-json\/wp\/v2\/pages"}],"about":[{"href":"https:\/\/ethrat.ch\/fr\/wp-json\/wp\/v2\/types\/page"}],"author":[{"embeddable":true,"href":"https:\/\/ethrat.ch\/fr\/wp-json\/wp\/v2\/users\/11"}],"replies":[{"embeddable":true,"href":"https:\/\/ethrat.ch\/fr\/wp-json\/wp\/v2\/comments?post=14269"}],"version-history":[{"count":0,"href":"https:\/\/ethrat.ch\/fr\/wp-json\/wp\/v2\/pages\/14269\/revisions"}],"up":[{"embeddable":true,"href":"https:\/\/ethrat.ch\/fr\/wp-json\/wp\/v2\/pages\/16811"}],"wp:attachment":[{"href":"https:\/\/ethrat.ch\/fr\/wp-json\/wp\/v2\/media?parent=14269"}],"wp:term":[{"taxonomy":"search-tag","embeddable":true,"href":"https:\/\/ethrat.ch\/fr\/wp-json\/wp\/v2\/search-tag?post=14269"}],"curies":[{"name":"wp","href":"https:\/\/api.w.org\/{rel}","templated":true}]}}