{"id":15848,"date":"2021-09-24T15:08:53","date_gmt":"2021-09-24T13:08:53","guid":{"rendered":"https:\/\/ethrat.ch\/epfl-2\/"},"modified":"2021-12-01T13:29:50","modified_gmt":"2021-12-01T12:29:50","slug":"epfl-2","status":"publish","type":"page","link":"https:\/\/ethrat.ch\/en\/epfl-2\/","title":{"rendered":"EPFL"},"content":{"rendered":"\t\t<div data-elementor-type=\"wp-page\" data-elementor-id=\"15848\" class=\"elementor elementor-15848 elementor-15849\" data-elementor-post-type=\"page\">\n\t\t\t\t\t\t<section class=\"elementor-section elementor-top-section elementor-element elementor-element-6e39f0e5 elementor-section-boxed elementor-section-height-default elementor-section-height-default\" data-id=\"6e39f0e5\" data-element_type=\"section\" data-e-type=\"section\">\n\t\t\t\t\t\t<div class=\"elementor-container elementor-column-gap-default\">\n\t\t\t\t\t<div class=\"elementor-column elementor-col-33 elementor-top-column elementor-element elementor-element-79f64b94\" data-id=\"79f64b94\" data-element_type=\"column\" data-e-type=\"column\">\n\t\t\t<div class=\"elementor-widget-wrap\">\n\t\t\t\t\t\t\t<\/div>\n\t\t<\/div>\n\t\t\t\t<div class=\"elementor-column elementor-col-33 elementor-top-column elementor-element elementor-element-60c77f5\" data-id=\"60c77f5\" data-element_type=\"column\" data-e-type=\"column\">\n\t\t\t<div class=\"elementor-widget-wrap elementor-element-populated\">\n\t\t\t\t\t\t<div class=\"elementor-element elementor-element-df04cb3 elementor-widget elementor-widget-mxm-breadcrumb\" data-id=\"df04cb3\" data-element_type=\"widget\" data-e-type=\"widget\" data-widget_type=\"mxm-breadcrumb.default\">\n\t\t\t\t<div class=\"elementor-widget-container\">\n\t\t\t\t\t<ul id=\"ah-breadcrumb\" class=\"ah-breadcrumb\"><li class=\"item\"><a href=\"https:\/\/ethrat.ch\/en\/\">Home<\/a><\/li><li class=\"seperator\">|<\/li><\/ul>\t\t\t\t<\/div>\n\t\t\t\t<\/div>\n\t\t\t\t\t<\/div>\n\t\t<\/div>\n\t\t\t\t<div class=\"elementor-column elementor-col-33 elementor-top-column elementor-element elementor-element-161fd037 elementor-hidden-mobile\" data-id=\"161fd037\" data-element_type=\"column\" data-e-type=\"column\">\n\t\t\t<div class=\"elementor-widget-wrap elementor-element-populated\">\n\t\t\t\t\t\t<div class=\"elementor-element elementor-element-88cc5f3 elementor-widget__width-auto elementor-widget elementor-widget-image\" data-id=\"88cc5f3\" data-element_type=\"widget\" data-e-type=\"widget\" data-widget_type=\"image.default\">\n\t\t\t\t<div class=\"elementor-widget-container\">\n\t\t\t\t\t\t\t\t\t\t\t\t\t\t\t<img decoding=\"async\" width=\"22\" height=\"20\" src=\"https:\/\/ethrat.ch\/wp-content\/uploads\/2021\/08\/printer_icon.png\" class=\"attachment-thumbnail size-thumbnail wp-image-5370\" alt=\"\" \/>\t\t\t\t\t\t\t\t\t\t\t\t\t\t\t<\/div>\n\t\t\t\t<\/div>\n\t\t\t\t<div class=\"elementor-element elementor-element-3390337b elementor-share-buttons--view-text elementor-share-buttons--skin-minimal elementor-grid-1 elementor-widget__width-auto elementor-share-buttons--shape-square elementor-share-buttons--color-official elementor-widget elementor-widget-share-buttons\" data-id=\"3390337b\" data-element_type=\"widget\" data-e-type=\"widget\" data-widget_type=\"share-buttons.default\">\n\t\t\t\t<div class=\"elementor-widget-container\">\n\t\t\t\t\t\t\t<div class=\"elementor-grid\">\n\t\t\t\t\t\t\t\t<div class=\"elementor-grid-item\">\n\t\t\t\t\t\t<div class=\"elementor-share-btn elementor-share-btn_print\" role=\"button\" tabindex=\"0\" aria-label=\"Share on print\">\n\t\t\t\t\t\t\t\t\t\t\t\t\t\t\t\t\t\t\t\t\t\t<div class=\"elementor-share-btn__text\">\n\t\t\t\t\t\t\t\t\t\t\t\t\t\t\t\t\t\t\t<span class=\"elementor-share-btn__title\">\n\t\t\t\t\t\t\t\t\t\tDrucken\t\t\t\t\t\t\t\t\t<\/span>\n\t\t\t\t\t\t\t\t\t\t\t\t\t\t\t\t\t<\/div>\n\t\t\t\t\t\t\t\t\t\t\t\t\t<\/div>\n\t\t\t\t\t<\/div>\n\t\t\t\t\t\t<\/div>\n\t\t\t\t\t\t<\/div>\n\t\t\t\t<\/div>\n\t\t\t\t\t<\/div>\n\t\t<\/div>\n\t\t\t\t\t<\/div>\n\t\t<\/section>\n\t\t\t\t<section class=\"elementor-section elementor-top-section elementor-element elementor-element-15d399e7 elementor-section-boxed elementor-section-height-default elementor-section-height-default\" data-id=\"15d399e7\" data-element_type=\"section\" data-e-type=\"section\">\n\t\t\t\t\t\t<div class=\"elementor-container elementor-column-gap-default\">\n\t\t\t\t\t<div class=\"elementor-column elementor-col-33 elementor-top-column elementor-element elementor-element-2b3d06bf elementor-hidden-mobile\" data-id=\"2b3d06bf\" data-element_type=\"column\" data-e-type=\"column\">\n\t\t\t<div class=\"elementor-widget-wrap elementor-element-populated\">\n\t\t\t\t\t\t<div class=\"elementor-element elementor-element-77a2ba22 elementor-widget elementor-widget-spacer\" data-id=\"77a2ba22\" data-element_type=\"widget\" data-e-type=\"widget\" data-widget_type=\"spacer.default\">\n\t\t\t\t<div class=\"elementor-widget-container\">\n\t\t\t\t\t\t\t<div class=\"elementor-spacer\">\n\t\t\t<div class=\"elementor-spacer-inner\"><\/div>\n\t\t<\/div>\n\t\t\t\t\t\t<\/div>\n\t\t\t\t<\/div>\n\t\t\t\t\t<\/div>\n\t\t<\/div>\n\t\t\t\t<div class=\"elementor-column elementor-col-33 elementor-top-column elementor-element elementor-element-7bb1bd9d\" data-id=\"7bb1bd9d\" data-element_type=\"column\" data-e-type=\"column\" data-settings=\"{&quot;background_background&quot;:&quot;classic&quot;}\">\n\t\t\t<div class=\"elementor-widget-wrap elementor-element-populated\">\n\t\t\t\t\t\t<div class=\"elementor-element elementor-element-2c9b34fc elementor-widget elementor-widget-heading\" data-id=\"2c9b34fc\" data-element_type=\"widget\" data-e-type=\"widget\" data-widget_type=\"heading.default\">\n\t\t\t\t<div class=\"elementor-widget-container\">\n\t\t\t\t\t<h1 class=\"elementor-heading-title elementor-size-default\">EPFL<\/h1>\t\t\t\t<\/div>\n\t\t\t\t<\/div>\n\t\t\t\t<div class=\"elementor-element elementor-element-67e70620 elementor-widget elementor-widget-spacer\" data-id=\"67e70620\" data-element_type=\"widget\" data-e-type=\"widget\" data-widget_type=\"spacer.default\">\n\t\t\t\t<div class=\"elementor-widget-container\">\n\t\t\t\t\t\t\t<div class=\"elementor-spacer\">\n\t\t\t<div class=\"elementor-spacer-inner\"><\/div>\n\t\t<\/div>\n\t\t\t\t\t\t<\/div>\n\t\t\t\t<\/div>\n\t\t\t\t<div class=\"elementor-element elementor-element-18c78f5 elementor-widget elementor-widget-text-editor\" data-id=\"18c78f5\" data-element_type=\"widget\" data-e-type=\"widget\" data-widget_type=\"text-editor.default\">\n\t\t\t\t<div class=\"elementor-widget-container\">\n\t\t\t\t\t\t\t\t\t<p>Die EPFL ist eine junge, dynamische Universit\u00e4t, die sich drei wichtigen Aufgaben widmet: Lehre, Forschung und Innovation. Auf dem Campus in Lausanne am Genfersee betreiben \u00fcber 11 000 Studierende und Doktorierende aus 116 L\u00e4ndern und mehr als 350 Labors Spitzenforschung in Bereichen wie erneuerbare Energien, Medizintechnik, Neurotechnologien, Materialwissenschaften und Informationstechnologie.<\/p>\n<p>Die hohe Qualit\u00e4t ihrer Grundlagen- und angewandten Forschung zeigt insbesondere die beachtliche Anzahl der von EPFL-Forschenden eingeworbenen ERC Grants. Oder auch ambitionierte wissenschaftliche Projekte und nachhaltige Innovationen wie die transparenten Farbstoffsolarzellen, das Solarflugzeug Solar Impulse oder das ultraschnelle Segelschiff Hydropt\u00e8re. Auch in Sachen Bildung beschreitet die EPFL als Pionierin f\u00fcr MOOCs, die bis heute rund zwei Millionen Studierende erreicht haben, neue Wege. Seit September 2017 bietet sie den neuen Masterstudiengang Data Sciences an und leistet auch in Sachen \u00abComputerdenken\u00bb Pionierarbeit mit einem Grundlagenkurs f\u00fcr alle Studierenden im ersten Jahr.<\/p>\n<p>Seit 1969, seitdem die EPFL eine eidgen\u00f6ssische Institution ist, w\u00e4chst sie kontinuierlich. Verschiedene Rankings belegen die Fortschritte und das hohe Niveau. Seit 2010 hat die EPFL bis 2017 im QS World Ranking 20 Pl\u00e4tze gutgemacht und im THE World Ranking \u00fcber 10 Pl\u00e4tze. Im THE Europe Ranking ist die EPFL auf Platz 9 vorger\u00fcckt.<\/p>\n<p>Eine weitere Kompetenz sind Partnerschaften und Projekte, die ihr wissenschaftliche und gesellschaftliche Wirkung sichern. Der EPFL Innovation Park mit rund 140 Start-ups und Forschungszentren renommierter Unternehmen befindet sich ebenfalls auf dem Campus. 2018 wurden 25 Spin-offs gegr\u00fcndet, die insgesamt 217 Mio. CHF eingeworben<br \/>haben.\u00a0<\/p>\n\t\t\t\t\t\t\t\t<\/div>\n\t\t\t\t<\/div>\n\t\t\t\t\t<\/div>\n\t\t<\/div>\n\t\t\t\t<div class=\"elementor-column elementor-col-33 elementor-top-column elementor-element elementor-element-673846a5 elementor-hidden-mobile\" data-id=\"673846a5\" data-element_type=\"column\" data-e-type=\"column\">\n\t\t\t<div class=\"elementor-widget-wrap elementor-element-populated\">\n\t\t\t\t\t\t<div class=\"elementor-element elementor-element-1152575b elementor-widget elementor-widget-spacer\" data-id=\"1152575b\" data-element_type=\"widget\" data-e-type=\"widget\" data-widget_type=\"spacer.default\">\n\t\t\t\t<div class=\"elementor-widget-container\">\n\t\t\t\t\t\t\t<div class=\"elementor-spacer\">\n\t\t\t<div class=\"elementor-spacer-inner\"><\/div>\n\t\t<\/div>\n\t\t\t\t\t\t<\/div>\n\t\t\t\t<\/div>\n\t\t\t\t<div class=\"elementor-element elementor-element-42bd661 elementor-widget elementor-widget-spacer\" data-id=\"42bd661\" data-element_type=\"widget\" data-e-type=\"widget\" data-widget_type=\"spacer.default\">\n\t\t\t\t<div class=\"elementor-widget-container\">\n\t\t\t\t\t\t\t<div class=\"elementor-spacer\">\n\t\t\t<div class=\"elementor-spacer-inner\"><\/div>\n\t\t<\/div>\n\t\t\t\t\t\t<\/div>\n\t\t\t\t<\/div>\n\t\t\t\t<div class=\"elementor-element elementor-element-30371e13 elementor-align-left elementor-widget elementor-widget-button\" data-id=\"30371e13\" data-element_type=\"widget\" data-e-type=\"widget\" data-widget_type=\"button.default\">\n\t\t\t\t<div class=\"elementor-widget-container\">\n\t\t\t\t\t\t\t\t\t<div class=\"elementor-button-wrapper\">\n\t\t\t\t\t<a class=\"elementor-button elementor-button-link elementor-size-sm\" href=\"#elementor-action%3Aaction%3Dpopup%3Aopen%26settings%3DeyJpZCI6NTAxNywidG9nZ2xlIjpmYWxzZX0%3D\">\n\t\t\t\t\t\t<span class=\"elementor-button-content-wrapper\">\n\t\t\t\t\t\t<span class=\"elementor-button-icon\">\n\t\t\t\t\t\t\t<\/span>\n\t\t\t\t\t\t\t\t\t<span class=\"elementor-button-text\">Share article<\/span>\n\t\t\t\t\t<\/span>\n\t\t\t\t\t<\/a>\n\t\t\t\t<\/div>\n\t\t\t\t\t\t\t\t<\/div>\n\t\t\t\t<\/div>\n\t\t\t\t\t<\/div>\n\t\t<\/div>\n\t\t\t\t\t<\/div>\n\t\t<\/section>\n\t\t\t\t<\/div>\n\t\t","protected":false},"excerpt":{"rendered":"<p>Home Drucken Die EPFL ist eine junge, dynamische Universit\u00e4t, die sich drei wichtigen Aufgaben widmet: Lehre, Forschung und Innovation. Auf dem Campus in Lausanne am Genfersee betreiben \u00fcber 11 000 Studierende und Doktorierende aus 116 L\u00e4ndern und mehr als 350 Labors Spitzenforschung in Bereichen wie erneuerbare Energien, Medizintechnik, Neurotechnologien, Materialwissenschaften und Informationstechnologie. Die hohe Qualit\u00e4t &#8230;<\/p>\n","protected":false},"author":11,"featured_media":0,"parent":0,"menu_order":0,"comment_status":"closed","ping_status":"closed","template":"","meta":{"_acf_changed":false,"footnotes":"","_links_to":"","_links_to_target":""},"search-tag":[],"class_list":["post-15848","page","type-page","status-publish","hentry"],"acf":[],"yoast_head":"<!-- This site is optimized with the Yoast SEO plugin v27.3 - https:\/\/yoast.com\/product\/yoast-seo-wordpress\/ -->\n<title>EPFL - ETH-Rat<\/title>\n<meta name=\"robots\" content=\"index, follow, max-snippet:-1, max-image-preview:large, max-video-preview:-1\" \/>\n<link rel=\"canonical\" href=\"https:\/\/ethrat.ch\/en\/epfl-2\/\" \/>\n<meta property=\"og:locale\" content=\"en_US\" \/>\n<meta property=\"og:type\" content=\"article\" \/>\n<meta property=\"og:title\" content=\"EPFL - ETH-Rat\" \/>\n<meta property=\"og:description\" content=\"Home Drucken Die EPFL ist eine junge, dynamische Universit\u00e4t, die sich drei wichtigen Aufgaben widmet: Lehre, Forschung und Innovation. Auf dem Campus in Lausanne am Genfersee betreiben \u00fcber 11 000 Studierende und Doktorierende aus 116 L\u00e4ndern und mehr als 350 Labors Spitzenforschung in Bereichen wie erneuerbare Energien, Medizintechnik, Neurotechnologien, Materialwissenschaften und Informationstechnologie. Die hohe Qualit\u00e4t ...\" \/>\n<meta property=\"og:url\" content=\"https:\/\/ethrat.ch\/en\/epfl-2\/\" \/>\n<meta property=\"og:site_name\" content=\"ETH-Rat\" \/>\n<meta property=\"article:modified_time\" content=\"2021-12-01T12:29:50+00:00\" \/>\n<meta property=\"og:image\" content=\"https:\/\/ethrat.ch\/wp-content\/uploads\/2021\/08\/printer_icon.png\" \/>\n\t<meta property=\"og:image:width\" content=\"22\" \/>\n\t<meta property=\"og:image:height\" content=\"20\" \/>\n\t<meta property=\"og:image:type\" content=\"image\/png\" \/>\n<meta name=\"twitter:card\" content=\"summary_large_image\" \/>\n<meta name=\"twitter:site\" content=\"@eth_rat\" \/>\n<meta name=\"twitter:label1\" content=\"Est. reading time\" \/>\n\t<meta name=\"twitter:data1\" content=\"1 minute\" \/>\n<script type=\"application\/ld+json\" class=\"yoast-schema-graph\">{\"@context\":\"https:\\\/\\\/schema.org\",\"@graph\":[{\"@type\":\"WebPage\",\"@id\":\"https:\\\/\\\/ethrat.ch\\\/en\\\/epfl-2\\\/\",\"url\":\"https:\\\/\\\/ethrat.ch\\\/en\\\/epfl-2\\\/\",\"name\":\"EPFL - ETH-Rat\",\"isPartOf\":{\"@id\":\"https:\\\/\\\/ethrat.ch\\\/de\\\/#website\"},\"primaryImageOfPage\":{\"@id\":\"https:\\\/\\\/ethrat.ch\\\/en\\\/epfl-2\\\/#primaryimage\"},\"image\":{\"@id\":\"https:\\\/\\\/ethrat.ch\\\/en\\\/epfl-2\\\/#primaryimage\"},\"thumbnailUrl\":\"https:\\\/\\\/ethrat.ch\\\/wp-content\\\/uploads\\\/2021\\\/08\\\/printer_icon.png\",\"datePublished\":\"2021-09-24T13:08:53+00:00\",\"dateModified\":\"2021-12-01T12:29:50+00:00\",\"breadcrumb\":{\"@id\":\"https:\\\/\\\/ethrat.ch\\\/en\\\/epfl-2\\\/#breadcrumb\"},\"inLanguage\":\"en-US\",\"potentialAction\":[{\"@type\":\"ReadAction\",\"target\":[\"https:\\\/\\\/ethrat.ch\\\/en\\\/epfl-2\\\/\"]}]},{\"@type\":\"ImageObject\",\"inLanguage\":\"en-US\",\"@id\":\"https:\\\/\\\/ethrat.ch\\\/en\\\/epfl-2\\\/#primaryimage\",\"url\":\"https:\\\/\\\/ethrat.ch\\\/wp-content\\\/uploads\\\/2021\\\/08\\\/printer_icon.png\",\"contentUrl\":\"https:\\\/\\\/ethrat.ch\\\/wp-content\\\/uploads\\\/2021\\\/08\\\/printer_icon.png\"},{\"@type\":\"BreadcrumbList\",\"@id\":\"https:\\\/\\\/ethrat.ch\\\/en\\\/epfl-2\\\/#breadcrumb\",\"itemListElement\":[{\"@type\":\"ListItem\",\"position\":1,\"name\":\"Home\",\"item\":\"https:\\\/\\\/ethrat.ch\\\/en\\\/\"},{\"@type\":\"ListItem\",\"position\":2,\"name\":\"EPFL\"}]},{\"@type\":\"WebSite\",\"@id\":\"https:\\\/\\\/ethrat.ch\\\/de\\\/#website\",\"url\":\"https:\\\/\\\/ethrat.ch\\\/de\\\/\",\"name\":\"ETH-Rat\",\"description\":\"\",\"publisher\":{\"@id\":\"https:\\\/\\\/ethrat.ch\\\/de\\\/#organization\"},\"potentialAction\":[{\"@type\":\"SearchAction\",\"target\":{\"@type\":\"EntryPoint\",\"urlTemplate\":\"https:\\\/\\\/ethrat.ch\\\/de\\\/?s={search_term_string}\"},\"query-input\":{\"@type\":\"PropertyValueSpecification\",\"valueRequired\":true,\"valueName\":\"search_term_string\"}}],\"inLanguage\":\"en-US\"},{\"@type\":\"Organization\",\"@id\":\"https:\\\/\\\/ethrat.ch\\\/de\\\/#organization\",\"name\":\"ETH-Rat\",\"url\":\"https:\\\/\\\/ethrat.ch\\\/de\\\/\",\"logo\":{\"@type\":\"ImageObject\",\"inLanguage\":\"en-US\",\"@id\":\"https:\\\/\\\/ethrat.ch\\\/de\\\/#\\\/schema\\\/logo\\\/image\\\/\",\"url\":\"https:\\\/\\\/ethrat.ch\\\/wp-content\\\/uploads\\\/2024\\\/04\\\/logo-white.svg\",\"contentUrl\":\"https:\\\/\\\/ethrat.ch\\\/wp-content\\\/uploads\\\/2024\\\/04\\\/logo-white.svg\",\"width\":283,\"height\":81,\"caption\":\"ETH-Rat\"},\"image\":{\"@id\":\"https:\\\/\\\/ethrat.ch\\\/de\\\/#\\\/schema\\\/logo\\\/image\\\/\"},\"sameAs\":[\"https:\\\/\\\/x.com\\\/eth_rat\",\"https:\\\/\\\/issuu.com\\\/ethrat\",\"https:\\\/\\\/www.linkedin.com\\\/company\\\/eth-rat\\\/\"]}]}<\/script>\n<!-- \/ Yoast SEO plugin. -->","yoast_head_json":{"title":"EPFL - ETH-Rat","robots":{"index":"index","follow":"follow","max-snippet":"max-snippet:-1","max-image-preview":"max-image-preview:large","max-video-preview":"max-video-preview:-1"},"canonical":"https:\/\/ethrat.ch\/en\/epfl-2\/","og_locale":"en_US","og_type":"article","og_title":"EPFL - ETH-Rat","og_description":"Home Drucken Die EPFL ist eine junge, dynamische Universit\u00e4t, die sich drei wichtigen Aufgaben widmet: Lehre, Forschung und Innovation. Auf dem Campus in Lausanne am Genfersee betreiben \u00fcber 11 000 Studierende und Doktorierende aus 116 L\u00e4ndern und mehr als 350 Labors Spitzenforschung in Bereichen wie erneuerbare Energien, Medizintechnik, Neurotechnologien, Materialwissenschaften und Informationstechnologie. Die hohe Qualit\u00e4t ...","og_url":"https:\/\/ethrat.ch\/en\/epfl-2\/","og_site_name":"ETH-Rat","article_modified_time":"2021-12-01T12:29:50+00:00","og_image":[{"width":22,"height":20,"url":"https:\/\/ethrat.ch\/wp-content\/uploads\/2021\/08\/printer_icon.png","type":"image\/png"}],"twitter_card":"summary_large_image","twitter_site":"@eth_rat","twitter_misc":{"Est. reading time":"1 minute"},"schema":{"@context":"https:\/\/schema.org","@graph":[{"@type":"WebPage","@id":"https:\/\/ethrat.ch\/en\/epfl-2\/","url":"https:\/\/ethrat.ch\/en\/epfl-2\/","name":"EPFL - ETH-Rat","isPartOf":{"@id":"https:\/\/ethrat.ch\/de\/#website"},"primaryImageOfPage":{"@id":"https:\/\/ethrat.ch\/en\/epfl-2\/#primaryimage"},"image":{"@id":"https:\/\/ethrat.ch\/en\/epfl-2\/#primaryimage"},"thumbnailUrl":"https:\/\/ethrat.ch\/wp-content\/uploads\/2021\/08\/printer_icon.png","datePublished":"2021-09-24T13:08:53+00:00","dateModified":"2021-12-01T12:29:50+00:00","breadcrumb":{"@id":"https:\/\/ethrat.ch\/en\/epfl-2\/#breadcrumb"},"inLanguage":"en-US","potentialAction":[{"@type":"ReadAction","target":["https:\/\/ethrat.ch\/en\/epfl-2\/"]}]},{"@type":"ImageObject","inLanguage":"en-US","@id":"https:\/\/ethrat.ch\/en\/epfl-2\/#primaryimage","url":"https:\/\/ethrat.ch\/wp-content\/uploads\/2021\/08\/printer_icon.png","contentUrl":"https:\/\/ethrat.ch\/wp-content\/uploads\/2021\/08\/printer_icon.png"},{"@type":"BreadcrumbList","@id":"https:\/\/ethrat.ch\/en\/epfl-2\/#breadcrumb","itemListElement":[{"@type":"ListItem","position":1,"name":"Home","item":"https:\/\/ethrat.ch\/en\/"},{"@type":"ListItem","position":2,"name":"EPFL"}]},{"@type":"WebSite","@id":"https:\/\/ethrat.ch\/de\/#website","url":"https:\/\/ethrat.ch\/de\/","name":"ETH-Rat","description":"","publisher":{"@id":"https:\/\/ethrat.ch\/de\/#organization"},"potentialAction":[{"@type":"SearchAction","target":{"@type":"EntryPoint","urlTemplate":"https:\/\/ethrat.ch\/de\/?s={search_term_string}"},"query-input":{"@type":"PropertyValueSpecification","valueRequired":true,"valueName":"search_term_string"}}],"inLanguage":"en-US"},{"@type":"Organization","@id":"https:\/\/ethrat.ch\/de\/#organization","name":"ETH-Rat","url":"https:\/\/ethrat.ch\/de\/","logo":{"@type":"ImageObject","inLanguage":"en-US","@id":"https:\/\/ethrat.ch\/de\/#\/schema\/logo\/image\/","url":"https:\/\/ethrat.ch\/wp-content\/uploads\/2024\/04\/logo-white.svg","contentUrl":"https:\/\/ethrat.ch\/wp-content\/uploads\/2024\/04\/logo-white.svg","width":283,"height":81,"caption":"ETH-Rat"},"image":{"@id":"https:\/\/ethrat.ch\/de\/#\/schema\/logo\/image\/"},"sameAs":["https:\/\/x.com\/eth_rat","https:\/\/issuu.com\/ethrat","https:\/\/www.linkedin.com\/company\/eth-rat\/"]}]}},"_links":{"self":[{"href":"https:\/\/ethrat.ch\/en\/wp-json\/wp\/v2\/pages\/15848","targetHints":{"allow":["GET"]}}],"collection":[{"href":"https:\/\/ethrat.ch\/en\/wp-json\/wp\/v2\/pages"}],"about":[{"href":"https:\/\/ethrat.ch\/en\/wp-json\/wp\/v2\/types\/page"}],"author":[{"embeddable":true,"href":"https:\/\/ethrat.ch\/en\/wp-json\/wp\/v2\/users\/11"}],"replies":[{"embeddable":true,"href":"https:\/\/ethrat.ch\/en\/wp-json\/wp\/v2\/comments?post=15848"}],"version-history":[{"count":0,"href":"https:\/\/ethrat.ch\/en\/wp-json\/wp\/v2\/pages\/15848\/revisions"}],"wp:attachment":[{"href":"https:\/\/ethrat.ch\/en\/wp-json\/wp\/v2\/media?parent=15848"}],"wp:term":[{"taxonomy":"search-tag","embeddable":true,"href":"https:\/\/ethrat.ch\/en\/wp-json\/wp\/v2\/search-tag?post=15848"}],"curies":[{"name":"wp","href":"https:\/\/api.w.org\/{rel}","templated":true}]}}