{"id":58697,"date":"2026-03-25T15:03:58","date_gmt":"2026-03-25T14:03:58","guid":{"rendered":"https:\/\/ethrat.ch\/?page_id=58697"},"modified":"2026-03-25T15:03:58","modified_gmt":"2026-03-25T14:03:58","slug":"praezise-strahlkraft-gegen-lymphdruesenkrebs","status":"publish","type":"page","link":"https:\/\/ethrat.ch\/de\/praezise-strahlkraft-gegen-lymphdruesenkrebs\/","title":{"rendered":"Pr\u00e4zise Strahlkraft gegen Lymphdr\u00fcsenkrebs"},"content":{"rendered":"\t\t<div data-elementor-type=\"wp-page\" data-elementor-id=\"58697\" class=\"elementor elementor-58697\" data-elementor-post-type=\"page\">\n\t\t\t\t\t\t<section class=\"elementor-section elementor-top-section elementor-element elementor-element-b0317b2 elementor-section-boxed elementor-section-height-default elementor-section-height-default\" data-id=\"b0317b2\" data-element_type=\"section\" data-e-type=\"section\">\n\t\t\t\t\t\t<div class=\"elementor-container elementor-column-gap-default\">\n\t\t\t\t\t<div class=\"elementor-column elementor-col-100 elementor-top-column elementor-element elementor-element-51d0b6b\" data-id=\"51d0b6b\" data-element_type=\"column\" data-e-type=\"column\">\n\t\t\t<div class=\"elementor-widget-wrap elementor-element-populated\">\n\t\t\t\t\t\t<div class=\"elementor-element elementor-element-795c470 elementor-widget elementor-widget-image\" data-id=\"795c470\" data-element_type=\"widget\" data-e-type=\"widget\" data-widget_type=\"image.default\">\n\t\t\t\t<div class=\"elementor-widget-container\">\n\t\t\t\t\t\t\t\t\t\t\t\t\t\t\t<img decoding=\"async\" width=\"1000\" height=\"613\" src=\"https:\/\/ethrat.ch\/wp-content\/uploads\/2026\/03\/8_Radionuklid2_def1_RGB1000x600_150px.jpg\" class=\"attachment-full size-full wp-image-58096\" alt=\"\" srcset=\"https:\/\/ethrat.ch\/wp-content\/uploads\/2026\/03\/8_Radionuklid2_def1_RGB1000x600_150px.jpg 1000w, https:\/\/ethrat.ch\/wp-content\/uploads\/2026\/03\/8_Radionuklid2_def1_RGB1000x600_150px-300x184.jpg 300w, https:\/\/ethrat.ch\/wp-content\/uploads\/2026\/03\/8_Radionuklid2_def1_RGB1000x600_150px-768x471.jpg 768w\" sizes=\"(max-width: 1000px) 100vw, 1000px\" \/>\t\t\t\t\t\t\t\t\t\t\t\t\t\t\t<\/div>\n\t\t\t\t<\/div>\n\t\t\t\t\t<\/div>\n\t\t<\/div>\n\t\t\t\t\t<\/div>\n\t\t<\/section>\n\t\t\t\t<section class=\"elementor-section elementor-top-section elementor-element elementor-element-56e35e5 elementor-section-boxed elementor-section-height-default elementor-section-height-default\" data-id=\"56e35e5\" data-element_type=\"section\" data-e-type=\"section\">\n\t\t\t\t\t\t<div class=\"elementor-container elementor-column-gap-default\">\n\t\t\t\t\t<div class=\"elementor-column elementor-col-100 elementor-top-column elementor-element elementor-element-730250f\" data-id=\"730250f\" data-element_type=\"column\" data-e-type=\"column\">\n\t\t\t<div class=\"elementor-widget-wrap elementor-element-populated\">\n\t\t\t\t\t\t<div class=\"elementor-element elementor-element-534119e elementor-widget elementor-widget-text-editor\" data-id=\"534119e\" data-element_type=\"widget\" data-e-type=\"widget\" data-widget_type=\"text-editor.default\">\n\t\t\t\t<div class=\"elementor-widget-container\">\n\t\t\t\t\t\t\t\t\t<p><em>Bild: Aurel M\u00e4rki<\/em><\/p>\t\t\t\t\t\t\t\t<\/div>\n\t\t\t\t<\/div>\n\t\t\t\t\t<\/div>\n\t\t<\/div>\n\t\t\t\t\t<\/div>\n\t\t<\/section>\n\t\t\t\t<section class=\"elementor-section elementor-top-section elementor-element elementor-element-471962d elementor-section-boxed elementor-section-height-default elementor-section-height-default\" data-id=\"471962d\" data-element_type=\"section\" data-e-type=\"section\">\n\t\t\t\t\t\t<div class=\"elementor-container elementor-column-gap-default\">\n\t\t\t\t\t<div class=\"elementor-column elementor-col-100 elementor-top-column elementor-element elementor-element-1ba6655\" data-id=\"1ba6655\" data-element_type=\"column\" data-e-type=\"column\">\n\t\t\t<div class=\"elementor-widget-wrap elementor-element-populated\">\n\t\t\t\t\t\t<div class=\"elementor-element elementor-element-0c84dad elementor-widget elementor-widget-text-editor\" data-id=\"0c84dad\" data-element_type=\"widget\" data-e-type=\"widget\" data-widget_type=\"text-editor.default\">\n\t\t\t\t<div class=\"elementor-widget-container\">\n\t\t\t\t\t\t\t\t\t<p>PSI<\/p>\t\t\t\t\t\t\t\t<\/div>\n\t\t\t\t<\/div>\n\t\t\t\t\t<\/div>\n\t\t<\/div>\n\t\t\t\t\t<\/div>\n\t\t<\/section>\n\t\t\t\t<section class=\"elementor-section elementor-top-section elementor-element elementor-element-7beeb1f elementor-section-boxed elementor-section-height-default elementor-section-height-default\" data-id=\"7beeb1f\" data-element_type=\"section\" data-e-type=\"section\">\n\t\t\t\t\t\t<div class=\"elementor-container elementor-column-gap-default\">\n\t\t\t\t\t<div class=\"elementor-column elementor-col-100 elementor-top-column elementor-element elementor-element-fd6290c\" data-id=\"fd6290c\" data-element_type=\"column\" data-e-type=\"column\">\n\t\t\t<div class=\"elementor-widget-wrap elementor-element-populated\">\n\t\t\t\t\t\t<div class=\"elementor-element elementor-element-e561ca0 elementor-widget elementor-widget-text-editor\" data-id=\"e561ca0\" data-element_type=\"widget\" data-e-type=\"widget\" data-widget_type=\"text-editor.default\">\n\t\t\t\t<div class=\"elementor-widget-container\">\n\t\t\t\t\t\t\t\t\t<h1>Pr\u00e4zise Strahlkraft gegen Lymphdr\u00fcsenkrebs<\/h1>\t\t\t\t\t\t\t\t<\/div>\n\t\t\t\t<\/div>\n\t\t\t\t\t<\/div>\n\t\t<\/div>\n\t\t\t\t\t<\/div>\n\t\t<\/section>\n\t\t\t\t<section class=\"elementor-section elementor-top-section elementor-element elementor-element-0feb1c5 elementor-section-boxed elementor-section-height-default elementor-section-height-default\" data-id=\"0feb1c5\" data-element_type=\"section\" data-e-type=\"section\">\n\t\t\t\t\t\t<div class=\"elementor-container elementor-column-gap-default\">\n\t\t\t\t\t<div class=\"elementor-column elementor-col-100 elementor-top-column elementor-element elementor-element-61587b6\" data-id=\"61587b6\" data-element_type=\"column\" data-e-type=\"column\">\n\t\t\t<div class=\"elementor-widget-wrap elementor-element-populated\">\n\t\t\t\t\t\t<div class=\"elementor-element elementor-element-920ee46 elementor-widget elementor-widget-text-editor\" data-id=\"920ee46\" data-element_type=\"widget\" data-e-type=\"widget\" data-widget_type=\"text-editor.default\">\n\t\t\t\t<div class=\"elementor-widget-container\">\n\t\t\t\t\t\t\t\t\t<p>Radiopharmazeutika k\u00f6nnen Tumorzellen gezielt vor Ort bek\u00e4mpfen.<\/p>\t\t\t\t\t\t\t\t<\/div>\n\t\t\t\t<\/div>\n\t\t\t\t\t<\/div>\n\t\t<\/div>\n\t\t\t\t\t<\/div>\n\t\t<\/section>\n\t\t\t\t<section class=\"elementor-section elementor-top-section elementor-element elementor-element-6eece69 elementor-section-boxed elementor-section-height-default elementor-section-height-default\" data-id=\"6eece69\" data-element_type=\"section\" data-e-type=\"section\">\n\t\t\t\t\t\t<div class=\"elementor-container elementor-column-gap-default\">\n\t\t\t\t\t<div class=\"elementor-column elementor-col-100 elementor-top-column elementor-element elementor-element-79e7aef\" data-id=\"79e7aef\" data-element_type=\"column\" data-e-type=\"column\">\n\t\t\t<div class=\"elementor-widget-wrap elementor-element-populated\">\n\t\t\t\t\t\t<div class=\"elementor-element elementor-element-b23372b elementor-widget elementor-widget-text-editor\" data-id=\"b23372b\" data-element_type=\"widget\" data-e-type=\"widget\" data-widget_type=\"text-editor.default\">\n\t\t\t\t<div class=\"elementor-widget-container\">\n\t\t\t\t\t\t\t\t\t<p>Jedes Jahr erkranken in der Schweiz knapp 2000 Menschen an Lymphdr\u00fcsenkrebs, etwa 570 davon sterben an der Krankheit. Forschende am Zentrum f\u00fcr radiopharmazeutische Wissenschaften des PSI haben nun eine innovative Radioimmuntherapie entwickelt, die das Nuklid Terbium-161 nutzt. Gekoppelt an einen passenden Antik\u00f6rper, bringt es die Strahlung direkt zu den Krebszellen und schont dabei das gesunde Gewebe. Ein entscheidender Vorteil gegen\u00fcber dem bisher eingesetzten Lutetium-177: Terbium-161 emittiert nicht nur Beta-Strahlung, die sich im Gewebe \u00fcber mehrere Millimeter ausbreitet, sondern auch Elektronen mit einer Reichweite von weniger als einem Mikrometer \u2013 ideal, um einzelne Krebszellen oder kleine Zellnester gezielt zu zerst\u00f6ren. In Labortests zeigte sich Terbium-161 je nach Zelltyp 2- bis 43-mal wirksamer als Lutetium-177. Derzeit bereiten die Forschenden klinische Studien vor mit dem Ziel, eine neue, pr\u00e4zise Waffe gegen schwer behandelbare Lymphome zu schaffen.\u00a0<\/p>\t\t\t\t\t\t\t\t<\/div>\n\t\t\t\t<\/div>\n\t\t\t\t\t<\/div>\n\t\t<\/div>\n\t\t\t\t\t<\/div>\n\t\t<\/section>\n\t\t\t\t<\/div>\n\t\t","protected":false},"excerpt":{"rendered":"<p>Bild: Aurel M\u00e4rki PSI Pr\u00e4zise Strahlkraft gegen Lymphdr\u00fcsenkrebs Radiopharmazeutika k\u00f6nnen Tumorzellen gezielt vor Ort bek\u00e4mpfen. Jedes Jahr erkranken in der Schweiz knapp 2000 Menschen an Lymphdr\u00fcsenkrebs, etwa 570 davon sterben an der Krankheit. Forschende am Zentrum f\u00fcr radiopharmazeutische Wissenschaften des PSI haben nun eine innovative Radioimmuntherapie entwickelt, die das Nuklid Terbium-161 nutzt. Gekoppelt an einen &#8230;<\/p>\n","protected":false},"author":26,"featured_media":0,"parent":0,"menu_order":0,"comment_status":"closed","ping_status":"closed","template":"","meta":{"_acf_changed":false,"footnotes":"","_links_to":"","_links_to_target":""},"search-tag":[],"class_list":["post-58697","page","type-page","status-publish","hentry"],"acf":[],"yoast_head":"<!-- This site is optimized with the Yoast SEO plugin v27.3 - https:\/\/yoast.com\/product\/yoast-seo-wordpress\/ -->\n<title>Pr\u00e4zise Strahlkraft gegen Lymphdr\u00fcsenkrebs - ETH-Rat<\/title>\n<meta name=\"robots\" content=\"index, follow, max-snippet:-1, max-image-preview:large, max-video-preview:-1\" \/>\n<link rel=\"canonical\" href=\"https:\/\/ethrat.ch\/de\/praezise-strahlkraft-gegen-lymphdruesenkrebs\/\" \/>\n<meta property=\"og:locale\" content=\"de_DE\" \/>\n<meta property=\"og:type\" content=\"article\" \/>\n<meta property=\"og:title\" content=\"Pr\u00e4zise Strahlkraft gegen Lymphdr\u00fcsenkrebs - ETH-Rat\" \/>\n<meta property=\"og:description\" content=\"Bild: Aurel M\u00e4rki PSI Pr\u00e4zise Strahlkraft gegen Lymphdr\u00fcsenkrebs Radiopharmazeutika k\u00f6nnen Tumorzellen gezielt vor Ort bek\u00e4mpfen. Jedes Jahr erkranken in der Schweiz knapp 2000 Menschen an Lymphdr\u00fcsenkrebs, etwa 570 davon sterben an der Krankheit. Forschende am Zentrum f\u00fcr radiopharmazeutische Wissenschaften des PSI haben nun eine innovative Radioimmuntherapie entwickelt, die das Nuklid Terbium-161 nutzt. Gekoppelt an einen ...\" \/>\n<meta property=\"og:url\" content=\"https:\/\/ethrat.ch\/de\/praezise-strahlkraft-gegen-lymphdruesenkrebs\/\" \/>\n<meta property=\"og:site_name\" content=\"ETH-Rat\" \/>\n<meta property=\"og:image\" content=\"https:\/\/ethrat.ch\/wp-content\/uploads\/2026\/03\/8_Radionuklid2_def1_RGB1000x600_150px.jpg\" \/>\n<meta name=\"twitter:card\" content=\"summary_large_image\" \/>\n<meta name=\"twitter:site\" content=\"@eth_rat\" \/>\n<meta name=\"twitter:label1\" content=\"Gesch\u00e4tzte Lesezeit\" \/>\n\t<meta name=\"twitter:data1\" content=\"2\u00a0Minuten\" \/>\n<script type=\"application\/ld+json\" class=\"yoast-schema-graph\">{\"@context\":\"https:\\\/\\\/schema.org\",\"@graph\":[{\"@type\":\"WebPage\",\"@id\":\"https:\\\/\\\/ethrat.ch\\\/de\\\/praezise-strahlkraft-gegen-lymphdruesenkrebs\\\/\",\"url\":\"https:\\\/\\\/ethrat.ch\\\/de\\\/praezise-strahlkraft-gegen-lymphdruesenkrebs\\\/\",\"name\":\"Pr\u00e4zise Strahlkraft gegen Lymphdr\u00fcsenkrebs - ETH-Rat\",\"isPartOf\":{\"@id\":\"https:\\\/\\\/ethrat.ch\\\/de\\\/#website\"},\"primaryImageOfPage\":{\"@id\":\"https:\\\/\\\/ethrat.ch\\\/de\\\/praezise-strahlkraft-gegen-lymphdruesenkrebs\\\/#primaryimage\"},\"image\":{\"@id\":\"https:\\\/\\\/ethrat.ch\\\/de\\\/praezise-strahlkraft-gegen-lymphdruesenkrebs\\\/#primaryimage\"},\"thumbnailUrl\":\"https:\\\/\\\/ethrat.ch\\\/wp-content\\\/uploads\\\/2026\\\/03\\\/8_Radionuklid2_def1_RGB1000x600_150px.jpg\",\"datePublished\":\"2026-03-25T14:03:58+00:00\",\"breadcrumb\":{\"@id\":\"https:\\\/\\\/ethrat.ch\\\/de\\\/praezise-strahlkraft-gegen-lymphdruesenkrebs\\\/#breadcrumb\"},\"inLanguage\":\"de\",\"potentialAction\":[{\"@type\":\"ReadAction\",\"target\":[\"https:\\\/\\\/ethrat.ch\\\/de\\\/praezise-strahlkraft-gegen-lymphdruesenkrebs\\\/\"]}]},{\"@type\":\"ImageObject\",\"inLanguage\":\"de\",\"@id\":\"https:\\\/\\\/ethrat.ch\\\/de\\\/praezise-strahlkraft-gegen-lymphdruesenkrebs\\\/#primaryimage\",\"url\":\"https:\\\/\\\/ethrat.ch\\\/wp-content\\\/uploads\\\/2026\\\/03\\\/8_Radionuklid2_def1_RGB1000x600_150px.jpg\",\"contentUrl\":\"https:\\\/\\\/ethrat.ch\\\/wp-content\\\/uploads\\\/2026\\\/03\\\/8_Radionuklid2_def1_RGB1000x600_150px.jpg\"},{\"@type\":\"BreadcrumbList\",\"@id\":\"https:\\\/\\\/ethrat.ch\\\/de\\\/praezise-strahlkraft-gegen-lymphdruesenkrebs\\\/#breadcrumb\",\"itemListElement\":[{\"@type\":\"ListItem\",\"position\":1,\"name\":\"Home\",\"item\":\"https:\\\/\\\/ethrat.ch\\\/de\\\/\"},{\"@type\":\"ListItem\",\"position\":2,\"name\":\"Pr\u00e4zise Strahlkraft gegen Lymphdr\u00fcsenkrebs\"}]},{\"@type\":\"WebSite\",\"@id\":\"https:\\\/\\\/ethrat.ch\\\/de\\\/#website\",\"url\":\"https:\\\/\\\/ethrat.ch\\\/de\\\/\",\"name\":\"ETH-Rat\",\"description\":\"\",\"publisher\":{\"@id\":\"https:\\\/\\\/ethrat.ch\\\/de\\\/#organization\"},\"potentialAction\":[{\"@type\":\"SearchAction\",\"target\":{\"@type\":\"EntryPoint\",\"urlTemplate\":\"https:\\\/\\\/ethrat.ch\\\/de\\\/?s={search_term_string}\"},\"query-input\":{\"@type\":\"PropertyValueSpecification\",\"valueRequired\":true,\"valueName\":\"search_term_string\"}}],\"inLanguage\":\"de\"},{\"@type\":\"Organization\",\"@id\":\"https:\\\/\\\/ethrat.ch\\\/de\\\/#organization\",\"name\":\"ETH-Rat\",\"url\":\"https:\\\/\\\/ethrat.ch\\\/de\\\/\",\"logo\":{\"@type\":\"ImageObject\",\"inLanguage\":\"de\",\"@id\":\"https:\\\/\\\/ethrat.ch\\\/de\\\/#\\\/schema\\\/logo\\\/image\\\/\",\"url\":\"https:\\\/\\\/ethrat.ch\\\/wp-content\\\/uploads\\\/2024\\\/04\\\/logo-white.svg\",\"contentUrl\":\"https:\\\/\\\/ethrat.ch\\\/wp-content\\\/uploads\\\/2024\\\/04\\\/logo-white.svg\",\"width\":283,\"height\":81,\"caption\":\"ETH-Rat\"},\"image\":{\"@id\":\"https:\\\/\\\/ethrat.ch\\\/de\\\/#\\\/schema\\\/logo\\\/image\\\/\"},\"sameAs\":[\"https:\\\/\\\/x.com\\\/eth_rat\",\"https:\\\/\\\/issuu.com\\\/ethrat\",\"https:\\\/\\\/www.linkedin.com\\\/company\\\/eth-rat\\\/\"]}]}<\/script>\n<!-- \/ Yoast SEO plugin. -->","yoast_head_json":{"title":"Pr\u00e4zise Strahlkraft gegen Lymphdr\u00fcsenkrebs - ETH-Rat","robots":{"index":"index","follow":"follow","max-snippet":"max-snippet:-1","max-image-preview":"max-image-preview:large","max-video-preview":"max-video-preview:-1"},"canonical":"https:\/\/ethrat.ch\/de\/praezise-strahlkraft-gegen-lymphdruesenkrebs\/","og_locale":"de_DE","og_type":"article","og_title":"Pr\u00e4zise Strahlkraft gegen Lymphdr\u00fcsenkrebs - ETH-Rat","og_description":"Bild: Aurel M\u00e4rki PSI Pr\u00e4zise Strahlkraft gegen Lymphdr\u00fcsenkrebs Radiopharmazeutika k\u00f6nnen Tumorzellen gezielt vor Ort bek\u00e4mpfen. Jedes Jahr erkranken in der Schweiz knapp 2000 Menschen an Lymphdr\u00fcsenkrebs, etwa 570 davon sterben an der Krankheit. Forschende am Zentrum f\u00fcr radiopharmazeutische Wissenschaften des PSI haben nun eine innovative Radioimmuntherapie entwickelt, die das Nuklid Terbium-161 nutzt. Gekoppelt an einen ...","og_url":"https:\/\/ethrat.ch\/de\/praezise-strahlkraft-gegen-lymphdruesenkrebs\/","og_site_name":"ETH-Rat","og_image":[{"url":"https:\/\/ethrat.ch\/wp-content\/uploads\/2026\/03\/8_Radionuklid2_def1_RGB1000x600_150px.jpg","type":"","width":"","height":""}],"twitter_card":"summary_large_image","twitter_site":"@eth_rat","twitter_misc":{"Gesch\u00e4tzte Lesezeit":"2\u00a0Minuten"},"schema":{"@context":"https:\/\/schema.org","@graph":[{"@type":"WebPage","@id":"https:\/\/ethrat.ch\/de\/praezise-strahlkraft-gegen-lymphdruesenkrebs\/","url":"https:\/\/ethrat.ch\/de\/praezise-strahlkraft-gegen-lymphdruesenkrebs\/","name":"Pr\u00e4zise Strahlkraft gegen Lymphdr\u00fcsenkrebs - ETH-Rat","isPartOf":{"@id":"https:\/\/ethrat.ch\/de\/#website"},"primaryImageOfPage":{"@id":"https:\/\/ethrat.ch\/de\/praezise-strahlkraft-gegen-lymphdruesenkrebs\/#primaryimage"},"image":{"@id":"https:\/\/ethrat.ch\/de\/praezise-strahlkraft-gegen-lymphdruesenkrebs\/#primaryimage"},"thumbnailUrl":"https:\/\/ethrat.ch\/wp-content\/uploads\/2026\/03\/8_Radionuklid2_def1_RGB1000x600_150px.jpg","datePublished":"2026-03-25T14:03:58+00:00","breadcrumb":{"@id":"https:\/\/ethrat.ch\/de\/praezise-strahlkraft-gegen-lymphdruesenkrebs\/#breadcrumb"},"inLanguage":"de","potentialAction":[{"@type":"ReadAction","target":["https:\/\/ethrat.ch\/de\/praezise-strahlkraft-gegen-lymphdruesenkrebs\/"]}]},{"@type":"ImageObject","inLanguage":"de","@id":"https:\/\/ethrat.ch\/de\/praezise-strahlkraft-gegen-lymphdruesenkrebs\/#primaryimage","url":"https:\/\/ethrat.ch\/wp-content\/uploads\/2026\/03\/8_Radionuklid2_def1_RGB1000x600_150px.jpg","contentUrl":"https:\/\/ethrat.ch\/wp-content\/uploads\/2026\/03\/8_Radionuklid2_def1_RGB1000x600_150px.jpg"},{"@type":"BreadcrumbList","@id":"https:\/\/ethrat.ch\/de\/praezise-strahlkraft-gegen-lymphdruesenkrebs\/#breadcrumb","itemListElement":[{"@type":"ListItem","position":1,"name":"Home","item":"https:\/\/ethrat.ch\/de\/"},{"@type":"ListItem","position":2,"name":"Pr\u00e4zise Strahlkraft gegen Lymphdr\u00fcsenkrebs"}]},{"@type":"WebSite","@id":"https:\/\/ethrat.ch\/de\/#website","url":"https:\/\/ethrat.ch\/de\/","name":"ETH-Rat","description":"","publisher":{"@id":"https:\/\/ethrat.ch\/de\/#organization"},"potentialAction":[{"@type":"SearchAction","target":{"@type":"EntryPoint","urlTemplate":"https:\/\/ethrat.ch\/de\/?s={search_term_string}"},"query-input":{"@type":"PropertyValueSpecification","valueRequired":true,"valueName":"search_term_string"}}],"inLanguage":"de"},{"@type":"Organization","@id":"https:\/\/ethrat.ch\/de\/#organization","name":"ETH-Rat","url":"https:\/\/ethrat.ch\/de\/","logo":{"@type":"ImageObject","inLanguage":"de","@id":"https:\/\/ethrat.ch\/de\/#\/schema\/logo\/image\/","url":"https:\/\/ethrat.ch\/wp-content\/uploads\/2024\/04\/logo-white.svg","contentUrl":"https:\/\/ethrat.ch\/wp-content\/uploads\/2024\/04\/logo-white.svg","width":283,"height":81,"caption":"ETH-Rat"},"image":{"@id":"https:\/\/ethrat.ch\/de\/#\/schema\/logo\/image\/"},"sameAs":["https:\/\/x.com\/eth_rat","https:\/\/issuu.com\/ethrat","https:\/\/www.linkedin.com\/company\/eth-rat\/"]}]}},"_links":{"self":[{"href":"https:\/\/ethrat.ch\/de\/wp-json\/wp\/v2\/pages\/58697","targetHints":{"allow":["GET"]}}],"collection":[{"href":"https:\/\/ethrat.ch\/de\/wp-json\/wp\/v2\/pages"}],"about":[{"href":"https:\/\/ethrat.ch\/de\/wp-json\/wp\/v2\/types\/page"}],"author":[{"embeddable":true,"href":"https:\/\/ethrat.ch\/de\/wp-json\/wp\/v2\/users\/26"}],"replies":[{"embeddable":true,"href":"https:\/\/ethrat.ch\/de\/wp-json\/wp\/v2\/comments?post=58697"}],"version-history":[{"count":5,"href":"https:\/\/ethrat.ch\/de\/wp-json\/wp\/v2\/pages\/58697\/revisions"}],"predecessor-version":[{"id":58841,"href":"https:\/\/ethrat.ch\/de\/wp-json\/wp\/v2\/pages\/58697\/revisions\/58841"}],"wp:attachment":[{"href":"https:\/\/ethrat.ch\/de\/wp-json\/wp\/v2\/media?parent=58697"}],"wp:term":[{"taxonomy":"search-tag","embeddable":true,"href":"https:\/\/ethrat.ch\/de\/wp-json\/wp\/v2\/search-tag?post=58697"}],"curies":[{"name":"wp","href":"https:\/\/api.w.org\/{rel}","templated":true}]}}