{"id":58114,"date":"2026-03-09T16:26:35","date_gmt":"2026-03-09T15:26:35","guid":{"rendered":"https:\/\/ethrat.ch\/?page_id=58114"},"modified":"2026-03-25T14:56:53","modified_gmt":"2026-03-25T13:56:53","slug":"stadtbaeume-kuehlen-auch-bei-extremer-hitze","status":"publish","type":"page","link":"https:\/\/ethrat.ch\/de\/stadtbaeume-kuehlen-auch-bei-extremer-hitze\/","title":{"rendered":"Stadtb\u00e4ume k\u00fchlen auch bei extremer Hitze"},"content":{"rendered":"\t\t<div data-elementor-type=\"wp-page\" data-elementor-id=\"58114\" class=\"elementor elementor-58114\" data-elementor-post-type=\"page\">\n\t\t\t\t\t\t<section class=\"elementor-section elementor-top-section elementor-element elementor-element-b0317b2 elementor-section-boxed elementor-section-height-default elementor-section-height-default\" data-id=\"b0317b2\" data-element_type=\"section\" data-e-type=\"section\">\n\t\t\t\t\t\t<div class=\"elementor-container elementor-column-gap-default\">\n\t\t\t\t\t<div class=\"elementor-column elementor-col-100 elementor-top-column elementor-element elementor-element-51d0b6b\" data-id=\"51d0b6b\" data-element_type=\"column\" data-e-type=\"column\">\n\t\t\t<div class=\"elementor-widget-wrap elementor-element-populated\">\n\t\t\t\t\t\t<div class=\"elementor-element elementor-element-795c470 elementor-widget elementor-widget-image\" data-id=\"795c470\" data-element_type=\"widget\" data-e-type=\"widget\" data-widget_type=\"image.default\">\n\t\t\t\t<div class=\"elementor-widget-container\">\n\t\t\t\t\t\t\t\t\t\t\t\t<figure class=\"wp-caption\">\n\t\t\t\t\t\t\t\t\t\t<img decoding=\"async\" width=\"1000\" height=\"615\" src=\"https:\/\/ethrat.ch\/wp-content\/uploads\/2026\/03\/Stadtbaeume_Bachofen_1000x6000_75px.jpg\" class=\"attachment-full size-full wp-image-58121\" alt=\"\" srcset=\"https:\/\/ethrat.ch\/wp-content\/uploads\/2026\/03\/Stadtbaeume_Bachofen_1000x6000_75px.jpg 1000w, https:\/\/ethrat.ch\/wp-content\/uploads\/2026\/03\/Stadtbaeume_Bachofen_1000x6000_75px-300x185.jpg 300w, https:\/\/ethrat.ch\/wp-content\/uploads\/2026\/03\/Stadtbaeume_Bachofen_1000x6000_75px-768x472.jpg 768w\" sizes=\"(max-width: 1000px) 100vw, 1000px\" \/>\t\t\t\t\t\t\t\t\t\t\t<figcaption class=\"widget-image-caption wp-caption-text\">Bild: Christoph Bachofen\/WSL<\/figcaption>\n\t\t\t\t\t\t\t\t\t\t<\/figure>\n\t\t\t\t\t\t\t\t\t<\/div>\n\t\t\t\t<\/div>\n\t\t\t\t\t<\/div>\n\t\t<\/div>\n\t\t\t\t\t<\/div>\n\t\t<\/section>\n\t\t\t\t<section class=\"elementor-section elementor-top-section elementor-element elementor-element-4a177c6 elementor-section-boxed elementor-section-height-default elementor-section-height-default\" data-id=\"4a177c6\" data-element_type=\"section\" data-e-type=\"section\">\n\t\t\t\t\t\t<div class=\"elementor-container elementor-column-gap-default\">\n\t\t\t\t\t<div class=\"elementor-column elementor-col-100 elementor-top-column elementor-element elementor-element-4aa5190\" data-id=\"4aa5190\" data-element_type=\"column\" data-e-type=\"column\">\n\t\t\t<div class=\"elementor-widget-wrap elementor-element-populated\">\n\t\t\t\t\t\t<div class=\"elementor-element elementor-element-ab4dcb6 elementor-widget elementor-widget-text-editor\" data-id=\"ab4dcb6\" data-element_type=\"widget\" data-e-type=\"widget\" data-widget_type=\"text-editor.default\">\n\t\t\t\t<div class=\"elementor-widget-container\">\n\t\t\t\t\t\t\t\t\t<p>WSL<\/p>\t\t\t\t\t\t\t\t<\/div>\n\t\t\t\t<\/div>\n\t\t\t\t\t<\/div>\n\t\t<\/div>\n\t\t\t\t\t<\/div>\n\t\t<\/section>\n\t\t\t\t<section class=\"elementor-section elementor-top-section elementor-element elementor-element-7beeb1f elementor-section-boxed elementor-section-height-default elementor-section-height-default\" data-id=\"7beeb1f\" data-element_type=\"section\" data-e-type=\"section\">\n\t\t\t\t\t\t<div class=\"elementor-container elementor-column-gap-default\">\n\t\t\t\t\t<div class=\"elementor-column elementor-col-100 elementor-top-column elementor-element elementor-element-fd6290c\" data-id=\"fd6290c\" data-element_type=\"column\" data-e-type=\"column\">\n\t\t\t<div class=\"elementor-widget-wrap elementor-element-populated\">\n\t\t\t\t\t\t<div class=\"elementor-element elementor-element-e561ca0 elementor-widget elementor-widget-text-editor\" data-id=\"e561ca0\" data-element_type=\"widget\" data-e-type=\"widget\" data-widget_type=\"text-editor.default\">\n\t\t\t\t<div class=\"elementor-widget-container\">\n\t\t\t\t\t\t\t\t\t<h1>Stadtb\u00e4ume k\u00fchlen auch bei extremer Hitze<\/h1>\t\t\t\t\t\t\t\t<\/div>\n\t\t\t\t<\/div>\n\t\t\t\t\t<\/div>\n\t\t<\/div>\n\t\t\t\t\t<\/div>\n\t\t<\/section>\n\t\t\t\t<section class=\"elementor-section elementor-top-section elementor-element elementor-element-0feb1c5 elementor-section-boxed elementor-section-height-default elementor-section-height-default\" data-id=\"0feb1c5\" data-element_type=\"section\" data-e-type=\"section\">\n\t\t\t\t\t\t<div class=\"elementor-container elementor-column-gap-default\">\n\t\t\t\t\t<div class=\"elementor-column elementor-col-100 elementor-top-column elementor-element elementor-element-61587b6\" data-id=\"61587b6\" data-element_type=\"column\" data-e-type=\"column\">\n\t\t\t<div class=\"elementor-widget-wrap elementor-element-populated\">\n\t\t\t\t\t\t<div class=\"elementor-element elementor-element-920ee46 elementor-widget elementor-widget-text-editor\" data-id=\"920ee46\" data-element_type=\"widget\" data-e-type=\"widget\" data-widget_type=\"text-editor.default\">\n\t\t\t\t<div class=\"elementor-widget-container\">\n\t\t\t\t\t\t\t\t\t<p>Platanen in Lancy verdunsteten noch reichlich Wasser<\/p>\t\t\t\t\t\t\t\t<\/div>\n\t\t\t\t<\/div>\n\t\t\t\t\t<\/div>\n\t\t<\/div>\n\t\t\t\t\t<\/div>\n\t\t<\/section>\n\t\t\t\t<section class=\"elementor-section elementor-top-section elementor-element elementor-element-6eece69 elementor-section-boxed elementor-section-height-default elementor-section-height-default\" data-id=\"6eece69\" data-element_type=\"section\" data-e-type=\"section\">\n\t\t\t\t\t\t<div class=\"elementor-container elementor-column-gap-default\">\n\t\t\t\t\t<div class=\"elementor-column elementor-col-100 elementor-top-column elementor-element elementor-element-79e7aef\" data-id=\"79e7aef\" data-element_type=\"column\" data-e-type=\"column\">\n\t\t\t<div class=\"elementor-widget-wrap elementor-element-populated\">\n\t\t\t\t\t\t<div class=\"elementor-element elementor-element-b23372b elementor-widget elementor-widget-text-editor\" data-id=\"b23372b\" data-element_type=\"widget\" data-e-type=\"widget\" data-widget_type=\"text-editor.default\">\n\t\t\t\t<div class=\"elementor-widget-container\">\n\t\t\t\t\t\t\t\t\t<p>Platanen verdunsten auch bei Hitzewellen von \u00fcber 39 \u00b0C weiterhin reichlich Wasser und k\u00fchlen damit ihre Umgebung. Dies konnten Forschende der WSL und der EPFL bei Messungen im Genfer Vorort Lancy zeigen. Mit Sensoren erfassten sie den Saftfluss in den St\u00e4mmen, der R\u00fcckschl\u00fcsse auf die verdunstete Wassermenge und damit die K\u00fchlleistung erlaubt. Die Resultate widerlegen fr\u00fchere Annahmen, dass B\u00e4ume bei etwa 30\u201335 \u00b0C ihre Blattporen so stark schliessen, dass der Wasserfluss und die K\u00fchlleistung deutlich zur\u00fcckgehen. Nun gilt es herauszufinden, wie andere Baumarten auf extreme Hitze reagieren. Die K\u00fchlleistung ist eine der Aufgaben, die Stadtb\u00e4ume \u00fcbernehmen \u2013 sie wird in Zukunft immer wichtiger werden.<\/p>\t\t\t\t\t\t\t\t<\/div>\n\t\t\t\t<\/div>\n\t\t\t\t\t<\/div>\n\t\t<\/div>\n\t\t\t\t\t<\/div>\n\t\t<\/section>\n\t\t\t\t<\/div>\n\t\t","protected":false},"excerpt":{"rendered":"<p>Bild: Christoph Bachofen\/WSL WSL Stadtb\u00e4ume k\u00fchlen auch bei extremer Hitze Platanen in Lancy verdunsteten noch reichlich Wasser Platanen verdunsten auch bei Hitzewellen von \u00fcber 39 \u00b0C weiterhin reichlich Wasser und k\u00fchlen damit ihre Umgebung. Dies konnten Forschende der WSL und der EPFL bei Messungen im Genfer Vorort Lancy zeigen. Mit Sensoren erfassten sie den Saftfluss &#8230;<\/p>\n","protected":false},"author":26,"featured_media":0,"parent":0,"menu_order":0,"comment_status":"closed","ping_status":"closed","template":"","meta":{"_acf_changed":false,"footnotes":"","_links_to":"","_links_to_target":""},"search-tag":[],"class_list":["post-58114","page","type-page","status-publish","hentry"],"acf":[],"yoast_head":"<!-- This site is optimized with the Yoast SEO plugin v27.3 - https:\/\/yoast.com\/product\/yoast-seo-wordpress\/ -->\n<title>Stadtb\u00e4ume k\u00fchlen auch bei extremer Hitze - ETH-Rat<\/title>\n<meta name=\"robots\" content=\"index, follow, max-snippet:-1, max-image-preview:large, max-video-preview:-1\" \/>\n<link rel=\"canonical\" href=\"https:\/\/ethrat.ch\/de\/stadtbaeume-kuehlen-auch-bei-extremer-hitze\/\" \/>\n<meta property=\"og:locale\" content=\"de_DE\" \/>\n<meta property=\"og:type\" content=\"article\" \/>\n<meta property=\"og:title\" content=\"Stadtb\u00e4ume k\u00fchlen auch bei extremer Hitze - ETH-Rat\" \/>\n<meta property=\"og:description\" content=\"Bild: Christoph Bachofen\/WSL WSL Stadtb\u00e4ume k\u00fchlen auch bei extremer Hitze Platanen in Lancy verdunsteten noch reichlich Wasser Platanen verdunsten auch bei Hitzewellen von \u00fcber 39 \u00b0C weiterhin reichlich Wasser und k\u00fchlen damit ihre Umgebung. Dies konnten Forschende der WSL und der EPFL bei Messungen im Genfer Vorort Lancy zeigen. Mit Sensoren erfassten sie den Saftfluss ...\" \/>\n<meta property=\"og:url\" content=\"https:\/\/ethrat.ch\/de\/stadtbaeume-kuehlen-auch-bei-extremer-hitze\/\" \/>\n<meta property=\"og:site_name\" content=\"ETH-Rat\" \/>\n<meta property=\"article:modified_time\" content=\"2026-03-25T13:56:53+00:00\" \/>\n<meta property=\"og:image\" content=\"https:\/\/ethrat.ch\/wp-content\/uploads\/2026\/03\/Stadtbaeume_Bachofen_1000x6000_75px.jpg\" \/>\n<meta name=\"twitter:card\" content=\"summary_large_image\" \/>\n<meta name=\"twitter:site\" content=\"@eth_rat\" \/>\n<meta name=\"twitter:label1\" content=\"Gesch\u00e4tzte Lesezeit\" \/>\n\t<meta name=\"twitter:data1\" content=\"1\u00a0Minute\" \/>\n<script type=\"application\/ld+json\" class=\"yoast-schema-graph\">{\"@context\":\"https:\\\/\\\/schema.org\",\"@graph\":[{\"@type\":\"WebPage\",\"@id\":\"https:\\\/\\\/ethrat.ch\\\/de\\\/stadtbaeume-kuehlen-auch-bei-extremer-hitze\\\/\",\"url\":\"https:\\\/\\\/ethrat.ch\\\/de\\\/stadtbaeume-kuehlen-auch-bei-extremer-hitze\\\/\",\"name\":\"Stadtb\u00e4ume k\u00fchlen auch bei extremer Hitze - ETH-Rat\",\"isPartOf\":{\"@id\":\"https:\\\/\\\/ethrat.ch\\\/de\\\/#website\"},\"primaryImageOfPage\":{\"@id\":\"https:\\\/\\\/ethrat.ch\\\/de\\\/stadtbaeume-kuehlen-auch-bei-extremer-hitze\\\/#primaryimage\"},\"image\":{\"@id\":\"https:\\\/\\\/ethrat.ch\\\/de\\\/stadtbaeume-kuehlen-auch-bei-extremer-hitze\\\/#primaryimage\"},\"thumbnailUrl\":\"https:\\\/\\\/ethrat.ch\\\/wp-content\\\/uploads\\\/2026\\\/03\\\/Stadtbaeume_Bachofen_1000x6000_75px.jpg\",\"datePublished\":\"2026-03-09T15:26:35+00:00\",\"dateModified\":\"2026-03-25T13:56:53+00:00\",\"breadcrumb\":{\"@id\":\"https:\\\/\\\/ethrat.ch\\\/de\\\/stadtbaeume-kuehlen-auch-bei-extremer-hitze\\\/#breadcrumb\"},\"inLanguage\":\"de\",\"potentialAction\":[{\"@type\":\"ReadAction\",\"target\":[\"https:\\\/\\\/ethrat.ch\\\/de\\\/stadtbaeume-kuehlen-auch-bei-extremer-hitze\\\/\"]}]},{\"@type\":\"ImageObject\",\"inLanguage\":\"de\",\"@id\":\"https:\\\/\\\/ethrat.ch\\\/de\\\/stadtbaeume-kuehlen-auch-bei-extremer-hitze\\\/#primaryimage\",\"url\":\"https:\\\/\\\/ethrat.ch\\\/wp-content\\\/uploads\\\/2026\\\/03\\\/Stadtbaeume_Bachofen_1000x6000_75px.jpg\",\"contentUrl\":\"https:\\\/\\\/ethrat.ch\\\/wp-content\\\/uploads\\\/2026\\\/03\\\/Stadtbaeume_Bachofen_1000x6000_75px.jpg\"},{\"@type\":\"BreadcrumbList\",\"@id\":\"https:\\\/\\\/ethrat.ch\\\/de\\\/stadtbaeume-kuehlen-auch-bei-extremer-hitze\\\/#breadcrumb\",\"itemListElement\":[{\"@type\":\"ListItem\",\"position\":1,\"name\":\"Home\",\"item\":\"https:\\\/\\\/ethrat.ch\\\/de\\\/\"},{\"@type\":\"ListItem\",\"position\":2,\"name\":\"Stadtb\u00e4ume k\u00fchlen auch bei extremer Hitze\"}]},{\"@type\":\"WebSite\",\"@id\":\"https:\\\/\\\/ethrat.ch\\\/de\\\/#website\",\"url\":\"https:\\\/\\\/ethrat.ch\\\/de\\\/\",\"name\":\"ETH-Rat\",\"description\":\"\",\"publisher\":{\"@id\":\"https:\\\/\\\/ethrat.ch\\\/de\\\/#organization\"},\"potentialAction\":[{\"@type\":\"SearchAction\",\"target\":{\"@type\":\"EntryPoint\",\"urlTemplate\":\"https:\\\/\\\/ethrat.ch\\\/de\\\/?s={search_term_string}\"},\"query-input\":{\"@type\":\"PropertyValueSpecification\",\"valueRequired\":true,\"valueName\":\"search_term_string\"}}],\"inLanguage\":\"de\"},{\"@type\":\"Organization\",\"@id\":\"https:\\\/\\\/ethrat.ch\\\/de\\\/#organization\",\"name\":\"ETH-Rat\",\"url\":\"https:\\\/\\\/ethrat.ch\\\/de\\\/\",\"logo\":{\"@type\":\"ImageObject\",\"inLanguage\":\"de\",\"@id\":\"https:\\\/\\\/ethrat.ch\\\/de\\\/#\\\/schema\\\/logo\\\/image\\\/\",\"url\":\"https:\\\/\\\/ethrat.ch\\\/wp-content\\\/uploads\\\/2024\\\/04\\\/logo-white.svg\",\"contentUrl\":\"https:\\\/\\\/ethrat.ch\\\/wp-content\\\/uploads\\\/2024\\\/04\\\/logo-white.svg\",\"width\":283,\"height\":81,\"caption\":\"ETH-Rat\"},\"image\":{\"@id\":\"https:\\\/\\\/ethrat.ch\\\/de\\\/#\\\/schema\\\/logo\\\/image\\\/\"},\"sameAs\":[\"https:\\\/\\\/x.com\\\/eth_rat\",\"https:\\\/\\\/issuu.com\\\/ethrat\",\"https:\\\/\\\/www.linkedin.com\\\/company\\\/eth-rat\\\/\"]}]}<\/script>\n<!-- \/ Yoast SEO plugin. -->","yoast_head_json":{"title":"Stadtb\u00e4ume k\u00fchlen auch bei extremer Hitze - ETH-Rat","robots":{"index":"index","follow":"follow","max-snippet":"max-snippet:-1","max-image-preview":"max-image-preview:large","max-video-preview":"max-video-preview:-1"},"canonical":"https:\/\/ethrat.ch\/de\/stadtbaeume-kuehlen-auch-bei-extremer-hitze\/","og_locale":"de_DE","og_type":"article","og_title":"Stadtb\u00e4ume k\u00fchlen auch bei extremer Hitze - ETH-Rat","og_description":"Bild: Christoph Bachofen\/WSL WSL Stadtb\u00e4ume k\u00fchlen auch bei extremer Hitze Platanen in Lancy verdunsteten noch reichlich Wasser Platanen verdunsten auch bei Hitzewellen von \u00fcber 39 \u00b0C weiterhin reichlich Wasser und k\u00fchlen damit ihre Umgebung. Dies konnten Forschende der WSL und der EPFL bei Messungen im Genfer Vorort Lancy zeigen. Mit Sensoren erfassten sie den Saftfluss ...","og_url":"https:\/\/ethrat.ch\/de\/stadtbaeume-kuehlen-auch-bei-extremer-hitze\/","og_site_name":"ETH-Rat","article_modified_time":"2026-03-25T13:56:53+00:00","og_image":[{"url":"https:\/\/ethrat.ch\/wp-content\/uploads\/2026\/03\/Stadtbaeume_Bachofen_1000x6000_75px.jpg","type":"","width":"","height":""}],"twitter_card":"summary_large_image","twitter_site":"@eth_rat","twitter_misc":{"Gesch\u00e4tzte Lesezeit":"1\u00a0Minute"},"schema":{"@context":"https:\/\/schema.org","@graph":[{"@type":"WebPage","@id":"https:\/\/ethrat.ch\/de\/stadtbaeume-kuehlen-auch-bei-extremer-hitze\/","url":"https:\/\/ethrat.ch\/de\/stadtbaeume-kuehlen-auch-bei-extremer-hitze\/","name":"Stadtb\u00e4ume k\u00fchlen auch bei extremer Hitze - ETH-Rat","isPartOf":{"@id":"https:\/\/ethrat.ch\/de\/#website"},"primaryImageOfPage":{"@id":"https:\/\/ethrat.ch\/de\/stadtbaeume-kuehlen-auch-bei-extremer-hitze\/#primaryimage"},"image":{"@id":"https:\/\/ethrat.ch\/de\/stadtbaeume-kuehlen-auch-bei-extremer-hitze\/#primaryimage"},"thumbnailUrl":"https:\/\/ethrat.ch\/wp-content\/uploads\/2026\/03\/Stadtbaeume_Bachofen_1000x6000_75px.jpg","datePublished":"2026-03-09T15:26:35+00:00","dateModified":"2026-03-25T13:56:53+00:00","breadcrumb":{"@id":"https:\/\/ethrat.ch\/de\/stadtbaeume-kuehlen-auch-bei-extremer-hitze\/#breadcrumb"},"inLanguage":"de","potentialAction":[{"@type":"ReadAction","target":["https:\/\/ethrat.ch\/de\/stadtbaeume-kuehlen-auch-bei-extremer-hitze\/"]}]},{"@type":"ImageObject","inLanguage":"de","@id":"https:\/\/ethrat.ch\/de\/stadtbaeume-kuehlen-auch-bei-extremer-hitze\/#primaryimage","url":"https:\/\/ethrat.ch\/wp-content\/uploads\/2026\/03\/Stadtbaeume_Bachofen_1000x6000_75px.jpg","contentUrl":"https:\/\/ethrat.ch\/wp-content\/uploads\/2026\/03\/Stadtbaeume_Bachofen_1000x6000_75px.jpg"},{"@type":"BreadcrumbList","@id":"https:\/\/ethrat.ch\/de\/stadtbaeume-kuehlen-auch-bei-extremer-hitze\/#breadcrumb","itemListElement":[{"@type":"ListItem","position":1,"name":"Home","item":"https:\/\/ethrat.ch\/de\/"},{"@type":"ListItem","position":2,"name":"Stadtb\u00e4ume k\u00fchlen auch bei extremer Hitze"}]},{"@type":"WebSite","@id":"https:\/\/ethrat.ch\/de\/#website","url":"https:\/\/ethrat.ch\/de\/","name":"ETH-Rat","description":"","publisher":{"@id":"https:\/\/ethrat.ch\/de\/#organization"},"potentialAction":[{"@type":"SearchAction","target":{"@type":"EntryPoint","urlTemplate":"https:\/\/ethrat.ch\/de\/?s={search_term_string}"},"query-input":{"@type":"PropertyValueSpecification","valueRequired":true,"valueName":"search_term_string"}}],"inLanguage":"de"},{"@type":"Organization","@id":"https:\/\/ethrat.ch\/de\/#organization","name":"ETH-Rat","url":"https:\/\/ethrat.ch\/de\/","logo":{"@type":"ImageObject","inLanguage":"de","@id":"https:\/\/ethrat.ch\/de\/#\/schema\/logo\/image\/","url":"https:\/\/ethrat.ch\/wp-content\/uploads\/2024\/04\/logo-white.svg","contentUrl":"https:\/\/ethrat.ch\/wp-content\/uploads\/2024\/04\/logo-white.svg","width":283,"height":81,"caption":"ETH-Rat"},"image":{"@id":"https:\/\/ethrat.ch\/de\/#\/schema\/logo\/image\/"},"sameAs":["https:\/\/x.com\/eth_rat","https:\/\/issuu.com\/ethrat","https:\/\/www.linkedin.com\/company\/eth-rat\/"]}]}},"_links":{"self":[{"href":"https:\/\/ethrat.ch\/de\/wp-json\/wp\/v2\/pages\/58114","targetHints":{"allow":["GET"]}}],"collection":[{"href":"https:\/\/ethrat.ch\/de\/wp-json\/wp\/v2\/pages"}],"about":[{"href":"https:\/\/ethrat.ch\/de\/wp-json\/wp\/v2\/types\/page"}],"author":[{"embeddable":true,"href":"https:\/\/ethrat.ch\/de\/wp-json\/wp\/v2\/users\/26"}],"replies":[{"embeddable":true,"href":"https:\/\/ethrat.ch\/de\/wp-json\/wp\/v2\/comments?post=58114"}],"version-history":[{"count":17,"href":"https:\/\/ethrat.ch\/de\/wp-json\/wp\/v2\/pages\/58114\/revisions"}],"predecessor-version":[{"id":58829,"href":"https:\/\/ethrat.ch\/de\/wp-json\/wp\/v2\/pages\/58114\/revisions\/58829"}],"wp:attachment":[{"href":"https:\/\/ethrat.ch\/de\/wp-json\/wp\/v2\/media?parent=58114"}],"wp:term":[{"taxonomy":"search-tag","embeddable":true,"href":"https:\/\/ethrat.ch\/de\/wp-json\/wp\/v2\/search-tag?post=58114"}],"curies":[{"name":"wp","href":"https:\/\/api.w.org\/{rel}","templated":true}]}}