{"id":48818,"date":"2024-07-17T11:04:01","date_gmt":"2024-07-17T09:04:01","guid":{"rendered":"https:\/\/ethrat.ch\/?page_id=48818"},"modified":"2026-05-04T15:53:40","modified_gmt":"2026-05-04T13:53:40","slug":"offene-stellen","status":"publish","type":"page","link":"https:\/\/ethrat.ch\/de\/eth-rat\/offene-stellen\/","title":{"rendered":"Offene Stellen"},"content":{"rendered":"\t\t<div data-elementor-type=\"wp-page\" data-elementor-id=\"48818\" class=\"elementor elementor-48818\" data-elementor-post-type=\"page\">\n\t\t\t\t\t\t<section class=\"elementor-section elementor-top-section elementor-element elementor-element-9608200 elementor-section-boxed elementor-section-height-default elementor-section-height-default\" data-id=\"9608200\" data-element_type=\"section\" data-e-type=\"section\">\n\t\t\t\t\t\t<div class=\"elementor-container elementor-column-gap-default\">\n\t\t\t\t\t<div class=\"elementor-column elementor-col-100 elementor-top-column elementor-element elementor-element-03b7f3f\" data-id=\"03b7f3f\" data-element_type=\"column\" data-e-type=\"column\" data-settings=\"{&quot;background_background&quot;:&quot;classic&quot;}\">\n\t\t\t<div class=\"elementor-widget-wrap elementor-element-populated\">\n\t\t\t\t\t\t<div class=\"elementor-element elementor-element-8a9cdaf elementor-widget elementor-widget-image\" data-id=\"8a9cdaf\" data-element_type=\"widget\" data-e-type=\"widget\" data-widget_type=\"image.default\">\n\t\t\t\t<div class=\"elementor-widget-container\">\n\t\t\t\t\t\t\t\t\t\t\t\t\t\t\t<img decoding=\"async\" width=\"1120\" height=\"580\" src=\"https:\/\/ethrat.ch\/wp-content\/uploads\/2024\/07\/ethrat_offeneStellen_empfang.jpg\" class=\"attachment-full size-full wp-image-48955\" alt=\"\" srcset=\"https:\/\/ethrat.ch\/wp-content\/uploads\/2024\/07\/ethrat_offeneStellen_empfang.jpg 1120w, https:\/\/ethrat.ch\/wp-content\/uploads\/2024\/07\/ethrat_offeneStellen_empfang-300x155.jpg 300w, https:\/\/ethrat.ch\/wp-content\/uploads\/2024\/07\/ethrat_offeneStellen_empfang-1024x530.jpg 1024w, https:\/\/ethrat.ch\/wp-content\/uploads\/2024\/07\/ethrat_offeneStellen_empfang-768x398.jpg 768w\" sizes=\"(max-width: 1120px) 100vw, 1120px\" \/>\t\t\t\t\t\t\t\t\t\t\t\t\t\t\t<\/div>\n\t\t\t\t<\/div>\n\t\t\t\t\t<\/div>\n\t\t<\/div>\n\t\t\t\t\t<\/div>\n\t\t<\/section>\n\t\t\t\t<section class=\"elementor-section elementor-top-section elementor-element elementor-element-27877cc elementor-section-boxed elementor-section-height-default elementor-section-height-default\" data-id=\"27877cc\" data-element_type=\"section\" data-e-type=\"section\">\n\t\t\t\t\t\t<div class=\"elementor-container elementor-column-gap-default\">\n\t\t\t\t\t<div class=\"elementor-column elementor-col-100 elementor-top-column elementor-element elementor-element-1958dba\" data-id=\"1958dba\" data-element_type=\"column\" data-e-type=\"column\">\n\t\t\t<div class=\"elementor-widget-wrap elementor-element-populated\">\n\t\t\t\t\t\t<div class=\"elementor-element elementor-element-71d4575 elementor-widget elementor-widget-text-editor\" data-id=\"71d4575\" data-element_type=\"widget\" data-e-type=\"widget\" data-widget_type=\"text-editor.default\">\n\t\t\t\t<div class=\"elementor-widget-container\">\n\t\t\t\t\t\t\t\t\t<p>Offene Stellen im Stab ETH-Rat<\/p>\t\t\t\t\t\t\t\t<\/div>\n\t\t\t\t<\/div>\n\t\t\t\t<div class=\"elementor-element elementor-element-cb1c227 elementor-widget elementor-widget-text-editor\" data-id=\"cb1c227\" data-element_type=\"widget\" data-e-type=\"widget\" data-widget_type=\"text-editor.default\">\n\t\t\t\t<div class=\"elementor-widget-container\">\n\t\t\t\t\t\t\t\t\t<p>Der ETH-Rat stellt regelm\u00e4ssig neue Mitarbeitende ein. Als Arbeitgeber sch\u00e4tzen wir Vielfalt, Engagement und berufliche Entwicklung in einem stimulierenden und anspruchsvollen Umfeld.<\/p>\t\t\t\t\t\t\t\t<\/div>\n\t\t\t\t<\/div>\n\t\t\t\t<div class=\"elementor-element elementor-element-b2d520b elementor-widget elementor-widget-text-editor\" data-id=\"b2d520b\" data-element_type=\"widget\" data-e-type=\"widget\" data-widget_type=\"text-editor.default\">\n\t\t\t\t<div class=\"elementor-widget-container\">\n\t\t\t\t\t\t\t\t\t<p>Der ETH-Rat ist das Strategie- und Aufsichtsorgan des ETH-Bereichs, zu dem die beiden Hochschulen ETH Z\u00fcrich und EPFL sowie die vier Forschungsanstalten PSI, WSL, Empa und Eawag geh\u00f6ren. Der ETH-Rat und sein Pr\u00e4sident werden durch einen Stab in der Wahrnehmung ihrer strategischen F\u00fchrungs- und Aufsichtsfunktion unterst\u00fctzt.<\/p><p>Derzeit sind keine Stellen zu besetzen.<\/p>\t\t\t\t\t\t\t\t<\/div>\n\t\t\t\t<\/div>\n\t\t\t\t\t<\/div>\n\t\t<\/div>\n\t\t\t\t\t<\/div>\n\t\t<\/section>\n\t\t\t\t<\/div>\n\t\t","protected":false},"excerpt":{"rendered":"<p>Offene Stellen im Stab ETH-Rat Der ETH-Rat stellt regelm\u00e4ssig neue Mitarbeitende ein. Als Arbeitgeber sch\u00e4tzen wir Vielfalt, Engagement und berufliche Entwicklung in einem stimulierenden und anspruchsvollen Umfeld. Der ETH-Rat ist das Strategie- und Aufsichtsorgan des ETH-Bereichs, zu dem die beiden Hochschulen ETH Z\u00fcrich und EPFL sowie die vier Forschungsanstalten PSI, WSL, Empa und Eawag geh\u00f6ren. &#8230;<\/p>\n","protected":false},"author":11,"featured_media":0,"parent":627,"menu_order":0,"comment_status":"closed","ping_status":"closed","template":"","meta":{"_acf_changed":false,"footnotes":"","_links_to":"","_links_to_target":""},"search-tag":[],"class_list":["post-48818","page","type-page","status-publish","hentry"],"acf":[],"yoast_head":"<!-- This site is optimized with the Yoast SEO plugin v27.3 - https:\/\/yoast.com\/product\/yoast-seo-wordpress\/ -->\n<title>Offene Stellen - ETH-Rat<\/title>\n<meta name=\"robots\" content=\"index, follow, max-snippet:-1, max-image-preview:large, max-video-preview:-1\" \/>\n<link rel=\"canonical\" href=\"https:\/\/ethrat.ch\/de\/eth-rat\/offene-stellen\/\" \/>\n<meta property=\"og:locale\" content=\"de_DE\" \/>\n<meta property=\"og:type\" content=\"article\" \/>\n<meta property=\"og:title\" content=\"Offene Stellen - ETH-Rat\" \/>\n<meta property=\"og:description\" content=\"Offene Stellen im Stab ETH-Rat Der ETH-Rat stellt regelm\u00e4ssig neue Mitarbeitende ein. Als Arbeitgeber sch\u00e4tzen wir Vielfalt, Engagement und berufliche Entwicklung in einem stimulierenden und anspruchsvollen Umfeld. Der ETH-Rat ist das Strategie- und Aufsichtsorgan des ETH-Bereichs, zu dem die beiden Hochschulen ETH Z\u00fcrich und EPFL sowie die vier Forschungsanstalten PSI, WSL, Empa und Eawag geh\u00f6ren. ...\" \/>\n<meta property=\"og:url\" content=\"https:\/\/ethrat.ch\/de\/eth-rat\/offene-stellen\/\" \/>\n<meta property=\"og:site_name\" content=\"ETH-Rat\" \/>\n<meta property=\"article:modified_time\" content=\"2026-05-04T13:53:40+00:00\" \/>\n<meta property=\"og:image\" content=\"https:\/\/ethrat.ch\/wp-content\/uploads\/2024\/07\/ethrat_offeneStellen_empfang.jpg\" \/>\n\t<meta property=\"og:image:width\" content=\"1120\" \/>\n\t<meta property=\"og:image:height\" content=\"580\" \/>\n\t<meta property=\"og:image:type\" content=\"image\/jpeg\" \/>\n<meta name=\"twitter:card\" content=\"summary_large_image\" \/>\n<meta name=\"twitter:site\" content=\"@eth_rat\" \/>\n<meta name=\"twitter:label1\" content=\"Gesch\u00e4tzte Lesezeit\" \/>\n\t<meta name=\"twitter:data1\" content=\"1\u00a0Minute\" \/>\n<script type=\"application\/ld+json\" class=\"yoast-schema-graph\">{\"@context\":\"https:\\\/\\\/schema.org\",\"@graph\":[{\"@type\":\"WebPage\",\"@id\":\"https:\\\/\\\/ethrat.ch\\\/de\\\/eth-rat\\\/offene-stellen\\\/\",\"url\":\"https:\\\/\\\/ethrat.ch\\\/de\\\/eth-rat\\\/offene-stellen\\\/\",\"name\":\"Offene Stellen - ETH-Rat\",\"isPartOf\":{\"@id\":\"https:\\\/\\\/ethrat.ch\\\/de\\\/#website\"},\"primaryImageOfPage\":{\"@id\":\"https:\\\/\\\/ethrat.ch\\\/de\\\/eth-rat\\\/offene-stellen\\\/#primaryimage\"},\"image\":{\"@id\":\"https:\\\/\\\/ethrat.ch\\\/de\\\/eth-rat\\\/offene-stellen\\\/#primaryimage\"},\"thumbnailUrl\":\"https:\\\/\\\/ethrat.ch\\\/wp-content\\\/uploads\\\/2024\\\/07\\\/ethrat_offeneStellen_empfang.jpg\",\"datePublished\":\"2024-07-17T09:04:01+00:00\",\"dateModified\":\"2026-05-04T13:53:40+00:00\",\"breadcrumb\":{\"@id\":\"https:\\\/\\\/ethrat.ch\\\/de\\\/eth-rat\\\/offene-stellen\\\/#breadcrumb\"},\"inLanguage\":\"de\",\"potentialAction\":[{\"@type\":\"ReadAction\",\"target\":[\"https:\\\/\\\/ethrat.ch\\\/de\\\/eth-rat\\\/offene-stellen\\\/\"]}]},{\"@type\":\"ImageObject\",\"inLanguage\":\"de\",\"@id\":\"https:\\\/\\\/ethrat.ch\\\/de\\\/eth-rat\\\/offene-stellen\\\/#primaryimage\",\"url\":\"https:\\\/\\\/ethrat.ch\\\/wp-content\\\/uploads\\\/2024\\\/07\\\/ethrat_offeneStellen_empfang.jpg\",\"contentUrl\":\"https:\\\/\\\/ethrat.ch\\\/wp-content\\\/uploads\\\/2024\\\/07\\\/ethrat_offeneStellen_empfang.jpg\"},{\"@type\":\"BreadcrumbList\",\"@id\":\"https:\\\/\\\/ethrat.ch\\\/de\\\/eth-rat\\\/offene-stellen\\\/#breadcrumb\",\"itemListElement\":[{\"@type\":\"ListItem\",\"position\":1,\"name\":\"Home\",\"item\":\"https:\\\/\\\/ethrat.ch\\\/de\\\/\"},{\"@type\":\"ListItem\",\"position\":2,\"name\":\"ETH-RAT\",\"item\":\"https:\\\/\\\/ethrat.ch\\\/eth-rat\\\/portrat-eth-rat\\\/\"},{\"@type\":\"ListItem\",\"position\":3,\"name\":\"Offene Stellen\"}]},{\"@type\":\"WebSite\",\"@id\":\"https:\\\/\\\/ethrat.ch\\\/de\\\/#website\",\"url\":\"https:\\\/\\\/ethrat.ch\\\/de\\\/\",\"name\":\"ETH-Rat\",\"description\":\"\",\"publisher\":{\"@id\":\"https:\\\/\\\/ethrat.ch\\\/de\\\/#organization\"},\"potentialAction\":[{\"@type\":\"SearchAction\",\"target\":{\"@type\":\"EntryPoint\",\"urlTemplate\":\"https:\\\/\\\/ethrat.ch\\\/de\\\/?s={search_term_string}\"},\"query-input\":{\"@type\":\"PropertyValueSpecification\",\"valueRequired\":true,\"valueName\":\"search_term_string\"}}],\"inLanguage\":\"de\"},{\"@type\":\"Organization\",\"@id\":\"https:\\\/\\\/ethrat.ch\\\/de\\\/#organization\",\"name\":\"ETH-Rat\",\"url\":\"https:\\\/\\\/ethrat.ch\\\/de\\\/\",\"logo\":{\"@type\":\"ImageObject\",\"inLanguage\":\"de\",\"@id\":\"https:\\\/\\\/ethrat.ch\\\/de\\\/#\\\/schema\\\/logo\\\/image\\\/\",\"url\":\"https:\\\/\\\/ethrat.ch\\\/wp-content\\\/uploads\\\/2024\\\/04\\\/logo-white.svg\",\"contentUrl\":\"https:\\\/\\\/ethrat.ch\\\/wp-content\\\/uploads\\\/2024\\\/04\\\/logo-white.svg\",\"width\":283,\"height\":81,\"caption\":\"ETH-Rat\"},\"image\":{\"@id\":\"https:\\\/\\\/ethrat.ch\\\/de\\\/#\\\/schema\\\/logo\\\/image\\\/\"},\"sameAs\":[\"https:\\\/\\\/x.com\\\/eth_rat\",\"https:\\\/\\\/issuu.com\\\/ethrat\",\"https:\\\/\\\/www.linkedin.com\\\/company\\\/eth-rat\\\/\"]}]}<\/script>\n<!-- \/ Yoast SEO plugin. -->","yoast_head_json":{"title":"Offene Stellen - ETH-Rat","robots":{"index":"index","follow":"follow","max-snippet":"max-snippet:-1","max-image-preview":"max-image-preview:large","max-video-preview":"max-video-preview:-1"},"canonical":"https:\/\/ethrat.ch\/de\/eth-rat\/offene-stellen\/","og_locale":"de_DE","og_type":"article","og_title":"Offene Stellen - ETH-Rat","og_description":"Offene Stellen im Stab ETH-Rat Der ETH-Rat stellt regelm\u00e4ssig neue Mitarbeitende ein. Als Arbeitgeber sch\u00e4tzen wir Vielfalt, Engagement und berufliche Entwicklung in einem stimulierenden und anspruchsvollen Umfeld. Der ETH-Rat ist das Strategie- und Aufsichtsorgan des ETH-Bereichs, zu dem die beiden Hochschulen ETH Z\u00fcrich und EPFL sowie die vier Forschungsanstalten PSI, WSL, Empa und Eawag geh\u00f6ren. ...","og_url":"https:\/\/ethrat.ch\/de\/eth-rat\/offene-stellen\/","og_site_name":"ETH-Rat","article_modified_time":"2026-05-04T13:53:40+00:00","og_image":[{"width":1120,"height":580,"url":"https:\/\/ethrat.ch\/wp-content\/uploads\/2024\/07\/ethrat_offeneStellen_empfang.jpg","type":"image\/jpeg"}],"twitter_card":"summary_large_image","twitter_site":"@eth_rat","twitter_misc":{"Gesch\u00e4tzte Lesezeit":"1\u00a0Minute"},"schema":{"@context":"https:\/\/schema.org","@graph":[{"@type":"WebPage","@id":"https:\/\/ethrat.ch\/de\/eth-rat\/offene-stellen\/","url":"https:\/\/ethrat.ch\/de\/eth-rat\/offene-stellen\/","name":"Offene Stellen - ETH-Rat","isPartOf":{"@id":"https:\/\/ethrat.ch\/de\/#website"},"primaryImageOfPage":{"@id":"https:\/\/ethrat.ch\/de\/eth-rat\/offene-stellen\/#primaryimage"},"image":{"@id":"https:\/\/ethrat.ch\/de\/eth-rat\/offene-stellen\/#primaryimage"},"thumbnailUrl":"https:\/\/ethrat.ch\/wp-content\/uploads\/2024\/07\/ethrat_offeneStellen_empfang.jpg","datePublished":"2024-07-17T09:04:01+00:00","dateModified":"2026-05-04T13:53:40+00:00","breadcrumb":{"@id":"https:\/\/ethrat.ch\/de\/eth-rat\/offene-stellen\/#breadcrumb"},"inLanguage":"de","potentialAction":[{"@type":"ReadAction","target":["https:\/\/ethrat.ch\/de\/eth-rat\/offene-stellen\/"]}]},{"@type":"ImageObject","inLanguage":"de","@id":"https:\/\/ethrat.ch\/de\/eth-rat\/offene-stellen\/#primaryimage","url":"https:\/\/ethrat.ch\/wp-content\/uploads\/2024\/07\/ethrat_offeneStellen_empfang.jpg","contentUrl":"https:\/\/ethrat.ch\/wp-content\/uploads\/2024\/07\/ethrat_offeneStellen_empfang.jpg"},{"@type":"BreadcrumbList","@id":"https:\/\/ethrat.ch\/de\/eth-rat\/offene-stellen\/#breadcrumb","itemListElement":[{"@type":"ListItem","position":1,"name":"Home","item":"https:\/\/ethrat.ch\/de\/"},{"@type":"ListItem","position":2,"name":"ETH-RAT","item":"https:\/\/ethrat.ch\/eth-rat\/portrat-eth-rat\/"},{"@type":"ListItem","position":3,"name":"Offene Stellen"}]},{"@type":"WebSite","@id":"https:\/\/ethrat.ch\/de\/#website","url":"https:\/\/ethrat.ch\/de\/","name":"ETH-Rat","description":"","publisher":{"@id":"https:\/\/ethrat.ch\/de\/#organization"},"potentialAction":[{"@type":"SearchAction","target":{"@type":"EntryPoint","urlTemplate":"https:\/\/ethrat.ch\/de\/?s={search_term_string}"},"query-input":{"@type":"PropertyValueSpecification","valueRequired":true,"valueName":"search_term_string"}}],"inLanguage":"de"},{"@type":"Organization","@id":"https:\/\/ethrat.ch\/de\/#organization","name":"ETH-Rat","url":"https:\/\/ethrat.ch\/de\/","logo":{"@type":"ImageObject","inLanguage":"de","@id":"https:\/\/ethrat.ch\/de\/#\/schema\/logo\/image\/","url":"https:\/\/ethrat.ch\/wp-content\/uploads\/2024\/04\/logo-white.svg","contentUrl":"https:\/\/ethrat.ch\/wp-content\/uploads\/2024\/04\/logo-white.svg","width":283,"height":81,"caption":"ETH-Rat"},"image":{"@id":"https:\/\/ethrat.ch\/de\/#\/schema\/logo\/image\/"},"sameAs":["https:\/\/x.com\/eth_rat","https:\/\/issuu.com\/ethrat","https:\/\/www.linkedin.com\/company\/eth-rat\/"]}]}},"_links":{"self":[{"href":"https:\/\/ethrat.ch\/de\/wp-json\/wp\/v2\/pages\/48818","targetHints":{"allow":["GET"]}}],"collection":[{"href":"https:\/\/ethrat.ch\/de\/wp-json\/wp\/v2\/pages"}],"about":[{"href":"https:\/\/ethrat.ch\/de\/wp-json\/wp\/v2\/types\/page"}],"author":[{"embeddable":true,"href":"https:\/\/ethrat.ch\/de\/wp-json\/wp\/v2\/users\/11"}],"replies":[{"embeddable":true,"href":"https:\/\/ethrat.ch\/de\/wp-json\/wp\/v2\/comments?post=48818"}],"version-history":[{"count":12,"href":"https:\/\/ethrat.ch\/de\/wp-json\/wp\/v2\/pages\/48818\/revisions"}],"predecessor-version":[{"id":59952,"href":"https:\/\/ethrat.ch\/de\/wp-json\/wp\/v2\/pages\/48818\/revisions\/59952"}],"up":[{"embeddable":true,"href":"https:\/\/ethrat.ch\/de\/wp-json\/wp\/v2\/pages\/627"}],"wp:attachment":[{"href":"https:\/\/ethrat.ch\/de\/wp-json\/wp\/v2\/media?parent=48818"}],"wp:term":[{"taxonomy":"search-tag","embeddable":true,"href":"https:\/\/ethrat.ch\/de\/wp-json\/wp\/v2\/search-tag?post=48818"}],"curies":[{"name":"wp","href":"https:\/\/api.w.org\/{rel}","templated":true}]}}