{"id":2865,"date":"2021-07-28T10:10:57","date_gmt":"2021-07-28T08:10:57","guid":{"rendered":"https:\/\/ethrat.ch\/?page_id=2865"},"modified":"2024-10-16T15:31:01","modified_gmt":"2024-10-16T13:31:01","slug":"finanz-und-investitionsplanung-eth-bereich","status":"publish","type":"page","link":"https:\/\/ethrat.ch\/de\/eth-bereich\/finanz-und-investitionsplanung-eth-bereich\/","title":{"rendered":"Finanz- und Investitionsplanung ETH-Bereich"},"content":{"rendered":"\t\t<div data-elementor-type=\"wp-page\" data-elementor-id=\"2865\" class=\"elementor elementor-2865\" data-elementor-post-type=\"page\">\n\t\t\t\t\t\t<section class=\"elementor-section elementor-top-section elementor-element elementor-element-103d1ab1 elementor-section-boxed elementor-section-height-default elementor-section-height-default\" data-id=\"103d1ab1\" data-element_type=\"section\" data-e-type=\"section\">\n\t\t\t\t\t\t<div class=\"elementor-container elementor-column-gap-default\">\n\t\t\t\t\t<div class=\"elementor-column elementor-col-100 elementor-top-column elementor-element elementor-element-974d568\" data-id=\"974d568\" data-element_type=\"column\" data-e-type=\"column\" data-settings=\"{&quot;background_background&quot;:&quot;classic&quot;}\">\n\t\t\t<div class=\"elementor-widget-wrap elementor-element-populated\">\n\t\t\t\t\t\t<div class=\"elementor-element elementor-element-26ecf2fb elementor-widget elementor-widget-image\" data-id=\"26ecf2fb\" data-element_type=\"widget\" data-e-type=\"widget\" data-widget_type=\"image.default\">\n\t\t\t\t<div class=\"elementor-widget-container\">\n\t\t\t\t\t\t\t\t\t\t\t\t\t\t\t<img decoding=\"async\" width=\"1120\" height=\"580\" src=\"https:\/\/ethrat.ch\/wp-content\/uploads\/2021\/11\/Nachtviolett_sebastian-svenson-vaC0w7XBSXw-unsplash.jpg\" class=\"attachment-full size-full wp-image-20613\" alt=\"\" srcset=\"https:\/\/ethrat.ch\/wp-content\/uploads\/2021\/11\/Nachtviolett_sebastian-svenson-vaC0w7XBSXw-unsplash.jpg 1120w, https:\/\/ethrat.ch\/wp-content\/uploads\/2021\/11\/Nachtviolett_sebastian-svenson-vaC0w7XBSXw-unsplash-300x155.jpg 300w, https:\/\/ethrat.ch\/wp-content\/uploads\/2021\/11\/Nachtviolett_sebastian-svenson-vaC0w7XBSXw-unsplash-1024x530.jpg 1024w, https:\/\/ethrat.ch\/wp-content\/uploads\/2021\/11\/Nachtviolett_sebastian-svenson-vaC0w7XBSXw-unsplash-768x398.jpg 768w\" sizes=\"(max-width: 1120px) 100vw, 1120px\" \/>\t\t\t\t\t\t\t\t\t\t\t\t\t\t\t<\/div>\n\t\t\t\t<\/div>\n\t\t\t\t\t<\/div>\n\t\t<\/div>\n\t\t\t\t\t<\/div>\n\t\t<\/section>\n\t\t\t\t<section class=\"elementor-section elementor-top-section elementor-element elementor-element-5853d51 elementor-section-boxed elementor-section-height-default elementor-section-height-default\" data-id=\"5853d51\" data-element_type=\"section\" data-e-type=\"section\">\n\t\t\t\t\t\t<div class=\"elementor-container elementor-column-gap-default\">\n\t\t\t\t\t<div class=\"elementor-column elementor-col-100 elementor-top-column elementor-element elementor-element-2a6ca277\" data-id=\"2a6ca277\" data-element_type=\"column\" data-e-type=\"column\">\n\t\t\t<div class=\"elementor-widget-wrap elementor-element-populated\">\n\t\t\t\t\t\t<div class=\"elementor-element elementor-element-10fd390a elementor-widget elementor-widget-heading\" data-id=\"10fd390a\" data-element_type=\"widget\" data-e-type=\"widget\" data-widget_type=\"heading.default\">\n\t\t\t\t<div class=\"elementor-widget-container\">\n\t\t\t\t\t<h1 class=\"elementor-heading-title elementor-size-default\">Finanz- und Investitionsplanung ETH-Bereich<\/h1>\t\t\t\t<\/div>\n\t\t\t\t<\/div>\n\t\t\t\t<div class=\"elementor-element elementor-element-f094a87 elementor-widget elementor-widget-text-editor\" data-id=\"f094a87\" data-element_type=\"widget\" data-e-type=\"widget\" data-widget_type=\"text-editor.default\">\n\t\t\t\t<div class=\"elementor-widget-container\">\n\t\t\t\t\t\t\t\t\t<p>Die Kernaufgaben des ETH-Rats betreffen die l\u00e4ngerfristige Finanz- und Investitionsplanung, die Zuteilung der von den Eidgen\u00f6ssischen R\u00e4ten bewilligten Mittel f\u00fcr die beiden ETH und die vier Forschungsanstalten, die Budgetvorgaben sowie die Erstellung des konsolidierten Voranschlags und der konsolidierten Rechnung des ETH-Bereichs.<\/p>\t\t\t\t\t\t\t\t<\/div>\n\t\t\t\t<\/div>\n\t\t\t\t<div class=\"elementor-element elementor-element-78316f40 elementor-widget elementor-widget-text-editor\" data-id=\"78316f40\" data-element_type=\"widget\" data-e-type=\"widget\" data-widget_type=\"text-editor.default\">\n\t\t\t\t<div class=\"elementor-widget-container\">\n\t\t\t\t\t\t\t\t\t<p>Im Rahmen der Erarbeitung der Strategischen Planung ermittelt der ETH-Rat den f\u00fcr die Umsetzung der strategischen Ziele und Vorhaben notwendigen Finanzbedarf. Bei der Vorbereitung der strategischen Ziele (bis 2016: Leistungsauftrag) des Bundesrats f\u00fcr den ETH-Bereich, wird der der ETH-Rat einbezogen und die beiden ETH sowie die Forschungsanstalten angeh\u00f6rt. Gest\u00fctzt auf die rollende Budgetierung und Finanzplanung des Bundes, die strategischen Ziele des Bundesrats f\u00fcr den ETH-Bereich und den Zahlungsrahmen (einschliesslich der Jahrestranchen), und unter Beachtung der Weisungen des Bundesrats, des Eidgen\u00f6ssischen Finanzdepartements (EFD) und des Eidgen\u00f6ssischen Departements f\u00fcr Wirtschaft, Bildung und Forschung (WBF) reicht der ETH-Rat j\u00e4hrlich die Budget- und Finanzplanzahlen an das WBF ein.<br \/><br \/><\/p><h3>Mittelzuteilung und Budgetvorgaben<\/h3><p>Gest\u00fctzt auf die Vorgaben der strategischen Ziele des Bundesrats und auf den Zahlungsrahmen schliesst der ETH-Rat mit den beiden ETH und den vier Forschungsanstalten Zielvereinbarungen f\u00fcr die Dauer von vier Jahren ab und teilt die Bundesmittel zu. Er st\u00fctzt sich dabei insbesondere auf die Budgetantr\u00e4ge der beiden ETH und der vier Forschungsanstalten. Die j\u00e4hrlichen Mittelzuteilungen sind auf die von den Eidgen\u00f6ssischen R\u00e4ten bewilligten Zahlungskredite abzustimmen.<\/p><p>Unter Ber\u00fccksichtigung der geplanten Aufwendungen und Investitionen f\u00fcr die Immobilien initialisiert der ETH-Rat mit den Budgetweisungen den j\u00e4hrlichen Budgetierungsprozess. Die Weisungen geben den beiden ETH und den vier Forschungsanstalten den materiellen und formellen Rahmen vor, in dem sie ihre Budgets bzw. die Erfolgs-, Investitions- und Geldflussrechnungen zu erstellen haben.<br \/><br \/><\/p><h3>Voranschlag und Rechnung<\/h3><p>Der ETH-Rat erstellt f\u00fcr den ETH-Bereich den j\u00e4hrlichen konsolidierten Voranschlag und die j\u00e4hrliche konsolidierte Rechnung mit Bilanz und Erfolgsrechnung nach IPSAS.<\/p><p>Der ETH-Rat stellt dem WBF zuhanden des Bundesrats Antrag zu Voranschlag und Rechnung.<\/p><p>Die Eidgen\u00f6ssische Finanzverwaltung und der ETH-Bereich schliessen eine Tresorerievereinbarung ab. Der Zahlungsverkehr des ETH-Bereichs erfolgt \u00fcber Konten bei privat- oder \u00f6ffentlich-rechtlichen Finanzinstituten.<\/p>\t\t\t\t\t\t\t\t<\/div>\n\t\t\t\t<\/div>\n\t\t\t\t\t<\/div>\n\t\t<\/div>\n\t\t\t\t\t<\/div>\n\t\t<\/section>\n\t\t\t\t<section class=\"elementor-section elementor-top-section elementor-element elementor-element-1b129616 elementor-hidden-desktop elementor-hidden-tablet hide-print elementor-section-boxed elementor-section-height-default elementor-section-height-default\" data-id=\"1b129616\" data-element_type=\"section\" data-e-type=\"section\">\n\t\t\t\t\t\t<div class=\"elementor-container elementor-column-gap-default\">\n\t\t\t\t\t<div class=\"elementor-column elementor-col-33 elementor-top-column elementor-element elementor-element-4490725c elementor-hidden-tablet elementor-hidden-mobile\" data-id=\"4490725c\" data-element_type=\"column\" data-e-type=\"column\">\n\t\t\t<div class=\"elementor-widget-wrap elementor-element-populated\">\n\t\t\t\t\t\t<section class=\"elementor-section elementor-inner-section elementor-element elementor-element-528ff342 elementor-section-boxed elementor-section-height-default elementor-section-height-default\" data-id=\"528ff342\" data-element_type=\"section\" data-e-type=\"section\" data-settings=\"{&quot;sticky&quot;:&quot;top&quot;,&quot;sticky_offset&quot;:2,&quot;sticky_effects_offset&quot;:40,&quot;sticky_on&quot;:[&quot;desktop&quot;,&quot;tablet&quot;,&quot;mobile&quot;],&quot;sticky_anchor_link_offset&quot;:0}\">\n\t\t\t\t\t\t<div class=\"elementor-container elementor-column-gap-default\">\n\t\t\t\t\t<div class=\"elementor-column elementor-col-100 elementor-inner-column elementor-element elementor-element-6a6d0c70\" data-id=\"6a6d0c70\" data-element_type=\"column\" data-e-type=\"column\">\n\t\t\t<div class=\"elementor-widget-wrap\">\n\t\t\t\t\t\t\t<\/div>\n\t\t<\/div>\n\t\t\t\t\t<\/div>\n\t\t<\/section>\n\t\t\t\t\t<\/div>\n\t\t<\/div>\n\t\t\t\t<div class=\"elementor-column elementor-col-33 elementor-top-column elementor-element elementor-element-5659df8c\" data-id=\"5659df8c\" data-element_type=\"column\" data-e-type=\"column\">\n\t\t\t<div class=\"elementor-widget-wrap elementor-element-populated\">\n\t\t\t\t\t\t<div class=\"elementor-element elementor-element-31372b9a elementor-widget-mobile__width-auto elementor-view-default elementor-widget elementor-widget-icon\" data-id=\"31372b9a\" data-element_type=\"widget\" data-e-type=\"widget\" data-widget_type=\"icon.default\">\n\t\t\t\t<div class=\"elementor-widget-container\">\n\t\t\t\t\t\t\t<div class=\"elementor-icon-wrapper\">\n\t\t\t<div class=\"elementor-icon\">\n\t\t\t\t\t\t<\/div>\n\t\t<\/div>\n\t\t\t\t\t\t<\/div>\n\t\t\t\t<\/div>\n\t\t\t\t<div class=\"elementor-element elementor-element-4851ddeb elementor-share-buttons--skin-minimal elementor-share-buttons--color-custom elementor-share-buttons--view-text elementor-widget-mobile__width-auto elementor-share-buttons--shape-square elementor-grid-0 elementor-widget elementor-widget-share-buttons\" data-id=\"4851ddeb\" data-element_type=\"widget\" data-e-type=\"widget\" data-widget_type=\"share-buttons.default\">\n\t\t\t\t<div class=\"elementor-widget-container\">\n\t\t\t\t\t\t\t<div class=\"elementor-grid\">\n\t\t\t\t\t\t\t\t<div class=\"elementor-grid-item\">\n\t\t\t\t\t\t<div class=\"elementor-share-btn elementor-share-btn_print\" role=\"button\" tabindex=\"0\" aria-label=\"Teilen auf print\">\n\t\t\t\t\t\t\t\t\t\t\t\t\t\t\t\t\t\t\t\t\t\t<div class=\"elementor-share-btn__text\">\n\t\t\t\t\t\t\t\t\t\t\t\t\t\t\t\t\t\t\t<span class=\"elementor-share-btn__title\">\n\t\t\t\t\t\t\t\t\t\tDrucken\t\t\t\t\t\t\t\t\t<\/span>\n\t\t\t\t\t\t\t\t\t\t\t\t\t\t\t\t\t<\/div>\n\t\t\t\t\t\t\t\t\t\t\t\t\t<\/div>\n\t\t\t\t\t<\/div>\n\t\t\t\t\t\t<\/div>\n\t\t\t\t\t\t<\/div>\n\t\t\t\t<\/div>\n\t\t\t\t\t<\/div>\n\t\t<\/div>\n\t\t\t\t<div class=\"elementor-column elementor-col-33 elementor-top-column elementor-element elementor-element-173fad0d\" data-id=\"173fad0d\" data-element_type=\"column\" data-e-type=\"column\">\n\t\t\t<div class=\"elementor-widget-wrap elementor-element-populated\">\n\t\t\t\t\t\t<div class=\"elementor-element elementor-element-64f6b562 elementor-widget elementor-widget-ethlink\" data-id=\"64f6b562\" data-element_type=\"widget\" data-e-type=\"widget\" data-widget_type=\"ethlink.default\">\n\t\t\t\t<div class=\"elementor-widget-container\">\n\t\t\t\t\t<a class=\"eth-links-single-link\" href=\"https:\/\/ethrat.ch\/wp-content\/uploads\/2024\/10\/ETHR_Budgetbericht-2025_D_Web.pdf\" target=\"_blank\"><span class=\"eth_link_icon\"><img decoding=\"async\" src=\"https:\/\/ethrat.ch\/wp-content\/themes\/maxomedia-starter-child\/assets\/images\/eth-file-icon.png\" alt=\"ETH PDF Icon\" \/><\/span> Budgetbericht 2025 <span class=\"eth_link_to_website\">PDF herunterladen<\/span><\/a>\t\t\t\t<\/div>\n\t\t\t\t<\/div>\n\t\t\t\t<div class=\"elementor-element elementor-element-5d8a06d3 elementor-align-left elementor-widget elementor-widget-button\" data-id=\"5d8a06d3\" data-element_type=\"widget\" data-e-type=\"widget\" data-widget_type=\"button.default\">\n\t\t\t\t<div class=\"elementor-widget-container\">\n\t\t\t\t\t\t\t\t\t<div class=\"elementor-button-wrapper\">\n\t\t\t\t\t<a class=\"elementor-button elementor-button-link elementor-size-sm\" href=\"#elementor-action%3Aaction%3Dpopup%3Aopen%26settings%3DeyJpZCI6NTAxNywidG9nZ2xlIjpmYWxzZX0%3D\">\n\t\t\t\t\t\t<span class=\"elementor-button-content-wrapper\">\n\t\t\t\t\t\t<span class=\"elementor-button-icon\">\n\t\t\t\t\t\t\t<\/span>\n\t\t\t\t\t\t\t\t\t<span class=\"elementor-button-text\">Artikel teilen<\/span>\n\t\t\t\t\t<\/span>\n\t\t\t\t\t<\/a>\n\t\t\t\t<\/div>\n\t\t\t\t\t\t\t\t<\/div>\n\t\t\t\t<\/div>\n\t\t\t\t\t<\/div>\n\t\t<\/div>\n\t\t\t\t\t<\/div>\n\t\t<\/section>\n\t\t\t\t<\/div>\n\t\t","protected":false},"excerpt":{"rendered":"<p>Die Kernaufgaben des ETH-Rats betreffen die l\u00e4ngerfristige Finanz- und Investitionsplanung, die Zuteilung der von den Eidgen\u00f6ssischen R\u00e4ten bewilligten Mittel f\u00fcr die beiden ETH und die vier Forschungsanstalten, die Budgetvorgaben sowie die Erstellung des konsolidierten Voranschlags und der konsolidierten Rechnung des ETH-Bereichs. Im Rahmen der Erarbeitung der Strategischen Planung ermittelt der ETH-Rat den f\u00fcr die Umsetzung &#8230;<\/p>\n","protected":false},"author":11,"featured_media":0,"parent":629,"menu_order":0,"comment_status":"closed","ping_status":"closed","template":"","meta":{"_acf_changed":false,"footnotes":"","_links_to":"","_links_to_target":""},"search-tag":[],"class_list":["post-2865","page","type-page","status-publish","hentry"],"acf":[],"yoast_head":"<!-- This site is optimized with the Yoast SEO plugin v27.3 - https:\/\/yoast.com\/product\/yoast-seo-wordpress\/ -->\n<title>Finanz- und Investitionsplanung ETH-Bereich - ETH-Rat<\/title>\n<meta name=\"robots\" content=\"index, follow, max-snippet:-1, max-image-preview:large, max-video-preview:-1\" \/>\n<link rel=\"canonical\" href=\"https:\/\/ethrat.ch\/de\/eth-bereich\/finanz-und-investitionsplanung-eth-bereich\/\" \/>\n<meta property=\"og:locale\" content=\"de_DE\" \/>\n<meta property=\"og:type\" content=\"article\" \/>\n<meta property=\"og:title\" content=\"Finanz- und Investitionsplanung ETH-Bereich - ETH-Rat\" \/>\n<meta property=\"og:description\" content=\"Die Kernaufgaben des ETH-Rats betreffen die l\u00e4ngerfristige Finanz- und Investitionsplanung, die Zuteilung der von den Eidgen\u00f6ssischen R\u00e4ten bewilligten Mittel f\u00fcr die beiden ETH und die vier Forschungsanstalten, die Budgetvorgaben sowie die Erstellung des konsolidierten Voranschlags und der konsolidierten Rechnung des ETH-Bereichs. Im Rahmen der Erarbeitung der Strategischen Planung ermittelt der ETH-Rat den f\u00fcr die Umsetzung ...\" \/>\n<meta property=\"og:url\" content=\"https:\/\/ethrat.ch\/de\/eth-bereich\/finanz-und-investitionsplanung-eth-bereich\/\" \/>\n<meta property=\"og:site_name\" content=\"ETH-Rat\" \/>\n<meta property=\"article:modified_time\" content=\"2024-10-16T13:31:01+00:00\" \/>\n<meta property=\"og:image\" content=\"https:\/\/ethrat.ch\/wp-content\/uploads\/2021\/11\/Nachtviolett_sebastian-svenson-vaC0w7XBSXw-unsplash.jpg\" \/>\n\t<meta property=\"og:image:width\" content=\"1120\" \/>\n\t<meta property=\"og:image:height\" content=\"580\" \/>\n\t<meta property=\"og:image:type\" content=\"image\/jpeg\" \/>\n<meta name=\"twitter:card\" content=\"summary_large_image\" \/>\n<meta name=\"twitter:site\" content=\"@eth_rat\" \/>\n<meta name=\"twitter:label1\" content=\"Gesch\u00e4tzte Lesezeit\" \/>\n\t<meta name=\"twitter:data1\" content=\"2\u00a0Minuten\" \/>\n<script type=\"application\/ld+json\" class=\"yoast-schema-graph\">{\"@context\":\"https:\\\/\\\/schema.org\",\"@graph\":[{\"@type\":\"WebPage\",\"@id\":\"https:\\\/\\\/ethrat.ch\\\/de\\\/eth-bereich\\\/finanz-und-investitionsplanung-eth-bereich\\\/\",\"url\":\"https:\\\/\\\/ethrat.ch\\\/de\\\/eth-bereich\\\/finanz-und-investitionsplanung-eth-bereich\\\/\",\"name\":\"Finanz- und Investitionsplanung ETH-Bereich - ETH-Rat\",\"isPartOf\":{\"@id\":\"https:\\\/\\\/ethrat.ch\\\/de\\\/#website\"},\"primaryImageOfPage\":{\"@id\":\"https:\\\/\\\/ethrat.ch\\\/de\\\/eth-bereich\\\/finanz-und-investitionsplanung-eth-bereich\\\/#primaryimage\"},\"image\":{\"@id\":\"https:\\\/\\\/ethrat.ch\\\/de\\\/eth-bereich\\\/finanz-und-investitionsplanung-eth-bereich\\\/#primaryimage\"},\"thumbnailUrl\":\"https:\\\/\\\/ethrat.ch\\\/wp-content\\\/uploads\\\/2021\\\/11\\\/Nachtviolett_sebastian-svenson-vaC0w7XBSXw-unsplash.jpg\",\"datePublished\":\"2021-07-28T08:10:57+00:00\",\"dateModified\":\"2024-10-16T13:31:01+00:00\",\"breadcrumb\":{\"@id\":\"https:\\\/\\\/ethrat.ch\\\/de\\\/eth-bereich\\\/finanz-und-investitionsplanung-eth-bereich\\\/#breadcrumb\"},\"inLanguage\":\"de\",\"potentialAction\":[{\"@type\":\"ReadAction\",\"target\":[\"https:\\\/\\\/ethrat.ch\\\/de\\\/eth-bereich\\\/finanz-und-investitionsplanung-eth-bereich\\\/\"]}]},{\"@type\":\"ImageObject\",\"inLanguage\":\"de\",\"@id\":\"https:\\\/\\\/ethrat.ch\\\/de\\\/eth-bereich\\\/finanz-und-investitionsplanung-eth-bereich\\\/#primaryimage\",\"url\":\"https:\\\/\\\/ethrat.ch\\\/wp-content\\\/uploads\\\/2021\\\/11\\\/Nachtviolett_sebastian-svenson-vaC0w7XBSXw-unsplash.jpg\",\"contentUrl\":\"https:\\\/\\\/ethrat.ch\\\/wp-content\\\/uploads\\\/2021\\\/11\\\/Nachtviolett_sebastian-svenson-vaC0w7XBSXw-unsplash.jpg\"},{\"@type\":\"BreadcrumbList\",\"@id\":\"https:\\\/\\\/ethrat.ch\\\/de\\\/eth-bereich\\\/finanz-und-investitionsplanung-eth-bereich\\\/#breadcrumb\",\"itemListElement\":[{\"@type\":\"ListItem\",\"position\":1,\"name\":\"Home\",\"item\":\"https:\\\/\\\/ethrat.ch\\\/de\\\/\"},{\"@type\":\"ListItem\",\"position\":2,\"name\":\"ETH-BEREICH\",\"item\":\"https:\\\/\\\/ethrat.ch\\\/de\\\/eth-bereich\\\/\"},{\"@type\":\"ListItem\",\"position\":3,\"name\":\"Finanz- und Investitionsplanung ETH-Bereich\"}]},{\"@type\":\"WebSite\",\"@id\":\"https:\\\/\\\/ethrat.ch\\\/de\\\/#website\",\"url\":\"https:\\\/\\\/ethrat.ch\\\/de\\\/\",\"name\":\"ETH-Rat\",\"description\":\"\",\"publisher\":{\"@id\":\"https:\\\/\\\/ethrat.ch\\\/de\\\/#organization\"},\"potentialAction\":[{\"@type\":\"SearchAction\",\"target\":{\"@type\":\"EntryPoint\",\"urlTemplate\":\"https:\\\/\\\/ethrat.ch\\\/de\\\/?s={search_term_string}\"},\"query-input\":{\"@type\":\"PropertyValueSpecification\",\"valueRequired\":true,\"valueName\":\"search_term_string\"}}],\"inLanguage\":\"de\"},{\"@type\":\"Organization\",\"@id\":\"https:\\\/\\\/ethrat.ch\\\/de\\\/#organization\",\"name\":\"ETH-Rat\",\"url\":\"https:\\\/\\\/ethrat.ch\\\/de\\\/\",\"logo\":{\"@type\":\"ImageObject\",\"inLanguage\":\"de\",\"@id\":\"https:\\\/\\\/ethrat.ch\\\/de\\\/#\\\/schema\\\/logo\\\/image\\\/\",\"url\":\"https:\\\/\\\/ethrat.ch\\\/wp-content\\\/uploads\\\/2024\\\/04\\\/logo-white.svg\",\"contentUrl\":\"https:\\\/\\\/ethrat.ch\\\/wp-content\\\/uploads\\\/2024\\\/04\\\/logo-white.svg\",\"width\":283,\"height\":81,\"caption\":\"ETH-Rat\"},\"image\":{\"@id\":\"https:\\\/\\\/ethrat.ch\\\/de\\\/#\\\/schema\\\/logo\\\/image\\\/\"},\"sameAs\":[\"https:\\\/\\\/x.com\\\/eth_rat\",\"https:\\\/\\\/issuu.com\\\/ethrat\",\"https:\\\/\\\/www.linkedin.com\\\/company\\\/eth-rat\\\/\"]}]}<\/script>\n<!-- \/ Yoast SEO plugin. -->","yoast_head_json":{"title":"Finanz- und Investitionsplanung ETH-Bereich - ETH-Rat","robots":{"index":"index","follow":"follow","max-snippet":"max-snippet:-1","max-image-preview":"max-image-preview:large","max-video-preview":"max-video-preview:-1"},"canonical":"https:\/\/ethrat.ch\/de\/eth-bereich\/finanz-und-investitionsplanung-eth-bereich\/","og_locale":"de_DE","og_type":"article","og_title":"Finanz- und Investitionsplanung ETH-Bereich - ETH-Rat","og_description":"Die Kernaufgaben des ETH-Rats betreffen die l\u00e4ngerfristige Finanz- und Investitionsplanung, die Zuteilung der von den Eidgen\u00f6ssischen R\u00e4ten bewilligten Mittel f\u00fcr die beiden ETH und die vier Forschungsanstalten, die Budgetvorgaben sowie die Erstellung des konsolidierten Voranschlags und der konsolidierten Rechnung des ETH-Bereichs. Im Rahmen der Erarbeitung der Strategischen Planung ermittelt der ETH-Rat den f\u00fcr die Umsetzung ...","og_url":"https:\/\/ethrat.ch\/de\/eth-bereich\/finanz-und-investitionsplanung-eth-bereich\/","og_site_name":"ETH-Rat","article_modified_time":"2024-10-16T13:31:01+00:00","og_image":[{"width":1120,"height":580,"url":"https:\/\/ethrat.ch\/wp-content\/uploads\/2021\/11\/Nachtviolett_sebastian-svenson-vaC0w7XBSXw-unsplash.jpg","type":"image\/jpeg"}],"twitter_card":"summary_large_image","twitter_site":"@eth_rat","twitter_misc":{"Gesch\u00e4tzte Lesezeit":"2\u00a0Minuten"},"schema":{"@context":"https:\/\/schema.org","@graph":[{"@type":"WebPage","@id":"https:\/\/ethrat.ch\/de\/eth-bereich\/finanz-und-investitionsplanung-eth-bereich\/","url":"https:\/\/ethrat.ch\/de\/eth-bereich\/finanz-und-investitionsplanung-eth-bereich\/","name":"Finanz- und Investitionsplanung ETH-Bereich - ETH-Rat","isPartOf":{"@id":"https:\/\/ethrat.ch\/de\/#website"},"primaryImageOfPage":{"@id":"https:\/\/ethrat.ch\/de\/eth-bereich\/finanz-und-investitionsplanung-eth-bereich\/#primaryimage"},"image":{"@id":"https:\/\/ethrat.ch\/de\/eth-bereich\/finanz-und-investitionsplanung-eth-bereich\/#primaryimage"},"thumbnailUrl":"https:\/\/ethrat.ch\/wp-content\/uploads\/2021\/11\/Nachtviolett_sebastian-svenson-vaC0w7XBSXw-unsplash.jpg","datePublished":"2021-07-28T08:10:57+00:00","dateModified":"2024-10-16T13:31:01+00:00","breadcrumb":{"@id":"https:\/\/ethrat.ch\/de\/eth-bereich\/finanz-und-investitionsplanung-eth-bereich\/#breadcrumb"},"inLanguage":"de","potentialAction":[{"@type":"ReadAction","target":["https:\/\/ethrat.ch\/de\/eth-bereich\/finanz-und-investitionsplanung-eth-bereich\/"]}]},{"@type":"ImageObject","inLanguage":"de","@id":"https:\/\/ethrat.ch\/de\/eth-bereich\/finanz-und-investitionsplanung-eth-bereich\/#primaryimage","url":"https:\/\/ethrat.ch\/wp-content\/uploads\/2021\/11\/Nachtviolett_sebastian-svenson-vaC0w7XBSXw-unsplash.jpg","contentUrl":"https:\/\/ethrat.ch\/wp-content\/uploads\/2021\/11\/Nachtviolett_sebastian-svenson-vaC0w7XBSXw-unsplash.jpg"},{"@type":"BreadcrumbList","@id":"https:\/\/ethrat.ch\/de\/eth-bereich\/finanz-und-investitionsplanung-eth-bereich\/#breadcrumb","itemListElement":[{"@type":"ListItem","position":1,"name":"Home","item":"https:\/\/ethrat.ch\/de\/"},{"@type":"ListItem","position":2,"name":"ETH-BEREICH","item":"https:\/\/ethrat.ch\/de\/eth-bereich\/"},{"@type":"ListItem","position":3,"name":"Finanz- und Investitionsplanung ETH-Bereich"}]},{"@type":"WebSite","@id":"https:\/\/ethrat.ch\/de\/#website","url":"https:\/\/ethrat.ch\/de\/","name":"ETH-Rat","description":"","publisher":{"@id":"https:\/\/ethrat.ch\/de\/#organization"},"potentialAction":[{"@type":"SearchAction","target":{"@type":"EntryPoint","urlTemplate":"https:\/\/ethrat.ch\/de\/?s={search_term_string}"},"query-input":{"@type":"PropertyValueSpecification","valueRequired":true,"valueName":"search_term_string"}}],"inLanguage":"de"},{"@type":"Organization","@id":"https:\/\/ethrat.ch\/de\/#organization","name":"ETH-Rat","url":"https:\/\/ethrat.ch\/de\/","logo":{"@type":"ImageObject","inLanguage":"de","@id":"https:\/\/ethrat.ch\/de\/#\/schema\/logo\/image\/","url":"https:\/\/ethrat.ch\/wp-content\/uploads\/2024\/04\/logo-white.svg","contentUrl":"https:\/\/ethrat.ch\/wp-content\/uploads\/2024\/04\/logo-white.svg","width":283,"height":81,"caption":"ETH-Rat"},"image":{"@id":"https:\/\/ethrat.ch\/de\/#\/schema\/logo\/image\/"},"sameAs":["https:\/\/x.com\/eth_rat","https:\/\/issuu.com\/ethrat","https:\/\/www.linkedin.com\/company\/eth-rat\/"]}]}},"_links":{"self":[{"href":"https:\/\/ethrat.ch\/de\/wp-json\/wp\/v2\/pages\/2865","targetHints":{"allow":["GET"]}}],"collection":[{"href":"https:\/\/ethrat.ch\/de\/wp-json\/wp\/v2\/pages"}],"about":[{"href":"https:\/\/ethrat.ch\/de\/wp-json\/wp\/v2\/types\/page"}],"author":[{"embeddable":true,"href":"https:\/\/ethrat.ch\/de\/wp-json\/wp\/v2\/users\/11"}],"replies":[{"embeddable":true,"href":"https:\/\/ethrat.ch\/de\/wp-json\/wp\/v2\/comments?post=2865"}],"version-history":[{"count":0,"href":"https:\/\/ethrat.ch\/de\/wp-json\/wp\/v2\/pages\/2865\/revisions"}],"up":[{"embeddable":true,"href":"https:\/\/ethrat.ch\/de\/wp-json\/wp\/v2\/pages\/629"}],"wp:attachment":[{"href":"https:\/\/ethrat.ch\/de\/wp-json\/wp\/v2\/media?parent=2865"}],"wp:term":[{"taxonomy":"search-tag","embeddable":true,"href":"https:\/\/ethrat.ch\/de\/wp-json\/wp\/v2\/search-tag?post=2865"}],"curies":[{"name":"wp","href":"https:\/\/api.w.org\/{rel}","templated":true}]}}