{"id":14029,"date":"2021-09-20T14:03:28","date_gmt":"2021-09-20T12:03:28","guid":{"rendered":"https:\/\/ethrat.ch\/?page_id=9175"},"modified":"2026-04-13T11:14:40","modified_gmt":"2026-04-13T09:14:40","slug":"meldestelle","status":"publish","type":"page","link":"https:\/\/ethrat.ch\/de\/eth-rat\/meldestelle\/","title":{"rendered":"Meldestelle"},"content":{"rendered":"\t\t<div data-elementor-type=\"wp-page\" data-elementor-id=\"14029\" class=\"elementor elementor-14029\" data-elementor-post-type=\"page\">\n\t\t\t\t\t\t<section class=\"elementor-section elementor-top-section elementor-element elementor-element-6d2a5f10 only-print elementor-section-boxed elementor-section-height-default elementor-section-height-default\" data-id=\"6d2a5f10\" data-element_type=\"section\" data-e-type=\"section\">\n\t\t\t\t\t\t<div class=\"elementor-container elementor-column-gap-default\">\n\t\t\t\t\t<div class=\"elementor-column elementor-col-33 elementor-top-column elementor-element elementor-element-58c1ed3a\" data-id=\"58c1ed3a\" data-element_type=\"column\" data-e-type=\"column\">\n\t\t\t<div class=\"elementor-widget-wrap\">\n\t\t\t\t\t\t\t<\/div>\n\t\t<\/div>\n\t\t\t\t<div class=\"elementor-column elementor-col-33 elementor-top-column elementor-element elementor-element-455276ed\" data-id=\"455276ed\" data-element_type=\"column\" data-e-type=\"column\">\n\t\t\t<div class=\"elementor-widget-wrap\">\n\t\t\t\t\t\t\t<\/div>\n\t\t<\/div>\n\t\t\t\t<div class=\"elementor-column elementor-col-33 elementor-top-column elementor-element elementor-element-6871ccca\" data-id=\"6871ccca\" data-element_type=\"column\" data-e-type=\"column\">\n\t\t\t<div class=\"elementor-widget-wrap elementor-element-populated\">\n\t\t\t\t\t\t\t<\/div>\n\t\t<\/div>\n\t\t\t\t\t<\/div>\n\t\t<\/section>\n\t\t\t\t<section class=\"elementor-section elementor-top-section elementor-element elementor-element-334f1826 elementor-section-boxed elementor-section-height-default elementor-section-height-default\" data-id=\"334f1826\" data-element_type=\"section\" data-e-type=\"section\">\n\t\t\t\t\t\t<div class=\"elementor-container elementor-column-gap-default\">\n\t\t\t\t\t<div class=\"elementor-column elementor-col-100 elementor-top-column elementor-element elementor-element-608b9ae\" data-id=\"608b9ae\" data-element_type=\"column\" data-e-type=\"column\" data-settings=\"{&quot;background_background&quot;:&quot;classic&quot;}\">\n\t\t\t<div class=\"elementor-widget-wrap elementor-element-populated\">\n\t\t\t\t\t\t<div class=\"elementor-element elementor-element-5939247f elementor-widget elementor-widget-heading\" data-id=\"5939247f\" data-element_type=\"widget\" data-e-type=\"widget\" data-widget_type=\"heading.default\">\n\t\t\t\t<div class=\"elementor-widget-container\">\n\t\t\t\t\t<h1 class=\"elementor-heading-title elementor-size-default\">Meldestelle<\/h1>\t\t\t\t<\/div>\n\t\t\t\t<\/div>\n\t\t\t\t<div class=\"elementor-element elementor-element-7f15a00c elementor-widget elementor-widget-spacer\" data-id=\"7f15a00c\" data-element_type=\"widget\" data-e-type=\"widget\" data-widget_type=\"spacer.default\">\n\t\t\t\t<div class=\"elementor-widget-container\">\n\t\t\t\t\t\t\t<div class=\"elementor-spacer\">\n\t\t\t<div class=\"elementor-spacer-inner\"><\/div>\n\t\t<\/div>\n\t\t\t\t\t\t<\/div>\n\t\t\t\t<\/div>\n\t\t\t\t<div class=\"elementor-element elementor-element-4ab6f3f elementor-widget elementor-widget-text-editor\" data-id=\"4ab6f3f\" data-element_type=\"widget\" data-e-type=\"widget\" data-widget_type=\"text-editor.default\">\n\t\t\t\t<div class=\"elementor-widget-container\">\n\t\t\t\t\t\t\t\t\t<p>Die unabh\u00e4ngige Meldestelle des ETH-Rats nimmt Meldungen zu rechtlich oder ethisch unkorrektem Handeln entgegen.<\/p>\t\t\t\t\t\t\t\t<\/div>\n\t\t\t\t<\/div>\n\t\t\t\t<div class=\"elementor-element elementor-element-d91eeac elementor-widget elementor-widget-text-editor\" data-id=\"d91eeac\" data-element_type=\"widget\" data-e-type=\"widget\" data-widget_type=\"text-editor.default\">\n\t\t\t\t<div class=\"elementor-widget-container\">\n\t\t\t\t\t\t\t\t\t<p><span style=\"color: var( --e-global-color-secondary ); font-size: var( --e-global-typography-129859c-font-size ); font-style: var( --e-global-typography-129859c-font-style ); font-weight: var( --e-global-typography-129859c-font-weight ); letter-spacing: var( --e-global-typography-129859c-letter-spacing ); text-transform: var( --e-global-typography-129859c-text-transform );\">Die Meldestelle des ETH-Rats <\/span><span style=\"color: var( --e-global-color-secondary ); font-size: var( --e-global-typography-129859c-font-size ); font-style: var( --e-global-typography-129859c-font-style ); font-weight: var( --e-global-typography-129859c-font-weight ); letter-spacing: var( --e-global-typography-129859c-letter-spacing ); text-transform: var( --e-global-typography-129859c-text-transform );\">ist unabh\u00e4ngig und subsidi\u00e4r zust\u00e4ndig f\u00fcr die Entgegennahme von Meldungen von Angeh\u00f6rigen des ETH-Bereichs zu rechtlich und ethisch unkorrektem Verhalten, von dem sie im Zusammenhang mit ihrer T\u00e4tigkeit im ETH-Bereich Kenntnis erlangt haben. Subsidi\u00e4r bedeutet, dass Meldungen wenn immer m\u00f6glich zuerst innerhalb der beiden ETH und der vier Forschungsanstalten erfolgen sollen, in erster Linie an die vorgesetzte Stelle oder, wenn dies nicht zumutbar ist, an die f\u00fcr solche Meldungen zust\u00e4ndige Stelle der betroffenen Institution.<\/span><\/p><p>Dies gilt unter Vorbehalt von Art. 22a des Bundespersonalgesetzes (BPG): die Angestellten sind verpflichtet, alle von Amtes wegen zu verfolgenden Verbrechen oder Vergehen, die sie bei ihrer amtlichen T\u00e4tigkeit festgestellt haben oder die ihnen gemeldet worden sind, den Strafverfolgungsbeh\u00f6rden, ihren Vorgesetzten oder der Eidgen\u00f6ssischen Finanzkontrolle (EFK) (<a href=\"https:\/\/www.bkms-system.ch\/bkwebanon\/report\/clientInfo?cin=5efk11\" target=\"_blank\" rel=\"noopener\">www.whistleblowing.admin.ch<\/a>) anzuzeigen. Die Angestellten sind sodann berechtigt, andere Unregelm\u00e4ssigkeiten, die sie bei ihrer amtlichen T\u00e4tigkeit festgestellt haben oder die ihnen gemeldet worden sind, der EFK zu melden.<\/p>\t\t\t\t\t\t\t\t<\/div>\n\t\t\t\t<\/div>\n\t\t\t\t\t<\/div>\n\t\t<\/div>\n\t\t\t\t\t<\/div>\n\t\t<\/section>\n\t\t\t\t<section class=\"elementor-section elementor-top-section elementor-element elementor-element-bbbc80c elementor-section-boxed elementor-section-height-default elementor-section-height-default\" data-id=\"bbbc80c\" data-element_type=\"section\" data-e-type=\"section\">\n\t\t\t\t\t\t<div class=\"elementor-container elementor-column-gap-default\">\n\t\t\t\t\t<div class=\"elementor-column elementor-col-50 elementor-top-column elementor-element elementor-element-ae5659a\" data-id=\"ae5659a\" data-element_type=\"column\" data-e-type=\"column\">\n\t\t\t<div class=\"elementor-widget-wrap elementor-element-populated\">\n\t\t\t\t\t\t<div class=\"elementor-element elementor-element-80ab395 elementor-widget elementor-widget-spacer\" data-id=\"80ab395\" data-element_type=\"widget\" data-e-type=\"widget\" data-widget_type=\"spacer.default\">\n\t\t\t\t<div class=\"elementor-widget-container\">\n\t\t\t\t\t\t\t<div class=\"elementor-spacer\">\n\t\t\t<div class=\"elementor-spacer-inner\"><\/div>\n\t\t<\/div>\n\t\t\t\t\t\t<\/div>\n\t\t\t\t<\/div>\n\t\t\t\t<div class=\"elementor-element elementor-element-de52bc8 elementor-widget elementor-widget-text-editor\" data-id=\"de52bc8\" data-element_type=\"widget\" data-e-type=\"widget\" data-widget_type=\"text-editor.default\">\n\t\t\t\t<div class=\"elementor-widget-container\">\n\t\t\t\t\t\t\t\t\t<h3>Kontakt<\/h3><p>Dr. <strong>Michael Daphinoff<\/strong>, LL.M.<br \/>Rechtsanwalt<br \/>Tel.: 058 200 35 51<br \/><a href=\"mailto:michael.daphinoff@kellerhals-carrard.ch\" target=\"_blank\" rel=\"noopener\">michael.daphinoff@kellerhals-carrard.ch<\/a><\/p><p>Kellerhals Carrard Bern<br \/>Effingerstrasse 1<br \/>CH-3001 Bern<\/p><p><strong>Cendrine Rouvinez<\/strong>, MLaw<br \/>Rechtsanw\u00e4ltin<br \/>Tel.: 058 200 33 38<br \/><a href=\"mailto:cendrine.rouvinez@kellerhals-carrard.ch\">cendrine.rouvinez@kellerhals-carrard.ch<\/a><\/p><p>Kellerhals Carrard Lausanne\/Sion<br \/>Place St-Francois 1<br \/>CH-1002 Lausanne<\/p>\t\t\t\t\t\t\t\t<\/div>\n\t\t\t\t<\/div>\n\t\t\t\t\t<\/div>\n\t\t<\/div>\n\t\t\t\t<div class=\"elementor-column elementor-col-50 elementor-top-column elementor-element elementor-element-02bd07a\" data-id=\"02bd07a\" data-element_type=\"column\" data-e-type=\"column\">\n\t\t\t<div class=\"elementor-widget-wrap\">\n\t\t\t\t\t\t\t<\/div>\n\t\t<\/div>\n\t\t\t\t\t<\/div>\n\t\t<\/section>\n\t\t\t\t<\/div>\n\t\t","protected":false},"excerpt":{"rendered":"<p>Die unabh\u00e4ngige Meldestelle des ETH-Rats nimmt Meldungen zu rechtlich oder ethisch unkorrektem Handeln entgegen. Die Meldestelle des ETH-Rats ist unabh\u00e4ngig und subsidi\u00e4r zust\u00e4ndig f\u00fcr die Entgegennahme von Meldungen von Angeh\u00f6rigen des ETH-Bereichs zu rechtlich und ethisch unkorrektem Verhalten, von dem sie im Zusammenhang mit ihrer T\u00e4tigkeit im ETH-Bereich Kenntnis erlangt haben. Subsidi\u00e4r bedeutet, dass Meldungen &#8230;<\/p>\n","protected":false},"author":20,"featured_media":0,"parent":627,"menu_order":0,"comment_status":"closed","ping_status":"closed","template":"","meta":{"_acf_changed":false,"footnotes":"","_links_to":"","_links_to_target":""},"search-tag":[],"class_list":["post-14029","page","type-page","status-publish","hentry"],"acf":[],"yoast_head":"<!-- This site is optimized with the Yoast SEO plugin v27.3 - https:\/\/yoast.com\/product\/yoast-seo-wordpress\/ -->\n<title>Meldestelle - ETH-Rat<\/title>\n<meta name=\"robots\" content=\"index, follow, max-snippet:-1, max-image-preview:large, max-video-preview:-1\" \/>\n<link rel=\"canonical\" href=\"https:\/\/ethrat.ch\/de\/eth-rat\/meldestelle\/\" \/>\n<meta property=\"og:locale\" content=\"de_DE\" \/>\n<meta property=\"og:type\" content=\"article\" \/>\n<meta property=\"og:title\" content=\"Meldestelle - ETH-Rat\" \/>\n<meta property=\"og:description\" content=\"Die unabh\u00e4ngige Meldestelle des ETH-Rats nimmt Meldungen zu rechtlich oder ethisch unkorrektem Handeln entgegen. Die Meldestelle des ETH-Rats ist unabh\u00e4ngig und subsidi\u00e4r zust\u00e4ndig f\u00fcr die Entgegennahme von Meldungen von Angeh\u00f6rigen des ETH-Bereichs zu rechtlich und ethisch unkorrektem Verhalten, von dem sie im Zusammenhang mit ihrer T\u00e4tigkeit im ETH-Bereich Kenntnis erlangt haben. Subsidi\u00e4r bedeutet, dass Meldungen ...\" \/>\n<meta property=\"og:url\" content=\"https:\/\/ethrat.ch\/de\/eth-rat\/meldestelle\/\" \/>\n<meta property=\"og:site_name\" content=\"ETH-Rat\" \/>\n<meta property=\"article:modified_time\" content=\"2026-04-13T09:14:40+00:00\" \/>\n<meta name=\"twitter:card\" content=\"summary_large_image\" \/>\n<meta name=\"twitter:site\" content=\"@eth_rat\" \/>\n<meta name=\"twitter:label1\" content=\"Gesch\u00e4tzte Lesezeit\" \/>\n\t<meta name=\"twitter:data1\" content=\"2\u00a0Minuten\" \/>\n<script type=\"application\/ld+json\" class=\"yoast-schema-graph\">{\"@context\":\"https:\\\/\\\/schema.org\",\"@graph\":[{\"@type\":\"WebPage\",\"@id\":\"https:\\\/\\\/ethrat.ch\\\/de\\\/eth-rat\\\/meldestelle\\\/\",\"url\":\"https:\\\/\\\/ethrat.ch\\\/de\\\/eth-rat\\\/meldestelle\\\/\",\"name\":\"Meldestelle - ETH-Rat\",\"isPartOf\":{\"@id\":\"https:\\\/\\\/ethrat.ch\\\/de\\\/#website\"},\"datePublished\":\"2021-09-20T12:03:28+00:00\",\"dateModified\":\"2026-04-13T09:14:40+00:00\",\"breadcrumb\":{\"@id\":\"https:\\\/\\\/ethrat.ch\\\/de\\\/eth-rat\\\/meldestelle\\\/#breadcrumb\"},\"inLanguage\":\"de\",\"potentialAction\":[{\"@type\":\"ReadAction\",\"target\":[\"https:\\\/\\\/ethrat.ch\\\/de\\\/eth-rat\\\/meldestelle\\\/\"]}]},{\"@type\":\"BreadcrumbList\",\"@id\":\"https:\\\/\\\/ethrat.ch\\\/de\\\/eth-rat\\\/meldestelle\\\/#breadcrumb\",\"itemListElement\":[{\"@type\":\"ListItem\",\"position\":1,\"name\":\"Home\",\"item\":\"https:\\\/\\\/ethrat.ch\\\/de\\\/\"},{\"@type\":\"ListItem\",\"position\":2,\"name\":\"ETH-RAT\",\"item\":\"https:\\\/\\\/ethrat.ch\\\/eth-rat\\\/portrat-eth-rat\\\/\"},{\"@type\":\"ListItem\",\"position\":3,\"name\":\"Meldestelle\"}]},{\"@type\":\"WebSite\",\"@id\":\"https:\\\/\\\/ethrat.ch\\\/de\\\/#website\",\"url\":\"https:\\\/\\\/ethrat.ch\\\/de\\\/\",\"name\":\"ETH-Rat\",\"description\":\"\",\"publisher\":{\"@id\":\"https:\\\/\\\/ethrat.ch\\\/de\\\/#organization\"},\"potentialAction\":[{\"@type\":\"SearchAction\",\"target\":{\"@type\":\"EntryPoint\",\"urlTemplate\":\"https:\\\/\\\/ethrat.ch\\\/de\\\/?s={search_term_string}\"},\"query-input\":{\"@type\":\"PropertyValueSpecification\",\"valueRequired\":true,\"valueName\":\"search_term_string\"}}],\"inLanguage\":\"de\"},{\"@type\":\"Organization\",\"@id\":\"https:\\\/\\\/ethrat.ch\\\/de\\\/#organization\",\"name\":\"ETH-Rat\",\"url\":\"https:\\\/\\\/ethrat.ch\\\/de\\\/\",\"logo\":{\"@type\":\"ImageObject\",\"inLanguage\":\"de\",\"@id\":\"https:\\\/\\\/ethrat.ch\\\/de\\\/#\\\/schema\\\/logo\\\/image\\\/\",\"url\":\"https:\\\/\\\/ethrat.ch\\\/wp-content\\\/uploads\\\/2024\\\/04\\\/logo-white.svg\",\"contentUrl\":\"https:\\\/\\\/ethrat.ch\\\/wp-content\\\/uploads\\\/2024\\\/04\\\/logo-white.svg\",\"width\":283,\"height\":81,\"caption\":\"ETH-Rat\"},\"image\":{\"@id\":\"https:\\\/\\\/ethrat.ch\\\/de\\\/#\\\/schema\\\/logo\\\/image\\\/\"},\"sameAs\":[\"https:\\\/\\\/x.com\\\/eth_rat\",\"https:\\\/\\\/issuu.com\\\/ethrat\",\"https:\\\/\\\/www.linkedin.com\\\/company\\\/eth-rat\\\/\"]}]}<\/script>\n<!-- \/ Yoast SEO plugin. -->","yoast_head_json":{"title":"Meldestelle - ETH-Rat","robots":{"index":"index","follow":"follow","max-snippet":"max-snippet:-1","max-image-preview":"max-image-preview:large","max-video-preview":"max-video-preview:-1"},"canonical":"https:\/\/ethrat.ch\/de\/eth-rat\/meldestelle\/","og_locale":"de_DE","og_type":"article","og_title":"Meldestelle - ETH-Rat","og_description":"Die unabh\u00e4ngige Meldestelle des ETH-Rats nimmt Meldungen zu rechtlich oder ethisch unkorrektem Handeln entgegen. Die Meldestelle des ETH-Rats ist unabh\u00e4ngig und subsidi\u00e4r zust\u00e4ndig f\u00fcr die Entgegennahme von Meldungen von Angeh\u00f6rigen des ETH-Bereichs zu rechtlich und ethisch unkorrektem Verhalten, von dem sie im Zusammenhang mit ihrer T\u00e4tigkeit im ETH-Bereich Kenntnis erlangt haben. Subsidi\u00e4r bedeutet, dass Meldungen ...","og_url":"https:\/\/ethrat.ch\/de\/eth-rat\/meldestelle\/","og_site_name":"ETH-Rat","article_modified_time":"2026-04-13T09:14:40+00:00","twitter_card":"summary_large_image","twitter_site":"@eth_rat","twitter_misc":{"Gesch\u00e4tzte Lesezeit":"2\u00a0Minuten"},"schema":{"@context":"https:\/\/schema.org","@graph":[{"@type":"WebPage","@id":"https:\/\/ethrat.ch\/de\/eth-rat\/meldestelle\/","url":"https:\/\/ethrat.ch\/de\/eth-rat\/meldestelle\/","name":"Meldestelle - ETH-Rat","isPartOf":{"@id":"https:\/\/ethrat.ch\/de\/#website"},"datePublished":"2021-09-20T12:03:28+00:00","dateModified":"2026-04-13T09:14:40+00:00","breadcrumb":{"@id":"https:\/\/ethrat.ch\/de\/eth-rat\/meldestelle\/#breadcrumb"},"inLanguage":"de","potentialAction":[{"@type":"ReadAction","target":["https:\/\/ethrat.ch\/de\/eth-rat\/meldestelle\/"]}]},{"@type":"BreadcrumbList","@id":"https:\/\/ethrat.ch\/de\/eth-rat\/meldestelle\/#breadcrumb","itemListElement":[{"@type":"ListItem","position":1,"name":"Home","item":"https:\/\/ethrat.ch\/de\/"},{"@type":"ListItem","position":2,"name":"ETH-RAT","item":"https:\/\/ethrat.ch\/eth-rat\/portrat-eth-rat\/"},{"@type":"ListItem","position":3,"name":"Meldestelle"}]},{"@type":"WebSite","@id":"https:\/\/ethrat.ch\/de\/#website","url":"https:\/\/ethrat.ch\/de\/","name":"ETH-Rat","description":"","publisher":{"@id":"https:\/\/ethrat.ch\/de\/#organization"},"potentialAction":[{"@type":"SearchAction","target":{"@type":"EntryPoint","urlTemplate":"https:\/\/ethrat.ch\/de\/?s={search_term_string}"},"query-input":{"@type":"PropertyValueSpecification","valueRequired":true,"valueName":"search_term_string"}}],"inLanguage":"de"},{"@type":"Organization","@id":"https:\/\/ethrat.ch\/de\/#organization","name":"ETH-Rat","url":"https:\/\/ethrat.ch\/de\/","logo":{"@type":"ImageObject","inLanguage":"de","@id":"https:\/\/ethrat.ch\/de\/#\/schema\/logo\/image\/","url":"https:\/\/ethrat.ch\/wp-content\/uploads\/2024\/04\/logo-white.svg","contentUrl":"https:\/\/ethrat.ch\/wp-content\/uploads\/2024\/04\/logo-white.svg","width":283,"height":81,"caption":"ETH-Rat"},"image":{"@id":"https:\/\/ethrat.ch\/de\/#\/schema\/logo\/image\/"},"sameAs":["https:\/\/x.com\/eth_rat","https:\/\/issuu.com\/ethrat","https:\/\/www.linkedin.com\/company\/eth-rat\/"]}]}},"_links":{"self":[{"href":"https:\/\/ethrat.ch\/de\/wp-json\/wp\/v2\/pages\/14029","targetHints":{"allow":["GET"]}}],"collection":[{"href":"https:\/\/ethrat.ch\/de\/wp-json\/wp\/v2\/pages"}],"about":[{"href":"https:\/\/ethrat.ch\/de\/wp-json\/wp\/v2\/types\/page"}],"author":[{"embeddable":true,"href":"https:\/\/ethrat.ch\/de\/wp-json\/wp\/v2\/users\/20"}],"replies":[{"embeddable":true,"href":"https:\/\/ethrat.ch\/de\/wp-json\/wp\/v2\/comments?post=14029"}],"version-history":[{"count":10,"href":"https:\/\/ethrat.ch\/de\/wp-json\/wp\/v2\/pages\/14029\/revisions"}],"predecessor-version":[{"id":59765,"href":"https:\/\/ethrat.ch\/de\/wp-json\/wp\/v2\/pages\/14029\/revisions\/59765"}],"up":[{"embeddable":true,"href":"https:\/\/ethrat.ch\/de\/wp-json\/wp\/v2\/pages\/627"}],"wp:attachment":[{"href":"https:\/\/ethrat.ch\/de\/wp-json\/wp\/v2\/media?parent=14029"}],"wp:term":[{"taxonomy":"search-tag","embeddable":true,"href":"https:\/\/ethrat.ch\/de\/wp-json\/wp\/v2\/search-tag?post=14029"}],"curies":[{"name":"wp","href":"https:\/\/api.w.org\/{rel}","templated":true}]}}