{"id":14028,"date":"2021-09-20T13:54:41","date_gmt":"2021-09-20T11:54:41","guid":{"rendered":"https:\/\/ethrat.ch\/?page_id=9158"},"modified":"2024-04-10T13:51:11","modified_gmt":"2024-04-10T11:51:11","slug":"zugang-zu-amtlichen-dokumenten","status":"publish","type":"page","link":"https:\/\/ethrat.ch\/de\/eth-rat\/zugang-zu-amtlichen-dokumenten\/","title":{"rendered":"Zugang zu amtlichen Dokumenten"},"content":{"rendered":"\t\t<div data-elementor-type=\"wp-page\" data-elementor-id=\"14028\" class=\"elementor elementor-14028\" data-elementor-post-type=\"page\">\n\t\t\t\t\t\t<section class=\"elementor-section elementor-top-section elementor-element elementor-element-4b58f756 elementor-section-boxed elementor-section-height-default elementor-section-height-default\" data-id=\"4b58f756\" data-element_type=\"section\" data-e-type=\"section\">\n\t\t\t\t\t\t<div class=\"elementor-container elementor-column-gap-default\">\n\t\t\t\t\t<div class=\"elementor-column elementor-col-100 elementor-top-column elementor-element elementor-element-13d178cf\" data-id=\"13d178cf\" data-element_type=\"column\" data-e-type=\"column\" data-settings=\"{&quot;background_background&quot;:&quot;classic&quot;}\">\n\t\t\t<div class=\"elementor-widget-wrap elementor-element-populated\">\n\t\t\t\t\t\t<div class=\"elementor-element elementor-element-68de0990 elementor-widget elementor-widget-heading\" data-id=\"68de0990\" data-element_type=\"widget\" data-e-type=\"widget\" data-widget_type=\"heading.default\">\n\t\t\t\t<div class=\"elementor-widget-container\">\n\t\t\t\t\t<h1 class=\"elementor-heading-title elementor-size-default\">Zugang zu amtlichen Dokumenten<\/h1>\t\t\t\t<\/div>\n\t\t\t\t<\/div>\n\t\t\t\t<div class=\"elementor-element elementor-element-8c61547 elementor-widget elementor-widget-spacer\" data-id=\"8c61547\" data-element_type=\"widget\" data-e-type=\"widget\" data-widget_type=\"spacer.default\">\n\t\t\t\t<div class=\"elementor-widget-container\">\n\t\t\t\t\t\t\t<div class=\"elementor-spacer\">\n\t\t\t<div class=\"elementor-spacer-inner\"><\/div>\n\t\t<\/div>\n\t\t\t\t\t\t<\/div>\n\t\t\t\t<\/div>\n\t\t\t\t<div class=\"elementor-element elementor-element-7a3b0a7c elementor-widget elementor-widget-text-editor\" data-id=\"7a3b0a7c\" data-element_type=\"widget\" data-e-type=\"widget\" data-widget_type=\"text-editor.default\">\n\t\t\t\t<div class=\"elementor-widget-container\">\n\t\t\t\t\t\t\t\t\t<p>Gesuche gest\u00fctzt auf das \u00d6ffentlichkeitsprinzip sind an nebenstehende Adresse einzureichen.<\/p><p>Damit wir Ihr Gesuch so effizient wie m\u00f6glich bearbeiten k\u00f6nnen, w\u00e4ren wir um m\u00f6glichst detaillierte Angaben zum Dokument dankbar. Zum Beispiel<br \/><br \/><\/p><ul><li>Erstellungsdatum (das BG\u00d6 gilt nur f\u00fcr Dokumente ab dem 1. Juli 2006), Titel oder Betreff, Referenz<\/li><li>Beh\u00f6rde, die das Dokument erstellt hat<\/li><li>Sachbereich<br \/><br \/><\/li><\/ul><p>F\u00fcr allf\u00e4llige R\u00fcckfragen w\u00e4ren wir Ihnen dankbar, wenn Sie uns eine Kontaktadresse und Telefonnummer nennen k\u00f6nnten.<\/p>\t\t\t\t\t\t\t\t<\/div>\n\t\t\t\t<\/div>\n\t\t\t\t\t<\/div>\n\t\t<\/div>\n\t\t\t\t\t<\/div>\n\t\t<\/section>\n\t\t\t\t<section class=\"elementor-section elementor-top-section elementor-element elementor-element-23e718b elementor-section-boxed elementor-section-height-default elementor-section-height-default\" data-id=\"23e718b\" data-element_type=\"section\" data-e-type=\"section\">\n\t\t\t\t\t\t<div class=\"elementor-container elementor-column-gap-default\">\n\t\t\t\t\t<div class=\"elementor-column elementor-col-50 elementor-top-column elementor-element elementor-element-e88585c\" data-id=\"e88585c\" data-element_type=\"column\" data-e-type=\"column\">\n\t\t\t<div class=\"elementor-widget-wrap elementor-element-populated\">\n\t\t\t\t\t\t<div class=\"elementor-element elementor-element-2cd7ffb elementor-widget elementor-widget-text-editor\" data-id=\"2cd7ffb\" data-element_type=\"widget\" data-e-type=\"widget\" data-widget_type=\"text-editor.default\">\n\t\t\t\t<div class=\"elementor-widget-container\">\n\t\t\t\t\t\t\t\t\t<h3>Kontakt<\/h3><p>Kontakt f\u00fcr Fragen zum \u00d6ffentlichkeitsgesetz BG\u00d6<br \/><a href=\"mailto:doku@ethrat.ch\">doku@ethrat.ch<\/a><\/p><p>ETH-Rat<br \/>H\u00e4ldeliweg 15<br \/>8092 Z\u00fcrich<\/p>\t\t\t\t\t\t\t\t<\/div>\n\t\t\t\t<\/div>\n\t\t\t\t\t<\/div>\n\t\t<\/div>\n\t\t\t\t<div class=\"elementor-column elementor-col-50 elementor-top-column elementor-element elementor-element-9c5874f\" data-id=\"9c5874f\" data-element_type=\"column\" data-e-type=\"column\">\n\t\t\t<div class=\"elementor-widget-wrap\">\n\t\t\t\t\t\t\t<\/div>\n\t\t<\/div>\n\t\t\t\t\t<\/div>\n\t\t<\/section>\n\t\t\t\t<\/div>\n\t\t","protected":false},"excerpt":{"rendered":"<p>Gesuche gest\u00fctzt auf das \u00d6ffentlichkeitsprinzip sind an nebenstehende Adresse einzureichen. Damit wir Ihr Gesuch so effizient wie m\u00f6glich bearbeiten k\u00f6nnen, w\u00e4ren wir um m\u00f6glichst detaillierte Angaben zum Dokument dankbar. Zum Beispiel Erstellungsdatum (das BG\u00d6 gilt nur f\u00fcr Dokumente ab dem 1. Juli 2006), Titel oder Betreff, Referenz Beh\u00f6rde, die das Dokument erstellt hat Sachbereich F\u00fcr &#8230;<\/p>\n","protected":false},"author":20,"featured_media":0,"parent":627,"menu_order":0,"comment_status":"closed","ping_status":"closed","template":"","meta":{"_acf_changed":false,"footnotes":"","_links_to":"","_links_to_target":""},"search-tag":[],"class_list":["post-14028","page","type-page","status-publish","hentry"],"acf":[],"yoast_head":"<!-- This site is optimized with the Yoast SEO plugin v27.3 - https:\/\/yoast.com\/product\/yoast-seo-wordpress\/ -->\n<title>Zugang zu amtlichen Dokumenten - ETH-Rat<\/title>\n<meta name=\"robots\" content=\"index, follow, max-snippet:-1, max-image-preview:large, max-video-preview:-1\" \/>\n<link rel=\"canonical\" href=\"https:\/\/ethrat.ch\/de\/eth-rat\/zugang-zu-amtlichen-dokumenten\/\" \/>\n<meta property=\"og:locale\" content=\"de_DE\" \/>\n<meta property=\"og:type\" content=\"article\" \/>\n<meta property=\"og:title\" content=\"Zugang zu amtlichen Dokumenten - ETH-Rat\" \/>\n<meta property=\"og:description\" content=\"Gesuche gest\u00fctzt auf das \u00d6ffentlichkeitsprinzip sind an nebenstehende Adresse einzureichen. Damit wir Ihr Gesuch so effizient wie m\u00f6glich bearbeiten k\u00f6nnen, w\u00e4ren wir um m\u00f6glichst detaillierte Angaben zum Dokument dankbar. Zum Beispiel Erstellungsdatum (das BG\u00d6 gilt nur f\u00fcr Dokumente ab dem 1. Juli 2006), Titel oder Betreff, Referenz Beh\u00f6rde, die das Dokument erstellt hat Sachbereich F\u00fcr ...\" \/>\n<meta property=\"og:url\" content=\"https:\/\/ethrat.ch\/de\/eth-rat\/zugang-zu-amtlichen-dokumenten\/\" \/>\n<meta property=\"og:site_name\" content=\"ETH-Rat\" \/>\n<meta property=\"article:modified_time\" content=\"2024-04-10T11:51:11+00:00\" \/>\n<meta name=\"twitter:card\" content=\"summary_large_image\" \/>\n<meta name=\"twitter:site\" content=\"@eth_rat\" \/>\n<script type=\"application\/ld+json\" class=\"yoast-schema-graph\">{\"@context\":\"https:\\\/\\\/schema.org\",\"@graph\":[{\"@type\":\"WebPage\",\"@id\":\"https:\\\/\\\/ethrat.ch\\\/de\\\/eth-rat\\\/zugang-zu-amtlichen-dokumenten\\\/\",\"url\":\"https:\\\/\\\/ethrat.ch\\\/de\\\/eth-rat\\\/zugang-zu-amtlichen-dokumenten\\\/\",\"name\":\"Zugang zu amtlichen Dokumenten - ETH-Rat\",\"isPartOf\":{\"@id\":\"https:\\\/\\\/ethrat.ch\\\/de\\\/#website\"},\"datePublished\":\"2021-09-20T11:54:41+00:00\",\"dateModified\":\"2024-04-10T11:51:11+00:00\",\"breadcrumb\":{\"@id\":\"https:\\\/\\\/ethrat.ch\\\/de\\\/eth-rat\\\/zugang-zu-amtlichen-dokumenten\\\/#breadcrumb\"},\"inLanguage\":\"de\",\"potentialAction\":[{\"@type\":\"ReadAction\",\"target\":[\"https:\\\/\\\/ethrat.ch\\\/de\\\/eth-rat\\\/zugang-zu-amtlichen-dokumenten\\\/\"]}]},{\"@type\":\"BreadcrumbList\",\"@id\":\"https:\\\/\\\/ethrat.ch\\\/de\\\/eth-rat\\\/zugang-zu-amtlichen-dokumenten\\\/#breadcrumb\",\"itemListElement\":[{\"@type\":\"ListItem\",\"position\":1,\"name\":\"Home\",\"item\":\"https:\\\/\\\/ethrat.ch\\\/de\\\/\"},{\"@type\":\"ListItem\",\"position\":2,\"name\":\"ETH-RAT\",\"item\":\"https:\\\/\\\/ethrat.ch\\\/eth-rat\\\/portrat-eth-rat\\\/\"},{\"@type\":\"ListItem\",\"position\":3,\"name\":\"Zugang zu amtlichen Dokumenten\"}]},{\"@type\":\"WebSite\",\"@id\":\"https:\\\/\\\/ethrat.ch\\\/de\\\/#website\",\"url\":\"https:\\\/\\\/ethrat.ch\\\/de\\\/\",\"name\":\"ETH-Rat\",\"description\":\"\",\"publisher\":{\"@id\":\"https:\\\/\\\/ethrat.ch\\\/de\\\/#organization\"},\"potentialAction\":[{\"@type\":\"SearchAction\",\"target\":{\"@type\":\"EntryPoint\",\"urlTemplate\":\"https:\\\/\\\/ethrat.ch\\\/de\\\/?s={search_term_string}\"},\"query-input\":{\"@type\":\"PropertyValueSpecification\",\"valueRequired\":true,\"valueName\":\"search_term_string\"}}],\"inLanguage\":\"de\"},{\"@type\":\"Organization\",\"@id\":\"https:\\\/\\\/ethrat.ch\\\/de\\\/#organization\",\"name\":\"ETH-Rat\",\"url\":\"https:\\\/\\\/ethrat.ch\\\/de\\\/\",\"logo\":{\"@type\":\"ImageObject\",\"inLanguage\":\"de\",\"@id\":\"https:\\\/\\\/ethrat.ch\\\/de\\\/#\\\/schema\\\/logo\\\/image\\\/\",\"url\":\"https:\\\/\\\/ethrat.ch\\\/wp-content\\\/uploads\\\/2024\\\/04\\\/logo-white.svg\",\"contentUrl\":\"https:\\\/\\\/ethrat.ch\\\/wp-content\\\/uploads\\\/2024\\\/04\\\/logo-white.svg\",\"width\":283,\"height\":81,\"caption\":\"ETH-Rat\"},\"image\":{\"@id\":\"https:\\\/\\\/ethrat.ch\\\/de\\\/#\\\/schema\\\/logo\\\/image\\\/\"},\"sameAs\":[\"https:\\\/\\\/x.com\\\/eth_rat\",\"https:\\\/\\\/issuu.com\\\/ethrat\",\"https:\\\/\\\/www.linkedin.com\\\/company\\\/eth-rat\\\/\"]}]}<\/script>\n<!-- \/ Yoast SEO plugin. -->","yoast_head_json":{"title":"Zugang zu amtlichen Dokumenten - ETH-Rat","robots":{"index":"index","follow":"follow","max-snippet":"max-snippet:-1","max-image-preview":"max-image-preview:large","max-video-preview":"max-video-preview:-1"},"canonical":"https:\/\/ethrat.ch\/de\/eth-rat\/zugang-zu-amtlichen-dokumenten\/","og_locale":"de_DE","og_type":"article","og_title":"Zugang zu amtlichen Dokumenten - ETH-Rat","og_description":"Gesuche gest\u00fctzt auf das \u00d6ffentlichkeitsprinzip sind an nebenstehende Adresse einzureichen. Damit wir Ihr Gesuch so effizient wie m\u00f6glich bearbeiten k\u00f6nnen, w\u00e4ren wir um m\u00f6glichst detaillierte Angaben zum Dokument dankbar. Zum Beispiel Erstellungsdatum (das BG\u00d6 gilt nur f\u00fcr Dokumente ab dem 1. Juli 2006), Titel oder Betreff, Referenz Beh\u00f6rde, die das Dokument erstellt hat Sachbereich F\u00fcr ...","og_url":"https:\/\/ethrat.ch\/de\/eth-rat\/zugang-zu-amtlichen-dokumenten\/","og_site_name":"ETH-Rat","article_modified_time":"2024-04-10T11:51:11+00:00","twitter_card":"summary_large_image","twitter_site":"@eth_rat","schema":{"@context":"https:\/\/schema.org","@graph":[{"@type":"WebPage","@id":"https:\/\/ethrat.ch\/de\/eth-rat\/zugang-zu-amtlichen-dokumenten\/","url":"https:\/\/ethrat.ch\/de\/eth-rat\/zugang-zu-amtlichen-dokumenten\/","name":"Zugang zu amtlichen Dokumenten - ETH-Rat","isPartOf":{"@id":"https:\/\/ethrat.ch\/de\/#website"},"datePublished":"2021-09-20T11:54:41+00:00","dateModified":"2024-04-10T11:51:11+00:00","breadcrumb":{"@id":"https:\/\/ethrat.ch\/de\/eth-rat\/zugang-zu-amtlichen-dokumenten\/#breadcrumb"},"inLanguage":"de","potentialAction":[{"@type":"ReadAction","target":["https:\/\/ethrat.ch\/de\/eth-rat\/zugang-zu-amtlichen-dokumenten\/"]}]},{"@type":"BreadcrumbList","@id":"https:\/\/ethrat.ch\/de\/eth-rat\/zugang-zu-amtlichen-dokumenten\/#breadcrumb","itemListElement":[{"@type":"ListItem","position":1,"name":"Home","item":"https:\/\/ethrat.ch\/de\/"},{"@type":"ListItem","position":2,"name":"ETH-RAT","item":"https:\/\/ethrat.ch\/eth-rat\/portrat-eth-rat\/"},{"@type":"ListItem","position":3,"name":"Zugang zu amtlichen Dokumenten"}]},{"@type":"WebSite","@id":"https:\/\/ethrat.ch\/de\/#website","url":"https:\/\/ethrat.ch\/de\/","name":"ETH-Rat","description":"","publisher":{"@id":"https:\/\/ethrat.ch\/de\/#organization"},"potentialAction":[{"@type":"SearchAction","target":{"@type":"EntryPoint","urlTemplate":"https:\/\/ethrat.ch\/de\/?s={search_term_string}"},"query-input":{"@type":"PropertyValueSpecification","valueRequired":true,"valueName":"search_term_string"}}],"inLanguage":"de"},{"@type":"Organization","@id":"https:\/\/ethrat.ch\/de\/#organization","name":"ETH-Rat","url":"https:\/\/ethrat.ch\/de\/","logo":{"@type":"ImageObject","inLanguage":"de","@id":"https:\/\/ethrat.ch\/de\/#\/schema\/logo\/image\/","url":"https:\/\/ethrat.ch\/wp-content\/uploads\/2024\/04\/logo-white.svg","contentUrl":"https:\/\/ethrat.ch\/wp-content\/uploads\/2024\/04\/logo-white.svg","width":283,"height":81,"caption":"ETH-Rat"},"image":{"@id":"https:\/\/ethrat.ch\/de\/#\/schema\/logo\/image\/"},"sameAs":["https:\/\/x.com\/eth_rat","https:\/\/issuu.com\/ethrat","https:\/\/www.linkedin.com\/company\/eth-rat\/"]}]}},"_links":{"self":[{"href":"https:\/\/ethrat.ch\/de\/wp-json\/wp\/v2\/pages\/14028","targetHints":{"allow":["GET"]}}],"collection":[{"href":"https:\/\/ethrat.ch\/de\/wp-json\/wp\/v2\/pages"}],"about":[{"href":"https:\/\/ethrat.ch\/de\/wp-json\/wp\/v2\/types\/page"}],"author":[{"embeddable":true,"href":"https:\/\/ethrat.ch\/de\/wp-json\/wp\/v2\/users\/20"}],"replies":[{"embeddable":true,"href":"https:\/\/ethrat.ch\/de\/wp-json\/wp\/v2\/comments?post=14028"}],"version-history":[{"count":0,"href":"https:\/\/ethrat.ch\/de\/wp-json\/wp\/v2\/pages\/14028\/revisions"}],"up":[{"embeddable":true,"href":"https:\/\/ethrat.ch\/de\/wp-json\/wp\/v2\/pages\/627"}],"wp:attachment":[{"href":"https:\/\/ethrat.ch\/de\/wp-json\/wp\/v2\/media?parent=14028"}],"wp:term":[{"taxonomy":"search-tag","embeddable":true,"href":"https:\/\/ethrat.ch\/de\/wp-json\/wp\/v2\/search-tag?post=14028"}],"curies":[{"name":"wp","href":"https:\/\/api.w.org\/{rel}","templated":true}]}}