{"id":14023,"date":"2021-09-20T13:36:29","date_gmt":"2021-09-20T11:36:29","guid":{"rendered":"https:\/\/ethrat.ch\/?page_id=9112"},"modified":"2024-04-26T08:59:04","modified_gmt":"2024-04-26T06:59:04","slug":"rechtliches","status":"publish","type":"page","link":"https:\/\/ethrat.ch\/de\/rechtliches\/","title":{"rendered":"Rechtliches"},"content":{"rendered":"\t\t<div data-elementor-type=\"wp-page\" data-elementor-id=\"14023\" class=\"elementor elementor-14023\" data-elementor-post-type=\"page\">\n\t\t\t\t\t\t<section class=\"elementor-section elementor-top-section elementor-element elementor-element-4a235256 elementor-section-boxed elementor-section-height-default elementor-section-height-default\" data-id=\"4a235256\" data-element_type=\"section\" data-e-type=\"section\">\n\t\t\t\t\t\t<div class=\"elementor-container elementor-column-gap-default\">\n\t\t\t\t\t<div class=\"elementor-column elementor-col-100 elementor-top-column elementor-element elementor-element-4f79e328\" data-id=\"4f79e328\" data-element_type=\"column\" data-e-type=\"column\" data-settings=\"{&quot;background_background&quot;:&quot;classic&quot;}\">\n\t\t\t<div class=\"elementor-widget-wrap elementor-element-populated\">\n\t\t\t\t\t\t<div class=\"elementor-element elementor-element-3e38caad elementor-widget elementor-widget-heading\" data-id=\"3e38caad\" data-element_type=\"widget\" data-e-type=\"widget\" data-widget_type=\"heading.default\">\n\t\t\t\t<div class=\"elementor-widget-container\">\n\t\t\t\t\t<h1 class=\"elementor-heading-title elementor-size-default\">Rechtliches<\/h1>\t\t\t\t<\/div>\n\t\t\t\t<\/div>\n\t\t\t\t<div class=\"elementor-element elementor-element-7a4803dc elementor-widget elementor-widget-spacer\" data-id=\"7a4803dc\" data-element_type=\"widget\" data-e-type=\"widget\" data-widget_type=\"spacer.default\">\n\t\t\t\t<div class=\"elementor-widget-container\">\n\t\t\t\t\t\t\t<div class=\"elementor-spacer\">\n\t\t\t<div class=\"elementor-spacer-inner\"><\/div>\n\t\t<\/div>\n\t\t\t\t\t\t<\/div>\n\t\t\t\t<\/div>\n\t\t\t\t<div class=\"elementor-element elementor-element-58a8dc7f elementor-widget elementor-widget-text-editor\" data-id=\"58a8dc7f\" data-element_type=\"widget\" data-e-type=\"widget\" data-widget_type=\"text-editor.default\">\n\t\t\t\t<div class=\"elementor-widget-container\">\n\t\t\t\t\t\t\t\t\t<h4>Haftung<\/h4><p>Obwohl der ETH-Rat mit aller Sorgfalt auf die Richtigkeit der ver\u00f6ffentlichten Informationen achtet, kann hinsichtlich der inhaltlichen Richtigkeit, Genauigkeit, Aktualit\u00e4t, Zuverl\u00e4ssigkeit und Vollst\u00e4ndigkeit dieser Informationen keine Gew\u00e4hrleistung \u00fcbernommen werden.<\/p><p>Der ETH-Rat beh\u00e4lt sich ausdr\u00fccklich vor, jederzeit Inhalte ohne Ank\u00fcndigung ganz oder teilweise zu \u00e4ndern, zu l\u00f6schen oder zeitweise nicht zu ver\u00f6ffentlichen.<\/p><p>Haftungsanspr\u00fcche gegen den ETH-Rat wegen Sch\u00e4den materieller oder immaterieller Art, welche aus dem Zugriff oder der Nutzung bzw. Nichtnutzung der ver\u00f6ffentlichten Informationen, durch Missbrauch der Verbindung oder durch technische St\u00f6rungen entstanden sind, werden ausgeschlossen.<\/p><h4>Verweise und Links<\/h4><p>Verweise und Links auf Websites Dritter liegen ausserhalb des Verantwortungsbereichs des ETH-Rats, ebenso wie Verweise und Links Dritter, welche auf die Website des ETH-Rates <a href=\"https:\/\/ethrat.ch\">ethrat.ch<\/a> verweisen. Der Zugriff und die Nutzung solcher Websites erfolgen auf eigene Gefahr des Nutzers oder der Nutzerin. Der ETH-Rat erkl\u00e4rt ausdr\u00fccklich, dass er keinerlei Einfluss auf die Gestaltung, den Inhalt und die Angebote der verkn\u00fcpften Seiten hat. Informationen und Dienstleistungen von verkn\u00fcpften Websites liegen vollumf\u00e4nglich in der Verantwortung des jeweiligen Dritten.<\/p><p>Es wird jegliche Verantwortung f\u00fcr solche Websites abgelehnt.<\/p><h4>Datenschutz<\/h4><p>Gest\u00fctzt auf Artikel 13 der schweizerischen Bundesverfassung und die datenschutzrechtlichen Bestimmungen des Bundes hat jede Person Anspruch auf Schutz ihrer Privatsph\u00e4re sowie auf Schutz vor Missbrauch ihrer pers\u00f6nlichen Daten. Der ETH-Rat h\u00e4lt diese Bestimmungen ein. Pers\u00f6nliche Daten werden entsprechend den Vorschriften des Bundesgesetzes \u00fcber den Datenschutz behandelt.<\/p><p>In enger Zusammenarbeit mit unseren Hosting-Providern bem\u00fchen wir uns, die Datenbanken so gut wie m\u00f6glich vor fremden Zugriffen, Verlusten, Missbrauch oder vor F\u00e4lschung zu sch\u00fctzen.<\/p><p>Durch den Besuch dieser Website k\u00f6nnen anonymisierte Informationen \u00fcber den Zugriff (Datum, Uhrzeit, betrachtete Seite) auf dem Server gespeichert werden. In so genannten Log-Files werden unter anderem auch verwendete Browsertypen, Betriebssysteme, die Internetseite, von welcher Sie auf diese Website weitergeleitet wurden, eine Internet-Protokoll-Adresse und sonstige \u00e4hnliche Daten gespeichert. Diese Daten dienen der technischen Analyse im Falle von Wartungsarbeiten und auch der Abwehr von Gefahren im Falle von Angriffen auf unsere Systeme. Bei der Nutzung dieser Daten ziehen wir keine R\u00fcckschl\u00fcsse auf die betroffene Person. Die Daten werden statistisch und zum Schutze der Datensicherheit verwendet.<\/p><p>Diese Nutzungsdaten bilden die Basis f\u00fcr anonyme statistische Auswertungen, sodass Trends erkennbar sind, anhand derer der ETH-Rat sein Angebot entsprechend verbessern kann. Gem\u00e4ss Bundesgesetz betreffend die \u00dcberwachung des Post- und Fernmeldeverkehrs (B\u00dcPF) besteht eine gesetzliche Aufbewahrungspflicht f\u00fcr Verbindungsdaten der letzten sechs Monate.<\/p><h4>SSL-Verschl\u00fcsselung<\/h4><p>Geht es um die \u00dcbermittlung vertraulicher oder pers\u00f6nlicher Inhalte unserer Nutzer, bedient sich diese Website einer SSL-Verschl\u00fcsselung. Diese Verschl\u00fcsslung wird beispielsweise bei der Abwicklung des Zahlungsverkehrs sowie bei Anfragen aktiviert, die Sie an uns \u00fcber diese Website stellen. Beachten Sie bitte, dass die Verschl\u00fcsselung bei entsprechenden Aktivit\u00e4ten von Ihrer Seite her aktiviert ist. Der Einsatz der Verschl\u00fcsselung kann wie folgt erkannt werden: Die Anzeige in Ihrer Browserzeile wechselt von \u00abhttp:\/\/\u00bb zu \u00abhttps:\/\/\u00bb. Die \u00fcber SSL verschl\u00fcsselten Daten sind nicht von Dritten lesbar.<\/p><h4>Cookies<\/h4><p>Diese Website verwendet Cookies. Cookies sind kleine Textdateien, die beim Besuch dieser Website auf Ihrem Computer, Tablet oder mobilen Ger\u00e4t dauerhaft oder tempor\u00e4r gespeichert werden. Zweck der Cookies ist insbesondere die Analyse der Nutzung dieser Website zur statistischen Auswertung sowie f\u00fcr kontinuierliche Verbesserungen. Sie k\u00f6nnen Cookies in Ihren Browser Einstellungen jederzeit ganz oder teilweise deaktivieren. Bei deaktivierten Cookies stehen Ihnen allenfalls nicht mehr alle Funktionen dieser Website zur Verf\u00fcgung.<\/p><p>Ferner wird darauf hingewiesen, dass diese Website Cookies von Drittanbietern, enthalten kann.<\/p><p>Mit der Nutzung dieser Website erkl\u00e4ren Sie sich ausdr\u00fccklich mit der Nutzung aller Cookies einverstanden.<\/p><h4>Google Analytics<\/h4><p>Diese Website benutzt Google Analytics, einen Webanalysedienst der Google Inc., USA (Google). Google Analytics verwendet Cookies. Diese Cookies sind Textdateien, die auf Ihrem Computer, Tablet oder mobilen Ger\u00e4t gespeichert werden, um Ihre Benutzung der Website zu analysieren.<\/p><p>Die durch die Cookies erzeugten Informationen \u00fcber Ihre Benutzung der Website (Datum und Zeit der Anfrage, Ort und H\u00e4ufigkeit des Aufrufs der Website, Herkunft, Sprache, Betriebssystem, Browser, Klickverhalten, Besucherquelle, Aufl\u00f6sung des Computers, Aufenthaltsdauer auf Website einschliesslich Ihrer anonymisierten IP-Adresse) werden an einen Server von Google in den USA \u00fcbertragen und dort gespeichert.<\/p><p>Wir verwenden auf unserer Website Google-Analytics mit einer IP-Anonymisierungsfunktion. Ihre IP-Adresse wird in diesem Fall von Google schon innerhalb von Mitgliedstaaten der Europ\u00e4ischen Union oder in anderen Vertragsstaaten des Abkommens \u00fcber den Europ\u00e4ischen Wirtschaftsraum gek\u00fcrzt und dadurch anonymisiert. Nur in Ausnahmef\u00e4llen wird die volle IP-Adresse an einen Server von Google in den USA \u00fcbertragen und dort gek\u00fcrzt.<\/p><p>Die durch Google Analytics gesammelten Informationen werden benutzt, um Ihre Nutzung der Website auszuwerten, Reports \u00fcber die Websiteaktivit\u00e4ten f\u00fcr die Websitebetreiber f\u00fcr uns zusammenzustellen und um weitere mit der Websitenutzung und der Internetnutzung verbundene Dienstleistungen zu erbringen.<\/p><p>Google wird diese Informationen gegebenenfalls an Dritte \u00fcbertragen, sofern dies gesetzlich vorgeschrieben oder soweit Dritte diese Daten im Auftrag von Google bearbeiten. Die im Rahmen von Google Analytics von Ihrem Browser \u00fcbermittelte IP-Adresse wird, gem\u00e4ss eigenen Angaben von Google, nicht mit anderen Daten von Google zusammengef\u00fchrt.<\/p><p>Sie k\u00f6nnen die Installation der Cookies durch eine entsprechende Einstellung Ihrer Browser-Software verhindern; wir weisen Sie jedoch darauf hin, dass Sie in diesem Fall gegebenenfalls nicht s\u00e4mtliche Funktionen unserer Website vollumf\u00e4nglich nutzen k\u00f6nnen.<\/p><p>Google bietet f\u00fcr die g\u00e4ngigsten Browser eine Deaktivierungsoption an. Sollten Sie diese Deaktivierungsoption aktivieren, werden keine Informationen zum Website-Besuch an Google Analytics \u00fcbermittelt. Die Aktivierung der Deaktivierungsoption verhindert aber nicht, dass Informationen an uns oder an andere von uns gegebenenfalls eingesetzte Webanalyse-Services \u00fcbermittelt werden. Weitere Informationen zu der von Google bereitgestellten Deaktivierungsoption sowie zu der Aktivierung dieser Deaktivierungsoption, erhalten Sie \u00fcber nachfolgenden Link: <a href=\"https:\/\/tools.google.com\/dlpage\/gaoptout?hl=de\">https:\/\/tools.google.com\/dlpage\/gaoptout?hl=de<\/a><\/p><p>Mit der Nutzung dieser Website stimmen Sie ausdr\u00fccklich der Bearbeitung Ihrer Daten durch Google gem\u00e4ss den Nutzungsbedingungen Google Analytics zu <a href=\"https:\/\/www.google.com\/analytics\/terms\/de.html\">https:\/\/www.google.com\/analytics\/terms\/de.html<\/a>.<\/p><h4>Kontaktformular<\/h4><p>Bei der freiwilligen Kontaktaufnahme \u00fcber das Kontaktformular werden Ihre Kontaktdaten in eine separate Datenbank aufgenommen, welche nicht mit den anonymen Logfiles verkn\u00fcpft wird.<\/p><h4>Plugins &amp; Erweiterungen<\/h4><p>Auf dieser Website werden teilweise sogenannte Plugins verwendet. Dabei handelt es sich unter anderem um Plugins der folgenden Services:<\/p><ul><li>Cookiebot: betrieben von Cybot A\/S, Havnegade 39, 1058 Kopenhagen, Denmark<\/li><li>WordPress: betrieben von Automattic Inc., 60 29th Street #343, San Francisco, CA 94110, United States<\/li><li>Google Tag Manager: betrieben von Google Inc., 1600 Amphitheatre Parkway, Mountain View, CA 94043, United States<\/li><\/ul><div>\u00a0<\/div><p>Die Plugins sind mit einem entsprechenden Logo gekennzeichnet. Gelangen Sie innerhalb von <a style=\"font-size: var( --e-global-typography-129859c-font-size ); font-style: var( --e-global-typography-129859c-font-style ); font-weight: var( --e-global-typography-129859c-font-weight ); letter-spacing: var( --e-global-typography-129859c-letter-spacing ); text-transform: var( --e-global-typography-129859c-text-transform ); word-spacing: var( --e-global-typography-129859c-word-spacing ); background-color: #ffffff;\" href=\"https:\/\/ethrat.ch\">ethrat.ch<\/a><span style=\"color: var( --e-global-color-secondary ); font-size: var( --e-global-typography-129859c-font-size ); font-style: var( --e-global-typography-129859c-font-style ); font-weight: var( --e-global-typography-129859c-font-weight ); letter-spacing: var( --e-global-typography-129859c-letter-spacing ); text-transform: var( --e-global-typography-129859c-text-transform ); word-spacing: var( --e-global-typography-129859c-word-spacing );\"> auf eine Seite, welche ein solches Plugin enth\u00e4lt, baut Ihr Browser eine direkte Verbindung mit den Servern der Service Anbieter auf. Der Inhalt des Plugins wird von den Services direkt an Ihren Browser \u00fcbermittelt und von diesem in die Website eingebunden. Sind Sie bei den Services eingeloggt, k\u00f6nnen diese den Besuch Ihrem Nutzerkonto zuordnen. Wenn Sie mit den Plugins interagieren, beispielsweise den \u00abGef\u00e4llt mir\u00bb-Button bet\u00e4tigen, wird die entsprechende Information von Ihrem Browser direkt an den Service Anbieter \u00fcbermittelt und dort gespeichert.<\/span><\/p><p>Zweck und Umfang der Datenerhebung und die weitere Verarbeitung und Nutzung der Daten durch die Service Anbieter sowie Ihre diesbez\u00fcglichen Rechte und Einstellungsm\u00f6glichkeiten zum Schutz Ihrer Privatsph\u00e4re entnehmen Sie bitte den Datenschutzhinweisen des jeweiligen Anbieters.<\/p><p>Ist es nicht in ihrem Sinne, dass Services \u00fcber diesen Internetauftritt Daten \u00fcber Sie sammeln, m\u00fcssen Sie sich vor Ihrem Besuch dieser Website bei den Services ausloggen.<\/p><h4>Sicherheit<\/h4><p>Werden dem ETH-Rat (zum Beispiel mittels eines zur Verf\u00fcgung gestellten Kontaktformulars) Daten \u00fcbermittelt, kann weder eine vertrauliche noch eine zuverl\u00e4ssige Daten\u00fcbertragung gew\u00e4hrleistet werden. Auf solche Kontakte wird der ETH-Rat ausserdem im Normalfall ebenfalls elektronisch antworten, wof\u00fcr wiederum weder Vertraulichkeit noch Integrit\u00e4t der \u00fcbermittelten Daten zugesichert werden kann. Auf diesem Weg sollten deshalb keine heiklen (zum Beispiel vertraulichen) Daten \u00fcbermittelt werden.\u00a0<\/p><p>Abweichendes gilt nur bei Internetangeboten, bei denen ausdr\u00fccklich auf eine gesicherte Daten\u00fcbertragung hingewiesen wird. Diesfalls werden die besonderen Sicherheitsvorkehrungen \u00fcblicherweise (zum Beispiel durch https oder ein Schl\u00fcssel- bzw. Schloss-Symbol) angezeigt.<\/p><h4>Copyright<\/h4><p>Copyright, ETH-Rat.<\/p><p>Die auf der Website des ETH-Rats <a href=\"https:\/\/ethrat.ch\">ethrat.ch<\/a> enthaltenen Informationen werden der \u00d6ffentlichkeit zug\u00e4nglich gemacht. Durch das Herunterladen oder Kopieren von Inhalten, Bildern, Fotos oder anderen Dateien werden keinerlei Rechte bez\u00fcglich der Inhalte \u00fcbertragen.<\/p><p>Die Urheber- und alle anderen Rechte an Inhalten, Bildern, Fotos oder anderen Dateien auf der Website des ETH-Rats <a href=\"https:\/\/ethrat.ch\">ethrat.ch<\/a> geh\u00f6ren ausschliesslich diesem oder den speziell genannten Rechtsinhabern. F\u00fcr die Reproduktion jeglicher Elemente ist die schriftliche Zustimmung der Urheberrechtstr\u00e4ger im Voraus einzuholen.<\/p>\t\t\t\t\t\t\t\t<\/div>\n\t\t\t\t<\/div>\n\t\t\t\t\t<\/div>\n\t\t<\/div>\n\t\t\t\t\t<\/div>\n\t\t<\/section>\n\t\t\t\t<\/div>\n\t\t","protected":false},"excerpt":{"rendered":"<p>Haftung Obwohl der ETH-Rat mit aller Sorgfalt auf die Richtigkeit der ver\u00f6ffentlichten Informationen achtet, kann hinsichtlich der inhaltlichen Richtigkeit, Genauigkeit, Aktualit\u00e4t, Zuverl\u00e4ssigkeit und Vollst\u00e4ndigkeit dieser Informationen keine Gew\u00e4hrleistung \u00fcbernommen werden. Der ETH-Rat beh\u00e4lt sich ausdr\u00fccklich vor, jederzeit Inhalte ohne Ank\u00fcndigung ganz oder teilweise zu \u00e4ndern, zu l\u00f6schen oder zeitweise nicht zu ver\u00f6ffentlichen. Haftungsanspr\u00fcche gegen den &#8230;<\/p>\n","protected":false},"author":20,"featured_media":0,"parent":0,"menu_order":0,"comment_status":"closed","ping_status":"closed","template":"","meta":{"_acf_changed":false,"footnotes":"","_links_to":"","_links_to_target":""},"search-tag":[],"class_list":["post-14023","page","type-page","status-publish","hentry"],"acf":[],"yoast_head":"<!-- This site is optimized with the Yoast SEO plugin v27.3 - https:\/\/yoast.com\/product\/yoast-seo-wordpress\/ -->\n<title>Rechtliches - ETH-Rat<\/title>\n<meta name=\"robots\" content=\"index, follow, max-snippet:-1, max-image-preview:large, max-video-preview:-1\" \/>\n<link rel=\"canonical\" href=\"https:\/\/ethrat.ch\/de\/rechtliches\/\" \/>\n<meta property=\"og:locale\" content=\"de_DE\" \/>\n<meta property=\"og:type\" content=\"article\" \/>\n<meta property=\"og:title\" content=\"Rechtliches - ETH-Rat\" \/>\n<meta property=\"og:description\" content=\"Haftung Obwohl der ETH-Rat mit aller Sorgfalt auf die Richtigkeit der ver\u00f6ffentlichten Informationen achtet, kann hinsichtlich der inhaltlichen Richtigkeit, Genauigkeit, Aktualit\u00e4t, Zuverl\u00e4ssigkeit und Vollst\u00e4ndigkeit dieser Informationen keine Gew\u00e4hrleistung \u00fcbernommen werden. Der ETH-Rat beh\u00e4lt sich ausdr\u00fccklich vor, jederzeit Inhalte ohne Ank\u00fcndigung ganz oder teilweise zu \u00e4ndern, zu l\u00f6schen oder zeitweise nicht zu ver\u00f6ffentlichen. Haftungsanspr\u00fcche gegen den ...\" \/>\n<meta property=\"og:url\" content=\"https:\/\/ethrat.ch\/de\/rechtliches\/\" \/>\n<meta property=\"og:site_name\" content=\"ETH-Rat\" \/>\n<meta property=\"article:modified_time\" content=\"2024-04-26T06:59:04+00:00\" \/>\n<meta name=\"twitter:card\" content=\"summary_large_image\" \/>\n<meta name=\"twitter:site\" content=\"@eth_rat\" \/>\n<meta name=\"twitter:label1\" content=\"Gesch\u00e4tzte Lesezeit\" \/>\n\t<meta name=\"twitter:data1\" content=\"7\u00a0Minuten\" \/>\n<script type=\"application\/ld+json\" class=\"yoast-schema-graph\">{\"@context\":\"https:\\\/\\\/schema.org\",\"@graph\":[{\"@type\":\"WebPage\",\"@id\":\"https:\\\/\\\/ethrat.ch\\\/de\\\/rechtliches\\\/\",\"url\":\"https:\\\/\\\/ethrat.ch\\\/de\\\/rechtliches\\\/\",\"name\":\"Rechtliches - ETH-Rat\",\"isPartOf\":{\"@id\":\"https:\\\/\\\/ethrat.ch\\\/de\\\/#website\"},\"datePublished\":\"2021-09-20T11:36:29+00:00\",\"dateModified\":\"2024-04-26T06:59:04+00:00\",\"breadcrumb\":{\"@id\":\"https:\\\/\\\/ethrat.ch\\\/de\\\/rechtliches\\\/#breadcrumb\"},\"inLanguage\":\"de\",\"potentialAction\":[{\"@type\":\"ReadAction\",\"target\":[\"https:\\\/\\\/ethrat.ch\\\/de\\\/rechtliches\\\/\"]}]},{\"@type\":\"BreadcrumbList\",\"@id\":\"https:\\\/\\\/ethrat.ch\\\/de\\\/rechtliches\\\/#breadcrumb\",\"itemListElement\":[{\"@type\":\"ListItem\",\"position\":1,\"name\":\"Home\",\"item\":\"https:\\\/\\\/ethrat.ch\\\/de\\\/\"},{\"@type\":\"ListItem\",\"position\":2,\"name\":\"Rechtliches\"}]},{\"@type\":\"WebSite\",\"@id\":\"https:\\\/\\\/ethrat.ch\\\/de\\\/#website\",\"url\":\"https:\\\/\\\/ethrat.ch\\\/de\\\/\",\"name\":\"ETH-Rat\",\"description\":\"\",\"publisher\":{\"@id\":\"https:\\\/\\\/ethrat.ch\\\/de\\\/#organization\"},\"potentialAction\":[{\"@type\":\"SearchAction\",\"target\":{\"@type\":\"EntryPoint\",\"urlTemplate\":\"https:\\\/\\\/ethrat.ch\\\/de\\\/?s={search_term_string}\"},\"query-input\":{\"@type\":\"PropertyValueSpecification\",\"valueRequired\":true,\"valueName\":\"search_term_string\"}}],\"inLanguage\":\"de\"},{\"@type\":\"Organization\",\"@id\":\"https:\\\/\\\/ethrat.ch\\\/de\\\/#organization\",\"name\":\"ETH-Rat\",\"url\":\"https:\\\/\\\/ethrat.ch\\\/de\\\/\",\"logo\":{\"@type\":\"ImageObject\",\"inLanguage\":\"de\",\"@id\":\"https:\\\/\\\/ethrat.ch\\\/de\\\/#\\\/schema\\\/logo\\\/image\\\/\",\"url\":\"https:\\\/\\\/ethrat.ch\\\/wp-content\\\/uploads\\\/2024\\\/04\\\/logo-white.svg\",\"contentUrl\":\"https:\\\/\\\/ethrat.ch\\\/wp-content\\\/uploads\\\/2024\\\/04\\\/logo-white.svg\",\"width\":283,\"height\":81,\"caption\":\"ETH-Rat\"},\"image\":{\"@id\":\"https:\\\/\\\/ethrat.ch\\\/de\\\/#\\\/schema\\\/logo\\\/image\\\/\"},\"sameAs\":[\"https:\\\/\\\/x.com\\\/eth_rat\",\"https:\\\/\\\/issuu.com\\\/ethrat\",\"https:\\\/\\\/www.linkedin.com\\\/company\\\/eth-rat\\\/\"]}]}<\/script>\n<!-- \/ Yoast SEO plugin. -->","yoast_head_json":{"title":"Rechtliches - ETH-Rat","robots":{"index":"index","follow":"follow","max-snippet":"max-snippet:-1","max-image-preview":"max-image-preview:large","max-video-preview":"max-video-preview:-1"},"canonical":"https:\/\/ethrat.ch\/de\/rechtliches\/","og_locale":"de_DE","og_type":"article","og_title":"Rechtliches - ETH-Rat","og_description":"Haftung Obwohl der ETH-Rat mit aller Sorgfalt auf die Richtigkeit der ver\u00f6ffentlichten Informationen achtet, kann hinsichtlich der inhaltlichen Richtigkeit, Genauigkeit, Aktualit\u00e4t, Zuverl\u00e4ssigkeit und Vollst\u00e4ndigkeit dieser Informationen keine Gew\u00e4hrleistung \u00fcbernommen werden. Der ETH-Rat beh\u00e4lt sich ausdr\u00fccklich vor, jederzeit Inhalte ohne Ank\u00fcndigung ganz oder teilweise zu \u00e4ndern, zu l\u00f6schen oder zeitweise nicht zu ver\u00f6ffentlichen. Haftungsanspr\u00fcche gegen den ...","og_url":"https:\/\/ethrat.ch\/de\/rechtliches\/","og_site_name":"ETH-Rat","article_modified_time":"2024-04-26T06:59:04+00:00","twitter_card":"summary_large_image","twitter_site":"@eth_rat","twitter_misc":{"Gesch\u00e4tzte Lesezeit":"7\u00a0Minuten"},"schema":{"@context":"https:\/\/schema.org","@graph":[{"@type":"WebPage","@id":"https:\/\/ethrat.ch\/de\/rechtliches\/","url":"https:\/\/ethrat.ch\/de\/rechtliches\/","name":"Rechtliches - ETH-Rat","isPartOf":{"@id":"https:\/\/ethrat.ch\/de\/#website"},"datePublished":"2021-09-20T11:36:29+00:00","dateModified":"2024-04-26T06:59:04+00:00","breadcrumb":{"@id":"https:\/\/ethrat.ch\/de\/rechtliches\/#breadcrumb"},"inLanguage":"de","potentialAction":[{"@type":"ReadAction","target":["https:\/\/ethrat.ch\/de\/rechtliches\/"]}]},{"@type":"BreadcrumbList","@id":"https:\/\/ethrat.ch\/de\/rechtliches\/#breadcrumb","itemListElement":[{"@type":"ListItem","position":1,"name":"Home","item":"https:\/\/ethrat.ch\/de\/"},{"@type":"ListItem","position":2,"name":"Rechtliches"}]},{"@type":"WebSite","@id":"https:\/\/ethrat.ch\/de\/#website","url":"https:\/\/ethrat.ch\/de\/","name":"ETH-Rat","description":"","publisher":{"@id":"https:\/\/ethrat.ch\/de\/#organization"},"potentialAction":[{"@type":"SearchAction","target":{"@type":"EntryPoint","urlTemplate":"https:\/\/ethrat.ch\/de\/?s={search_term_string}"},"query-input":{"@type":"PropertyValueSpecification","valueRequired":true,"valueName":"search_term_string"}}],"inLanguage":"de"},{"@type":"Organization","@id":"https:\/\/ethrat.ch\/de\/#organization","name":"ETH-Rat","url":"https:\/\/ethrat.ch\/de\/","logo":{"@type":"ImageObject","inLanguage":"de","@id":"https:\/\/ethrat.ch\/de\/#\/schema\/logo\/image\/","url":"https:\/\/ethrat.ch\/wp-content\/uploads\/2024\/04\/logo-white.svg","contentUrl":"https:\/\/ethrat.ch\/wp-content\/uploads\/2024\/04\/logo-white.svg","width":283,"height":81,"caption":"ETH-Rat"},"image":{"@id":"https:\/\/ethrat.ch\/de\/#\/schema\/logo\/image\/"},"sameAs":["https:\/\/x.com\/eth_rat","https:\/\/issuu.com\/ethrat","https:\/\/www.linkedin.com\/company\/eth-rat\/"]}]}},"_links":{"self":[{"href":"https:\/\/ethrat.ch\/de\/wp-json\/wp\/v2\/pages\/14023","targetHints":{"allow":["GET"]}}],"collection":[{"href":"https:\/\/ethrat.ch\/de\/wp-json\/wp\/v2\/pages"}],"about":[{"href":"https:\/\/ethrat.ch\/de\/wp-json\/wp\/v2\/types\/page"}],"author":[{"embeddable":true,"href":"https:\/\/ethrat.ch\/de\/wp-json\/wp\/v2\/users\/20"}],"replies":[{"embeddable":true,"href":"https:\/\/ethrat.ch\/de\/wp-json\/wp\/v2\/comments?post=14023"}],"version-history":[{"count":0,"href":"https:\/\/ethrat.ch\/de\/wp-json\/wp\/v2\/pages\/14023\/revisions"}],"wp:attachment":[{"href":"https:\/\/ethrat.ch\/de\/wp-json\/wp\/v2\/media?parent=14023"}],"wp:term":[{"taxonomy":"search-tag","embeddable":true,"href":"https:\/\/ethrat.ch\/de\/wp-json\/wp\/v2\/search-tag?post=14023"}],"curies":[{"name":"wp","href":"https:\/\/api.w.org\/{rel}","templated":true}]}}